{"id":12561,"date":"2021-09-24T12:01:49","date_gmt":"2021-09-24T10:01:49","guid":{"rendered":"https:\/\/www.deepspot.com\/?page_id=12561"},"modified":"2025-09-21T15:24:30","modified_gmt":"2025-09-21T13:24:30","slug":"vstupni-balicky-scuba","status":"publish","type":"page","link":"https:\/\/www.deepspot.com\/cs\/pro-koho\/scuba-diving\/vstupni-balicky-scuba\/","title":{"rendered":"Vstupn\u00ed bal\u00ed\u010dky pro pot\u00e1p\u011b\u010de"},"content":{"rendered":"<div id=\"hero-block_3bc8e579593dd5e3e05272a9a8dbaf14\" class=\"hero-block\">\r\n  <div class=\"row outer-container\">\r\n    <div>\r\n      <img decoding=\"async\" lazy src=\"data:image\/gif;base64,R0lGODlhAQABAAD\/ACwAAAAAAQABAAACADs%3D\" data-src=\"https:\/\/eco3ygde435.exactdn.com\/wp-content\/uploads\/sites\/2\/2025\/06\/lplplplplplplp.jpg?strip=all\" alt=\"\">\r\n          <\/div>\r\n    <div>\r\n      <h2>VSTUPN\u00cd BAL\u00cd\u010cKY PRO POT\u00c1P\u011aN\u00cd<\/h2><p>Pot\u00e1p\u011bjte se v\u00edce za m\u00e9n\u011b pen\u011bz. Kupte si vstupn\u00ed bal\u00ed\u010dek a pot\u00e1p\u011bjte se, kdy chcete!<\/p>    <\/div>\r\n  <\/div>\r\n<\/div><!-- block -->\r\n<div id=\"product-details-block_2e6cd377ed7bc469aa52072f41985023\" class=\"product-details-block\">\r\n  <div class=\"row container\">\r\n    <div>\r\n      <h2 class=\"title\">Popis atrakc\u00ed<\/h2>      <p class=\"desc\">Vstupn\u00ed bal\u00ed\u010dky Scuba Diver jsou ide\u00e1ln\u00ed volbou pro \u0161\u0165astn\u00e9 dr\u017eitele certifik\u00e1t\u016f (min. Indoor Diver\/OWD), kte\u0159\u00ed se cht\u011bj\u00ed pot\u00e1p\u011bt \u010dast\u011bji &#8211; kv\u016fli v\u00fdcviku, testov\u00e1n\u00ed vybaven\u00ed nebo \u010dist\u00e9mu po\u017eitku v jedine\u010dn\u00fdch podm\u00ednk\u00e1ch.  <br>\u010c\u00edm v\u00edce ponor\u016f si p\u0159edem napl\u00e1nujete, t\u00edm ni\u017e\u0161\u00ed je jednotkov\u00e1 cena. Jednoduch\u00e9, flexibiln\u00ed a p\u0159esn\u011b tak, jak to m\u00e1te r\u00e1di!   <br><br>\r\nPono\u0159te se do nab\u00eddky, zejm\u00e9na pokud chcete:<br>\ud83e\udee7 Rozv\u00edjet pot\u00e1p\u011b\u010dsk\u00e9 dovednosti v ide\u00e1ln\u00edch podm\u00ednk\u00e1ch<br>\ud83e\udee7 Systematicky tr\u00e9novat a pracovat na technice a vztlaku<br>\ud83e\udee7 Vyzkou\u0161et nov\u00e9 vybaven\u00ed, ne\u017e se vyd\u00e1te na otev\u0159enou vodu<br>\ud83e\udee7 P\u0159ipravit se na dal\u0161\u00ed kurzy nebo specializaci<br>\ud83e\udee7 Pot\u00e1p\u011bt se rekrea\u010dn\u011b pro relaxaci a klid.<br><br>\r\nCo nab\u00edz\u00edme?<br>Ka\u017ed\u00fd vstup v bal\u00ed\u010dku zahrnuje 75 minut na podlaze baz\u00e9nu. Je jen na v\u00e1s, jak tento \u010das vyu\u017eijete! V cen\u011b nab\u00edz\u00edme ve\u0161ker\u00e9 pot\u0159ebn\u00e9 pot\u00e1p\u011b\u010dsk\u00e9 vybaven\u00ed a flexibilitu volby &#8211; bal\u00ed\u010dek plat\u00ed na po\u010det m\u011bs\u00edc\u016f, kter\u00e9 si zvol\u00edte.  <br>\r\nNezapome\u0148te na sv\u016fj pot\u00e1p\u011b\u010dsk\u00fd po\u010d\u00edta\u010d, kter\u00fd je pro ka\u017ed\u00e9ho pot\u00e1p\u011b\u010de nezbytnost\u00ed. Pokud m\u00e1te vlastn\u00ed, vezm\u011bte si ho s sebou, a pokud ne &#8211; bu\u010fte si jisti, \u017ee si na m\u00edst\u011b m\u016f\u017eete za 45 liber\/ponor zap\u016fj\u010dit model Garmin. <br>\r\nV\u00fdcvik prob\u00edh\u00e1 v\u017edy s pot\u00e1p\u011b\u010dsk\u00fdm partnerem &#8211; m\u016f\u017eete se pot\u00e1p\u011bt s kamar\u00e1dem nebo v\u00e1m m\u016f\u017ee asistovat n\u00e1\u0161 instruktor.<br><br>\r\nStoj\u00ed to za to, proto\u017ee:<br>\ud83e\udee7 U\u0161et\u0159\u00edte &#8211; \u010d\u00edm v\u011bt\u0161\u00ed bal\u00ed\u010dek, t\u00edm ni\u017e\u0161\u00ed cena za vstup<br>\ud83e\udee7 Rozhodujete se sami &#8211; sami si zvol\u00edte platnost bal\u00ed\u010dku a napl\u00e1nujete si term\u00edny podle vlastn\u00edho rozvrhu<br>\ud83e\udee7 Tr\u00e9nujete v nejhlub\u0161\u00edm baz\u00e9nu v Evrop\u011b &#8211; a\u017e 45 metr\u016f<br>\ud83e\udee7 Pot\u00e1p\u00edte se v exotick\u00fdch podm\u00ednk\u00e1ch &#8211; pr\u016fzra\u010dn\u00e1 voda o teplot\u011b 32 \u00b0C<br>\ud83e\udee7 Vyu\u017e\u00edv\u00e1te modern\u00ed, pravideln\u011b servisovan\u00e9 vybaven\u00ed<br>\ud83e\udee7 M\u00e1te podporu zku\u0161en\u00e9ho mezin\u00e1rodn\u00edho t\u00fdmu instruktor\u016f<br>\ud83e\udee7 Je to ide\u00e1ln\u00ed m\u00edsto pro budov\u00e1n\u00ed va\u0161\u00ed sebed\u016fv\u011bry a techniky.<br><br>\r\nInvestujte do sv\u00e9ho rozvoje a pot\u00e1p\u011b\u010dsk\u00e9ho komfortu. Vyberte si bal\u00ed\u010dek podle sv\u00fdch pot\u0159eb a vyu\u017e\u00edvejte Deepspot \u010dast\u011bji &#8211; podle sv\u00fdch vlastn\u00edch podm\u00ednek. <br><br><br>\r\nCo stoj\u00ed za to v\u011bd\u011bt?<\/p>      <ul>            <li>\r\n              <p>Doba trv\u00e1n\u00ed<\/p>\r\n              <strong>60 minut + 15 minut na disku<\/strong>\r\n            <\/li>\r\n                      <li>\r\n              <p>Minim\u00e1ln\u00ed v\u011bk<\/p>\r\n              <strong>10 let<\/strong>\r\n            <\/li>\r\n                      <li>\r\n              <p>Pono\u0159\u00edte se do hloubky<\/p>\r\n              <strong>V souladu s n\u00e1roky<\/strong>\r\n            <\/li>\r\n                      <li>\r\n              <p>Jako d\u00e1rek  <\/p>\r\n              <strong>Kr\u00e1tk\u00e9 video na pam\u00e1tku z podvodn\u00edho fotokoutku<\/strong>\r\n            <\/li>\r\n                      <li>\r\n              <p>Poskytujeme<\/p>\r\n              <strong>Ve\u0161ker\u00e9 pot\u0159ebn\u00e9 pot\u00e1p\u011b\u010dsk\u00e9 vybaven\u00ed. S sebou si vezm\u011bte pouze plavky, ru\u010dn\u00edk a \u017eabky. <\/strong>\r\n            <\/li>\r\n                      <li>\r\n              <p>Nezapome\u0148te<\/p>\r\n              <strong>Bavte se a my do v\u00e1s vlijeme ve\u0161kerou energii.<\/strong>\r\n            <\/li>\r\n                      <li>\r\n              <p>Cena  <\/p>\r\n              <strong>V z\u00e1vislosti na velikosti bal\u00ed\u010dku cena za vstup: od 259 PLN do 279 PLN<\/strong>\r\n            <\/li>\r\n          <\/ul>      <div class=\"button-list-wrap\"><div class=\"button-list button-type-both\"><div><a class=\"alternate_ybb\" href=\"https:\/\/cs.deepspot.com\/offer?steps=deepspot_pro_type-scuba_deepspot-credit\" target=\"_self\"><img decoding=\"async\" lazy src=\"data:image\/gif;base64,R0lGODlhAQABAAD\/ACwAAAAAAQABAAACADs%3D\" data-src=\"https:\/\/eco3ygde435.exactdn.com\/wp-content\/uploads\/sites\/2\/2020\/08\/calendar-grid-58.png?strip=all\" alt=\"\"><strong>Objednejte si bal\u00ed\u010dek<\/strong><\/a><\/div><div><a class=\"css-default\" href=\"https:\/\/www.deepspot.com\/pl\/frequently-asked-questions\/?tab=2\" target=\"_self\"><img decoding=\"async\" lazy src=\"data:image\/gif;base64,R0lGODlhAQABAAD\/ACwAAAAAAQABAAACADs%3D\" data-src=\"https:\/\/eco3ygde435.exactdn.com\/wp-content\/uploads\/sites\/2\/2020\/08\/presentation.png?strip=all\" alt=\"\"><strong>\u010casto kladen\u00e9 ot\u00e1zky<\/strong><\/a><\/div><\/div><\/div>    <\/div>\r\n  <\/div>\r\n<\/div><!-- block -->\r\n","protected":false},"excerpt":{"rendered":"","protected":false},"author":1,"featured_media":9935,"parent":4655,"menu_order":4,"comment_status":"closed","ping_status":"closed","template":"","meta":{"_acf_changed":false,"footnotes":""},"class_list":["post-12561","page","type-page","status-publish","has-post-thumbnail","hentry"],"acf":[],"yoast_head":"<!-- This site is optimized with the Yoast SEO plugin v27.3 - https:\/\/yoast.com\/product\/yoast-seo-wordpress\/ -->\n<title>Vstupn\u00ed bal\u00ed\u010dky pro pot\u00e1p\u011b\u010de | Deepspot<\/title>\n<meta name=\"description\" content=\"Vstupn\u00ed bal\u00ed\u010dky pro pot\u00e1p\u011b\u010de\" \/>\n<meta name=\"robots\" content=\"index, follow, max-snippet:-1, max-image-preview:large, max-video-preview:-1\" \/>\n<link rel=\"canonical\" href=\"https:\/\/www.deepspot.com\/cs\/pro-koho\/scuba-diving\/vstupni-balicky-scuba\/\" \/>\n<meta property=\"og:locale\" content=\"cs_CZ\" \/>\n<meta property=\"og:type\" content=\"article\" \/>\n<meta property=\"og:title\" content=\"Vstupn\u00ed bal\u00ed\u010dky pro pot\u00e1p\u011b\u010de | Deepspot\" \/>\n<meta property=\"og:description\" content=\"Vstupn\u00ed bal\u00ed\u010dky pro pot\u00e1p\u011b\u010de\" \/>\n<meta property=\"og:url\" content=\"https:\/\/www.deepspot.com\/cs\/pro-koho\/scuba-diving\/vstupni-balicky-scuba\/\" \/>\n<meta property=\"og:site_name\" content=\"Deepspot\" \/>\n<meta property=\"article:modified_time\" content=\"2025-09-21T13:24:30+00:00\" \/>\n<meta property=\"og:image\" content=\"https:\/\/eco3ygde435.exactdn.com\/wp-content\/uploads\/sites\/2\/2021\/04\/lvl2.jpg?strip=all\" \/>\n\t<meta property=\"og:image:width\" content=\"1305\" \/>\n\t<meta property=\"og:image:height\" content=\"568\" \/>\n\t<meta property=\"og:image:type\" content=\"image\/jpeg\" \/>\n<meta name=\"twitter:card\" content=\"summary_large_image\" \/>\n<script type=\"application\/ld+json\" class=\"yoast-schema-graph\">{\"@context\":\"https:\\\/\\\/schema.org\",\"@graph\":[{\"@type\":\"WebPage\",\"@id\":\"https:\\\/\\\/www.deepspot.com\\\/cs\\\/pro-koho\\\/scuba-diving\\\/vstupni-balicky-scuba\\\/\",\"url\":\"https:\\\/\\\/www.deepspot.com\\\/cs\\\/pro-koho\\\/scuba-diving\\\/vstupni-balicky-scuba\\\/\",\"name\":\"Vstupn\u00ed bal\u00ed\u010dky pro pot\u00e1p\u011b\u010de | Deepspot\",\"isPartOf\":{\"@id\":\"https:\\\/\\\/www.deepspot.com\\\/pl\\\/#website\"},\"primaryImageOfPage\":{\"@id\":\"https:\\\/\\\/www.deepspot.com\\\/cs\\\/pro-koho\\\/scuba-diving\\\/vstupni-balicky-scuba\\\/#primaryimage\"},\"image\":{\"@id\":\"https:\\\/\\\/www.deepspot.com\\\/cs\\\/pro-koho\\\/scuba-diving\\\/vstupni-balicky-scuba\\\/#primaryimage\"},\"thumbnailUrl\":\"https:\\\/\\\/eco3ygde435.exactdn.com\\\/wp-content\\\/uploads\\\/sites\\\/2\\\/2021\\\/04\\\/lvl2.jpg?strip=all\",\"datePublished\":\"2021-09-24T10:01:49+00:00\",\"dateModified\":\"2025-09-21T13:24:30+00:00\",\"description\":\"Vstupn\u00ed bal\u00ed\u010dky pro pot\u00e1p\u011b\u010de\",\"breadcrumb\":{\"@id\":\"https:\\\/\\\/www.deepspot.com\\\/cs\\\/pro-koho\\\/scuba-diving\\\/vstupni-balicky-scuba\\\/#breadcrumb\"},\"inLanguage\":\"cs\",\"potentialAction\":[{\"@type\":\"ReadAction\",\"target\":[\"https:\\\/\\\/www.deepspot.com\\\/cs\\\/pro-koho\\\/scuba-diving\\\/vstupni-balicky-scuba\\\/\"]}]},{\"@type\":\"ImageObject\",\"inLanguage\":\"cs\",\"@id\":\"https:\\\/\\\/www.deepspot.com\\\/cs\\\/pro-koho\\\/scuba-diving\\\/vstupni-balicky-scuba\\\/#primaryimage\",\"url\":\"https:\\\/\\\/eco3ygde435.exactdn.com\\\/wp-content\\\/uploads\\\/sites\\\/2\\\/2021\\\/04\\\/lvl2.jpg?strip=all\",\"contentUrl\":\"https:\\\/\\\/eco3ygde435.exactdn.com\\\/wp-content\\\/uploads\\\/sites\\\/2\\\/2021\\\/04\\\/lvl2.jpg?strip=all\",\"width\":1305,\"height\":568},{\"@type\":\"BreadcrumbList\",\"@id\":\"https:\\\/\\\/www.deepspot.com\\\/cs\\\/pro-koho\\\/scuba-diving\\\/vstupni-balicky-scuba\\\/#breadcrumb\",\"itemListElement\":[{\"@type\":\"ListItem\",\"position\":1,\"name\":\"Strona g\u0142\u00f3wna\",\"item\":\"https:\\\/\\\/www.deepspot.com\\\/cs\\\/\"},{\"@type\":\"ListItem\",\"position\":2,\"name\":\"Pro koho\",\"item\":\"https:\\\/\\\/www.deepspot.com\\\/cs\\\/pro-koho\\\/\"},{\"@type\":\"ListItem\",\"position\":3,\"name\":\"Pot\u00e1p\u011bn\u00ed\",\"item\":\"https:\\\/\\\/www.deepspot.com\\\/cs\\\/pro-koho\\\/scuba-diving\\\/\"},{\"@type\":\"ListItem\",\"position\":4,\"name\":\"Vstupn\u00ed bal\u00ed\u010dky pro pot\u00e1p\u011b\u010de\"}]},{\"@type\":\"WebSite\",\"@id\":\"https:\\\/\\\/www.deepspot.com\\\/pl\\\/#website\",\"url\":\"https:\\\/\\\/www.deepspot.com\\\/pl\\\/\",\"name\":\"Deepspot\",\"description\":\"Nov\u00e1 dimenze v pot\u00e1p\u011bn\u00ed\",\"potentialAction\":[{\"@type\":\"SearchAction\",\"target\":{\"@type\":\"EntryPoint\",\"urlTemplate\":\"https:\\\/\\\/www.deepspot.com\\\/pl\\\/?s={search_term_string}\"},\"query-input\":{\"@type\":\"PropertyValueSpecification\",\"valueRequired\":true,\"valueName\":\"search_term_string\"}}],\"inLanguage\":\"cs\"}]}<\/script>\n<!-- \/ Yoast SEO plugin. -->","yoast_head_json":{"title":"Vstupn\u00ed bal\u00ed\u010dky pro pot\u00e1p\u011b\u010de | Deepspot","description":"Vstupn\u00ed bal\u00ed\u010dky pro pot\u00e1p\u011b\u010de","robots":{"index":"index","follow":"follow","max-snippet":"max-snippet:-1","max-image-preview":"max-image-preview:large","max-video-preview":"max-video-preview:-1"},"canonical":"https:\/\/www.deepspot.com\/cs\/pro-koho\/scuba-diving\/vstupni-balicky-scuba\/","og_locale":"cs_CZ","og_type":"article","og_title":"Vstupn\u00ed bal\u00ed\u010dky pro pot\u00e1p\u011b\u010de | Deepspot","og_description":"Vstupn\u00ed bal\u00ed\u010dky pro pot\u00e1p\u011b\u010de","og_url":"https:\/\/www.deepspot.com\/cs\/pro-koho\/scuba-diving\/vstupni-balicky-scuba\/","og_site_name":"Deepspot","article_modified_time":"2025-09-21T13:24:30+00:00","og_image":[{"width":1305,"height":568,"url":"https:\/\/eco3ygde435.exactdn.com\/wp-content\/uploads\/sites\/2\/2021\/04\/lvl2.jpg?strip=all","type":"image\/jpeg"}],"twitter_card":"summary_large_image","schema":{"@context":"https:\/\/schema.org","@graph":[{"@type":"WebPage","@id":"https:\/\/www.deepspot.com\/cs\/pro-koho\/scuba-diving\/vstupni-balicky-scuba\/","url":"https:\/\/www.deepspot.com\/cs\/pro-koho\/scuba-diving\/vstupni-balicky-scuba\/","name":"Vstupn\u00ed bal\u00ed\u010dky pro pot\u00e1p\u011b\u010de | Deepspot","isPartOf":{"@id":"https:\/\/www.deepspot.com\/pl\/#website"},"primaryImageOfPage":{"@id":"https:\/\/www.deepspot.com\/cs\/pro-koho\/scuba-diving\/vstupni-balicky-scuba\/#primaryimage"},"image":{"@id":"https:\/\/www.deepspot.com\/cs\/pro-koho\/scuba-diving\/vstupni-balicky-scuba\/#primaryimage"},"thumbnailUrl":"https:\/\/eco3ygde435.exactdn.com\/wp-content\/uploads\/sites\/2\/2021\/04\/lvl2.jpg?strip=all","datePublished":"2021-09-24T10:01:49+00:00","dateModified":"2025-09-21T13:24:30+00:00","description":"Vstupn\u00ed bal\u00ed\u010dky pro pot\u00e1p\u011b\u010de","breadcrumb":{"@id":"https:\/\/www.deepspot.com\/cs\/pro-koho\/scuba-diving\/vstupni-balicky-scuba\/#breadcrumb"},"inLanguage":"cs","potentialAction":[{"@type":"ReadAction","target":["https:\/\/www.deepspot.com\/cs\/pro-koho\/scuba-diving\/vstupni-balicky-scuba\/"]}]},{"@type":"ImageObject","inLanguage":"cs","@id":"https:\/\/www.deepspot.com\/cs\/pro-koho\/scuba-diving\/vstupni-balicky-scuba\/#primaryimage","url":"https:\/\/eco3ygde435.exactdn.com\/wp-content\/uploads\/sites\/2\/2021\/04\/lvl2.jpg?strip=all","contentUrl":"https:\/\/eco3ygde435.exactdn.com\/wp-content\/uploads\/sites\/2\/2021\/04\/lvl2.jpg?strip=all","width":1305,"height":568},{"@type":"BreadcrumbList","@id":"https:\/\/www.deepspot.com\/cs\/pro-koho\/scuba-diving\/vstupni-balicky-scuba\/#breadcrumb","itemListElement":[{"@type":"ListItem","position":1,"name":"Strona g\u0142\u00f3wna","item":"https:\/\/www.deepspot.com\/cs\/"},{"@type":"ListItem","position":2,"name":"Pro koho","item":"https:\/\/www.deepspot.com\/cs\/pro-koho\/"},{"@type":"ListItem","position":3,"name":"Pot\u00e1p\u011bn\u00ed","item":"https:\/\/www.deepspot.com\/cs\/pro-koho\/scuba-diving\/"},{"@type":"ListItem","position":4,"name":"Vstupn\u00ed bal\u00ed\u010dky pro pot\u00e1p\u011b\u010de"}]},{"@type":"WebSite","@id":"https:\/\/www.deepspot.com\/pl\/#website","url":"https:\/\/www.deepspot.com\/pl\/","name":"Deepspot","description":"Nov\u00e1 dimenze v pot\u00e1p\u011bn\u00ed","potentialAction":[{"@type":"SearchAction","target":{"@type":"EntryPoint","urlTemplate":"https:\/\/www.deepspot.com\/pl\/?s={search_term_string}"},"query-input":{"@type":"PropertyValueSpecification","valueRequired":true,"valueName":"search_term_string"}}],"inLanguage":"cs"}]}},"_links":{"self":[{"href":"https:\/\/www.deepspot.com\/cs\/wp-json\/wp\/v2\/pages\/12561","targetHints":{"allow":["GET"]}}],"collection":[{"href":"https:\/\/www.deepspot.com\/cs\/wp-json\/wp\/v2\/pages"}],"about":[{"href":"https:\/\/www.deepspot.com\/cs\/wp-json\/wp\/v2\/types\/page"}],"author":[{"embeddable":true,"href":"https:\/\/www.deepspot.com\/cs\/wp-json\/wp\/v2\/users\/1"}],"replies":[{"embeddable":true,"href":"https:\/\/www.deepspot.com\/cs\/wp-json\/wp\/v2\/comments?post=12561"}],"version-history":[{"count":23,"href":"https:\/\/www.deepspot.com\/cs\/wp-json\/wp\/v2\/pages\/12561\/revisions"}],"predecessor-version":[{"id":56555,"href":"https:\/\/www.deepspot.com\/cs\/wp-json\/wp\/v2\/pages\/12561\/revisions\/56555"}],"up":[{"embeddable":true,"href":"https:\/\/www.deepspot.com\/cs\/wp-json\/wp\/v2\/pages\/4655"}],"wp:featuredmedia":[{"embeddable":true,"href":"https:\/\/www.deepspot.com\/cs\/wp-json\/wp\/v2\/media\/9935"}],"wp:attachment":[{"href":"https:\/\/www.deepspot.com\/cs\/wp-json\/wp\/v2\/media?parent=12561"}],"curies":[{"name":"wp","href":"https:\/\/api.w.org\/{rel}","templated":true}]}}