{"id":12639,"date":"2021-09-27T15:08:43","date_gmt":"2021-09-27T13:08:43","guid":{"rendered":"https:\/\/www.deepspot.com\/?page_id=12639"},"modified":"2026-02-26T13:37:46","modified_gmt":"2026-02-26T12:37:46","slug":"prvni-potapeni-freediving","status":"publish","type":"page","link":"https:\/\/www.deepspot.com\/cs\/pro-koho\/scuba-diving\/prvni-potapeni-freediving\/","title":{"rendered":"KURZ SUCH\u00c9HO OBLEKU"},"content":{"rendered":"<div id=\"hero-block_5321aca43d162548e4f2bc950a9c2114\" class=\"hero-block\">\r\n  <div class=\"row outer-container\">\r\n    <div>\r\n      <img decoding=\"async\" lazy src=\"data:image\/gif;base64,R0lGODlhAQABAAD\/ACwAAAAAAQABAAACADs%3D\" data-src=\"https:\/\/eco3ygde435.exactdn.com\/wp-content\/uploads\/sites\/2\/2025\/06\/JSJSJSJ.jpg?strip=all\" alt=\"\">\r\n          <\/div>\r\n    <div>\r\n      <h2>Pohodln\u00e9 pot\u00e1p\u011bn\u00ed bez ohledu na teplotu vody<\/h2><p>Chcete se pohodln\u011b pot\u00e1p\u011bt po cel\u00fd rok bez ohledu na teplotu vody?  <br><br>Kurz such\u00e9ho obleku v\u00e1s nau\u010d\u00ed, jak bezpe\u010dn\u011b pou\u017e\u00edvat such\u00fd oblek a jak si u\u017e\u00edt teplo i p\u0159i pot\u00e1p\u011bn\u00ed v chladn\u00fdch podm\u00ednk\u00e1ch. Je to skv\u011bl\u00e1 volba pro certifikovan\u00e9 pot\u00e1p\u011b\u010de, kte\u0159\u00ed cht\u011bj\u00ed roz\u0161\u00ed\u0159it sv\u00e9 schopnosti a pot\u00e1p\u011bt se i mimo sez\u00f3nu. \r\n<\/p>    <\/div>\r\n  <\/div>\r\n<\/div><!-- block -->\r\n<div id=\"product-details-block_7fb55adbf10ca7ee8468d2e6e02fd970\" class=\"product-details-block\">\r\n  <div class=\"row container\">\r\n    <div>\r\n      <h2 class=\"title\">Popis atrakc\u00ed<\/h2>      <p class=\"desc\">Pot\u00e1p\u011bn\u00ed v such\u00e9m obleku je kurz pro certifikovan\u00e9 pot\u00e1p\u011b\u010de, kte\u0159\u00ed cht\u011bj\u00ed roz\u0161\u00ed\u0159it sv\u00e9 dovednosti a pohodln\u011b se pot\u00e1p\u011bt po cel\u00fd rok &#8211; bez ohledu na teplotu a podm\u00ednky vody.<br>V\u00fdcvik v\u00e1s p\u0159iprav\u00ed na bezpe\u010dn\u00e9 pou\u017e\u00edv\u00e1n\u00ed such\u00e9ho obleku, co\u017e v\u00e1m umo\u017en\u00ed objevovat nov\u00e9 lokality, pot\u00e1p\u011bt se mimo sez\u00f3nu a \u00fa\u010dastnit se n\u00e1ro\u010dn\u011bj\u0161\u00edch pot\u00e1p\u011b\u010dsk\u00fdch expedic.<br><br>\r\nDo nab\u00eddky se pono\u0159te, pokud:<br>\ud83e\udee7 Pl\u00e1nujete pot\u00e1p\u011bn\u00ed s vraky, technick\u00e9 pot\u00e1p\u011bn\u00ed, pr\u016fzkumn\u00e9 pot\u00e1p\u011bn\u00ed. Chcete se pot\u00e1p\u011bt v chladn\u00fdch a n\u00e1ro\u010dn\u00fdch vod\u00e1ch<br>\ud83e\udee7 Chcete roz\u0161\u00ed\u0159it sv\u00e9 dovednosti a zv\u011bt\u0161it rozsah mo\u017en\u00fdch pot\u00e1p\u011b\u010dsk\u00fdch lokalit<br>\ud83e\udee7 M\u00e1te certifik\u00e1t min. OWD a chcete roz\u0161\u00ed\u0159it sv\u00e9 dovednosti  <br><br>\r\nCo nab\u00edz\u00edme?<br>\ud83e\udee7 Praktick\u00e9 znalosti konstrukce such\u00e9ho obleku, princip\u016f provozu a \u00fadr\u017eby. Dozv\u00edte se, jak pe\u010dovat o vybaven\u00ed, kter\u00e9 v\u00e1m zajist\u00ed pohodl\u00ed i v t\u011bch nejchladn\u011bj\u0161\u00edch vod\u00e1ch.<br>\ud83e\udee7 V\u00fdcvikov\u00e9 ponory, p\u0159i kter\u00fdch se nau\u010d\u00edte spr\u00e1vn\u011b zach\u00e1zet se such\u00fdm oblekem a zvl\u00e1dnete dokonal\u00fd vztlak<br>\ud83e\udee7 V\u00fdukov\u00e9 materi\u00e1ly zp\u0159\u00edstupn\u011bn\u00e9 na webov\u00fdch str\u00e1nk\u00e1ch SSI. Seznamte se s nimi je\u0161t\u011b p\u0159ed za\u010d\u00e1tkem<br>\ud83e\udee7 V\u0161e pot\u0159ebn\u00e9 je zahrnuto v cen\u011b. Ve\u0161ker\u00e9 pot\u0159ebn\u00e9 vybaven\u00ed poskytujeme my<br>\ud83e\udee7 Komorn\u00ed skupiny nebo individu\u00e1ln\u00ed kurzy. Tempo je v\u017edy p\u0159izp\u016fsobeno v\u00e1m    <br><br>\r\nKurzy prob\u00edhaj\u00ed v mal\u00fdch skupink\u00e1ch &#8211; maxim\u00e1ln\u011b \u010dty\u0159i osoby na jednoho instruktora &#8211; co\u017e v\u00e1m d\u00e1v\u00e1 jistotu, \u017ee se budete moci nadechnout a naj\u00edt odpov\u011b\u010f na ka\u017edou ot\u00e1zku.<br><br>\r\nStoj\u00ed to za to, proto\u017ee:<br>\ud83e\udee7 Tr\u00e9nujete v nejhlub\u0161\u00edm baz\u00e9nu v Evrop\u011b &#8211; a\u017e 45 metr\u016f hluboko<br>\ud83e\udee7 Pot\u00e1p\u00edte se v exotick\u00fdch podm\u00ednk\u00e1ch &#8211; v pr\u016fzra\u010dn\u00e9 vod\u011b o teplot\u011b 32 \u00b0C<br>\ud83e\udee7 Pou\u017e\u00edv\u00e1te modern\u00ed, pravideln\u011b servisovan\u00e9 vybaven\u00ed<br>\ud83e\udee7 M\u00e1te podporu zku\u0161en\u00fdch mezin\u00e1rodn\u00edch instruktor\u016f<br>\ud83e\udee7 Je to ide\u00e1ln\u00ed m\u00edsto pro budov\u00e1n\u00ed sebed\u016fv\u011bry a dobr\u00e9 techniky.<br><br>\r\nPo absolvov\u00e1n\u00ed kurzu obdr\u017e\u00edte mezin\u00e1rodn\u00ed certifik\u00e1t organizace SSI pro pot\u00e1p\u011bn\u00ed v such\u00e9m obleku.<br><br><br>\r\nCo stoj\u00ed za to v\u011bd\u011bt?\r\n\r\n<\/p>      <ul>            <li>\r\n              <p>Doba trv\u00e1n\u00ed  <\/p>\r\n              <strong>1 DEN (cca 8 hodin, v\u010detn\u011b 3 lekc\u00ed v baz\u00e9nu)<\/strong>\r\n            <\/li>\r\n                      <li>\r\n              <p>Minim\u00e1ln\u00ed v\u011bk \u00fa\u010dastn\u00edka<\/p>\r\n              <strong>15 LET<\/strong>\r\n            <\/li>\r\n                      <li>\r\n              <p>Pono\u0159\u00edte se do hloubky<\/p>\r\n              <strong>specifikov\u00e1no certifikac\u00ed, maxim\u00e1ln\u011b 30M<\/strong>\r\n            <\/li>\r\n                      <li>\r\n              <p>Jako d\u00e1rek<\/p>\r\n              <strong>kr\u00e1tk\u00e9 video z podvodn\u00edho fotobudky<\/strong>\r\n            <\/li>\r\n                      <li>\r\n              <p>Poskytujeme  <\/p>\r\n              <strong>Ve\u0161ker\u00e9 pot\u00e1p\u011b\u010dsk\u00e9 vybaven\u00ed. Vezm\u011bte si s sebou pouze plavky, ru\u010dn\u00edk a \u017eabky. <\/strong>\r\n            <\/li>\r\n                      <li>\r\n              <p>Nezapome\u0148te<\/p>\r\n              <strong>Ve\u0161ker\u00e9 pot\u00e1p\u011b\u010dsk\u00e9 vybaven\u00ed. S sebou si vezm\u011bte pouze plavky, ru\u010dn\u00edk a \u017eabky. <\/strong>\r\n            <\/li>\r\n                      <li>\r\n              <p>CENA: <\/p>\r\n              <strong>PLN 1059<\/strong>\r\n            <\/li>\r\n          <\/ul>      <div class=\"button-list-wrap\"><div class=\"button-list button-type-both\"><div><a class=\"alternate_ybb\" href=\"https:\/\/cs.deepspot.com\/offer?steps=deepspot_diving-courses_wait-for-diving-course-list_12\" target=\"_self\"><img decoding=\"async\" lazy src=\"data:image\/gif;base64,R0lGODlhAQABAAD\/ACwAAAAAAQABAAACADs%3D\" data-src=\"https:\/\/eco3ygde435.exactdn.com\/wp-content\/uploads\/sites\/2\/2020\/08\/calendar-grid-58.png?strip=all\" alt=\"\"><strong>Zarezerwuj<\/strong><\/a><\/div><div><a class=\"alternate_ybb\" href=\"https:\/\/sklep.deepspot.com\/pl\/p\/kurs-dry-suit\/358\" target=\"_self\"><img decoding=\"async\" lazy src=\"data:image\/gif;base64,R0lGODlhAQABAAD\/ACwAAAAAAQABAAACADs%3D\" data-src=\"https:\/\/eco3ygde435.exactdn.com\/wp-content\/uploads\/sites\/2\/2020\/08\/paper-diploma.png?strip=all\" alt=\"\"><strong>Zam\u00f3w voucher<\/strong><\/a><\/div><div><a class=\"css-default\" href=\"https:\/\/www.deepspot.com\/pl\/frequently-asked-questions\/?tab=3\" target=\"_self\"><img decoding=\"async\" lazy src=\"data:image\/gif;base64,R0lGODlhAQABAAD\/ACwAAAAAAQABAAACADs%3D\" data-src=\"https:\/\/eco3ygde435.exactdn.com\/wp-content\/uploads\/sites\/2\/2020\/08\/presentation.png?strip=all\" alt=\"\"><strong>Najcz\u0119\u015bciej zadawane pytania<\/strong><\/a><\/div><\/div><\/div>    <\/div>\r\n  <\/div>\r\n<\/div><!-- block -->\r\n<p><strong>ZDRAV\u00cd<\/strong><br data-rich-text-line-break=\"true\">Pot\u00e1p\u011bn\u00ed je rekrea\u010dn\u00ed sport dostupn\u00fd t\u00e9m\u011b\u0159 pro ka\u017ed\u00e9ho. Pokud je v\u00e1\u0161 zdravotn\u00ed stav dobr\u00fd, s nejv\u011bt\u0161\u00ed pravd\u011bpodobnost\u00ed povolen\u00ed od l\u00e9ka\u0159e nepot\u0159ebujete, nicm\u00e9n\u011b v n\u011bkter\u00fdch zvl\u00e1\u0161tn\u00edch p\u0159\u00edpadech m\u016f\u017ee b\u00fdt nezbytn\u00e9. Pokud se chcete ujistit, m\u016f\u017eete se pod\u00edvat na standard.<br data-rich-text-line-break=\"true\"><a href=\"https:\/\/eco3ygde435.exactdn.com\/wp-content\/uploads\/sites\/2\/2023\/10\/TR-MEDICAL-DIVER_Polish.pdf\" target=\"_blank\" rel=\"noreferrer noopener\">l\u00e9ka\u0159sk\u00fd formul\u00e1\u0159<\/a>.<\/p>\n<div id=\"step-guide-icons-block_bacfded216ee71319f3b7d8814191c34\" class=\"step-guide-icons-block\">\r\n  <div class=\"row container\">\r\n    <div>\r\n      <div class=\"title\">Krok za krokem<\/div>      <ul>            <li data-count=\"01\">\r\n              <div class=\"icon-wrap\"><img decoding=\"async\" lazy src=\"data:image\/gif;base64,R0lGODlhAQABAAD\/ACwAAAAAAQABAAACADs%3D\" data-src=\"\" alt=\"\"><\/div>\r\n              <p>Shrom\u00e1\u017edit \u00fa\u010dastn\u00edky &#8211; s\u00f3lo, ve dvou nebo se skupinou<br \/>\r\n<\/p>\r\n                          <\/li>\r\n                      <li data-count=\"02\">\r\n              <div class=\"icon-wrap\"><img decoding=\"async\" lazy src=\"data:image\/gif;base64,R0lGODlhAQABAAD\/ACwAAAAAAQABAAACADs%3D\" data-src=\"\" alt=\"\"><\/div>\r\n              <p>Rezervujte si sch\u016fzku &#8211; online, rychle a pohodln\u011b<br \/>\r\n<\/p>\r\n                          <\/li>\r\n                      <li data-count=\"03\">\r\n              <div class=\"icon-wrap\"><img decoding=\"async\" lazy src=\"data:image\/gif;base64,R0lGODlhAQABAAD\/ACwAAAAAAQABAAACADs%3D\" data-src=\"\" alt=\"\"><\/div>\r\n              <p>Vypl\u0148te \u00fadaje \u00fa\u010dastn\u00edk\u016f &#8211; prost\u0159ednictv\u00edm sv\u00e9ho \u00fa\u010dtu, trv\u00e1 to jen chvilku.<br \/>\r\n<br \/>\r\n<\/p>\r\n                          <\/li>\r\n                      <li data-count=\"04\">\r\n              <div class=\"icon-wrap\"><img decoding=\"async\" lazy src=\"data:image\/gif;base64,R0lGODlhAQABAAD\/ACwAAAAAAQABAAACADs%3D\" data-src=\"\" alt=\"\"><\/div>\r\n              <p>P\u0159ij\u010fte o 30 minut d\u0159\u00edve &#8211; m\u016f\u017eete se v klidu p\u0159ipravit<br \/>\r\n<\/p>\r\n                          <\/li>\r\n                      <li data-count=\"05\">\r\n              <div class=\"icon-wrap\"><img decoding=\"async\" lazy src=\"data:image\/gif;base64,R0lGODlhAQABAAD\/ACwAAAAAAQABAAACADs%3D\" data-src=\"\" alt=\"\"><\/div>\r\n              <p>Pono\u0159te se &#8211; bavte se<br \/>\r\n<\/p>\r\n                          <\/li>\r\n                      <li data-count=\"06\">\r\n              <div class=\"icon-wrap\"><img decoding=\"async\" lazy src=\"data:image\/gif;base64,R0lGODlhAQABAAD\/ACwAAAAAAQABAAACADs%3D\" data-src=\"\" alt=\"\"><\/div>\r\n              <p>Chy\u0165te brouka a vra\u0165te se pro dal\u0161\u00ed &#8211; pot\u00e1p\u011bn\u00ed je n\u00e1vykov\u00e9!<br \/>\r\n<\/p>\r\n                          <\/li>\r\n          <\/ul>    <\/div>\r\n  <\/div>\r\n<\/div><!-- block -->\r\n<div id=\"download-block_70dba5d229ce7b13b34cbe270912c527\" class=\"download-block\">\r\n  <div class=\"row container\">\r\n    <div>\r\n      <h2 class=\"title\">Dokumenty<\/h2>      <ul>            <li>\r\n              <a href=\"https:\/\/www.deepspot.com\/wp-content\/uploads\/sites\/2\/2022\/03\/instrukcja-deepspot-eng.pdf\" download>\r\n                <div>\r\n                  <img decoding=\"async\" lazy src=\"data:image\/gif;base64,R0lGODlhAQABAAD\/ACwAAAAAAQABAAACADs%3D\" data-src=\"https:\/\/www.deepspot.com\/wp-content\/themes\/deepspotflyspotWPML\/images\/dots-download.svg\">\r\n                  <p>Instrukcja u\u017cycia suchego skafandra<\/p>\r\n                <\/div>\r\n              <\/a>\r\n            <\/li>\r\n                      <li>\r\n              <a href=\"https:\/\/www.deepspot.com\/wp-content\/uploads\/sites\/2\/2022\/03\/tablica2.pdf\" download>\r\n                <div>\r\n                  <img decoding=\"async\" lazy src=\"data:image\/gif;base64,R0lGODlhAQABAAD\/ACwAAAAAAQABAAACADs%3D\" data-src=\"https:\/\/www.deepspot.com\/wp-content\/themes\/deepspotflyspotWPML\/images\/dots-download.svg\">\r\n                  <p>Quick guide for the use of a dry suit<\/p>\r\n                <\/div>\r\n              <\/a>\r\n            <\/li>\r\n          <\/ul>    <\/div>\r\n  <\/div>\r\n<\/div><!-- block -->\r\n\n<p><\/p>\n","protected":false},"excerpt":{"rendered":"<p>ZDRAV\u00cdPot\u00e1p\u011bn\u00ed je rekrea\u010dn\u00ed sport dostupn\u00fd t\u00e9m\u011b\u0159 pro ka\u017ed\u00e9ho. Pokud je v\u00e1\u0161 zdravotn\u00ed stav dobr\u00fd, s nejv\u011bt\u0161\u00ed pravd\u011bpodobnost\u00ed povolen\u00ed od l\u00e9ka\u0159e nepot\u0159ebujete, nicm\u00e9n\u011b v n\u011bkter\u00fdch zvl\u00e1\u0161tn\u00edch p\u0159\u00edpadech m\u016f\u017ee b\u00fdt nezbytn\u00e9. Pokud se chcete ujistit, m\u016f\u017eete se pod\u00edvat na standard.l\u00e9ka\u0159sk\u00fd formul\u00e1\u0159.<\/p>\n","protected":false},"author":18,"featured_media":53294,"parent":4655,"menu_order":9,"comment_status":"closed","ping_status":"closed","template":"","meta":{"_acf_changed":false,"footnotes":""},"class_list":["post-12639","page","type-page","status-publish","has-post-thumbnail","hentry"],"acf":[],"yoast_head":"<!-- This site is optimized with the Yoast SEO plugin v27.3 - https:\/\/yoast.com\/product\/yoast-seo-wordpress\/ -->\n<title>KURZ SUCH\u00c9HO OBLEKU | Deepspot<\/title>\n<meta name=\"description\" content=\"KURZ SUCH\u00c9HO OBLEKU\" \/>\n<meta name=\"robots\" content=\"index, follow, max-snippet:-1, max-image-preview:large, max-video-preview:-1\" \/>\n<link rel=\"canonical\" href=\"https:\/\/www.deepspot.com\/cs\/pro-koho\/scuba-diving\/prvni-potapeni-freediving\/\" \/>\n<meta property=\"og:locale\" content=\"cs_CZ\" \/>\n<meta property=\"og:type\" content=\"article\" \/>\n<meta property=\"og:title\" content=\"KURZ SUCH\u00c9HO OBLEKU | Deepspot\" \/>\n<meta property=\"og:description\" content=\"KURZ SUCH\u00c9HO OBLEKU\" \/>\n<meta property=\"og:url\" content=\"https:\/\/www.deepspot.com\/cs\/pro-koho\/scuba-diving\/prvni-potapeni-freediving\/\" \/>\n<meta property=\"og:site_name\" content=\"Deepspot\" \/>\n<meta property=\"article:modified_time\" content=\"2026-02-26T12:37:46+00:00\" \/>\n<meta property=\"og:image\" content=\"https:\/\/eco3ygde435.exactdn.com\/wp-content\/uploads\/sites\/2\/2025\/06\/JSJSJSJ.jpg?strip=all\" \/>\n\t<meta property=\"og:image:width\" content=\"1920\" \/>\n\t<meta property=\"og:image:height\" content=\"1245\" \/>\n\t<meta property=\"og:image:type\" content=\"image\/jpeg\" \/>\n<meta name=\"twitter:card\" content=\"summary_large_image\" \/>\n<script type=\"application\/ld+json\" class=\"yoast-schema-graph\">{\"@context\":\"https:\\\/\\\/schema.org\",\"@graph\":[{\"@type\":\"WebPage\",\"@id\":\"https:\\\/\\\/www.deepspot.com\\\/cs\\\/pro-koho\\\/scuba-diving\\\/prvni-potapeni-freediving\\\/\",\"url\":\"https:\\\/\\\/www.deepspot.com\\\/cs\\\/pro-koho\\\/scuba-diving\\\/prvni-potapeni-freediving\\\/\",\"name\":\"KURZ SUCH\u00c9HO OBLEKU | Deepspot\",\"isPartOf\":{\"@id\":\"https:\\\/\\\/www.deepspot.com\\\/pl\\\/#website\"},\"primaryImageOfPage\":{\"@id\":\"https:\\\/\\\/www.deepspot.com\\\/cs\\\/pro-koho\\\/scuba-diving\\\/prvni-potapeni-freediving\\\/#primaryimage\"},\"image\":{\"@id\":\"https:\\\/\\\/www.deepspot.com\\\/cs\\\/pro-koho\\\/scuba-diving\\\/prvni-potapeni-freediving\\\/#primaryimage\"},\"thumbnailUrl\":\"https:\\\/\\\/eco3ygde435.exactdn.com\\\/wp-content\\\/uploads\\\/sites\\\/2\\\/2025\\\/06\\\/JSJSJSJ.jpg?strip=all\",\"datePublished\":\"2021-09-27T13:08:43+00:00\",\"dateModified\":\"2026-02-26T12:37:46+00:00\",\"description\":\"KURZ SUCH\u00c9HO OBLEKU\",\"breadcrumb\":{\"@id\":\"https:\\\/\\\/www.deepspot.com\\\/cs\\\/pro-koho\\\/scuba-diving\\\/prvni-potapeni-freediving\\\/#breadcrumb\"},\"inLanguage\":\"cs\",\"potentialAction\":[{\"@type\":\"ReadAction\",\"target\":[\"https:\\\/\\\/www.deepspot.com\\\/cs\\\/pro-koho\\\/scuba-diving\\\/prvni-potapeni-freediving\\\/\"]}]},{\"@type\":\"ImageObject\",\"inLanguage\":\"cs\",\"@id\":\"https:\\\/\\\/www.deepspot.com\\\/cs\\\/pro-koho\\\/scuba-diving\\\/prvni-potapeni-freediving\\\/#primaryimage\",\"url\":\"https:\\\/\\\/eco3ygde435.exactdn.com\\\/wp-content\\\/uploads\\\/sites\\\/2\\\/2025\\\/06\\\/JSJSJSJ.jpg?strip=all\",\"contentUrl\":\"https:\\\/\\\/eco3ygde435.exactdn.com\\\/wp-content\\\/uploads\\\/sites\\\/2\\\/2025\\\/06\\\/JSJSJSJ.jpg?strip=all\",\"width\":1920,\"height\":1245},{\"@type\":\"BreadcrumbList\",\"@id\":\"https:\\\/\\\/www.deepspot.com\\\/cs\\\/pro-koho\\\/scuba-diving\\\/prvni-potapeni-freediving\\\/#breadcrumb\",\"itemListElement\":[{\"@type\":\"ListItem\",\"position\":1,\"name\":\"Strona g\u0142\u00f3wna\",\"item\":\"https:\\\/\\\/www.deepspot.com\\\/cs\\\/\"},{\"@type\":\"ListItem\",\"position\":2,\"name\":\"Pro koho\",\"item\":\"https:\\\/\\\/www.deepspot.com\\\/cs\\\/pro-koho\\\/\"},{\"@type\":\"ListItem\",\"position\":3,\"name\":\"Pot\u00e1p\u011bn\u00ed\",\"item\":\"https:\\\/\\\/www.deepspot.com\\\/cs\\\/pro-koho\\\/scuba-diving\\\/\"},{\"@type\":\"ListItem\",\"position\":4,\"name\":\"KURZ SUCH\u00c9HO OBLEKU\"}]},{\"@type\":\"WebSite\",\"@id\":\"https:\\\/\\\/www.deepspot.com\\\/pl\\\/#website\",\"url\":\"https:\\\/\\\/www.deepspot.com\\\/pl\\\/\",\"name\":\"Deepspot\",\"description\":\"Nov\u00e1 dimenze v pot\u00e1p\u011bn\u00ed\",\"potentialAction\":[{\"@type\":\"SearchAction\",\"target\":{\"@type\":\"EntryPoint\",\"urlTemplate\":\"https:\\\/\\\/www.deepspot.com\\\/pl\\\/?s={search_term_string}\"},\"query-input\":{\"@type\":\"PropertyValueSpecification\",\"valueRequired\":true,\"valueName\":\"search_term_string\"}}],\"inLanguage\":\"cs\"}]}<\/script>\n<!-- \/ Yoast SEO plugin. -->","yoast_head_json":{"title":"KURZ SUCH\u00c9HO OBLEKU | Deepspot","description":"KURZ SUCH\u00c9HO OBLEKU","robots":{"index":"index","follow":"follow","max-snippet":"max-snippet:-1","max-image-preview":"max-image-preview:large","max-video-preview":"max-video-preview:-1"},"canonical":"https:\/\/www.deepspot.com\/cs\/pro-koho\/scuba-diving\/prvni-potapeni-freediving\/","og_locale":"cs_CZ","og_type":"article","og_title":"KURZ SUCH\u00c9HO OBLEKU | Deepspot","og_description":"KURZ SUCH\u00c9HO OBLEKU","og_url":"https:\/\/www.deepspot.com\/cs\/pro-koho\/scuba-diving\/prvni-potapeni-freediving\/","og_site_name":"Deepspot","article_modified_time":"2026-02-26T12:37:46+00:00","og_image":[{"width":1920,"height":1245,"url":"https:\/\/eco3ygde435.exactdn.com\/wp-content\/uploads\/sites\/2\/2025\/06\/JSJSJSJ.jpg?strip=all","type":"image\/jpeg"}],"twitter_card":"summary_large_image","schema":{"@context":"https:\/\/schema.org","@graph":[{"@type":"WebPage","@id":"https:\/\/www.deepspot.com\/cs\/pro-koho\/scuba-diving\/prvni-potapeni-freediving\/","url":"https:\/\/www.deepspot.com\/cs\/pro-koho\/scuba-diving\/prvni-potapeni-freediving\/","name":"KURZ SUCH\u00c9HO OBLEKU | Deepspot","isPartOf":{"@id":"https:\/\/www.deepspot.com\/pl\/#website"},"primaryImageOfPage":{"@id":"https:\/\/www.deepspot.com\/cs\/pro-koho\/scuba-diving\/prvni-potapeni-freediving\/#primaryimage"},"image":{"@id":"https:\/\/www.deepspot.com\/cs\/pro-koho\/scuba-diving\/prvni-potapeni-freediving\/#primaryimage"},"thumbnailUrl":"https:\/\/eco3ygde435.exactdn.com\/wp-content\/uploads\/sites\/2\/2025\/06\/JSJSJSJ.jpg?strip=all","datePublished":"2021-09-27T13:08:43+00:00","dateModified":"2026-02-26T12:37:46+00:00","description":"KURZ SUCH\u00c9HO OBLEKU","breadcrumb":{"@id":"https:\/\/www.deepspot.com\/cs\/pro-koho\/scuba-diving\/prvni-potapeni-freediving\/#breadcrumb"},"inLanguage":"cs","potentialAction":[{"@type":"ReadAction","target":["https:\/\/www.deepspot.com\/cs\/pro-koho\/scuba-diving\/prvni-potapeni-freediving\/"]}]},{"@type":"ImageObject","inLanguage":"cs","@id":"https:\/\/www.deepspot.com\/cs\/pro-koho\/scuba-diving\/prvni-potapeni-freediving\/#primaryimage","url":"https:\/\/eco3ygde435.exactdn.com\/wp-content\/uploads\/sites\/2\/2025\/06\/JSJSJSJ.jpg?strip=all","contentUrl":"https:\/\/eco3ygde435.exactdn.com\/wp-content\/uploads\/sites\/2\/2025\/06\/JSJSJSJ.jpg?strip=all","width":1920,"height":1245},{"@type":"BreadcrumbList","@id":"https:\/\/www.deepspot.com\/cs\/pro-koho\/scuba-diving\/prvni-potapeni-freediving\/#breadcrumb","itemListElement":[{"@type":"ListItem","position":1,"name":"Strona g\u0142\u00f3wna","item":"https:\/\/www.deepspot.com\/cs\/"},{"@type":"ListItem","position":2,"name":"Pro koho","item":"https:\/\/www.deepspot.com\/cs\/pro-koho\/"},{"@type":"ListItem","position":3,"name":"Pot\u00e1p\u011bn\u00ed","item":"https:\/\/www.deepspot.com\/cs\/pro-koho\/scuba-diving\/"},{"@type":"ListItem","position":4,"name":"KURZ SUCH\u00c9HO OBLEKU"}]},{"@type":"WebSite","@id":"https:\/\/www.deepspot.com\/pl\/#website","url":"https:\/\/www.deepspot.com\/pl\/","name":"Deepspot","description":"Nov\u00e1 dimenze v pot\u00e1p\u011bn\u00ed","potentialAction":[{"@type":"SearchAction","target":{"@type":"EntryPoint","urlTemplate":"https:\/\/www.deepspot.com\/pl\/?s={search_term_string}"},"query-input":{"@type":"PropertyValueSpecification","valueRequired":true,"valueName":"search_term_string"}}],"inLanguage":"cs"}]}},"_links":{"self":[{"href":"https:\/\/www.deepspot.com\/cs\/wp-json\/wp\/v2\/pages\/12639","targetHints":{"allow":["GET"]}}],"collection":[{"href":"https:\/\/www.deepspot.com\/cs\/wp-json\/wp\/v2\/pages"}],"about":[{"href":"https:\/\/www.deepspot.com\/cs\/wp-json\/wp\/v2\/types\/page"}],"author":[{"embeddable":true,"href":"https:\/\/www.deepspot.com\/cs\/wp-json\/wp\/v2\/users\/18"}],"replies":[{"embeddable":true,"href":"https:\/\/www.deepspot.com\/cs\/wp-json\/wp\/v2\/comments?post=12639"}],"version-history":[{"count":35,"href":"https:\/\/www.deepspot.com\/cs\/wp-json\/wp\/v2\/pages\/12639\/revisions"}],"predecessor-version":[{"id":57808,"href":"https:\/\/www.deepspot.com\/cs\/wp-json\/wp\/v2\/pages\/12639\/revisions\/57808"}],"up":[{"embeddable":true,"href":"https:\/\/www.deepspot.com\/cs\/wp-json\/wp\/v2\/pages\/4655"}],"wp:featuredmedia":[{"embeddable":true,"href":"https:\/\/www.deepspot.com\/cs\/wp-json\/wp\/v2\/media\/53294"}],"wp:attachment":[{"href":"https:\/\/www.deepspot.com\/cs\/wp-json\/wp\/v2\/media?parent=12639"}],"curies":[{"name":"wp","href":"https:\/\/api.w.org\/{rel}","templated":true}]}}