{"id":15040,"date":"2021-12-30T14:07:17","date_gmt":"2021-12-30T13:07:17","guid":{"rendered":"https:\/\/www.deepspot.com\/?page_id=15040"},"modified":"2024-05-20T10:54:01","modified_gmt":"2024-05-20T08:54:01","slug":"den-kurzu","status":"publish","type":"page","link":"https:\/\/www.deepspot.com\/cs\/zona-pro-instruktory\/den-kurzu\/","title":{"rendered":"Den kurzu na Deepspotu"},"content":{"rendered":"<div id=\"hero-block_88e682df69b13e1b8fbeb9e0072c0c6c\" class=\"hero-block\">\r\n  <div class=\"row outer-container\">\r\n    <div>\r\n      <img decoding=\"async\" lazy src=\"data:image\/gif;base64,R0lGODlhAQABAAD\/ACwAAAAAAQABAAACADs%3D\" data-src=\"https:\/\/eco3ygde435.exactdn.com\/wp-content\/uploads\/sites\/2\/2023\/10\/DS-1.jpg?strip=all\" alt=\"\">\r\n          <\/div>\r\n    <div>\r\n      <h2>DEN P\u0158EDPOKLAD\u016e<\/h2><p>\n          <h4>Nab\u00eddka <b>pouze<\/b> pro <b>instruktory<\/b>.  \n<br><\/br>\n<b>Prov\u00e1d\u011bjte<\/b> \u0159adu pot\u00e1p\u011b\u010dsk\u00fdch kurz\u016f ve <b>vynikaj\u00edc\u00edch<\/b> podm\u00ednk\u00e1ch Deepspotu. <b>Denn\u00ed kurz<\/b> byl vytvo\u0159en na <b>podporu<\/b> pot\u00e1p\u011b\u010dsk\u00fdch center a jednotliv\u00fdch instruktor\u016f p\u0159i <b>v\u00fdcviku<\/b> pot\u00e1p\u011b\u010d\u016f s v\u00fdstroj\u00ed na <b>libovoln\u00e9<\/b> \u00farovni v\u00fdcviku uzn\u00e1van\u00e9 organizacemi a zakon\u010den\u00e9 <b>certifikac\u00ed<\/b>.  \n<br><\/br>\n<b>Tepl\u00e1<\/b>, k\u0159i\u0161\u0165\u00e1lov\u011b <b>\u010dist\u00e1<\/b> voda a <b>hloubka<\/b> v\u00e1m <b>usnadn\u00ed<\/b> a <b>zefektivn\u00ed<\/b> va\u0161e pot\u00e1p\u011b\u010dsk\u00e9 dovednosti!  \n<br><\/br>\n<b>Aktu\u00e1ln\u00ed<\/b> cen\u00edk a vstupn\u00ed <b>\u010dasy<\/b> si m\u016f\u017eete prohl\u00e9dnout v <b>cen\u00edku B2B<\/b>.<\/h4>\n        <\/p>    <\/div>\r\n  <\/div>\r\n<\/div><!-- block -->\r\n<div id=\"features-block_dc3287d5f5467043117a00e3d8c70dd0\" class=\"features-block\">\r\n  <div class=\"row container\">\r\n    <div>\r\n            <h2 class=\"title\">DEN KURZU NA DEEPSPOTU JE:<\/h2>\r\n      <div>\r\n                    <div>\r\n              <div class=\"icon-wrap\">\r\n                <img decoding=\"async\" src=\"https:\/\/eco3ygde435.exactdn.com\/wp-content\/uploads\/sites\/2\/2023\/10\/DS_KULKA.png?strip=all\" alt=\"\" src=\"\">\r\n              <\/div>\r\n              <strong>\n          <h2>FLEXIBILITA \u0160KOLEN\u00cd<\/h2>\n        <\/strong>\r\n              <p><br \/>\n          <h4><b>Kurz<\/b> je otev\u0159en od <b>pond\u011bl\u00ed<\/b> do <b>p\u00e1tku<\/b> v otev\u00edrac\u00ed dob\u011b Deepspotu a v <b>ned\u011bli<\/b> od <b>15:00<\/b> do zav\u00edrac\u00ed doby.  <br \/>\n<br \/>\nPro vyu\u017eit\u00ed t\u011bchto hodin m\u00e1te <b>vy<\/b> i <b>v\u00e1\u0161 student<\/b> k dispozici <b>t\u0159i vzduchov\u00e9 lahve o<\/b> objemu <b>12<\/b> nebo <b>15<\/b> litr\u016f.  <br \/>\n<br \/>\nNapl\u00e1nujte \u0161kolen\u00ed tak, aby bylo pro \u0161kolen\u00e9ho <b>co nejpohodln\u011bj\u0161\u00ed<\/b>!<\/h4><br \/>\n        <\/p>\r\n            <\/div>\r\n                      <div>\r\n              <div class=\"icon-wrap\">\r\n                <img decoding=\"async\" src=\"https:\/\/eco3ygde435.exactdn.com\/wp-content\/uploads\/sites\/2\/2023\/10\/DS_KULKA.png?strip=all\" alt=\"\" src=\"\">\r\n              <\/div>\r\n              <strong>\n          <h2>VYBAVEN\u00cd<\/h2>\n        <\/strong>\r\n              <p><br \/>\n          <h4>Vstupn\u00ed poplatek <b>zahrnuje<\/b> ve\u0161ker\u00e9 <b>vybaven\u00ed pro<\/b> <b>studenta<\/b> a <b>instruktora<\/b>, tj. <b>masky<\/b>, <b>\u0161norchly<\/b>, <b>ploutve<\/b>, <b>vesty BCD<\/b>, <b>automaty<\/b> a <b>12<\/b> nebo <b>15litrov\u00e9<\/b> <b>vzduchov\u00e9 l\u00e1hve<\/b>.  <br \/>\n<br \/>\n<b>Nezapome\u0148te<\/b> vybavit <b>ka\u017ed\u00e9ho<\/b> studenta <b>pot\u00e1p\u011b\u010dsk\u00fdm po\u010d\u00edta\u010dem<\/b>!  <br \/>\n<br \/>\nPokud tuto mo\u017enost nem\u00e1te, m\u016f\u017eete <b>si na m\u00edst\u011b pronajmout<\/b> po\u010d\u00edta\u010d za <b>45 PLN<\/b><b>(+25 PLN<\/b> za ka\u017edou <b>dal\u0161\u00ed<\/b> hodinu).<\/h4><br \/>\n        <\/p>\r\n            <\/div>\r\n                      <div>\r\n              <div class=\"icon-wrap\">\r\n                <img decoding=\"async\" src=\"https:\/\/eco3ygde435.exactdn.com\/wp-content\/uploads\/sites\/2\/2023\/10\/DS_KULKA.png?strip=all\" alt=\"\" src=\"\">\r\n              <\/div>\r\n              <strong>\n          <h2>P\u0158EDN\u00c1\u0160KOV\u00c9 S\u00c1LY<\/h2>\n        <\/strong>\r\n              <p><h4>V r\u00e1mci <b>\u0161kolen\u00ed<\/b> m\u016f\u017eete <b>bezplatn\u011b<\/b> vyu\u017e\u00edvat jednu z na\u0161ich <b>\u0161kolic\u00edch m\u00edstnost\u00ed<\/b>.  <br \/>\n<br \/>\nJak\u00e9koli vyu\u017eit\u00ed m\u00edstnosti je nutn\u00e9 rezervovat u vedouc\u00edho &#8211; Szymon Wzorek; e-mail: WOREK: pro@deepspot.com tel. +48 532-796-299.<\/p>\r\n            <\/div>\r\n                <\/div>\r\n          <\/div>\r\n  <\/div>\r\n<\/div><!-- block -->\r\n\n<div class=\"wp-block-group\"><div class=\"wp-block-group__inner-container is-layout-flow wp-block-group-is-layout-flow\"><div id=\"contact-person-block_d1ac85ad2e297a2bff29ed6808428afb\" class=\"contact-person-block\">\r\n  <div class=\"container\">\r\n    <h2 class=\"title\">CHCETE SI REZERVOVAT DEN KURZU?<\/h2>  <\/div>\r\n  <div class=\"row outer-container\">\r\n    <div class=\"container\">\r\n      <div class=\"image-wrap\"><img decoding=\"async\" lazy src=\"data:image\/gif;base64,R0lGODlhAQABAAD\/ACwAAAAAAQABAAACADs%3D\" data-src=\"https:\/\/eco3ygde435.exactdn.com\/wp-content\/uploads\/sites\/2\/2023\/10\/Projekt-bez-tytulu-fotor-bg-remover-20231006135219.png?strip=all\" alt=\"\"><\/div>\r\n      <div class=\"text-wrap\">\r\n        <strong>SZYMON WZOREK<\/strong>        <p class=\"role\">\n          <b>V\u00c1\u0160 OSOBN\u00cd U\u010cITEL<\/b>\n        <\/p>        <div class=\"contact-list\">            <span>E-mail:<\/span>\r\n            <span>\n          <a href=\"mailto:Pro@deepspot.com\">pro@deepspot.com<\/a>\n        <\/span><br>\r\n                      <span>Telefon:<\/span>\r\n            <span>\n          <a href=\"tel:+48532796299\">+48 532-796-299<\/a>\n        <\/span><br>\r\n          <\/div>        <p class=\"text\"><br \/>\n          <h2>M\u00e1te n\u011bjak\u00e9 <b>ot\u00e1zky<\/b>? Kontakt na <b>Simona<\/b>.<\/h2><br \/>\n        <\/p><a class=\"btn\" href=\"mailto:pro@deepspot.com\" target=\"_self\"><span>NAPSAT ZPR\u00c1VU<\/span><\/a>      <\/div>\r\n    <\/div>\r\n  <\/div>\r\n<\/div><!-- block -->\r\n<\/div><\/div>\n<div id=\"true-faq-block_4501b47542a66887176b82787ba739b8\" class=\"true-faq-block\">\r\n  <div class=\"container\">\r\n    <h2 class=\"title\">\u010cASTO KLADEN\u00c9 OT\u00c1ZKY<\/h2>\r\n    <div class=\"faq\">\r\n          <div data-faqpanel=\"1\" class=\"faq-panel\">\r\n        <strong>\n          <h2>KDO M\u016e\u017dE NAB\u00cdDKU VYU\u017d\u00cdT?<\/h2>\n        <\/strong>\r\n        <div><h3><b>Nab\u00eddka je ur\u010dena <b>pouze<\/b> pro <b>instruktory B2B<\/b>, tj. pro ty, kte\u0159\u00ed s n\u00e1mi <b>podepsali<\/b> <b>smlouvu<\/b>.<\/h3><\/div>\r\n      <\/div>\r\n          <div data-faqpanel=\"2\" class=\"faq-panel\">\r\n        <strong>\n          <h2>KOLIK STOJ\u00cd DEN KURZU?<\/h2>\n        <\/strong>\r\n        <div><br \/>\n          <h3><b>Aktu\u00e1ln\u00ed<\/b> n\u00e1klady na n\u00e1kup <b>OWD<\/b> si m\u016f\u017eete ov\u011b\u0159it v <b>cen\u00edku B2B<\/b>.<\/h3><br \/>\n        <\/div>\r\n      <\/div>\r\n          <div data-faqpanel=\"3\" class=\"faq-panel\">\r\n        <strong>\n          <h2>CO Z\u00cdSK\u00c1M JAKO SOU\u010c\u00c1ST NAB\u00cdDKY?<\/h2>\n        <\/strong>\r\n        <div><h3><b>Nejv\u011bt\u0161\u00ed <\/b>p\u0159ednost\u00ed <b>jednodenn\u00edho<\/b> v\u00fdletu <b>OWD<\/b> je jeho mimo\u0159\u00e1dn\u011b <b>atraktivn\u00ed cena<\/b>!<\/div>\r\n      <\/div>\r\n          <div data-faqpanel=\"4\" class=\"faq-panel\">\r\n        <strong>\n          <h2>KDE NAJDU DAL\u0160\u00cd INFORMACE?<\/h2>\n        <\/strong>\r\n        <div><br \/>\n          <h3>Nena\u0161li jste odpov\u011bdi na v\u0161echny sv\u00e9 ot\u00e1zky?  <br \/>\n<br \/>\nNapi\u0161te sv\u00e9mu <b>opatrovn\u00edkovi<\/b> &#8211; <b>Szymon Wzorek<\/b>; e-mail: <a href=\"mailto:pro@deepspot.com\"><br \/>\n  <b><br \/>\n    <font color=\"#5CB3FF\">pro@deepspot.com<\/font><br \/>\n  <\/b><br \/>\n<\/a>; tel. <b>+48 532-796-299<\/b>.<\/h3><br \/>\n        <\/div>\r\n      <\/div>\r\n        <\/div>\r\n  <\/div>\r\n<\/div><!-- block -->\r\n","protected":false},"excerpt":{"rendered":"","protected":false},"author":18,"featured_media":0,"parent":4673,"menu_order":0,"comment_status":"closed","ping_status":"closed","template":"","meta":{"_acf_changed":false,"footnotes":""},"class_list":["post-15040","page","type-page","status-publish","hentry"],"acf":[],"yoast_head":"<!-- This site is optimized with the Yoast SEO plugin v27.4 - https:\/\/yoast.com\/product\/yoast-seo-wordpress\/ -->\n<title>Den kurzu na Deepspotu | Deepspot<\/title>\n<meta name=\"description\" content=\"Den kurzu na Deepspotu\" \/>\n<meta name=\"robots\" content=\"index, follow, max-snippet:-1, max-image-preview:large, max-video-preview:-1\" \/>\n<link rel=\"canonical\" href=\"https:\/\/www.deepspot.com\/cs\/zona-pro-instruktory\/den-kurzu\/\" \/>\n<meta property=\"og:locale\" content=\"cs_CZ\" \/>\n<meta property=\"og:type\" content=\"article\" \/>\n<meta property=\"og:title\" content=\"Den kurzu na Deepspotu | Deepspot\" \/>\n<meta property=\"og:description\" content=\"Den kurzu na Deepspotu\" \/>\n<meta property=\"og:url\" content=\"https:\/\/www.deepspot.com\/cs\/zona-pro-instruktory\/den-kurzu\/\" \/>\n<meta property=\"og:site_name\" content=\"Deepspot\" \/>\n<meta property=\"article:modified_time\" content=\"2024-05-20T08:54:01+00:00\" \/>\n<meta name=\"twitter:card\" content=\"summary_large_image\" \/>\n<script type=\"application\/ld+json\" class=\"yoast-schema-graph\">{\"@context\":\"https:\\\/\\\/schema.org\",\"@graph\":[{\"@type\":\"WebPage\",\"@id\":\"https:\\\/\\\/www.deepspot.com\\\/cs\\\/zona-pro-instruktory\\\/den-kurzu\\\/\",\"url\":\"https:\\\/\\\/www.deepspot.com\\\/cs\\\/zona-pro-instruktory\\\/den-kurzu\\\/\",\"name\":\"Den kurzu na Deepspotu | Deepspot\",\"isPartOf\":{\"@id\":\"https:\\\/\\\/www.deepspot.com\\\/pl\\\/#website\"},\"datePublished\":\"2021-12-30T13:07:17+00:00\",\"dateModified\":\"2024-05-20T08:54:01+00:00\",\"description\":\"Den kurzu na Deepspotu\",\"breadcrumb\":{\"@id\":\"https:\\\/\\\/www.deepspot.com\\\/cs\\\/zona-pro-instruktory\\\/den-kurzu\\\/#breadcrumb\"},\"inLanguage\":\"cs\",\"potentialAction\":[{\"@type\":\"ReadAction\",\"target\":[\"https:\\\/\\\/www.deepspot.com\\\/cs\\\/zona-pro-instruktory\\\/den-kurzu\\\/\"]}]},{\"@type\":\"BreadcrumbList\",\"@id\":\"https:\\\/\\\/www.deepspot.com\\\/cs\\\/zona-pro-instruktory\\\/den-kurzu\\\/#breadcrumb\",\"itemListElement\":[{\"@type\":\"ListItem\",\"position\":1,\"name\":\"Strona g\u0142\u00f3wna\",\"item\":\"https:\\\/\\\/www.deepspot.com\\\/cs\\\/\"},{\"@type\":\"ListItem\",\"position\":2,\"name\":\"Oblast pro instruktory\",\"item\":\"https:\\\/\\\/www.deepspot.com\\\/cs\\\/zona-pro-instruktory\\\/\"},{\"@type\":\"ListItem\",\"position\":3,\"name\":\"Den kurzu na Deepspotu\"}]},{\"@type\":\"WebSite\",\"@id\":\"https:\\\/\\\/www.deepspot.com\\\/pl\\\/#website\",\"url\":\"https:\\\/\\\/www.deepspot.com\\\/pl\\\/\",\"name\":\"Deepspot\",\"description\":\"Nov\u00e1 dimenze v pot\u00e1p\u011bn\u00ed\",\"potentialAction\":[{\"@type\":\"SearchAction\",\"target\":{\"@type\":\"EntryPoint\",\"urlTemplate\":\"https:\\\/\\\/www.deepspot.com\\\/pl\\\/?s={search_term_string}\"},\"query-input\":{\"@type\":\"PropertyValueSpecification\",\"valueRequired\":true,\"valueName\":\"search_term_string\"}}],\"inLanguage\":\"cs\"}]}<\/script>\n<!-- \/ Yoast SEO plugin. -->","yoast_head_json":{"title":"Den kurzu na Deepspotu | Deepspot","description":"Den kurzu na Deepspotu","robots":{"index":"index","follow":"follow","max-snippet":"max-snippet:-1","max-image-preview":"max-image-preview:large","max-video-preview":"max-video-preview:-1"},"canonical":"https:\/\/www.deepspot.com\/cs\/zona-pro-instruktory\/den-kurzu\/","og_locale":"cs_CZ","og_type":"article","og_title":"Den kurzu na Deepspotu | Deepspot","og_description":"Den kurzu na Deepspotu","og_url":"https:\/\/www.deepspot.com\/cs\/zona-pro-instruktory\/den-kurzu\/","og_site_name":"Deepspot","article_modified_time":"2024-05-20T08:54:01+00:00","twitter_card":"summary_large_image","schema":{"@context":"https:\/\/schema.org","@graph":[{"@type":"WebPage","@id":"https:\/\/www.deepspot.com\/cs\/zona-pro-instruktory\/den-kurzu\/","url":"https:\/\/www.deepspot.com\/cs\/zona-pro-instruktory\/den-kurzu\/","name":"Den kurzu na Deepspotu | Deepspot","isPartOf":{"@id":"https:\/\/www.deepspot.com\/pl\/#website"},"datePublished":"2021-12-30T13:07:17+00:00","dateModified":"2024-05-20T08:54:01+00:00","description":"Den kurzu na Deepspotu","breadcrumb":{"@id":"https:\/\/www.deepspot.com\/cs\/zona-pro-instruktory\/den-kurzu\/#breadcrumb"},"inLanguage":"cs","potentialAction":[{"@type":"ReadAction","target":["https:\/\/www.deepspot.com\/cs\/zona-pro-instruktory\/den-kurzu\/"]}]},{"@type":"BreadcrumbList","@id":"https:\/\/www.deepspot.com\/cs\/zona-pro-instruktory\/den-kurzu\/#breadcrumb","itemListElement":[{"@type":"ListItem","position":1,"name":"Strona g\u0142\u00f3wna","item":"https:\/\/www.deepspot.com\/cs\/"},{"@type":"ListItem","position":2,"name":"Oblast pro instruktory","item":"https:\/\/www.deepspot.com\/cs\/zona-pro-instruktory\/"},{"@type":"ListItem","position":3,"name":"Den kurzu na Deepspotu"}]},{"@type":"WebSite","@id":"https:\/\/www.deepspot.com\/pl\/#website","url":"https:\/\/www.deepspot.com\/pl\/","name":"Deepspot","description":"Nov\u00e1 dimenze v pot\u00e1p\u011bn\u00ed","potentialAction":[{"@type":"SearchAction","target":{"@type":"EntryPoint","urlTemplate":"https:\/\/www.deepspot.com\/pl\/?s={search_term_string}"},"query-input":{"@type":"PropertyValueSpecification","valueRequired":true,"valueName":"search_term_string"}}],"inLanguage":"cs"}]}},"_links":{"self":[{"href":"https:\/\/www.deepspot.com\/cs\/wp-json\/wp\/v2\/pages\/15040","targetHints":{"allow":["GET"]}}],"collection":[{"href":"https:\/\/www.deepspot.com\/cs\/wp-json\/wp\/v2\/pages"}],"about":[{"href":"https:\/\/www.deepspot.com\/cs\/wp-json\/wp\/v2\/types\/page"}],"author":[{"embeddable":true,"href":"https:\/\/www.deepspot.com\/cs\/wp-json\/wp\/v2\/users\/18"}],"replies":[{"embeddable":true,"href":"https:\/\/www.deepspot.com\/cs\/wp-json\/wp\/v2\/comments?post=15040"}],"version-history":[{"count":17,"href":"https:\/\/www.deepspot.com\/cs\/wp-json\/wp\/v2\/pages\/15040\/revisions"}],"predecessor-version":[{"id":44925,"href":"https:\/\/www.deepspot.com\/cs\/wp-json\/wp\/v2\/pages\/15040\/revisions\/44925"}],"up":[{"embeddable":true,"href":"https:\/\/www.deepspot.com\/cs\/wp-json\/wp\/v2\/pages\/4673"}],"wp:attachment":[{"href":"https:\/\/www.deepspot.com\/cs\/wp-json\/wp\/v2\/media?parent=15040"}],"curies":[{"name":"wp","href":"https:\/\/api.w.org\/{rel}","templated":true}]}}