{"id":17622,"date":"2022-02-16T17:03:00","date_gmt":"2022-02-16T16:03:00","guid":{"rendered":"https:\/\/www.deepspot.com\/?page_id=17622"},"modified":"2025-04-25T12:25:28","modified_gmt":"2025-04-25T10:25:28","slug":"deepspot-refresh-osvezte-si-sve-kompetence","status":"publish","type":"page","link":"https:\/\/www.deepspot.com\/cs\/pro-koho\/scuba-diving\/deepspot-refresh-osvezte-si-sve-kompetence\/","title":{"rendered":"Deepspot REFRESH &#8211; osv\u011b\u017ete si sv\u00e9 kompetence!"},"content":{"rendered":"","protected":false},"excerpt":{"rendered":"","protected":false},"author":5,"featured_media":0,"parent":4655,"menu_order":30,"comment_status":"closed","ping_status":"closed","template":"template-lp-voucher.php","meta":{"_acf_changed":false,"footnotes":""},"class_list":["post-17622","page","type-page","status-publish","hentry"],"acf":[],"_links":{"self":[{"href":"https:\/\/www.deepspot.com\/cs\/wp-json\/wp\/v2\/pages\/17622","targetHints":{"allow":["GET"]}}],"collection":[{"href":"https:\/\/www.deepspot.com\/cs\/wp-json\/wp\/v2\/pages"}],"about":[{"href":"https:\/\/www.deepspot.com\/cs\/wp-json\/wp\/v2\/types\/page"}],"author":[{"embeddable":true,"href":"https:\/\/www.deepspot.com\/cs\/wp-json\/wp\/v2\/users\/5"}],"replies":[{"embeddable":true,"href":"https:\/\/www.deepspot.com\/cs\/wp-json\/wp\/v2\/comments?post=17622"}],"version-history":[{"count":3,"href":"https:\/\/www.deepspot.com\/cs\/wp-json\/wp\/v2\/pages\/17622\/revisions"}],"predecessor-version":[{"id":41903,"href":"https:\/\/www.deepspot.com\/cs\/wp-json\/wp\/v2\/pages\/17622\/revisions\/41903"}],"up":[{"embeddable":true,"href":"https:\/\/www.deepspot.com\/cs\/wp-json\/wp\/v2\/pages\/4655"}],"wp:attachment":[{"href":"https:\/\/www.deepspot.com\/cs\/wp-json\/wp\/v2\/media?parent=17622"}],"curies":[{"name":"wp","href":"https:\/\/api.w.org\/{rel}","templated":true}]}}