{"id":24035,"date":"2022-05-31T14:48:48","date_gmt":"2022-05-31T12:48:48","guid":{"rendered":"https:\/\/www.deepspot.com\/vse-o-bojich\/"},"modified":"2024-05-20T10:49:40","modified_gmt":"2024-05-20T08:49:40","slug":"vse-o-bojich","status":"publish","type":"page","link":"https:\/\/www.deepspot.com\/cs\/pracovni\/vse-o-bojich\/","title":{"rendered":"V\u0161e o b\u00f3j\u00edch"},"content":{"rendered":"<div id=\"hero-block_5f32490b77998\" class=\"hero-block\">\r\n  <div class=\"row outer-container\">\r\n    <div>\r\n      <img decoding=\"async\" lazy src=\"data:image\/gif;base64,R0lGODlhAQABAAD\/ACwAAAAAAQABAAACADs%3D\" data-src=\"https:\/\/eco3ygde435.exactdn.com\/wp-content\/uploads\/sites\/2\/2022\/06\/bojki.jpg?strip=all\" alt=\"\">\r\n          <\/div>\r\n    <div>\r\n      <h2>V\u0161e o b\u00f3j\u00edch<\/h2><p>Bezplatn\u00fd workshop v nejhlub\u0161\u00edm pot\u00e1p\u011b\u010dsk\u00e9m baz\u00e9nu v Evrop\u011b!\nU\u017e jste sly\u0161eli o Deepspotu, ale je\u0161t\u011b jste nem\u011bli p\u0159\u00edle\u017eitost pot\u00e1p\u011bt se v nejhlub\u0161\u00edm evropsk\u00e9m baz\u00e9nu? Nebo jste n\u00e1s ji\u017e nav\u0161t\u00edvili a nyn\u00ed byste cht\u011bli v\u00edce?\nV obou p\u0159\u00edpadech m\u00e1me n\u011bco zvl\u00e1\u0161tn\u00edho!<br>\n<b>Zakupte si permanentku pro certifikovanou osobu (minim\u00e1ln\u00ed podm\u00ednkou je certifikace OWD nebo paraleln\u00ed certifikace) a z\u00edskejte zdarma workshop <\/b>veden\u00fd na Deepspotu pravd\u011bpodobn\u011b nejlep\u0161\u00edmi instruktory v pot\u00e1p\u011b\u010dsk\u00e9m pr\u016fmyslu!\n<\/p>    <\/div>\r\n  <\/div>\r\n<\/div><!-- block -->\r\n<div id=\"product-details-block_5f325b7d0e130\" class=\"product-details-block\">\r\n  <div class=\"row container\">\r\n    <div>\r\n      <h2 class=\"title\">Podrobnosti o produktu<\/h2>      <p class=\"desc\">B\u00f3jka je prvek pot\u00e1p\u011b\u010dsk\u00e9ho vybaven\u00ed, se kter\u00fdm by se m\u011bl dob\u0159e sezn\u00e1mit ka\u017ed\u00fd pot\u00e1p\u011b\u010d pl\u00e1nuj\u00edc\u00ed cestu na volnou vodu. Spr\u00e1vn\u00e9 pou\u017eit\u00ed b\u00f3jky zvy\u0161uje viditelnost pot\u00e1p\u011b\u010de ve vod\u011b, co\u017e se m\u016f\u017ee hodit zejm\u00e9na p\u0159i pot\u00e1p\u011bn\u00ed na otev\u0159en\u00e9m mo\u0159i z lodi nebo kdy\u017e pot\u0159ebujete vystoupat uprost\u0159ed jezera. \nPokud se chcete postarat o bezpe\u010dnost svou i sv\u00fdch pot\u00e1p\u011b\u010dsk\u00fdch partner\u016f, ur\u010dit\u011b p\u0159ij\u010fte na workshop, kter\u00fd zahrnuje jak teoretick\u00e1, tak praktick\u00e1 cvi\u010den\u00ed.\n<\/p>      <ul>            <li>\r\n              <p>JAK SE Z\u00da\u010cASTNIT?<\/p>\r\n              <strong> Kupte si vstupenku pro certifikovanou osobu a z\u00edskejte workshop zdarma<\/strong>\r\n            <\/li>\r\n                      <li>\r\n              <p>Je vy\u017eadov\u00e1n certifik\u00e1t<\/p>\r\n              <strong>minimum Scuba Diver \/ Indoor \/ OWD &#8211; nebo jejich ekvivalenty<\/strong>\r\n            <\/li>\r\n                      <li>\r\n              <p>Vezm\u011bte si s sebou<\/p>\r\n              <strong>POT\u00c1P\u011a\u010cSK\u00dd PO\u010c\u00cdTA\u010c (POVINN\u00c9), P\u0158EZU\u010cKY, PLAVKY, RU\u010cN\u00cdK, VOLITELN\u011a: PLOUTE, MASKA, NEOPRENOV\u00c9 PONO\u017dKY NA PLUHOV\u00c9 <\/strong>\r\n            <\/li>\r\n                      <li>\r\n              <p>D\u00e9lka workshopu<\/p>\r\n              <strong>t\u00e9ma prob\u00edr\u00e1 lektor cca 45 minut, praktick\u00e1 cvi\u010den\u00ed ve vod\u011b 1 hodina, shrnut\u00ed po vyu\u010dov\u00e1n\u00ed cca 30 minut<\/strong>\r\n            <\/li>\r\n          <\/ul>      <div class=\"button-list-wrap\"><div class=\"button-list button-type-both\"><div><a class=\"alternate_ybb\" href=\"https:\/\/cs.deepspot.com\/offer?steps=deepspot_diving-courses_wait-for-diving-course-list_32_diving-course-people-number-confirm-button\" target=\"_self\"><img decoding=\"async\" lazy src=\"data:image\/gif;base64,R0lGODlhAQABAAD\/ACwAAAAAAQABAAACADs%3D\" data-src=\"https:\/\/eco3ygde435.exactdn.com\/wp-content\/uploads\/sites\/2\/2022\/06\/250_2.jpg?strip=all\" alt=\"\"><strong>Vyu\u017eijte akce a rezervujte si workshop za 0 PLN<\/strong><\/a><\/div><\/div><\/div><div class=\"button-list-2 button-fix-yes\"><a href=\"#22784\" target=\"_self\"><strong>lub skorzystaj z promocji p\u00f3\u017aniej<\/strong><\/a><\/div>    <\/div>\r\n  <\/div>\r\n<\/div><!-- block -->\r\n<div id=\"form-popup-block_628f233ac9df4\" class=\"form-popup-block\" data-timeout=\"\">\r\n  <div class=\"row container\">\r\n    <div>\r\n            <div class=\"wpforms-container wpforms-container-save-resume\" id=\"wpforms-22784\"><form id=\"wpforms-form-22784\" class=\"wpforms-validate wpforms-form\" data-formid=\"22784\" method=\"post\" enctype=\"multipart\/form-data\" action=\"\/cs\/wp-json\/wp\/v2\/pages\/24035\" data-token=\"101c595ae094f7a72efd54811f84a427\" data-token-time=\"1775287104\"><div class=\"wpforms-head-container\"><div class=\"wpforms-title\">&quot;V\u0161e o Boykinsech&quot; &#8211; zanechte kontakt<\/div><\/div><noscript class=\"wpforms-error-noscript\">Chcete-li vyplnit tento formul\u00e1\u0159, pros\u00edm povolte v prohl\u00ed\u017ee\u010di JavaScript.<\/noscript><div class=\"wpforms-field-container\"><div id=\"wpforms-22784-field_0-container\" class=\"wpforms-field wpforms-field-name\" data-field-id=\"0\"><label class=\"wpforms-field-label wpforms-label-hide\" for=\"wpforms-22784-field_0\">N\u00e1zev <span class=\"wpforms-required-label\">*<\/span><\/label><input type=\"text\" id=\"wpforms-22784-field_0\" class=\"wpforms-field-medium wpforms-field-required\" name=\"wpforms[fields][0]\" placeholder=\"N\u00e1zev\" required><\/div><div id=\"wpforms-22784-field_3-container\" class=\"wpforms-field wpforms-field-phone\" data-field-id=\"3\"><label class=\"wpforms-field-label wpforms-label-hide\" for=\"wpforms-22784-field_3\">telephone <span class=\"wpforms-required-label\">*<\/span><\/label><input type=\"tel\" id=\"wpforms-22784-field_3\" class=\"wpforms-field-medium wpforms-field-required wpforms-smart-phone-field\" data-rule-smart-phone-field=\"true\" name=\"wpforms[fields][3]\" placeholder=\"telephone\" aria-label=\"telephone\" required><\/div><div id=\"wpforms-22784-field_8-container\" class=\"wpforms-field wpforms-field-email\" data-field-id=\"8\"><label class=\"wpforms-field-label wpforms-label-hide\" for=\"wpforms-22784-field_8\">Email <span class=\"wpforms-required-label\">*<\/span><\/label><input type=\"email\" id=\"wpforms-22784-field_8\" class=\"wpforms-field-medium wpforms-field-required\" name=\"wpforms[fields][8]\" placeholder=\"Email\" spellcheck=\"false\" required><\/div><div id=\"wpforms-22784-field_6-container\" class=\"wpforms-field wpforms-field-checkbox\" data-field-id=\"6\"><label class=\"wpforms-field-label wpforms-label-hide\">Za\u0161krt\u00e1vac\u00ed pol\u00ed\u010dka <span class=\"wpforms-required-label\">*<\/span><\/label><ul id=\"wpforms-22784-field_6\" class=\"wpforms-field-required\"><li class=\"choice-1 depth-1\"><input type=\"checkbox\" id=\"wpforms-22784-field_6_1\" name=\"wpforms[fields][6][]\" value=\"Souhlas\u00edm se zpracov\u00e1n\u00edm \u00fadaj\u016f uveden\u00fdch ve formul\u00e1\u0159i v souladu se &lt;a target=&quot;_blank&quot; href=&quot;https:\/\/www.deepspot.com\/cs\/politika-duvernosti\/&quot;&gt;z\u00e1sadami ochrany osobn\u00edch \u00fadaj\u016f&lt;\/a&gt;.\" required ><label class=\"wpforms-field-label-inline\" for=\"wpforms-22784-field_6_1\">Souhlas\u00edm se zpracov\u00e1n\u00edm \u00fadaj\u016f uveden\u00fdch ve formul\u00e1\u0159i v souladu se <a target=\"_blank\" href=\"https:\/\/www.deepspot.com\/cs\/politika-duvernosti\/\">z\u00e1sadami ochrany osobn\u00edch \u00fadaj\u016f<\/a>.<\/label><\/li><\/ul><\/div><\/div><!-- .wpforms-field-container --><div class=\"wpforms-recaptcha-container wpforms-is-recaptcha wpforms-is-recaptcha-type-invisible\" ><div class=\"g-recaptcha\" data-sitekey=\"6LcMArsZAAAAAIr72bVExYOguqD14Nf2vW8sTDwd\" data-size=\"invisible\"><\/div><\/div><div class=\"wpforms-submit-container\" ><input type=\"hidden\" name=\"wpforms[id]\" value=\"22784\"><input type=\"hidden\" name=\"page_title\" value=\"\"><input type=\"hidden\" name=\"page_url\" value=\"https:\/\/www.deepspot.com\/cs\/wp-json\/wp\/v2\/pages\/24035\"><input type=\"hidden\" name=\"url_referer\" value=\"\"><button type=\"submit\" name=\"wpforms[submit]\" id=\"wpforms-submit-22784\" class=\"wpforms-submit\" data-alt-text=\"Odesl\u00e1n\u00ed...\" data-submit-text=\"Odeslat\" aria-live=\"assertive\" value=\"wpforms-submit\">Odeslat<\/button><\/div><\/form><\/div>  <!-- .wpforms-container -->      <a class=\"close-form-popup\" href=\"#\">zav\u0159\u00edt <svg xmlns=\"http:\/\/www.w3.org\/2000\/svg\" width=\"23\" height=\"23\" viewBox=\"0 0 23 23\"><g><g><g><path fill=\"none\" stroke=\"#9ca0a3\" stroke-linejoin=\"round\" stroke-miterlimit=\"50\" stroke-width=\"\" d=\"M22 1L1 22\"><\/path><\/g><g><path fill=\"none\" stroke=\"#9ca0a3\" stroke-linejoin=\"round\" stroke-miterlimit=\"50\" stroke-width=\"\" d=\"M22 22L1 1\"><\/path><\/g><\/g><\/g><\/svg><\/a>\r\n    <\/div>\r\n  <\/div>\r\n<\/div><!-- block -->\r\n<div id=\"fancy-display-block_6290989f947dd\" class=\"fancy-display-block fancy-repeater-block\">\r\n  <div class=\"row container\">\r\n          <div class=\"fancy-repeater-item\">\r\n        <div class=\"text-container\">\r\n          <h2 class=\"title\">V\u0161e o b\u00f3j\u00edch<\/h2>\r\n                    <p>B\u00f3jka je sou\u010d\u00e1st pot\u00e1p\u011b\u010dsk\u00e9ho vybaven\u00ed, kterou mus\u00ed ka\u017ed\u00fd pot\u00e1p\u011b\u010d dob\u0159e zn\u00e1t a um\u011bt ji spr\u00e1vn\u011b pou\u017e\u00edvat. Spr\u00e1vn\u00e9 pou\u017eit\u00ed b\u00f3jky zvy\u0161uje bezpe\u010dnost pot\u00e1p\u011b\u010de &#8211; viditelnost pot\u00e1p\u011b\u010de ve vod\u011b p\u0159i pot\u00e1p\u011bn\u00ed z lodi na otev\u0159en\u00e9m mo\u0159i nebo v p\u0159\u00edpad\u011b nouze! <\/p>\r\n          <div class=\"buttons\"><a class=\"btn\" href=\"https:\/\/cs.deepspot.com\/offer?steps=deepspot_diving-courses_wait-for-diving-course-list_32_diving-course-people-number-confirm-button\" target=\"_self\">Kniha<\/a><\/div>        <\/div>\r\n        <div>\r\n          <img decoding=\"async\" lazy src=\"data:image\/gif;base64,R0lGODlhAQABAAD\/ACwAAAAAAQABAAACADs%3D\" data-src=\"https:\/\/eco3ygde435.exactdn.com\/wp-content\/uploads\/sites\/2\/2022\/05\/Bojka-670x670-1.jpg?strip=all\" alt=\"\">\r\n        <\/div>\r\n      <\/div>\r\n          <div class=\"fancy-repeater-item\">\r\n        <div class=\"text-container with-subtitle\">\r\n          <h2 class=\"title\">NI\u017d\u0160\u00cd SPOT\u0158EBA VZDUCHU<\/h2>\r\n          <strong class=\"subtitle\">Nebo v\u00e1s mo\u017en\u00e1 tak\u00e9 zaj\u00edm\u00e1?<\/strong>          <p>Workshop &#8220;Pou\u017e\u00edv\u00e1n\u00ed men\u0161\u00edho mno\u017estv\u00ed vzduchu&#8221; je o tom, jak spr\u00e1vn\u011b a bezpe\u010dn\u011b d\u00fdchat a pohybovat se pod vodou, abyste se dostali na vy\u0161\u0161\u00ed \u00farove\u0148 pot\u00e1p\u011bn\u00ed a &#8220;vypili&#8221; l\u00e1hev pomaleji. Nejde jen o such\u00e9 znalosti, ale tak\u00e9 o p\u0159\u00edle\u017eitost procvi\u010dit si nov\u00e9 dovednosti v nejhlub\u0161\u00edm baz\u00e9nu v Evrop\u011b.<\/p>\r\n          <div class=\"buttons\"><a class=\"btn\" href=\"https:\/\/cs.deepspot.com\/offer?steps=deepspot_diving-courses_wait-for-diving-course-list_31_diving-course-people-number-confirm-button\" target=\"_self\">Kniha<\/a><\/div>        <\/div>\r\n        <div>\r\n          <img decoding=\"async\" lazy src=\"data:image\/gif;base64,R0lGODlhAQABAAD\/ACwAAAAAAQABAAACADs%3D\" data-src=\"https:\/\/eco3ygde435.exactdn.com\/wp-content\/uploads\/sites\/2\/2022\/05\/Pedro-670x670-1.jpg?strip=all\" alt=\"\">\r\n        <\/div>\r\n      <\/div>\r\n      <\/div>\r\n<\/div><!-- block -->\r\n","protected":false},"excerpt":{"rendered":"","protected":false},"author":18,"featured_media":22667,"parent":36670,"menu_order":23,"comment_status":"closed","ping_status":"closed","template":"","meta":{"_acf_changed":false,"footnotes":""},"class_list":["post-24035","page","type-page","status-publish","has-post-thumbnail","hentry"],"acf":[],"_links":{"self":[{"href":"https:\/\/www.deepspot.com\/cs\/wp-json\/wp\/v2\/pages\/24035","targetHints":{"allow":["GET"]}}],"collection":[{"href":"https:\/\/www.deepspot.com\/cs\/wp-json\/wp\/v2\/pages"}],"about":[{"href":"https:\/\/www.deepspot.com\/cs\/wp-json\/wp\/v2\/types\/page"}],"author":[{"embeddable":true,"href":"https:\/\/www.deepspot.com\/cs\/wp-json\/wp\/v2\/users\/18"}],"replies":[{"embeddable":true,"href":"https:\/\/www.deepspot.com\/cs\/wp-json\/wp\/v2\/comments?post=24035"}],"version-history":[{"count":7,"href":"https:\/\/www.deepspot.com\/cs\/wp-json\/wp\/v2\/pages\/24035\/revisions"}],"predecessor-version":[{"id":44900,"href":"https:\/\/www.deepspot.com\/cs\/wp-json\/wp\/v2\/pages\/24035\/revisions\/44900"}],"up":[{"embeddable":true,"href":"https:\/\/www.deepspot.com\/cs\/wp-json\/wp\/v2\/pages\/36670"}],"wp:featuredmedia":[{"embeddable":true,"href":"https:\/\/www.deepspot.com\/cs\/wp-json\/wp\/v2\/media\/22667"}],"wp:attachment":[{"href":"https:\/\/www.deepspot.com\/cs\/wp-json\/wp\/v2\/media?parent=24035"}],"curies":[{"name":"wp","href":"https:\/\/api.w.org\/{rel}","templated":true}]}}