{"id":27322,"date":"2022-11-15T09:48:40","date_gmt":"2022-11-15T08:48:40","guid":{"rendered":"https:\/\/www.deepspot.com\/?page_id=27322"},"modified":"2025-10-29T10:37:10","modified_gmt":"2025-10-29T09:37:10","slug":"cerny-tyden-v-deepspotu","status":"publish","type":"page","link":"https:\/\/www.deepspot.com\/cs\/cerny-tyden-v-deepspotu\/","title":{"rendered":"\u010cERN\u00dd M\u011aS\u00cdC V DEEPSPOTU"},"content":{"rendered":"","protected":false},"excerpt":{"rendered":"","protected":false},"author":19,"featured_media":0,"parent":0,"menu_order":30,"comment_status":"closed","ping_status":"closed","template":"template-lp-voucher.php","meta":{"_acf_changed":false,"footnotes":""},"class_list":["post-27322","page","type-page","status-publish","hentry"],"acf":[],"_links":{"self":[{"href":"https:\/\/www.deepspot.com\/cs\/wp-json\/wp\/v2\/pages\/27322","targetHints":{"allow":["GET"]}}],"collection":[{"href":"https:\/\/www.deepspot.com\/cs\/wp-json\/wp\/v2\/pages"}],"about":[{"href":"https:\/\/www.deepspot.com\/cs\/wp-json\/wp\/v2\/types\/page"}],"author":[{"embeddable":true,"href":"https:\/\/www.deepspot.com\/cs\/wp-json\/wp\/v2\/users\/19"}],"replies":[{"embeddable":true,"href":"https:\/\/www.deepspot.com\/cs\/wp-json\/wp\/v2\/comments?post=27322"}],"version-history":[{"count":3,"href":"https:\/\/www.deepspot.com\/cs\/wp-json\/wp\/v2\/pages\/27322\/revisions"}],"predecessor-version":[{"id":57684,"href":"https:\/\/www.deepspot.com\/cs\/wp-json\/wp\/v2\/pages\/27322\/revisions\/57684"}],"wp:attachment":[{"href":"https:\/\/www.deepspot.com\/cs\/wp-json\/wp\/v2\/media?parent=27322"}],"curies":[{"name":"wp","href":"https:\/\/api.w.org\/{rel}","templated":true}]}}