{"id":27789,"date":"2022-12-02T09:59:06","date_gmt":"2022-12-02T08:59:06","guid":{"rendered":"https:\/\/www.deepspot.com\/?page_id=27789"},"modified":"2026-03-24T14:50:00","modified_gmt":"2026-03-24T13:50:00","slug":"vanocni-darky-primo-z-deepspotu","status":"publish","type":"page","link":"https:\/\/www.deepspot.com\/cs\/vanocni-darky-primo-z-deepspotu\/","title":{"rendered":"V\u00c1NO\u010cN\u00cd D\u00c1RKY P\u0158\u00cdMO Z DEEPSPOTU"},"content":{"rendered":"\n<p><\/p>\n\n\n\n<p><\/p>\n","protected":false},"excerpt":{"rendered":"","protected":false},"author":5,"featured_media":0,"parent":0,"menu_order":30,"comment_status":"closed","ping_status":"closed","template":"template-lp-voucher.php","meta":{"_acf_changed":false,"footnotes":""},"class_list":["post-27789","page","type-page","status-publish","hentry"],"acf":[],"_links":{"self":[{"href":"https:\/\/www.deepspot.com\/cs\/wp-json\/wp\/v2\/pages\/27789","targetHints":{"allow":["GET"]}}],"collection":[{"href":"https:\/\/www.deepspot.com\/cs\/wp-json\/wp\/v2\/pages"}],"about":[{"href":"https:\/\/www.deepspot.com\/cs\/wp-json\/wp\/v2\/types\/page"}],"author":[{"embeddable":true,"href":"https:\/\/www.deepspot.com\/cs\/wp-json\/wp\/v2\/users\/5"}],"replies":[{"embeddable":true,"href":"https:\/\/www.deepspot.com\/cs\/wp-json\/wp\/v2\/comments?post=27789"}],"version-history":[{"count":2,"href":"https:\/\/www.deepspot.com\/cs\/wp-json\/wp\/v2\/pages\/27789\/revisions"}],"predecessor-version":[{"id":35881,"href":"https:\/\/www.deepspot.com\/cs\/wp-json\/wp\/v2\/pages\/27789\/revisions\/35881"}],"wp:attachment":[{"href":"https:\/\/www.deepspot.com\/cs\/wp-json\/wp\/v2\/media?parent=27789"}],"curies":[{"name":"wp","href":"https:\/\/api.w.org\/{rel}","templated":true}]}}