{"id":34494,"date":"2023-10-12T11:28:06","date_gmt":"2023-10-12T09:28:06","guid":{"rendered":"https:\/\/www.deepspot.com\/?page_id=34494"},"modified":"2024-05-20T10:37:00","modified_gmt":"2024-05-20T08:37:00","slug":"vstup-do-skoleni-ve-spolecnosti-deepspot","status":"publish","type":"page","link":"https:\/\/www.deepspot.com\/cs\/zona-pro-instruktory\/vstup-do-skoleni-ve-spolecnosti-deepspot\/","title":{"rendered":"Vstup do \u0161kolen\u00ed ve spole\u010dnosti Deepspot"},"content":{"rendered":"<div id=\"hero-block_0fa42371d56792de2272fe4e4bc8e04e\" class=\"hero-block\">\r\n  <div class=\"row outer-container\">\r\n    <div>\r\n      <img decoding=\"async\" lazy src=\"data:image\/gif;base64,R0lGODlhAQABAAD\/ACwAAAAAAQABAAACADs%3D\" data-src=\"https:\/\/eco3ygde435.exactdn.com\/wp-content\/uploads\/sites\/2\/2023\/10\/DS-3.jpg?strip=all\" alt=\"\">\r\n          <\/div>\r\n    <div>\r\n      <h2>TR\u00c9NINKOV\u00dd PAS<\/h2><p>\n          <h4>Nab\u00eddka <b>pouze<\/b> pro <b>instruktory<\/b>.  \n<br><\/br> \n<b>Training Entry<\/b> je hlavn\u00edm a <b>nejpou\u017e\u00edvan\u011bj\u0161\u00edm<\/b> produktem pro \u0161kolitele <b>B2B<\/b>. V r\u00e1mci t\u00e9to nab\u00eddky m\u016f\u017eete <b>absolvovat kurzy<\/b> v <b>tepl\u00e9,<\/b> k\u0159i\u0161\u0165\u00e1lov\u011b <b>\u010dist\u00e9<\/b> vod\u011b na\u0161eho za\u0159\u00edzen\u00ed. <b>Vybaven\u00ed<\/b>? V\u0161e v\u00e1m <b>poskytneme<\/b>! &#8211; to v\u0161e je k dispozici za <b>vynikaj\u00edc\u00ed<\/b> cenu.  \n<br><\/br> \n<b>Aktu\u00e1ln\u00ed<\/b> cen\u00edk a vstupn\u00ed <b>\u010dasy<\/b> si m\u016f\u017eete prohl\u00e9dnout v <b>cen\u00edku B2B<\/b>.<\/h4>\n        <\/p>    <\/div>\r\n  <\/div>\r\n<\/div><!-- block -->\r\n<div id=\"features-block_2d929c73aa701a38c7bc3cfa1aaa3081\" class=\"features-block\">\r\n  <div class=\"row container\">\r\n    <div>\r\n            <h2 class=\"title\">VSTUPN\u00c9 NA TR\u00c9NINK V DEEPSPOTU JE:<\/h2>\r\n      <div>\r\n                    <div>\r\n              <div class=\"icon-wrap\">\r\n                <img decoding=\"async\" src=\"https:\/\/eco3ygde435.exactdn.com\/wp-content\/uploads\/sites\/2\/2023\/10\/DS_KULKA.png?strip=all\" alt=\"\" src=\"\">\r\n              <\/div>\r\n              <strong>\n          <h2>FLEXIBILITA \u0160KOLEN\u00cd<\/h2>\n        <\/strong>\r\n              <p><h4><b>Vstup na \u0161kolen\u00ed<\/b> si m\u016f\u017eete rezervovat od <b>pond\u011bl\u00ed<\/b> do <b>p\u00e1tku<\/b> b\u011bhem otev\u00edrac\u00ed doby Deepspotu a v <b>ned\u011bli<\/b> od <b>15:00<\/b> do zav\u00edrac\u00ed doby.  <br \/>\n<br \/>\nV r\u00e1mci t\u00e9to nab\u00eddky m\u00e1te <b>vy<\/b> i <b>v\u00e1\u0161 student<\/b> k dispozici po jedn\u00e9 <b>12<\/b> nebo <b>15litrov\u00e9<\/b> <b>vzduchov\u00e9 lahvi<\/b>.  <\/p>\r\n            <\/div>\r\n                      <div>\r\n              <div class=\"icon-wrap\">\r\n                <img decoding=\"async\" src=\"https:\/\/eco3ygde435.exactdn.com\/wp-content\/uploads\/sites\/2\/2023\/10\/DS_KULKA.png?strip=all\" alt=\"\" src=\"\">\r\n              <\/div>\r\n              <strong>\n          <h2>VYBAVEN\u00cd<\/h2>\n        <\/strong>\r\n              <p><h4>Vstupn\u00ed poplatek zahrnuje ve\u0161ker\u00e9 vybaven\u00ed pro studenta a instruktora, tj. masky, \u0161norchly, ploutve, vesty BCD, automaty a 12 nebo 15litrov\u00e9 vzduchov\u00e9 l\u00e1hve.<\/p>\r\n            <\/div>\r\n                      <div>\r\n              <div class=\"icon-wrap\">\r\n                <img decoding=\"async\" src=\"https:\/\/eco3ygde435.exactdn.com\/wp-content\/uploads\/sites\/2\/2023\/10\/DS_KULKA.png?strip=all\" alt=\"\" src=\"\">\r\n              <\/div>\r\n              <strong>\n          <h2>P\u0158EDN\u00c1\u0160KOV\u00c9 S\u00c1LY<\/h2>\n        <\/strong>\r\n              <p><h4>V r\u00e1mci <b>\u0161kolen\u00ed<\/b> m\u016f\u017eete <b>bezplatn\u011b<\/b> vyu\u017e\u00edvat jednu z na\u0161ich <b>\u0161kolic\u00edch m\u00edstnost\u00ed<\/b>.  <br \/>\n<br \/>\nJak\u00e9koli vyu\u017eit\u00ed m\u00edstnosti je nutn\u00e9 rezervovat u vedouc\u00edho &#8211; Szymon Wzorek; e-mail: WOREK: pro@deepspot.com tel. +48 532-796-299.<\/p>\r\n            <\/div>\r\n                <\/div>\r\n          <\/div>\r\n  <\/div>\r\n<\/div><!-- block -->\r\n\n<div class=\"wp-block-group\"><div class=\"wp-block-group__inner-container is-layout-flow wp-block-group-is-layout-flow\"><div id=\"contact-person-block_e022d14f5fe4b66c43aa58ce800366a2\" class=\"contact-person-block\">\r\n  <div class=\"container\">\r\n    <h2 class=\"title\">CHCETE SI REZERVOVAT TR\u00c9NINKOVOU KARTU?<\/h2>  <\/div>\r\n  <div class=\"row outer-container\">\r\n    <div class=\"container\">\r\n      <div class=\"image-wrap\"><img decoding=\"async\" lazy src=\"data:image\/gif;base64,R0lGODlhAQABAAD\/ACwAAAAAAQABAAACADs%3D\" data-src=\"https:\/\/eco3ygde435.exactdn.com\/wp-content\/uploads\/sites\/2\/2023\/10\/Projekt-bez-tytulu-fotor-bg-remover-20231006135219.png?strip=all\" alt=\"\"><\/div>\r\n      <div class=\"text-wrap\">\r\n        <strong>SZYMON WZOREK<\/strong>        <p class=\"role\">\n          <b>V\u00c1\u0160 OSOBN\u00cd U\u010cITEL<\/b>\n        <\/p>        <div class=\"contact-list\">            <span>E-mail:<\/span>\r\n            <span>\n          <a href=\"mailto:Pro@deepspot.com\">pro@deepspot.com<\/a>\n        <\/span><br>\r\n                      <span>Telefon:<\/span>\r\n            <span>\n          <a href=\"tel:+48532796299\">+48 532-796-299<\/a>\n        <\/span><br>\r\n          <\/div>        <p class=\"text\"><br \/>\n          <h2>M\u00e1te n\u011bjak\u00e9 <b>ot\u00e1zky<\/b>? Kontakt na <b>Simona<\/b>.<\/h2><br \/>\n          <br \/>\n<br \/>\n          <br \/>\n<br \/>\n          <br \/>\n<br \/>\n          <br \/>\n<br \/>\n        <\/p><a class=\"btn\" href=\"mailto:pro@deepspot.com\" target=\"_self\"><span>NAPSAT ZPR\u00c1VU<\/span><\/a>      <\/div>\r\n    <\/div>\r\n  <\/div>\r\n<\/div><!-- block -->\r\n<\/div><\/div>\n<div id=\"true-faq-block_517422b8f0a83cc2c2ab08c1422788e6\" class=\"true-faq-block\">\r\n  <div class=\"container\">\r\n    <h2 class=\"title\">\u010cASTO KLADEN\u00c9 OT\u00c1ZKY<\/h2>\r\n    <div class=\"faq\">\r\n          <div data-faqpanel=\"1\" class=\"faq-panel\">\r\n        <strong>\n          <h2>KDO M\u016e\u017dE NAB\u00cdDKU VYU\u017d\u00cdT?<\/h2>\n        <\/strong>\r\n        <div><h3><b>Nab\u00eddka je ur\u010dena <b>pouze<\/b> pro <b>instruktory B2B<\/b>, tj. pro ty, kte\u0159\u00ed s n\u00e1mi <b>podepsali<\/b> <b>smlouvu<\/b>.<\/h3><\/div>\r\n      <\/div>\r\n          <div data-faqpanel=\"2\" class=\"faq-panel\">\r\n        <strong>\n          <h2>KOLIK STOJ\u00cd TR\u00c9NINKOV\u00dd PAS?<\/h2>\n        <\/strong>\r\n        <div><br \/>\n          <h3><b>Aktu\u00e1ln\u00ed<\/b> n\u00e1klady na n\u00e1kup <b>vstup\u016f do \u0161kolen\u00ed<\/b> si m\u016f\u017eete ov\u011b\u0159it v <b>cen\u00edku B2B<\/b>.<\/h3><br \/>\n        <\/div>\r\n      <\/div>\r\n          <div data-faqpanel=\"3\" class=\"faq-panel\">\r\n        <strong>\n          <h2>CO Z\u00cdSK\u00c1M JAKO SOU\u010c\u00c1ST NAB\u00cdDKY?<\/h2>\n        <\/strong>\r\n        <div><br \/>\n          <h3><b>Nejv\u011bt\u0161\u00ed<\/b> p\u0159ednost\u00ed <b>Training Entry<\/b> je jeho mimo\u0159\u00e1dn\u011b <b>atraktivn\u00ed cena<\/b>!  <br \/>\n<br \/>\n<b>V<\/b> cen\u011b vstupn\u00e9ho je nav\u00edc <b>zahrnuto<\/b> ve\u0161ker\u00e9 <b>vybaven\u00ed pro<\/b> <b>studenta<\/b> a <b>instruktora<\/b>, tj. <b>masky<\/b>, <b>\u0161norchly<\/b>, <b>ploutve<\/b>, <b>BCD vesty<\/b>, <b>automaty<\/b> a <b>12<\/b> nebo <b>15litrov\u00e9<\/b> <b>vzduchov\u00e9 l\u00e1hve<\/b>.  <br \/>\n<br \/>\nV r\u00e1mci t\u00e9to nab\u00eddky m\u00e1te <b>vy<\/b> i <b>v\u00e1\u0161 student<\/b> k dispozici po jedn\u00e9 <b>12<\/b> nebo <b>15litrov\u00e9<\/b> <b>vzduchov\u00e9 lahvi<\/b>.  <br \/>\n<br \/>\nM\u016f\u017eete tak\u00e9 po\u010d\u00edtat s <b>bezplatn\u00fdm<\/b> vyu\u017eit\u00edm <b>p\u0159edn\u00e1\u0161kov\u00e9 m\u00edstnosti<\/b>.<\/h3><br \/>\n          <br \/>\n<br \/>\n        <\/div>\r\n      <\/div>\r\n          <div data-faqpanel=\"4\" class=\"faq-panel\">\r\n        <strong>\n          <h2>KDE NAJDU DAL\u0160\u00cd INFORMACE?<\/h2>\n        <\/strong>\r\n        <div><br \/>\n          <h3>Nena\u0161li jste odpov\u011bdi na v\u0161echny sv\u00e9 ot\u00e1zky?  <br \/>\n<br \/>\nNapi\u0161te sv\u00e9mu <b>opatrovn\u00edkovi<\/b> &#8211; <b>Szymon Wzorek<\/b>; e-mail: <a href=\"mailto:pro@deepspot.com\"><br \/>\n  <b><br \/>\n    <font color=\"#5CB3FF\">pro@deepspot.com<\/font><br \/>\n  <\/b><br \/>\n<\/a>; tel. <b>+48 532-796-299<\/b>.<\/h3><br \/>\n        <\/div>\r\n      <\/div>\r\n        <\/div>\r\n  <\/div>\r\n<\/div><!-- block -->\r\n","protected":false},"excerpt":{"rendered":"","protected":false},"author":19,"featured_media":0,"parent":4673,"menu_order":0,"comment_status":"closed","ping_status":"closed","template":"","meta":{"_acf_changed":false,"footnotes":""},"class_list":["post-34494","page","type-page","status-publish","hentry"],"acf":[],"yoast_head":"<!-- This site is optimized with the Yoast SEO plugin v27.4 - https:\/\/yoast.com\/product\/yoast-seo-wordpress\/ -->\n<title>Vstup do \u0161kolen\u00ed ve spole\u010dnosti Deepspot | Deepspot<\/title>\n<meta name=\"description\" content=\"Vstup do \u0161kolen\u00ed ve spole\u010dnosti Deepspot\" \/>\n<meta name=\"robots\" content=\"index, follow, max-snippet:-1, max-image-preview:large, max-video-preview:-1\" \/>\n<link rel=\"canonical\" href=\"https:\/\/www.deepspot.com\/cs\/zona-pro-instruktory\/vstup-do-skoleni-ve-spolecnosti-deepspot\/\" \/>\n<meta property=\"og:locale\" content=\"cs_CZ\" \/>\n<meta property=\"og:type\" content=\"article\" \/>\n<meta property=\"og:title\" content=\"Vstup do \u0161kolen\u00ed ve spole\u010dnosti Deepspot | Deepspot\" \/>\n<meta property=\"og:description\" content=\"Vstup do \u0161kolen\u00ed ve spole\u010dnosti Deepspot\" \/>\n<meta property=\"og:url\" content=\"https:\/\/www.deepspot.com\/cs\/zona-pro-instruktory\/vstup-do-skoleni-ve-spolecnosti-deepspot\/\" \/>\n<meta property=\"og:site_name\" content=\"Deepspot\" \/>\n<meta property=\"article:modified_time\" content=\"2024-05-20T08:37:00+00:00\" \/>\n<meta name=\"twitter:card\" content=\"summary_large_image\" \/>\n<script type=\"application\/ld+json\" class=\"yoast-schema-graph\">{\"@context\":\"https:\\\/\\\/schema.org\",\"@graph\":[{\"@type\":\"WebPage\",\"@id\":\"https:\\\/\\\/www.deepspot.com\\\/cs\\\/zona-pro-instruktory\\\/vstup-do-skoleni-ve-spolecnosti-deepspot\\\/\",\"url\":\"https:\\\/\\\/www.deepspot.com\\\/cs\\\/zona-pro-instruktory\\\/vstup-do-skoleni-ve-spolecnosti-deepspot\\\/\",\"name\":\"Vstup do \u0161kolen\u00ed ve spole\u010dnosti Deepspot | Deepspot\",\"isPartOf\":{\"@id\":\"https:\\\/\\\/www.deepspot.com\\\/pl\\\/#website\"},\"datePublished\":\"2023-10-12T09:28:06+00:00\",\"dateModified\":\"2024-05-20T08:37:00+00:00\",\"description\":\"Vstup do \u0161kolen\u00ed ve spole\u010dnosti Deepspot\",\"breadcrumb\":{\"@id\":\"https:\\\/\\\/www.deepspot.com\\\/cs\\\/zona-pro-instruktory\\\/vstup-do-skoleni-ve-spolecnosti-deepspot\\\/#breadcrumb\"},\"inLanguage\":\"cs\",\"potentialAction\":[{\"@type\":\"ReadAction\",\"target\":[\"https:\\\/\\\/www.deepspot.com\\\/cs\\\/zona-pro-instruktory\\\/vstup-do-skoleni-ve-spolecnosti-deepspot\\\/\"]}]},{\"@type\":\"BreadcrumbList\",\"@id\":\"https:\\\/\\\/www.deepspot.com\\\/cs\\\/zona-pro-instruktory\\\/vstup-do-skoleni-ve-spolecnosti-deepspot\\\/#breadcrumb\",\"itemListElement\":[{\"@type\":\"ListItem\",\"position\":1,\"name\":\"Strona g\u0142\u00f3wna\",\"item\":\"https:\\\/\\\/www.deepspot.com\\\/cs\\\/\"},{\"@type\":\"ListItem\",\"position\":2,\"name\":\"Oblast pro instruktory\",\"item\":\"https:\\\/\\\/www.deepspot.com\\\/cs\\\/zona-pro-instruktory\\\/\"},{\"@type\":\"ListItem\",\"position\":3,\"name\":\"Vstup do \u0161kolen\u00ed ve spole\u010dnosti Deepspot\"}]},{\"@type\":\"WebSite\",\"@id\":\"https:\\\/\\\/www.deepspot.com\\\/pl\\\/#website\",\"url\":\"https:\\\/\\\/www.deepspot.com\\\/pl\\\/\",\"name\":\"Deepspot\",\"description\":\"Nov\u00e1 dimenze v pot\u00e1p\u011bn\u00ed\",\"potentialAction\":[{\"@type\":\"SearchAction\",\"target\":{\"@type\":\"EntryPoint\",\"urlTemplate\":\"https:\\\/\\\/www.deepspot.com\\\/pl\\\/?s={search_term_string}\"},\"query-input\":{\"@type\":\"PropertyValueSpecification\",\"valueRequired\":true,\"valueName\":\"search_term_string\"}}],\"inLanguage\":\"cs\"}]}<\/script>\n<!-- \/ Yoast SEO plugin. -->","yoast_head_json":{"title":"Vstup do \u0161kolen\u00ed ve spole\u010dnosti Deepspot | Deepspot","description":"Vstup do \u0161kolen\u00ed ve spole\u010dnosti Deepspot","robots":{"index":"index","follow":"follow","max-snippet":"max-snippet:-1","max-image-preview":"max-image-preview:large","max-video-preview":"max-video-preview:-1"},"canonical":"https:\/\/www.deepspot.com\/cs\/zona-pro-instruktory\/vstup-do-skoleni-ve-spolecnosti-deepspot\/","og_locale":"cs_CZ","og_type":"article","og_title":"Vstup do \u0161kolen\u00ed ve spole\u010dnosti Deepspot | Deepspot","og_description":"Vstup do \u0161kolen\u00ed ve spole\u010dnosti Deepspot","og_url":"https:\/\/www.deepspot.com\/cs\/zona-pro-instruktory\/vstup-do-skoleni-ve-spolecnosti-deepspot\/","og_site_name":"Deepspot","article_modified_time":"2024-05-20T08:37:00+00:00","twitter_card":"summary_large_image","schema":{"@context":"https:\/\/schema.org","@graph":[{"@type":"WebPage","@id":"https:\/\/www.deepspot.com\/cs\/zona-pro-instruktory\/vstup-do-skoleni-ve-spolecnosti-deepspot\/","url":"https:\/\/www.deepspot.com\/cs\/zona-pro-instruktory\/vstup-do-skoleni-ve-spolecnosti-deepspot\/","name":"Vstup do \u0161kolen\u00ed ve spole\u010dnosti Deepspot | Deepspot","isPartOf":{"@id":"https:\/\/www.deepspot.com\/pl\/#website"},"datePublished":"2023-10-12T09:28:06+00:00","dateModified":"2024-05-20T08:37:00+00:00","description":"Vstup do \u0161kolen\u00ed ve spole\u010dnosti Deepspot","breadcrumb":{"@id":"https:\/\/www.deepspot.com\/cs\/zona-pro-instruktory\/vstup-do-skoleni-ve-spolecnosti-deepspot\/#breadcrumb"},"inLanguage":"cs","potentialAction":[{"@type":"ReadAction","target":["https:\/\/www.deepspot.com\/cs\/zona-pro-instruktory\/vstup-do-skoleni-ve-spolecnosti-deepspot\/"]}]},{"@type":"BreadcrumbList","@id":"https:\/\/www.deepspot.com\/cs\/zona-pro-instruktory\/vstup-do-skoleni-ve-spolecnosti-deepspot\/#breadcrumb","itemListElement":[{"@type":"ListItem","position":1,"name":"Strona g\u0142\u00f3wna","item":"https:\/\/www.deepspot.com\/cs\/"},{"@type":"ListItem","position":2,"name":"Oblast pro instruktory","item":"https:\/\/www.deepspot.com\/cs\/zona-pro-instruktory\/"},{"@type":"ListItem","position":3,"name":"Vstup do \u0161kolen\u00ed ve spole\u010dnosti Deepspot"}]},{"@type":"WebSite","@id":"https:\/\/www.deepspot.com\/pl\/#website","url":"https:\/\/www.deepspot.com\/pl\/","name":"Deepspot","description":"Nov\u00e1 dimenze v pot\u00e1p\u011bn\u00ed","potentialAction":[{"@type":"SearchAction","target":{"@type":"EntryPoint","urlTemplate":"https:\/\/www.deepspot.com\/pl\/?s={search_term_string}"},"query-input":{"@type":"PropertyValueSpecification","valueRequired":true,"valueName":"search_term_string"}}],"inLanguage":"cs"}]}},"_links":{"self":[{"href":"https:\/\/www.deepspot.com\/cs\/wp-json\/wp\/v2\/pages\/34494","targetHints":{"allow":["GET"]}}],"collection":[{"href":"https:\/\/www.deepspot.com\/cs\/wp-json\/wp\/v2\/pages"}],"about":[{"href":"https:\/\/www.deepspot.com\/cs\/wp-json\/wp\/v2\/types\/page"}],"author":[{"embeddable":true,"href":"https:\/\/www.deepspot.com\/cs\/wp-json\/wp\/v2\/users\/19"}],"replies":[{"embeddable":true,"href":"https:\/\/www.deepspot.com\/cs\/wp-json\/wp\/v2\/comments?post=34494"}],"version-history":[{"count":4,"href":"https:\/\/www.deepspot.com\/cs\/wp-json\/wp\/v2\/pages\/34494\/revisions"}],"predecessor-version":[{"id":44769,"href":"https:\/\/www.deepspot.com\/cs\/wp-json\/wp\/v2\/pages\/34494\/revisions\/44769"}],"up":[{"embeddable":true,"href":"https:\/\/www.deepspot.com\/cs\/wp-json\/wp\/v2\/pages\/4673"}],"wp:attachment":[{"href":"https:\/\/www.deepspot.com\/cs\/wp-json\/wp\/v2\/media?parent=34494"}],"curies":[{"name":"wp","href":"https:\/\/api.w.org\/{rel}","templated":true}]}}