{"id":39700,"date":"2024-01-02T11:20:22","date_gmt":"2024-01-02T10:20:22","guid":{"rendered":"https:\/\/www.deepspot.com\/forum-pro-udalosti-2\/"},"modified":"2024-05-20T10:47:05","modified_gmt":"2024-05-20T08:47:05","slug":"forum-pro-udalosti-2","status":"publish","type":"page","link":"https:\/\/www.deepspot.com\/cs\/forum-pro-udalosti-2\/","title":{"rendered":"F\u00f3rum pro ud\u00e1losti"},"content":{"rendered":"<div class=\"wpforms-container wpforms-container-save-resume wpforms-block wpforms-block-79f1eeb6-c34e-456a-88ad-55837b430a57\" id=\"wpforms-39586\"><form id=\"wpforms-form-39586\" class=\"wpforms-validate wpforms-form wpforms-ajax-form\" data-formid=\"39586\" method=\"post\" enctype=\"multipart\/form-data\" action=\"\/cs\/wp-json\/wp\/v2\/pages\/39700\" data-token=\"ed4011022aedbcca44c58a144fc47759\" data-token-time=\"1776228342\"><noscript class=\"wpforms-error-noscript\">Chcete-li vyplnit tento formul\u00e1\u0159, pros\u00edm povolte v prohl\u00ed\u017ee\u010di JavaScript.<\/noscript><div class=\"wpforms-field-container\"><div id=\"wpforms-39586-field_0-container\" class=\"wpforms-field wpforms-field-name\" data-field-id=\"0\"><label class=\"wpforms-field-label\">N\u00e1zev <span class=\"wpforms-required-label\">*<\/span><\/label><div class=\"wpforms-field-row wpforms-field-medium\"><div class=\"wpforms-field-row-block wpforms-first wpforms-one-half\"><input type=\"text\" id=\"wpforms-39586-field_0\" class=\"wpforms-field-name-first wpforms-field-required\" name=\"wpforms[fields][0][first]\" required><label for=\"wpforms-39586-field_0\" class=\"wpforms-field-sublabel after\">K\u0159estn\u00ed jm\u00e9no<\/label><\/div><div class=\"wpforms-field-row-block wpforms-one-half\"><input type=\"text\" id=\"wpforms-39586-field_0-last\" class=\"wpforms-field-name-last wpforms-field-required\" name=\"wpforms[fields][0][last]\" required><label for=\"wpforms-39586-field_0-last\" class=\"wpforms-field-sublabel after\">P\u0159\u00edjmen\u00ed<\/label><\/div><\/div><\/div><div id=\"wpforms-39586-field_1-container\" class=\"wpforms-field wpforms-field-email\" data-field-id=\"1\"><label class=\"wpforms-field-label\" for=\"wpforms-39586-field_1\">E-mailov\u00e1 adresa <span class=\"wpforms-required-label\">*<\/span><\/label><input type=\"email\" id=\"wpforms-39586-field_1\" class=\"wpforms-field-medium wpforms-field-required\" name=\"wpforms[fields][1]\" spellcheck=\"false\" required><\/div><div id=\"wpforms-39586-field_3-container\" class=\"wpforms-field wpforms-field-date-time\" data-field-id=\"3\"><label class=\"wpforms-field-label\" for=\"wpforms-39586-field_3\">Datum narozen\u00ed <span class=\"wpforms-required-label\">*<\/span><\/label><div class=\"wpforms-datepicker-wrap\"><input type=\"text\" id=\"wpforms-39586-field_3\" class=\"wpforms-field-date-time-date wpforms-datepicker wpforms-field-required wpforms-field-medium\" data-date-format=\"m\/d\/Y\" data-disable-past-dates=\"0\" data-input=\"true\" name=\"wpforms[fields][3][date]\" required><a title=\"Clear Date\" data-clear role=\"button\" tabindex=\"0\" class=\"wpforms-datepicker-clear\" aria-label=\"Clear Date\" style=\"display:none;\"><\/a><\/div><\/div><div id=\"wpforms-39586-field_4-container\" class=\"wpforms-field wpforms-field-select wpforms-field-select-style-classic\" data-field-id=\"4\"><label class=\"wpforms-field-label\" for=\"wpforms-39586-field_4\">Zku\u0161enosti s pot\u00e1p\u011bn\u00edm<\/label><select id=\"wpforms-39586-field_4\" class=\"wpforms-field-medium\" name=\"wpforms[fields][4]\"><option value=\"Nem\u00e1m pot\u00e1p\u011b\u010dsk\u00fd pr\u016fkaz\"  class=\"choice-1 depth-1\"  >Nem\u00e1m pot\u00e1p\u011b\u010dsk\u00fd pr\u016fkaz<\/option><option value=\"Jsem certifikovan\u00fd pot\u00e1p\u011b\u010d\"  class=\"choice-2 depth-1\"  >Jsem certifikovan\u00fd pot\u00e1p\u011b\u010d<\/option><\/select><\/div><div id=\"wpforms-39586-field_6-container\" class=\"wpforms-field wpforms-field-select wpforms-field-select-style-classic\" data-field-id=\"6\"><label class=\"wpforms-field-label\" for=\"wpforms-39586-field_6\">U\u017e jste se pot\u00e1p\u011bli v Deepspotu?<\/label><select id=\"wpforms-39586-field_6\" class=\"wpforms-field-medium\" name=\"wpforms[fields][6]\"><option value=\"Ano\"  class=\"choice-1 depth-1\"  >Ano<\/option><option value=\"Ne\"  class=\"choice-2 depth-1\"  >Ne<\/option><\/select><\/div><div id=\"wpforms-39586-field_7-container\" class=\"wpforms-field wpforms-field-checkbox\" data-field-id=\"7\"><label class=\"wpforms-field-label wpforms-label-hide\">Za\u0161krt\u00e1vac\u00ed pol\u00ed\u010dka <span class=\"wpforms-required-label\">*<\/span><\/label><ul id=\"wpforms-39586-field_7\" class=\"wpforms-field-required\"><li class=\"choice-3 depth-1\"><input type=\"checkbox\" id=\"wpforms-39586-field_7_3\" name=\"wpforms[fields][7][]\" value=\"Souhlas\u00edm se zpracov\u00e1n\u00edm \u00fadaj\u016f uveden\u00fdch ve formul\u00e1\u0159i v souladu se &lt;a target=&quot;_blank&quot; href=&quot;https:\/\/www.deepspot.com\/cs\/politika-duvernosti\/&quot;&gt;z\u00e1sadami ochrany osobn\u00edch \u00fadaj\u016f&lt;\/a&gt;.\" required ><label class=\"wpforms-field-label-inline\" for=\"wpforms-39586-field_7_3\">Souhlas\u00edm se zpracov\u00e1n\u00edm \u00fadaj\u016f uveden\u00fdch ve formul\u00e1\u0159i v souladu se <a target=\"_blank\" href=\"https:\/\/www.deepspot.com\/cs\/politika-duvernosti\/\">z\u00e1sadami ochrany osobn\u00edch \u00fadaj\u016f<\/a>.<\/label><\/li><\/ul><\/div><\/div><!-- .wpforms-field-container --><div class=\"wpforms-submit-container\" ><input type=\"hidden\" name=\"wpforms[id]\" value=\"39586\"><input type=\"hidden\" name=\"page_title\" value=\"\"><input type=\"hidden\" name=\"page_url\" value=\"https:\/\/www.deepspot.com\/cs\/wp-json\/wp\/v2\/pages\/39700\"><input type=\"hidden\" name=\"url_referer\" value=\"\"><button type=\"submit\" name=\"wpforms[submit]\" id=\"wpforms-submit-39586\" class=\"wpforms-submit\" data-alt-text=\"Odesl\u00e1n\u00ed...\" data-submit-text=\"Odeslat\" aria-live=\"assertive\" value=\"wpforms-submit\">Odeslat<\/button><img decoding=\"async\" src=\"https:\/\/eco3ygde435.exactdn.com\/wp-content\/plugins\/wpforms\/assets\/images\/submit-spin.svg\" class=\"wpforms-submit-spinner\" style=\"display: none;\" width=\"26\" height=\"26\" alt=\"Na\u010d\u00edt\u00e1n\u00ed\"><\/div><\/form><\/div>  <!-- .wpforms-container -->","protected":false},"excerpt":{"rendered":"","protected":false},"author":1,"featured_media":0,"parent":0,"menu_order":10000,"comment_status":"closed","ping_status":"closed","template":"","meta":{"_acf_changed":false,"footnotes":""},"class_list":["post-39700","page","type-page","status-publish","hentry"],"acf":[],"yoast_head":"<!-- This site is optimized with the Yoast SEO plugin v27.3 - https:\/\/yoast.com\/product\/yoast-seo-wordpress\/ -->\n<title>F\u00f3rum pro ud\u00e1losti | Deepspot<\/title>\n<meta name=\"description\" content=\"F\u00f3rum pro ud\u00e1losti\" \/>\n<meta name=\"robots\" content=\"index, follow, max-snippet:-1, max-image-preview:large, max-video-preview:-1\" \/>\n<link rel=\"canonical\" href=\"https:\/\/www.deepspot.com\/cs\/forum-pro-udalosti-2\/\" \/>\n<meta property=\"og:locale\" content=\"cs_CZ\" \/>\n<meta property=\"og:type\" content=\"article\" \/>\n<meta property=\"og:title\" content=\"F\u00f3rum pro ud\u00e1losti | Deepspot\" \/>\n<meta property=\"og:description\" content=\"F\u00f3rum pro ud\u00e1losti\" \/>\n<meta property=\"og:url\" content=\"https:\/\/www.deepspot.com\/cs\/forum-pro-udalosti-2\/\" \/>\n<meta property=\"og:site_name\" content=\"Deepspot\" \/>\n<meta property=\"article:modified_time\" content=\"2024-05-20T08:47:05+00:00\" \/>\n<meta name=\"twitter:card\" content=\"summary_large_image\" \/>\n<script type=\"application\/ld+json\" class=\"yoast-schema-graph\">{\"@context\":\"https:\\\/\\\/schema.org\",\"@graph\":[{\"@type\":\"WebPage\",\"@id\":\"https:\\\/\\\/www.deepspot.com\\\/cs\\\/forum-pro-udalosti-2\\\/\",\"url\":\"https:\\\/\\\/www.deepspot.com\\\/cs\\\/forum-pro-udalosti-2\\\/\",\"name\":\"F\u00f3rum pro ud\u00e1losti | Deepspot\",\"isPartOf\":{\"@id\":\"https:\\\/\\\/www.deepspot.com\\\/pl\\\/#website\"},\"datePublished\":\"2024-01-02T10:20:22+00:00\",\"dateModified\":\"2024-05-20T08:47:05+00:00\",\"description\":\"F\u00f3rum pro ud\u00e1losti\",\"breadcrumb\":{\"@id\":\"https:\\\/\\\/www.deepspot.com\\\/cs\\\/forum-pro-udalosti-2\\\/#breadcrumb\"},\"inLanguage\":\"cs\",\"potentialAction\":[{\"@type\":\"ReadAction\",\"target\":[\"https:\\\/\\\/www.deepspot.com\\\/cs\\\/forum-pro-udalosti-2\\\/\"]}]},{\"@type\":\"BreadcrumbList\",\"@id\":\"https:\\\/\\\/www.deepspot.com\\\/cs\\\/forum-pro-udalosti-2\\\/#breadcrumb\",\"itemListElement\":[{\"@type\":\"ListItem\",\"position\":1,\"name\":\"Strona g\u0142\u00f3wna\",\"item\":\"https:\\\/\\\/www.deepspot.com\\\/cs\\\/\"},{\"@type\":\"ListItem\",\"position\":2,\"name\":\"F\u00f3rum pro ud\u00e1losti\"}]},{\"@type\":\"WebSite\",\"@id\":\"https:\\\/\\\/www.deepspot.com\\\/pl\\\/#website\",\"url\":\"https:\\\/\\\/www.deepspot.com\\\/pl\\\/\",\"name\":\"Deepspot\",\"description\":\"Nov\u00e1 dimenze v pot\u00e1p\u011bn\u00ed\",\"potentialAction\":[{\"@type\":\"SearchAction\",\"target\":{\"@type\":\"EntryPoint\",\"urlTemplate\":\"https:\\\/\\\/www.deepspot.com\\\/pl\\\/?s={search_term_string}\"},\"query-input\":{\"@type\":\"PropertyValueSpecification\",\"valueRequired\":true,\"valueName\":\"search_term_string\"}}],\"inLanguage\":\"cs\"}]}<\/script>\n<!-- \/ Yoast SEO plugin. -->","yoast_head_json":{"title":"F\u00f3rum pro ud\u00e1losti | Deepspot","description":"F\u00f3rum pro ud\u00e1losti","robots":{"index":"index","follow":"follow","max-snippet":"max-snippet:-1","max-image-preview":"max-image-preview:large","max-video-preview":"max-video-preview:-1"},"canonical":"https:\/\/www.deepspot.com\/cs\/forum-pro-udalosti-2\/","og_locale":"cs_CZ","og_type":"article","og_title":"F\u00f3rum pro ud\u00e1losti | Deepspot","og_description":"F\u00f3rum pro ud\u00e1losti","og_url":"https:\/\/www.deepspot.com\/cs\/forum-pro-udalosti-2\/","og_site_name":"Deepspot","article_modified_time":"2024-05-20T08:47:05+00:00","twitter_card":"summary_large_image","schema":{"@context":"https:\/\/schema.org","@graph":[{"@type":"WebPage","@id":"https:\/\/www.deepspot.com\/cs\/forum-pro-udalosti-2\/","url":"https:\/\/www.deepspot.com\/cs\/forum-pro-udalosti-2\/","name":"F\u00f3rum pro ud\u00e1losti | Deepspot","isPartOf":{"@id":"https:\/\/www.deepspot.com\/pl\/#website"},"datePublished":"2024-01-02T10:20:22+00:00","dateModified":"2024-05-20T08:47:05+00:00","description":"F\u00f3rum pro ud\u00e1losti","breadcrumb":{"@id":"https:\/\/www.deepspot.com\/cs\/forum-pro-udalosti-2\/#breadcrumb"},"inLanguage":"cs","potentialAction":[{"@type":"ReadAction","target":["https:\/\/www.deepspot.com\/cs\/forum-pro-udalosti-2\/"]}]},{"@type":"BreadcrumbList","@id":"https:\/\/www.deepspot.com\/cs\/forum-pro-udalosti-2\/#breadcrumb","itemListElement":[{"@type":"ListItem","position":1,"name":"Strona g\u0142\u00f3wna","item":"https:\/\/www.deepspot.com\/cs\/"},{"@type":"ListItem","position":2,"name":"F\u00f3rum pro ud\u00e1losti"}]},{"@type":"WebSite","@id":"https:\/\/www.deepspot.com\/pl\/#website","url":"https:\/\/www.deepspot.com\/pl\/","name":"Deepspot","description":"Nov\u00e1 dimenze v pot\u00e1p\u011bn\u00ed","potentialAction":[{"@type":"SearchAction","target":{"@type":"EntryPoint","urlTemplate":"https:\/\/www.deepspot.com\/pl\/?s={search_term_string}"},"query-input":{"@type":"PropertyValueSpecification","valueRequired":true,"valueName":"search_term_string"}}],"inLanguage":"cs"}]}},"_links":{"self":[{"href":"https:\/\/www.deepspot.com\/cs\/wp-json\/wp\/v2\/pages\/39700","targetHints":{"allow":["GET"]}}],"collection":[{"href":"https:\/\/www.deepspot.com\/cs\/wp-json\/wp\/v2\/pages"}],"about":[{"href":"https:\/\/www.deepspot.com\/cs\/wp-json\/wp\/v2\/types\/page"}],"author":[{"embeddable":true,"href":"https:\/\/www.deepspot.com\/cs\/wp-json\/wp\/v2\/users\/1"}],"replies":[{"embeddable":true,"href":"https:\/\/www.deepspot.com\/cs\/wp-json\/wp\/v2\/comments?post=39700"}],"version-history":[{"count":2,"href":"https:\/\/www.deepspot.com\/cs\/wp-json\/wp\/v2\/pages\/39700\/revisions"}],"predecessor-version":[{"id":39703,"href":"https:\/\/www.deepspot.com\/cs\/wp-json\/wp\/v2\/pages\/39700\/revisions\/39703"}],"wp:attachment":[{"href":"https:\/\/www.deepspot.com\/cs\/wp-json\/wp\/v2\/media?parent=39700"}],"curies":[{"name":"wp","href":"https:\/\/api.w.org\/{rel}","templated":true}]}}