{"id":39731,"date":"2024-01-05T10:03:57","date_gmt":"2024-01-05T09:03:57","guid":{"rendered":"https:\/\/www.deepspot.com\/?page_id=39731"},"modified":"2024-05-20T10:13:35","modified_gmt":"2024-05-20T08:13:35","slug":"garmin","status":"publish","type":"page","link":"https:\/\/www.deepspot.com\/cs\/jak-to-delame\/partneri\/garmin\/","title":{"rendered":"GARMIN"},"content":{"rendered":"\n          \n\n          <h2 align=\"center\">Pot\u00e1p\u011b\u010dsk\u00e9 po\u010d\u00edta\u010de GARMIN k dispozici na Deepspotu<\/h2>\n          \n\n        \n<div id=\"fancy-display-block_bdddfcd7aa8d85e510c8225fdba935c7\" class=\"fancy-display-block fancy-repeater-block\">\r\n  <div class=\"row container\">\r\n          <div class=\"fancy-repeater-item\">\r\n        <div class=\"text-container with-subtitle\">\r\n          <h2 class=\"title\">Descent\u2122 Mk3i 43 mm a 51 mm<\/h2>\r\n          <strong class=\"subtitle\">Pot\u00e1p\u011b\u010dsk\u00fd po\u010d\u00edta\u010d kompatibiln\u00ed s vys\u00edla\u010dem Descent T2<\/strong>          <p>Tato pokro\u010dil\u00e1 kombinace pot\u00e1p\u011b\u010dsk\u00e9ho po\u010d\u00edta\u010de a hodinek je vybavena integrac\u00ed vzduchu\u00b9 a komunika\u010dn\u00edm \u0159e\u0161en\u00edm SubWave\u2122 vyu\u017e\u00edvaj\u00edc\u00edm sonar a sledov\u00e1n\u00ed pot\u00e1p\u011b\u010d\u016f, kter\u00e9 v\u00e1m pomohou maxim\u00e1ln\u011b vyu\u017e\u00edt ka\u017edou p\u0159\u00edle\u017eitost k pot\u00e1p\u011bn\u00ed, a d\u00e1le funkcemi, kter\u00e9 v\u00e1m pomohou tr\u00e9novat v r\u016fzn\u00fdch discipl\u00edn\u00e1ch, a inteligentn\u00edmi funkcemi pro ka\u017edodenn\u00ed aktivity.<\/p>\r\n          <div class=\"buttons\"><a href=\"https:\/\/www8.garmin.com\/manuals\/webhelp\/GUID-9183E86B-2399-4CFC-AB50-EAFC6D6ED326\/PL-PL\/GUID-D9621010-1B03-4518-9047-F5ED1FF3CEEE-homepage.html \" target=\"_blank\">instrukce<\/a><\/div>        <\/div>\r\n        <div>\r\n          <img decoding=\"async\" lazy src=\"data:image\/gif;base64,R0lGODlhAQABAAD\/ACwAAAAAAQABAAACADs%3D\" data-src=\"https:\/\/eco3ygde435.exactdn.com\/wp-content\/uploads\/sites\/2\/2024\/01\/mk3i.png?strip=all\" alt=\"\">\r\n        <\/div>\r\n      <\/div>\r\n          <div class=\"fancy-repeater-item\">\r\n        <div class=\"text-container\">\r\n          <h2 class=\"title\">Vys\u00edla\u010d Descent\u2122 T2<\/h2>\r\n                    <p>Sledujte ka\u017ed\u00fd n\u00e1dech, ka\u017edou l\u00e1hev a ka\u017ed\u00e9ho p\u0159\u00edtele p\u0159i pot\u00e1p\u011bn\u00ed prost\u0159ednictv\u00edm kompatibiln\u00edho pot\u00e1p\u011b\u010dsk\u00e9ho po\u010d\u00edta\u010de Descent\u2122 sp\u00e1rovan\u00e9ho s vys\u00edla\u010dem Descent T2.<\/p>\r\n          <div class=\"buttons\"><a href=\"https:\/\/www8.garmin.com\/manuals\/webhelp\/GUID-55C588E7-3BD7-436C-B442-84E4388D43E2\/PL-PL\/GUID-F8C52EE5-39E9-4746-BA57-540BA2B78828-homepage.html  \" target=\"_self\">instrukce<\/a><\/div>        <\/div>\r\n        <div>\r\n          <img decoding=\"async\" lazy src=\"data:image\/gif;base64,R0lGODlhAQABAAD\/ACwAAAAAAQABAAACADs%3D\" data-src=\"https:\/\/eco3ygde435.exactdn.com\/wp-content\/uploads\/sites\/2\/2024\/01\/garmin_Transmiter1.png?strip=all\" alt=\"\">\r\n        <\/div>\r\n      <\/div>\r\n          <div class=\"fancy-repeater-item\">\r\n        <div class=\"text-container\">\r\n          <h2 class=\"title\">Descent\u2122 Mk3 43mm<\/h2>\r\n                    <p>P\u0159edstavujeme v\u00e1m mal\u00fd pot\u00e1p\u011b\u010dsk\u00fd po\u010d\u00edta\u010d ve stylu hodinek s n\u011bkolika re\u017eimy a funkcemi, kter\u00e9 v\u00e1m pomohou p\u0159i tr\u00e9ninku r\u016fzn\u00fdch sport\u016f, a tak\u00e9 s chytr\u00fdmi funkcemi pro ka\u017edodenn\u00ed pou\u017eit\u00ed.<\/p>\r\n          <div class=\"buttons\"><a href=\"https:\/\/www8.garmin.com\/manuals\/webhelp\/GUID-9183E86B-2399-4CFC-AB50-EAFC6D6ED326\/PL-PL\/GUID-D9621010-1B03-4518-9047-F5ED1FF3CEEE-homepage.html\" target=\"_blank\">instrukce<\/a><\/div>        <\/div>\r\n        <div>\r\n          <img decoding=\"async\" lazy src=\"data:image\/gif;base64,R0lGODlhAQABAAD\/ACwAAAAAAQABAAACADs%3D\" data-src=\"https:\/\/eco3ygde435.exactdn.com\/wp-content\/uploads\/sites\/2\/2024\/01\/mk3-2.png?strip=all\" alt=\"\">\r\n        <\/div>\r\n      <\/div>\r\n          <div class=\"fancy-repeater-item\">\r\n        <div class=\"text-container with-subtitle\">\r\n          <h2 class=\"title\">Descent\u2122 G1 Solar<\/h2>\r\n          <strong class=\"subtitle\">Pot\u00e1p\u011b\u010dsk\u00fd po\u010d\u00edta\u010d se zes\u00edlenou konstrukc\u00ed<\/strong>          <p>Na sou\u0161i i ve vod\u011b se v\u00e1m bude hodit pot\u00e1p\u011b\u010dsk\u00fd po\u010d\u00edta\u010d, kter\u00fd m\u016f\u017ee slou\u017eit i jako hodinky. Descent ze s\u00e9rie G1 byl vytvo\u0159en s ohledem na v\u00e1s a sv\u011bt na obou stran\u00e1ch vodn\u00edho zrcadla.<\/p>\r\n          <div class=\"buttons\"><a href=\"https:\/\/www8.garmin.com\/manuals\/webhelp\/GUID-2A58ED2A-14A3-4161-ADB5-259E1781AF1B\/PL-PL\/GUID-D992741C-42AB-49E5-B26D-E153A3869933-homepage.html  \" target=\"_self\">instrukce<\/a><\/div>        <\/div>\r\n        <div>\r\n          <img decoding=\"async\" lazy src=\"data:image\/gif;base64,R0lGODlhAQABAAD\/ACwAAAAAAQABAAACADs%3D\" data-src=\"https:\/\/eco3ygde435.exactdn.com\/wp-content\/uploads\/sites\/2\/2024\/01\/g1solar-2.png?strip=all\" alt=\"\">\r\n        <\/div>\r\n      <\/div>\r\n      <\/div>\r\n<\/div><!-- block -->\r\n<div id=\"true-faq-block_8c6710c58db14ab6f7076ff27015229f\" class=\"true-faq-block\">\r\n  <div class=\"container\">\r\n    <h2 class=\"title\">\u010casto kladen\u00e9 ot\u00e1zky<\/h2>\r\n    <div class=\"faq\">\r\n          <div data-faqpanel=\"1\" class=\"faq-panel\">\r\n        <strong>Jak si mohu pronajmout po\u010d\u00edta\u010d GARMIN?<\/strong>\r\n        <div>Pot\u00e1p\u011b\u010dsk\u00e9 po\u010d\u00edta\u010de Garmin si m\u016f\u017eete zap\u016fj\u010dit na recepci Deepspot. Podm\u00ednkou je zakoupen\u00ed pr\u016fkazu pot\u00e1p\u011b\u010de s certifik\u00e1tem nebo certifikovan\u00e9ho pot\u00e1p\u011b\u010de zdarma.  <\/div>\r\n      <\/div>\r\n          <div data-faqpanel=\"2\" class=\"faq-panel\">\r\n        <strong>Kolik stoj\u00ed pron\u00e1jem po\u010d\u00edta\u010de GARMIN?<\/strong>\r\n        <div>Cena za zap\u016fj\u010den\u00ed pot\u00e1p\u011b\u010dsk\u00e9ho po\u010d\u00edta\u010de Garmin je 45 liber za hodinu pot\u00e1p\u011bn\u00ed.  <br \/>\nPokud m\u00e1te sv\u016fj pot\u00e1p\u011b\u010dsk\u00fd po\u010d\u00edta\u010d, m\u016f\u017eete ho nechat jako z\u00e1stavu &#8211; pak je zap\u016fj\u010den\u00ed Garminu zdarma.<\/div>\r\n      <\/div>\r\n        <\/div>\r\n  <\/div>\r\n<\/div><!-- block -->\r\n","protected":false},"excerpt":{"rendered":"<p>Pot\u00e1p\u011b\u010dsk\u00e9 po\u010d\u00edta\u010de GARMIN k dispozici na Deepspotu<\/p>\n","protected":false},"author":1,"featured_media":0,"parent":27428,"menu_order":0,"comment_status":"closed","ping_status":"closed","template":"template-partner.php","meta":{"_acf_changed":false,"footnotes":""},"class_list":["post-39731","page","type-page","status-publish","hentry"],"acf":[],"_links":{"self":[{"href":"https:\/\/www.deepspot.com\/cs\/wp-json\/wp\/v2\/pages\/39731","targetHints":{"allow":["GET"]}}],"collection":[{"href":"https:\/\/www.deepspot.com\/cs\/wp-json\/wp\/v2\/pages"}],"about":[{"href":"https:\/\/www.deepspot.com\/cs\/wp-json\/wp\/v2\/types\/page"}],"author":[{"embeddable":true,"href":"https:\/\/www.deepspot.com\/cs\/wp-json\/wp\/v2\/users\/1"}],"replies":[{"embeddable":true,"href":"https:\/\/www.deepspot.com\/cs\/wp-json\/wp\/v2\/comments?post=39731"}],"version-history":[{"count":7,"href":"https:\/\/www.deepspot.com\/cs\/wp-json\/wp\/v2\/pages\/39731\/revisions"}],"predecessor-version":[{"id":44506,"href":"https:\/\/www.deepspot.com\/cs\/wp-json\/wp\/v2\/pages\/39731\/revisions\/44506"}],"up":[{"embeddable":true,"href":"https:\/\/www.deepspot.com\/cs\/wp-json\/wp\/v2\/pages\/27428"}],"wp:attachment":[{"href":"https:\/\/www.deepspot.com\/cs\/wp-json\/wp\/v2\/media?parent=39731"}],"curies":[{"name":"wp","href":"https:\/\/api.w.org\/{rel}","templated":true}]}}