{"id":40738,"date":"2024-01-25T11:57:31","date_gmt":"2024-01-25T10:57:31","guid":{"rendered":"https:\/\/www.deepspot.com\/?page_id=40738"},"modified":"2026-04-22T09:22:17","modified_gmt":"2026-04-22T07:22:17","slug":"deepspot-free-20m","status":"publish","type":"page","link":"https:\/\/www.deepspot.com\/cs\/pro-koho\/scuba-diving\/deepspot-free-20m\/","title":{"rendered":"\u0160norchlov\u00e1n\u00ed"},"content":{"rendered":"<div id=\"hero-block_6f0b0d28b52b8de2c479fb4816d1c3d6\" class=\"hero-block\">\r\n  <div class=\"row outer-container\">\r\n    <div>\r\n      <img decoding=\"async\" lazy src=\"data:image\/gif;base64,R0lGODlhAQABAAD\/ACwAAAAAAQABAAACADs%3D\" data-src=\"https:\/\/eco3ygde435.exactdn.com\/wp-content\/uploads\/sites\/2\/2025\/06\/FFFFFFFFFE-1.jpg?strip=all\" alt=\"\">\r\n          <\/div>\r\n    <div>\r\n      <h2>Objevte kouzlo podmo\u0159sk\u00e9ho sv\u011bta<\/h2><p>Zaj\u00edm\u00e1 v\u00e1s, jak\u00e9 to je plavat v nejhlub\u0161\u00edm pot\u00e1p\u011b\u010dsk\u00e9m baz\u00e9nu v Evrop\u011b? Nebo pat\u0159\u00edte k lidem, kte\u0159\u00ed v\u017edycky snili o tom, \u017ee se pono\u0159\u00ed do kouzeln\u00e9ho podmo\u0159sk\u00e9ho sv\u011bta, ale nebyli si jisti, zda jsou p\u0159ipraveni na plnohodnotn\u00fd ponor?  <br>Zveme v\u00e1s k objevov\u00e1n\u00ed tajemstv\u00ed vodn\u00edho dobrodru\u017estv\u00ed prost\u0159ednictv\u00edm \u0161norchlov\u00e1n\u00ed v Deepspotu!<\/p>    <\/div>\r\n  <\/div>\r\n<\/div><!-- block -->\r\n<div id=\"product-details-block_820d5c010fccdcbf97afd792a1ca98f6\" class=\"product-details-block\">\r\n  <div class=\"row container\">\r\n    <div>\r\n      <h2 class=\"title\">Popis atrakc\u00ed<\/h2>      <p class=\"desc\">Co je \u0161norchlov\u00e1n\u00ed?  <br>\u0160norchlov\u00e1n\u00ed je forma pot\u00e1p\u011bn\u00ed, kter\u00e1 umo\u017e\u0148uje pozorovat podmo\u0159sk\u00fd sv\u011bt, zat\u00edmco se nach\u00e1z\u00edte na hladin\u011b. Vybaveni maskou a d\u00fdchac\u00ed trubic\u00ed m\u016f\u017eete voln\u011b plavat a obdivovat pestrobarevn\u00e9 ryby, kor\u00e1lov\u00e9 \u00fatesy a dal\u0161\u00ed fascinuj\u00edc\u00ed podmo\u0159sk\u00e9 jevy.<br>A\u010dkoli v na\u0161em are\u00e1lu nen\u00ed oce\u00e1n, vnit\u0159ek Deepspotu je p\u016fsobiv\u00fd a kr\u00e1sn\u00fd, zejm\u00e9na p\u0159i pohledu shora. Jedn\u00e1 se o jedine\u010dn\u00e9 m\u00edsto v Polsku a Evrop\u011b, kter\u00e9 stoj\u00ed za to nav\u0161t\u00edvit alespo\u0148 jednou za \u017eivot!\r\n<br><br>\r\nAtrakce je vhodn\u00e1 pro ka\u017ed\u00e9ho: <br>\ud83e\udee7 Rodiny: Postar\u00e1me se o to, abyste spole\u010dn\u011b str\u00e1vili nezapomenuteln\u00e9 chv\u00edle aktivn\u011b a bezpe\u010dn\u011b<br>\ud83e\udee7 D\u011bti: Seznamte sv\u00e9 nejmen\u0161\u00ed d\u011bti s fascinuj\u00edc\u00edm podmo\u0159sk\u00fdm sv\u011btem pod dohledem na\u0161ich instruktor\u016f.<br><br>\r\nCo nab\u00edz\u00edme?<br>\ud83e\udee7 Nasazov\u00e1n\u00ed a mont\u00e1\u017e vybaven\u00ed: Na\u0161i zku\u0161en\u00ed instrukto\u0159i v\u00e1m pomohou p\u0159izp\u016fsobit vybaven\u00ed va\u0161im pot\u0159eb\u00e1m.<br>\ud83e\udee7 Ochrana proti odpa\u0159ov\u00e1n\u00ed masky: Nau\u010d\u00edte se \u00fa\u010dinn\u00e9 techniky pro udr\u017een\u00ed \u010distoty pod vodou.<br>\ud83e\udee7 P\u0159esunut\u00ed nohou do plaveck\u00e9 polohy s ploutvemi: Cvi\u010den\u00ed vsed\u011b na okraji baz\u00e9nu jako p\u0159\u00edprava na vstup do vody<br>\ud83e\udee7 Vstup do vody: Krok za krokem, s nejvy\u0161\u0161\u00edmi bezpe\u010dnostn\u00edmi standardy<br>\ud83e\udee7 D\u00fdch\u00e1n\u00ed trubic\u00ed: Nau\u010dte se pohodln\u011b d\u00fdchat trubic\u00ed, dr\u017ete se okraje a z\u00edskejte jistotu ve vod\u011b<br>\ud83e\udee7 Plav\u00e1n\u00ed na hladin\u011b: N\u00e1cvik plav\u00e1n\u00ed na hladin\u011b v naprost\u00e9m bezpe\u010d\u00ed, s instruktorem v\u017edy nabl\u00edzku<br>\ud83e\udee7 Z\u00e1bava pod vodou: Na\u0161i instrukto\u0159i pro v\u00e1s p\u0159ipravili i podvodn\u00ed aktivity, aby byl v\u00e1\u0161 z\u00e1\u017eitek je\u0161t\u011b z\u00e1bavn\u011bj\u0161\u00ed!  <br>\ud83e\udee7 V\u0161e pot\u0159ebn\u00e9 je zahrnuto v cen\u011b. Ve\u0161ker\u00e9 pot\u0159ebn\u00e9 vybaven\u00ed zaji\u0161\u0165ujeme my<br>\ud83e\udee7 Intimn\u00ed skupiny. V\u017edy v\u00e1m p\u0159izp\u016fsob\u00edme tempo  <br><br>\r\nKurzy prob\u00edhaj\u00ed v mal\u00fdch skupin\u00e1ch, co\u017e v\u00e1m d\u00e1v\u00e1 jistotu, \u017ee se m\u016f\u017eete pono\u0159it do ka\u017ed\u00e9ho kurzu s klidnou mysl\u00ed a odpov\u011bd\u00ed na ka\u017edou ot\u00e1zku.<br><br>\r\nStoj\u00ed to za to, proto\u017ee:<br>\ud83e\udee7 Tr\u00e9nujete v nejhlub\u0161\u00edm baz\u00e9nu v Evrop\u011b &#8211; v hloubce a\u017e 45 metr\u016f<br>\ud83e\udee7 Pot\u00e1p\u00edte se v \u010dist\u00e9 vod\u011b o st\u00e1l\u00e9 teplot\u011b 32 \u00b0C<br>\ud83e\udee7 Pou\u017e\u00edv\u00e1te modern\u00ed, pravideln\u011b servisovan\u00e9 vybaven\u00ed<br>\ud83e\udee7 M\u00e1te podporu zku\u0161en\u00fdch mezin\u00e1rodn\u00edch instruktor\u016f<br>\ud83e\udee7 Je to ide\u00e1ln\u00ed m\u00edsto pro budov\u00e1n\u00ed sebed\u016fv\u011bry a techniky.<br><br>\r\nUd\u011blejte prvn\u00ed krok a zjist\u011bte, jak jedine\u010dn\u00fd je podmo\u0159sk\u00fd sv\u011bt! Vydejte se na cestu je\u0161t\u011b dnes. <br><br><br>\r\n\r\nCo stoj\u00ed za to v\u011bd\u011bt?\r\n<\/p>      <ul>            <li>\r\n              <p>Doba trv\u00e1n\u00ed<\/p>\r\n              <strong>75 minut v\u00fduky<\/strong>\r\n            <\/li>\r\n                      <li>\r\n              <p>minim\u00e1ln\u00ed v\u011bk \u00fa\u010dastn\u00edka<\/p>\r\n              <strong>7 let  <\/strong>\r\n            <\/li>\r\n                      <li>\r\n              <p>Pono\u0159\u00edte se do hloubky<\/p>\r\n              <strong>2m<\/strong>\r\n            <\/li>\r\n                      <li>\r\n              <p>jako d\u00e1rek<\/p>\r\n              <strong>Kr\u00e1tk\u00e9 video na pam\u00e1tku z podvodn\u00edho fotokoutku<\/strong>\r\n            <\/li>\r\n                      <li>\r\n              <p>poskytujeme<\/p>\r\n              <strong>Ve\u0161ker\u00e9 pot\u00e1p\u011b\u010dsk\u00e9 vybaven\u00ed. S sebou si vezm\u011bte pouze plavky, ru\u010dn\u00edk a \u017eabky. <\/strong>\r\n            <\/li>\r\n                      <li>\r\n              <p>nezapome\u0148te<\/p>\r\n              <strong>Bavte se a my do v\u00e1s vlijeme ve\u0161kerou energii.<\/strong>\r\n            <\/li>\r\n                      <li>\r\n              <p>Cena:<\/p>\r\n              <strong>99 pln<\/strong>\r\n            <\/li>\r\n          <\/ul>      <div class=\"button-list-wrap\"><div class=\"button-list button-type-both\"><div><a class=\"alternate_ybb\" href=\"https:\/\/cs.deepspot.com\/offer?steps=deepspot_diving-courses_wait-for-diving-course-list_44\" target=\"_self\"><img decoding=\"async\" lazy src=\"data:image\/gif;base64,R0lGODlhAQABAAD\/ACwAAAAAAQABAAACADs%3D\" data-src=\"https:\/\/eco3ygde435.exactdn.com\/wp-content\/uploads\/sites\/2\/2020\/08\/calendar-grid-58.png?strip=all\" alt=\"\"><strong>Kniha<\/strong><\/a><\/div><div><a class=\"alternate_ybb\" href=\"https:\/\/sklep.deepspot.com\/pl\/p\/Snorkeling\/359\" target=\"_self\"><img decoding=\"async\" lazy src=\"data:image\/gif;base64,R0lGODlhAQABAAD\/ACwAAAAAAQABAAACADs%3D\" data-src=\"https:\/\/eco3ygde435.exactdn.com\/wp-content\/uploads\/sites\/2\/2020\/08\/paper-diploma.png?strip=all\" alt=\"\"><strong>Objednat voucher<\/strong><\/a><\/div><div><a class=\"css-default\" href=\"https:\/\/www.deepspot.com\/cs\/frequently-asked-questions\/?tab=3\" target=\"_self\"><img decoding=\"async\" lazy src=\"data:image\/gif;base64,R0lGODlhAQABAAD\/ACwAAAAAAQABAAACADs%3D\" data-src=\"https:\/\/eco3ygde435.exactdn.com\/wp-content\/uploads\/sites\/2\/2020\/08\/presentation.png?strip=all\" alt=\"\"><strong>\u010casto kladen\u00e9 ot\u00e1zky<\/strong><\/a><\/div><\/div><\/div>    <\/div>\r\n  <\/div>\r\n<\/div><!-- block -->\r\n\n<div class=\"wp-block-columns is-layout-flex wp-container-core-columns-is-layout-9d6595d7 wp-block-columns-is-layout-flex\"><\/div>\n<p><strong>ZDRAV\u00cd<\/strong><br data-rich-text-line-break=\"true\">Pot\u00e1p\u011bn\u00ed je rekrea\u010dn\u00ed sport dostupn\u00fd t\u00e9m\u011b\u0159 pro ka\u017ed\u00e9ho. Pokud je v\u00e1\u0161 zdravotn\u00ed stav dobr\u00fd, s nejv\u011bt\u0161\u00ed pravd\u011bpodobnost\u00ed povolen\u00ed od l\u00e9ka\u0159e nepot\u0159ebujete, nicm\u00e9n\u011b v n\u011bkter\u00fdch zvl\u00e1\u0161tn\u00edch p\u0159\u00edpadech m\u016f\u017ee b\u00fdt nezbytn\u00e9. Pokud se chcete ujistit, m\u016f\u017eete se pod\u00edvat na standard.<br data-rich-text-line-break=\"true\"><a href=\"https:\/\/eco3ygde435.exactdn.com\/wp-content\/uploads\/sites\/2\/2023\/10\/TR-MEDICAL-DIVER_Polish.pdf\" target=\"_blank\" rel=\"noreferrer noopener\">l\u00e9ka\u0159sk\u00fd formul\u00e1\u0159<\/a>.<\/p>\n\n<p><\/p>\n\n<p><\/p>\n","protected":false},"excerpt":{"rendered":"<p>ZDRAV\u00cdPot\u00e1p\u011bn\u00ed je rekrea\u010dn\u00ed sport dostupn\u00fd t\u00e9m\u011b\u0159 pro ka\u017ed\u00e9ho. Pokud je v\u00e1\u0161 zdravotn\u00ed stav dobr\u00fd, s nejv\u011bt\u0161\u00ed pravd\u011bpodobnost\u00ed povolen\u00ed od l\u00e9ka\u0159e nepot\u0159ebujete, nicm\u00e9n\u011b v n\u011bkter\u00fdch zvl\u00e1\u0161tn\u00edch p\u0159\u00edpadech m\u016f\u017ee b\u00fdt nezbytn\u00e9. Pokud se chcete ujistit, m\u016f\u017eete se pod\u00edvat na standard.l\u00e9ka\u0159sk\u00fd formul\u00e1\u0159.<\/p>\n","protected":false},"author":18,"featured_media":49849,"parent":4655,"menu_order":1,"comment_status":"closed","ping_status":"closed","template":"","meta":{"_acf_changed":false,"footnotes":""},"class_list":["post-40738","page","type-page","status-publish","has-post-thumbnail","hentry"],"acf":[],"yoast_head":"<!-- This site is optimized with the Yoast SEO plugin v27.4 - https:\/\/yoast.com\/product\/yoast-seo-wordpress\/ -->\n<title>\u0160norchlov\u00e1n\u00ed | Deepspot<\/title>\n<meta name=\"description\" content=\"\u0160norchlov\u00e1n\u00ed\" \/>\n<meta name=\"robots\" content=\"index, follow, max-snippet:-1, max-image-preview:large, max-video-preview:-1\" \/>\n<link rel=\"canonical\" href=\"https:\/\/www.deepspot.com\/cs\/pro-koho\/scuba-diving\/deepspot-free-20m\/\" \/>\n<meta property=\"og:locale\" content=\"cs_CZ\" \/>\n<meta property=\"og:type\" content=\"article\" \/>\n<meta property=\"og:title\" content=\"\u0160norchlov\u00e1n\u00ed | Deepspot\" \/>\n<meta property=\"og:description\" content=\"\u0160norchlov\u00e1n\u00ed\" \/>\n<meta property=\"og:url\" content=\"https:\/\/www.deepspot.com\/cs\/pro-koho\/scuba-diving\/deepspot-free-20m\/\" \/>\n<meta property=\"og:site_name\" content=\"Deepspot\" \/>\n<meta property=\"article:modified_time\" content=\"2026-04-22T07:22:17+00:00\" \/>\n<meta property=\"og:image\" content=\"https:\/\/eco3ygde435.exactdn.com\/wp-content\/uploads\/sites\/2\/2025\/04\/Obraz11-1.jpg?strip=all\" \/>\n\t<meta property=\"og:image:width\" content=\"670\" \/>\n\t<meta property=\"og:image:height\" content=\"670\" \/>\n\t<meta property=\"og:image:type\" content=\"image\/jpeg\" \/>\n<meta name=\"twitter:card\" content=\"summary_large_image\" \/>\n<script type=\"application\/ld+json\" class=\"yoast-schema-graph\">{\"@context\":\"https:\\\/\\\/schema.org\",\"@graph\":[{\"@type\":\"WebPage\",\"@id\":\"https:\\\/\\\/www.deepspot.com\\\/cs\\\/pro-koho\\\/scuba-diving\\\/deepspot-free-20m\\\/\",\"url\":\"https:\\\/\\\/www.deepspot.com\\\/cs\\\/pro-koho\\\/scuba-diving\\\/deepspot-free-20m\\\/\",\"name\":\"\u0160norchlov\u00e1n\u00ed | Deepspot\",\"isPartOf\":{\"@id\":\"https:\\\/\\\/www.deepspot.com\\\/pl\\\/#website\"},\"primaryImageOfPage\":{\"@id\":\"https:\\\/\\\/www.deepspot.com\\\/cs\\\/pro-koho\\\/scuba-diving\\\/deepspot-free-20m\\\/#primaryimage\"},\"image\":{\"@id\":\"https:\\\/\\\/www.deepspot.com\\\/cs\\\/pro-koho\\\/scuba-diving\\\/deepspot-free-20m\\\/#primaryimage\"},\"thumbnailUrl\":\"https:\\\/\\\/eco3ygde435.exactdn.com\\\/wp-content\\\/uploads\\\/sites\\\/2\\\/2025\\\/04\\\/Obraz11-1.jpg?strip=all\",\"datePublished\":\"2024-01-25T10:57:31+00:00\",\"dateModified\":\"2026-04-22T07:22:17+00:00\",\"description\":\"\u0160norchlov\u00e1n\u00ed\",\"breadcrumb\":{\"@id\":\"https:\\\/\\\/www.deepspot.com\\\/cs\\\/pro-koho\\\/scuba-diving\\\/deepspot-free-20m\\\/#breadcrumb\"},\"inLanguage\":\"cs\",\"potentialAction\":[{\"@type\":\"ReadAction\",\"target\":[\"https:\\\/\\\/www.deepspot.com\\\/cs\\\/pro-koho\\\/scuba-diving\\\/deepspot-free-20m\\\/\"]}]},{\"@type\":\"ImageObject\",\"inLanguage\":\"cs\",\"@id\":\"https:\\\/\\\/www.deepspot.com\\\/cs\\\/pro-koho\\\/scuba-diving\\\/deepspot-free-20m\\\/#primaryimage\",\"url\":\"https:\\\/\\\/eco3ygde435.exactdn.com\\\/wp-content\\\/uploads\\\/sites\\\/2\\\/2025\\\/04\\\/Obraz11-1.jpg?strip=all\",\"contentUrl\":\"https:\\\/\\\/eco3ygde435.exactdn.com\\\/wp-content\\\/uploads\\\/sites\\\/2\\\/2025\\\/04\\\/Obraz11-1.jpg?strip=all\",\"width\":670,\"height\":670},{\"@type\":\"BreadcrumbList\",\"@id\":\"https:\\\/\\\/www.deepspot.com\\\/cs\\\/pro-koho\\\/scuba-diving\\\/deepspot-free-20m\\\/#breadcrumb\",\"itemListElement\":[{\"@type\":\"ListItem\",\"position\":1,\"name\":\"Strona g\u0142\u00f3wna\",\"item\":\"https:\\\/\\\/www.deepspot.com\\\/cs\\\/\"},{\"@type\":\"ListItem\",\"position\":2,\"name\":\"Pro koho\",\"item\":\"https:\\\/\\\/www.deepspot.com\\\/cs\\\/pro-koho\\\/\"},{\"@type\":\"ListItem\",\"position\":3,\"name\":\"Pot\u00e1p\u011bn\u00ed\",\"item\":\"https:\\\/\\\/www.deepspot.com\\\/cs\\\/pro-koho\\\/scuba-diving\\\/\"},{\"@type\":\"ListItem\",\"position\":4,\"name\":\"\u0160norchlov\u00e1n\u00ed\"}]},{\"@type\":\"WebSite\",\"@id\":\"https:\\\/\\\/www.deepspot.com\\\/pl\\\/#website\",\"url\":\"https:\\\/\\\/www.deepspot.com\\\/pl\\\/\",\"name\":\"Deepspot\",\"description\":\"Nov\u00e1 dimenze v pot\u00e1p\u011bn\u00ed\",\"potentialAction\":[{\"@type\":\"SearchAction\",\"target\":{\"@type\":\"EntryPoint\",\"urlTemplate\":\"https:\\\/\\\/www.deepspot.com\\\/pl\\\/?s={search_term_string}\"},\"query-input\":{\"@type\":\"PropertyValueSpecification\",\"valueRequired\":true,\"valueName\":\"search_term_string\"}}],\"inLanguage\":\"cs\"}]}<\/script>\n<!-- \/ Yoast SEO plugin. -->","yoast_head_json":{"title":"\u0160norchlov\u00e1n\u00ed | Deepspot","description":"\u0160norchlov\u00e1n\u00ed","robots":{"index":"index","follow":"follow","max-snippet":"max-snippet:-1","max-image-preview":"max-image-preview:large","max-video-preview":"max-video-preview:-1"},"canonical":"https:\/\/www.deepspot.com\/cs\/pro-koho\/scuba-diving\/deepspot-free-20m\/","og_locale":"cs_CZ","og_type":"article","og_title":"\u0160norchlov\u00e1n\u00ed | Deepspot","og_description":"\u0160norchlov\u00e1n\u00ed","og_url":"https:\/\/www.deepspot.com\/cs\/pro-koho\/scuba-diving\/deepspot-free-20m\/","og_site_name":"Deepspot","article_modified_time":"2026-04-22T07:22:17+00:00","og_image":[{"width":670,"height":670,"url":"https:\/\/eco3ygde435.exactdn.com\/wp-content\/uploads\/sites\/2\/2025\/04\/Obraz11-1.jpg?strip=all","type":"image\/jpeg"}],"twitter_card":"summary_large_image","schema":{"@context":"https:\/\/schema.org","@graph":[{"@type":"WebPage","@id":"https:\/\/www.deepspot.com\/cs\/pro-koho\/scuba-diving\/deepspot-free-20m\/","url":"https:\/\/www.deepspot.com\/cs\/pro-koho\/scuba-diving\/deepspot-free-20m\/","name":"\u0160norchlov\u00e1n\u00ed | Deepspot","isPartOf":{"@id":"https:\/\/www.deepspot.com\/pl\/#website"},"primaryImageOfPage":{"@id":"https:\/\/www.deepspot.com\/cs\/pro-koho\/scuba-diving\/deepspot-free-20m\/#primaryimage"},"image":{"@id":"https:\/\/www.deepspot.com\/cs\/pro-koho\/scuba-diving\/deepspot-free-20m\/#primaryimage"},"thumbnailUrl":"https:\/\/eco3ygde435.exactdn.com\/wp-content\/uploads\/sites\/2\/2025\/04\/Obraz11-1.jpg?strip=all","datePublished":"2024-01-25T10:57:31+00:00","dateModified":"2026-04-22T07:22:17+00:00","description":"\u0160norchlov\u00e1n\u00ed","breadcrumb":{"@id":"https:\/\/www.deepspot.com\/cs\/pro-koho\/scuba-diving\/deepspot-free-20m\/#breadcrumb"},"inLanguage":"cs","potentialAction":[{"@type":"ReadAction","target":["https:\/\/www.deepspot.com\/cs\/pro-koho\/scuba-diving\/deepspot-free-20m\/"]}]},{"@type":"ImageObject","inLanguage":"cs","@id":"https:\/\/www.deepspot.com\/cs\/pro-koho\/scuba-diving\/deepspot-free-20m\/#primaryimage","url":"https:\/\/eco3ygde435.exactdn.com\/wp-content\/uploads\/sites\/2\/2025\/04\/Obraz11-1.jpg?strip=all","contentUrl":"https:\/\/eco3ygde435.exactdn.com\/wp-content\/uploads\/sites\/2\/2025\/04\/Obraz11-1.jpg?strip=all","width":670,"height":670},{"@type":"BreadcrumbList","@id":"https:\/\/www.deepspot.com\/cs\/pro-koho\/scuba-diving\/deepspot-free-20m\/#breadcrumb","itemListElement":[{"@type":"ListItem","position":1,"name":"Strona g\u0142\u00f3wna","item":"https:\/\/www.deepspot.com\/cs\/"},{"@type":"ListItem","position":2,"name":"Pro koho","item":"https:\/\/www.deepspot.com\/cs\/pro-koho\/"},{"@type":"ListItem","position":3,"name":"Pot\u00e1p\u011bn\u00ed","item":"https:\/\/www.deepspot.com\/cs\/pro-koho\/scuba-diving\/"},{"@type":"ListItem","position":4,"name":"\u0160norchlov\u00e1n\u00ed"}]},{"@type":"WebSite","@id":"https:\/\/www.deepspot.com\/pl\/#website","url":"https:\/\/www.deepspot.com\/pl\/","name":"Deepspot","description":"Nov\u00e1 dimenze v pot\u00e1p\u011bn\u00ed","potentialAction":[{"@type":"SearchAction","target":{"@type":"EntryPoint","urlTemplate":"https:\/\/www.deepspot.com\/pl\/?s={search_term_string}"},"query-input":{"@type":"PropertyValueSpecification","valueRequired":true,"valueName":"search_term_string"}}],"inLanguage":"cs"}]}},"_links":{"self":[{"href":"https:\/\/www.deepspot.com\/cs\/wp-json\/wp\/v2\/pages\/40738","targetHints":{"allow":["GET"]}}],"collection":[{"href":"https:\/\/www.deepspot.com\/cs\/wp-json\/wp\/v2\/pages"}],"about":[{"href":"https:\/\/www.deepspot.com\/cs\/wp-json\/wp\/v2\/types\/page"}],"author":[{"embeddable":true,"href":"https:\/\/www.deepspot.com\/cs\/wp-json\/wp\/v2\/users\/18"}],"replies":[{"embeddable":true,"href":"https:\/\/www.deepspot.com\/cs\/wp-json\/wp\/v2\/comments?post=40738"}],"version-history":[{"count":21,"href":"https:\/\/www.deepspot.com\/cs\/wp-json\/wp\/v2\/pages\/40738\/revisions"}],"predecessor-version":[{"id":60128,"href":"https:\/\/www.deepspot.com\/cs\/wp-json\/wp\/v2\/pages\/40738\/revisions\/60128"}],"up":[{"embeddable":true,"href":"https:\/\/www.deepspot.com\/cs\/wp-json\/wp\/v2\/pages\/4655"}],"wp:featuredmedia":[{"embeddable":true,"href":"https:\/\/www.deepspot.com\/cs\/wp-json\/wp\/v2\/media\/49849"}],"wp:attachment":[{"href":"https:\/\/www.deepspot.com\/cs\/wp-json\/wp\/v2\/media?parent=40738"}],"curies":[{"name":"wp","href":"https:\/\/api.w.org\/{rel}","templated":true}]}}