{"id":44134,"date":"2024-05-16T10:20:35","date_gmt":"2024-05-16T08:20:35","guid":{"rendered":"https:\/\/www.deepspot.com\/?page_id=44134"},"modified":"2024-05-29T09:32:53","modified_gmt":"2024-05-29T07:32:53","slug":"garmin-2","status":"publish","type":"page","link":"https:\/\/www.deepspot.com\/cs\/jak-to-delame\/partneri\/garmin-2\/","title":{"rendered":"DAN Europe"},"content":{"rendered":"<div id=\"fancy-display-block_1bea6f404863ecfa0b148ebd2349c9f5\" class=\"fancy-display-block fancy-repeater-block\">\r\n  <div class=\"row container\">\r\n          <div class=\"fancy-repeater-item\">\r\n        <div class=\"text-container\">\r\n          <h2 class=\"title\">HIRA V DEEPSPOTU<\/h2>\r\n                    <p>Program HIRA (Hazard Identification and Risk Assessment) organizace DAN pom\u00e1h\u00e1 majitel\u016fm, mana\u017eer\u016fm, pracovn\u00edk\u016fm pot\u00e1p\u011b\u010dsk\u00fdch center a pot\u00e1p\u011b\u010dsk\u00fdm profesion\u00e1l\u016fm identifikovat rizika d\u0159\u00edve, ne\u017e dojde ke zran\u011bn\u00ed osob nebo \u0161kod\u00e1m na majetku.\n<br><br>\nHlavn\u00edm p\u0159\u00ednosem zaveden\u00ed programu HIRA vyvinut\u00e9ho organizac\u00ed DAN je sn\u00ed\u017een\u00ed pravd\u011bpodobnosti vzniku nehody a minimalizace n\u00e1sledk\u016f a dopad\u016f na dal\u0161\u00ed \u017eivot pot\u00e1p\u011b\u010de.\n<br><br>\nProgram se zam\u011b\u0159uje na realistick\u00e9 a pragmatick\u00e9 posouzen\u00ed rizik, kter\u00e1 by mohla v\u00e9st k v\u00e1\u017en\u00fdm n\u00e1sledk\u016fm, a poskytuje n\u00e1stroje a strategie pro aktivn\u00ed minimalizaci dopadu nehod.\n<br><br><\/p>\r\n                  <\/div>\r\n        <div>\r\n          <img decoding=\"async\" lazy src=\"data:image\/gif;base64,R0lGODlhAQABAAD\/ACwAAAAAAQABAAACADs%3D\" data-src=\"https:\/\/eco3ygde435.exactdn.com\/wp-content\/uploads\/sites\/2\/2024\/05\/cert-lvl-2-670.png?strip=all\" alt=\"\">\r\n        <\/div>\r\n      <\/div>\r\n          <div class=\"fancy-repeater-item\">\r\n        <div class=\"text-container\">\r\n          <h2 class=\"title\"><\/h2>\r\n                    <p><b><a href=\"https:\/\/www.deepspot.com\/wp-content\/uploads\/sites\/2\/2024\/05\/HIRA1_diploma_Deepspot-2023.pdf\"><u>\u00daROVE\u0147 1<\/b><\/u><\/a><br>\nVedouc\u00ed nebo pot\u00e1p\u011b\u010dsk\u00fd profesion\u00e1l mus\u00ed m\u00edt z\u00e1kladn\u00ed v\u00fdcvik a vybaven\u00ed pro pomoc zran\u011bn\u00e9mu a pro pl\u00e1nov\u00e1n\u00ed a \u0159e\u0161en\u00ed nouzov\u00e9 situace. Spole\u010dnost Deepspot z\u00edskala tuto certifikaci v kv\u011btnu 2023.\n<br><br>\n<b><a href=\"https:\/\/www.deepspot.com\/wp-content\/uploads\/sites\/2\/2024\/05\/HIRA2_diploma_Deepspot-2024.pdf\"><u>\u00daROVE\u0147 2<\/u><\/a><\/b><br>\nVy\u017eaduje dal\u0161\u00ed \u0161kolen\u00ed, jako\u017e i zaveden\u00ed a procvi\u010dov\u00e1n\u00ed \u0161ir\u0161\u00edho spektra opera\u010dn\u00edch postup\u016f a pl\u00e1n\u016f pro p\u0159\u00edpad nouze. Spole\u010dnost Deepspot z\u00edskala tuto certifikaci v \u00fanoru 2024.\n<br><br>\n<b>\u00daROVE\u0147 3<\/b><br>\nPoskytuje komplexn\u00ed a podrobn\u00e9 posouzen\u00ed rizik. Na t\u00e9to \u00farovni se zkoum\u00e1 prakticky ka\u017ed\u00fd prvek \u010dinnosti spole\u010dnosti a pot\u00e1p\u011b\u010dsk\u00e9ho centra a na z\u00e1klad\u011b rozsahu \u010dinnost\u00ed jsou vy\u017eadov\u00e1ny dal\u0161\u00ed havarijn\u00ed pl\u00e1ny. Spole\u010dnost Deepspot pr\u00e1v\u011b zav\u00e1d\u00ed postupy po\u017eadovan\u00e9 na t\u00e9to \u00farovni a \u010dek\u00e1 na audit z\u00e1stupc\u016f DAN Europe v roce 2024.\n<br><br>\n\n<\/p>\r\n          <div class=\"buttons\"><a href=\"https:\/\/deepspot.com\" target=\"_self\">P\u0159e\u010dt\u011bte si v\u00edce o Hira<\/a><\/div>        <\/div>\r\n        <div>\r\n          <img decoding=\"async\" lazy src=\"data:image\/gif;base64,R0lGODlhAQABAAD\/ACwAAAAAAQABAAACADs%3D\" data-src=\"https:\/\/eco3ygde435.exactdn.com\/wp-content\/uploads\/sites\/2\/2024\/05\/cert-lvl-1-670.png?strip=all\" alt=\"\">\r\n        <\/div>\r\n      <\/div>\r\n          <div class=\"fancy-repeater-item\">\r\n        <div class=\"text-container\">\r\n          <h2 class=\"title\">Poji\u0161t\u011bn\u00ed Deepspot<\/h2>\r\n                    <p>Deepspot jako pot\u00e1p\u011b\u010dsk\u00e9 centrum m\u00e1 <a href=\"https:\/\/www.deepspot.com\/wp-content\/uploads\/sites\/2\/2024\/05\/Ubezpieczenie_DAN_24_10_2023.pdf\">poji\u0161t\u011bn\u00ed<b><u>DAN Dive Centre Plus<\/b><\/u><\/a>, kter\u00e9 chr\u00e1n\u00ed p\u0159ed odpov\u011bdnost\u00ed v\u016f\u010di t\u0159et\u00edm stran\u00e1m a zahrnuje obhajobu u soudu za poskytovan\u00e9 pot\u00e1p\u011b\u010dsk\u00e9 slu\u017eby. Vztahuje se jak na \u010dinnost pot\u00e1p\u011b\u010dsk\u00e9ho centra, tak na v\u0161echny zam\u011bstnan\u00e9 instruktory Deepspotu.  <\/p>\r\n                  <\/div>\r\n        <div>\r\n          <img decoding=\"async\" lazy src=\"data:image\/gif;base64,R0lGODlhAQABAAD\/ACwAAAAAAQABAAACADs%3D\" data-src=\"https:\/\/eco3ygde435.exactdn.com\/wp-content\/uploads\/sites\/2\/2024\/05\/certyfikat-470.png?strip=all\" alt=\"\">\r\n        <\/div>\r\n      <\/div>\r\n          <div class=\"fancy-repeater-item\">\r\n        <div class=\"text-container\">\r\n          <h2 class=\"title\">Pojist\u011bte se ve spole\u010dnosti Dan<\/h2>\r\n                    <p>DAN nab\u00edz\u00ed poji\u0161t\u011bn\u00ed, kter\u00e9 jako pot\u00e1p\u011b\u010d a cestovatel pot\u0159ebujete v zahrani\u010d\u00ed. DAN SPORT je nejobl\u00edben\u011bj\u0161\u00ed \u00farazov\u00e9 poji\u0161t\u011bn\u00ed pro rekrea\u010dn\u00ed pot\u00e1p\u011b\u010de, freedivery, instruktory a technick\u00e9 pot\u00e1p\u011b\u010de.  <\/p>\r\n          <div class=\"buttons\"><a href=\"https:\/\/www.daneurope.org\/en\/buy-dive-insurance#!\/partnerCode=1069450\" target=\"_self\">Odkaz na poji\u0161t\u011bn\u00ed<\/a><\/div>        <\/div>\r\n        <div>\r\n          <img decoding=\"async\" lazy src=\"data:image\/gif;base64,R0lGODlhAQABAAD\/ACwAAAAAAQABAAACADs%3D\" data-src=\"https:\/\/eco3ygde435.exactdn.com\/wp-content\/uploads\/sites\/2\/2024\/05\/certyfikat-570.png?strip=all\" alt=\"\">\r\n        <\/div>\r\n      <\/div>\r\n      <\/div>\r\n<\/div><!-- block -->\r\n\n<div class=\"wp-block-columns alignfull has-text-color has-background is-layout-flex wp-container-core-columns-is-layout-9d6595d7 wp-block-columns-is-layout-flex\" style=\"color:#000000;background-color:#ffffff\">\n<div class=\"wp-block-column is-layout-flow wp-block-column-is-layout-flow\">\n<h3 class=\"wp-block-heading\" style=\"font-size:24px;line-height:1.3\">\n          <strong>O spole\u010dnosti DAN Europe Insurance<\/strong>\n        <\/h3>\n\n\n\n<p>DAN SPORT \u00farazov\u00e9 poji\u0161t\u011bn\u00ed pro rekrea\u010dn\u00ed pot\u00e1p\u011b\u010de, freedivery, instruktory a technick\u00e9 pot\u00e1p\u011b\u010de. Ochrana, kterou jako pot\u00e1p\u011b\u010d a cestovatel pot\u0159ebujete.  <\/p>\n\n\n\n<p>\n          <br\/>\n        <\/p><p>Pro\u010d je dobr\u00e9 m\u00edt b\u011bhem pot\u00e1p\u011b\u010dsk\u00e9ho v\u00fdletu poji\u0161t\u011bn\u00ed:  <\/p><br\/>\n\n\n\n<ul class=\"wp-block-list\">\n<li>\u0158e\u0161en\u00ed nehody p\u0159i pot\u00e1p\u011bn\u00ed vy\u017eaduje odborn\u00e9 znalosti a dovednosti v oblasti zdravotnictv\u00ed i poji\u0161t\u011bn\u00ed.  <\/li>\n\n\n\n<li>A\u0165 u\u017e se pot\u00e1p\u00edte v m\u00edstn\u00edch lokalit\u00e1ch, nebo d\u00e1v\u00e1te p\u0159ednost cest\u00e1m do zahrani\u010d\u00ed, ujist\u011bte se, \u017ee m\u00e1te spr\u00e1vn\u00e9 poji\u0161t\u011bn\u00ed od spolehliv\u00e9 poji\u0161\u0165ovny.  <\/li>\n\n\n\n<li>V n\u011bkter\u00fdch zem\u00edch EU je k dispozici pouze poji\u0161t\u011bn\u00ed Sport Member, kter\u00e9 je ekvivalentem poji\u0161t\u011bn\u00ed Sport Silver.  <\/li>\n<\/ul>\n<\/div>\n<\/div>\n\n<div class=\"wp-block-columns alignfull has-text-color has-background is-layout-flex wp-container-core-columns-is-layout-9d6595d7 wp-block-columns-is-layout-flex\" style=\"color:#000000;background-color:#ffffff\">\n<div class=\"wp-block-column is-layout-flow wp-block-column-is-layout-flow\">\n<h3 class=\"wp-block-heading\" style=\"font-size:24px;line-height:1.3\">\n          <strong>Na co se poji\u0161t\u011bn\u00ed vztahuje?<\/strong>\n        <\/h3>\n\n\n\n<p>V\u0161echny pl\u00e1ny Sport jsou navr\u017eeny tak, aby v\u00e1m poskytly pojistnou ochranu pro p\u0159\u00edpad nouze p\u0159i rekrea\u010dn\u00edm pot\u00e1p\u011bn\u00ed nebo p\u0159i pr\u00e1ci pot\u00e1p\u011b\u010dsk\u00e9ho profesion\u00e1la (s aqualungem nebo freedivingem) kdekoli na sv\u011bt\u011b.  <\/p>\n\n\n\n<p>\n          <br\/>\n        <\/p><p>Mezi v\u00fdhody pat\u0159\u00ed:  <\/p><br\/>\n\n\n\n<ul class=\"wp-block-list\">\n<li>Centrum pro mimo\u0159\u00e1dn\u00e9 ud\u00e1losti a krizov\u00e9 \u0159\u00edzen\u00ed 24 hodin denn\u011b, 7 dn\u00ed v t\u00fddnu  <\/li>\n\n\n\n<li>L\u00e9ka\u0159sk\u00e1 p\u00e9\u010de v nal\u00e9hav\u00fdch p\u0159\u00edpadech, v\u010detn\u011b hospitalizace a hyperbarick\u00e9 terapie po cel\u00e9m sv\u011bt\u011b  <\/li>\n\n\n\n<li>Nouzov\u00e1 l\u00e9ka\u0159sk\u00e1 evakuace, v\u010detn\u011b letu leteckou z\u00e1chrannou slu\u017ebou  <\/li>\n\n\n\n<li>Poji\u0161t\u011bn\u00ed pro p\u0159\u00edpad smrti nebo trval\u00e9 invalidity  <\/li>\n\n\n\n<li>Kryt\u00ed l\u00e9\u010debn\u00fdch v\u00fdloh v p\u0159\u00edpad\u011b nehody nebo neo\u010dek\u00e1van\u00e9ho onemocn\u011bn\u00ed v zahrani\u010d\u00ed.  <\/li>\n\n\n\n<li>Ro\u010dn\u00ed \u010dlenstv\u00ed v DAN  <\/li>\n<\/ul>\n\n\n\n<p>V\u00fd\u0161e uveden\u00fd seznam nen\u00ed \u00fapln\u00fd a zahrnuje pouze n\u011bkter\u00e9 z mnoha dostupn\u00fdch v\u00fdhod.  <\/p>\n\n\n\n<p>Mohou se na n\u011b vztahovat tak\u00e9 v\u00fdluky a dal\u0161\u00ed podm\u00ednky a poji\u0161t\u011bn\u00ed nemus\u00ed b\u00fdt dostupn\u00e9 ve v\u0161ech zem\u00edch.  <\/p>\n<\/div>\n<\/div>\n\n<p><\/p>\n\n<div class=\"wp-block-columns alignfull has-text-color has-background is-layout-flex wp-container-core-columns-is-layout-9d6595d7 wp-block-columns-is-layout-flex\" style=\"color:#000000;background-color:#ffffff\">\n<div class=\"wp-block-column is-layout-flow wp-block-column-is-layout-flow\">\n<h3 class=\"wp-block-heading\" style=\"font-size:24px;line-height:1.3\">\n          <strong>Pro koho jsou pl\u00e1ny SPORT ur\u010deny?<\/strong>\n        <\/h3>\n\n\n\n<ul class=\"wp-block-list\">\n<li>Hardwarov\u00ed pot\u00e1p\u011b\u010di &#8211; r\u00e1di se pot\u00e1p\u00edte s p\u0159\u00e1teli nebo rodinou doma i v zahrani\u010d\u00ed. Prozkoumejte nov\u00e1 m\u00edsta a z\u00e1rove\u0148 si zachovejte klid d\u00edky spr\u00e1vn\u00e9mu poji\u0161t\u011bn\u00ed.  <\/li>\n\n\n\n<li>Freedivers &#8211; statick\u00e1 nebo dynamick\u00e1 apnoe, pot\u00e1p\u011bn\u00ed s pevnou nebo prom\u011bnlivou z\u00e1t\u011b\u017e\u00ed &#8211; tyto pl\u00e1ny jsou navr\u017eeny tak, aby v\u00e1m poskytly pojistnou ochranu pro jakoukoli formu pot\u00e1p\u011bn\u00ed se zadr\u017een\u00fdm dechem, v\u010detn\u011b sout\u011b\u017e\u00ed.  <\/li>\n\n\n\n<li>Pot\u00e1p\u011b\u010d\u0161t\u00ed profesion\u00e1lov\u00e9 &#8211; jste instruktor pot\u00e1p\u011bn\u00ed, pot\u00e1p\u011b\u010dsk\u00fd mistr nebo pot\u00e1p\u011b\u010dsk\u00fd pr\u016fvodce? Zajist\u011bte si ochranu pro p\u0159\u00edpad nep\u0159edv\u00eddan\u00e9 nemoci nebo nehody p\u0159i pot\u00e1p\u011bn\u00ed. Pl\u00e1ny Sport nezahrnuj\u00ed poji\u0161t\u011bn\u00ed odpov\u011bdnosti. Pokud ji pot\u0159ebujete, pod\u00edvejte se na na\u0161e pl\u00e1ny Pro.  <\/li>\n\n\n\n<li>Techni\u010dt\u00ed pot\u00e1p\u011b\u010di &#8211; pl\u00e1ny Sport Silver nebo Sport Gold jsou pro v\u00e1s ide\u00e1ln\u00ed volbou, proto\u017ee nejsou omezeny hloubky ani pou\u017e\u00edv\u00e1n\u00ed sm\u011bs\u00ed d\u00fdchac\u00edch plyn\u016f a rebreather\u016f.  <\/li>\n<\/ul>\n<\/div>\n<\/div>\n","protected":false},"excerpt":{"rendered":"<p>O spole\u010dnosti DAN Europe Insurance DAN SPORT \u00farazov\u00e9 poji\u0161t\u011bn\u00ed pro rekrea\u010dn\u00ed pot\u00e1p\u011b\u010de, freedivery, instruktory a technick\u00e9 pot\u00e1p\u011b\u010de. Ochrana, kterou jako pot\u00e1p\u011b\u010d a cestovatel pot\u0159ebujete. Pro\u010d je dobr\u00e9 m\u00edt b\u011bhem pot\u00e1p\u011b\u010dsk\u00e9ho v\u00fdletu poji\u0161t\u011bn\u00ed: Na co se poji\u0161t\u011bn\u00ed vztahuje? V\u0161echny pl\u00e1ny Sport jsou navr\u017eeny tak, aby v\u00e1m poskytly pojistnou ochranu pro p\u0159\u00edpad nouze p\u0159i rekrea\u010dn\u00edm pot\u00e1p\u011bn\u00ed nebo [&hellip;]<\/p>\n","protected":false},"author":18,"featured_media":0,"parent":27428,"menu_order":0,"comment_status":"closed","ping_status":"closed","template":"template-partner.php","meta":{"_acf_changed":false,"footnotes":""},"class_list":["post-44134","page","type-page","status-publish","hentry"],"acf":[],"yoast_head":"<!-- This site is optimized with the Yoast SEO plugin v27.4 - https:\/\/yoast.com\/product\/yoast-seo-wordpress\/ -->\n<title>DAN Europe | Deepspot<\/title>\n<meta name=\"description\" content=\"DAN Europe\" \/>\n<meta name=\"robots\" content=\"index, follow, max-snippet:-1, max-image-preview:large, max-video-preview:-1\" \/>\n<link rel=\"canonical\" href=\"https:\/\/www.deepspot.com\/cs\/jak-to-delame\/partneri\/garmin-2\/\" \/>\n<meta property=\"og:locale\" content=\"cs_CZ\" \/>\n<meta property=\"og:type\" content=\"article\" \/>\n<meta property=\"og:title\" content=\"DAN Europe | Deepspot\" \/>\n<meta property=\"og:description\" content=\"DAN Europe\" \/>\n<meta property=\"og:url\" content=\"https:\/\/www.deepspot.com\/cs\/jak-to-delame\/partneri\/garmin-2\/\" \/>\n<meta property=\"og:site_name\" content=\"Deepspot\" \/>\n<meta property=\"article:modified_time\" content=\"2024-05-29T07:32:53+00:00\" \/>\n<meta name=\"twitter:card\" content=\"summary_large_image\" \/>\n<meta name=\"twitter:label1\" content=\"Odhadovan\u00e1 doba \u010dten\u00ed\" \/>\n\t<meta name=\"twitter:data1\" content=\"3 minuty\" \/>\n<script type=\"application\/ld+json\" class=\"yoast-schema-graph\">{\"@context\":\"https:\\\/\\\/schema.org\",\"@graph\":[{\"@type\":\"WebPage\",\"@id\":\"https:\\\/\\\/www.deepspot.com\\\/cs\\\/jak-to-delame\\\/partneri\\\/garmin-2\\\/\",\"url\":\"https:\\\/\\\/www.deepspot.com\\\/cs\\\/jak-to-delame\\\/partneri\\\/garmin-2\\\/\",\"name\":\"DAN Europe | Deepspot\",\"isPartOf\":{\"@id\":\"https:\\\/\\\/www.deepspot.com\\\/pl\\\/#website\"},\"datePublished\":\"2024-05-16T08:20:35+00:00\",\"dateModified\":\"2024-05-29T07:32:53+00:00\",\"description\":\"DAN Europe\",\"breadcrumb\":{\"@id\":\"https:\\\/\\\/www.deepspot.com\\\/cs\\\/jak-to-delame\\\/partneri\\\/garmin-2\\\/#breadcrumb\"},\"inLanguage\":\"cs\",\"potentialAction\":[{\"@type\":\"ReadAction\",\"target\":[\"https:\\\/\\\/www.deepspot.com\\\/cs\\\/jak-to-delame\\\/partneri\\\/garmin-2\\\/\"]}]},{\"@type\":\"BreadcrumbList\",\"@id\":\"https:\\\/\\\/www.deepspot.com\\\/cs\\\/jak-to-delame\\\/partneri\\\/garmin-2\\\/#breadcrumb\",\"itemListElement\":[{\"@type\":\"ListItem\",\"position\":1,\"name\":\"Strona g\u0142\u00f3wna\",\"item\":\"https:\\\/\\\/www.deepspot.com\\\/cs\\\/\"},{\"@type\":\"ListItem\",\"position\":2,\"name\":\"Jak to d\u011bl\u00e1me?\",\"item\":\"https:\\\/\\\/www.deepspot.com\\\/cs\\\/jak-to-delame\\\/\"},{\"@type\":\"ListItem\",\"position\":3,\"name\":\"NA\u0160I PARTNE\u0158I\",\"item\":\"https:\\\/\\\/www.deepspot.com\\\/cs\\\/jak-to-delame\\\/partneri\\\/\"},{\"@type\":\"ListItem\",\"position\":4,\"name\":\"DAN Europe\"}]},{\"@type\":\"WebSite\",\"@id\":\"https:\\\/\\\/www.deepspot.com\\\/pl\\\/#website\",\"url\":\"https:\\\/\\\/www.deepspot.com\\\/pl\\\/\",\"name\":\"Deepspot\",\"description\":\"Nov\u00e1 dimenze v pot\u00e1p\u011bn\u00ed\",\"potentialAction\":[{\"@type\":\"SearchAction\",\"target\":{\"@type\":\"EntryPoint\",\"urlTemplate\":\"https:\\\/\\\/www.deepspot.com\\\/pl\\\/?s={search_term_string}\"},\"query-input\":{\"@type\":\"PropertyValueSpecification\",\"valueRequired\":true,\"valueName\":\"search_term_string\"}}],\"inLanguage\":\"cs\"}]}<\/script>\n<!-- \/ Yoast SEO plugin. -->","yoast_head_json":{"title":"DAN Europe | Deepspot","description":"DAN Europe","robots":{"index":"index","follow":"follow","max-snippet":"max-snippet:-1","max-image-preview":"max-image-preview:large","max-video-preview":"max-video-preview:-1"},"canonical":"https:\/\/www.deepspot.com\/cs\/jak-to-delame\/partneri\/garmin-2\/","og_locale":"cs_CZ","og_type":"article","og_title":"DAN Europe | Deepspot","og_description":"DAN Europe","og_url":"https:\/\/www.deepspot.com\/cs\/jak-to-delame\/partneri\/garmin-2\/","og_site_name":"Deepspot","article_modified_time":"2024-05-29T07:32:53+00:00","twitter_card":"summary_large_image","twitter_misc":{"Odhadovan\u00e1 doba \u010dten\u00ed":"3 minuty"},"schema":{"@context":"https:\/\/schema.org","@graph":[{"@type":"WebPage","@id":"https:\/\/www.deepspot.com\/cs\/jak-to-delame\/partneri\/garmin-2\/","url":"https:\/\/www.deepspot.com\/cs\/jak-to-delame\/partneri\/garmin-2\/","name":"DAN Europe | Deepspot","isPartOf":{"@id":"https:\/\/www.deepspot.com\/pl\/#website"},"datePublished":"2024-05-16T08:20:35+00:00","dateModified":"2024-05-29T07:32:53+00:00","description":"DAN Europe","breadcrumb":{"@id":"https:\/\/www.deepspot.com\/cs\/jak-to-delame\/partneri\/garmin-2\/#breadcrumb"},"inLanguage":"cs","potentialAction":[{"@type":"ReadAction","target":["https:\/\/www.deepspot.com\/cs\/jak-to-delame\/partneri\/garmin-2\/"]}]},{"@type":"BreadcrumbList","@id":"https:\/\/www.deepspot.com\/cs\/jak-to-delame\/partneri\/garmin-2\/#breadcrumb","itemListElement":[{"@type":"ListItem","position":1,"name":"Strona g\u0142\u00f3wna","item":"https:\/\/www.deepspot.com\/cs\/"},{"@type":"ListItem","position":2,"name":"Jak to d\u011bl\u00e1me?","item":"https:\/\/www.deepspot.com\/cs\/jak-to-delame\/"},{"@type":"ListItem","position":3,"name":"NA\u0160I PARTNE\u0158I","item":"https:\/\/www.deepspot.com\/cs\/jak-to-delame\/partneri\/"},{"@type":"ListItem","position":4,"name":"DAN Europe"}]},{"@type":"WebSite","@id":"https:\/\/www.deepspot.com\/pl\/#website","url":"https:\/\/www.deepspot.com\/pl\/","name":"Deepspot","description":"Nov\u00e1 dimenze v pot\u00e1p\u011bn\u00ed","potentialAction":[{"@type":"SearchAction","target":{"@type":"EntryPoint","urlTemplate":"https:\/\/www.deepspot.com\/pl\/?s={search_term_string}"},"query-input":{"@type":"PropertyValueSpecification","valueRequired":true,"valueName":"search_term_string"}}],"inLanguage":"cs"}]}},"_links":{"self":[{"href":"https:\/\/www.deepspot.com\/cs\/wp-json\/wp\/v2\/pages\/44134","targetHints":{"allow":["GET"]}}],"collection":[{"href":"https:\/\/www.deepspot.com\/cs\/wp-json\/wp\/v2\/pages"}],"about":[{"href":"https:\/\/www.deepspot.com\/cs\/wp-json\/wp\/v2\/types\/page"}],"author":[{"embeddable":true,"href":"https:\/\/www.deepspot.com\/cs\/wp-json\/wp\/v2\/users\/18"}],"replies":[{"embeddable":true,"href":"https:\/\/www.deepspot.com\/cs\/wp-json\/wp\/v2\/comments?post=44134"}],"version-history":[{"count":8,"href":"https:\/\/www.deepspot.com\/cs\/wp-json\/wp\/v2\/pages\/44134\/revisions"}],"predecessor-version":[{"id":45161,"href":"https:\/\/www.deepspot.com\/cs\/wp-json\/wp\/v2\/pages\/44134\/revisions\/45161"}],"up":[{"embeddable":true,"href":"https:\/\/www.deepspot.com\/cs\/wp-json\/wp\/v2\/pages\/27428"}],"wp:attachment":[{"href":"https:\/\/www.deepspot.com\/cs\/wp-json\/wp\/v2\/media?parent=44134"}],"curies":[{"name":"wp","href":"https:\/\/api.w.org\/{rel}","templated":true}]}}