{"id":4571,"date":"2020-12-04T10:25:29","date_gmt":"2020-12-04T09:25:29","guid":{"rendered":"https:\/\/www.deepspot.com\/potapecske-kurzy-v-deepspot\/"},"modified":"2025-06-23T13:46:47","modified_gmt":"2025-06-23T11:46:47","slug":"potapecske-kurzy-v-deepspot","status":"publish","type":"page","link":"https:\/\/www.deepspot.com\/cs\/pro-koho\/potapecske-kurzy-v-deepspot\/","title":{"rendered":"Kurzy pot\u00e1p\u011bn\u00ed na Deepspotu"},"content":{"rendered":"","protected":false},"excerpt":{"rendered":"","protected":false},"author":1,"featured_media":0,"parent":4623,"menu_order":4,"comment_status":"closed","ping_status":"closed","template":"template-dla-kogo.php","meta":{"_acf_changed":false,"footnotes":""},"class_list":["post-4571","page","type-page","status-publish","hentry"],"acf":[],"yoast_head":"<!-- This site is optimized with the Yoast SEO plugin v27.3 - https:\/\/yoast.com\/product\/yoast-seo-wordpress\/ -->\n<title>Kurzy pot\u00e1p\u011bn\u00ed na Deepspotu | Deepspot<\/title>\n<meta name=\"description\" content=\"Kurzy pot\u00e1p\u011bn\u00ed na Deepspotu\" \/>\n<meta name=\"robots\" content=\"index, follow, max-snippet:-1, max-image-preview:large, max-video-preview:-1\" \/>\n<link rel=\"canonical\" href=\"https:\/\/www.deepspot.com\/cs\/pro-koho\/potapecske-kurzy-v-deepspot\/\" \/>\n<meta property=\"og:locale\" content=\"cs_CZ\" \/>\n<meta property=\"og:type\" content=\"article\" \/>\n<meta property=\"og:title\" content=\"Kurzy pot\u00e1p\u011bn\u00ed na Deepspotu | Deepspot\" \/>\n<meta property=\"og:description\" content=\"Kurzy pot\u00e1p\u011bn\u00ed na Deepspotu\" \/>\n<meta property=\"og:url\" content=\"https:\/\/www.deepspot.com\/cs\/pro-koho\/potapecske-kurzy-v-deepspot\/\" \/>\n<meta property=\"og:site_name\" content=\"Deepspot\" \/>\n<meta property=\"article:modified_time\" content=\"2025-06-23T11:46:47+00:00\" \/>\n<meta name=\"twitter:card\" content=\"summary_large_image\" \/>\n<script type=\"application\/ld+json\" class=\"yoast-schema-graph\">{\"@context\":\"https:\\\/\\\/schema.org\",\"@graph\":[{\"@type\":\"WebPage\",\"@id\":\"https:\\\/\\\/www.deepspot.com\\\/cs\\\/pro-koho\\\/potapecske-kurzy-v-deepspot\\\/\",\"url\":\"https:\\\/\\\/www.deepspot.com\\\/cs\\\/pro-koho\\\/potapecske-kurzy-v-deepspot\\\/\",\"name\":\"Kurzy pot\u00e1p\u011bn\u00ed na Deepspotu | Deepspot\",\"isPartOf\":{\"@id\":\"https:\\\/\\\/www.deepspot.com\\\/pl\\\/#website\"},\"datePublished\":\"2020-12-04T09:25:29+00:00\",\"dateModified\":\"2025-06-23T11:46:47+00:00\",\"description\":\"Kurzy pot\u00e1p\u011bn\u00ed na Deepspotu\",\"breadcrumb\":{\"@id\":\"https:\\\/\\\/www.deepspot.com\\\/cs\\\/pro-koho\\\/potapecske-kurzy-v-deepspot\\\/#breadcrumb\"},\"inLanguage\":\"cs\",\"potentialAction\":[{\"@type\":\"ReadAction\",\"target\":[\"https:\\\/\\\/www.deepspot.com\\\/cs\\\/pro-koho\\\/potapecske-kurzy-v-deepspot\\\/\"]}]},{\"@type\":\"BreadcrumbList\",\"@id\":\"https:\\\/\\\/www.deepspot.com\\\/cs\\\/pro-koho\\\/potapecske-kurzy-v-deepspot\\\/#breadcrumb\",\"itemListElement\":[{\"@type\":\"ListItem\",\"position\":1,\"name\":\"Strona g\u0142\u00f3wna\",\"item\":\"https:\\\/\\\/www.deepspot.com\\\/cs\\\/\"},{\"@type\":\"ListItem\",\"position\":2,\"name\":\"Pro koho\",\"item\":\"https:\\\/\\\/www.deepspot.com\\\/cs\\\/pro-koho\\\/\"},{\"@type\":\"ListItem\",\"position\":3,\"name\":\"Kurzy pot\u00e1p\u011bn\u00ed na Deepspotu\"}]},{\"@type\":\"WebSite\",\"@id\":\"https:\\\/\\\/www.deepspot.com\\\/pl\\\/#website\",\"url\":\"https:\\\/\\\/www.deepspot.com\\\/pl\\\/\",\"name\":\"Deepspot\",\"description\":\"Nov\u00e1 dimenze v pot\u00e1p\u011bn\u00ed\",\"potentialAction\":[{\"@type\":\"SearchAction\",\"target\":{\"@type\":\"EntryPoint\",\"urlTemplate\":\"https:\\\/\\\/www.deepspot.com\\\/pl\\\/?s={search_term_string}\"},\"query-input\":{\"@type\":\"PropertyValueSpecification\",\"valueRequired\":true,\"valueName\":\"search_term_string\"}}],\"inLanguage\":\"cs\"}]}<\/script>\n<!-- \/ Yoast SEO plugin. -->","yoast_head_json":{"title":"Kurzy pot\u00e1p\u011bn\u00ed na Deepspotu | Deepspot","description":"Kurzy pot\u00e1p\u011bn\u00ed na Deepspotu","robots":{"index":"index","follow":"follow","max-snippet":"max-snippet:-1","max-image-preview":"max-image-preview:large","max-video-preview":"max-video-preview:-1"},"canonical":"https:\/\/www.deepspot.com\/cs\/pro-koho\/potapecske-kurzy-v-deepspot\/","og_locale":"cs_CZ","og_type":"article","og_title":"Kurzy pot\u00e1p\u011bn\u00ed na Deepspotu | Deepspot","og_description":"Kurzy pot\u00e1p\u011bn\u00ed na Deepspotu","og_url":"https:\/\/www.deepspot.com\/cs\/pro-koho\/potapecske-kurzy-v-deepspot\/","og_site_name":"Deepspot","article_modified_time":"2025-06-23T11:46:47+00:00","twitter_card":"summary_large_image","schema":{"@context":"https:\/\/schema.org","@graph":[{"@type":"WebPage","@id":"https:\/\/www.deepspot.com\/cs\/pro-koho\/potapecske-kurzy-v-deepspot\/","url":"https:\/\/www.deepspot.com\/cs\/pro-koho\/potapecske-kurzy-v-deepspot\/","name":"Kurzy pot\u00e1p\u011bn\u00ed na Deepspotu | Deepspot","isPartOf":{"@id":"https:\/\/www.deepspot.com\/pl\/#website"},"datePublished":"2020-12-04T09:25:29+00:00","dateModified":"2025-06-23T11:46:47+00:00","description":"Kurzy pot\u00e1p\u011bn\u00ed na Deepspotu","breadcrumb":{"@id":"https:\/\/www.deepspot.com\/cs\/pro-koho\/potapecske-kurzy-v-deepspot\/#breadcrumb"},"inLanguage":"cs","potentialAction":[{"@type":"ReadAction","target":["https:\/\/www.deepspot.com\/cs\/pro-koho\/potapecske-kurzy-v-deepspot\/"]}]},{"@type":"BreadcrumbList","@id":"https:\/\/www.deepspot.com\/cs\/pro-koho\/potapecske-kurzy-v-deepspot\/#breadcrumb","itemListElement":[{"@type":"ListItem","position":1,"name":"Strona g\u0142\u00f3wna","item":"https:\/\/www.deepspot.com\/cs\/"},{"@type":"ListItem","position":2,"name":"Pro koho","item":"https:\/\/www.deepspot.com\/cs\/pro-koho\/"},{"@type":"ListItem","position":3,"name":"Kurzy pot\u00e1p\u011bn\u00ed na Deepspotu"}]},{"@type":"WebSite","@id":"https:\/\/www.deepspot.com\/pl\/#website","url":"https:\/\/www.deepspot.com\/pl\/","name":"Deepspot","description":"Nov\u00e1 dimenze v pot\u00e1p\u011bn\u00ed","potentialAction":[{"@type":"SearchAction","target":{"@type":"EntryPoint","urlTemplate":"https:\/\/www.deepspot.com\/pl\/?s={search_term_string}"},"query-input":{"@type":"PropertyValueSpecification","valueRequired":true,"valueName":"search_term_string"}}],"inLanguage":"cs"}]}},"_links":{"self":[{"href":"https:\/\/www.deepspot.com\/cs\/wp-json\/wp\/v2\/pages\/4571","targetHints":{"allow":["GET"]}}],"collection":[{"href":"https:\/\/www.deepspot.com\/cs\/wp-json\/wp\/v2\/pages"}],"about":[{"href":"https:\/\/www.deepspot.com\/cs\/wp-json\/wp\/v2\/types\/page"}],"author":[{"embeddable":true,"href":"https:\/\/www.deepspot.com\/cs\/wp-json\/wp\/v2\/users\/1"}],"replies":[{"embeddable":true,"href":"https:\/\/www.deepspot.com\/cs\/wp-json\/wp\/v2\/comments?post=4571"}],"version-history":[{"count":2,"href":"https:\/\/www.deepspot.com\/cs\/wp-json\/wp\/v2\/pages\/4571\/revisions"}],"predecessor-version":[{"id":35677,"href":"https:\/\/www.deepspot.com\/cs\/wp-json\/wp\/v2\/pages\/4571\/revisions\/35677"}],"up":[{"embeddable":true,"href":"https:\/\/www.deepspot.com\/cs\/wp-json\/wp\/v2\/pages\/4623"}],"wp:attachment":[{"href":"https:\/\/www.deepspot.com\/cs\/wp-json\/wp\/v2\/media?parent=4571"}],"curies":[{"name":"wp","href":"https:\/\/api.w.org\/{rel}","templated":true}]}}