{"id":4628,"date":"2020-02-05T13:51:13","date_gmt":"2020-02-05T12:51:13","guid":{"rendered":"https:\/\/www.deepspot.com\/jak-to-delame\/tym\/"},"modified":"2025-10-23T09:25:50","modified_gmt":"2025-10-23T07:25:50","slug":"tym","status":"publish","type":"page","link":"https:\/\/www.deepspot.com\/cs\/jak-to-delame\/tym\/","title":{"rendered":"T\u00fdm"},"content":{"rendered":"<div id=\"internal-links-block_041f93ebf36e37a1ce04d4d5beeb0828\" class=\"internal-links-block\">\r\n  <div class=\"row container\">\r\n              <\/div>\r\n<\/div><!-- block -->\r\n\n<h1 class=\"wp-block-heading has-text-align-center has-x-large-font-size\" style=\"font-style:normal;font-weight:700;text-transform:uppercase\"><strong>Chcete se p\u0159ipojit k na\u0161emu t\u00fdmu?  <\/strong><\/h1>\n\n<p><\/p>\n\n<h1 class=\"wp-block-heading has-text-align-center has-x-large-font-size\" style=\"text-transform:uppercase\"><strong>Vypl\u0148te n\u00e1borov\u00fd formul\u00e1\u0159.<\/strong><\/h1>\n\n<p><\/p>\n\n<div class=\"wp-block-buttons is-content-justification-center is-layout-flex wp-container-core-buttons-is-layout-16018d1d wp-block-buttons-is-layout-flex\">\n<div class=\"wp-block-button is-style-fill\"><a class=\"wp-block-button__link wp-element-button\" href=\"https:\/\/form.fillout.com\/t\/x6LQJb2fHVus\">Vypl\u0148te formul\u00e1\u0159<\/a><\/div>\n<\/div>\n<div id=\"form-popup-block_72e50e3f5b60cbe9b2a62b753d5d9bbf\" class=\"form-popup-block\" data-timeout=\"\">\r\n  <div class=\"row container\">\r\n    <div>\r\n                  <a class=\"close-form-popup\" href=\"#\">zav\u0159\u00edt <svg xmlns=\"http:\/\/www.w3.org\/2000\/svg\" width=\"23\" height=\"23\" viewBox=\"0 0 23 23\"><g><g><g><path fill=\"none\" stroke=\"#9ca0a3\" stroke-linejoin=\"round\" stroke-miterlimit=\"50\" stroke-width=\"\" d=\"M22 1L1 22\"><\/path><\/g><g><path fill=\"none\" stroke=\"#9ca0a3\" stroke-linejoin=\"round\" stroke-miterlimit=\"50\" stroke-width=\"\" d=\"M22 22L1 1\"><\/path><\/g><\/g><\/g><\/svg><\/a>\r\n    <\/div>\r\n  <\/div>\r\n<\/div><!-- block -->\r\n<div id=\"fancy-display-block_aa73a95ad3e33149ca9a5957b047f68b\" class=\"fancy-display-block fancy-repeater-block\">\r\n  <div class=\"row container\">\r\n          <div class=\"fancy-repeater-item\">\r\n        <div class=\"text-container\">\r\n          <h2 class=\"title\">ST\u00c1\u017d FREEDIVERA V DEEPSPOTU<\/h2>\r\n                    <p>Jste freediver a r\u00e1di byste se pot\u00e1p\u011bli v\u00edce?\r\nChcete rychle z\u00edskat komplexn\u00ed zku\u0161enosti a p\u0159ipravit se na instruktorsk\u00fd kurz?\r\nZaj\u00edm\u00e1 v\u00e1s, zda je pr\u00e1ce v pot\u00e1p\u011b\u010dsk\u00e9m pr\u016fmyslu pro v\u00e1s?<\/p>\r\n          <div class=\"buttons\"><a class=\"btn\" href=\"https:\/\/www.deepspot.com\/pl\/jak-to-robimy\/zespol\/staz-freediverski\/\" target=\"_self\">Zjist\u011bte v\u00edce!<\/a><\/div>        <\/div>\r\n        <div>\r\n          <img decoding=\"async\" lazy src=\"data:image\/gif;base64,R0lGODlhAQABAAD\/ACwAAAAAAQABAAACADs%3D\" data-src=\"https:\/\/eco3ygde435.exactdn.com\/wp-content\/uploads\/sites\/2\/2023\/05\/Staz-free-foto-600600-1.jpg?strip=all\" alt=\"\">\r\n        <\/div>\r\n      <\/div>\r\n          <div class=\"fancy-repeater-item\">\r\n        <div class=\"text-container\">\r\n          <h2 class=\"title\">ST\u00c1\u017d PRO POT\u00c1P\u011a\u010cE V DEEPSPOTU<\/h2>\r\n                    <p>Jste pot\u00e1p\u011b\u010dsk\u00fd mistr a r\u00e1di byste se pot\u00e1p\u011bli v\u00edce?\r\nChcete rychle z\u00edskat komplexn\u00ed zku\u0161enosti a p\u0159ipravit se na instruktorsk\u00fd kurz?\r\nZaj\u00edm\u00e1 v\u00e1s, zda je pr\u00e1ce v pot\u00e1p\u011b\u010dsk\u00e9m pr\u016fmyslu pro v\u00e1s?<\/p>\r\n          <div class=\"buttons\"><a class=\"btn\" href=\"https:\/\/www.deepspot.com\/pl\/jak-to-robimy\/zespol\/staz-divemasterski\/\" target=\"_self\">Zjist\u011bte v\u00edce!<\/a><\/div>        <\/div>\r\n        <div>\r\n          <img decoding=\"async\" lazy src=\"data:image\/gif;base64,R0lGODlhAQABAAD\/ACwAAAAAAQABAAACADs%3D\" data-src=\"https:\/\/eco3ygde435.exactdn.com\/wp-content\/uploads\/sites\/2\/2023\/05\/TryScubaStyczen-sqr.jpg?strip=all\" alt=\"\">\r\n        <\/div>\r\n      <\/div>\r\n      <\/div>\r\n<\/div><!-- block -->\r\n\n<p><\/p>\n","protected":false},"excerpt":{"rendered":"<p>Chcete se p\u0159ipojit k na\u0161emu t\u00fdmu? Vypl\u0148te n\u00e1borov\u00fd formul\u00e1\u0159.<\/p>\n","protected":false},"author":1,"featured_media":0,"parent":4619,"menu_order":2,"comment_status":"closed","ping_status":"closed","template":"template-zespol.php","meta":{"_acf_changed":false,"footnotes":""},"class_list":["post-4628","page","type-page","status-publish","hentry"],"acf":[],"yoast_head":"<!-- This site is optimized with the Yoast SEO plugin v27.3 - https:\/\/yoast.com\/product\/yoast-seo-wordpress\/ -->\n<title>T\u00fdm | Deepspot<\/title>\n<meta name=\"description\" content=\"T\u00fdm\" \/>\n<meta name=\"robots\" content=\"index, follow, max-snippet:-1, max-image-preview:large, max-video-preview:-1\" \/>\n<link rel=\"canonical\" href=\"https:\/\/www.deepspot.com\/cs\/jak-to-delame\/tym\/\" \/>\n<meta property=\"og:locale\" content=\"cs_CZ\" \/>\n<meta property=\"og:type\" content=\"article\" \/>\n<meta property=\"og:title\" content=\"T\u00fdm | Deepspot\" \/>\n<meta property=\"og:description\" content=\"T\u00fdm\" \/>\n<meta property=\"og:url\" content=\"https:\/\/www.deepspot.com\/cs\/jak-to-delame\/tym\/\" \/>\n<meta property=\"og:site_name\" content=\"Deepspot\" \/>\n<meta property=\"article:modified_time\" content=\"2025-10-23T07:25:50+00:00\" \/>\n<meta name=\"twitter:card\" content=\"summary_large_image\" \/>\n<script type=\"application\/ld+json\" class=\"yoast-schema-graph\">{\"@context\":\"https:\\\/\\\/schema.org\",\"@graph\":[{\"@type\":\"WebPage\",\"@id\":\"https:\\\/\\\/www.deepspot.com\\\/cs\\\/jak-to-delame\\\/tym\\\/\",\"url\":\"https:\\\/\\\/www.deepspot.com\\\/cs\\\/jak-to-delame\\\/tym\\\/\",\"name\":\"T\u00fdm | Deepspot\",\"isPartOf\":{\"@id\":\"https:\\\/\\\/www.deepspot.com\\\/pl\\\/#website\"},\"datePublished\":\"2020-02-05T12:51:13+00:00\",\"dateModified\":\"2025-10-23T07:25:50+00:00\",\"description\":\"T\u00fdm\",\"breadcrumb\":{\"@id\":\"https:\\\/\\\/www.deepspot.com\\\/cs\\\/jak-to-delame\\\/tym\\\/#breadcrumb\"},\"inLanguage\":\"cs\",\"potentialAction\":[{\"@type\":\"ReadAction\",\"target\":[\"https:\\\/\\\/www.deepspot.com\\\/cs\\\/jak-to-delame\\\/tym\\\/\"]}]},{\"@type\":\"BreadcrumbList\",\"@id\":\"https:\\\/\\\/www.deepspot.com\\\/cs\\\/jak-to-delame\\\/tym\\\/#breadcrumb\",\"itemListElement\":[{\"@type\":\"ListItem\",\"position\":1,\"name\":\"Strona g\u0142\u00f3wna\",\"item\":\"https:\\\/\\\/www.deepspot.com\\\/cs\\\/\"},{\"@type\":\"ListItem\",\"position\":2,\"name\":\"Jak to d\u011bl\u00e1me?\",\"item\":\"https:\\\/\\\/www.deepspot.com\\\/cs\\\/jak-to-delame\\\/\"},{\"@type\":\"ListItem\",\"position\":3,\"name\":\"T\u00fdm\"}]},{\"@type\":\"WebSite\",\"@id\":\"https:\\\/\\\/www.deepspot.com\\\/pl\\\/#website\",\"url\":\"https:\\\/\\\/www.deepspot.com\\\/pl\\\/\",\"name\":\"Deepspot\",\"description\":\"Nov\u00e1 dimenze v pot\u00e1p\u011bn\u00ed\",\"potentialAction\":[{\"@type\":\"SearchAction\",\"target\":{\"@type\":\"EntryPoint\",\"urlTemplate\":\"https:\\\/\\\/www.deepspot.com\\\/pl\\\/?s={search_term_string}\"},\"query-input\":{\"@type\":\"PropertyValueSpecification\",\"valueRequired\":true,\"valueName\":\"search_term_string\"}}],\"inLanguage\":\"cs\"}]}<\/script>\n<!-- \/ Yoast SEO plugin. -->","yoast_head_json":{"title":"T\u00fdm | Deepspot","description":"T\u00fdm","robots":{"index":"index","follow":"follow","max-snippet":"max-snippet:-1","max-image-preview":"max-image-preview:large","max-video-preview":"max-video-preview:-1"},"canonical":"https:\/\/www.deepspot.com\/cs\/jak-to-delame\/tym\/","og_locale":"cs_CZ","og_type":"article","og_title":"T\u00fdm | Deepspot","og_description":"T\u00fdm","og_url":"https:\/\/www.deepspot.com\/cs\/jak-to-delame\/tym\/","og_site_name":"Deepspot","article_modified_time":"2025-10-23T07:25:50+00:00","twitter_card":"summary_large_image","schema":{"@context":"https:\/\/schema.org","@graph":[{"@type":"WebPage","@id":"https:\/\/www.deepspot.com\/cs\/jak-to-delame\/tym\/","url":"https:\/\/www.deepspot.com\/cs\/jak-to-delame\/tym\/","name":"T\u00fdm | Deepspot","isPartOf":{"@id":"https:\/\/www.deepspot.com\/pl\/#website"},"datePublished":"2020-02-05T12:51:13+00:00","dateModified":"2025-10-23T07:25:50+00:00","description":"T\u00fdm","breadcrumb":{"@id":"https:\/\/www.deepspot.com\/cs\/jak-to-delame\/tym\/#breadcrumb"},"inLanguage":"cs","potentialAction":[{"@type":"ReadAction","target":["https:\/\/www.deepspot.com\/cs\/jak-to-delame\/tym\/"]}]},{"@type":"BreadcrumbList","@id":"https:\/\/www.deepspot.com\/cs\/jak-to-delame\/tym\/#breadcrumb","itemListElement":[{"@type":"ListItem","position":1,"name":"Strona g\u0142\u00f3wna","item":"https:\/\/www.deepspot.com\/cs\/"},{"@type":"ListItem","position":2,"name":"Jak to d\u011bl\u00e1me?","item":"https:\/\/www.deepspot.com\/cs\/jak-to-delame\/"},{"@type":"ListItem","position":3,"name":"T\u00fdm"}]},{"@type":"WebSite","@id":"https:\/\/www.deepspot.com\/pl\/#website","url":"https:\/\/www.deepspot.com\/pl\/","name":"Deepspot","description":"Nov\u00e1 dimenze v pot\u00e1p\u011bn\u00ed","potentialAction":[{"@type":"SearchAction","target":{"@type":"EntryPoint","urlTemplate":"https:\/\/www.deepspot.com\/pl\/?s={search_term_string}"},"query-input":{"@type":"PropertyValueSpecification","valueRequired":true,"valueName":"search_term_string"}}],"inLanguage":"cs"}]}},"_links":{"self":[{"href":"https:\/\/www.deepspot.com\/cs\/wp-json\/wp\/v2\/pages\/4628","targetHints":{"allow":["GET"]}}],"collection":[{"href":"https:\/\/www.deepspot.com\/cs\/wp-json\/wp\/v2\/pages"}],"about":[{"href":"https:\/\/www.deepspot.com\/cs\/wp-json\/wp\/v2\/types\/page"}],"author":[{"embeddable":true,"href":"https:\/\/www.deepspot.com\/cs\/wp-json\/wp\/v2\/users\/1"}],"replies":[{"embeddable":true,"href":"https:\/\/www.deepspot.com\/cs\/wp-json\/wp\/v2\/comments?post=4628"}],"version-history":[{"count":24,"href":"https:\/\/www.deepspot.com\/cs\/wp-json\/wp\/v2\/pages\/4628\/revisions"}],"predecessor-version":[{"id":56389,"href":"https:\/\/www.deepspot.com\/cs\/wp-json\/wp\/v2\/pages\/4628\/revisions\/56389"}],"up":[{"embeddable":true,"href":"https:\/\/www.deepspot.com\/cs\/wp-json\/wp\/v2\/pages\/4619"}],"wp:attachment":[{"href":"https:\/\/www.deepspot.com\/cs\/wp-json\/wp\/v2\/media?parent=4628"}],"curies":[{"name":"wp","href":"https:\/\/api.w.org\/{rel}","templated":true}]}}