{"id":4653,"date":"2020-07-29T12:04:10","date_gmt":"2020-07-29T10:04:10","guid":{"rendered":"https:\/\/www.deepspot.com\/pro-koho\/poprve-pod-vodu\/"},"modified":"2026-03-26T10:24:18","modified_gmt":"2026-03-26T09:24:18","slug":"poprve-pod-vodu","status":"publish","type":"page","link":"https:\/\/www.deepspot.com\/cs\/pro-koho\/poprve-pod-vodu\/","title":{"rendered":"Poprv\u00e9 pod vodou"},"content":{"rendered":"<div id=\"background-person-block_d2f397f6997c5c40d1c2430e659364f3\" class=\"background-person-block newsletter-css\">\r\n  <div class=\"container\">\r\n    <span class=\"subtitle\">pot\u00e1p\u011bn\u00ed v Deepspotu<\/span>\r\n    <h3 class=\"title\">JI\u017d CERTIFIKOVAN\u00c9? PONO\u0158TE SE DO NEJLEP\u0160\u00cdHO BAZ\u00c9NU NA SV\u011aT\u011a<\/h3>\r\n    <a class=\"bttn\" href=\"https:\/\/cs.deepspot.com\/deepspot\/scuba\/offers\" target=\"_blank\"><span>Kniha<\/span><\/a>  <\/div>\r\n<\/div><!-- block -->\r\n<div id=\"step-guide-block_e2ecba15b504e8f42880e7a14fb9cb5e\" class=\"step-guide-block\">\r\n  <div class=\"row container\">\r\n    <div>\r\n      <h2 class=\"title\">Stoj\u00ed to za to, proto\u017ee<\/h2>      <ul>            <li data-count=\"01\">\r\n              <strong><\/strong>\r\n              <p>Tr\u00e9nujete v nejhlub\u0161\u00edm baz\u00e9nu v Evrop\u011b &#8211; v hloubce a\u017e 45 metr\u016f.<\/p>\r\n                          <\/li>\r\n                      <li data-count=\"02\">\r\n              <strong><\/strong>\r\n              <p>Pot\u00e1p\u011bn\u00ed prob\u00edh\u00e1 v exotick\u00fdch podm\u00ednk\u00e1ch &#8211; pr\u016fzra\u010dn\u00e1 voda o teplot\u011b 32 \u00b0C.<\/p>\r\n                          <\/li>\r\n                      <li data-count=\"03\">\r\n              <strong><\/strong>\r\n              <p>Pou\u017e\u00edv\u00e1te modern\u00ed, pravideln\u011b servisovan\u00e9 vybaven\u00ed<\/p>\r\n                          <\/li>\r\n                      <li data-count=\"04\">\r\n              <strong><\/strong>\r\n              <p>M\u00e1te podporu zku\u0161en\u00e9ho mezin\u00e1rodn\u00edho t\u00fdmu instruktor\u016f.<\/p>\r\n                          <\/li>\r\n                      <li data-count=\"05\">\r\n              <strong><\/strong>\r\n              <p>Je ide\u00e1ln\u00edm m\u00edstem pro budov\u00e1n\u00ed sebed\u016fv\u011bry a dobr\u00e9 techniky.<\/p>\r\n                          <\/li>\r\n          <\/ul>    <\/div>\r\n  <\/div>\r\n<\/div><!-- block -->\r\n<div id=\"gallery-block_995b6ad45e8061481e5b7b14ac9236dc\" class=\"gallery-block\">\r\n  <div class=\"row\">\r\n        <div class=\"outer-container\">\r\n      <img decoding=\"async\" src=\"https:\/\/eco3ygde435.exactdn.com\/wp-content\/uploads\/sites\/2\/2026\/01\/atrakcja-nurkowanie-deepspot.jpg?strip=all\" alt=\"\">\r\n      <div>\r\n        <h2 class=\"title\">Zde za\u010d\u00edn\u00e1 nap\u00ednav\u00e9 dobrodru\u017estv\u00ed &#8211; Pod\u00edvejte se do Deepspotu<\/h2>\r\n        <a class=\"open-gallery\" href=\"#gallery-block_995b6ad45e8061481e5b7b14ac9236dc\"><span>viz galerie<\/span><\/a>\r\n      <\/div>\r\n    <\/div>\r\n    <div class=\"container\">\r\n      <div lazy class=\"lazy-css\" style=\"background-image: url('https:\/\/eco3ygde435.exactdn.com\/wp-content\/uploads\/sites\/2\/2026\/01\/relaks-pod-woda-deepspot.jpg?strip=all');\"><\/div>\r\n      <div lazy class=\"lazy-css\" style=\"background-image: url('https:\/\/eco3ygde435.exactdn.com\/wp-content\/uploads\/sites\/2\/2026\/01\/najlepszja-atrakcja-nurkowanie-deepspot.jpg?strip=all');\"><\/div>\r\n    <\/div>\r\n\r\n    <div class=\"gallery-popup\" data-state=\"not-loaded\" data-view=\"list\">\r\n            <div class=\"outer-container\">\r\n        <span class=\"gallery-close\">\r\n          zav\u0159\u00edt          <svg xmlns=\"http:\/\/www.w3.org\/2000\/svg\" width=\"23\" height=\"23\" viewBox=\"0 0 23 23\"><g><g><g><path fill=\"none\" stroke=\"#9ca0a3\" stroke-linejoin=\"round\" stroke-miterlimit=\"50\" stroke-width=\"\" d=\"M22 1L1 22\"\/><\/g><g><path fill=\"none\" stroke=\"#9ca0a3\" stroke-linejoin=\"round\" stroke-miterlimit=\"50\" stroke-width=\"\" d=\"M22 22L1 1\"\/><\/g><\/g><\/g><\/svg>\r\n        <\/span>\r\n        <span class=\"gallery-close-2\">\r\n          <svg xmlns=\"http:\/\/www.w3.org\/2000\/svg\" width=\"14\" height=\"25\" viewBox=\"0 0 14 25\"><g><g><g><path fill=\"none\" stroke=\"#9ca0a3\" stroke-linecap=\"round\" stroke-linejoin=\"round\" stroke-miterlimit=\"50\" stroke-width=\"\" d=\"M12 2L1.5 12.5\"\/><\/g><g><path fill=\"none\" stroke=\"#9ca0a3\" stroke-linecap=\"round\" stroke-linejoin=\"round\" stroke-miterlimit=\"50\" stroke-width=\"\" d=\"M12 23L1.5 12.5\"\/><\/g><\/g><\/g><\/svg>\r\n          vr\u00e1tit se        <\/span>\r\n        <span class=\"gallery-next only-image-visible\">\r\n          dal\u0161\u00ed          <svg xmlns=\"http:\/\/www.w3.org\/2000\/svg\" width=\"21\" height=\"49\" viewBox=\"0 0 21 49\"><g><g transform=\"rotate(90 10.5 24.5)\"><g><path fill=\"none\" stroke=\"#9ca0a3\" stroke-linecap=\"square\" stroke-miterlimit=\"50\" stroke-width=\"\" d=\"M-12 33v0l22.5-17v0L33 33v0\"\/><\/g><\/g><\/g><\/svg>\r\n        <\/span>\r\n        <span class=\"gallery-prev only-image-visible\">\r\n          <svg xmlns=\"http:\/\/www.w3.org\/2000\/svg\" width=\"21\" height=\"49\" viewBox=\"0 0 21 49\"><g><g transform=\"matrix(0 1 1 0 -14 14)\"><g><path fill=\"none\" stroke=\"#9ca0a3\" stroke-linecap=\"square\" stroke-miterlimit=\"50\" stroke-width=\"\" d=\"M-12 33v0l22.5-17v0L33 33v0\"\/><\/g><\/g><\/g><\/svg>\r\n          p\u0159edchoz\u00ed        <\/span>\r\n        <div class=\"container\">\r\n          <span class=\"gallery-to-list only-image-visible\">\r\n            zobrazit seznam fotografi\u00ed            <svg xmlns=\"http:\/\/www.w3.org\/2000\/svg\" width=\"22\" height=\"22\" viewBox=\"0 0 22 22\"><g><g><g><path fill=\"none\" stroke=\"#9ca0a3\" stroke-linecap=\"round\" stroke-miterlimit=\"50\" stroke-width=\"\" d=\"M1 1v0h7v7H1v0z\"\/><\/g><g><path fill=\"none\" stroke=\"#9ca0a3\" stroke-linecap=\"round\" stroke-miterlimit=\"50\" stroke-width=\"\" d=\"M14 1v0h7v7h-7v0z\"\/><\/g><g><path fill=\"none\" stroke=\"#9ca0a3\" stroke-linecap=\"round\" stroke-miterlimit=\"50\" stroke-width=\"\" d=\"M1 14v0h7v7H1v0z\"\/><\/g><g><path fill=\"none\" stroke=\"#9ca0a3\" stroke-linecap=\"round\" stroke-miterlimit=\"50\" stroke-width=\"\" d=\"M14 14v0h7v7h-7v0z\"\/><\/g><\/g><\/g><\/svg>\r\n          <\/span>\r\n          <span class=\"gallery-counter only-image-visible\"><i class=\"js-current-slide\">12<\/i> \/ <i class=\"js-total-slide\">30<\/i><\/span>\r\n          <ul class=\"gallery-list\">\r\n                            <li data-gallery-id=\"1\">\r\n                  <img decoding=\"async\" lazy src=\"data:image\/gif;base64,R0lGODlhAQABAAD\/ACwAAAAAAQABAAACADs%3D\" data-src=\"https:\/\/eco3ygde435.exactdn.com\/wp-content\/uploads\/sites\/2\/2026\/01\/atrakcja-nurkowanie-deepspot.jpg?strip=all\" alt=\"\" \/>\r\n                <\/li>\r\n                              <li data-gallery-id=\"2\">\r\n                  <img decoding=\"async\" lazy src=\"data:image\/gif;base64,R0lGODlhAQABAAD\/ACwAAAAAAQABAAACADs%3D\" data-src=\"https:\/\/eco3ygde435.exactdn.com\/wp-content\/uploads\/sites\/2\/2026\/01\/relaks-pod-woda-deepspot.jpg?strip=all\" alt=\"\" \/>\r\n                <\/li>\r\n                              <li data-gallery-id=\"3\">\r\n                  <img decoding=\"async\" lazy src=\"data:image\/gif;base64,R0lGODlhAQABAAD\/ACwAAAAAAQABAAACADs%3D\" data-src=\"https:\/\/eco3ygde435.exactdn.com\/wp-content\/uploads\/sites\/2\/2026\/01\/najlepszja-atrakcja-nurkowanie-deepspot.jpg?strip=all\" alt=\"\" \/>\r\n                <\/li>\r\n                              <li data-gallery-id=\"4\">\r\n                  <img decoding=\"async\" lazy src=\"data:image\/gif;base64,R0lGODlhAQABAAD\/ACwAAAAAAQABAAACADs%3D\" data-src=\"https:\/\/eco3ygde435.exactdn.com\/wp-content\/uploads\/sites\/2\/2022\/08\/Deepspot02.jpg?strip=all\" alt=\"Basen Deepspot\" \/>\r\n                <\/li>\r\n                              <li data-gallery-id=\"5\">\r\n                  <img decoding=\"async\" lazy src=\"data:image\/gif;base64,R0lGODlhAQABAAD\/ACwAAAAAAQABAAACADs%3D\" data-src=\"https:\/\/eco3ygde435.exactdn.com\/wp-content\/uploads\/sites\/2\/2026\/01\/nurkowanie-freediving-deepspot.jpg?strip=all\" alt=\"\" \/>\r\n                <\/li>\r\n                              <li data-gallery-id=\"6\">\r\n                  <img decoding=\"async\" lazy src=\"data:image\/gif;base64,R0lGODlhAQABAAD\/ACwAAAAAAQABAAACADs%3D\" data-src=\"https:\/\/eco3ygde435.exactdn.com\/wp-content\/uploads\/sites\/2\/2022\/08\/Deepspot08.jpg?strip=all\" alt=\"Nauka nurkowania w basenie Deepspot\" \/>\r\n                <\/li>\r\n                              <li data-gallery-id=\"7\">\r\n                  <img decoding=\"async\" lazy src=\"data:image\/gif;base64,R0lGODlhAQABAAD\/ACwAAAAAAQABAAACADs%3D\" data-src=\"https:\/\/eco3ygde435.exactdn.com\/wp-content\/uploads\/sites\/2\/2026\/01\/podwodny-pokoj-nurkownie-deepspot.jpg?strip=all\" alt=\"\" \/>\r\n                <\/li>\r\n                              <li data-gallery-id=\"8\">\r\n                  <img decoding=\"async\" lazy src=\"data:image\/gif;base64,R0lGODlhAQABAAD\/ACwAAAAAAQABAAACADs%3D\" data-src=\"https:\/\/eco3ygde435.exactdn.com\/wp-content\/uploads\/sites\/2\/2026\/01\/najlepsza-atrakcja-deepspot.jpg?strip=all\" alt=\"\" \/>\r\n                <\/li>\r\n                              <li data-gallery-id=\"9\">\r\n                  <img decoding=\"async\" lazy src=\"data:image\/gif;base64,R0lGODlhAQABAAD\/ACwAAAAAAQABAAACADs%3D\" data-src=\"https:\/\/eco3ygde435.exactdn.com\/wp-content\/uploads\/sites\/2\/2022\/08\/20210831-163814-DSC_6148-Editar-2.jpg?strip=all\" alt=\"\" \/>\r\n                <\/li>\r\n                              <li data-gallery-id=\"10\">\r\n                  <img decoding=\"async\" lazy src=\"data:image\/gif;base64,R0lGODlhAQABAAD\/ACwAAAAAAQABAAACADs%3D\" data-src=\"https:\/\/eco3ygde435.exactdn.com\/wp-content\/uploads\/sites\/2\/2026\/01\/atrakcja-nurkowanie-deepspot-scuba.jpg?strip=all\" alt=\"\" \/>\r\n                <\/li>\r\n                              <li data-gallery-id=\"11\">\r\n                  <img decoding=\"async\" lazy src=\"data:image\/gif;base64,R0lGODlhAQABAAD\/ACwAAAAAAQABAAACADs%3D\" data-src=\"https:\/\/eco3ygde435.exactdn.com\/wp-content\/uploads\/sites\/2\/2026\/01\/nurkowanie-relaks-deepspot.jpg?strip=all\" alt=\"\" \/>\r\n                <\/li>\r\n                              <li data-gallery-id=\"12\">\r\n                  <img decoding=\"async\" lazy src=\"data:image\/gif;base64,R0lGODlhAQABAAD\/ACwAAAAAAQABAAACADs%3D\" data-src=\"https:\/\/eco3ygde435.exactdn.com\/wp-content\/uploads\/sites\/2\/2022\/08\/Deepspot11.jpg?strip=all\" alt=\"\" \/>\r\n                <\/li>\r\n                        <\/ul>\r\n        <\/div>\r\n      <\/div>\r\n          <\/div>\r\n\r\n  <\/div>\r\n<\/div><!-- block -->\r\n","protected":false},"excerpt":{"rendered":"","protected":false},"author":1,"featured_media":58966,"parent":4623,"menu_order":1,"comment_status":"closed","ping_status":"closed","template":"template-odkryj.php","meta":{"_acf_changed":false,"footnotes":""},"class_list":["post-4653","page","type-page","status-publish","has-post-thumbnail","hentry"],"acf":[],"yoast_head":"<!-- This site is optimized with the Yoast SEO plugin v27.3 - https:\/\/yoast.com\/product\/yoast-seo-wordpress\/ -->\n<title>Poprv\u00e9 pod vodou | Deepspot<\/title>\n<meta name=\"description\" content=\"Poprv\u00e9 pod vodou\" \/>\n<meta name=\"robots\" content=\"index, follow, max-snippet:-1, max-image-preview:large, max-video-preview:-1\" \/>\n<link rel=\"canonical\" href=\"https:\/\/www.deepspot.com\/cs\/pro-koho\/poprve-pod-vodu\/\" \/>\n<meta property=\"og:locale\" content=\"cs_CZ\" \/>\n<meta property=\"og:type\" content=\"article\" \/>\n<meta property=\"og:title\" content=\"Poprv\u00e9 pod vodou | Deepspot\" \/>\n<meta property=\"og:description\" content=\"Poprv\u00e9 pod vodou\" \/>\n<meta property=\"og:url\" content=\"https:\/\/www.deepspot.com\/cs\/pro-koho\/poprve-pod-vodu\/\" \/>\n<meta property=\"og:site_name\" content=\"Deepspot\" \/>\n<meta property=\"article:modified_time\" content=\"2026-03-26T09:24:18+00:00\" \/>\n<meta property=\"og:image\" content=\"https:\/\/eco3ygde435.exactdn.com\/wp-content\/uploads\/sites\/2\/2026\/01\/relaks-pod-woda-deepspot.jpg?strip=all\" \/>\n\t<meta property=\"og:image:width\" content=\"1070\" \/>\n\t<meta property=\"og:image:height\" content=\"646\" \/>\n\t<meta property=\"og:image:type\" content=\"image\/jpeg\" \/>\n<meta name=\"twitter:card\" content=\"summary_large_image\" \/>\n<script type=\"application\/ld+json\" class=\"yoast-schema-graph\">{\"@context\":\"https:\\\/\\\/schema.org\",\"@graph\":[{\"@type\":\"WebPage\",\"@id\":\"https:\\\/\\\/www.deepspot.com\\\/cs\\\/pro-koho\\\/poprve-pod-vodu\\\/\",\"url\":\"https:\\\/\\\/www.deepspot.com\\\/cs\\\/pro-koho\\\/poprve-pod-vodu\\\/\",\"name\":\"Poprv\u00e9 pod vodou | Deepspot\",\"isPartOf\":{\"@id\":\"https:\\\/\\\/www.deepspot.com\\\/pl\\\/#website\"},\"primaryImageOfPage\":{\"@id\":\"https:\\\/\\\/www.deepspot.com\\\/cs\\\/pro-koho\\\/poprve-pod-vodu\\\/#primaryimage\"},\"image\":{\"@id\":\"https:\\\/\\\/www.deepspot.com\\\/cs\\\/pro-koho\\\/poprve-pod-vodu\\\/#primaryimage\"},\"thumbnailUrl\":\"https:\\\/\\\/eco3ygde435.exactdn.com\\\/wp-content\\\/uploads\\\/sites\\\/2\\\/2026\\\/01\\\/relaks-pod-woda-deepspot.jpg?strip=all\",\"datePublished\":\"2020-07-29T10:04:10+00:00\",\"dateModified\":\"2026-03-26T09:24:18+00:00\",\"description\":\"Poprv\u00e9 pod vodou\",\"breadcrumb\":{\"@id\":\"https:\\\/\\\/www.deepspot.com\\\/cs\\\/pro-koho\\\/poprve-pod-vodu\\\/#breadcrumb\"},\"inLanguage\":\"cs\",\"potentialAction\":[{\"@type\":\"ReadAction\",\"target\":[\"https:\\\/\\\/www.deepspot.com\\\/cs\\\/pro-koho\\\/poprve-pod-vodu\\\/\"]}]},{\"@type\":\"ImageObject\",\"inLanguage\":\"cs\",\"@id\":\"https:\\\/\\\/www.deepspot.com\\\/cs\\\/pro-koho\\\/poprve-pod-vodu\\\/#primaryimage\",\"url\":\"https:\\\/\\\/eco3ygde435.exactdn.com\\\/wp-content\\\/uploads\\\/sites\\\/2\\\/2026\\\/01\\\/relaks-pod-woda-deepspot.jpg?strip=all\",\"contentUrl\":\"https:\\\/\\\/eco3ygde435.exactdn.com\\\/wp-content\\\/uploads\\\/sites\\\/2\\\/2026\\\/01\\\/relaks-pod-woda-deepspot.jpg?strip=all\",\"width\":1070,\"height\":646},{\"@type\":\"BreadcrumbList\",\"@id\":\"https:\\\/\\\/www.deepspot.com\\\/cs\\\/pro-koho\\\/poprve-pod-vodu\\\/#breadcrumb\",\"itemListElement\":[{\"@type\":\"ListItem\",\"position\":1,\"name\":\"Strona g\u0142\u00f3wna\",\"item\":\"https:\\\/\\\/www.deepspot.com\\\/cs\\\/\"},{\"@type\":\"ListItem\",\"position\":2,\"name\":\"Pro koho\",\"item\":\"https:\\\/\\\/www.deepspot.com\\\/cs\\\/pro-koho\\\/\"},{\"@type\":\"ListItem\",\"position\":3,\"name\":\"Poprv\u00e9 pod vodou\"}]},{\"@type\":\"WebSite\",\"@id\":\"https:\\\/\\\/www.deepspot.com\\\/pl\\\/#website\",\"url\":\"https:\\\/\\\/www.deepspot.com\\\/pl\\\/\",\"name\":\"Deepspot\",\"description\":\"Nov\u00e1 dimenze v pot\u00e1p\u011bn\u00ed\",\"potentialAction\":[{\"@type\":\"SearchAction\",\"target\":{\"@type\":\"EntryPoint\",\"urlTemplate\":\"https:\\\/\\\/www.deepspot.com\\\/pl\\\/?s={search_term_string}\"},\"query-input\":{\"@type\":\"PropertyValueSpecification\",\"valueRequired\":true,\"valueName\":\"search_term_string\"}}],\"inLanguage\":\"cs\"}]}<\/script>\n<!-- \/ Yoast SEO plugin. -->","yoast_head_json":{"title":"Poprv\u00e9 pod vodou | Deepspot","description":"Poprv\u00e9 pod vodou","robots":{"index":"index","follow":"follow","max-snippet":"max-snippet:-1","max-image-preview":"max-image-preview:large","max-video-preview":"max-video-preview:-1"},"canonical":"https:\/\/www.deepspot.com\/cs\/pro-koho\/poprve-pod-vodu\/","og_locale":"cs_CZ","og_type":"article","og_title":"Poprv\u00e9 pod vodou | Deepspot","og_description":"Poprv\u00e9 pod vodou","og_url":"https:\/\/www.deepspot.com\/cs\/pro-koho\/poprve-pod-vodu\/","og_site_name":"Deepspot","article_modified_time":"2026-03-26T09:24:18+00:00","og_image":[{"width":1070,"height":646,"url":"https:\/\/eco3ygde435.exactdn.com\/wp-content\/uploads\/sites\/2\/2026\/01\/relaks-pod-woda-deepspot.jpg?strip=all","type":"image\/jpeg"}],"twitter_card":"summary_large_image","schema":{"@context":"https:\/\/schema.org","@graph":[{"@type":"WebPage","@id":"https:\/\/www.deepspot.com\/cs\/pro-koho\/poprve-pod-vodu\/","url":"https:\/\/www.deepspot.com\/cs\/pro-koho\/poprve-pod-vodu\/","name":"Poprv\u00e9 pod vodou | Deepspot","isPartOf":{"@id":"https:\/\/www.deepspot.com\/pl\/#website"},"primaryImageOfPage":{"@id":"https:\/\/www.deepspot.com\/cs\/pro-koho\/poprve-pod-vodu\/#primaryimage"},"image":{"@id":"https:\/\/www.deepspot.com\/cs\/pro-koho\/poprve-pod-vodu\/#primaryimage"},"thumbnailUrl":"https:\/\/eco3ygde435.exactdn.com\/wp-content\/uploads\/sites\/2\/2026\/01\/relaks-pod-woda-deepspot.jpg?strip=all","datePublished":"2020-07-29T10:04:10+00:00","dateModified":"2026-03-26T09:24:18+00:00","description":"Poprv\u00e9 pod vodou","breadcrumb":{"@id":"https:\/\/www.deepspot.com\/cs\/pro-koho\/poprve-pod-vodu\/#breadcrumb"},"inLanguage":"cs","potentialAction":[{"@type":"ReadAction","target":["https:\/\/www.deepspot.com\/cs\/pro-koho\/poprve-pod-vodu\/"]}]},{"@type":"ImageObject","inLanguage":"cs","@id":"https:\/\/www.deepspot.com\/cs\/pro-koho\/poprve-pod-vodu\/#primaryimage","url":"https:\/\/eco3ygde435.exactdn.com\/wp-content\/uploads\/sites\/2\/2026\/01\/relaks-pod-woda-deepspot.jpg?strip=all","contentUrl":"https:\/\/eco3ygde435.exactdn.com\/wp-content\/uploads\/sites\/2\/2026\/01\/relaks-pod-woda-deepspot.jpg?strip=all","width":1070,"height":646},{"@type":"BreadcrumbList","@id":"https:\/\/www.deepspot.com\/cs\/pro-koho\/poprve-pod-vodu\/#breadcrumb","itemListElement":[{"@type":"ListItem","position":1,"name":"Strona g\u0142\u00f3wna","item":"https:\/\/www.deepspot.com\/cs\/"},{"@type":"ListItem","position":2,"name":"Pro koho","item":"https:\/\/www.deepspot.com\/cs\/pro-koho\/"},{"@type":"ListItem","position":3,"name":"Poprv\u00e9 pod vodou"}]},{"@type":"WebSite","@id":"https:\/\/www.deepspot.com\/pl\/#website","url":"https:\/\/www.deepspot.com\/pl\/","name":"Deepspot","description":"Nov\u00e1 dimenze v pot\u00e1p\u011bn\u00ed","potentialAction":[{"@type":"SearchAction","target":{"@type":"EntryPoint","urlTemplate":"https:\/\/www.deepspot.com\/pl\/?s={search_term_string}"},"query-input":{"@type":"PropertyValueSpecification","valueRequired":true,"valueName":"search_term_string"}}],"inLanguage":"cs"}]}},"_links":{"self":[{"href":"https:\/\/www.deepspot.com\/cs\/wp-json\/wp\/v2\/pages\/4653","targetHints":{"allow":["GET"]}}],"collection":[{"href":"https:\/\/www.deepspot.com\/cs\/wp-json\/wp\/v2\/pages"}],"about":[{"href":"https:\/\/www.deepspot.com\/cs\/wp-json\/wp\/v2\/types\/page"}],"author":[{"embeddable":true,"href":"https:\/\/www.deepspot.com\/cs\/wp-json\/wp\/v2\/users\/1"}],"replies":[{"embeddable":true,"href":"https:\/\/www.deepspot.com\/cs\/wp-json\/wp\/v2\/comments?post=4653"}],"version-history":[{"count":50,"href":"https:\/\/www.deepspot.com\/cs\/wp-json\/wp\/v2\/pages\/4653\/revisions"}],"predecessor-version":[{"id":59104,"href":"https:\/\/www.deepspot.com\/cs\/wp-json\/wp\/v2\/pages\/4653\/revisions\/59104"}],"up":[{"embeddable":true,"href":"https:\/\/www.deepspot.com\/cs\/wp-json\/wp\/v2\/pages\/4623"}],"wp:featuredmedia":[{"embeddable":true,"href":"https:\/\/www.deepspot.com\/cs\/wp-json\/wp\/v2\/media\/58966"}],"wp:attachment":[{"href":"https:\/\/www.deepspot.com\/cs\/wp-json\/wp\/v2\/media?parent=4653"}],"curies":[{"name":"wp","href":"https:\/\/api.w.org\/{rel}","templated":true}]}}