{"id":4661,"date":"2020-08-24T10:19:28","date_gmt":"2020-08-24T08:19:28","guid":{"rendered":"https:\/\/www.deepspot.com\/pro-koho\/freediving\/prvni-potapeni-freediving\/"},"modified":"2025-10-15T15:39:52","modified_gmt":"2025-10-15T13:39:52","slug":"prvni-potapeni-freediving","status":"publish","type":"page","link":"https:\/\/www.deepspot.com\/cs\/pro-koho\/freediving\/prvni-potapeni-freediving\/","title":{"rendered":"PRVN\u00cd PONOR SE ZADR\u017dEN\u00ddM DECHEM"},"content":{"rendered":"<div id=\"hero-block_b02b7e3d235425dd52f2495c95c5e32a\" class=\"hero-block\">\r\n  <div class=\"row outer-container\">\r\n    <div>\r\n      <img decoding=\"async\" lazy src=\"data:image\/gif;base64,R0lGODlhAQABAAD\/ACwAAAAAAQABAAACADs%3D\" data-src=\"https:\/\/eco3ygde435.exactdn.com\/wp-content\/uploads\/sites\/2\/2025\/04\/bbggyy.jpg?strip=all\" alt=\"\">\r\n          <\/div>\r\n    <div>\r\n      <h2>OBJEVTE KLID, RELAXACI A HARMONII S VODOU<\/h2><p>Prvn\u00ed kroky ve freedivingu jsou v\u00edc ne\u017e jen u\u010den\u00ed &#8211; je to vstup do sv\u011bta ticha, klidu a harmonie s vodou. Nau\u010d\u00edte se kouzlu pot\u00e1p\u011bn\u00ed bez lahve, z\u00e1klad\u016fm techniky d\u00fdch\u00e1n\u00ed, bezpe\u010dnostn\u00edm pravidl\u016fm a v\u011bdom\u00e9 relaxaci pod vodou.   <br>  Je ide\u00e1ln\u00ed pro ty, kte\u0159\u00ed si cht\u011bj\u00ed poprv\u00e9 vyzkou\u0161et pot\u00e1p\u011bn\u00ed se zadr\u017een\u00fdm dechem.<\/p>    <\/div>\r\n  <\/div>\r\n<\/div><!-- block -->\r\n<div id=\"product-details-block_1e1503ec59a1794d52b5db0d5d757860\" class=\"product-details-block\">\r\n  <div class=\"row container\">\r\n    <div>\r\n      <h2 class=\"title\">Popis atrakc\u00ed<\/h2>      <p class=\"desc\">Prvn\u00edmi kroky p\u0159i pot\u00e1p\u011bn\u00ed se zadr\u017eov\u00e1n\u00edm dechu je vstup do sv\u011bta ticha, v\u0161\u00edmavosti a harmonie s vodou.  <br>Je ur\u010den pro ty, kte\u0159\u00ed si cht\u011bj\u00ed vyzkou\u0161et pot\u00e1p\u011bn\u00ed v bezpe\u010dn\u00e9m a pohodln\u00e9m prost\u0159ed\u00ed s plnou podporou instruktora a v m\u00edst\u011b, kter\u00e9 je pro v\u00fduku ide\u00e1ln\u00ed.  <br><br>\r\nPono\u0159te se do nab\u00eddky, zejm\u00e9na pokud:<br>\ud83e\udee7 Chcete za\u017e\u00edt kontakt s vodou klidn\u00fdm, v\u011bdom\u00fdm zp\u016fsobem<br>\ud83e\udee7 P\u0159em\u00fd\u0161l\u00edte o freedivingu, ale je\u0161t\u011b nejste p\u0159ipraveni na plnohodnotn\u00fd kurz<br>\ud83e\udee7 Chcete objevit kouzlo pot\u00e1p\u011bn\u00ed bez lahv\u00ed.<br><br>\r\nCo nab\u00edz\u00edme?<br>\ud83e\udee7 \u00davod do freedivingu v\u010detn\u011b teorie, praxe a individu\u00e1ln\u00edho p\u0159\u00edstupu<br>\ud83e\udee7 V\u00fduka d\u00fdchac\u00edch technik, relaxace a bezpe\u010dnostn\u00edch pravidel<br>\ud83e\udee7 Cvi\u010den\u00ed ve vod\u011b od v\u00fduky na m\u011bl\u010din\u011b a\u017e po pot\u00e1p\u011bn\u00ed do 5 metr\u016f<br>\ud83e\udee7 V\u0161e pot\u0159ebn\u00e9 je v cen\u011b. Ve\u0161ker\u00e9 pot\u0159ebn\u00e9 vybaven\u00ed zaji\u0161\u0165ujeme my<br>\ud83e\udee7 Komorn\u00ed skupiny nebo individu\u00e1ln\u00ed lekce. Tempo v\u00fduky v\u017edy p\u0159izp\u016fsob\u00edme v\u00e1m  <br><br>\r\nLekce prob\u00edhaj\u00ed v mal\u00fdch skupink\u00e1ch &#8211; maxim\u00e1ln\u011b t\u0159i osoby na instruktora &#8211; co\u017e v\u00e1m d\u00e1v\u00e1 jistotu, \u017ee ka\u017ed\u00e9 pono\u0159en\u00ed bude uvoln\u011bn\u00e9 a ka\u017ed\u00e1 ot\u00e1zka bude zodpov\u011bzena.<br><br>\r\nStoj\u00ed to za to, proto\u017ee:<br>\ud83e\udee7 Tr\u00e9nujete v nejhlub\u0161\u00edm baz\u00e9nu v Evrop\u011b &#8211; v hloubce a\u017e 45 metr\u016f<br>\ud83e\udee7 Pot\u00e1p\u00edte se v \u010dist\u00e9 vod\u011b o st\u00e1l\u00e9 teplot\u011b 32 \u00b0C<br>\ud83e\udee7 Pou\u017e\u00edv\u00e1te modern\u00ed, pravideln\u011b servisovan\u00e9 vybaven\u00ed<br>\ud83e\udee7 M\u00e1te podporu zku\u0161en\u00fdch mezin\u00e1rodn\u00edch instruktor\u016f<br>\ud83e\udee7 Je to ide\u00e1ln\u00ed m\u00edsto pro budov\u00e1n\u00ed sebed\u016fv\u011bry a techniky.<br><br>\r\nUd\u011blejte prvn\u00ed krok a zjist\u011bte, jak jedine\u010dn\u00fd je podmo\u0159sk\u00fd sv\u011bt! Vydejte se na cestu je\u0161t\u011b dnes. <br><br><br>\r\nCo stoj\u00ed za to v\u011bd\u011bt?<\/p>      <ul>            <li>\r\n              <p>Doba trv\u00e1n\u00ed<\/p>\r\n              <strong>1 hodina a 45 minut v\u00fduky<\/strong>\r\n            <\/li>\r\n                      <li>\r\n              <p>Minim\u00e1ln\u00ed v\u011bk<\/p>\r\n              <strong>10 let<\/strong>\r\n            <\/li>\r\n                      <li>\r\n              <p>Pono\u0159\u00edte se do hloubky<\/p>\r\n              <strong>5 metr\u016f<\/strong>\r\n            <\/li>\r\n                      <li>\r\n              <p>Jako d\u00e1rek<\/p>\r\n              <strong>Pam\u011btn\u00ed list  <\/strong>\r\n            <\/li>\r\n                      <li>\r\n              <p>Poskytujeme<\/p>\r\n              <strong>Ve\u0161ker\u00e9 pot\u00e1p\u011b\u010dsk\u00e9 vybaven\u00ed. S sebou si vezm\u011bte pouze plavky, ru\u010dn\u00edk a \u017eabky. <\/strong>\r\n            <\/li>\r\n                      <li>\r\n              <p>Nezapome\u0148te<\/p>\r\n              <strong>Bavte se a my do v\u00e1s vlijeme ve\u0161kerou energii.<\/strong>\r\n            <\/li>\r\n                      <li>\r\n              <p>Cena<\/p>\r\n              <strong>od 429 PLN do 449 PLN  <\/strong>\r\n            <\/li>\r\n          <\/ul>      <div class=\"button-list-wrap\"><div class=\"button-list button-type-both\"><div><a class=\"alternate_ybb\" href=\"https:\/\/cs.deepspot.com\/offer?steps=deepspot_try_type-free&amp;language=1\" target=\"_self\"><img decoding=\"async\" lazy src=\"data:image\/gif;base64,R0lGODlhAQABAAD\/ACwAAAAAAQABAAACADs%3D\" data-src=\"https:\/\/eco3ygde435.exactdn.com\/wp-content\/uploads\/sites\/2\/2020\/08\/calendar-grid-58.png?strip=all\" alt=\"\"><strong>Zarezerwuj<\/strong><\/a><\/div><div><a class=\"alternate_ybb\" href=\"https:\/\/sklep.deepspot.com\/vouchery\/freediving\/dla-poczatkujacych\/pierwsze-nurkowanie-freediving\" target=\"_self\"><img decoding=\"async\" lazy src=\"data:image\/gif;base64,R0lGODlhAQABAAD\/ACwAAAAAAQABAAACADs%3D\" data-src=\"https:\/\/eco3ygde435.exactdn.com\/wp-content\/uploads\/sites\/2\/2020\/08\/paper-diploma.png?strip=all\" alt=\"\"><strong>Zam\u00f3w Voucher<\/strong><\/a><\/div><div><a class=\"css-default\" href=\"https:\/\/www.deepspot.com\/pl\/frequently-asked-questions\/?tab=6\" target=\"_self\"><img decoding=\"async\" lazy src=\"data:image\/gif;base64,R0lGODlhAQABAAD\/ACwAAAAAAQABAAACADs%3D\" data-src=\"https:\/\/eco3ygde435.exactdn.com\/wp-content\/uploads\/sites\/2\/2020\/08\/presentation.png?strip=all\" alt=\"\"><strong>Najcz\u0119\u015bciej zadawane pytania<\/strong><\/a><\/div><\/div><\/div>    <\/div>\r\n  <\/div>\r\n<\/div><!-- block -->\r\n<p><strong>ZDRAV\u00cd<\/strong><br data-rich-text-line-break=\"true\">Pot\u00e1p\u011bn\u00ed je rekrea\u010dn\u00ed sport dostupn\u00fd t\u00e9m\u011b\u0159 pro ka\u017ed\u00e9ho. Pokud je v\u00e1\u0161 zdravotn\u00ed stav dobr\u00fd, s nejv\u011bt\u0161\u00ed pravd\u011bpodobnost\u00ed povolen\u00ed od l\u00e9ka\u0159e nepot\u0159ebujete, nicm\u00e9n\u011b v n\u011bkter\u00fdch zvl\u00e1\u0161tn\u00edch p\u0159\u00edpadech m\u016f\u017ee b\u00fdt nezbytn\u00e9. Pokud se chcete ujistit, m\u016f\u017eete se pod\u00edvat na standard.<br data-rich-text-line-break=\"true\"><a href=\"https:\/\/eco3ygde435.exactdn.com\/wp-content\/uploads\/sites\/2\/2023\/10\/TR-MEDICAL-DIVER_Polish.pdf\" target=\"_blank\" rel=\"noreferrer noopener\">l\u00e9ka\u0159sk\u00fd formul\u00e1\u0159<\/a>.<\/p>\n<div id=\"step-guide-icons-block_6f1eba347bf04ef9798ada3a972c6a52\" class=\"step-guide-icons-block\">\r\n  <div class=\"row container\">\r\n    <div>\r\n      <div class=\"title\">Krok za krokem<\/div>      <ul>            <li data-count=\"01\">\r\n              <div class=\"icon-wrap\"><img decoding=\"async\" lazy src=\"data:image\/gif;base64,R0lGODlhAQABAAD\/ACwAAAAAAQABAAACADs%3D\" data-src=\"\" alt=\"\"><\/div>\r\n              <p>Shrom\u00e1\u017edit \u00fa\u010dastn\u00edky &#8211; s\u00f3lo, ve dvou nebo se skupinou<br \/>\r\n<\/p>\r\n                          <\/li>\r\n                      <li data-count=\"02\">\r\n              <div class=\"icon-wrap\"><img decoding=\"async\" lazy src=\"data:image\/gif;base64,R0lGODlhAQABAAD\/ACwAAAAAAQABAAACADs%3D\" data-src=\"\" alt=\"\"><\/div>\r\n              <p>Rezervujte si sch\u016fzku &#8211; online, rychle a pohodln\u011b<br \/>\r\n<\/p>\r\n              <a href=\"https:\/\/cs.deepspot.com\/deepspotwaiver\/DeepspotWaiverFormKiosk?print=true\" target=\"_self\">p\u0159ej\u00edt na formul\u00e1\u0159<\/a>            <\/li>\r\n                      <li data-count=\"03\">\r\n              <div class=\"icon-wrap\"><img decoding=\"async\" lazy src=\"data:image\/gif;base64,R0lGODlhAQABAAD\/ACwAAAAAAQABAAACADs%3D\" data-src=\"\" alt=\"\"><\/div>\r\n              <p>Vypl\u0148te \u00fadaje \u00fa\u010dastn\u00edk\u016f &#8211; prost\u0159ednictv\u00edm sv\u00e9ho \u00fa\u010dtu, trv\u00e1 to jen chvilku.<br \/>\r\n<\/p>\r\n                          <\/li>\r\n                      <li data-count=\"04\">\r\n              <div class=\"icon-wrap\"><img decoding=\"async\" lazy src=\"data:image\/gif;base64,R0lGODlhAQABAAD\/ACwAAAAAAQABAAACADs%3D\" data-src=\"\" alt=\"\"><\/div>\r\n              <p>Pono\u0159te se &#8211; bavte se<br \/>\r\n<\/p>\r\n                          <\/li>\r\n                      <li data-count=\"05\">\r\n              <div class=\"icon-wrap\"><img decoding=\"async\" lazy src=\"data:image\/gif;base64,R0lGODlhAQABAAD\/ACwAAAAAAQABAAACADs%3D\" data-src=\"\" alt=\"\"><\/div>\r\n              <p>Chy\u0165te brouka a vra\u0165te se pro dal\u0161\u00ed &#8211; pot\u00e1p\u011bn\u00ed je n\u00e1vykov\u00e9!<br \/>\r\n<\/p>\r\n                          <\/li>\r\n          <\/ul>    <\/div>\r\n  <\/div>\r\n<\/div><!-- block -->\r\n<div id=\"download-block_ee836ecda5f0e2ed7a0087fd23bd9d66\" class=\"download-block\">\r\n  <div class=\"row container\">\r\n    <div>\r\n      <h2 class=\"title\">dokumenty a podm\u00ednky<\/h2>      <ul>            <li>\r\n              <a href=\"https:\/\/www.deepspot.com\/wp-content\/uploads\/sites\/2\/2022\/03\/TryFree_2022_komplet_PL.pdf\" download>\r\n                <div>\r\n                  <img decoding=\"async\" lazy src=\"data:image\/gif;base64,R0lGODlhAQABAAD\/ACwAAAAAAQABAAACADs%3D\" data-src=\"https:\/\/www.deepspot.com\/wp-content\/themes\/deepspotflyspotWPML\/images\/dots-download.svg\">\r\n                  <p>Zvl\u00e1\u0161tn\u00ed formul\u00e1\u0159 pro program Try Free<\/p>\r\n                <\/div>\r\n              <\/a>\r\n            <\/li>\r\n                      <li>\r\n              <a href=\"https:\/\/www.deepspot.com\/wp-content\/uploads\/sites\/2\/2022\/09\/Limityglebokosci_DoPodpisywania_PL.pdf\" download>\r\n                <div>\r\n                  <img decoding=\"async\" lazy src=\"data:image\/gif;base64,R0lGODlhAQABAAD\/ACwAAAAAAQABAAACADs%3D\" data-src=\"https:\/\/www.deepspot.com\/wp-content\/themes\/deepspotflyspotWPML\/images\/dots-download.svg\">\r\n                  <p>PRAVIDLA A DOPORU\u010cEN\u00cd T\u00ddKAJ\u00cdC\u00cd SE HLOUBKOV\u00ddCH LIMIT\u016e PRO POT\u00c1P\u011aN\u00cd.<\/p>\r\n                <\/div>\r\n              <\/a>\r\n            <\/li>\r\n          <\/ul>    <\/div>\r\n  <\/div>\r\n<\/div><!-- block -->\r\n\n<p><\/p>\n","protected":false},"excerpt":{"rendered":"<p>ZDRAV\u00cdPot\u00e1p\u011bn\u00ed je rekrea\u010dn\u00ed sport dostupn\u00fd t\u00e9m\u011b\u0159 pro ka\u017ed\u00e9ho. Pokud je v\u00e1\u0161 zdravotn\u00ed stav dobr\u00fd, s nejv\u011bt\u0161\u00ed pravd\u011bpodobnost\u00ed povolen\u00ed od l\u00e9ka\u0159e nepot\u0159ebujete, nicm\u00e9n\u011b v n\u011bkter\u00fdch zvl\u00e1\u0161tn\u00edch p\u0159\u00edpadech m\u016f\u017ee b\u00fdt nezbytn\u00e9. Pokud se chcete ujistit, m\u016f\u017eete se pod\u00edvat na standard.l\u00e9ka\u0159sk\u00fd formul\u00e1\u0159.<\/p>\n","protected":false},"author":1,"featured_media":50735,"parent":4659,"menu_order":1,"comment_status":"closed","ping_status":"closed","template":"","meta":{"_acf_changed":false,"footnotes":""},"class_list":["post-4661","page","type-page","status-publish","has-post-thumbnail","hentry"],"acf":[],"_links":{"self":[{"href":"https:\/\/www.deepspot.com\/cs\/wp-json\/wp\/v2\/pages\/4661","targetHints":{"allow":["GET"]}}],"collection":[{"href":"https:\/\/www.deepspot.com\/cs\/wp-json\/wp\/v2\/pages"}],"about":[{"href":"https:\/\/www.deepspot.com\/cs\/wp-json\/wp\/v2\/types\/page"}],"author":[{"embeddable":true,"href":"https:\/\/www.deepspot.com\/cs\/wp-json\/wp\/v2\/users\/1"}],"replies":[{"embeddable":true,"href":"https:\/\/www.deepspot.com\/cs\/wp-json\/wp\/v2\/comments?post=4661"}],"version-history":[{"count":46,"href":"https:\/\/www.deepspot.com\/cs\/wp-json\/wp\/v2\/pages\/4661\/revisions"}],"predecessor-version":[{"id":57531,"href":"https:\/\/www.deepspot.com\/cs\/wp-json\/wp\/v2\/pages\/4661\/revisions\/57531"}],"up":[{"embeddable":true,"href":"https:\/\/www.deepspot.com\/cs\/wp-json\/wp\/v2\/pages\/4659"}],"wp:featuredmedia":[{"embeddable":true,"href":"https:\/\/www.deepspot.com\/cs\/wp-json\/wp\/v2\/media\/50735"}],"wp:attachment":[{"href":"https:\/\/www.deepspot.com\/cs\/wp-json\/wp\/v2\/media?parent=4661"}],"curies":[{"name":"wp","href":"https:\/\/api.w.org\/{rel}","templated":true}]}}