{"id":4671,"date":"2020-08-27T01:49:21","date_gmt":"2020-08-26T23:49:21","guid":{"rendered":"https:\/\/www.deepspot.com\/pro-koho\/freediving\/deepspot-free-20-m\/"},"modified":"2025-09-22T12:35:50","modified_gmt":"2025-09-22T10:35:50","slug":"deepspot-free-20-m","status":"publish","type":"page","link":"https:\/\/www.deepspot.com\/cs\/pro-koho\/freediving\/deepspot-free-20-m\/","title":{"rendered":"KURZ FREEDIVERA"},"content":{"rendered":"<div id=\"hero-block_32014c369866319ad4f6d04f29a0b5c8\" class=\"hero-block\">\r\n  <div class=\"row outer-container\">\r\n    <div>\r\n      <img decoding=\"async\" lazy src=\"data:image\/gif;base64,R0lGODlhAQABAAD\/ACwAAAAAAQABAAACADs%3D\" data-src=\"https:\/\/eco3ygde435.exactdn.com\/wp-content\/uploads\/sites\/2\/2025\/04\/cdcdcd.jpg?strip=all\" alt=\"\">\r\n          <\/div>\r\n    <div>\r\n      <h2>Dos\u00e1hn\u011bte 20 metr\u016f a z\u00edskejte sv\u016fj prvn\u00ed certifik\u00e1t  <\/h2><p>Solidn\u00ed znalosti a bezpe\u010dn\u00fd za\u010d\u00e1tek &#8211; p\u0159ihlaste se do kurzu Freediver a z\u00edskejte sv\u016fj prvn\u00ed certifik\u00e1t.  \r\n<br>B\u011bhem dvou dn\u016f si pod veden\u00edm zku\u0161en\u00e9ho instruktora zdokonal\u00edte techniku d\u00fdch\u00e1n\u00ed, zlep\u0161\u00edte ovl\u00e1d\u00e1n\u00ed t\u011bla a dos\u00e1hnete hloubky a\u017e 20 metr\u016f &#8211; po absolvov\u00e1n\u00ed kurzu obdr\u017e\u00edte mezin\u00e1rodn\u00ed certifik\u00e1t Freediver.<\/p>    <\/div>\r\n  <\/div>\r\n<\/div><!-- block -->\r\n<div id=\"product-details-block_0ca439528272d1d751c775866e747765\" class=\"product-details-block\">\r\n  <div class=\"row container\">\r\n    <div>\r\n      <h2 class=\"title\">Podrobnosti o produktu<\/h2>      <p class=\"desc\">Sn\u00edte o tom, \u017ee se pono\u0159\u00edte hloub\u011bji a budete se pod vodou c\u00edtit \u00fapln\u011b v pohod\u011b?  <br>  Kurz Freediver je p\u0159\u00edle\u017eitost\u00ed dos\u00e1hnout hloubky a\u017e 20 metr\u016f v bezpe\u010dn\u00fdch a kontrolovan\u00fdch podm\u00ednk\u00e1ch nejhlub\u0161\u00edho baz\u00e9nu v Evrop\u011b. B\u011bhem dvou dn\u016f se pod veden\u00edm zku\u0161en\u00fdch instruktor\u016f nau\u010d\u00edte pokro\u010dil\u00e9 dechov\u00e9 techniky, vyrovn\u00e1v\u00e1n\u00ed tlaku a \u00faplnou relaxaci, ne\u017e se pono\u0159\u00edte do vody. Z\u00edsk\u00e1te sebed\u016fv\u011bru, zlep\u0161\u00edte ovl\u00e1d\u00e1n\u00ed t\u011bla a krok za krokem se p\u0159iprav\u00edte na hlub\u0161\u00ed ponory.\r\n<br><br>\r\nPro koho. <br>\ud83c\udf0a Pro lidi bez p\u0159edchoz\u00edch zku\u0161enost\u00ed nebo po prvn\u00edm ponoru.<br>\ud83c\udf0a Pro ty, kte\u0159\u00ed se freedivingu v\u011bnovali, ale nemaj\u00ed certifikaci pot\u0159ebnou k praktikov\u00e1n\u00ed freedivingu s asistenc\u00ed partnera v prost\u0159ed\u00ed otev\u0159en\u00e9 vody;<br>\ud83c\udf0a Pro ty, kte\u0159\u00ed cht\u011bj\u00ed bezpe\u010dn\u011b rozv\u00edjet sv\u00e9 dovednosti a p\u0159ipravit se na dal\u0161\u00ed stupn\u011b v\u00fdcviku,<br>\ud83c\udf0a Pro v\u0161echny, kte\u0159\u00ed sn\u00ed o samostatn\u00e9m pot\u00e1p\u011bn\u00ed (bez instruktora, s asistenc\u00ed Buddhy) v hloubk\u00e1ch do 20 metr\u016f.<br><br>\r\nCo kurz zahrnuje?<br>\ud83c\udf0a Dvoudenn\u00ed teoretick\u00fd a praktick\u00fd v\u00fdcvik v kontrolovan\u00fdch podm\u00ednk\u00e1ch Deepspotu,<br>\ud83c\udf0a V\u00fduka d\u00fdchac\u00edch technik, vyrovn\u00e1v\u00e1n\u00ed tlaku a v\u011bdom\u00e9 relaxace p\u0159ed ponorem,<br>\ud83c\udf0a Cvi\u010den\u00ed ve vod\u011b &#8211; bezpe\u010dn\u00e9 budov\u00e1n\u00ed hloubky krok za krokem,<br>\ud83c\udf0a V\u00fduka pr\u00e1ce na vztlaku a spr\u00e1vn\u00e9 poloze pod vodou,<br>\ud83c\udf0a V\u00fdukov\u00e9 materi\u00e1ly poskytnut\u00e9 na webov\u00fdch str\u00e1nk\u00e1ch organizace SSI <br>\ud83c\udf0a Freedivingov\u00e9 vybaven\u00ed v cen\u011b (maska, \u0161norchl, ploutve).\r\n<br><br>P\u0159edpoklady: Schopnost plavat &#8211; uplavat 200 m voln\u00fdm stylem, absolvovat online v\u00fdukov\u00e9 materi\u00e1ly poskytnut\u00e9 p\u0159ed kurzem na webov\u00fdch str\u00e1nk\u00e1ch SSI a slo\u017eit online zkou\u0161ku.<br><br>Po absolvov\u00e1n\u00ed kurzu z\u00edsk\u00e1te mezin\u00e1rodn\u00ed certifik\u00e1t Freediver od organizace SSI, kter\u00fd v\u00e1s oprav\u0148uje k pot\u00e1p\u011bn\u00ed ve voln\u00fdch i uzav\u0159en\u00fdch vod\u00e1ch do hloubky 20 metr\u016f.\r\n<br><br><br>SPECIFIKACE<\/p>      <ul>            <li>\r\n              <p>trv\u00e1n\u00ed  <\/p>\r\n              <strong>2 dny (cca 18 hodin, v\u010detn\u011b 5 lekc\u00ed v baz\u00e9nu)<\/strong>\r\n            <\/li>\r\n                      <li>\r\n              <p>MINIM\u00c1LN\u00cd V\u011aK<\/p>\r\n              <strong>12 let<\/strong>\r\n            <\/li>\r\n                      <li>\r\n              <p>Minim\u00e1ln\u00ed hloubka kurzu:<\/p>\r\n              <strong>10 m<\/strong>\r\n            <\/li>\r\n                      <li>\r\n              <p>Maxim\u00e1ln\u00ed hloubka ponoru pro d\u011bti ve v\u011bku 12-14 let  <\/p>\r\n              <strong>12 m<\/strong>\r\n            <\/li>\r\n                      <li>\r\n              <p>Maxim\u00e1ln\u00ed hloubka pot\u00e1p\u011bn\u00ed pro osoby star\u0161\u00ed 15 let  <\/p>\r\n              <strong>20 m<\/strong>\r\n            <\/li>\r\n                      <li>\r\n              <p>MAXIM\u00c1LN\u00cd PO\u010cET \u00da\u010cASTN\u00cdK\u016e NA JEDNOHO INSTRUKTORA<\/p>\r\n              <strong>3<\/strong>\r\n            <\/li>\r\n                      <li>\r\n              <p>Cena  <\/p>\r\n              <strong>z 2 259 pln na 2 489 pln<\/strong>\r\n            <\/li>\r\n          <\/ul>      <div class=\"button-list-wrap\"><div class=\"button-list button-type-both\"><div><a class=\"alternate_ybb\" href=\"https:\/\/cs.deepspot.com\/offer?steps=deepspot_try_type-free_diving-course-free-20m\" target=\"_self\"><img decoding=\"async\" lazy src=\"data:image\/gif;base64,R0lGODlhAQABAAD\/ACwAAAAAAQABAAACADs%3D\" data-src=\"https:\/\/eco3ygde435.exactdn.com\/wp-content\/uploads\/sites\/2\/2020\/08\/calendar-grid-58.png?strip=all\" alt=\"\"><strong>Zarezerwuj<\/strong><\/a><\/div><div><a class=\"alternate_ybb\" href=\"https:\/\/sklep.deepspot.com\/vouchery\/freediving\/dla-poczatkujacych\/DEEPSPOT-FREE-20M\" target=\"_self\"><img decoding=\"async\" lazy src=\"data:image\/gif;base64,R0lGODlhAQABAAD\/ACwAAAAAAQABAAACADs%3D\" data-src=\"https:\/\/eco3ygde435.exactdn.com\/wp-content\/uploads\/sites\/2\/2020\/08\/paper-diploma.png?strip=all\" alt=\"\"><strong>Zam\u00f3w Voucher<\/strong><\/a><\/div><div><a class=\"css-default\" href=\"https:\/\/www.deepspot.com\/pl\/frequently-asked-questions\/?tab=2\" target=\"_self\"><img decoding=\"async\" lazy src=\"data:image\/gif;base64,R0lGODlhAQABAAD\/ACwAAAAAAQABAAACADs%3D\" data-src=\"https:\/\/eco3ygde435.exactdn.com\/wp-content\/uploads\/sites\/2\/2020\/08\/presentation.png?strip=all\" alt=\"\"><strong>Najcz\u0119\u015bciej zadawane pytania<\/strong><\/a><\/div><\/div><\/div>    <\/div>\r\n  <\/div>\r\n<\/div><!-- block -->\r\n\n<p><br\/>Z<strong>DRAV\u00cd<\/strong> Pot\u00e1p\u011bn\u00ed je rekrea\u010dn\u00ed sport dostupn\u00fd t\u00e9m\u011b\u0159 pro ka\u017ed\u00e9ho. Pokud je v\u00e1\u0161 zdravotn\u00ed stav dobr\u00fd, s nejv\u011bt\u0161\u00ed pravd\u011bpodobnost\u00ed povolen\u00ed od l\u00e9ka\u0159e nepot\u0159ebujete, nicm\u00e9n\u011b v n\u011bkter\u00fdch zvl\u00e1\u0161tn\u00edch p\u0159\u00edpadech m\u016f\u017ee b\u00fdt nezbytn\u00e9. Pokud se chcete ujistit, m\u016f\u017eete se pod\u00edvat na standard.<br\/><a rel=\"noreferrer noopener\" href=\"https:\/\/eco3ygde435.exactdn.com\/wp-content\/uploads\/sites\/2\/2023\/10\/TR-MEDICAL-DIVER_Polish.pdf\" target=\"_blank\">l\u00e9ka\u0159sk\u00fd formul\u00e1\u0159<\/a>.<\/p>\n<div id=\"step-guide-icons-block_8f442c8418331b4a971e2375cb5d6cb1\" class=\"step-guide-icons-block\">\r\n  <div class=\"row container\">\r\n    <div>\r\n      <div class=\"title\">Denn\u00ed rozvrh<\/div>      <ul>            <li data-count=\"01\">\r\n              <div class=\"icon-wrap\"><img decoding=\"async\" lazy src=\"data:image\/gif;base64,R0lGODlhAQABAAD\/ACwAAAAAAQABAAACADs%3D\" data-src=\"https:\/\/eco3ygde435.exactdn.com\/wp-content\/uploads\/sites\/2\/2020\/08\/pc-play-media.png?strip=all\" alt=\"\"><\/div>\r\n              <p>Pod\u00edvejte se na \u0161kolic\u00ed materi\u00e1ly, kter\u00e9 v\u00e1m zp\u0159\u00edstupn\u00edme prost\u0159ednictv\u00edm aplikace MySSI.  <br \/>\r\nNezapome\u0148te, \u017ee abyste mohli absolvovat praktickou \u010d\u00e1st kurzu, mus\u00edte absolvovat teoretickou \u010d\u00e1st kurzu online!  <br \/>\r\n<br \/>\r\nVypl\u0148te v\u00fdkazy, kter\u00e9 tak\u00e9 p\u0159ilo\u017e\u00edme. Nezapome\u0148te si je vz\u00edt s sebou!<\/p>\r\n                          <\/li>\r\n                      <li data-count=\"02\">\r\n              <div class=\"icon-wrap\"><img decoding=\"async\" lazy src=\"data:image\/gif;base64,R0lGODlhAQABAAD\/ACwAAAAAAQABAAACADs%3D\" data-src=\"https:\/\/eco3ygde435.exactdn.com\/wp-content\/uploads\/sites\/2\/2020\/08\/paper-diploma.png?strip=all\" alt=\"\"><\/div>\r\n              <p>Vypl\u0148te prohl\u00e1\u0161en\u00ed u\u017eivatele slu\u017eby Deepspot a l\u00e9ka\u0159sk\u00fd formul\u00e1\u0159 online.<\/p>\r\n              <a href=\"https:\/\/cs.deepspot.com\/deepspotwaiver\/DeepspotWaiverFormKiosk?print=true\" target=\"_blank\">p\u0159ej\u00edt na formul\u00e1\u0159<\/a>            <\/li>\r\n                      <li data-count=\"03\">\r\n              <div class=\"icon-wrap\"><img decoding=\"async\" lazy src=\"data:image\/gif;base64,R0lGODlhAQABAAD\/ACwAAAAAAQABAAACADs%3D\" data-src=\"https:\/\/eco3ygde435.exactdn.com\/wp-content\/uploads\/sites\/2\/2020\/08\/60min.png?strip=all\" alt=\"\"><\/div>\r\n              <p>P\u0159ij\u010fte 60 minut p\u0159ed za\u010d\u00e1tkem v\u00fduky a dostavte se na recepci k vypln\u011bn\u00ed dokument\u016f.<\/p>\r\n                          <\/li>\r\n                      <li data-count=\"04\">\r\n              <div class=\"icon-wrap\"><img decoding=\"async\" lazy src=\"data:image\/gif;base64,R0lGODlhAQABAAD\/ACwAAAAAAQABAAACADs%3D\" data-src=\"https:\/\/eco3ygde435.exactdn.com\/wp-content\/uploads\/sites\/2\/2020\/08\/presentation.png?strip=all\" alt=\"\"><\/div>\r\n              <p>Prvn\u00ed \u010d\u00e1st kurzu je teoretick\u00e1 v\u00fduka veden\u00e1 instruktorem DEEPSPOT, b\u011bhem n\u00ed\u017e se prob\u00edraj\u00ed v\u0161echny aspekty pot\u00e1p\u011bn\u00ed se zadr\u017een\u00fdm dechem.  <br \/>\r\nMateri\u00e1l si budete moci osvojit tak\u00e9 prost\u0159ednictv\u00edm online \u0161kolen\u00ed, kter\u00e9 v\u00e1m zp\u0159\u00edstupn\u00edme prost\u0159ednictv\u00edm aplikace MYSSI pro v\u00e1\u0161 mobiln\u00ed telefon.<\/p>\r\n                          <\/li>\r\n                      <li data-count=\"05\">\r\n              <div class=\"icon-wrap\"><img decoding=\"async\" lazy src=\"data:image\/gif;base64,R0lGODlhAQABAAD\/ACwAAAAAAQABAAACADs%3D\" data-src=\"https:\/\/eco3ygde435.exactdn.com\/wp-content\/uploads\/sites\/2\/2020\/08\/pool_exit.png?strip=all\" alt=\"\"><\/div>\r\n              <p>Druhou \u010d\u00e1st\u00ed kurzu je praxe: instrukt\u00e1\u017e, prezentace cvi\u010den\u00ed a pot\u00e1p\u011bn\u00ed.  <br \/>\r\n\u0158ekn\u011bte instruktorovi, pokud pot\u0159ebujete cviky zopakovat nebo pokud v\u00e1m n\u011bco nen\u00ed jasn\u00e9.  <br \/>\r\nVa\u0161e bezpe\u010dnost je na\u0161\u00ed nejvy\u0161\u0161\u00ed prioritou!<\/p>\r\n                          <\/li>\r\n          <\/ul>    <\/div>\r\n  <\/div>\r\n<\/div><!-- block -->\r\n<div id=\"download-block_3eb104085d68e5c8fa2fa5865f5ef8a9\" class=\"download-block\">\r\n  <div class=\"row container\">\r\n    <div>\r\n      <h2 class=\"title\">dokumenty a podm\u00ednky<\/h2>      <ul>            <li>\r\n              <a href=\"https:\/\/www.deepspot.com\/wp-content\/uploads\/sites\/2\/2022\/09\/Limityglebokosci_DoPodpisywania_PL.pdf\" download>\r\n                <div>\r\n                  <img decoding=\"async\" lazy src=\"data:image\/gif;base64,R0lGODlhAQABAAD\/ACwAAAAAAQABAAACADs%3D\" data-src=\"https:\/\/www.deepspot.com\/wp-content\/themes\/deepspotflyspotWPML\/images\/dots-download.svg\">\r\n                  <p>PRAVIDLA A DOPORU\u010cEN\u00cd T\u00ddKAJ\u00cdC\u00cd SE HLOUBKOV\u00ddCH LIMIT\u016e PRO POT\u00c1P\u011aN\u00cd.  <\/p>\r\n                <\/div>\r\n              <\/a>\r\n            <\/li>\r\n                      <li>\r\n              <a href=\"https:\/\/www.deepspot.com\/wp-content\/uploads\/sites\/2\/2023\/08\/FomularzMedyczny2023_PL_do_wgladu.pdf\" download>\r\n                <div>\r\n                  <img decoding=\"async\" lazy src=\"data:image\/gif;base64,R0lGODlhAQABAAD\/ACwAAAAAAQABAAACADs%3D\" data-src=\"https:\/\/www.deepspot.com\/wp-content\/themes\/deepspotflyspotWPML\/images\/dots-download.svg\">\r\n                  <p>L\u00e9ka\u0159sk\u00fd formul\u00e1\u0159<\/p>\r\n                <\/div>\r\n              <\/a>\r\n            <\/li>\r\n          <\/ul>    <\/div>\r\n  <\/div>\r\n<\/div><!-- block -->\r\n","protected":false},"excerpt":{"rendered":"<p>ZDRAV\u00cd Pot\u00e1p\u011bn\u00ed je rekrea\u010dn\u00ed sport dostupn\u00fd t\u00e9m\u011b\u0159 pro ka\u017ed\u00e9ho. Pokud je v\u00e1\u0161 zdravotn\u00ed stav dobr\u00fd, s nejv\u011bt\u0161\u00ed pravd\u011bpodobnost\u00ed povolen\u00ed od l\u00e9ka\u0159e nepot\u0159ebujete, nicm\u00e9n\u011b v n\u011bkter\u00fdch zvl\u00e1\u0161tn\u00edch p\u0159\u00edpadech m\u016f\u017ee b\u00fdt nezbytn\u00e9. Pokud se chcete ujistit, m\u016f\u017eete se pod\u00edvat na standard.l\u00e9ka\u0159sk\u00fd formul\u00e1\u0159.<\/p>\n","protected":false},"author":3,"featured_media":50929,"parent":4659,"menu_order":3,"comment_status":"closed","ping_status":"closed","template":"","meta":{"_acf_changed":false,"footnotes":""},"class_list":["post-4671","page","type-page","status-publish","has-post-thumbnail","hentry"],"acf":[],"yoast_head":"<!-- This site is optimized with the Yoast SEO plugin v27.4 - https:\/\/yoast.com\/product\/yoast-seo-wordpress\/ -->\n<title>KURZ FREEDIVERA | Deepspot<\/title>\n<meta name=\"description\" content=\"KURZ FREEDIVERA\" \/>\n<meta name=\"robots\" content=\"index, follow, max-snippet:-1, max-image-preview:large, max-video-preview:-1\" \/>\n<link rel=\"canonical\" href=\"https:\/\/www.deepspot.com\/cs\/pro-koho\/freediving\/deepspot-free-20-m\/\" \/>\n<meta property=\"og:locale\" content=\"cs_CZ\" \/>\n<meta property=\"og:type\" content=\"article\" \/>\n<meta property=\"og:title\" content=\"KURZ FREEDIVERA | Deepspot\" \/>\n<meta property=\"og:description\" content=\"KURZ FREEDIVERA\" \/>\n<meta property=\"og:url\" content=\"https:\/\/www.deepspot.com\/cs\/pro-koho\/freediving\/deepspot-free-20-m\/\" \/>\n<meta property=\"og:site_name\" content=\"Deepspot\" \/>\n<meta property=\"article:modified_time\" content=\"2025-09-22T10:35:50+00:00\" \/>\n<meta property=\"og:image\" content=\"https:\/\/eco3ygde435.exactdn.com\/wp-content\/uploads\/sites\/2\/2025\/04\/cdcdcd.jpg?strip=all\" \/>\n\t<meta property=\"og:image:width\" content=\"1110\" \/>\n\t<meta property=\"og:image:height\" content=\"772\" \/>\n\t<meta property=\"og:image:type\" content=\"image\/jpeg\" \/>\n<meta name=\"twitter:card\" content=\"summary_large_image\" \/>\n<script type=\"application\/ld+json\" class=\"yoast-schema-graph\">{\"@context\":\"https:\\\/\\\/schema.org\",\"@graph\":[{\"@type\":\"WebPage\",\"@id\":\"https:\\\/\\\/www.deepspot.com\\\/cs\\\/pro-koho\\\/freediving\\\/deepspot-free-20-m\\\/\",\"url\":\"https:\\\/\\\/www.deepspot.com\\\/cs\\\/pro-koho\\\/freediving\\\/deepspot-free-20-m\\\/\",\"name\":\"KURZ FREEDIVERA | Deepspot\",\"isPartOf\":{\"@id\":\"https:\\\/\\\/www.deepspot.com\\\/pl\\\/#website\"},\"primaryImageOfPage\":{\"@id\":\"https:\\\/\\\/www.deepspot.com\\\/cs\\\/pro-koho\\\/freediving\\\/deepspot-free-20-m\\\/#primaryimage\"},\"image\":{\"@id\":\"https:\\\/\\\/www.deepspot.com\\\/cs\\\/pro-koho\\\/freediving\\\/deepspot-free-20-m\\\/#primaryimage\"},\"thumbnailUrl\":\"https:\\\/\\\/eco3ygde435.exactdn.com\\\/wp-content\\\/uploads\\\/sites\\\/2\\\/2025\\\/04\\\/cdcdcd.jpg?strip=all\",\"datePublished\":\"2020-08-26T23:49:21+00:00\",\"dateModified\":\"2025-09-22T10:35:50+00:00\",\"description\":\"KURZ FREEDIVERA\",\"breadcrumb\":{\"@id\":\"https:\\\/\\\/www.deepspot.com\\\/cs\\\/pro-koho\\\/freediving\\\/deepspot-free-20-m\\\/#breadcrumb\"},\"inLanguage\":\"cs\",\"potentialAction\":[{\"@type\":\"ReadAction\",\"target\":[\"https:\\\/\\\/www.deepspot.com\\\/cs\\\/pro-koho\\\/freediving\\\/deepspot-free-20-m\\\/\"]}]},{\"@type\":\"ImageObject\",\"inLanguage\":\"cs\",\"@id\":\"https:\\\/\\\/www.deepspot.com\\\/cs\\\/pro-koho\\\/freediving\\\/deepspot-free-20-m\\\/#primaryimage\",\"url\":\"https:\\\/\\\/eco3ygde435.exactdn.com\\\/wp-content\\\/uploads\\\/sites\\\/2\\\/2025\\\/04\\\/cdcdcd.jpg?strip=all\",\"contentUrl\":\"https:\\\/\\\/eco3ygde435.exactdn.com\\\/wp-content\\\/uploads\\\/sites\\\/2\\\/2025\\\/04\\\/cdcdcd.jpg?strip=all\",\"width\":1110,\"height\":772},{\"@type\":\"BreadcrumbList\",\"@id\":\"https:\\\/\\\/www.deepspot.com\\\/cs\\\/pro-koho\\\/freediving\\\/deepspot-free-20-m\\\/#breadcrumb\",\"itemListElement\":[{\"@type\":\"ListItem\",\"position\":1,\"name\":\"Strona g\u0142\u00f3wna\",\"item\":\"https:\\\/\\\/www.deepspot.com\\\/cs\\\/\"},{\"@type\":\"ListItem\",\"position\":2,\"name\":\"Pro koho\",\"item\":\"https:\\\/\\\/www.deepspot.com\\\/cs\\\/pro-koho\\\/\"},{\"@type\":\"ListItem\",\"position\":3,\"name\":\"Freediving\",\"item\":\"https:\\\/\\\/www.deepspot.com\\\/cs\\\/pro-koho\\\/freediving\\\/\"},{\"@type\":\"ListItem\",\"position\":4,\"name\":\"KURZ FREEDIVERA\"}]},{\"@type\":\"WebSite\",\"@id\":\"https:\\\/\\\/www.deepspot.com\\\/pl\\\/#website\",\"url\":\"https:\\\/\\\/www.deepspot.com\\\/pl\\\/\",\"name\":\"Deepspot\",\"description\":\"Nov\u00e1 dimenze v pot\u00e1p\u011bn\u00ed\",\"potentialAction\":[{\"@type\":\"SearchAction\",\"target\":{\"@type\":\"EntryPoint\",\"urlTemplate\":\"https:\\\/\\\/www.deepspot.com\\\/pl\\\/?s={search_term_string}\"},\"query-input\":{\"@type\":\"PropertyValueSpecification\",\"valueRequired\":true,\"valueName\":\"search_term_string\"}}],\"inLanguage\":\"cs\"}]}<\/script>\n<!-- \/ Yoast SEO plugin. -->","yoast_head_json":{"title":"KURZ FREEDIVERA | Deepspot","description":"KURZ FREEDIVERA","robots":{"index":"index","follow":"follow","max-snippet":"max-snippet:-1","max-image-preview":"max-image-preview:large","max-video-preview":"max-video-preview:-1"},"canonical":"https:\/\/www.deepspot.com\/cs\/pro-koho\/freediving\/deepspot-free-20-m\/","og_locale":"cs_CZ","og_type":"article","og_title":"KURZ FREEDIVERA | Deepspot","og_description":"KURZ FREEDIVERA","og_url":"https:\/\/www.deepspot.com\/cs\/pro-koho\/freediving\/deepspot-free-20-m\/","og_site_name":"Deepspot","article_modified_time":"2025-09-22T10:35:50+00:00","og_image":[{"width":1110,"height":772,"url":"https:\/\/eco3ygde435.exactdn.com\/wp-content\/uploads\/sites\/2\/2025\/04\/cdcdcd.jpg?strip=all","type":"image\/jpeg"}],"twitter_card":"summary_large_image","schema":{"@context":"https:\/\/schema.org","@graph":[{"@type":"WebPage","@id":"https:\/\/www.deepspot.com\/cs\/pro-koho\/freediving\/deepspot-free-20-m\/","url":"https:\/\/www.deepspot.com\/cs\/pro-koho\/freediving\/deepspot-free-20-m\/","name":"KURZ FREEDIVERA | Deepspot","isPartOf":{"@id":"https:\/\/www.deepspot.com\/pl\/#website"},"primaryImageOfPage":{"@id":"https:\/\/www.deepspot.com\/cs\/pro-koho\/freediving\/deepspot-free-20-m\/#primaryimage"},"image":{"@id":"https:\/\/www.deepspot.com\/cs\/pro-koho\/freediving\/deepspot-free-20-m\/#primaryimage"},"thumbnailUrl":"https:\/\/eco3ygde435.exactdn.com\/wp-content\/uploads\/sites\/2\/2025\/04\/cdcdcd.jpg?strip=all","datePublished":"2020-08-26T23:49:21+00:00","dateModified":"2025-09-22T10:35:50+00:00","description":"KURZ FREEDIVERA","breadcrumb":{"@id":"https:\/\/www.deepspot.com\/cs\/pro-koho\/freediving\/deepspot-free-20-m\/#breadcrumb"},"inLanguage":"cs","potentialAction":[{"@type":"ReadAction","target":["https:\/\/www.deepspot.com\/cs\/pro-koho\/freediving\/deepspot-free-20-m\/"]}]},{"@type":"ImageObject","inLanguage":"cs","@id":"https:\/\/www.deepspot.com\/cs\/pro-koho\/freediving\/deepspot-free-20-m\/#primaryimage","url":"https:\/\/eco3ygde435.exactdn.com\/wp-content\/uploads\/sites\/2\/2025\/04\/cdcdcd.jpg?strip=all","contentUrl":"https:\/\/eco3ygde435.exactdn.com\/wp-content\/uploads\/sites\/2\/2025\/04\/cdcdcd.jpg?strip=all","width":1110,"height":772},{"@type":"BreadcrumbList","@id":"https:\/\/www.deepspot.com\/cs\/pro-koho\/freediving\/deepspot-free-20-m\/#breadcrumb","itemListElement":[{"@type":"ListItem","position":1,"name":"Strona g\u0142\u00f3wna","item":"https:\/\/www.deepspot.com\/cs\/"},{"@type":"ListItem","position":2,"name":"Pro koho","item":"https:\/\/www.deepspot.com\/cs\/pro-koho\/"},{"@type":"ListItem","position":3,"name":"Freediving","item":"https:\/\/www.deepspot.com\/cs\/pro-koho\/freediving\/"},{"@type":"ListItem","position":4,"name":"KURZ FREEDIVERA"}]},{"@type":"WebSite","@id":"https:\/\/www.deepspot.com\/pl\/#website","url":"https:\/\/www.deepspot.com\/pl\/","name":"Deepspot","description":"Nov\u00e1 dimenze v pot\u00e1p\u011bn\u00ed","potentialAction":[{"@type":"SearchAction","target":{"@type":"EntryPoint","urlTemplate":"https:\/\/www.deepspot.com\/pl\/?s={search_term_string}"},"query-input":{"@type":"PropertyValueSpecification","valueRequired":true,"valueName":"search_term_string"}}],"inLanguage":"cs"}]}},"_links":{"self":[{"href":"https:\/\/www.deepspot.com\/cs\/wp-json\/wp\/v2\/pages\/4671","targetHints":{"allow":["GET"]}}],"collection":[{"href":"https:\/\/www.deepspot.com\/cs\/wp-json\/wp\/v2\/pages"}],"about":[{"href":"https:\/\/www.deepspot.com\/cs\/wp-json\/wp\/v2\/types\/page"}],"author":[{"embeddable":true,"href":"https:\/\/www.deepspot.com\/cs\/wp-json\/wp\/v2\/users\/3"}],"replies":[{"embeddable":true,"href":"https:\/\/www.deepspot.com\/cs\/wp-json\/wp\/v2\/comments?post=4671"}],"version-history":[{"count":63,"href":"https:\/\/www.deepspot.com\/cs\/wp-json\/wp\/v2\/pages\/4671\/revisions"}],"predecessor-version":[{"id":56656,"href":"https:\/\/www.deepspot.com\/cs\/wp-json\/wp\/v2\/pages\/4671\/revisions\/56656"}],"up":[{"embeddable":true,"href":"https:\/\/www.deepspot.com\/cs\/wp-json\/wp\/v2\/pages\/4659"}],"wp:featuredmedia":[{"embeddable":true,"href":"https:\/\/www.deepspot.com\/cs\/wp-json\/wp\/v2\/media\/50929"}],"wp:attachment":[{"href":"https:\/\/www.deepspot.com\/cs\/wp-json\/wp\/v2\/media?parent=4671"}],"curies":[{"name":"wp","href":"https:\/\/api.w.org\/{rel}","templated":true}]}}