{"id":4673,"date":"2020-09-23T09:57:02","date_gmt":"2020-09-23T07:57:02","guid":{"rendered":"https:\/\/www.deepspot.com\/zona-pro-instruktory\/"},"modified":"2025-08-22T12:17:58","modified_gmt":"2025-08-22T10:17:58","slug":"zona-pro-instruktory","status":"publish","type":"page","link":"https:\/\/www.deepspot.com\/cs\/zona-pro-instruktory\/","title":{"rendered":"Oblast pro instruktory"},"content":{"rendered":"<div id=\"fancy-display-block_3a19954c45462dc705c6ff3c495e4cad\" class=\"fancy-display-block fancy-repeater-block\">\r\n  <div class=\"row container\">\r\n          <div class=\"fancy-repeater-item\">\r\n        <div class=\"text-container with-subtitle\">\r\n          <h2 class=\"title\">POT\u00c1P\u011aN\u00cd\/VOLN\u00c1 VSTUPENKA<\/h2>\r\n          <strong class=\"subtitle\">1 VSTUP NA \u0160KOLEN\u00cd PRO INSTRUKTORA A \u0160KOLENCE<\/strong>          <p>Prove\u010fte sv\u00e9 \u0161kolen\u00ed v DEEPSPOTu je\u0161t\u011b dnes!  \r\n<br><\/br> \r\nSCUBA\/FREE TICKET je hlavn\u00edm a nejpou\u017e\u00edvan\u011bj\u0161\u00edm produktem pro instruktory B2B. S touto nab\u00eddkou m\u016f\u017eete v\u00e9st kurzy a workshopy v tepl\u00fdch, k\u0159i\u0161\u0165\u00e1lov\u011b \u010dist\u00fdch vod\u00e1ch na\u0161eho za\u0159\u00edzen\u00ed. <\/p>\r\n          <div class=\"buttons\"><a class=\"btn\" href=\"https:\/\/cs.deepspot.com\/offer?steps=deepspot_pro_type-scuba_b2b-reservation_b2b-reservation-owd\" target=\"_self\">RESERVE<\/a><a href=\"https:\/\/www.deepspot.com\/pl\/strefa-instruktora\/wejsciowka-szkoleniowa-w-deepspot\/\" target=\"_self\">ZJISTIT V\u00cdCE<\/a><\/div>        <\/div>\r\n        <div>\r\n          <img decoding=\"async\" lazy src=\"data:image\/gif;base64,R0lGODlhAQABAAD\/ACwAAAAAAQABAAACADs%3D\" data-src=\"https:\/\/eco3ygde435.exactdn.com\/wp-content\/uploads\/sites\/2\/2023\/10\/WEJSCIOWKA-SZKOLENIOWA-1.jpg?strip=all\" alt=\"\">\r\n        <\/div>\r\n      <\/div>\r\n          <div class=\"fancy-repeater-item\">\r\n        <div class=\"text-container with-subtitle\">\r\n          <h2 class=\"title\">JEDNODENN\u00cd J\u00cdZDENKA OWD<\/h2>\r\n          <strong class=\"subtitle\">3 VSTUPY NA \u0160KOLEN\u00cd DENN\u011a PRO INSTRUKTORA A STUDENTA*<\/strong>          <p>Seznamte studenty se sv\u011btem pot\u00e1p\u011bn\u00ed v pohodln\u00fdch a kontrolovan\u00fdch podm\u00ednk\u00e1ch DEEPSPOT.  \r\n<br><\/br> \r\nOWD ONE-DAY TICKET byl vytvo\u0159en na podporu pot\u00e1p\u011b\u010dsk\u00fdch center a jednotliv\u00fdch instruktor\u016f p\u0159i v\u00fdcviku z\u00e1jemc\u016f o prvn\u00ed certifikaci SCUBA.  \r\n<br><\/br> \r\n*Pozn\u00e1mka: Existuj\u00ed 3 varianty jednodenn\u00ed j\u00edzdenky OWD &#8211; v\u00edce informac\u00ed naleznete v produktov\u00e9m listu. <\/p>\r\n          <div class=\"buttons\"><a class=\"btn\" href=\"https:\/\/cs.deepspot.com\/offer?steps=deepspot_pro_type-scuba_b2b-reservation_b2b-reservation-owd_pro-diving-owd-offer-select\" target=\"_self\">RESERVE<\/a><a href=\"https:\/\/www.deepspot.com\/pl\/strefa-instruktora\/dniowka-owd-w-deepspot\/\" target=\"_self\">ZJISTIT V\u00cdCE<\/a><\/div>        <\/div>\r\n        <div>\r\n          <img decoding=\"async\" lazy src=\"data:image\/gif;base64,R0lGODlhAQABAAD\/ACwAAAAAAQABAAACADs%3D\" data-src=\"https:\/\/eco3ygde435.exactdn.com\/wp-content\/uploads\/sites\/2\/2023\/10\/DNIOWKA-OWD-1.jpg?strip=all\" alt=\"\">\r\n        <\/div>\r\n      <\/div>\r\n          <div class=\"fancy-repeater-item\">\r\n        <div class=\"text-container with-subtitle\">\r\n          <h2 class=\"title\">JEDNODENN\u00cd J\u00cdZDENKA<\/h2>\r\n          <strong class=\"subtitle\">3 VSTUPY NA \u0160KOLEN\u00cd DENN\u011a PRO INSTRUKTORA A STUDENTA*<\/strong>          <p>Prov\u00e1d\u011bjte \u0159adu kurz\u016f pot\u00e1p\u011bn\u00ed ve vynikaj\u00edc\u00edch podm\u00ednk\u00e1ch DEEPSPOT.  \r\n<br><br> \r\nJEDNODENN\u00cd KURZOV\u00dd VSTUPENKA byla vytvo\u0159ena na podporu pot\u00e1p\u011b\u010dsk\u00fdch center a jednotliv\u00fdch instruktor\u016f p\u0159i v\u00fdcviku pot\u00e1p\u011b\u010d\u016f s vybaven\u00edm na jakoukoli \u00farove\u0148 v\u00fdcviku uzn\u00e1vanou organizacemi a ukon\u010denou certifikac\u00ed.  \r\n<br><\/br> \r\n*Pozn\u00e1mka: Existuj\u00ed 3 varianty JEDNODENN\u00cdHO KURZOVN\u00cdHO VSTUPENKY &#8211; v\u00edce informac\u00ed naleznete v produktov\u00e9m listu. <\/p>\r\n          <div class=\"buttons\"><a class=\"btn\" href=\"https:\/\/cs.deepspot.com\/offer?steps=deepspot_pro_type-scuba_b2b-reservation_one-day-training\" target=\"_self\">RESERVE<\/a><a href=\"https:\/\/www.deepspot.com\/pl\/strefa-instruktora\/dniowka-kursowa-w-deepspot\/\" target=\"_self\">ZJISTIT V\u00cdCE<\/a><\/div>        <\/div>\r\n        <div>\r\n          <img decoding=\"async\" lazy src=\"data:image\/gif;base64,R0lGODlhAQABAAD\/ACwAAAAAAQABAAACADs%3D\" data-src=\"https:\/\/eco3ygde435.exactdn.com\/wp-content\/uploads\/sites\/2\/2023\/10\/DNIOWKA-KURSOWA-1.jpg?strip=all\" alt=\"\">\r\n        <\/div>\r\n      <\/div>\r\n      <\/div>\r\n<\/div><!-- block -->\r\n\n<h1 class=\"wp-block-heading has-text-align-center has-x-large-font-size\" style=\"font-style:normal;font-weight:700;text-transform:uppercase\"><strong>Chcete se p\u0159ipojit k na\u0161emu t\u00fdmu?  <\/strong><\/h1>\n\n<p><\/p>\n\n<h1 class=\"wp-block-heading has-text-align-center has-x-large-font-size\" style=\"text-transform:uppercase\"><strong>Vypl\u0148te n\u00e1borov\u00fd formul\u00e1\u0159.<\/strong><\/h1>\n\n<p><\/p>\n\n<div class=\"wp-block-buttons is-content-justification-center is-layout-flex wp-container-core-buttons-is-layout-16018d1d wp-block-buttons-is-layout-flex\">\n<div class=\"wp-block-button\"><a class=\"wp-block-button__link wp-element-button\" href=\"#26656\">Vypl\u0148te formul\u00e1\u0159<\/a><\/div>\n<\/div>\n<div id=\"form-popup-block_ceab7742cb297b9c903eb04fff76c214\" class=\"form-popup-block\" data-timeout=\"\">\r\n  <div class=\"row container\">\r\n    <div>\r\n                  <a class=\"close-form-popup\" href=\"#\">zav\u0159\u00edt <svg xmlns=\"http:\/\/www.w3.org\/2000\/svg\" width=\"23\" height=\"23\" viewBox=\"0 0 23 23\"><g><g><g><path fill=\"none\" stroke=\"#9ca0a3\" stroke-linejoin=\"round\" stroke-miterlimit=\"50\" stroke-width=\"\" d=\"M22 1L1 22\"><\/path><\/g><g><path fill=\"none\" stroke=\"#9ca0a3\" stroke-linejoin=\"round\" stroke-miterlimit=\"50\" stroke-width=\"\" d=\"M22 22L1 1\"><\/path><\/g><\/g><\/g><\/svg><\/a>\r\n    <\/div>\r\n  <\/div>\r\n<\/div><!-- block -->\r\n<div id=\"fancy-display-block_3c9cd560c9f41ee03b612f536b0c9304\" class=\"fancy-display-block fancy-repeater-block\">\r\n  <div class=\"row container\">\r\n          <div class=\"fancy-repeater-item\">\r\n        <div class=\"text-container\">\r\n          <h2 class=\"title\">ST\u00c1\u017d FREEDIVERA V DEEPSPOTU<\/h2>\r\n                    <p>Jste freediver a r\u00e1di byste se pot\u00e1p\u011bli v\u00edce?\r\nChcete rychle z\u00edskat komplexn\u00ed zku\u0161enosti a p\u0159ipravit se na instruktorsk\u00fd kurz?\r\nZaj\u00edm\u00e1 v\u00e1s, zda je pr\u00e1ce v pot\u00e1p\u011b\u010dsk\u00e9m pr\u016fmyslu pro v\u00e1s?<\/p>\r\n          <div class=\"buttons\"><a class=\"btn\" href=\"https:\/\/www.deepspot.com\/pl\/jak-to-robimy\/zespol\/staz-freediverski\/\" target=\"_self\">Zjist\u011bte v\u00edce!<\/a><\/div>        <\/div>\r\n        <div>\r\n          <img decoding=\"async\" lazy src=\"data:image\/gif;base64,R0lGODlhAQABAAD\/ACwAAAAAAQABAAACADs%3D\" data-src=\"https:\/\/eco3ygde435.exactdn.com\/wp-content\/uploads\/sites\/2\/2023\/05\/Staz-free-foto-600600-1.jpg?strip=all\" alt=\"\">\r\n        <\/div>\r\n      <\/div>\r\n          <div class=\"fancy-repeater-item\">\r\n        <div class=\"text-container\">\r\n          <h2 class=\"title\">ST\u00c1\u017d PRO POT\u00c1P\u011a\u010cE V DEEPSPOTU<\/h2>\r\n                    <p>Jste pot\u00e1p\u011b\u010dsk\u00fd mistr a r\u00e1di byste se pot\u00e1p\u011bli v\u00edce?\r\nChcete rychle z\u00edskat komplexn\u00ed zku\u0161enosti a p\u0159ipravit se na instruktorsk\u00fd kurz?\r\nZaj\u00edm\u00e1 v\u00e1s, zda je pr\u00e1ce v pot\u00e1p\u011b\u010dsk\u00e9m pr\u016fmyslu pro v\u00e1s?<\/p>\r\n          <div class=\"buttons\"><a class=\"btn\" href=\"https:\/\/www.deepspot.com\/pl\/jak-to-robimy\/zespol\/staz-divemasterski\/\" target=\"_self\">Zjist\u011bte v\u00edce!<\/a><\/div>        <\/div>\r\n        <div>\r\n          <img decoding=\"async\" lazy src=\"data:image\/gif;base64,R0lGODlhAQABAAD\/ACwAAAAAAQABAAACADs%3D\" data-src=\"https:\/\/eco3ygde435.exactdn.com\/wp-content\/uploads\/sites\/2\/2023\/05\/TryScubaStyczen-sqr.jpg?strip=all\" alt=\"\">\r\n        <\/div>\r\n      <\/div>\r\n      <\/div>\r\n<\/div><!-- block -->\r\n","protected":false},"excerpt":{"rendered":"<p>Chcete se p\u0159ipojit k na\u0161emu t\u00fdmu? Vypl\u0148te n\u00e1borov\u00fd formul\u00e1\u0159.<\/p>\n","protected":false},"author":1,"featured_media":4546,"parent":0,"menu_order":8,"comment_status":"closed","ping_status":"closed","template":"template-landing2.php","meta":{"_acf_changed":false,"footnotes":""},"class_list":["post-4673","page","type-page","status-publish","has-post-thumbnail","hentry"],"acf":[],"yoast_head":"<!-- This site is optimized with the Yoast SEO plugin v27.3 - https:\/\/yoast.com\/product\/yoast-seo-wordpress\/ -->\n<title>Oblast pro instruktory | Deepspot<\/title>\n<meta name=\"description\" content=\"Oblast pro instruktory\" \/>\n<meta name=\"robots\" content=\"index, follow, max-snippet:-1, max-image-preview:large, max-video-preview:-1\" \/>\n<link rel=\"canonical\" href=\"https:\/\/www.deepspot.com\/cs\/zona-pro-instruktory\/\" \/>\n<meta property=\"og:locale\" content=\"cs_CZ\" \/>\n<meta property=\"og:type\" content=\"article\" \/>\n<meta property=\"og:title\" content=\"Oblast pro instruktory | Deepspot\" \/>\n<meta property=\"og:description\" content=\"Oblast pro instruktory\" \/>\n<meta property=\"og:url\" content=\"https:\/\/www.deepspot.com\/cs\/zona-pro-instruktory\/\" \/>\n<meta property=\"og:site_name\" content=\"Deepspot\" \/>\n<meta property=\"article:modified_time\" content=\"2025-08-22T10:17:58+00:00\" \/>\n<meta property=\"og:image\" content=\"https:\/\/eco3ygde435.exactdn.com\/wp-content\/uploads\/sites\/2\/2020\/09\/bcglpdeep.jpg?strip=all\" \/>\n\t<meta property=\"og:image:width\" content=\"1409\" \/>\n\t<meta property=\"og:image:height\" content=\"922\" \/>\n\t<meta property=\"og:image:type\" content=\"image\/jpeg\" \/>\n<meta name=\"twitter:card\" content=\"summary_large_image\" \/>\n<script type=\"application\/ld+json\" class=\"yoast-schema-graph\">{\"@context\":\"https:\\\/\\\/schema.org\",\"@graph\":[{\"@type\":\"WebPage\",\"@id\":\"https:\\\/\\\/www.deepspot.com\\\/cs\\\/zona-pro-instruktory\\\/\",\"url\":\"https:\\\/\\\/www.deepspot.com\\\/cs\\\/zona-pro-instruktory\\\/\",\"name\":\"Oblast pro instruktory | Deepspot\",\"isPartOf\":{\"@id\":\"https:\\\/\\\/www.deepspot.com\\\/pl\\\/#website\"},\"primaryImageOfPage\":{\"@id\":\"https:\\\/\\\/www.deepspot.com\\\/cs\\\/zona-pro-instruktory\\\/#primaryimage\"},\"image\":{\"@id\":\"https:\\\/\\\/www.deepspot.com\\\/cs\\\/zona-pro-instruktory\\\/#primaryimage\"},\"thumbnailUrl\":\"https:\\\/\\\/eco3ygde435.exactdn.com\\\/wp-content\\\/uploads\\\/sites\\\/2\\\/2020\\\/09\\\/bcglpdeep.jpg?strip=all\",\"datePublished\":\"2020-09-23T07:57:02+00:00\",\"dateModified\":\"2025-08-22T10:17:58+00:00\",\"description\":\"Oblast pro instruktory\",\"breadcrumb\":{\"@id\":\"https:\\\/\\\/www.deepspot.com\\\/cs\\\/zona-pro-instruktory\\\/#breadcrumb\"},\"inLanguage\":\"cs\",\"potentialAction\":[{\"@type\":\"ReadAction\",\"target\":[\"https:\\\/\\\/www.deepspot.com\\\/cs\\\/zona-pro-instruktory\\\/\"]}]},{\"@type\":\"ImageObject\",\"inLanguage\":\"cs\",\"@id\":\"https:\\\/\\\/www.deepspot.com\\\/cs\\\/zona-pro-instruktory\\\/#primaryimage\",\"url\":\"https:\\\/\\\/eco3ygde435.exactdn.com\\\/wp-content\\\/uploads\\\/sites\\\/2\\\/2020\\\/09\\\/bcglpdeep.jpg?strip=all\",\"contentUrl\":\"https:\\\/\\\/eco3ygde435.exactdn.com\\\/wp-content\\\/uploads\\\/sites\\\/2\\\/2020\\\/09\\\/bcglpdeep.jpg?strip=all\",\"width\":1409,\"height\":922},{\"@type\":\"BreadcrumbList\",\"@id\":\"https:\\\/\\\/www.deepspot.com\\\/cs\\\/zona-pro-instruktory\\\/#breadcrumb\",\"itemListElement\":[{\"@type\":\"ListItem\",\"position\":1,\"name\":\"Strona g\u0142\u00f3wna\",\"item\":\"https:\\\/\\\/www.deepspot.com\\\/cs\\\/\"},{\"@type\":\"ListItem\",\"position\":2,\"name\":\"Oblast pro instruktory\"}]},{\"@type\":\"WebSite\",\"@id\":\"https:\\\/\\\/www.deepspot.com\\\/pl\\\/#website\",\"url\":\"https:\\\/\\\/www.deepspot.com\\\/pl\\\/\",\"name\":\"Deepspot\",\"description\":\"Nov\u00e1 dimenze v pot\u00e1p\u011bn\u00ed\",\"potentialAction\":[{\"@type\":\"SearchAction\",\"target\":{\"@type\":\"EntryPoint\",\"urlTemplate\":\"https:\\\/\\\/www.deepspot.com\\\/pl\\\/?s={search_term_string}\"},\"query-input\":{\"@type\":\"PropertyValueSpecification\",\"valueRequired\":true,\"valueName\":\"search_term_string\"}}],\"inLanguage\":\"cs\"}]}<\/script>\n<!-- \/ Yoast SEO plugin. -->","yoast_head_json":{"title":"Oblast pro instruktory | Deepspot","description":"Oblast pro instruktory","robots":{"index":"index","follow":"follow","max-snippet":"max-snippet:-1","max-image-preview":"max-image-preview:large","max-video-preview":"max-video-preview:-1"},"canonical":"https:\/\/www.deepspot.com\/cs\/zona-pro-instruktory\/","og_locale":"cs_CZ","og_type":"article","og_title":"Oblast pro instruktory | Deepspot","og_description":"Oblast pro instruktory","og_url":"https:\/\/www.deepspot.com\/cs\/zona-pro-instruktory\/","og_site_name":"Deepspot","article_modified_time":"2025-08-22T10:17:58+00:00","og_image":[{"width":1409,"height":922,"url":"https:\/\/eco3ygde435.exactdn.com\/wp-content\/uploads\/sites\/2\/2020\/09\/bcglpdeep.jpg?strip=all","type":"image\/jpeg"}],"twitter_card":"summary_large_image","schema":{"@context":"https:\/\/schema.org","@graph":[{"@type":"WebPage","@id":"https:\/\/www.deepspot.com\/cs\/zona-pro-instruktory\/","url":"https:\/\/www.deepspot.com\/cs\/zona-pro-instruktory\/","name":"Oblast pro instruktory | Deepspot","isPartOf":{"@id":"https:\/\/www.deepspot.com\/pl\/#website"},"primaryImageOfPage":{"@id":"https:\/\/www.deepspot.com\/cs\/zona-pro-instruktory\/#primaryimage"},"image":{"@id":"https:\/\/www.deepspot.com\/cs\/zona-pro-instruktory\/#primaryimage"},"thumbnailUrl":"https:\/\/eco3ygde435.exactdn.com\/wp-content\/uploads\/sites\/2\/2020\/09\/bcglpdeep.jpg?strip=all","datePublished":"2020-09-23T07:57:02+00:00","dateModified":"2025-08-22T10:17:58+00:00","description":"Oblast pro instruktory","breadcrumb":{"@id":"https:\/\/www.deepspot.com\/cs\/zona-pro-instruktory\/#breadcrumb"},"inLanguage":"cs","potentialAction":[{"@type":"ReadAction","target":["https:\/\/www.deepspot.com\/cs\/zona-pro-instruktory\/"]}]},{"@type":"ImageObject","inLanguage":"cs","@id":"https:\/\/www.deepspot.com\/cs\/zona-pro-instruktory\/#primaryimage","url":"https:\/\/eco3ygde435.exactdn.com\/wp-content\/uploads\/sites\/2\/2020\/09\/bcglpdeep.jpg?strip=all","contentUrl":"https:\/\/eco3ygde435.exactdn.com\/wp-content\/uploads\/sites\/2\/2020\/09\/bcglpdeep.jpg?strip=all","width":1409,"height":922},{"@type":"BreadcrumbList","@id":"https:\/\/www.deepspot.com\/cs\/zona-pro-instruktory\/#breadcrumb","itemListElement":[{"@type":"ListItem","position":1,"name":"Strona g\u0142\u00f3wna","item":"https:\/\/www.deepspot.com\/cs\/"},{"@type":"ListItem","position":2,"name":"Oblast pro instruktory"}]},{"@type":"WebSite","@id":"https:\/\/www.deepspot.com\/pl\/#website","url":"https:\/\/www.deepspot.com\/pl\/","name":"Deepspot","description":"Nov\u00e1 dimenze v pot\u00e1p\u011bn\u00ed","potentialAction":[{"@type":"SearchAction","target":{"@type":"EntryPoint","urlTemplate":"https:\/\/www.deepspot.com\/pl\/?s={search_term_string}"},"query-input":{"@type":"PropertyValueSpecification","valueRequired":true,"valueName":"search_term_string"}}],"inLanguage":"cs"}]}},"_links":{"self":[{"href":"https:\/\/www.deepspot.com\/cs\/wp-json\/wp\/v2\/pages\/4673","targetHints":{"allow":["GET"]}}],"collection":[{"href":"https:\/\/www.deepspot.com\/cs\/wp-json\/wp\/v2\/pages"}],"about":[{"href":"https:\/\/www.deepspot.com\/cs\/wp-json\/wp\/v2\/types\/page"}],"author":[{"embeddable":true,"href":"https:\/\/www.deepspot.com\/cs\/wp-json\/wp\/v2\/users\/1"}],"replies":[{"embeddable":true,"href":"https:\/\/www.deepspot.com\/cs\/wp-json\/wp\/v2\/comments?post=4673"}],"version-history":[{"count":24,"href":"https:\/\/www.deepspot.com\/cs\/wp-json\/wp\/v2\/pages\/4673\/revisions"}],"predecessor-version":[{"id":50472,"href":"https:\/\/www.deepspot.com\/cs\/wp-json\/wp\/v2\/pages\/4673\/revisions\/50472"}],"wp:featuredmedia":[{"embeddable":true,"href":"https:\/\/www.deepspot.com\/cs\/wp-json\/wp\/v2\/media\/4546"}],"wp:attachment":[{"href":"https:\/\/www.deepspot.com\/cs\/wp-json\/wp\/v2\/media?parent=4673"}],"curies":[{"name":"wp","href":"https:\/\/api.w.org\/{rel}","templated":true}]}}