{"id":51277,"date":"2025-05-05T11:55:34","date_gmt":"2025-05-05T09:55:34","guid":{"rendered":"https:\/\/www.deepspot.com\/?page_id=51277"},"modified":"2025-10-15T15:36:12","modified_gmt":"2025-10-15T13:36:12","slug":"bezpecnost-dpv-freediver","status":"publish","type":"page","link":"https:\/\/www.deepspot.com\/cs\/pro-koho\/scuba-diving\/bezpecnost-dpv-freediver\/","title":{"rendered":"Kurz Stres a z\u00e1chrana"},"content":{"rendered":"<div id=\"hero-block_1d34837bcc37470bc7d4f7ce1a865fe1\" class=\"hero-block\">\r\n  <div class=\"row outer-container\">\r\n    <div>\r\n      <img decoding=\"async\" lazy src=\"data:image\/gif;base64,R0lGODlhAQABAAD\/ACwAAAAAAQABAAACADs%3D\" data-src=\"https:\/\/eco3ygde435.exactdn.com\/wp-content\/uploads\/sites\/2\/2025\/06\/rerere.jpg?strip=all\" alt=\"\">\r\n          <\/div>\r\n    <div>\r\n      <h2>Bu\u010fte p\u0159ipraveni postarat se o sebe i ostatn\u00ed p\u0159i pot\u00e1p\u011bn\u00ed.<\/h2><p>Chcete se pod vodou c\u00edtit jist\u011b a v\u011bd\u011bt, jak reagovat v nouzov\u00fdch situac\u00edch?  <br>Kurz Stress &amp; Rescue je v\u00fdcvikov\u00fd kurz, kter\u00fd rozv\u00edj\u00ed dovednosti, zvy\u0161uje pov\u011bdom\u00ed a u\u010d\u00ed odpov\u011bdn\u00e9mu pot\u00e1p\u011bn\u00ed. Pod veden\u00edm instruktora se nau\u010d\u00edte rozpoznat stres u sebe i u druh\u00fdch, nacvi\u010d\u00edte si z\u00e1chrann\u00e9 sc\u00e9n\u00e1\u0159e a \u00fa\u010dinn\u011b pom\u016f\u017eete partnerovi v nouzi. Jedn\u00e1 se o kurz pro certifikovan\u00e9 pot\u00e1p\u011b\u010de, kte\u0159\u00ed cht\u011bj\u00ed zv\u00fd\u0161it svou bezpe\u010dnost, jistotu a p\u0159ipravenost v jak\u00e9koli situaci.  \r\n<br><br>Rezervujte si kurz je\u0161t\u011b dnes a z\u00edskejte workshop jako d\u00e1rek. Vyberte si z nab\u00eddky ni\u017e\u0161\u00ed spot\u0159eby vzduchu, p\u0159\u00edpravy na pot\u00e1p\u011b\u010dsk\u00fd v\u00fdlet nebo pot\u00e1p\u011bn\u00ed s k\u0159\u00eddlem. <\/p>    <\/div>\r\n  <\/div>\r\n<\/div><!-- block -->\r\n<div id=\"product-details-block_aaf09c1d0f35347ef128b128ad1aab5c\" class=\"product-details-block\">\r\n  <div class=\"row container\">\r\n    <div>\r\n      <h2 class=\"title\">Popis atrakc\u00ed<\/h2>      <p class=\"desc\">Stress &amp; Rescue Diver je kurz pro pot\u00e1p\u011b\u010de s certifik\u00e1tem min. Advanced Adventurer, kte\u0159\u00ed cht\u011bj\u00ed zv\u00fd\u0161it sv\u00e9 dovednosti, sebed\u016fv\u011bru a odpov\u011bdnost pod vodou. V\u00fdcvik v\u00e1s p\u0159iprav\u00ed na efektivn\u00ed reakce ve stresov\u00fdch a nouzov\u00fdch situac\u00edch a rozv\u00edj\u00ed va\u0161e schopnosti t\u00fdmov\u00e9 spolupr\u00e1ce.<br>Kurz je realizov\u00e1n na ja\u0159e a v l\u00e9t\u011b, v m\u011bs\u00edc\u00edch kv\u011bten a\u017e z\u00e1\u0159\u00ed.  <br><br>\r\nVydejte se na cestu, zejm\u00e9na pokud:<br>\ud83e\udee7 Chcete rozv\u00edjet sv\u00e9 z\u00e1chran\u00e1\u0159sk\u00e9 dovednosti a c\u00edtit se pod vodou jist\u011bji <br>\ud83e\udee7 Chcete se pot\u00e1p\u011bt v\u011bdom\u011bji a bezpe\u010dn\u011bji<br>\ud83e\udee7 Chcete se p\u0159ipravit na dal\u0161\u00ed f\u00e1ze sv\u00e9ho v\u00fdcviku v bezpe\u010dn\u00e9m a jedine\u010dn\u00e9m prost\u0159ed\u00ed.<br><br>\r\nCo nab\u00edz\u00edme?<br>\ud83e\udee7 T\u0159\u00eddenn\u00ed teoretick\u00fd a praktick\u00fd v\u00fdcvik v \u0159\u00edzen\u00e9m Deepspotu a na otev\u0159en\u00e9 vod\u011b (Honoratka)<br>\ud83e\udee7 Teorie prevence, rozpozn\u00e1n\u00ed a zvl\u00e1d\u00e1n\u00ed pot\u00e1p\u011b\u010dsk\u00e9ho stresu<br>\ud83e\udee7 Praktick\u00e1 cvi\u010den\u00ed reakce na nehody, z\u00e1chran\u011b a evakuaci<br>\ud83e\udee7 Simulace re\u00e1ln\u00fdch sc\u00e9n\u00e1\u0159\u016f ve vod\u011b &#8211; na hladin\u011b i pod vodou<br>\ud83e\udee7 T\u00fdmov\u00e1 pr\u00e1ce a rozvoj dovednost\u00ed krizov\u00e9 komunikace<br>\ud83e\udee7 \u0160kol\u00edc\u00ed materi\u00e1ly poskytovan\u00e9 na webov\u00fdch str\u00e1nk\u00e1ch organizace SSI. Seznamte se s nimi p\u0159ed zah\u00e1jen\u00edm kurzu<br>\ud83e\udee7 V\u0161e pot\u0159ebn\u00e9 je sou\u010d\u00e1st\u00ed balen\u00ed. Ve\u0161ker\u00e9 pot\u0159ebn\u00e9 vybaven\u00ed poskytujeme my<br>\ud83e\udee7 Intimn\u00ed skupiny. Tempo v\u00fduky v\u00e1m v\u017edy p\u0159izp\u016fsob\u00edme   <br><br>\r\nKurzy prob\u00edhaj\u00ed v mal\u00fdch skupink\u00e1ch &#8211; maxim\u00e1ln\u011b \u010dty\u0159i osoby na jednoho instruktora &#8211; co\u017e v\u00e1m d\u00e1v\u00e1 jistotu, \u017ee se budete moci nadechnout a naj\u00edt odpov\u011b\u010f na ka\u017edou ot\u00e1zku.<br><br>\r\nStoj\u00ed to za to, proto\u017ee:<br>\ud83e\udee7 Tr\u00e9nujete v nejhlub\u0161\u00edm baz\u00e9nu v Evrop\u011b &#8211; a\u017e 45 metr\u016f hluboko<br>\ud83e\udee7 Pot\u00e1p\u00edte se v exotick\u00fdch podm\u00ednk\u00e1ch &#8211; v pr\u016fzra\u010dn\u00e9 vod\u011b o teplot\u011b 32 \u00b0C<br>\ud83e\udee7 Pou\u017e\u00edv\u00e1te modern\u00ed, pravideln\u011b servisovan\u00e9 vybaven\u00ed<br>\ud83e\udee7 M\u00e1te podporu zku\u0161en\u00fdch mezin\u00e1rodn\u00edch instruktor\u016f<br>\ud83e\udee7 Je to ide\u00e1ln\u00ed m\u00edsto pro budov\u00e1n\u00ed sebed\u016fv\u011bry a dobr\u00e9 techniky.<br><br>\r\nPo absolvov\u00e1n\u00ed kurzu obdr\u017e\u00edte mezin\u00e1rodn\u00ed certifik\u00e1t Diver Stress &amp; Rescue od organizace SSI.<br><br><br>\r\n\r\nCo stoj\u00ed za to v\u011bd\u011bt?\r\n<\/p>      <ul>            <li>\r\n              <p>Doba trv\u00e1n\u00ed<\/p>\r\n              <strong>3 dny (cca 20 hodin, v\u010detn\u011b 6 lekc\u00ed v baz\u00e9nu)<\/strong>\r\n            <\/li>\r\n                      <li>\r\n              <p>Minim\u00e1ln\u00ed v\u011bk \u00fa\u010dastn\u00edka<\/p>\r\n              <strong>12 let<\/strong>\r\n            <\/li>\r\n                      <li>\r\n              <p>Pono\u0159\u00edte se do hloubky<\/p>\r\n              <strong>18m<\/strong>\r\n            <\/li>\r\n                      <li>\r\n              <p>Jako d\u00e1rek<\/p>\r\n              <strong>kr\u00e1tk\u00e9 video z podvodn\u00edho fotobudky<\/strong>\r\n            <\/li>\r\n                      <li>\r\n              <p>Poskytujeme<\/p>\r\n              <strong>Ve\u0161ker\u00e9 pot\u00e1p\u011b\u010dsk\u00e9 vybaven\u00ed. S sebou si vezm\u011bte pouze plavky, ru\u010dn\u00edk a \u017eabky. <\/strong>\r\n            <\/li>\r\n                      <li>\r\n              <p>Nezapome\u0148te<\/p>\r\n              <strong>Bavte se a my do v\u00e1s vlijeme ve\u0161kerou energii.<\/strong>\r\n            <\/li>\r\n                      <li>\r\n              <p>Cena<\/p>\r\n              <strong>2 599 PLN  <\/strong>\r\n            <\/li>\r\n          <\/ul>      <div class=\"button-list-wrap\"><div class=\"button-list button-type-both\"><div><a class=\"alternate_ybb\" href=\"https:\/\/cs.deepspot.com\/offer?steps=deepspot_diving-courses_wait-for-diving-course-list_52\" target=\"_self\"><img decoding=\"async\" lazy src=\"data:image\/gif;base64,R0lGODlhAQABAAD\/ACwAAAAAAQABAAACADs%3D\" data-src=\"https:\/\/eco3ygde435.exactdn.com\/wp-content\/uploads\/sites\/2\/2020\/08\/calendar-grid-58.png?strip=all\" alt=\"\"><strong>Kniha<\/strong><\/a><\/div><\/div><\/div>    <\/div>\r\n  <\/div>\r\n<\/div><!-- block -->\r\n<p><strong>ZDRAV\u00cd<\/strong><br data-rich-text-line-break=\"true\">Pot\u00e1p\u011bn\u00ed je rekrea\u010dn\u00ed sport dostupn\u00fd t\u00e9m\u011b\u0159 pro ka\u017ed\u00e9ho. Pokud je v\u00e1\u0161 zdravotn\u00ed stav dobr\u00fd, s nejv\u011bt\u0161\u00ed pravd\u011bpodobnost\u00ed povolen\u00ed od l\u00e9ka\u0159e nepot\u0159ebujete, nicm\u00e9n\u011b v n\u011bkter\u00fdch zvl\u00e1\u0161tn\u00edch p\u0159\u00edpadech m\u016f\u017ee b\u00fdt nezbytn\u00e9. Pokud se chcete ujistit, m\u016f\u017eete se pod\u00edvat na standard.<br data-rich-text-line-break=\"true\"><a href=\"https:\/\/eco3ygde435.exactdn.com\/wp-content\/uploads\/sites\/2\/2023\/10\/TR-MEDICAL-DIVER_Polish.pdf\" target=\"_blank\" rel=\"noreferrer noopener\">l\u00e9ka\u0159sk\u00fd formul\u00e1\u0159<\/a>.<\/p>\n","protected":false},"excerpt":{"rendered":"<p>ZDRAV\u00cdPot\u00e1p\u011bn\u00ed je rekrea\u010dn\u00ed sport dostupn\u00fd t\u00e9m\u011b\u0159 pro ka\u017ed\u00e9ho. Pokud je v\u00e1\u0161 zdravotn\u00ed stav dobr\u00fd, s nejv\u011bt\u0161\u00ed pravd\u011bpodobnost\u00ed povolen\u00ed od l\u00e9ka\u0159e nepot\u0159ebujete, nicm\u00e9n\u011b v n\u011bkter\u00fdch zvl\u00e1\u0161tn\u00edch p\u0159\u00edpadech m\u016f\u017ee b\u00fdt nezbytn\u00e9. Pokud se chcete ujistit, m\u016f\u017eete se pod\u00edvat na standard.l\u00e9ka\u0159sk\u00fd formul\u00e1\u0159.<\/p>\n","protected":false},"author":18,"featured_media":53363,"parent":4655,"menu_order":0,"comment_status":"closed","ping_status":"closed","template":"","meta":{"_acf_changed":false,"footnotes":""},"class_list":["post-51277","page","type-page","status-publish","has-post-thumbnail","hentry"],"acf":[],"yoast_head":"<!-- This site is optimized with the Yoast SEO plugin v27.3 - https:\/\/yoast.com\/product\/yoast-seo-wordpress\/ -->\n<title>Kurz Stres a z\u00e1chrana | Deepspot<\/title>\n<meta name=\"description\" content=\"Kurz Stres a z\u00e1chrana\" \/>\n<meta name=\"robots\" content=\"index, follow, max-snippet:-1, max-image-preview:large, max-video-preview:-1\" \/>\n<link rel=\"canonical\" href=\"https:\/\/www.deepspot.com\/cs\/pro-koho\/scuba-diving\/bezpecnost-dpv-freediver\/\" \/>\n<meta property=\"og:locale\" content=\"cs_CZ\" \/>\n<meta property=\"og:type\" content=\"article\" \/>\n<meta property=\"og:title\" content=\"Kurz Stres a z\u00e1chrana | Deepspot\" \/>\n<meta property=\"og:description\" content=\"Kurz Stres a z\u00e1chrana\" \/>\n<meta property=\"og:url\" content=\"https:\/\/www.deepspot.com\/cs\/pro-koho\/scuba-diving\/bezpecnost-dpv-freediver\/\" \/>\n<meta property=\"og:site_name\" content=\"Deepspot\" \/>\n<meta property=\"article:modified_time\" content=\"2025-10-15T13:36:12+00:00\" \/>\n<meta property=\"og:image\" content=\"https:\/\/eco3ygde435.exactdn.com\/wp-content\/uploads\/sites\/2\/2025\/06\/rerere.jpg?strip=all\" \/>\n\t<meta property=\"og:image:width\" content=\"1658\" \/>\n\t<meta property=\"og:image:height\" content=\"1081\" \/>\n\t<meta property=\"og:image:type\" content=\"image\/jpeg\" \/>\n<meta name=\"twitter:card\" content=\"summary_large_image\" \/>\n<script type=\"application\/ld+json\" class=\"yoast-schema-graph\">{\"@context\":\"https:\\\/\\\/schema.org\",\"@graph\":[{\"@type\":\"WebPage\",\"@id\":\"https:\\\/\\\/www.deepspot.com\\\/cs\\\/pro-koho\\\/scuba-diving\\\/bezpecnost-dpv-freediver\\\/\",\"url\":\"https:\\\/\\\/www.deepspot.com\\\/cs\\\/pro-koho\\\/scuba-diving\\\/bezpecnost-dpv-freediver\\\/\",\"name\":\"Kurz Stres a z\u00e1chrana | Deepspot\",\"isPartOf\":{\"@id\":\"https:\\\/\\\/www.deepspot.com\\\/pl\\\/#website\"},\"primaryImageOfPage\":{\"@id\":\"https:\\\/\\\/www.deepspot.com\\\/cs\\\/pro-koho\\\/scuba-diving\\\/bezpecnost-dpv-freediver\\\/#primaryimage\"},\"image\":{\"@id\":\"https:\\\/\\\/www.deepspot.com\\\/cs\\\/pro-koho\\\/scuba-diving\\\/bezpecnost-dpv-freediver\\\/#primaryimage\"},\"thumbnailUrl\":\"https:\\\/\\\/eco3ygde435.exactdn.com\\\/wp-content\\\/uploads\\\/sites\\\/2\\\/2025\\\/06\\\/rerere.jpg?strip=all\",\"datePublished\":\"2025-05-05T09:55:34+00:00\",\"dateModified\":\"2025-10-15T13:36:12+00:00\",\"description\":\"Kurz Stres a z\u00e1chrana\",\"breadcrumb\":{\"@id\":\"https:\\\/\\\/www.deepspot.com\\\/cs\\\/pro-koho\\\/scuba-diving\\\/bezpecnost-dpv-freediver\\\/#breadcrumb\"},\"inLanguage\":\"cs\",\"potentialAction\":[{\"@type\":\"ReadAction\",\"target\":[\"https:\\\/\\\/www.deepspot.com\\\/cs\\\/pro-koho\\\/scuba-diving\\\/bezpecnost-dpv-freediver\\\/\"]}]},{\"@type\":\"ImageObject\",\"inLanguage\":\"cs\",\"@id\":\"https:\\\/\\\/www.deepspot.com\\\/cs\\\/pro-koho\\\/scuba-diving\\\/bezpecnost-dpv-freediver\\\/#primaryimage\",\"url\":\"https:\\\/\\\/eco3ygde435.exactdn.com\\\/wp-content\\\/uploads\\\/sites\\\/2\\\/2025\\\/06\\\/rerere.jpg?strip=all\",\"contentUrl\":\"https:\\\/\\\/eco3ygde435.exactdn.com\\\/wp-content\\\/uploads\\\/sites\\\/2\\\/2025\\\/06\\\/rerere.jpg?strip=all\",\"width\":1658,\"height\":1081},{\"@type\":\"BreadcrumbList\",\"@id\":\"https:\\\/\\\/www.deepspot.com\\\/cs\\\/pro-koho\\\/scuba-diving\\\/bezpecnost-dpv-freediver\\\/#breadcrumb\",\"itemListElement\":[{\"@type\":\"ListItem\",\"position\":1,\"name\":\"Strona g\u0142\u00f3wna\",\"item\":\"https:\\\/\\\/www.deepspot.com\\\/cs\\\/\"},{\"@type\":\"ListItem\",\"position\":2,\"name\":\"Pro koho\",\"item\":\"https:\\\/\\\/www.deepspot.com\\\/cs\\\/pro-koho\\\/\"},{\"@type\":\"ListItem\",\"position\":3,\"name\":\"Pot\u00e1p\u011bn\u00ed\",\"item\":\"https:\\\/\\\/www.deepspot.com\\\/cs\\\/pro-koho\\\/scuba-diving\\\/\"},{\"@type\":\"ListItem\",\"position\":4,\"name\":\"Kurz Stres a z\u00e1chrana\"}]},{\"@type\":\"WebSite\",\"@id\":\"https:\\\/\\\/www.deepspot.com\\\/pl\\\/#website\",\"url\":\"https:\\\/\\\/www.deepspot.com\\\/pl\\\/\",\"name\":\"Deepspot\",\"description\":\"Nov\u00e1 dimenze v pot\u00e1p\u011bn\u00ed\",\"potentialAction\":[{\"@type\":\"SearchAction\",\"target\":{\"@type\":\"EntryPoint\",\"urlTemplate\":\"https:\\\/\\\/www.deepspot.com\\\/pl\\\/?s={search_term_string}\"},\"query-input\":{\"@type\":\"PropertyValueSpecification\",\"valueRequired\":true,\"valueName\":\"search_term_string\"}}],\"inLanguage\":\"cs\"}]}<\/script>\n<!-- \/ Yoast SEO plugin. -->","yoast_head_json":{"title":"Kurz Stres a z\u00e1chrana | Deepspot","description":"Kurz Stres a z\u00e1chrana","robots":{"index":"index","follow":"follow","max-snippet":"max-snippet:-1","max-image-preview":"max-image-preview:large","max-video-preview":"max-video-preview:-1"},"canonical":"https:\/\/www.deepspot.com\/cs\/pro-koho\/scuba-diving\/bezpecnost-dpv-freediver\/","og_locale":"cs_CZ","og_type":"article","og_title":"Kurz Stres a z\u00e1chrana | Deepspot","og_description":"Kurz Stres a z\u00e1chrana","og_url":"https:\/\/www.deepspot.com\/cs\/pro-koho\/scuba-diving\/bezpecnost-dpv-freediver\/","og_site_name":"Deepspot","article_modified_time":"2025-10-15T13:36:12+00:00","og_image":[{"width":1658,"height":1081,"url":"https:\/\/eco3ygde435.exactdn.com\/wp-content\/uploads\/sites\/2\/2025\/06\/rerere.jpg?strip=all","type":"image\/jpeg"}],"twitter_card":"summary_large_image","schema":{"@context":"https:\/\/schema.org","@graph":[{"@type":"WebPage","@id":"https:\/\/www.deepspot.com\/cs\/pro-koho\/scuba-diving\/bezpecnost-dpv-freediver\/","url":"https:\/\/www.deepspot.com\/cs\/pro-koho\/scuba-diving\/bezpecnost-dpv-freediver\/","name":"Kurz Stres a z\u00e1chrana | Deepspot","isPartOf":{"@id":"https:\/\/www.deepspot.com\/pl\/#website"},"primaryImageOfPage":{"@id":"https:\/\/www.deepspot.com\/cs\/pro-koho\/scuba-diving\/bezpecnost-dpv-freediver\/#primaryimage"},"image":{"@id":"https:\/\/www.deepspot.com\/cs\/pro-koho\/scuba-diving\/bezpecnost-dpv-freediver\/#primaryimage"},"thumbnailUrl":"https:\/\/eco3ygde435.exactdn.com\/wp-content\/uploads\/sites\/2\/2025\/06\/rerere.jpg?strip=all","datePublished":"2025-05-05T09:55:34+00:00","dateModified":"2025-10-15T13:36:12+00:00","description":"Kurz Stres a z\u00e1chrana","breadcrumb":{"@id":"https:\/\/www.deepspot.com\/cs\/pro-koho\/scuba-diving\/bezpecnost-dpv-freediver\/#breadcrumb"},"inLanguage":"cs","potentialAction":[{"@type":"ReadAction","target":["https:\/\/www.deepspot.com\/cs\/pro-koho\/scuba-diving\/bezpecnost-dpv-freediver\/"]}]},{"@type":"ImageObject","inLanguage":"cs","@id":"https:\/\/www.deepspot.com\/cs\/pro-koho\/scuba-diving\/bezpecnost-dpv-freediver\/#primaryimage","url":"https:\/\/eco3ygde435.exactdn.com\/wp-content\/uploads\/sites\/2\/2025\/06\/rerere.jpg?strip=all","contentUrl":"https:\/\/eco3ygde435.exactdn.com\/wp-content\/uploads\/sites\/2\/2025\/06\/rerere.jpg?strip=all","width":1658,"height":1081},{"@type":"BreadcrumbList","@id":"https:\/\/www.deepspot.com\/cs\/pro-koho\/scuba-diving\/bezpecnost-dpv-freediver\/#breadcrumb","itemListElement":[{"@type":"ListItem","position":1,"name":"Strona g\u0142\u00f3wna","item":"https:\/\/www.deepspot.com\/cs\/"},{"@type":"ListItem","position":2,"name":"Pro koho","item":"https:\/\/www.deepspot.com\/cs\/pro-koho\/"},{"@type":"ListItem","position":3,"name":"Pot\u00e1p\u011bn\u00ed","item":"https:\/\/www.deepspot.com\/cs\/pro-koho\/scuba-diving\/"},{"@type":"ListItem","position":4,"name":"Kurz Stres a z\u00e1chrana"}]},{"@type":"WebSite","@id":"https:\/\/www.deepspot.com\/pl\/#website","url":"https:\/\/www.deepspot.com\/pl\/","name":"Deepspot","description":"Nov\u00e1 dimenze v pot\u00e1p\u011bn\u00ed","potentialAction":[{"@type":"SearchAction","target":{"@type":"EntryPoint","urlTemplate":"https:\/\/www.deepspot.com\/pl\/?s={search_term_string}"},"query-input":{"@type":"PropertyValueSpecification","valueRequired":true,"valueName":"search_term_string"}}],"inLanguage":"cs"}]}},"_links":{"self":[{"href":"https:\/\/www.deepspot.com\/cs\/wp-json\/wp\/v2\/pages\/51277","targetHints":{"allow":["GET"]}}],"collection":[{"href":"https:\/\/www.deepspot.com\/cs\/wp-json\/wp\/v2\/pages"}],"about":[{"href":"https:\/\/www.deepspot.com\/cs\/wp-json\/wp\/v2\/types\/page"}],"author":[{"embeddable":true,"href":"https:\/\/www.deepspot.com\/cs\/wp-json\/wp\/v2\/users\/18"}],"replies":[{"embeddable":true,"href":"https:\/\/www.deepspot.com\/cs\/wp-json\/wp\/v2\/comments?post=51277"}],"version-history":[{"count":16,"href":"https:\/\/www.deepspot.com\/cs\/wp-json\/wp\/v2\/pages\/51277\/revisions"}],"predecessor-version":[{"id":57495,"href":"https:\/\/www.deepspot.com\/cs\/wp-json\/wp\/v2\/pages\/51277\/revisions\/57495"}],"up":[{"embeddable":true,"href":"https:\/\/www.deepspot.com\/cs\/wp-json\/wp\/v2\/pages\/4655"}],"wp:featuredmedia":[{"embeddable":true,"href":"https:\/\/www.deepspot.com\/cs\/wp-json\/wp\/v2\/media\/53363"}],"wp:attachment":[{"href":"https:\/\/www.deepspot.com\/cs\/wp-json\/wp\/v2\/media?parent=51277"}],"curies":[{"name":"wp","href":"https:\/\/api.w.org\/{rel}","templated":true}]}}