{"id":54008,"date":"2025-06-23T12:45:11","date_gmt":"2025-06-23T10:45:11","guid":{"rendered":"https:\/\/www.deepspot.com\/?page_id=54008"},"modified":"2025-10-29T12:11:20","modified_gmt":"2025-10-29T11:11:20","slug":"kurz-indoor-diver","status":"publish","type":"page","link":"https:\/\/www.deepspot.com\/cs\/pro-koho\/scuba-diving\/kurz-indoor-diver\/","title":{"rendered":"Kurz po\u010d\u00edta\u010dov\u00e9ho pot\u00e1p\u011bn\u00ed"},"content":{"rendered":"\n<p><\/p>\n\n<p><\/p>\n<div id=\"hero-block_7313440fae72accacad7e10a8cf05178\" class=\"hero-block\">\r\n  <div class=\"row outer-container\">\r\n    <div>\r\n      <img decoding=\"async\" lazy src=\"data:image\/gif;base64,R0lGODlhAQABAAD\/ACwAAAAAAQABAAACADs%3D\" data-src=\"https:\/\/eco3ygde435.exactdn.com\/wp-content\/uploads\/sites\/2\/2025\/07\/dobr.jpg?strip=all\" alt=\"\">\r\n          <\/div>\r\n    <div>\r\n      <h2>Pot\u00e1p\u011b\u010dsk\u00fd po\u010d\u00edta\u010d &#8211; v\u00e1\u0161 nejlep\u0161\u00ed partner!<\/h2><p>M\u00e1te pot\u00e1p\u011b\u010dsk\u00fd po\u010d\u00edta\u010d, ale st\u00e1le nev\u00edte, co v\u00e1m vlastn\u011b ukazuje? Je \u010das to zm\u011bnit! Nau\u010dte se vyu\u017e\u00edvat jeho schopnosti na maximum a pot\u00e1p\u011bjte se bezpe\u010dn\u011bji, jist\u011bji a&#8230; s technologickou lehkost\u00ed. Tento kurz nen\u00ed such\u00e1 teorie &#8211; je to va\u0161e prvn\u00ed v\u00e1\u017en\u00e1 spolupr\u00e1ce s elektronikou pod vodou.   <\/p>    <\/div>\r\n  <\/div>\r\n<\/div><!-- block -->\r\n<div id=\"product-details-block_686b4bacdd98183b4d00dd1107bc4d2d\" class=\"product-details-block\">\r\n  <div class=\"row container\">\r\n    <div>\r\n      <h2 class=\"title\">Popis atrakc\u00ed<\/h2>      <p class=\"desc\">Chcete porozum\u011bt tomu, co v\u00e1m \u0159\u00edk\u00e1 v\u00e1\u0161 pot\u00e1p\u011b\u010dsk\u00fd po\u010d\u00edta\u010d?<br>Kurz <strong>pot\u00e1p\u011bn\u00ed s po\u010d\u00edta\u010dem<\/strong> je ide\u00e1ln\u00ed p\u0159\u00edle\u017eitost\u00ed, jak p\u0159estat klikat &#8220;na pocit&#8221; a za\u010d\u00edt se pot\u00e1p\u011bt v\u011bdom\u011b. Pod veden\u00edm zku\u0161en\u00e9ho instruktora se nau\u010d\u00edte pou\u017e\u00edvat v\u0161echny funkce sv\u00e9ho pot\u00e1p\u011b\u010dsk\u00e9ho po\u010d\u00edta\u010de &#8211; od nastaven\u00ed plynu a\u017e po anal\u00fdzu pot\u00e1p\u011b\u010dsk\u00e9ho den\u00edku.  \u017d\u00e1dn\u00fd stres, \u017e\u00e1dn\u00e9 dohady &#8211; po tomto kurzu se po\u010d\u00edta\u010d stane va\u0161\u00edm partnerem p\u0159i pot\u00e1p\u011bn\u00ed, a ne jen barevn\u00fdm gadgetem na va\u0161em z\u00e1p\u011bst\u00ed.<br><br>\r\nPono\u0159te se do nab\u00eddky, pokud:<br>\ud83e\udee7 Chcete se pot\u00e1p\u011bt bezpe\u010dn\u011bji a jist\u011bji a zakl\u00e1dat sv\u00e1 rozhodnut\u00ed na znalostech a anal\u00fdze. V\u011bdom\u011b pl\u00e1novat sv\u00e9 ponory a rozum\u011bt \u00fadaj\u016fm z pot\u00e1p\u011b\u010dsk\u00e9ho po\u010d\u00edta\u010de<br>\ud83e\udee7 U\u017e v\u00e1s nebav\u00ed &#8220;h\u00e1dat&#8221;, co znamenaj\u00ed v\u00fdstrahy, posledn\u00ed stopy a bal\u00ed\u010dky<br>\ud83e\udee7 M\u00e1te minim\u00e1ln\u011b certifikaci Indoor Diver\/OWD s absolvovanou specializac\u00ed Enriched Air Nitrox (EAN) 40 a chcete roz\u0161\u00ed\u0159it sv\u00e9 dovednosti.  <br><br>\r\n<b>Co nab\u00edz\u00edme<\/b><br>\ud83e\udee7 N\u011bkolikahodinov\u00e9 \u0161kolen\u00ed kombinuj\u00edc\u00ed teorii, ponory a diskusi o praktick\u00fdch sc\u00e9n\u00e1\u0159\u00edch s rozborem nastaven\u00ed a parametr\u016f<br>\ud83e\udee7 Spole\u010dn\u00fd rozbor dat po ponoru &#8211; co uk\u00e1zal po\u010d\u00edta\u010d a jak ho vyu\u017e\u00edt v budoucnu, rozbor nastaven\u00ed a parametr\u016f ponoru<br>\ud83e\udee7 \u0160kol\u00edc\u00ed materi\u00e1ly poskytovan\u00e9 na webov\u00fdch str\u00e1nk\u00e1ch organizace SSI. Seznamte se s nimi p\u0159ed zah\u00e1jen\u00edm kurzu<br>\ud83e\udee7 V\u0161e pot\u0159ebn\u00e9 je zahrnuto v cen\u011b. Ve\u0161ker\u00e9 pot\u0159ebn\u00e9 vybaven\u00ed poskytujeme my<br>\ud83e\udee7 Intimn\u00ed skupiny nebo individu\u00e1ln\u00ed lekce. Tempo je v\u017edy p\u0159izp\u016fsobeno v\u00e1m   <br><br>\r\nKurzy prob\u00edhaj\u00ed v mal\u00fdch skupin\u00e1ch &#8211; maxim\u00e1ln\u011b 8 osob na jednoho instruktora &#8211; tak\u017ee si m\u016f\u017eete b\u00fdt jisti, \u017ee ka\u017ed\u00fd n\u00e1dech bude klidn\u00fd a ka\u017ed\u00e1 ot\u00e1zka bude zodpov\u011bzena.\r\n<br><br>\r\nStoj\u00ed to za to, proto\u017ee:<br>\ud83e\udee7 Tr\u00e9nujete v nejhlub\u0161\u00edm baz\u00e9nu v Evrop\u011b &#8211; a\u017e 45 metr\u016f hluboko<br>\ud83e\udee7 Pot\u00e1p\u00edte se v exotick\u00fdch podm\u00ednk\u00e1ch &#8211; v pr\u016fzra\u010dn\u00e9 vod\u011b o teplot\u011b 32 \u00b0C<br>\ud83e\udee7 Pou\u017e\u00edv\u00e1te modern\u00ed, pravideln\u011b servisovan\u00e9 vybaven\u00ed<br>\ud83e\udee7 M\u00e1te podporu zku\u0161en\u00fdch mezin\u00e1rodn\u00edch instruktor\u016f<br>\ud83e\udee7 Je to ide\u00e1ln\u00ed m\u00edsto pro budov\u00e1n\u00ed sebed\u016fv\u011bry a dobr\u00e9 techniky.<br><br>\r\n<strong>Po absolvov\u00e1n\u00ed kurzu z\u00edsk\u00e1te certifik\u00e1t po\u010d\u00edta\u010dov\u00e9ho pot\u00e1p\u011bn\u00ed<\/strong> v organizaci SSI a jednu ze \u010dty\u0159 specializac\u00ed pot\u0159ebn\u00fdch pro z\u00edsk\u00e1n\u00ed titulu <strong>SSI Advanced Open Water Diver<\/strong>.\r\n<br><br><br>\r\nCo stoj\u00ed za to v\u011bd\u011bt?<\/p>      <ul>            <li>\r\n              <p>trv\u00e1n\u00ed  <\/p>\r\n              <strong>1 den (cca 5,5 h v\u010detn\u011b jedn\u00e9 lekce v baz\u00e9nu)<\/strong>\r\n            <\/li>\r\n                      <li>\r\n              <p>Minim\u00e1ln\u00ed v\u011bk \u00fa\u010dastn\u00edka<\/p>\r\n              <strong>15 let<\/strong>\r\n            <\/li>\r\n                      <li>\r\n              <p>Pono\u0159\u00edte se do hloubky<\/p>\r\n              <strong>specifikov\u00e1no certifikac\u00ed, maxim\u00e1ln\u011b 30M<\/strong>\r\n            <\/li>\r\n                      <li>\r\n              <p>Jako d\u00e1rek<\/p>\r\n              <strong>specifikov\u00e1no certifikac\u00ed, maxim\u00e1ln\u011b 30M<\/strong>\r\n            <\/li>\r\n                      <li>\r\n              <p>Poskytujeme<\/p>\r\n              <strong>Ve\u0161ker\u00e9 pot\u00e1p\u011b\u010dsk\u00e9 vybaven\u00ed. S sebou si vezm\u011bte pouze plavky, ru\u010dn\u00edk a \u017eabky. <\/strong>\r\n            <\/li>\r\n                      <li>\r\n              <p>Nezapome\u0148te<\/p>\r\n              <strong>Bavte se a my do v\u00e1s vlijeme ve\u0161kerou energii.<\/strong>\r\n            <\/li>\r\n                      <li>\r\n              <p>Cena:<\/p>\r\n              <strong>699 PLN<\/strong>\r\n            <\/li>\r\n          <\/ul>      <div class=\"button-list-wrap\"><div class=\"button-list button-type-both\"><div><a class=\"alternate_ybb\" href=\"https:\/\/cs.deepspot.com\/offer?steps=deepspot_diving-courses_wait-for-diving-course-list_54\" target=\"_self\"><img decoding=\"async\" lazy src=\"data:image\/gif;base64,R0lGODlhAQABAAD\/ACwAAAAAAQABAAACADs%3D\" data-src=\"https:\/\/eco3ygde435.exactdn.com\/wp-content\/uploads\/sites\/2\/2020\/08\/calendar-grid-58.png?strip=all\" alt=\"\"><strong>Zarezerwuj<\/strong><\/a><\/div><div><a class=\"alternate_ybb\" href=\"https:\/\/sklep.deepspot.com\/vouchery\/kurs-computer-diving\" target=\"_self\"><img decoding=\"async\" lazy src=\"data:image\/gif;base64,R0lGODlhAQABAAD\/ACwAAAAAAQABAAACADs%3D\" data-src=\"https:\/\/eco3ygde435.exactdn.com\/wp-content\/uploads\/sites\/2\/2020\/08\/paper-diploma.png?strip=all\" alt=\"\"><strong>Zam\u00f3w voucher<\/strong><\/a><\/div><\/div><\/div>    <\/div>\r\n  <\/div>\r\n<\/div><!-- block -->\r\n<p><strong>ZDRAV\u00cd<\/strong><br data-rich-text-line-break=\"true\">Pot\u00e1p\u011bn\u00ed je rekrea\u010dn\u00ed sport dostupn\u00fd t\u00e9m\u011b\u0159 pro ka\u017ed\u00e9ho. Pokud je v\u00e1\u0161 zdravotn\u00ed stav dobr\u00fd, s nejv\u011bt\u0161\u00ed pravd\u011bpodobnost\u00ed povolen\u00ed od l\u00e9ka\u0159e nepot\u0159ebujete, nicm\u00e9n\u011b v n\u011bkter\u00fdch zvl\u00e1\u0161tn\u00edch p\u0159\u00edpadech m\u016f\u017ee b\u00fdt nezbytn\u00e9. Pokud se chcete ujistit, m\u016f\u017eete se pod\u00edvat na standard.<br data-rich-text-line-break=\"true\"><a href=\"https:\/\/eco3ygde435.exactdn.com\/wp-content\/uploads\/sites\/2\/2023\/10\/TR-MEDICAL-DIVER_Polish.pdf\" target=\"_blank\" rel=\"noreferrer noopener\">l\u00e9ka\u0159sk\u00fd formul\u00e1\u0159<\/a>.<\/p>\n<div id=\"step-guide-icons-block_715ab337d4cf9153f99edd9a5931d9b2\" class=\"step-guide-icons-block\">\r\n  <div class=\"row container\">\r\n    <div>\r\n      <div class=\"title\">Denn\u00ed rozvrh<\/div>      <ul>            <li data-count=\"01\">\r\n              <div class=\"icon-wrap\"><img decoding=\"async\" lazy src=\"data:image\/gif;base64,R0lGODlhAQABAAD\/ACwAAAAAAQABAAACADs%3D\" data-src=\"\" alt=\"\"><\/div>\r\n              <p>Bavte se a my do v\u00e1s vlijeme ve\u0161kerou energii.<br \/>\r\n<\/p>\r\n                          <\/li>\r\n                      <li data-count=\"02\">\r\n              <div class=\"icon-wrap\"><img decoding=\"async\" lazy src=\"data:image\/gif;base64,R0lGODlhAQABAAD\/ACwAAAAAAQABAAACADs%3D\" data-src=\"\" alt=\"\"><\/div>\r\n              <p>Rezervujte si sch\u016fzku &#8211; online, rychle a pohodln\u011b<br \/>\r\n<\/p>\r\n                          <\/li>\r\n                      <li data-count=\"03\">\r\n              <div class=\"icon-wrap\"><img decoding=\"async\" lazy src=\"data:image\/gif;base64,R0lGODlhAQABAAD\/ACwAAAAAAQABAAACADs%3D\" data-src=\"\" alt=\"\"><\/div>\r\n              <p>Vypl\u0148te \u00fadaje \u00fa\u010dastn\u00edk\u016f &#8211; prost\u0159ednictv\u00edm sv\u00e9ho \u00fa\u010dtu, trv\u00e1 to jen chvilku.<br \/>\r\n<br \/>\r\n<\/p>\r\n                          <\/li>\r\n                      <li data-count=\"04\">\r\n              <div class=\"icon-wrap\"><img decoding=\"async\" lazy src=\"data:image\/gif;base64,R0lGODlhAQABAAD\/ACwAAAAAAQABAAACADs%3D\" data-src=\"\" alt=\"\"><\/div>\r\n              <p>P\u0159ij\u010fte o 30 minut d\u0159\u00edve &#8211; m\u016f\u017eete se v klidu p\u0159ipravit<br \/>\r\n<\/p>\r\n                          <\/li>\r\n                      <li data-count=\"05\">\r\n              <div class=\"icon-wrap\"><img decoding=\"async\" lazy src=\"data:image\/gif;base64,R0lGODlhAQABAAD\/ACwAAAAAAQABAAACADs%3D\" data-src=\"\" alt=\"\"><\/div>\r\n              <p>Pono\u0159te se &#8211; bavte se<br \/>\r\n<br \/>\r\n<\/p>\r\n                          <\/li>\r\n                      <li data-count=\"06\">\r\n              <div class=\"icon-wrap\"><img decoding=\"async\" lazy src=\"data:image\/gif;base64,R0lGODlhAQABAAD\/ACwAAAAAAQABAAACADs%3D\" data-src=\"\" alt=\"\"><\/div>\r\n              <p>Chy\u0165te brouka a vra\u0165te se pro dal\u0161\u00ed &#8211; pot\u00e1p\u011bn\u00ed je n\u00e1vykov\u00e9!<br \/>\r\n<\/p>\r\n                          <\/li>\r\n          <\/ul>    <\/div>\r\n  <\/div>\r\n<\/div><!-- block -->\r\n<div id=\"download-block_78d5aae954040501147b812fa2716af9\" class=\"download-block\">\r\n  <div class=\"row container\">\r\n    <div>\r\n      <h2 class=\"title\">Dokumenty<\/h2>      <ul>            <li>\r\n              <a href=\"https:\/\/www.deepspot.com\/wp-content\/uploads\/sites\/2\/2022\/09\/Limityglebokosci_DoPodpisywania_PL.pdf\" download>\r\n                <div>\r\n                  <img decoding=\"async\" lazy src=\"data:image\/gif;base64,R0lGODlhAQABAAD\/ACwAAAAAAQABAAACADs%3D\" data-src=\"https:\/\/www.deepspot.com\/wp-content\/themes\/deepspotflyspotWPML\/images\/dots-download.svg\">\r\n                  <p>PRAVIDLA A DOPORU\u010cEN\u00cd T\u00ddKAJ\u00cdC\u00cd SE HLOUBKOV\u00ddCH LIMIT\u016e PRO POT\u00c1P\u011aN\u00cd.  <\/p>\r\n                <\/div>\r\n              <\/a>\r\n            <\/li>\r\n                      <li>\r\n              <a href=\"https:\/\/www.deepspot.com\/wp-content\/uploads\/sites\/2\/2023\/08\/FomularzMedyczny2023_PL_do_wgladu.pdf\" download>\r\n                <div>\r\n                  <img decoding=\"async\" lazy src=\"data:image\/gif;base64,R0lGODlhAQABAAD\/ACwAAAAAAQABAAACADs%3D\" data-src=\"https:\/\/www.deepspot.com\/wp-content\/themes\/deepspotflyspotWPML\/images\/dots-download.svg\">\r\n                  <p>L\u00e9ka\u0159sk\u00fd formul\u00e1\u0159<\/p>\r\n                <\/div>\r\n              <\/a>\r\n            <\/li>\r\n          <\/ul>    <\/div>\r\n  <\/div>\r\n<\/div><!-- block -->\r\n","protected":false},"excerpt":{"rendered":"<p>ZDRAV\u00cdPot\u00e1p\u011bn\u00ed je rekrea\u010dn\u00ed sport dostupn\u00fd t\u00e9m\u011b\u0159 pro ka\u017ed\u00e9ho. Pokud je v\u00e1\u0161 zdravotn\u00ed stav dobr\u00fd, s nejv\u011bt\u0161\u00ed pravd\u011bpodobnost\u00ed povolen\u00ed od l\u00e9ka\u0159e nepot\u0159ebujete, nicm\u00e9n\u011b v n\u011bkter\u00fdch zvl\u00e1\u0161tn\u00edch p\u0159\u00edpadech m\u016f\u017ee b\u00fdt nezbytn\u00e9. Pokud se chcete ujistit, m\u016f\u017eete se pod\u00edvat na standard.l\u00e9ka\u0159sk\u00fd formul\u00e1\u0159.<\/p>\n","protected":false},"author":18,"featured_media":55021,"parent":4655,"menu_order":3,"comment_status":"closed","ping_status":"closed","template":"","meta":{"_acf_changed":false,"footnotes":""},"class_list":["post-54008","page","type-page","status-publish","has-post-thumbnail","hentry"],"acf":[],"yoast_head":"<!-- This site is optimized with the Yoast SEO plugin v27.3 - https:\/\/yoast.com\/product\/yoast-seo-wordpress\/ -->\n<title>Kurz po\u010d\u00edta\u010dov\u00e9ho pot\u00e1p\u011bn\u00ed | Deepspot<\/title>\n<meta name=\"description\" content=\"Kurz po\u010d\u00edta\u010dov\u00e9ho pot\u00e1p\u011bn\u00ed\" \/>\n<meta name=\"robots\" content=\"index, follow, max-snippet:-1, max-image-preview:large, max-video-preview:-1\" \/>\n<link rel=\"canonical\" href=\"https:\/\/www.deepspot.com\/cs\/pro-koho\/scuba-diving\/kurz-indoor-diver\/\" \/>\n<meta property=\"og:locale\" content=\"cs_CZ\" \/>\n<meta property=\"og:type\" content=\"article\" \/>\n<meta property=\"og:title\" content=\"Kurz po\u010d\u00edta\u010dov\u00e9ho pot\u00e1p\u011bn\u00ed | Deepspot\" \/>\n<meta property=\"og:description\" content=\"Kurz po\u010d\u00edta\u010dov\u00e9ho pot\u00e1p\u011bn\u00ed\" \/>\n<meta property=\"og:url\" content=\"https:\/\/www.deepspot.com\/cs\/pro-koho\/scuba-diving\/kurz-indoor-diver\/\" \/>\n<meta property=\"og:site_name\" content=\"Deepspot\" \/>\n<meta property=\"article:modified_time\" content=\"2025-10-29T11:11:20+00:00\" \/>\n<meta property=\"og:image\" content=\"https:\/\/eco3ygde435.exactdn.com\/wp-content\/uploads\/sites\/2\/2025\/07\/copm.jpg?strip=all\" \/>\n\t<meta property=\"og:image:width\" content=\"1674\" \/>\n\t<meta property=\"og:image:height\" content=\"966\" \/>\n\t<meta property=\"og:image:type\" content=\"image\/jpeg\" \/>\n<meta name=\"twitter:card\" content=\"summary_large_image\" \/>\n<script type=\"application\/ld+json\" class=\"yoast-schema-graph\">{\"@context\":\"https:\\\/\\\/schema.org\",\"@graph\":[{\"@type\":\"WebPage\",\"@id\":\"https:\\\/\\\/www.deepspot.com\\\/cs\\\/pro-koho\\\/scuba-diving\\\/kurz-indoor-diver\\\/\",\"url\":\"https:\\\/\\\/www.deepspot.com\\\/cs\\\/pro-koho\\\/scuba-diving\\\/kurz-indoor-diver\\\/\",\"name\":\"Kurz po\u010d\u00edta\u010dov\u00e9ho pot\u00e1p\u011bn\u00ed | Deepspot\",\"isPartOf\":{\"@id\":\"https:\\\/\\\/www.deepspot.com\\\/pl\\\/#website\"},\"primaryImageOfPage\":{\"@id\":\"https:\\\/\\\/www.deepspot.com\\\/cs\\\/pro-koho\\\/scuba-diving\\\/kurz-indoor-diver\\\/#primaryimage\"},\"image\":{\"@id\":\"https:\\\/\\\/www.deepspot.com\\\/cs\\\/pro-koho\\\/scuba-diving\\\/kurz-indoor-diver\\\/#primaryimage\"},\"thumbnailUrl\":\"https:\\\/\\\/eco3ygde435.exactdn.com\\\/wp-content\\\/uploads\\\/sites\\\/2\\\/2025\\\/07\\\/copm.jpg?strip=all\",\"datePublished\":\"2025-06-23T10:45:11+00:00\",\"dateModified\":\"2025-10-29T11:11:20+00:00\",\"description\":\"Kurz po\u010d\u00edta\u010dov\u00e9ho pot\u00e1p\u011bn\u00ed\",\"breadcrumb\":{\"@id\":\"https:\\\/\\\/www.deepspot.com\\\/cs\\\/pro-koho\\\/scuba-diving\\\/kurz-indoor-diver\\\/#breadcrumb\"},\"inLanguage\":\"cs\",\"potentialAction\":[{\"@type\":\"ReadAction\",\"target\":[\"https:\\\/\\\/www.deepspot.com\\\/cs\\\/pro-koho\\\/scuba-diving\\\/kurz-indoor-diver\\\/\"]}]},{\"@type\":\"ImageObject\",\"inLanguage\":\"cs\",\"@id\":\"https:\\\/\\\/www.deepspot.com\\\/cs\\\/pro-koho\\\/scuba-diving\\\/kurz-indoor-diver\\\/#primaryimage\",\"url\":\"https:\\\/\\\/eco3ygde435.exactdn.com\\\/wp-content\\\/uploads\\\/sites\\\/2\\\/2025\\\/07\\\/copm.jpg?strip=all\",\"contentUrl\":\"https:\\\/\\\/eco3ygde435.exactdn.com\\\/wp-content\\\/uploads\\\/sites\\\/2\\\/2025\\\/07\\\/copm.jpg?strip=all\",\"width\":1674,\"height\":966},{\"@type\":\"BreadcrumbList\",\"@id\":\"https:\\\/\\\/www.deepspot.com\\\/cs\\\/pro-koho\\\/scuba-diving\\\/kurz-indoor-diver\\\/#breadcrumb\",\"itemListElement\":[{\"@type\":\"ListItem\",\"position\":1,\"name\":\"Strona g\u0142\u00f3wna\",\"item\":\"https:\\\/\\\/www.deepspot.com\\\/cs\\\/\"},{\"@type\":\"ListItem\",\"position\":2,\"name\":\"Pro koho\",\"item\":\"https:\\\/\\\/www.deepspot.com\\\/cs\\\/pro-koho\\\/\"},{\"@type\":\"ListItem\",\"position\":3,\"name\":\"Pot\u00e1p\u011bn\u00ed\",\"item\":\"https:\\\/\\\/www.deepspot.com\\\/cs\\\/pro-koho\\\/scuba-diving\\\/\"},{\"@type\":\"ListItem\",\"position\":4,\"name\":\"Kurz po\u010d\u00edta\u010dov\u00e9ho pot\u00e1p\u011bn\u00ed\"}]},{\"@type\":\"WebSite\",\"@id\":\"https:\\\/\\\/www.deepspot.com\\\/pl\\\/#website\",\"url\":\"https:\\\/\\\/www.deepspot.com\\\/pl\\\/\",\"name\":\"Deepspot\",\"description\":\"Nov\u00e1 dimenze v pot\u00e1p\u011bn\u00ed\",\"potentialAction\":[{\"@type\":\"SearchAction\",\"target\":{\"@type\":\"EntryPoint\",\"urlTemplate\":\"https:\\\/\\\/www.deepspot.com\\\/pl\\\/?s={search_term_string}\"},\"query-input\":{\"@type\":\"PropertyValueSpecification\",\"valueRequired\":true,\"valueName\":\"search_term_string\"}}],\"inLanguage\":\"cs\"}]}<\/script>\n<!-- \/ Yoast SEO plugin. -->","yoast_head_json":{"title":"Kurz po\u010d\u00edta\u010dov\u00e9ho pot\u00e1p\u011bn\u00ed | Deepspot","description":"Kurz po\u010d\u00edta\u010dov\u00e9ho pot\u00e1p\u011bn\u00ed","robots":{"index":"index","follow":"follow","max-snippet":"max-snippet:-1","max-image-preview":"max-image-preview:large","max-video-preview":"max-video-preview:-1"},"canonical":"https:\/\/www.deepspot.com\/cs\/pro-koho\/scuba-diving\/kurz-indoor-diver\/","og_locale":"cs_CZ","og_type":"article","og_title":"Kurz po\u010d\u00edta\u010dov\u00e9ho pot\u00e1p\u011bn\u00ed | Deepspot","og_description":"Kurz po\u010d\u00edta\u010dov\u00e9ho pot\u00e1p\u011bn\u00ed","og_url":"https:\/\/www.deepspot.com\/cs\/pro-koho\/scuba-diving\/kurz-indoor-diver\/","og_site_name":"Deepspot","article_modified_time":"2025-10-29T11:11:20+00:00","og_image":[{"width":1674,"height":966,"url":"https:\/\/eco3ygde435.exactdn.com\/wp-content\/uploads\/sites\/2\/2025\/07\/copm.jpg?strip=all","type":"image\/jpeg"}],"twitter_card":"summary_large_image","schema":{"@context":"https:\/\/schema.org","@graph":[{"@type":"WebPage","@id":"https:\/\/www.deepspot.com\/cs\/pro-koho\/scuba-diving\/kurz-indoor-diver\/","url":"https:\/\/www.deepspot.com\/cs\/pro-koho\/scuba-diving\/kurz-indoor-diver\/","name":"Kurz po\u010d\u00edta\u010dov\u00e9ho pot\u00e1p\u011bn\u00ed | Deepspot","isPartOf":{"@id":"https:\/\/www.deepspot.com\/pl\/#website"},"primaryImageOfPage":{"@id":"https:\/\/www.deepspot.com\/cs\/pro-koho\/scuba-diving\/kurz-indoor-diver\/#primaryimage"},"image":{"@id":"https:\/\/www.deepspot.com\/cs\/pro-koho\/scuba-diving\/kurz-indoor-diver\/#primaryimage"},"thumbnailUrl":"https:\/\/eco3ygde435.exactdn.com\/wp-content\/uploads\/sites\/2\/2025\/07\/copm.jpg?strip=all","datePublished":"2025-06-23T10:45:11+00:00","dateModified":"2025-10-29T11:11:20+00:00","description":"Kurz po\u010d\u00edta\u010dov\u00e9ho pot\u00e1p\u011bn\u00ed","breadcrumb":{"@id":"https:\/\/www.deepspot.com\/cs\/pro-koho\/scuba-diving\/kurz-indoor-diver\/#breadcrumb"},"inLanguage":"cs","potentialAction":[{"@type":"ReadAction","target":["https:\/\/www.deepspot.com\/cs\/pro-koho\/scuba-diving\/kurz-indoor-diver\/"]}]},{"@type":"ImageObject","inLanguage":"cs","@id":"https:\/\/www.deepspot.com\/cs\/pro-koho\/scuba-diving\/kurz-indoor-diver\/#primaryimage","url":"https:\/\/eco3ygde435.exactdn.com\/wp-content\/uploads\/sites\/2\/2025\/07\/copm.jpg?strip=all","contentUrl":"https:\/\/eco3ygde435.exactdn.com\/wp-content\/uploads\/sites\/2\/2025\/07\/copm.jpg?strip=all","width":1674,"height":966},{"@type":"BreadcrumbList","@id":"https:\/\/www.deepspot.com\/cs\/pro-koho\/scuba-diving\/kurz-indoor-diver\/#breadcrumb","itemListElement":[{"@type":"ListItem","position":1,"name":"Strona g\u0142\u00f3wna","item":"https:\/\/www.deepspot.com\/cs\/"},{"@type":"ListItem","position":2,"name":"Pro koho","item":"https:\/\/www.deepspot.com\/cs\/pro-koho\/"},{"@type":"ListItem","position":3,"name":"Pot\u00e1p\u011bn\u00ed","item":"https:\/\/www.deepspot.com\/cs\/pro-koho\/scuba-diving\/"},{"@type":"ListItem","position":4,"name":"Kurz po\u010d\u00edta\u010dov\u00e9ho pot\u00e1p\u011bn\u00ed"}]},{"@type":"WebSite","@id":"https:\/\/www.deepspot.com\/pl\/#website","url":"https:\/\/www.deepspot.com\/pl\/","name":"Deepspot","description":"Nov\u00e1 dimenze v pot\u00e1p\u011bn\u00ed","potentialAction":[{"@type":"SearchAction","target":{"@type":"EntryPoint","urlTemplate":"https:\/\/www.deepspot.com\/pl\/?s={search_term_string}"},"query-input":{"@type":"PropertyValueSpecification","valueRequired":true,"valueName":"search_term_string"}}],"inLanguage":"cs"}]}},"_links":{"self":[{"href":"https:\/\/www.deepspot.com\/cs\/wp-json\/wp\/v2\/pages\/54008","targetHints":{"allow":["GET"]}}],"collection":[{"href":"https:\/\/www.deepspot.com\/cs\/wp-json\/wp\/v2\/pages"}],"about":[{"href":"https:\/\/www.deepspot.com\/cs\/wp-json\/wp\/v2\/types\/page"}],"author":[{"embeddable":true,"href":"https:\/\/www.deepspot.com\/cs\/wp-json\/wp\/v2\/users\/18"}],"replies":[{"embeddable":true,"href":"https:\/\/www.deepspot.com\/cs\/wp-json\/wp\/v2\/comments?post=54008"}],"version-history":[{"count":25,"href":"https:\/\/www.deepspot.com\/cs\/wp-json\/wp\/v2\/pages\/54008\/revisions"}],"predecessor-version":[{"id":57785,"href":"https:\/\/www.deepspot.com\/cs\/wp-json\/wp\/v2\/pages\/54008\/revisions\/57785"}],"up":[{"embeddable":true,"href":"https:\/\/www.deepspot.com\/cs\/wp-json\/wp\/v2\/pages\/4655"}],"wp:featuredmedia":[{"embeddable":true,"href":"https:\/\/www.deepspot.com\/cs\/wp-json\/wp\/v2\/media\/55021"}],"wp:attachment":[{"href":"https:\/\/www.deepspot.com\/cs\/wp-json\/wp\/v2\/media?parent=54008"}],"curies":[{"name":"wp","href":"https:\/\/api.w.org\/{rel}","templated":true}]}}