{"id":56318,"date":"2025-09-16T15:53:38","date_gmt":"2025-09-16T13:53:38","guid":{"rendered":"https:\/\/www.deepspot.com\/?page_id=56318"},"modified":"2025-09-16T15:54:28","modified_gmt":"2025-09-16T13:54:28","slug":"morska-panna-ocean-2","status":"publish","type":"page","link":"https:\/\/www.deepspot.com\/cs\/pro-koho\/freediving\/morska-panna-ocean-2\/","title":{"rendered":"Upgrade mo\u0159sk\u00e9 panny"},"content":{"rendered":"<div id=\"hero-block_7ae9457cc25cacf403adba98a25b0ecf\" class=\"hero-block\">\r\n  <div class=\"row outer-container\">\r\n    <div>\r\n      <img decoding=\"async\" lazy src=\"data:image\/gif;base64,R0lGODlhAQABAAD\/ACwAAAAAAQABAAACADs%3D\" data-src=\"https:\/\/eco3ygde435.exactdn.com\/wp-content\/uploads\/sites\/2\/2021\/10\/try-mermaid_11-05-Duzy-e1633609484907.jpg?strip=all\" alt=\"\">\r\n          <\/div>\r\n    <div>\r\n      <h2>  Mo\u0159sk\u00e1 panna Ocean<\/h2><p>Zaj\u00edm\u00e1 v\u00e1s, jestli je sv\u011bt mo\u0159sk\u00fdch panen n\u011bco pro v\u00e1s? Z\u00fa\u010dastn\u011bte se kurzu &#8220;Vyzkou\u0161ejte mo\u0159sk\u00e9 panny&#8221; a zjist\u011bte to sami! Pod veden\u00edm instruktora se sezn\u00e1m\u00edte s vybaven\u00edm pou\u017e\u00edvan\u00fdm p\u0159i plav\u00e1n\u00ed s ocasem mo\u0159sk\u00e9 panny, nau\u010d\u00edte se z\u00e1klady pr\u00e1ce s dechem a zvl\u00e1dnete pohyby pot\u0159ebn\u00e9 k pohybu. Ide\u00e1ln\u00ed volba pro spole\u010dn\u00e9 dobrodru\u017estv\u00ed s kamar\u00e1dkou nebo speci\u00e1ln\u00ed narozeninovou oslavu mo\u0159sk\u00e9 panny!   <\/p>    <\/div>\r\n  <\/div>\r\n<\/div><!-- block -->\r\n<div id=\"product-details-block_2f9c20744d996f0f1988b3115a2eec6b\" class=\"product-details-block\">\r\n  <div class=\"row container\">\r\n    <div>\r\n      <h2 class=\"title\">Podrobnosti o produktu<\/h2>      <p class=\"desc\">Zaj\u00edm\u00e1 v\u00e1s, jestli je sv\u011bt mo\u0159sk\u00fdch panen n\u011bco pro v\u00e1s? Z\u00fa\u010dastn\u011bte se kurzu &#8220;Vyzkou\u0161ejte mo\u0159sk\u00e9 panny&#8221; a zjist\u011bte to sami! Pod veden\u00edm instruktora se sezn\u00e1m\u00edte s vybaven\u00edm pou\u017e\u00edvan\u00fdm p\u0159i plav\u00e1n\u00ed s ocasem mo\u0159sk\u00e9 panny, nau\u010d\u00edte se z\u00e1klady pr\u00e1ce s dechem a zvl\u00e1dnete pohyby pot\u0159ebn\u00e9 k pohybu. Ide\u00e1ln\u00ed volba pro spole\u010dn\u00e9 dobrodru\u017estv\u00ed s kamar\u00e1dkou nebo speci\u00e1ln\u00ed narozeninovou oslavu mo\u0159sk\u00e9 panny!   <\/p>      <ul>            <li>\r\n              <p>Cena v pln<\/p>\r\n              <strong>449,00 PLN<\/strong>\r\n            <\/li>\r\n                      <li>\r\n              <p>maxim\u00e1ln\u00ed hloubka v metrech<\/p>\r\n              <strong>5<\/strong>\r\n            <\/li>\r\n                      <li>\r\n              <p>\u041c\u0456\u043d\u0456\u043c\u0430\u043b\u044c\u043d\u0438\u0439 \u0432\u0456\u043a &#8211; \u0440\u043e\u043a\u0438:<\/p>\r\n              <strong>8<\/strong>\r\n            <\/li>\r\n                      <li>\r\n              <p>Vezm\u011bte si s sebou:<\/p>\r\n              <strong>\u017eabky, plavky, ru\u010dn\u00edk, nepovinn\u00e9: sp\u011bchaj\u00edc\u00ed vesta \/ lycrov\u00e9 tri\u010dko<\/strong>\r\n            <\/li>\r\n                      <li>\r\n              <p>D\u00e9lka v\u00fduky<\/p>\r\n              <strong>cca 30min teorie a cca 60min vodn\u00edch aktivit<\/strong>\r\n            <\/li>\r\n                      <li>\r\n              <p>Maxim\u00e1ln\u00ed po\u010det \u00fa\u010dastn\u00edk\u016f na 1 instruktora<\/p>\r\n              <strong>2:1<\/strong>\r\n            <\/li>\r\n          <\/ul>      <div class=\"button-list-wrap\"><div class=\"button-list button-type-both\"><div><a class=\"alternate_ybb\" href=\"https:\/\/cs.deepspot.com\/offer?steps=deepspot_diving-courses_wait-for-diving-course-list_19&#038;language=1\" target=\"_self\"><img decoding=\"async\" lazy src=\"data:image\/gif;base64,R0lGODlhAQABAAD\/ACwAAAAAAQABAAACADs%3D\" data-src=\"https:\/\/eco3ygde435.exactdn.com\/wp-content\/uploads\/sites\/2\/2020\/08\/calendar-grid-58.png?strip=all\" alt=\"\"><strong>Zarezerwuj<\/strong><\/a><\/div><div><a class=\"alternate_ybb\" href=\"https:\/\/www.deepspot.com\/pl\/frequently-asked-questions\/?tab=6\" target=\"_self\"><img decoding=\"async\" lazy src=\"data:image\/gif;base64,R0lGODlhAQABAAD\/ACwAAAAAAQABAAACADs%3D\" data-src=\"https:\/\/eco3ygde435.exactdn.com\/wp-content\/uploads\/sites\/2\/2020\/08\/presentation.png?strip=all\" alt=\"\"><strong>Najcz\u0119\u015bciej zadawane pytania<\/strong><\/a><\/div><\/div><\/div>    <\/div>\r\n  <\/div>\r\n<\/div><!-- block -->\r\n\n<figure class=\"wp-block-embed is-type-video is-provider-youtube wp-block-embed-youtube wp-embed-aspect-16-9 wp-has-aspect-ratio\" style=\"display:flex; justify-content:center; margin:0 auto;\">\n  <div class=\"wp-block-embed__wrapper\" style=\"max-width:100%;\">\n \n<iframe loading=\"lazy\" title=\"Nurkowanie w Deepspot\" width=\"640\" height=\"360\" src=\"https:\/\/www.youtube.com\/embed\/tMjSm4SdeWc?feature=oembed\" frameborder=\"0\" allow=\"accelerometer; autoplay; clipboard-write; encrypted-media; gyroscope; picture-in-picture; web-share\" referrerpolicy=\"strict-origin-when-cross-origin\" allowfullscreen><\/iframe>\n  <\/div>\n<\/figure>\n<div id=\"step-guide-icons-block_7c5d61ee46d433fce0f76413d752ec24\" class=\"step-guide-icons-block\">\r\n  <div class=\"row container\">\r\n    <div>\r\n      <div class=\"title\">Denn\u00ed rozvrh<\/div>      <ul>            <li data-count=\"01\">\r\n              <div class=\"icon-wrap\"><img decoding=\"async\" lazy src=\"data:image\/gif;base64,R0lGODlhAQABAAD\/ACwAAAAAAQABAAACADs%3D\" data-src=\"https:\/\/eco3ygde435.exactdn.com\/wp-content\/uploads\/sites\/2\/2020\/08\/pc-play-media.png?strip=all\" alt=\"\"><\/div>\r\n              <p>Seznamte se s materi\u00e1ly, kter\u00e9 v\u00e1m zp\u0159\u00edstup\u0148ujeme online. Vypl\u0148te v\u00fdkazy, kter\u00e9 tak\u00e9 p\u0159ilo\u017e\u00edme. Nezapome\u0148te si je vz\u00edt s sebou!<\/p>\r\n                          <\/li>\r\n                      <li data-count=\"02\">\r\n              <div class=\"icon-wrap\"><img decoding=\"async\" lazy src=\"data:image\/gif;base64,R0lGODlhAQABAAD\/ACwAAAAAAQABAAACADs%3D\" data-src=\"https:\/\/eco3ygde435.exactdn.com\/wp-content\/uploads\/sites\/2\/2020\/08\/paper-diploma.png?strip=all\" alt=\"\"><\/div>\r\n              <p>Vypl\u0148te prohl\u00e1\u0161en\u00ed u\u017eivatele slu\u017eby Deepspot a l\u00e9ka\u0159sk\u00fd formul\u00e1\u0159 online.<\/p>\r\n              <a href=\"https:\/\/cs.deepspot.com\/deepspotwaiver\/DeepspotWaiverFormKiosk?print=true\" target=\"_blank\">p\u0159ej\u00edt na formul\u00e1\u0159<\/a>            <\/li>\r\n                      <li data-count=\"03\">\r\n              <div class=\"icon-wrap\"><img decoding=\"async\" lazy src=\"data:image\/gif;base64,R0lGODlhAQABAAD\/ACwAAAAAAQABAAACADs%3D\" data-src=\"https:\/\/eco3ygde435.exactdn.com\/wp-content\/uploads\/sites\/2\/2020\/08\/60min.png?strip=all\" alt=\"\"><\/div>\r\n              <p>P\u0159ij\u010fte 60 minut p\u0159ed za\u010d\u00e1tkem v\u00fduky a nahlaste se na recepci.  <\/p>\r\n                          <\/li>\r\n                      <li data-count=\"04\">\r\n              <div class=\"icon-wrap\"><img decoding=\"async\" lazy src=\"data:image\/gif;base64,R0lGODlhAQABAAD\/ACwAAAAAAQABAAACADs%3D\" data-src=\"https:\/\/eco3ygde435.exactdn.com\/wp-content\/uploads\/sites\/2\/2020\/08\/shower.png?strip=all\" alt=\"\"><\/div>\r\n              <p>40 minut p\u0159ed vstupem do baz\u00e9nu jd\u011bte do p\u0159evl\u00e9k\u00e1rny. Relaxujte, vyu\u017eijte n\u00e1\u0161 sprchov\u00fd kout. <br \/>\r\n<\/p>\r\n                          <\/li>\r\n                      <li data-count=\"05\">\r\n              <div class=\"icon-wrap\"><img decoding=\"async\" lazy src=\"data:image\/gif;base64,R0lGODlhAQABAAD\/ACwAAAAAAQABAAACADs%3D\" data-src=\"https:\/\/eco3ygde435.exactdn.com\/wp-content\/uploads\/sites\/2\/2020\/08\/presentation.png?strip=all\" alt=\"\"><\/div>\r\n              <p>20 minut p\u0159ed vstupem do baz\u00e9nu se z\u00fa\u010dastn\u011bte briefingu. Vyberte vybaven\u00ed dostupn\u00e9 na tal\u00ed\u0159i baz\u00e9nu. V p\u0159\u00edpad\u011b pochybnost\u00ed po\u017e\u00e1dejte o pomoc instruktora. <br \/>\r\n<\/p>\r\n                          <\/li>\r\n                      <li data-count=\"06\">\r\n              <div class=\"icon-wrap\"><img decoding=\"async\" lazy src=\"data:image\/gif;base64,R0lGODlhAQABAAD\/ACwAAAAAAQABAAACADs%3D\" data-src=\"https:\/\/eco3ygde435.exactdn.com\/wp-content\/uploads\/sites\/2\/2020\/08\/pool_exit.png?strip=all\" alt=\"\"><\/div>\r\n              <p>Nejpozd\u011bji 90 minut po zah\u00e1jen\u00ed ponoru vyjd\u011bte z vody a vra\u0165te za\u0159\u00edzen\u00ed. <\/p>\r\n                          <\/li>\r\n                      <li data-count=\"07\">\r\n              <div class=\"icon-wrap\"><img decoding=\"async\" lazy src=\"data:image\/gif;base64,R0lGODlhAQABAAD\/ACwAAAAAAQABAAACADs%3D\" data-src=\"https:\/\/eco3ygde435.exactdn.com\/wp-content\/uploads\/sites\/2\/2020\/08\/cutlery.png?strip=all\" alt=\"\"><\/div>\r\n              <p>Po ponoru si odpo\u010di\u0148te v na\u0161\u00ed restauraci!<br \/>\r\n<\/p>\r\n                          <\/li>\r\n          <\/ul>    <\/div>\r\n  <\/div>\r\n<\/div><!-- block -->\r\n<div id=\"download-block_cf359f59c2b2c99d741fa54abad563c8\" class=\"download-block\">\r\n  <div class=\"row container\">\r\n    <div>\r\n      <h2 class=\"title\">dokumenty a podm\u00ednky<\/h2>      <ul>            <li>\r\n              <a href=\"https:\/\/eco3ygde435.exactdn.com\/wp-content\/uploads\/sites\/2\/2020\/08\/pc-play-media.png?strip=all&w=2560\" download>\r\n                <div>\r\n                  <img decoding=\"async\" lazy src=\"data:image\/gif;base64,R0lGODlhAQABAAD\/ACwAAAAAAQABAAACADs%3D\" data-src=\"https:\/\/www.deepspot.com\/wp-content\/themes\/deepspotflyspotWPML\/images\/dots-download.svg\">\r\n                  <p>Dokumenty, kter\u00e9 je t\u0159eba vyplnit p\u0159ed zah\u00e1jen\u00edm kurzu<\/p>\r\n                <\/div>\r\n              <\/a>\r\n            <\/li>\r\n                      <li>\r\n              <a href=\"https:\/\/eco3ygde435.exactdn.com\/wp-content\/uploads\/sites\/2\/2020\/08\/60min.png?strip=all&w=2560\" download>\r\n                <div>\r\n                  <img decoding=\"async\" lazy src=\"data:image\/gif;base64,R0lGODlhAQABAAD\/ACwAAAAAAQABAAACADs%3D\" data-src=\"https:\/\/www.deepspot.com\/wp-content\/themes\/deepspotflyspotWPML\/images\/dots-download.svg\">\r\n                  <p>smluvn\u00ed podm\u00ednky \u00fa\u010dasti v kurzu<\/p>\r\n                <\/div>\r\n              <\/a>\r\n            <\/li>\r\n                      <li>\r\n              <a href=\"\" download>\r\n                <div>\r\n                  <img decoding=\"async\" lazy src=\"data:image\/gif;base64,R0lGODlhAQABAAD\/ACwAAAAAAQABAAACADs%3D\" data-src=\"https:\/\/www.deepspot.com\/wp-content\/themes\/deepspotflyspotWPML\/images\/dots-download.svg\">\r\n                  <p>PRAVIDLA A DOPORU\u010cEN\u00cd T\u00ddKAJ\u00cdC\u00cd SE HLOUBKOV\u00ddCH LIMIT\u016e PRO POT\u00c1P\u011aN\u00cd.  <\/p>\r\n                <\/div>\r\n              <\/a>\r\n            <\/li>\r\n          <\/ul>    <\/div>\r\n  <\/div>\r\n<\/div><!-- block -->\r\n","protected":false},"excerpt":{"rendered":"","protected":false},"author":18,"featured_media":0,"parent":4659,"menu_order":5555,"comment_status":"closed","ping_status":"closed","template":"","meta":{"_acf_changed":false,"footnotes":""},"class_list":["post-56318","page","type-page","status-publish","hentry"],"acf":[],"_links":{"self":[{"href":"https:\/\/www.deepspot.com\/cs\/wp-json\/wp\/v2\/pages\/56318","targetHints":{"allow":["GET"]}}],"collection":[{"href":"https:\/\/www.deepspot.com\/cs\/wp-json\/wp\/v2\/pages"}],"about":[{"href":"https:\/\/www.deepspot.com\/cs\/wp-json\/wp\/v2\/types\/page"}],"author":[{"embeddable":true,"href":"https:\/\/www.deepspot.com\/cs\/wp-json\/wp\/v2\/users\/18"}],"replies":[{"embeddable":true,"href":"https:\/\/www.deepspot.com\/cs\/wp-json\/wp\/v2\/comments?post=56318"}],"version-history":[{"count":2,"href":"https:\/\/www.deepspot.com\/cs\/wp-json\/wp\/v2\/pages\/56318\/revisions"}],"predecessor-version":[{"id":56348,"href":"https:\/\/www.deepspot.com\/cs\/wp-json\/wp\/v2\/pages\/56318\/revisions\/56348"}],"up":[{"embeddable":true,"href":"https:\/\/www.deepspot.com\/cs\/wp-json\/wp\/v2\/pages\/4659"}],"wp:attachment":[{"href":"https:\/\/www.deepspot.com\/cs\/wp-json\/wp\/v2\/media?parent=56318"}],"curies":[{"name":"wp","href":"https:\/\/api.w.org\/{rel}","templated":true}]}}