{"id":56332,"date":"2025-09-16T15:59:27","date_gmt":"2025-09-16T13:59:27","guid":{"rendered":"https:\/\/www.deepspot.com\/?page_id=56332"},"modified":"2025-09-16T15:59:40","modified_gmt":"2025-09-16T13:59:40","slug":"zkuste-morskou-pannu-2","status":"publish","type":"page","link":"https:\/\/www.deepspot.com\/cs\/pro-koho\/freediving\/zkuste-morskou-pannu-2\/","title":{"rendered":"Mo\u0159sk\u00e1 panna"},"content":{"rendered":"<div id=\"hero-block_f12a02ef83ae68d6e5a00e45d34ae611\" class=\"hero-block\">\r\n  <div class=\"row outer-container\">\r\n    <div>\r\n      <img decoding=\"async\" lazy src=\"data:image\/gif;base64,R0lGODlhAQABAAD\/ACwAAAAAAQABAAACADs%3D\" data-src=\"https:\/\/eco3ygde435.exactdn.com\/wp-content\/uploads\/sites\/2\/2025\/08\/Obraz1syrsyrenka.jpg?strip=all\" alt=\"\">\r\n          <\/div>\r\n    <div>\r\n      <h2>Spl\u0148te si sen &#8211; sta\u0148te se mo\u0159skou pannou<\/h2><p>Vstupte do vody a poc\u00edt\u00edte, jak se v\u00e1m pln\u00ed sen b\u00fdt mo\u0159skou pannou. D\u00edky barevn\u00e9mu ocasu, jedine\u010dn\u00fdm podm\u00ednk\u00e1m a kouzlu okam\u017eiku objev\u00edte zcela nov\u00fd zp\u016fsob z\u00e1bavy a pohybu pod vodou. Vyzkou\u0161ejte si mo\u0159skou pannu je kurz, kter\u00fd v\u00e1m umo\u017en\u00ed za\u017e\u00edt n\u011bco mimo\u0159\u00e1dn\u00e9ho &#8211; proto\u017ee kdo z n\u00e1s alespo\u0148 jednou nesnil o tom, \u017ee se stane poh\u00e1dkov\u00fdm hrdinou?  <\/p>    <\/div>\r\n  <\/div>\r\n<\/div><!-- block -->\r\n<div id=\"product-details-block_4e1263a62bd3d4e517df3811ae9c5146\" class=\"product-details-block\">\r\n  <div class=\"row container\">\r\n    <div>\r\n      <h2 class=\"title\">Popis atrakc\u00ed<\/h2>      <p class=\"desc\">Pono\u0159te se a spl\u0148te si sen st\u00e1t se mo\u0159skou pannou. S barevn\u00fdm ocasem a kouzlem okam\u017eiku objev\u00ed\u0161 nov\u00fd zp\u016fsob z\u00e1bavy a pohybu pod vodou. Vyzkou\u0161ejte si mo\u0159skou pannu je kurz, kter\u00fd v\u00e1m umo\u017en\u00ed za\u017e\u00edt n\u011bco neobvykl\u00e9ho &#8211; proto\u017ee kdo z n\u00e1s alespo\u0148 jednou nesnil o tom, \u017ee se stane poh\u00e1dkov\u00fdm hrdinou?    <br><br>\r\nPono\u0159te se do nab\u00eddky, zejm\u00e9na pokud:<br>\r\n\ud83e\udee7 Chcete objevit kouzlo pot\u00e1p\u011bn\u00ed s ocasem<br>\ud83e\udee7 P\u0159em\u00fd\u0161l\u00edte o mermaidingu, ale je\u0161t\u011b nejste p\u0159ipraveni na plnohodnotn\u00fd kurz<br>\ud83e\udee7 M\u00e1te r\u00e1di vodu a chcete objevit nov\u00fd, kouzeln\u00fd zp\u016fsob pohybu pod jej\u00ed hladinou.<br><br>\r\nCo nab\u00edz\u00edme?\r\n<br>\ud83e\udee7 \u00davod do pot\u00e1p\u011bn\u00ed v\u010detn\u011b teorie, praxe a individu\u00e1ln\u00edho p\u0159\u00edstupu<br>\ud83e\udee7 Cvi\u010den\u00ed ve vod\u011b od v\u00fduky na m\u011bl\u010din\u011b a\u017e po pot\u00e1p\u011bn\u00ed do 5 metr\u016f<br>\ud83e\udee7 V\u0161e pot\u0159ebn\u00e9 je zahrnuto v cen\u011b. Ve\u0161ker\u00e9 pot\u0159ebn\u00e9 vybaven\u00ed zaji\u0161\u0165ujeme my<br>\ud83e\udee7 Komorn\u00ed skupiny nebo individu\u00e1ln\u00ed lekce. Tempo v\u00fduky v\u017edy p\u0159izp\u016fsob\u00edme v\u00e1m  <br><br>Lekce prob\u00edhaj\u00ed v mal\u00fdch skupink\u00e1ch &#8211; maxim\u00e1ln\u011b 4 osoby na instruktora &#8211; co\u017e v\u00e1m d\u00e1v\u00e1 jistotu, \u017ee ka\u017ed\u00fd n\u00e1dech bude klidn\u00fd a ka\u017ed\u00e1 ot\u00e1zka bude zodpov\u011bzena.\r\n<br><br>\r\nStoj\u00ed to za to, proto\u017ee:<br>\r\n\ud83e\udee7 Tr\u00e9nujete v nejhlub\u0161\u00edm baz\u00e9nu v Evrop\u011b &#8211; a\u017e 45 metr\u016f<br>\ud83e\udee7 Pot\u00e1p\u00edte se v exotick\u00fdch podm\u00ednk\u00e1ch &#8211; v pr\u016fzra\u010dn\u00e9 vod\u011b o teplot\u011b 32 \u00b0C<br>\ud83e\udee7 Pou\u017e\u00edv\u00e1te modern\u00ed, pravideln\u011b servisovan\u00e9 vybaven\u00ed<br>\ud83e\udee7 M\u00e1te podporu zku\u0161en\u00fdch mezin\u00e1rodn\u00edch instruktor\u016f<br>\ud83e\udee7 Je to ide\u00e1ln\u00ed m\u00edsto pro budov\u00e1n\u00ed sebed\u016fv\u011bry a dobr\u00e9 techniky.<br><br>Ud\u011blejte prvn\u00ed krok a zjist\u011bte, jak jedine\u010dn\u00fd je podmo\u0159sk\u00fd sv\u011bt! Vydejte se na cestu je\u0161t\u011b dnes. \r\n<br><br><br>CO STOJ\u00cd ZA TO V\u011aD\u011aT?\r\n\r\n<\/p>      <ul>            <li>\r\n              <p>Doba trv\u00e1n\u00ed<\/p>\r\n              <strong>1 hodina 40 minut<\/strong>\r\n            <\/li>\r\n                      <li>\r\n              <p>Minim\u00e1ln\u00ed v\u011bk \u00fa\u010dastn\u00edka<\/p>\r\n              <strong>6 let<\/strong>\r\n            <\/li>\r\n                      <li>\r\n              <p>Pono\u0159\u00edte se do hloubky<\/p>\r\n              <strong>5 m (3 m pro d\u011bti do 12 let)<\/strong>\r\n            <\/li>\r\n                      <li>\r\n              <p>Jako d\u00e1rek<\/p>\r\n              <strong>Pam\u011btn\u00ed list, diplom a kr\u00e1tk\u00e9 video z podvodn\u00edho fotokoutku<\/strong>\r\n            <\/li>\r\n                      <li>\r\n              <p>Poskytujeme<\/p>\r\n              <strong>Ve\u0161ker\u00e9 pot\u00e1p\u011b\u010dsk\u00e9 vybaven\u00ed. S sebou si vezm\u011bte pouze plavky, ru\u010dn\u00edk a \u017eabky. <\/strong>\r\n            <\/li>\r\n                      <li>\r\n              <p>Nezapome\u0148te<\/p>\r\n              <strong>Bavte se a my do v\u00e1s vlijeme ve\u0161kerou energii.<\/strong>\r\n            <\/li>\r\n          <\/ul>      <div class=\"button-list-wrap\"><div class=\"button-list button-type-both\"><div><a class=\"alternate_ybb\" href=\"https:\/\/cs.deepspot.com\/offer?steps=deepspot_diving-courses_wait-for-diving-course-list_55\" target=\"_self\"><img decoding=\"async\" lazy src=\"data:image\/gif;base64,R0lGODlhAQABAAD\/ACwAAAAAAQABAAACADs%3D\" data-src=\"https:\/\/eco3ygde435.exactdn.com\/wp-content\/uploads\/sites\/2\/2020\/08\/calendar-grid-58.png?strip=all\" alt=\"\"><strong>Zarezerwuj<\/strong><\/a><\/div><div><a class=\"alternate_ybb\" href=\"https:\/\/www.deepspot.com\/pl\/frequently-asked-questions\/?tab=6\" target=\"_self\"><img decoding=\"async\" lazy src=\"data:image\/gif;base64,R0lGODlhAQABAAD\/ACwAAAAAAQABAAACADs%3D\" data-src=\"https:\/\/eco3ygde435.exactdn.com\/wp-content\/uploads\/sites\/2\/2020\/08\/presentation.png?strip=all\" alt=\"\"><strong>Najcz\u0119\u015bciej zadawane pytania<\/strong><\/a><\/div><\/div><\/div>    <\/div>\r\n  <\/div>\r\n<\/div><!-- block -->\r\n<div id=\"step-guide-icons-block_e7640fca73dc44342695114f24c74397\" class=\"step-guide-icons-block\">\r\n  <div class=\"row container\">\r\n    <div>\r\n      <div class=\"title\">Krok za krokem<\/div>      <ul>            <li data-count=\"01\">\r\n              <div class=\"icon-wrap\"><img decoding=\"async\" lazy src=\"data:image\/gif;base64,R0lGODlhAQABAAD\/ACwAAAAAAQABAAACADs%3D\" data-src=\"\" alt=\"\"><\/div>\r\n              <p>Shrom\u00e1\u017edit \u00fa\u010dastn\u00edky &#8211; s\u00f3lo, ve dvou nebo se skupinou<\/p>\r\n                          <\/li>\r\n                      <li data-count=\"02\">\r\n              <div class=\"icon-wrap\"><img decoding=\"async\" lazy src=\"data:image\/gif;base64,R0lGODlhAQABAAD\/ACwAAAAAAQABAAACADs%3D\" data-src=\"\" alt=\"\"><\/div>\r\n              <p>Rezervujte si sch\u016fzku &#8211; online, rychle a pohodln\u011b<\/p>\r\n                          <\/li>\r\n                      <li data-count=\"03\">\r\n              <div class=\"icon-wrap\"><img decoding=\"async\" lazy src=\"data:image\/gif;base64,R0lGODlhAQABAAD\/ACwAAAAAAQABAAACADs%3D\" data-src=\"\" alt=\"\"><\/div>\r\n              <p>Vypl\u0148te \u00fadaje \u00fa\u010dastn\u00edk\u016f &#8211; prost\u0159ednictv\u00edm sv\u00e9ho \u00fa\u010dtu, trv\u00e1 to jen chvilku.<br \/>\r\n<\/p>\r\n                          <\/li>\r\n                      <li data-count=\"04\">\r\n              <div class=\"icon-wrap\"><img decoding=\"async\" lazy src=\"data:image\/gif;base64,R0lGODlhAQABAAD\/ACwAAAAAAQABAAACADs%3D\" data-src=\"\" alt=\"\"><\/div>\r\n              <p>P\u0159ij\u010fte o 30 minut d\u0159\u00edve &#8211; m\u016f\u017eete se v klidu p\u0159ipravit<br \/>\r\n<\/p>\r\n                          <\/li>\r\n                      <li data-count=\"05\">\r\n              <div class=\"icon-wrap\"><img decoding=\"async\" lazy src=\"data:image\/gif;base64,R0lGODlhAQABAAD\/ACwAAAAAAQABAAACADs%3D\" data-src=\"\" alt=\"\"><\/div>\r\n              <p>Pono\u0159te se &#8211; bavte se<br \/>\r\n<\/p>\r\n                          <\/li>\r\n                      <li data-count=\"06\">\r\n              <div class=\"icon-wrap\"><img decoding=\"async\" lazy src=\"data:image\/gif;base64,R0lGODlhAQABAAD\/ACwAAAAAAQABAAACADs%3D\" data-src=\"\" alt=\"\"><\/div>\r\n              <p>Chy\u0165te brouka a vra\u0165te se pro dal\u0161\u00ed &#8211; pot\u00e1p\u011bn\u00ed je n\u00e1vykov\u00e9!<br \/>\r\n<\/p>\r\n                          <\/li>\r\n          <\/ul>    <\/div>\r\n  <\/div>\r\n<\/div><!-- block -->\r\n<div id=\"download-block_ed777734eb149eccff670ac449077875\" class=\"download-block\">\r\n  <div class=\"row container\">\r\n    <div>\r\n      <h2 class=\"title\">dokumenty a podm\u00ednky<\/h2>      <ul>            <li>\r\n              <a href=\"https:\/\/eco3ygde435.exactdn.com\/wp-content\/uploads\/sites\/2\/2020\/08\/pc-play-media.png?strip=all&w=2560\" download>\r\n                <div>\r\n                  <img decoding=\"async\" lazy src=\"data:image\/gif;base64,R0lGODlhAQABAAD\/ACwAAAAAAQABAAACADs%3D\" data-src=\"https:\/\/www.deepspot.com\/wp-content\/themes\/deepspotflyspotWPML\/images\/dots-download.svg\">\r\n                  <p>Dokumenty, kter\u00e9 je t\u0159eba vyplnit p\u0159ed zah\u00e1jen\u00edm kurzu<\/p>\r\n                <\/div>\r\n              <\/a>\r\n            <\/li>\r\n                      <li>\r\n              <a href=\"https:\/\/eco3ygde435.exactdn.com\/wp-content\/uploads\/sites\/2\/2020\/08\/60min.png?strip=all&w=2560\" download>\r\n                <div>\r\n                  <img decoding=\"async\" lazy src=\"data:image\/gif;base64,R0lGODlhAQABAAD\/ACwAAAAAAQABAAACADs%3D\" data-src=\"https:\/\/www.deepspot.com\/wp-content\/themes\/deepspotflyspotWPML\/images\/dots-download.svg\">\r\n                  <p>smluvn\u00ed podm\u00ednky \u00fa\u010dasti v kurzu<\/p>\r\n                <\/div>\r\n              <\/a>\r\n            <\/li>\r\n                      <li>\r\n              <a href=\"\" download>\r\n                <div>\r\n                  <img decoding=\"async\" lazy src=\"data:image\/gif;base64,R0lGODlhAQABAAD\/ACwAAAAAAQABAAACADs%3D\" data-src=\"https:\/\/www.deepspot.com\/wp-content\/themes\/deepspotflyspotWPML\/images\/dots-download.svg\">\r\n                  <p>PRAVIDLA A DOPORU\u010cEN\u00cd T\u00ddKAJ\u00cdC\u00cd SE HLOUBKOV\u00ddCH LIMIT\u016e PRO POT\u00c1P\u011aN\u00cd.  <\/p>\r\n                <\/div>\r\n              <\/a>\r\n            <\/li>\r\n          <\/ul>    <\/div>\r\n  <\/div>\r\n<\/div><!-- block -->\r\n\n<p><\/p>\n","protected":false},"excerpt":{"rendered":"","protected":false},"author":18,"featured_media":0,"parent":4659,"menu_order":5555,"comment_status":"closed","ping_status":"closed","template":"","meta":{"_acf_changed":false,"footnotes":""},"class_list":["post-56332","page","type-page","status-publish","hentry"],"acf":[],"_links":{"self":[{"href":"https:\/\/www.deepspot.com\/cs\/wp-json\/wp\/v2\/pages\/56332","targetHints":{"allow":["GET"]}}],"collection":[{"href":"https:\/\/www.deepspot.com\/cs\/wp-json\/wp\/v2\/pages"}],"about":[{"href":"https:\/\/www.deepspot.com\/cs\/wp-json\/wp\/v2\/types\/page"}],"author":[{"embeddable":true,"href":"https:\/\/www.deepspot.com\/cs\/wp-json\/wp\/v2\/users\/18"}],"replies":[{"embeddable":true,"href":"https:\/\/www.deepspot.com\/cs\/wp-json\/wp\/v2\/comments?post=56332"}],"version-history":[{"count":2,"href":"https:\/\/www.deepspot.com\/cs\/wp-json\/wp\/v2\/pages\/56332\/revisions"}],"predecessor-version":[{"id":56351,"href":"https:\/\/www.deepspot.com\/cs\/wp-json\/wp\/v2\/pages\/56332\/revisions\/56351"}],"up":[{"embeddable":true,"href":"https:\/\/www.deepspot.com\/cs\/wp-json\/wp\/v2\/pages\/4659"}],"wp:attachment":[{"href":"https:\/\/www.deepspot.com\/cs\/wp-json\/wp\/v2\/media?parent=56332"}],"curies":[{"name":"wp","href":"https:\/\/api.w.org\/{rel}","templated":true}]}}