{"id":7981,"date":"2021-04-14T13:34:25","date_gmt":"2021-04-14T11:34:25","guid":{"rendered":"https:\/\/www.deepspot.com\/?page_id=7981"},"modified":"2025-10-15T15:29:37","modified_gmt":"2025-10-15T13:29:37","slug":"deepspot-scuba-12-m","status":"publish","type":"page","link":"https:\/\/www.deepspot.com\/cs\/pro-koho\/scuba-diving\/deepspot-scuba-12-m\/","title":{"rendered":"PRVN\u00cd PONOR S LAHV\u00cd"},"content":{"rendered":"\n<p><\/p>\n<div id=\"hero-block_443e9b84d0b4e18457b6ea64a0cbb347\" class=\"hero-block\">\r\n  <div class=\"row outer-container\">\r\n    <div>\r\n      <img decoding=\"async\" lazy src=\"data:image\/gif;base64,R0lGODlhAQABAAD\/ACwAAAAAAQABAAACADs%3D\" data-src=\"https:\/\/eco3ygde435.exactdn.com\/wp-content\/uploads\/sites\/2\/2025\/06\/dsg.jpg?strip=all\" alt=\"\">\r\n          <\/div>\r\n    <div>\r\n      <h2>Va\u0161e poprv\u00e9 &#8211; objevte pot\u00e1p\u011bn\u00ed<\/h2><p>Zaj\u00edm\u00e1 v\u00e1s, jak\u00e9 to je d\u00fdchat pod vodou? V\u00e1\u0161 prvn\u00ed ponor je ide\u00e1ln\u00ed p\u0159\u00edle\u017eitost\u00ed to zjistit! B\u011bhem kurzu se nau\u010d\u00edte z\u00e1klady, zvyknete si na vybaven\u00ed a bezpe\u010dn\u011b se pono\u0159\u00edte do hloubky 12 metr\u016f v pohodln\u00fdch a kontrolovan\u00fdch podm\u00ednk\u00e1ch Deepspotu. Jedn\u00e1 se o jedine\u010dn\u00fd z\u00e1\u017eitek, kter\u00fd m\u016f\u017ee b\u00fdt za\u010d\u00e1tkem va\u0161eho pot\u00e1p\u011b\u010dsk\u00e9ho dobrodru\u017estv\u00ed.   <\/p>    <\/div>\r\n  <\/div>\r\n<\/div><!-- block -->\r\n<div id=\"product-details-block_a2131da1f5393aeb38146d07b970f153\" class=\"product-details-block\">\r\n  <div class=\"row container\">\r\n    <div>\r\n      <h2 class=\"title\">Popis atrakc\u00ed<\/h2>      <p class=\"desc\">Prvn\u00ed ponor s lahv\u00ed je okam\u017eik, kdy se m\u016f\u017eete pono\u0159it do podmo\u0159sk\u00e9ho sv\u011bta a poc\u00edtit, jak\u00e9 to je d\u00fdchat pod vodou.  <br>Je ur\u010den pro ty, kte\u0159\u00ed si cht\u011bj\u00ed vyzkou\u0161et pot\u00e1p\u011bn\u00ed v bezpe\u010dn\u00e9m a pohodln\u00e9m prost\u0159ed\u00ed s plnou podporou instruktora a v m\u00edst\u011b, kter\u00e9 je pro v\u00fduku ide\u00e1ln\u00ed.<br><br>\r\nPono\u0159te se do nab\u00eddky, zejm\u00e9na pokud:<br>\ud83e\udee7 Chcete za\u017e\u00edt kontakt s vodou klidn\u00fdm a v\u011bdom\u00fdm zp\u016fsobem<br>\ud83e\udee7 P\u0159em\u00fd\u0161l\u00edte o pot\u00e1p\u011bn\u00ed, ale je\u0161t\u011b nejste p\u0159ipraveni na plnohodnotn\u00fd kurz<br>\ud83e\udee7Chcete objevit kouzlo pot\u00e1p\u011bn\u00ed.<br><br>\r\nCo nab\u00edz\u00edme<br>\ud83e\udee7 \u00davod do pot\u00e1p\u011bn\u00ed v\u010detn\u011b teorie, praxe a individu\u00e1ln\u00edho p\u0159\u00edstupu<br>\ud83e\udee7 Cvi\u010den\u00ed ve vod\u011b od v\u00fduky na m\u011bl\u010din\u011b a\u017e po pot\u00e1p\u011bn\u00ed do 12 metr\u016f<br>\ud83e\udee7 V\u0161e pot\u0159ebn\u00e9 m\u00e1te v cen\u011b. Ve\u0161ker\u00e9 pot\u0159ebn\u00e9 vybaven\u00ed zaji\u0161\u0165ujeme my<br>\ud83e\udee7 Komorn\u00ed skupiny nebo individu\u00e1ln\u00ed lekce. Tempo v\u00fduky v\u017edy p\u0159izp\u016fsob\u00edme v\u00e1m  <br><br>\r\nLekce prob\u00edhaj\u00ed v mal\u00fdch skupink\u00e1ch &#8211; maxim\u00e1ln\u011b 4 osoby na instruktora &#8211; co\u017e v\u00e1m d\u00e1v\u00e1 jistotu, \u017ee ka\u017ed\u00fd n\u00e1dech bude klidn\u00fd a ka\u017ed\u00e1 ot\u00e1zka bude zodpov\u011bzena.<br><br>\r\nStoj\u00ed to za to, proto\u017ee:<br>\ud83e\udee7 Tr\u00e9nujete v nejhlub\u0161\u00edm baz\u00e9nu v Evrop\u011b &#8211; a\u017e 45 metr\u016f hluboko<br>\ud83e\udee7 Pot\u00e1p\u00edte se v exotick\u00fdch podm\u00ednk\u00e1ch &#8211; v pr\u016fzra\u010dn\u00e9 vod\u011b o teplot\u011b 32 \u00b0C<br>\ud83e\udee7 Pou\u017e\u00edv\u00e1te modern\u00ed, pravideln\u011b servisovan\u00e9 vybaven\u00ed<br>\ud83e\udee7 M\u00e1te podporu zku\u0161en\u00fdch mezin\u00e1rodn\u00edch instruktor\u016f<br>\ud83e\udee7 Je to ide\u00e1ln\u00ed m\u00edsto pro budov\u00e1n\u00ed sebed\u016fv\u011bry a dobr\u00e9 techniky.<br><br>\r\nUd\u011blejte prvn\u00ed krok a zjist\u011bte, jak jedine\u010dn\u00fd je podmo\u0159sk\u00fd sv\u011bt! Vydejte se na cestu je\u0161t\u011b dnes.   <br><br><br>\r\n\r\nCo stoj\u00ed za to v\u011bd\u011bt?<\/p>      <ul>            <li>\r\n              <p>Doba trv\u00e1n\u00ed<\/p>\r\n              <strong>90 minut lekc\u00ed<\/strong>\r\n            <\/li>\r\n                      <li>\r\n              <p>Minim\u00e1ln\u00ed v\u011bk \u00fa\u010dastn\u00edka  <\/p>\r\n              <strong>8 let<\/strong>\r\n            <\/li>\r\n                      <li>\r\n              <p>Pono\u0159\u00edte se do hloubky<\/p>\r\n              <strong>12 m (5 m pro d\u011bti do 10 let)<\/strong>\r\n            <\/li>\r\n                      <li>\r\n              <p>Jako d\u00e1rek<\/p>\r\n              <strong>Pam\u011btn\u00ed list  <\/strong>\r\n            <\/li>\r\n                      <li>\r\n              <p>Poskytujeme<\/p>\r\n              <strong>Ve\u0161ker\u00e9 pot\u00e1p\u011b\u010dsk\u00e9 vybaven\u00ed. S sebou si vezm\u011bte pouze plavky, ru\u010dn\u00edk a \u017eabky. <\/strong>\r\n            <\/li>\r\n                      <li>\r\n              <p>Nezapome\u0148te<\/p>\r\n              <strong>Bavte se a my do v\u00e1s vlijeme ve\u0161kerou energii.<\/strong>\r\n            <\/li>\r\n                      <li>\r\n              <p>Cena<\/p>\r\n              <strong>z 449 PLN na 469 PLN  <\/strong>\r\n            <\/li>\r\n          <\/ul>      <div class=\"button-list-wrap\"><div class=\"button-list button-type-both\"><div><a class=\"alternate_ybb\" href=\"https:\/\/cs.deepspot.com\/offer?steps=deepspot_try_type-scuba_offer-scuba-12m\" target=\"_self\"><img decoding=\"async\" lazy src=\"data:image\/gif;base64,R0lGODlhAQABAAD\/ACwAAAAAAQABAAACADs%3D\" data-src=\"https:\/\/eco3ygde435.exactdn.com\/wp-content\/uploads\/sites\/2\/2020\/08\/calendar-grid-58.png?strip=all\" alt=\"\"><strong>Zarezerwuj<\/strong><\/a><\/div><div><a class=\"alternate_ybb\" href=\"https:\/\/sklep.deepspot.com\/vouchery\/scuba-diving\/dla-poczatkujacych\/deepspot-scuba-12m\" target=\"_self\"><img decoding=\"async\" lazy src=\"data:image\/gif;base64,R0lGODlhAQABAAD\/ACwAAAAAAQABAAACADs%3D\" data-src=\"https:\/\/eco3ygde435.exactdn.com\/wp-content\/uploads\/sites\/2\/2020\/08\/paper-diploma.png?strip=all\" alt=\"\"><strong>Zam\u00f3w Voucher<\/strong><\/a><\/div><div><a class=\"css-default\" href=\"https:\/\/www.deepspot.com\/pl\/frequently-asked-questions\/?tab=3\" target=\"_self\"><img decoding=\"async\" lazy src=\"data:image\/gif;base64,R0lGODlhAQABAAD\/ACwAAAAAAQABAAACADs%3D\" data-src=\"https:\/\/eco3ygde435.exactdn.com\/wp-content\/uploads\/sites\/2\/2020\/08\/presentation.png?strip=all\" alt=\"\"><strong>Najcz\u0119\u015bciej zadawane pytania<\/strong><\/a><\/div><\/div><\/div>    <\/div>\r\n  <\/div>\r\n<\/div><!-- block -->\r\n<p><strong>ZDRAV\u00cd<\/strong><br data-rich-text-line-break=\"true\">Pot\u00e1p\u011bn\u00ed je rekrea\u010dn\u00ed sport dostupn\u00fd t\u00e9m\u011b\u0159 pro ka\u017ed\u00e9ho. Pokud je v\u00e1\u0161 zdravotn\u00ed stav dobr\u00fd, s nejv\u011bt\u0161\u00ed pravd\u011bpodobnost\u00ed povolen\u00ed od l\u00e9ka\u0159e nepot\u0159ebujete, nicm\u00e9n\u011b v n\u011bkter\u00fdch zvl\u00e1\u0161tn\u00edch p\u0159\u00edpadech m\u016f\u017ee b\u00fdt nezbytn\u00e9. Pokud se chcete ujistit, m\u016f\u017eete se pod\u00edvat na standard.<br data-rich-text-line-break=\"true\"><a href=\"https:\/\/eco3ygde435.exactdn.com\/wp-content\/uploads\/sites\/2\/2023\/10\/TR-MEDICAL-DIVER_Polish.pdf\" target=\"_blank\" rel=\"noreferrer noopener\">l\u00e9ka\u0159sk\u00fd formul\u00e1\u0159<\/a>.<\/p>\n<div id=\"step-guide-icons-block_057721e1221ded514fdb03791d9bfa93\" class=\"step-guide-icons-block\">\r\n  <div class=\"row container\">\r\n    <div>\r\n      <div class=\"title\">Krok za krokem<\/div>      <ul>            <li data-count=\"01\">\r\n              <div class=\"icon-wrap\"><img decoding=\"async\" lazy src=\"data:image\/gif;base64,R0lGODlhAQABAAD\/ACwAAAAAAQABAAACADs%3D\" data-src=\"\" alt=\"\"><\/div>\r\n              <p>Shrom\u00e1\u017edit \u00fa\u010dastn\u00edky &#8211; s\u00f3lo, ve dvou nebo se skupinou<br \/>\r\n<\/p>\r\n                          <\/li>\r\n                      <li data-count=\"02\">\r\n              <div class=\"icon-wrap\"><img decoding=\"async\" lazy src=\"data:image\/gif;base64,R0lGODlhAQABAAD\/ACwAAAAAAQABAAACADs%3D\" data-src=\"\" alt=\"\"><\/div>\r\n              <p>Rezervujte si sch\u016fzku &#8211; online, rychle a pohodln\u011b<br \/>\r\n<\/p>\r\n                          <\/li>\r\n                      <li data-count=\"03\">\r\n              <div class=\"icon-wrap\"><img decoding=\"async\" lazy src=\"data:image\/gif;base64,R0lGODlhAQABAAD\/ACwAAAAAAQABAAACADs%3D\" data-src=\"\" alt=\"\"><\/div>\r\n              <p>Vypl\u0148te \u00fadaje \u00fa\u010dastn\u00edk\u016f &#8211; prost\u0159ednictv\u00edm sv\u00e9ho \u00fa\u010dtu, trv\u00e1 to jen chvilku.<br \/>\r\n<br \/>\r\n<\/p>\r\n                          <\/li>\r\n                      <li data-count=\"04\">\r\n              <div class=\"icon-wrap\"><img decoding=\"async\" lazy src=\"data:image\/gif;base64,R0lGODlhAQABAAD\/ACwAAAAAAQABAAACADs%3D\" data-src=\"\" alt=\"\"><\/div>\r\n              <p>P\u0159ij\u010fte o 30 minut d\u0159\u00edve &#8211; m\u016f\u017eete se v klidu p\u0159ipravit<br \/>\r\n<\/p>\r\n                          <\/li>\r\n                      <li data-count=\"05\">\r\n              <div class=\"icon-wrap\"><img decoding=\"async\" lazy src=\"data:image\/gif;base64,R0lGODlhAQABAAD\/ACwAAAAAAQABAAACADs%3D\" data-src=\"\" alt=\"\"><\/div>\r\n              <p>Pono\u0159te se &#8211; bavte se<br \/>\r\n<\/p>\r\n                          <\/li>\r\n                      <li data-count=\"06\">\r\n              <div class=\"icon-wrap\"><img decoding=\"async\" lazy src=\"data:image\/gif;base64,R0lGODlhAQABAAD\/ACwAAAAAAQABAAACADs%3D\" data-src=\"\" alt=\"\"><\/div>\r\n              <p>Chy\u0165te brouka a vra\u0165te se pro dal\u0161\u00ed &#8211; pot\u00e1p\u011bn\u00ed je n\u00e1vykov\u00e9!<br \/>\r\n<\/p>\r\n                          <\/li>\r\n          <\/ul>    <\/div>\r\n  <\/div>\r\n<\/div><!-- block -->\r\n\n<div class=\"wp-block-group\"><div class=\"wp-block-group__inner-container is-layout-constrained wp-block-group-is-layout-constrained\"><\/div><\/div>\n","protected":false},"excerpt":{"rendered":"<p>ZDRAV\u00cdPot\u00e1p\u011bn\u00ed je rekrea\u010dn\u00ed sport dostupn\u00fd t\u00e9m\u011b\u0159 pro ka\u017ed\u00e9ho. Pokud je v\u00e1\u0161 zdravotn\u00ed stav dobr\u00fd, s nejv\u011bt\u0161\u00ed pravd\u011bpodobnost\u00ed povolen\u00ed od l\u00e9ka\u0159e nepot\u0159ebujete, nicm\u00e9n\u011b v n\u011bkter\u00fdch zvl\u00e1\u0161tn\u00edch p\u0159\u00edpadech m\u016f\u017ee b\u00fdt nezbytn\u00e9. Pokud se chcete ujistit, m\u016f\u017eete se pod\u00edvat na standard.l\u00e9ka\u0159sk\u00fd formul\u00e1\u0159.<\/p>\n","protected":false},"author":1,"featured_media":48827,"parent":4655,"menu_order":2,"comment_status":"closed","ping_status":"closed","template":"","meta":{"_acf_changed":false,"footnotes":""},"class_list":["post-7981","page","type-page","status-publish","has-post-thumbnail","hentry"],"acf":[],"yoast_head":"<!-- This site is optimized with the Yoast SEO plugin v27.3 - https:\/\/yoast.com\/product\/yoast-seo-wordpress\/ -->\n<title>PRVN\u00cd PONOR S LAHV\u00cd | Deepspot<\/title>\n<meta name=\"description\" content=\"PRVN\u00cd PONOR S LAHV\u00cd\" \/>\n<meta name=\"robots\" content=\"index, follow, max-snippet:-1, max-image-preview:large, max-video-preview:-1\" \/>\n<link rel=\"canonical\" href=\"https:\/\/www.deepspot.com\/cs\/pro-koho\/scuba-diving\/deepspot-scuba-12-m\/\" \/>\n<meta property=\"og:locale\" content=\"cs_CZ\" \/>\n<meta property=\"og:type\" content=\"article\" \/>\n<meta property=\"og:title\" content=\"PRVN\u00cd PONOR S LAHV\u00cd | Deepspot\" \/>\n<meta property=\"og:description\" content=\"PRVN\u00cd PONOR S LAHV\u00cd\" \/>\n<meta property=\"og:url\" content=\"https:\/\/www.deepspot.com\/cs\/pro-koho\/scuba-diving\/deepspot-scuba-12-m\/\" \/>\n<meta property=\"og:site_name\" content=\"Deepspot\" \/>\n<meta property=\"article:modified_time\" content=\"2025-10-15T13:29:37+00:00\" \/>\n<meta property=\"og:image\" content=\"https:\/\/eco3ygde435.exactdn.com\/wp-content\/uploads\/sites\/2\/2025\/02\/Obraz1-1-2.jpg?strip=all\" \/>\n\t<meta property=\"og:image:width\" content=\"670\" \/>\n\t<meta property=\"og:image:height\" content=\"530\" \/>\n\t<meta property=\"og:image:type\" content=\"image\/jpeg\" \/>\n<meta name=\"twitter:card\" content=\"summary_large_image\" \/>\n<script type=\"application\/ld+json\" class=\"yoast-schema-graph\">{\"@context\":\"https:\\\/\\\/schema.org\",\"@graph\":[{\"@type\":\"WebPage\",\"@id\":\"https:\\\/\\\/www.deepspot.com\\\/cs\\\/pro-koho\\\/scuba-diving\\\/deepspot-scuba-12-m\\\/\",\"url\":\"https:\\\/\\\/www.deepspot.com\\\/cs\\\/pro-koho\\\/scuba-diving\\\/deepspot-scuba-12-m\\\/\",\"name\":\"PRVN\u00cd PONOR S LAHV\u00cd | Deepspot\",\"isPartOf\":{\"@id\":\"https:\\\/\\\/www.deepspot.com\\\/pl\\\/#website\"},\"primaryImageOfPage\":{\"@id\":\"https:\\\/\\\/www.deepspot.com\\\/cs\\\/pro-koho\\\/scuba-diving\\\/deepspot-scuba-12-m\\\/#primaryimage\"},\"image\":{\"@id\":\"https:\\\/\\\/www.deepspot.com\\\/cs\\\/pro-koho\\\/scuba-diving\\\/deepspot-scuba-12-m\\\/#primaryimage\"},\"thumbnailUrl\":\"https:\\\/\\\/eco3ygde435.exactdn.com\\\/wp-content\\\/uploads\\\/sites\\\/2\\\/2025\\\/02\\\/Obraz1-1-2.jpg?strip=all\",\"datePublished\":\"2021-04-14T11:34:25+00:00\",\"dateModified\":\"2025-10-15T13:29:37+00:00\",\"description\":\"PRVN\u00cd PONOR S LAHV\u00cd\",\"breadcrumb\":{\"@id\":\"https:\\\/\\\/www.deepspot.com\\\/cs\\\/pro-koho\\\/scuba-diving\\\/deepspot-scuba-12-m\\\/#breadcrumb\"},\"inLanguage\":\"cs\",\"potentialAction\":[{\"@type\":\"ReadAction\",\"target\":[\"https:\\\/\\\/www.deepspot.com\\\/cs\\\/pro-koho\\\/scuba-diving\\\/deepspot-scuba-12-m\\\/\"]}]},{\"@type\":\"ImageObject\",\"inLanguage\":\"cs\",\"@id\":\"https:\\\/\\\/www.deepspot.com\\\/cs\\\/pro-koho\\\/scuba-diving\\\/deepspot-scuba-12-m\\\/#primaryimage\",\"url\":\"https:\\\/\\\/eco3ygde435.exactdn.com\\\/wp-content\\\/uploads\\\/sites\\\/2\\\/2025\\\/02\\\/Obraz1-1-2.jpg?strip=all\",\"contentUrl\":\"https:\\\/\\\/eco3ygde435.exactdn.com\\\/wp-content\\\/uploads\\\/sites\\\/2\\\/2025\\\/02\\\/Obraz1-1-2.jpg?strip=all\",\"width\":670,\"height\":530},{\"@type\":\"BreadcrumbList\",\"@id\":\"https:\\\/\\\/www.deepspot.com\\\/cs\\\/pro-koho\\\/scuba-diving\\\/deepspot-scuba-12-m\\\/#breadcrumb\",\"itemListElement\":[{\"@type\":\"ListItem\",\"position\":1,\"name\":\"Strona g\u0142\u00f3wna\",\"item\":\"https:\\\/\\\/www.deepspot.com\\\/cs\\\/\"},{\"@type\":\"ListItem\",\"position\":2,\"name\":\"Pro koho\",\"item\":\"https:\\\/\\\/www.deepspot.com\\\/cs\\\/pro-koho\\\/\"},{\"@type\":\"ListItem\",\"position\":3,\"name\":\"Pot\u00e1p\u011bn\u00ed\",\"item\":\"https:\\\/\\\/www.deepspot.com\\\/cs\\\/pro-koho\\\/scuba-diving\\\/\"},{\"@type\":\"ListItem\",\"position\":4,\"name\":\"PRVN\u00cd PONOR S LAHV\u00cd\"}]},{\"@type\":\"WebSite\",\"@id\":\"https:\\\/\\\/www.deepspot.com\\\/pl\\\/#website\",\"url\":\"https:\\\/\\\/www.deepspot.com\\\/pl\\\/\",\"name\":\"Deepspot\",\"description\":\"Nov\u00e1 dimenze v pot\u00e1p\u011bn\u00ed\",\"potentialAction\":[{\"@type\":\"SearchAction\",\"target\":{\"@type\":\"EntryPoint\",\"urlTemplate\":\"https:\\\/\\\/www.deepspot.com\\\/pl\\\/?s={search_term_string}\"},\"query-input\":{\"@type\":\"PropertyValueSpecification\",\"valueRequired\":true,\"valueName\":\"search_term_string\"}}],\"inLanguage\":\"cs\"}]}<\/script>\n<!-- \/ Yoast SEO plugin. -->","yoast_head_json":{"title":"PRVN\u00cd PONOR S LAHV\u00cd | Deepspot","description":"PRVN\u00cd PONOR S LAHV\u00cd","robots":{"index":"index","follow":"follow","max-snippet":"max-snippet:-1","max-image-preview":"max-image-preview:large","max-video-preview":"max-video-preview:-1"},"canonical":"https:\/\/www.deepspot.com\/cs\/pro-koho\/scuba-diving\/deepspot-scuba-12-m\/","og_locale":"cs_CZ","og_type":"article","og_title":"PRVN\u00cd PONOR S LAHV\u00cd | Deepspot","og_description":"PRVN\u00cd PONOR S LAHV\u00cd","og_url":"https:\/\/www.deepspot.com\/cs\/pro-koho\/scuba-diving\/deepspot-scuba-12-m\/","og_site_name":"Deepspot","article_modified_time":"2025-10-15T13:29:37+00:00","og_image":[{"width":670,"height":530,"url":"https:\/\/eco3ygde435.exactdn.com\/wp-content\/uploads\/sites\/2\/2025\/02\/Obraz1-1-2.jpg?strip=all","type":"image\/jpeg"}],"twitter_card":"summary_large_image","schema":{"@context":"https:\/\/schema.org","@graph":[{"@type":"WebPage","@id":"https:\/\/www.deepspot.com\/cs\/pro-koho\/scuba-diving\/deepspot-scuba-12-m\/","url":"https:\/\/www.deepspot.com\/cs\/pro-koho\/scuba-diving\/deepspot-scuba-12-m\/","name":"PRVN\u00cd PONOR S LAHV\u00cd | Deepspot","isPartOf":{"@id":"https:\/\/www.deepspot.com\/pl\/#website"},"primaryImageOfPage":{"@id":"https:\/\/www.deepspot.com\/cs\/pro-koho\/scuba-diving\/deepspot-scuba-12-m\/#primaryimage"},"image":{"@id":"https:\/\/www.deepspot.com\/cs\/pro-koho\/scuba-diving\/deepspot-scuba-12-m\/#primaryimage"},"thumbnailUrl":"https:\/\/eco3ygde435.exactdn.com\/wp-content\/uploads\/sites\/2\/2025\/02\/Obraz1-1-2.jpg?strip=all","datePublished":"2021-04-14T11:34:25+00:00","dateModified":"2025-10-15T13:29:37+00:00","description":"PRVN\u00cd PONOR S LAHV\u00cd","breadcrumb":{"@id":"https:\/\/www.deepspot.com\/cs\/pro-koho\/scuba-diving\/deepspot-scuba-12-m\/#breadcrumb"},"inLanguage":"cs","potentialAction":[{"@type":"ReadAction","target":["https:\/\/www.deepspot.com\/cs\/pro-koho\/scuba-diving\/deepspot-scuba-12-m\/"]}]},{"@type":"ImageObject","inLanguage":"cs","@id":"https:\/\/www.deepspot.com\/cs\/pro-koho\/scuba-diving\/deepspot-scuba-12-m\/#primaryimage","url":"https:\/\/eco3ygde435.exactdn.com\/wp-content\/uploads\/sites\/2\/2025\/02\/Obraz1-1-2.jpg?strip=all","contentUrl":"https:\/\/eco3ygde435.exactdn.com\/wp-content\/uploads\/sites\/2\/2025\/02\/Obraz1-1-2.jpg?strip=all","width":670,"height":530},{"@type":"BreadcrumbList","@id":"https:\/\/www.deepspot.com\/cs\/pro-koho\/scuba-diving\/deepspot-scuba-12-m\/#breadcrumb","itemListElement":[{"@type":"ListItem","position":1,"name":"Strona g\u0142\u00f3wna","item":"https:\/\/www.deepspot.com\/cs\/"},{"@type":"ListItem","position":2,"name":"Pro koho","item":"https:\/\/www.deepspot.com\/cs\/pro-koho\/"},{"@type":"ListItem","position":3,"name":"Pot\u00e1p\u011bn\u00ed","item":"https:\/\/www.deepspot.com\/cs\/pro-koho\/scuba-diving\/"},{"@type":"ListItem","position":4,"name":"PRVN\u00cd PONOR S LAHV\u00cd"}]},{"@type":"WebSite","@id":"https:\/\/www.deepspot.com\/pl\/#website","url":"https:\/\/www.deepspot.com\/pl\/","name":"Deepspot","description":"Nov\u00e1 dimenze v pot\u00e1p\u011bn\u00ed","potentialAction":[{"@type":"SearchAction","target":{"@type":"EntryPoint","urlTemplate":"https:\/\/www.deepspot.com\/pl\/?s={search_term_string}"},"query-input":{"@type":"PropertyValueSpecification","valueRequired":true,"valueName":"search_term_string"}}],"inLanguage":"cs"}]}},"_links":{"self":[{"href":"https:\/\/www.deepspot.com\/cs\/wp-json\/wp\/v2\/pages\/7981","targetHints":{"allow":["GET"]}}],"collection":[{"href":"https:\/\/www.deepspot.com\/cs\/wp-json\/wp\/v2\/pages"}],"about":[{"href":"https:\/\/www.deepspot.com\/cs\/wp-json\/wp\/v2\/types\/page"}],"author":[{"embeddable":true,"href":"https:\/\/www.deepspot.com\/cs\/wp-json\/wp\/v2\/users\/1"}],"replies":[{"embeddable":true,"href":"https:\/\/www.deepspot.com\/cs\/wp-json\/wp\/v2\/comments?post=7981"}],"version-history":[{"count":48,"href":"https:\/\/www.deepspot.com\/cs\/wp-json\/wp\/v2\/pages\/7981\/revisions"}],"predecessor-version":[{"id":57442,"href":"https:\/\/www.deepspot.com\/cs\/wp-json\/wp\/v2\/pages\/7981\/revisions\/57442"}],"up":[{"embeddable":true,"href":"https:\/\/www.deepspot.com\/cs\/wp-json\/wp\/v2\/pages\/4655"}],"wp:featuredmedia":[{"embeddable":true,"href":"https:\/\/www.deepspot.com\/cs\/wp-json\/wp\/v2\/media\/48827"}],"wp:attachment":[{"href":"https:\/\/www.deepspot.com\/cs\/wp-json\/wp\/v2\/media?parent=7981"}],"curies":[{"name":"wp","href":"https:\/\/api.w.org\/{rel}","templated":true}]}}