{"id":8199,"date":"2021-04-20T13:56:38","date_gmt":"2021-04-20T11:56:38","guid":{"rendered":"https:\/\/www.deepspot.com\/?page_id=8199"},"modified":"2024-05-20T10:07:19","modified_gmt":"2024-05-20T08:07:19","slug":"evropska-unie","status":"publish","type":"page","link":"https:\/\/www.deepspot.com\/cs\/evropska-unie\/","title":{"rendered":"Unie-Evropa"},"content":{"rendered":"\n<div class=\"wp-block-image\"><figure class=\"aligncenter size-large\"><img decoding=\"async\" width=\"1024\" height=\"141\" src=\"https:\/\/eco3ygde435.exactdn.com\/wp-content\/uploads\/sites\/2\/2021\/04\/unia_program-1024x141.jpg?strip=all\" alt=\"\" class=\"wp-image-8208\" srcset=\"https:\/\/eco3ygde435.exactdn.com\/wp-content\/uploads\/sites\/2\/2021\/04\/unia_program-1024x141.jpg?strip=all 1024w, https:\/\/eco3ygde435.exactdn.com\/wp-content\/uploads\/sites\/2\/2021\/04\/unia_program-300x41.jpg?strip=all 300w, https:\/\/eco3ygde435.exactdn.com\/wp-content\/uploads\/sites\/2\/2021\/04\/unia_program-768x106.jpg?strip=all 768w, https:\/\/eco3ygde435.exactdn.com\/wp-content\/uploads\/sites\/2\/2021\/04\/unia_program-1536x211.jpg?strip=all 1536w, https:\/\/eco3ygde435.exactdn.com\/wp-content\/uploads\/sites\/2\/2021\/04\/unia_program.jpg?strip=all 1599w, https:\/\/eco3ygde435.exactdn.com\/wp-content\/uploads\/sites\/2\/2021\/04\/unia_program.jpg?strip=all&amp;w=639 639w, https:\/\/eco3ygde435.exactdn.com\/wp-content\/uploads\/sites\/2\/2021\/04\/unia_program.jpg?strip=all&amp;w=959 959w, https:\/\/eco3ygde435.exactdn.com\/wp-content\/uploads\/sites\/2\/2021\/04\/unia_program.jpg?strip=all&amp;w=1279 1279w, https:\/\/eco3ygde435.exactdn.com\/wp-content\/uploads\/sites\/2\/2021\/04\/unia_program.jpg?strip=all&amp;w=450 450w\" sizes=\"(max-width: 640px) 100vw, 640px\" \/><\/figure><\/div>\n\n<p>Spole\u010dnost AEROTUNEL s ru\u010den\u00edm omezen\u00fdm realizuje projekt s n\u00e1zvem \u201eImplementace v\u00fdsledk\u016f v\u00fdzkumn\u00fdch a v\u00fdvojov\u00fdch prac\u00ed a konstrukce prototypov\u00e9 instalace pro v\u00edcez\u00f3novou simulaci pot\u00e1p\u011b\u010dsk\u00fdch podm\u00ednek\u201c<\/p>\n\n<p><strong>C\u00edle a pl\u00e1novan\u00e9 v\u00fdsledky projektu:<\/strong><\/p>\n\n<p>C\u00edlem projektu je zav\u00e9st inovativn\u00ed slu\u017ebu pro simulaci pot\u00e1p\u011b\u010dsk\u00fdch podm\u00ednek d\u00edky prototypu nejhlub\u0161\u00edho za\u0159\u00edzen\u00ed na sv\u011bt\u011b s hloubkou 45 m, kter\u00e9 se bude vyzna\u010dovat zv\u011bt\u0161en\u00fdm objemem a tr\u00e9ninkovou plochou, lep\u0161\u00ed pr\u016fhlednost\u00ed vody a izolovan\u00fdmi z\u00f3nami s prom\u011bnlivou rychlost\u00ed proudu.<\/p>\n\n<p>V\u00fdsledkem investice je vytvo\u0159en\u00ed nejhlub\u0161\u00edho za\u0159\u00edzen\u00ed tohoto typu na sv\u011bt\u011b, dosahuj\u00edc\u00edho 45 metr\u016f, umo\u017e\u0148uj\u00edc\u00edho pot\u00e1p\u011b\u010dsk\u00fd v\u00fdcvik a pot\u00e1p\u011bn\u00ed v pln\u011b kontrolovan\u00fdch podm\u00ednk\u00e1ch. Inovativn\u00ed slu\u017eba zaru\u010duje vysokou \u00farove\u0148 bezpe\u010dnosti a pohodl\u00ed p\u0159i sportov\u00e1n\u00ed, co\u017e je v\u00fdsledkem mo\u017enosti zaji\u0161t\u011bn\u00ed vysok\u00e9 kvality (pr\u016fhlednosti) vody a poskytov\u00e1n\u00ed \u0159e\u0161en\u00ed, kter\u00e1 umo\u017e\u0148uj\u00ed bezprecedentn\u00ed simulaci p\u0159\u00edrodn\u00edch podm\u00ednek pro pot\u00e1p\u011bn\u00ed.<\/p>\n\n<p><strong>Hodnota projektu:<\/strong> 24 321 282,00 PLN<\/p>\n\n<p><strong>P\u0159\u00edsp\u011bvek z evropsk\u00fdch fond\u016f:<\/strong> 3 865 950,00 PLN<\/p>\n","protected":false},"excerpt":{"rendered":"<p>Spole\u010dnost AEROTUNEL s ru\u010den\u00edm omezen\u00fdm realizuje projekt s n\u00e1zvem \u201eImplementace v\u00fdsledk\u016f v\u00fdzkumn\u00fdch a v\u00fdvojov\u00fdch prac\u00ed a konstrukce prototypov\u00e9 instalace pro v\u00edcez\u00f3novou simulaci pot\u00e1p\u011b\u010dsk\u00fdch podm\u00ednek\u201c C\u00edle a pl\u00e1novan\u00e9 v\u00fdsledky projektu: C\u00edlem projektu je zav\u00e9st inovativn\u00ed slu\u017ebu pro simulaci pot\u00e1p\u011b\u010dsk\u00fdch podm\u00ednek d\u00edky prototypu nejhlub\u0161\u00edho za\u0159\u00edzen\u00ed na sv\u011bt\u011b s hloubkou 45 m, kter\u00e9 se bude vyzna\u010dovat zv\u011bt\u0161en\u00fdm objemem [&hellip;]<\/p>\n","protected":false},"author":1,"featured_media":0,"parent":0,"menu_order":32,"comment_status":"closed","ping_status":"closed","template":"","meta":{"_acf_changed":false,"footnotes":""},"class_list":["post-8199","page","type-page","status-publish","hentry"],"acf":[],"_links":{"self":[{"href":"https:\/\/www.deepspot.com\/cs\/wp-json\/wp\/v2\/pages\/8199","targetHints":{"allow":["GET"]}}],"collection":[{"href":"https:\/\/www.deepspot.com\/cs\/wp-json\/wp\/v2\/pages"}],"about":[{"href":"https:\/\/www.deepspot.com\/cs\/wp-json\/wp\/v2\/types\/page"}],"author":[{"embeddable":true,"href":"https:\/\/www.deepspot.com\/cs\/wp-json\/wp\/v2\/users\/1"}],"replies":[{"embeddable":true,"href":"https:\/\/www.deepspot.com\/cs\/wp-json\/wp\/v2\/comments?post=8199"}],"version-history":[{"count":6,"href":"https:\/\/www.deepspot.com\/cs\/wp-json\/wp\/v2\/pages\/8199\/revisions"}],"predecessor-version":[{"id":44612,"href":"https:\/\/www.deepspot.com\/cs\/wp-json\/wp\/v2\/pages\/8199\/revisions\/44612"}],"wp:attachment":[{"href":"https:\/\/www.deepspot.com\/cs\/wp-json\/wp\/v2\/media?parent=8199"}],"curies":[{"name":"wp","href":"https:\/\/api.w.org\/{rel}","templated":true}]}}