{"id":9609,"date":"2021-05-12T12:29:57","date_gmt":"2021-05-12T10:29:57","guid":{"rendered":"https:\/\/www.deepspot.com\/?page_id=9609"},"modified":"2025-10-15T15:35:33","modified_gmt":"2025-10-15T13:35:33","slug":"extended-range-foundations","status":"publish","type":"page","link":"https:\/\/www.deepspot.com\/cs\/pro-koho\/scuba-diving\/extended-range-foundations\/","title":{"rendered":"Kurz Extended Range Foundations"},"content":{"rendered":"<div id=\"hero-block_6acd5eee6d73aa20ec13b844cd447d6d\" class=\"hero-block\">\r\n  <div class=\"row outer-container\">\r\n    <div>\r\n      <img decoding=\"async\" lazy src=\"data:image\/gif;base64,R0lGODlhAQABAAD\/ACwAAAAAAQABAAACADs%3D\" data-src=\"https:\/\/eco3ygde435.exactdn.com\/wp-content\/uploads\/sites\/2\/2021\/05\/xr_fundations.png?strip=all\" alt=\"\">\r\n          <\/div>\r\n    <div>\r\n      <h2>Prvn\u00ed krok k technick\u00e9mu pot\u00e1p\u011bn\u00ed<\/h2><p>Kurz XR Foundations je prvn\u00edm krokem k technick\u00e9mu pot\u00e1p\u011bn\u00ed. Nau\u010d\u00edte se dokonal\u00e9mu vztlaku, trimov\u00e1n\u00ed a t\u00fdmov\u00e9 spolupr\u00e1ci a zvl\u00e1dnete konfigurace twinset a\/nebo sidemount. Je to solidn\u00ed z\u00e1klad pro dal\u0161\u00ed v\u00fdcvik XR, ale tak\u00e9 skv\u011bl\u00e1 volba pro rekrea\u010dn\u00ed pot\u00e1p\u011b\u010de, kte\u0159\u00ed cht\u011bj\u00ed zlep\u0161it sv\u00e9 dovednosti a pot\u00e1p\u011bt se jako profesion\u00e1lov\u00e9.    <br>Pokud m\u00e1te r\u00e1di v\u00fdzvy a chcete se pot\u00e1p\u011bt p\u0159esn\u011b, bezpe\u010dn\u011b a na \u00farovni &#8211; pak je tento kurz ur\u010den pr\u00e1v\u011b v\u00e1m.\r\n<\/p>    <\/div>\r\n  <\/div>\r\n<\/div><!-- block -->\r\n<div id=\"product-details-block_0c25a8f80628b3b2d9b090175a486e1b\" class=\"product-details-block\">\r\n  <div class=\"row container\">\r\n    <div>\r\n      <h2 class=\"title\">Popis atrakc\u00ed<\/h2>      <p class=\"desc\">XR Foundations je v\u00fdcvikov\u00fd kurz ur\u010den\u00fd certifikovan\u00fdm pot\u00e1p\u011b\u010d\u016fm, kte\u0159\u00ed se cht\u011bj\u00ed zdokonalit ve sv\u00fdch dovednostech a nau\u010dit se technick\u00e9 z\u00e1klady pot\u00e1p\u011bn\u00ed s dvoj\u010detem nebo na bo\u010dn\u00edm z\u00e1v\u011bsu.  <br>Kurz prob\u00edh\u00e1 v bezpe\u010dn\u00e9m prost\u0159ed\u00ed Deepspotu a zam\u011b\u0159uje se na rozvoj kl\u00ed\u010dov\u00fdch kompetenc\u00ed, jako je trim, vztlak, komunikace a konfigurace vybaven\u00ed.<br><br>\r\nPono\u0159te se do pot\u00e1p\u011bn\u00ed, zejm\u00e9na pokud:<br>\ud83e\udee7 Jste certifikovan\u00fd pot\u00e1p\u011b\u010d a chcete zlep\u0161it sv\u00e9 technick\u00e9 dovednosti<br>\ud83e\udee7 Pl\u00e1nujete dal\u0161\u00ed kurzy XR, dekompresn\u00ed nebo hloubkov\u00e9 kurzy<br>\ud83e\udee7 Chcete se nau\u010dit pracovat s dvoj\u010detem nebo sidemountem<br>\ud83e\udee7 Sn\u00edte o tom, \u017ee zlep\u0161\u00edte ovl\u00e1d\u00e1n\u00ed vybaven\u00ed, trim a vztlak na pokro\u010dilou \u00farove\u0148.<br><br>\r\nCo nab\u00edz\u00edme<br>\ud83e\udee7 Teoretick\u00e9 \u0161kolen\u00ed v technick\u00e9m uspo\u0159\u00e1d\u00e1n\u00ed (dvoj\u010data, bo\u010dn\u00ed mont\u00e1\u017e, dlouh\u00e9 hadice, redundance plynu)<br>\ud83e\udee7 Praktick\u00e1 cvi\u010den\u00ed v trimu, vztlaku, t\u00fdmov\u00e9 pr\u00e1ci a komunikaci v prost\u0159ed\u00ed XR<br>\ud83e\udee7 Pr\u00e1ce v technick\u00e9m uspo\u0159\u00e1d\u00e1n\u00ed s kompletn\u00edm vybaven\u00edm<br>\ud83e\udee7 \u0160kol\u00edc\u00ed materi\u00e1ly poskytovan\u00e9 na webov\u00fdch str\u00e1nk\u00e1ch organizace SSI. Seznamte se s nimi p\u0159ed zah\u00e1jen\u00edm v\u00fduky<br>\ud83e\udee7 V\u0161e pot\u0159ebn\u00e9 je sou\u010d\u00e1st\u00ed dod\u00e1vky. Ve\u0161ker\u00e9 pot\u0159ebn\u00e9 vybaven\u00ed poskytujeme my<br>\ud83e\udee7 Intimn\u00ed skupiny. Tempo v\u00fduky v\u00e1m v\u017edy p\u0159izp\u016fsob\u00edme   <br><br>\r\nKurzy prob\u00edhaj\u00ed v mal\u00fdch skupink\u00e1ch &#8211; maxim\u00e1ln\u011b \u010dty\u0159i osoby na jednoho instruktora &#8211; co\u017e v\u00e1m d\u00e1v\u00e1 jistotu, \u017ee se budete moci nadechnout a naj\u00edt odpov\u011b\u010f na ka\u017edou ot\u00e1zku.<br><br>\r\nStoj\u00ed to za to, proto\u017ee:<br>\ud83e\udee7 Tr\u00e9nujete v nejhlub\u0161\u00edm baz\u00e9nu v Evrop\u011b &#8211; a\u017e 45 metr\u016f hluboko<br>\ud83e\udee7 Pot\u00e1p\u00edte se v exotick\u00fdch podm\u00ednk\u00e1ch &#8211; v pr\u016fzra\u010dn\u00e9 vod\u011b o teplot\u011b 32 \u00b0C<br>\ud83e\udee7 Pou\u017e\u00edv\u00e1te modern\u00ed, pravideln\u011b servisovan\u00e9 vybaven\u00ed<br>\ud83e\udee7 M\u00e1te podporu zku\u0161en\u00fdch mezin\u00e1rodn\u00edch instruktor\u016f<br>\ud83e\udee7 Je to ide\u00e1ln\u00ed m\u00edsto pro budov\u00e1n\u00ed sebed\u016fv\u011bry a dobr\u00e9 techniky.<br>\r\nPo absolvov\u00e1n\u00ed kurzu obdr\u017e\u00edte mezin\u00e1rodn\u00ed certifik\u00e1t SSI XR Foundations, kter\u00fd potvrzuje zvl\u00e1dnut\u00ed kl\u00ed\u010dov\u00fdch technick\u00fdch dovednost\u00ed a p\u0159ipravuje v\u00e1s na dal\u0161\u00ed \u0161kolen\u00ed XR.<br><br>\r\nPo\u017eadavky: <br>V souladu se standardy: pro v\u0161echny programy XR mus\u00ed ka\u017ed\u00fd student absolvovat hodnocen\u00ed plaveck\u00e9 zdatnosti, kter\u00e9 zahrnuje: <br>\ud83e\udee7 Plav\u00e1n\u00ed s dal\u0161\u00edm vybaven\u00edm <br>\ud83e\udee7 Plav\u00e1n\u00ed 400 metr\u016f na hladin\u011b v syst\u00e9mu Full Dive System a se stup\u0148ovou lahv\u00ed (lahvemi) odpov\u00eddaj\u00edc\u00edm programu.  <br>\ud83e\udee7 Plavat pod vodou v jedn\u00e9 ze dvou mo\u017enost\u00ed: plavat 25 metr\u016f pod vodou s pou\u017eit\u00edm masky a ploutv\u00ed nebo plavat 15 metr\u016f vodorovn\u011b bez d\u00fdch\u00e1n\u00ed v konstantn\u00ed hloubce v syst\u00e9mu Full Dive System a se stup\u0148ovitou lahv\u00ed (lahvemi) odpov\u00eddaj\u00edc\u00edm programu.  <br>Pozn\u00e1mky: <br>Z\u00e1chrana pot\u00e1p\u011b\u010de: prov\u00e9st \u00faplnou z\u00e1chranu pot\u00e1p\u011b\u010de v bezv\u011bdom\u00ed na hladin\u011b na celkovou vzd\u00e1lenost 100 metr\u016f za 8 (osm) minut. Oba \u00fa\u010dastn\u00edci mus\u00ed m\u00edt na sob\u011b kompletn\u00ed pot\u00e1p\u011b\u010dsk\u00fd syst\u00e9m.   <br><br>\r\n\r\nCo stoj\u00ed za to v\u011bd\u011bt?\r\n\r\n<\/p>      <ul>            <li>\r\n              <p>Doba trv\u00e1n\u00ed  <\/p>\r\n              <strong>2 dny (cca 18 hodin, v\u010detn\u011b 5 lekc\u00ed v baz\u00e9nu)<\/strong>\r\n            <\/li>\r\n                      <li>\r\n              <p>Minim\u00e1ln\u00ed v\u011bk \u00fa\u010dastn\u00edka  <\/p>\r\n              <strong>16 let<\/strong>\r\n            <\/li>\r\n                      <li>\r\n              <p>Pono\u0159\u00edte se do hloubky<\/p>\r\n              <strong>12m<\/strong>\r\n            <\/li>\r\n                      <li>\r\n              <p>Jako d\u00e1rek<\/p>\r\n              <strong>kr\u00e1tk\u00e9 video z podvodn\u00edho fotobudky<\/strong>\r\n            <\/li>\r\n                      <li>\r\n              <p>Poskytujeme<\/p>\r\n              <strong>Ve\u0161ker\u00e9 pot\u00e1p\u011b\u010dsk\u00e9 vybaven\u00ed. S sebou si vezm\u011bte pouze plavky, ru\u010dn\u00edk a \u017eabky. <\/strong>\r\n            <\/li>\r\n                      <li>\r\n              <p>Nezapome\u0148te<\/p>\r\n              <strong>Bavte se a my do v\u00e1s vlijeme ve\u0161kerou energii.<\/strong>\r\n            <\/li>\r\n                      <li>\r\n              <p>cena<\/p>\r\n              <strong>2259 PLN  <\/strong>\r\n            <\/li>\r\n          <\/ul>      <div class=\"button-list-wrap\"><div class=\"button-list button-type-both\"><div><a class=\"alternate_ybb\" href=\"https:\/\/cs.deepspot.com\/offer?steps=deepspot_diving-courses_wait-for-diving-course-list_9&amp;language=1\" target=\"_self\"><img decoding=\"async\" lazy src=\"data:image\/gif;base64,R0lGODlhAQABAAD\/ACwAAAAAAQABAAACADs%3D\" data-src=\"https:\/\/eco3ygde435.exactdn.com\/wp-content\/uploads\/sites\/2\/2020\/08\/calendar-grid-58.png?strip=all\" alt=\"\"><strong>Kniha<\/strong><\/a><\/div><\/div><\/div>    <\/div>\r\n  <\/div>\r\n<\/div><!-- block -->\r\n<p><strong>ZDRAV\u00cd<\/strong><br data-rich-text-line-break=\"true\">Pot\u00e1p\u011bn\u00ed je rekrea\u010dn\u00ed sport dostupn\u00fd t\u00e9m\u011b\u0159 pro ka\u017ed\u00e9ho. Pokud je v\u00e1\u0161 zdravotn\u00ed stav dobr\u00fd, s nejv\u011bt\u0161\u00ed pravd\u011bpodobnost\u00ed povolen\u00ed od l\u00e9ka\u0159e nepot\u0159ebujete, nicm\u00e9n\u011b v n\u011bkter\u00fdch zvl\u00e1\u0161tn\u00edch p\u0159\u00edpadech m\u016f\u017ee b\u00fdt nezbytn\u00e9. Pokud se chcete ujistit, m\u016f\u017eete se pod\u00edvat na standard.<br data-rich-text-line-break=\"true\"><a href=\"https:\/\/eco3ygde435.exactdn.com\/wp-content\/uploads\/sites\/2\/2023\/10\/TR-MEDICAL-DIVER_Polish.pdf\" target=\"_blank\" rel=\"noreferrer noopener\">l\u00e9ka\u0159sk\u00fd formul\u00e1\u0159<\/a>.<\/p>\n<div id=\"download-block_529cfed1400005063819796ede782e6c\" class=\"download-block\">\r\n  <div class=\"row container\">\r\n    <div>\r\n      <h2 class=\"title\">dokumenty a podm\u00ednky<\/h2>      <ul>            <li>\r\n              <a href=\"https:\/\/www.deepspot.com\/wp-content\/uploads\/sites\/2\/2023\/08\/FomularzMedyczny2023_PL_do_wgladu.pdf\" download>\r\n                <div>\r\n                  <img decoding=\"async\" lazy src=\"data:image\/gif;base64,R0lGODlhAQABAAD\/ACwAAAAAAQABAAACADs%3D\" data-src=\"https:\/\/www.deepspot.com\/wp-content\/themes\/deepspotflyspotWPML\/images\/dots-download.svg\">\r\n                  <p>L\u00e9ka\u0159sk\u00fd formul\u00e1\u0159<\/p>\r\n                <\/div>\r\n              <\/a>\r\n            <\/li>\r\n          <\/ul>    <\/div>\r\n  <\/div>\r\n<\/div><!-- block -->\r\n","protected":false},"excerpt":{"rendered":"<p>ZDRAV\u00cdPot\u00e1p\u011bn\u00ed je rekrea\u010dn\u00ed sport dostupn\u00fd t\u00e9m\u011b\u0159 pro ka\u017ed\u00e9ho. Pokud je v\u00e1\u0161 zdravotn\u00ed stav dobr\u00fd, s nejv\u011bt\u0161\u00ed pravd\u011bpodobnost\u00ed povolen\u00ed od l\u00e9ka\u0159e nepot\u0159ebujete, nicm\u00e9n\u011b v n\u011bkter\u00fdch zvl\u00e1\u0161tn\u00edch p\u0159\u00edpadech m\u016f\u017ee b\u00fdt nezbytn\u00e9. Pokud se chcete ujistit, m\u016f\u017eete se pod\u00edvat na standard.l\u00e9ka\u0159sk\u00fd formul\u00e1\u0159.<\/p>\n","protected":false},"author":1,"featured_media":9705,"parent":4655,"menu_order":6,"comment_status":"closed","ping_status":"closed","template":"","meta":{"_acf_changed":false,"footnotes":""},"class_list":["post-9609","page","type-page","status-publish","has-post-thumbnail","hentry"],"acf":[],"yoast_head":"<!-- This site is optimized with the Yoast SEO plugin v27.3 - https:\/\/yoast.com\/product\/yoast-seo-wordpress\/ -->\n<title>Kurz Extended Range Foundations | Deepspot<\/title>\n<meta name=\"description\" content=\"Kurz Extended Range Foundations\" \/>\n<meta name=\"robots\" content=\"index, follow, max-snippet:-1, max-image-preview:large, max-video-preview:-1\" \/>\n<link rel=\"canonical\" href=\"https:\/\/www.deepspot.com\/cs\/pro-koho\/scuba-diving\/extended-range-foundations\/\" \/>\n<meta property=\"og:locale\" content=\"cs_CZ\" \/>\n<meta property=\"og:type\" content=\"article\" \/>\n<meta property=\"og:title\" content=\"Kurz Extended Range Foundations | Deepspot\" \/>\n<meta property=\"og:description\" content=\"Kurz Extended Range Foundations\" \/>\n<meta property=\"og:url\" content=\"https:\/\/www.deepspot.com\/cs\/pro-koho\/scuba-diving\/extended-range-foundations\/\" \/>\n<meta property=\"og:site_name\" content=\"Deepspot\" \/>\n<meta property=\"article:modified_time\" content=\"2025-10-15T13:35:33+00:00\" \/>\n<meta property=\"og:image\" content=\"https:\/\/eco3ygde435.exactdn.com\/wp-content\/uploads\/sites\/2\/2021\/05\/xr_678.jpg?strip=all\" \/>\n\t<meta property=\"og:image:width\" content=\"677\" \/>\n\t<meta property=\"og:image:height\" content=\"452\" \/>\n\t<meta property=\"og:image:type\" content=\"image\/jpeg\" \/>\n<meta name=\"twitter:card\" content=\"summary_large_image\" \/>\n<script type=\"application\/ld+json\" class=\"yoast-schema-graph\">{\"@context\":\"https:\\\/\\\/schema.org\",\"@graph\":[{\"@type\":\"WebPage\",\"@id\":\"https:\\\/\\\/www.deepspot.com\\\/cs\\\/pro-koho\\\/scuba-diving\\\/extended-range-foundations\\\/\",\"url\":\"https:\\\/\\\/www.deepspot.com\\\/cs\\\/pro-koho\\\/scuba-diving\\\/extended-range-foundations\\\/\",\"name\":\"Kurz Extended Range Foundations | Deepspot\",\"isPartOf\":{\"@id\":\"https:\\\/\\\/www.deepspot.com\\\/pl\\\/#website\"},\"primaryImageOfPage\":{\"@id\":\"https:\\\/\\\/www.deepspot.com\\\/cs\\\/pro-koho\\\/scuba-diving\\\/extended-range-foundations\\\/#primaryimage\"},\"image\":{\"@id\":\"https:\\\/\\\/www.deepspot.com\\\/cs\\\/pro-koho\\\/scuba-diving\\\/extended-range-foundations\\\/#primaryimage\"},\"thumbnailUrl\":\"https:\\\/\\\/eco3ygde435.exactdn.com\\\/wp-content\\\/uploads\\\/sites\\\/2\\\/2021\\\/05\\\/xr_678.jpg?strip=all\",\"datePublished\":\"2021-05-12T10:29:57+00:00\",\"dateModified\":\"2025-10-15T13:35:33+00:00\",\"description\":\"Kurz Extended Range Foundations\",\"breadcrumb\":{\"@id\":\"https:\\\/\\\/www.deepspot.com\\\/cs\\\/pro-koho\\\/scuba-diving\\\/extended-range-foundations\\\/#breadcrumb\"},\"inLanguage\":\"cs\",\"potentialAction\":[{\"@type\":\"ReadAction\",\"target\":[\"https:\\\/\\\/www.deepspot.com\\\/cs\\\/pro-koho\\\/scuba-diving\\\/extended-range-foundations\\\/\"]}]},{\"@type\":\"ImageObject\",\"inLanguage\":\"cs\",\"@id\":\"https:\\\/\\\/www.deepspot.com\\\/cs\\\/pro-koho\\\/scuba-diving\\\/extended-range-foundations\\\/#primaryimage\",\"url\":\"https:\\\/\\\/eco3ygde435.exactdn.com\\\/wp-content\\\/uploads\\\/sites\\\/2\\\/2021\\\/05\\\/xr_678.jpg?strip=all\",\"contentUrl\":\"https:\\\/\\\/eco3ygde435.exactdn.com\\\/wp-content\\\/uploads\\\/sites\\\/2\\\/2021\\\/05\\\/xr_678.jpg?strip=all\",\"width\":677,\"height\":452},{\"@type\":\"BreadcrumbList\",\"@id\":\"https:\\\/\\\/www.deepspot.com\\\/cs\\\/pro-koho\\\/scuba-diving\\\/extended-range-foundations\\\/#breadcrumb\",\"itemListElement\":[{\"@type\":\"ListItem\",\"position\":1,\"name\":\"Strona g\u0142\u00f3wna\",\"item\":\"https:\\\/\\\/www.deepspot.com\\\/cs\\\/\"},{\"@type\":\"ListItem\",\"position\":2,\"name\":\"Pro koho\",\"item\":\"https:\\\/\\\/www.deepspot.com\\\/cs\\\/pro-koho\\\/\"},{\"@type\":\"ListItem\",\"position\":3,\"name\":\"Pot\u00e1p\u011bn\u00ed\",\"item\":\"https:\\\/\\\/www.deepspot.com\\\/cs\\\/pro-koho\\\/scuba-diving\\\/\"},{\"@type\":\"ListItem\",\"position\":4,\"name\":\"Kurz Extended Range Foundations\"}]},{\"@type\":\"WebSite\",\"@id\":\"https:\\\/\\\/www.deepspot.com\\\/pl\\\/#website\",\"url\":\"https:\\\/\\\/www.deepspot.com\\\/pl\\\/\",\"name\":\"Deepspot\",\"description\":\"Nov\u00e1 dimenze v pot\u00e1p\u011bn\u00ed\",\"potentialAction\":[{\"@type\":\"SearchAction\",\"target\":{\"@type\":\"EntryPoint\",\"urlTemplate\":\"https:\\\/\\\/www.deepspot.com\\\/pl\\\/?s={search_term_string}\"},\"query-input\":{\"@type\":\"PropertyValueSpecification\",\"valueRequired\":true,\"valueName\":\"search_term_string\"}}],\"inLanguage\":\"cs\"}]}<\/script>\n<!-- \/ Yoast SEO plugin. -->","yoast_head_json":{"title":"Kurz Extended Range Foundations | Deepspot","description":"Kurz Extended Range Foundations","robots":{"index":"index","follow":"follow","max-snippet":"max-snippet:-1","max-image-preview":"max-image-preview:large","max-video-preview":"max-video-preview:-1"},"canonical":"https:\/\/www.deepspot.com\/cs\/pro-koho\/scuba-diving\/extended-range-foundations\/","og_locale":"cs_CZ","og_type":"article","og_title":"Kurz Extended Range Foundations | Deepspot","og_description":"Kurz Extended Range Foundations","og_url":"https:\/\/www.deepspot.com\/cs\/pro-koho\/scuba-diving\/extended-range-foundations\/","og_site_name":"Deepspot","article_modified_time":"2025-10-15T13:35:33+00:00","og_image":[{"width":677,"height":452,"url":"https:\/\/eco3ygde435.exactdn.com\/wp-content\/uploads\/sites\/2\/2021\/05\/xr_678.jpg?strip=all","type":"image\/jpeg"}],"twitter_card":"summary_large_image","schema":{"@context":"https:\/\/schema.org","@graph":[{"@type":"WebPage","@id":"https:\/\/www.deepspot.com\/cs\/pro-koho\/scuba-diving\/extended-range-foundations\/","url":"https:\/\/www.deepspot.com\/cs\/pro-koho\/scuba-diving\/extended-range-foundations\/","name":"Kurz Extended Range Foundations | Deepspot","isPartOf":{"@id":"https:\/\/www.deepspot.com\/pl\/#website"},"primaryImageOfPage":{"@id":"https:\/\/www.deepspot.com\/cs\/pro-koho\/scuba-diving\/extended-range-foundations\/#primaryimage"},"image":{"@id":"https:\/\/www.deepspot.com\/cs\/pro-koho\/scuba-diving\/extended-range-foundations\/#primaryimage"},"thumbnailUrl":"https:\/\/eco3ygde435.exactdn.com\/wp-content\/uploads\/sites\/2\/2021\/05\/xr_678.jpg?strip=all","datePublished":"2021-05-12T10:29:57+00:00","dateModified":"2025-10-15T13:35:33+00:00","description":"Kurz Extended Range Foundations","breadcrumb":{"@id":"https:\/\/www.deepspot.com\/cs\/pro-koho\/scuba-diving\/extended-range-foundations\/#breadcrumb"},"inLanguage":"cs","potentialAction":[{"@type":"ReadAction","target":["https:\/\/www.deepspot.com\/cs\/pro-koho\/scuba-diving\/extended-range-foundations\/"]}]},{"@type":"ImageObject","inLanguage":"cs","@id":"https:\/\/www.deepspot.com\/cs\/pro-koho\/scuba-diving\/extended-range-foundations\/#primaryimage","url":"https:\/\/eco3ygde435.exactdn.com\/wp-content\/uploads\/sites\/2\/2021\/05\/xr_678.jpg?strip=all","contentUrl":"https:\/\/eco3ygde435.exactdn.com\/wp-content\/uploads\/sites\/2\/2021\/05\/xr_678.jpg?strip=all","width":677,"height":452},{"@type":"BreadcrumbList","@id":"https:\/\/www.deepspot.com\/cs\/pro-koho\/scuba-diving\/extended-range-foundations\/#breadcrumb","itemListElement":[{"@type":"ListItem","position":1,"name":"Strona g\u0142\u00f3wna","item":"https:\/\/www.deepspot.com\/cs\/"},{"@type":"ListItem","position":2,"name":"Pro koho","item":"https:\/\/www.deepspot.com\/cs\/pro-koho\/"},{"@type":"ListItem","position":3,"name":"Pot\u00e1p\u011bn\u00ed","item":"https:\/\/www.deepspot.com\/cs\/pro-koho\/scuba-diving\/"},{"@type":"ListItem","position":4,"name":"Kurz Extended Range Foundations"}]},{"@type":"WebSite","@id":"https:\/\/www.deepspot.com\/pl\/#website","url":"https:\/\/www.deepspot.com\/pl\/","name":"Deepspot","description":"Nov\u00e1 dimenze v pot\u00e1p\u011bn\u00ed","potentialAction":[{"@type":"SearchAction","target":{"@type":"EntryPoint","urlTemplate":"https:\/\/www.deepspot.com\/pl\/?s={search_term_string}"},"query-input":{"@type":"PropertyValueSpecification","valueRequired":true,"valueName":"search_term_string"}}],"inLanguage":"cs"}]}},"_links":{"self":[{"href":"https:\/\/www.deepspot.com\/cs\/wp-json\/wp\/v2\/pages\/9609","targetHints":{"allow":["GET"]}}],"collection":[{"href":"https:\/\/www.deepspot.com\/cs\/wp-json\/wp\/v2\/pages"}],"about":[{"href":"https:\/\/www.deepspot.com\/cs\/wp-json\/wp\/v2\/types\/page"}],"author":[{"embeddable":true,"href":"https:\/\/www.deepspot.com\/cs\/wp-json\/wp\/v2\/users\/1"}],"replies":[{"embeddable":true,"href":"https:\/\/www.deepspot.com\/cs\/wp-json\/wp\/v2\/comments?post=9609"}],"version-history":[{"count":27,"href":"https:\/\/www.deepspot.com\/cs\/wp-json\/wp\/v2\/pages\/9609\/revisions"}],"predecessor-version":[{"id":57487,"href":"https:\/\/www.deepspot.com\/cs\/wp-json\/wp\/v2\/pages\/9609\/revisions\/57487"}],"up":[{"embeddable":true,"href":"https:\/\/www.deepspot.com\/cs\/wp-json\/wp\/v2\/pages\/4655"}],"wp:featuredmedia":[{"embeddable":true,"href":"https:\/\/www.deepspot.com\/cs\/wp-json\/wp\/v2\/media\/9705"}],"wp:attachment":[{"href":"https:\/\/www.deepspot.com\/cs\/wp-json\/wp\/v2\/media?parent=9609"}],"curies":[{"name":"wp","href":"https:\/\/api.w.org\/{rel}","templated":true}]}}