{"id":9933,"date":"2020-08-27T03:03:30","date_gmt":"2020-08-27T01:03:30","guid":{"rendered":"https:\/\/www.deepspot.com\/pro-koho\/freediving\/deepspot-free-30m\/"},"modified":"2025-10-29T12:22:41","modified_gmt":"2025-10-29T11:22:41","slug":"deepspot-free-30m","status":"publish","type":"page","link":"https:\/\/www.deepspot.com\/cs\/pro-koho\/freediving\/deepspot-free-30m\/","title":{"rendered":"Kurz pro pokro\u010dil\u00e9 freedivery"},"content":{"rendered":"<div id=\"hero-block_9d4c449e7ef53a553ec4d5cb7cde63f3\" class=\"hero-block\">\r\n  <div class=\"row outer-container\">\r\n    <div>\r\n      <img decoding=\"async\" lazy src=\"data:image\/gif;base64,R0lGODlhAQABAAD\/ACwAAAAAAQABAAACADs%3D\" data-src=\"https:\/\/eco3ygde435.exactdn.com\/wp-content\/uploads\/sites\/2\/2025\/04\/bgbgbgb.jpg?strip=all\" alt=\"\">\r\n          <\/div>\r\n    <div>\r\n      <h2>PONO\u0158TE SE HLOUB\u011aJI, Z\u00cdSKEJTE V\u00cdCE<\/h2><p>Pokud m\u00e1te certifik\u00e1t Freediver a chcete se dostat hloub\u011bji &#8211; doslova i obrazn\u011b &#8211; kurz Advanced Freediver je dal\u0161\u00edm krokem ve va\u0161em pot\u00e1p\u011b\u010dsk\u00e9m dobrodru\u017estv\u00ed.  <br><br>  Pod veden\u00edm instruktora si osvoj\u00edte p\u0159esn\u00e9 vyrovn\u00e1v\u00e1n\u00ed tlaku, hloubkovou relaxaci, pot\u00e1p\u011bn\u00ed p\u0159i v\u011bdom\u00ed a bezpe\u010dn\u00e9 pot\u00e1p\u011bn\u00ed a\u017e do hloubky 30 metr\u016f. Na z\u00e1v\u011br obdr\u017e\u00edte mezin\u00e1rodn\u00ed certifik\u00e1t Advanced Freediver &#8211; a siln\u00fd pocit uspokojen\u00ed. <\/p>    <\/div>\r\n  <\/div>\r\n<\/div><!-- block -->\r\n<div id=\"product-details-block_d0116a95a30345ea5aa84110289d4ff2\" class=\"product-details-block\">\r\n  <div class=\"row container\">\r\n    <div>\r\n      <h2 class=\"title\">Popis atrakc\u00ed<\/h2>      <p class=\"desc\">Chcete j\u00edt je\u0161t\u011b o krok d\u00e1l a p\u0159ekonat hranici 20 metr\u016f?  <br>Kurz pro pokro\u010dil\u00e9 freedivery v\u00e1m umo\u017en\u00ed nav\u00e1zat na d\u0159\u00edve z\u00edskan\u00e9 dovednosti a posunout sv\u00e9 freedivingov\u00e9 dovednosti na vy\u0161\u0161\u00ed \u00farove\u0148 &#8211; fyzickou i psychickou. Z\u00edsk\u00e1te nov\u00e9 n\u00e1stroje, v\u011bt\u0161\u00ed sebed\u016fv\u011bru a kvalifikaci.   <br><br>\r\nVydejte se na cestu, zejm\u00e9na pokud: <br>\ud83e\udee7 Chcete pokro\u010dit ve freedivingu a j\u00edt hloub\u011bji <br>\ud83e\udee7 Chcete bezpe\u010dn\u011b rozv\u00edjet sv\u00e9 dovednosti a p\u0159ipravit se na dal\u0161\u00ed f\u00e1ze v\u00fdcviku<br>\ud83e\udee7 Sn\u00edte o samostatn\u00e9m pot\u00e1p\u011bn\u00ed (bez instruktora, s asistenc\u00ed Buddhy) do hloubky a\u017e 30 metr\u016f.<br> <br>\r\nCo nab\u00edz\u00edme? <br>\ud83e\udee7 T\u0159\u00eddenn\u00ed teoretick\u00fd a praktick\u00fd v\u00fdcvik v kontrolovan\u00fdch podm\u00ednk\u00e1ch Deepspotu<br>\ud83e\udee7 V\u00fduka pokro\u010dil\u00fdch technik d\u00fdch\u00e1n\u00ed, relaxace a vyrovn\u00e1v\u00e1n\u00ed tlaku<br>\ud83e\udee7 Cvi\u010den\u00ed ve vod\u011b s instruktorem. Postupn\u00e9 budov\u00e1n\u00ed hloubky do 30 m<br>\ud83e\udee7 \u0160kol\u00edc\u00ed materi\u00e1ly poskytovan\u00e9 na webov\u00fdch str\u00e1nk\u00e1ch organizace SSI. Seznamte se s nimi p\u0159ed absolvov\u00e1n\u00edm kurzu<br>\ud83e\udee7 V\u0161e pot\u0159ebn\u00e9 je sou\u010d\u00e1st\u00ed kurzu. Ve\u0161ker\u00e9 pot\u0159ebn\u00e9 vybaven\u00ed poskytujeme my<br>\ud83e\udee7 Intimn\u00ed skupiny nebo individu\u00e1ln\u00ed kurzy. Tempo je v\u017edy p\u0159izp\u016fsobeno v\u00e1m    <br><br>\r\nKurzy prob\u00edhaj\u00ed v mal\u00fdch skupink\u00e1ch &#8211; maxim\u00e1ln\u011b \u010dty\u0159i osoby na jednoho instruktora &#8211; co\u017e v\u00e1m d\u00e1v\u00e1 jistotu, \u017ee se budete moci nadechnout a naj\u00edt odpov\u011b\u010f na ka\u017edou ot\u00e1zku.<br><br>\r\nStoj\u00ed to za to, proto\u017ee:<br>\ud83e\udee7 Tr\u00e9nujete v nejhlub\u0161\u00edm baz\u00e9nu v Evrop\u011b &#8211; a\u017e 45 metr\u016f hluboko<br>\ud83e\udee7 Pot\u00e1p\u00edte se v exotick\u00fdch podm\u00ednk\u00e1ch &#8211; v pr\u016fzra\u010dn\u00e9 vod\u011b o teplot\u011b 32 \u00b0C<br>\ud83e\udee7 Pou\u017e\u00edv\u00e1te modern\u00ed, pravideln\u011b servisovan\u00e9 vybaven\u00ed<br>\ud83e\udee7 M\u00e1te podporu zku\u0161en\u00fdch mezin\u00e1rodn\u00edch instruktor\u016f<br>\ud83e\udee7 Je to ide\u00e1ln\u00ed m\u00edsto pro budov\u00e1n\u00ed sebed\u016fv\u011bry a dobr\u00e9 techniky.<br><br>\r\nPo absolvov\u00e1n\u00ed kurzu obdr\u017e\u00edte mezin\u00e1rodn\u00ed certifik\u00e1t Advanced Freediver, kter\u00fd potvrzuje va\u0161e dovednosti a kvalifikaci pro pot\u00e1p\u011bn\u00ed do 30 m.<br><br>\r\n\r\nP\u0159edpoklady: absolvov\u00e1n\u00ed alespo\u0148 6 ponor\u016f.\r\n\r\n<br><br><br>Co stoj\u00ed za to v\u011bd\u011bt?<\/p>      <ul>            <li>\r\n              <p>trv\u00e1n\u00ed  <\/p>\r\n              <strong>  3 dny (cca 24 hodin, v\u010detn\u011b 6 lekc\u00ed v baz\u00e9nu)<\/strong>\r\n            <\/li>\r\n                      <li>\r\n              <p>minim\u00e1ln\u00ed v\u011bk \u00fa\u010dastn\u00edka<\/p>\r\n              <strong>15 let<\/strong>\r\n            <\/li>\r\n                      <li>\r\n              <p>Pono\u0159\u00edte se do hloubky<\/p>\r\n              <strong>30 METR\u016e (20 m je minim\u00e1ln\u00ed hloubka pr\u016fchodu)<\/strong>\r\n            <\/li>\r\n                      <li>\r\n              <p>Jako d\u00e1rek<\/p>\r\n              <strong>kr\u00e1tk\u00e9 video z podvodn\u00edho fotobudky<\/strong>\r\n            <\/li>\r\n                      <li>\r\n              <p>Poskytujeme<\/p>\r\n              <strong>Ve\u0161ker\u00e9 pot\u00e1p\u011b\u010dsk\u00e9 vybaven\u00ed. S sebou si vezm\u011bte pouze plavky, ru\u010dn\u00edk a \u017eabky. <\/strong>\r\n            <\/li>\r\n                      <li>\r\n              <p>Nezapome\u0148te<\/p>\r\n              <strong>Bavte se a my do v\u00e1s vlijeme ve\u0161kerou energii.<\/strong>\r\n            <\/li>\r\n                      <li>\r\n              <p>CENA:<\/p>\r\n              <strong>2 825 PLN<\/strong>\r\n            <\/li>\r\n          <\/ul>      <div class=\"button-list-wrap\"><div class=\"button-list button-type-both\"><div><a class=\"alternate_ybb\" href=\"https:\/\/cs.deepspot.com\/offer?steps=deepspot_diving-courses_wait-for-diving-course-list_7\" target=\"_self\"><img decoding=\"async\" lazy src=\"data:image\/gif;base64,R0lGODlhAQABAAD\/ACwAAAAAAQABAAACADs%3D\" data-src=\"https:\/\/eco3ygde435.exactdn.com\/wp-content\/uploads\/sites\/2\/2020\/08\/calendar-grid-58.png?strip=all\" alt=\"\"><strong>ZAREZERWUJ<\/strong><\/a><\/div><div><a class=\"alternate_ybb\" href=\"https:\/\/sklep.deepspot.com\/vouchery\/kurs-advanced-freediver\" target=\"_self\"><img decoding=\"async\" lazy src=\"data:image\/gif;base64,R0lGODlhAQABAAD\/ACwAAAAAAQABAAACADs%3D\" data-src=\"https:\/\/eco3ygde435.exactdn.com\/wp-content\/uploads\/sites\/2\/2020\/08\/paper-diploma.png?strip=all\" alt=\"\"><strong>Zam\u00f3w voucher<\/strong><\/a><\/div><div><a class=\"css-default\" href=\"https:\/\/www.deepspot.com\/pl\/frequently-asked-questions\/?tab=2\" target=\"_self\"><img decoding=\"async\" lazy src=\"data:image\/gif;base64,R0lGODlhAQABAAD\/ACwAAAAAAQABAAACADs%3D\" data-src=\"https:\/\/eco3ygde435.exactdn.com\/wp-content\/uploads\/sites\/2\/2020\/08\/presentation.png?strip=all\" alt=\"\"><strong>NAJCZ\u0118\u015aCIEJ ZADAWANE PYTANIA<\/strong><\/a><\/div><\/div><\/div>    <\/div>\r\n  <\/div>\r\n<\/div><!-- block -->\r\n\n<p class=\"has-text-align-center\"><br\/>Z<strong>DRAV\u00cd<\/strong><strong>Pot\u00e1p\u011bn\u00ed<\/strong> je rekrea\u010dn\u00ed <strong>sport<\/strong> dostupn\u00fd <strong>t\u00e9m\u011b\u0159 pro ka\u017ed\u00e9ho<\/strong>.  <\/p>\n\n<p class=\"has-text-align-center\">Pokud je v\u00e1\u0161 <strong>zdravotn\u00ed stav<\/strong> <strong>dobr\u00fd<\/strong>, <strong>povolen\u00ed od l\u00e9ka\u0159e s nejv\u011bt\u0161\u00ed pravd\u011bpodobnost\u00ed nepot\u0159ebujete<\/strong>, nicm\u00e9n\u011b v n\u011bkter\u00fdch <strong>zvl\u00e1\u0161tn\u00edch<\/strong> p\u0159\u00edpadech m\u016f\u017ee b\u00fdt <strong>nezbytn\u00e9<\/strong>.  <\/p>\n\n<p class=\"has-text-align-center\">Pokud si chcete b\u00fdt <strong>jisti<\/strong>, m\u016f\u017eete <strong>si<\/strong> normu <strong>p\u0159e\u010d\u00edst<\/strong> p\u0159edem.  <\/p>\n\n<p class=\"has-text-align-center\"><a href=\"https:\/\/eco3ygde435.exactdn.com\/wp-content\/uploads\/sites\/2\/2023\/10\/TR-MEDICAL-DIVER_Polish.pdf\" target=\"_blank\" rel=\"noreferrer noopener\"><strong>l\u00e9ka\u0159sk\u00fd formul\u00e1\u0159<\/strong><\/a>.<\/p>\n<div id=\"step-guide-icons-block_3a10113ae29d2f93052f39965f99a059\" class=\"step-guide-icons-block\">\r\n  <div class=\"row container\">\r\n    <div>\r\n      <div class=\"title\">Krok za krokem<\/div>      <ul>            <li data-count=\"01\">\r\n              <div class=\"icon-wrap\"><img decoding=\"async\" lazy src=\"data:image\/gif;base64,R0lGODlhAQABAAD\/ACwAAAAAAQABAAACADs%3D\" data-src=\"\" alt=\"\"><\/div>\r\n              <p>Shrom\u00e1\u017edit \u00fa\u010dastn\u00edky &#8211; s\u00f3lo, ve dvou nebo se skupinou<br \/>\r\n<br \/>\r\n<\/p>\r\n                          <\/li>\r\n                      <li data-count=\"02\">\r\n              <div class=\"icon-wrap\"><img decoding=\"async\" lazy src=\"data:image\/gif;base64,R0lGODlhAQABAAD\/ACwAAAAAAQABAAACADs%3D\" data-src=\"\" alt=\"\"><\/div>\r\n              <p>Rezervujte si sch\u016fzku &#8211; online, rychle a pohodln\u011b<br \/>\r\n<br \/>\r\n<\/p>\r\n                          <\/li>\r\n                      <li data-count=\"03\">\r\n              <div class=\"icon-wrap\"><img decoding=\"async\" lazy src=\"data:image\/gif;base64,R0lGODlhAQABAAD\/ACwAAAAAAQABAAACADs%3D\" data-src=\"\" alt=\"\"><\/div>\r\n              <p>Vypl\u0148te \u00fadaje \u00fa\u010dastn\u00edk\u016f &#8211; prost\u0159ednictv\u00edm sv\u00e9ho \u00fa\u010dtu, trv\u00e1 to jen chvilku.<br \/>\r\n<\/p>\r\n                          <\/li>\r\n                      <li data-count=\"04\">\r\n              <div class=\"icon-wrap\"><img decoding=\"async\" lazy src=\"data:image\/gif;base64,R0lGODlhAQABAAD\/ACwAAAAAAQABAAACADs%3D\" data-src=\"\" alt=\"\"><\/div>\r\n              <p>P\u0159ij\u010fte o 30 minut d\u0159\u00edve &#8211; m\u016f\u017eete se v klidu p\u0159ipravit<br \/>\r\n<br \/>\r\n<br \/>\r\n<\/p>\r\n                          <\/li>\r\n                      <li data-count=\"05\">\r\n              <div class=\"icon-wrap\"><img decoding=\"async\" lazy src=\"data:image\/gif;base64,R0lGODlhAQABAAD\/ACwAAAAAAQABAAACADs%3D\" data-src=\"\" alt=\"\"><\/div>\r\n              <p>Pono\u0159te se &#8211; bavte se<br \/>\r\n<br \/>\r\n<\/p>\r\n                          <\/li>\r\n                      <li data-count=\"06\">\r\n              <div class=\"icon-wrap\"><img decoding=\"async\" lazy src=\"data:image\/gif;base64,R0lGODlhAQABAAD\/ACwAAAAAAQABAAACADs%3D\" data-src=\"\" alt=\"\"><\/div>\r\n              <p>Chy\u0165te brouka a vra\u0165te se pro dal\u0161\u00ed &#8211; pot\u00e1p\u011bn\u00ed je n\u00e1vykov\u00e9!<br \/>\r\n<\/p>\r\n                          <\/li>\r\n          <\/ul>    <\/div>\r\n  <\/div>\r\n<\/div><!-- block -->\r\n\n<p class=\"has-text-align-center\"><strong>Organizace uznan\u00e9 SSI. Vhodnost stup\u0148\u016f pro rekrea\u010dn\u00ed freediving:<\/strong><\/p>\n\n<div class=\"wp-block-columns is-layout-flex wp-container-core-columns-is-layout-9d6595d7 wp-block-columns-is-layout-flex\">\n<div class=\"wp-block-column is-layout-flow wp-block-column-is-layout-flow\">\n<figure class=\"wp-block-table is-style-regular has-small-font-size\"><table><thead><tr><th><strong>SSI<\/strong><\/th><th><strong>AIDA<\/strong><\/th><th><strong>Akademie Apnea<\/strong><\/th><th><strong>PADI<\/strong><\/th><th><strong>CMAS (li\u0161\u00ed se podle zem\u011b)<\/strong><\/th><th><strong>Fii<\/strong><\/th><th><strong>PFI<\/strong><\/th><th><strong>RAID<\/strong><\/th><th><strong>Molchanovs<\/strong><\/th><\/tr><\/thead><tbody><tr><td><strong>Z\u00e1klady freedivingu<\/strong><\/td><td>AIDA *<\/td><td><\/td><td><\/td><td><\/td><td><\/td><td>\u00davod Freediver<\/td><td><\/td><td><\/td><\/tr><tr><td><strong>Baz\u00e9n Freediver<\/strong><\/td><td>AIDA ** Baz\u00e9n<\/td><td>\u00darove\u0148 1<\/td><td><\/td><td>APNOE* nebo SK1<\/td><td>\u00darove\u0148 1 Baz\u00e9n<\/td><td>Z\u00e1kladn\u00ed freediver<\/td><td>Z\u00e1kladn\u00ed freediver<\/td><td><\/td><\/tr><tr><td><strong>Freediver<\/strong><\/td><td>AIDA **<\/td><td>\u00darove\u0148 2<\/td><td>Freediver \/ Pokro\u010dil\u00fd<\/td><td>APNOE** nebo SK1+SK2<\/td><td>\u00darove\u0148 1 a Junior<\/td><td><\/td><td>Freediver<\/td><td>Vlna 1<\/td><\/tr><tr><td><strong>Pokro\u010dil\u00fd freediver<\/strong><\/td><td>AIDA ***<\/td><td>\u00darove\u0148 3<\/td><td>Mistr<\/td><td>APNOE***<\/td><td>\u00darove\u0148 2<\/td><td>St\u0159edn\u011b pokro\u010dil\u00fd freediver<\/td><td>Pokro\u010dil\u00e9<\/td><td>Vlna 2<\/td><\/tr><tr><td><strong>V\u00fdkonnostn\u00ed freediver<\/strong><\/td><td>AIDA ****<\/td><td><\/td><td><\/td><td>APNOE****<\/td><td>\u00darove\u0148 3<\/td><td>Pokro\u010dil\u00fd freediver<\/td><td>Mistr<\/td><td>Vlna 3\/4<\/td><\/tr><\/tbody><\/table><\/figure>\n<\/div>\n<\/div>\n<div id=\"download-block_e46ba7dc12f8172c33dc2ee12c9807a0\" class=\"download-block\">\r\n  <div class=\"row container\">\r\n    <div>\r\n      <h2 class=\"title\">DOKUMENTY A PODM\u00cdNKY<\/h2>      <ul>            <li>\r\n              <a href=\"https:\/\/www.deepspot.com\/wp-content\/uploads\/sites\/2\/2023\/08\/FomularzMedyczny2023_PL_do_wgladu.pdf\" download>\r\n                <div>\r\n                  <img decoding=\"async\" lazy src=\"data:image\/gif;base64,R0lGODlhAQABAAD\/ACwAAAAAAQABAAACADs%3D\" data-src=\"https:\/\/www.deepspot.com\/wp-content\/themes\/deepspotflyspotWPML\/images\/dots-download.svg\">\r\n                  <p>L\u00c9KA\u0158SK\u00dd FORMUL\u00c1\u0158<\/p>\r\n                <\/div>\r\n              <\/a>\r\n            <\/li>\r\n          <\/ul>    <\/div>\r\n  <\/div>\r\n<\/div><!-- block -->\r\n","protected":false},"excerpt":{"rendered":"<p>ZDRAV\u00cdPot\u00e1p\u011bn\u00ed je rekrea\u010dn\u00ed sport dostupn\u00fd t\u00e9m\u011b\u0159 pro ka\u017ed\u00e9ho. Pokud je v\u00e1\u0161 zdravotn\u00ed stav dobr\u00fd, povolen\u00ed od l\u00e9ka\u0159e s nejv\u011bt\u0161\u00ed pravd\u011bpodobnost\u00ed nepot\u0159ebujete, nicm\u00e9n\u011b v n\u011bkter\u00fdch zvl\u00e1\u0161tn\u00edch p\u0159\u00edpadech m\u016f\u017ee b\u00fdt nezbytn\u00e9. Pokud si chcete b\u00fdt jisti, m\u016f\u017eete si normu p\u0159e\u010d\u00edst p\u0159edem. l\u00e9ka\u0159sk\u00fd formul\u00e1\u0159. Organizace uznan\u00e9 SSI. Vhodnost stup\u0148\u016f pro rekrea\u010dn\u00ed freediving: SSI AIDA Akademie Apnea PADI CMAS [&hellip;]<\/p>\n","protected":false},"author":3,"featured_media":9935,"parent":4659,"menu_order":4,"comment_status":"closed","ping_status":"closed","template":"","meta":{"_acf_changed":false,"footnotes":""},"class_list":["post-9933","page","type-page","status-publish","has-post-thumbnail","hentry"],"acf":[],"yoast_head":"<!-- This site is optimized with the Yoast SEO plugin v27.4 - https:\/\/yoast.com\/product\/yoast-seo-wordpress\/ -->\n<title>Kurz pro pokro\u010dil\u00e9 freedivery | Deepspot<\/title>\n<meta name=\"description\" content=\"Kurz pro pokro\u010dil\u00e9 freedivery\" \/>\n<meta name=\"robots\" content=\"index, follow, max-snippet:-1, max-image-preview:large, max-video-preview:-1\" \/>\n<link rel=\"canonical\" href=\"https:\/\/www.deepspot.com\/cs\/pro-koho\/freediving\/deepspot-free-30m\/\" \/>\n<meta property=\"og:locale\" content=\"cs_CZ\" \/>\n<meta property=\"og:type\" content=\"article\" \/>\n<meta property=\"og:title\" content=\"Kurz pro pokro\u010dil\u00e9 freedivery | Deepspot\" \/>\n<meta property=\"og:description\" content=\"Kurz pro pokro\u010dil\u00e9 freedivery\" \/>\n<meta property=\"og:url\" content=\"https:\/\/www.deepspot.com\/cs\/pro-koho\/freediving\/deepspot-free-30m\/\" \/>\n<meta property=\"og:site_name\" content=\"Deepspot\" \/>\n<meta property=\"article:modified_time\" content=\"2025-10-29T11:22:41+00:00\" \/>\n<meta property=\"og:image\" content=\"https:\/\/eco3ygde435.exactdn.com\/wp-content\/uploads\/sites\/2\/2021\/04\/lvl2.jpg?strip=all\" \/>\n\t<meta property=\"og:image:width\" content=\"1305\" \/>\n\t<meta property=\"og:image:height\" content=\"568\" \/>\n\t<meta property=\"og:image:type\" content=\"image\/jpeg\" \/>\n<meta name=\"twitter:card\" content=\"summary_large_image\" \/>\n<meta name=\"twitter:label1\" content=\"Odhadovan\u00e1 doba \u010dten\u00ed\" \/>\n\t<meta name=\"twitter:data1\" content=\"1 minuta\" \/>\n<script type=\"application\/ld+json\" class=\"yoast-schema-graph\">{\"@context\":\"https:\\\/\\\/schema.org\",\"@graph\":[{\"@type\":\"WebPage\",\"@id\":\"https:\\\/\\\/www.deepspot.com\\\/cs\\\/pro-koho\\\/freediving\\\/deepspot-free-30m\\\/\",\"url\":\"https:\\\/\\\/www.deepspot.com\\\/cs\\\/pro-koho\\\/freediving\\\/deepspot-free-30m\\\/\",\"name\":\"Kurz pro pokro\u010dil\u00e9 freedivery | Deepspot\",\"isPartOf\":{\"@id\":\"https:\\\/\\\/www.deepspot.com\\\/pl\\\/#website\"},\"primaryImageOfPage\":{\"@id\":\"https:\\\/\\\/www.deepspot.com\\\/cs\\\/pro-koho\\\/freediving\\\/deepspot-free-30m\\\/#primaryimage\"},\"image\":{\"@id\":\"https:\\\/\\\/www.deepspot.com\\\/cs\\\/pro-koho\\\/freediving\\\/deepspot-free-30m\\\/#primaryimage\"},\"thumbnailUrl\":\"https:\\\/\\\/eco3ygde435.exactdn.com\\\/wp-content\\\/uploads\\\/sites\\\/2\\\/2021\\\/04\\\/lvl2.jpg?strip=all\",\"datePublished\":\"2020-08-27T01:03:30+00:00\",\"dateModified\":\"2025-10-29T11:22:41+00:00\",\"description\":\"Kurz pro pokro\u010dil\u00e9 freedivery\",\"breadcrumb\":{\"@id\":\"https:\\\/\\\/www.deepspot.com\\\/cs\\\/pro-koho\\\/freediving\\\/deepspot-free-30m\\\/#breadcrumb\"},\"inLanguage\":\"cs\",\"potentialAction\":[{\"@type\":\"ReadAction\",\"target\":[\"https:\\\/\\\/www.deepspot.com\\\/cs\\\/pro-koho\\\/freediving\\\/deepspot-free-30m\\\/\"]}]},{\"@type\":\"ImageObject\",\"inLanguage\":\"cs\",\"@id\":\"https:\\\/\\\/www.deepspot.com\\\/cs\\\/pro-koho\\\/freediving\\\/deepspot-free-30m\\\/#primaryimage\",\"url\":\"https:\\\/\\\/eco3ygde435.exactdn.com\\\/wp-content\\\/uploads\\\/sites\\\/2\\\/2021\\\/04\\\/lvl2.jpg?strip=all\",\"contentUrl\":\"https:\\\/\\\/eco3ygde435.exactdn.com\\\/wp-content\\\/uploads\\\/sites\\\/2\\\/2021\\\/04\\\/lvl2.jpg?strip=all\",\"width\":1305,\"height\":568},{\"@type\":\"BreadcrumbList\",\"@id\":\"https:\\\/\\\/www.deepspot.com\\\/cs\\\/pro-koho\\\/freediving\\\/deepspot-free-30m\\\/#breadcrumb\",\"itemListElement\":[{\"@type\":\"ListItem\",\"position\":1,\"name\":\"Strona g\u0142\u00f3wna\",\"item\":\"https:\\\/\\\/www.deepspot.com\\\/cs\\\/\"},{\"@type\":\"ListItem\",\"position\":2,\"name\":\"Pro koho\",\"item\":\"https:\\\/\\\/www.deepspot.com\\\/cs\\\/pro-koho\\\/\"},{\"@type\":\"ListItem\",\"position\":3,\"name\":\"Freediving\",\"item\":\"https:\\\/\\\/www.deepspot.com\\\/cs\\\/pro-koho\\\/freediving\\\/\"},{\"@type\":\"ListItem\",\"position\":4,\"name\":\"Kurz pro pokro\u010dil\u00e9 freedivery\"}]},{\"@type\":\"WebSite\",\"@id\":\"https:\\\/\\\/www.deepspot.com\\\/pl\\\/#website\",\"url\":\"https:\\\/\\\/www.deepspot.com\\\/pl\\\/\",\"name\":\"Deepspot\",\"description\":\"Nov\u00e1 dimenze v pot\u00e1p\u011bn\u00ed\",\"potentialAction\":[{\"@type\":\"SearchAction\",\"target\":{\"@type\":\"EntryPoint\",\"urlTemplate\":\"https:\\\/\\\/www.deepspot.com\\\/pl\\\/?s={search_term_string}\"},\"query-input\":{\"@type\":\"PropertyValueSpecification\",\"valueRequired\":true,\"valueName\":\"search_term_string\"}}],\"inLanguage\":\"cs\"}]}<\/script>\n<!-- \/ Yoast SEO plugin. -->","yoast_head_json":{"title":"Kurz pro pokro\u010dil\u00e9 freedivery | Deepspot","description":"Kurz pro pokro\u010dil\u00e9 freedivery","robots":{"index":"index","follow":"follow","max-snippet":"max-snippet:-1","max-image-preview":"max-image-preview:large","max-video-preview":"max-video-preview:-1"},"canonical":"https:\/\/www.deepspot.com\/cs\/pro-koho\/freediving\/deepspot-free-30m\/","og_locale":"cs_CZ","og_type":"article","og_title":"Kurz pro pokro\u010dil\u00e9 freedivery | Deepspot","og_description":"Kurz pro pokro\u010dil\u00e9 freedivery","og_url":"https:\/\/www.deepspot.com\/cs\/pro-koho\/freediving\/deepspot-free-30m\/","og_site_name":"Deepspot","article_modified_time":"2025-10-29T11:22:41+00:00","og_image":[{"width":1305,"height":568,"url":"https:\/\/eco3ygde435.exactdn.com\/wp-content\/uploads\/sites\/2\/2021\/04\/lvl2.jpg?strip=all","type":"image\/jpeg"}],"twitter_card":"summary_large_image","twitter_misc":{"Odhadovan\u00e1 doba \u010dten\u00ed":"1 minuta"},"schema":{"@context":"https:\/\/schema.org","@graph":[{"@type":"WebPage","@id":"https:\/\/www.deepspot.com\/cs\/pro-koho\/freediving\/deepspot-free-30m\/","url":"https:\/\/www.deepspot.com\/cs\/pro-koho\/freediving\/deepspot-free-30m\/","name":"Kurz pro pokro\u010dil\u00e9 freedivery | Deepspot","isPartOf":{"@id":"https:\/\/www.deepspot.com\/pl\/#website"},"primaryImageOfPage":{"@id":"https:\/\/www.deepspot.com\/cs\/pro-koho\/freediving\/deepspot-free-30m\/#primaryimage"},"image":{"@id":"https:\/\/www.deepspot.com\/cs\/pro-koho\/freediving\/deepspot-free-30m\/#primaryimage"},"thumbnailUrl":"https:\/\/eco3ygde435.exactdn.com\/wp-content\/uploads\/sites\/2\/2021\/04\/lvl2.jpg?strip=all","datePublished":"2020-08-27T01:03:30+00:00","dateModified":"2025-10-29T11:22:41+00:00","description":"Kurz pro pokro\u010dil\u00e9 freedivery","breadcrumb":{"@id":"https:\/\/www.deepspot.com\/cs\/pro-koho\/freediving\/deepspot-free-30m\/#breadcrumb"},"inLanguage":"cs","potentialAction":[{"@type":"ReadAction","target":["https:\/\/www.deepspot.com\/cs\/pro-koho\/freediving\/deepspot-free-30m\/"]}]},{"@type":"ImageObject","inLanguage":"cs","@id":"https:\/\/www.deepspot.com\/cs\/pro-koho\/freediving\/deepspot-free-30m\/#primaryimage","url":"https:\/\/eco3ygde435.exactdn.com\/wp-content\/uploads\/sites\/2\/2021\/04\/lvl2.jpg?strip=all","contentUrl":"https:\/\/eco3ygde435.exactdn.com\/wp-content\/uploads\/sites\/2\/2021\/04\/lvl2.jpg?strip=all","width":1305,"height":568},{"@type":"BreadcrumbList","@id":"https:\/\/www.deepspot.com\/cs\/pro-koho\/freediving\/deepspot-free-30m\/#breadcrumb","itemListElement":[{"@type":"ListItem","position":1,"name":"Strona g\u0142\u00f3wna","item":"https:\/\/www.deepspot.com\/cs\/"},{"@type":"ListItem","position":2,"name":"Pro koho","item":"https:\/\/www.deepspot.com\/cs\/pro-koho\/"},{"@type":"ListItem","position":3,"name":"Freediving","item":"https:\/\/www.deepspot.com\/cs\/pro-koho\/freediving\/"},{"@type":"ListItem","position":4,"name":"Kurz pro pokro\u010dil\u00e9 freedivery"}]},{"@type":"WebSite","@id":"https:\/\/www.deepspot.com\/pl\/#website","url":"https:\/\/www.deepspot.com\/pl\/","name":"Deepspot","description":"Nov\u00e1 dimenze v pot\u00e1p\u011bn\u00ed","potentialAction":[{"@type":"SearchAction","target":{"@type":"EntryPoint","urlTemplate":"https:\/\/www.deepspot.com\/pl\/?s={search_term_string}"},"query-input":{"@type":"PropertyValueSpecification","valueRequired":true,"valueName":"search_term_string"}}],"inLanguage":"cs"}]}},"_links":{"self":[{"href":"https:\/\/www.deepspot.com\/cs\/wp-json\/wp\/v2\/pages\/9933","targetHints":{"allow":["GET"]}}],"collection":[{"href":"https:\/\/www.deepspot.com\/cs\/wp-json\/wp\/v2\/pages"}],"about":[{"href":"https:\/\/www.deepspot.com\/cs\/wp-json\/wp\/v2\/types\/page"}],"author":[{"embeddable":true,"href":"https:\/\/www.deepspot.com\/cs\/wp-json\/wp\/v2\/users\/3"}],"replies":[{"embeddable":true,"href":"https:\/\/www.deepspot.com\/cs\/wp-json\/wp\/v2\/comments?post=9933"}],"version-history":[{"count":54,"href":"https:\/\/www.deepspot.com\/cs\/wp-json\/wp\/v2\/pages\/9933\/revisions"}],"predecessor-version":[{"id":57835,"href":"https:\/\/www.deepspot.com\/cs\/wp-json\/wp\/v2\/pages\/9933\/revisions\/57835"}],"up":[{"embeddable":true,"href":"https:\/\/www.deepspot.com\/cs\/wp-json\/wp\/v2\/pages\/4659"}],"wp:featuredmedia":[{"embeddable":true,"href":"https:\/\/www.deepspot.com\/cs\/wp-json\/wp\/v2\/media\/9935"}],"wp:attachment":[{"href":"https:\/\/www.deepspot.com\/cs\/wp-json\/wp\/v2\/media?parent=9933"}],"curies":[{"name":"wp","href":"https:\/\/api.w.org\/{rel}","templated":true}]}}