{"id":29869,"date":"2023-02-07T17:04:44","date_gmt":"2023-02-07T16:04:44","guid":{"rendered":"https:\/\/www.deepspot.com\/?page_id=29869"},"modified":"2025-10-15T15:38:01","modified_gmt":"2025-10-15T13:38:01","slug":"junior-geraetetaucher","status":"publish","type":"page","link":"https:\/\/www.deepspot.com\/de\/fuer-wen\/geraetetauchen\/junior-geraetetaucher\/","title":{"rendered":"Junior Scuba Diver Kurs"},"content":{"rendered":"\n<p><strong>F\u00dcR JUNGE MENSCHEN IM ALTER VON 10-14 JAHREN<\/strong><\/p>\n<div id=\"hero-block_5df56fd98209d6477f63efa9e04362b8\" class=\"hero-block\">\r\n  <div class=\"row outer-container\">\r\n    <div>\r\n      <img decoding=\"async\" lazy src=\"data:image\/gif;base64,R0lGODlhAQABAAD\/ACwAAAAAAQABAAACADs%3D\" data-src=\"https:\/\/eco3ygde435.exactdn.com\/wp-content\/uploads\/sites\/2\/2025\/06\/ncoqeG.jpg?strip=all\" alt=\"\">\r\n          <\/div>\r\n    <div>\r\n      <h2>Beginnen Sie Ihre Tauchreise in einer Light-Version<\/h2><p>Erster Tauchschein f\u00fcr junge Entdecker der Unterwasserwelt! W\u00e4hrend des zweit\u00e4gigen Kurses lernen Kinder und Jugendliche die Grundlagen der Theorie, den sicheren Umgang mit der Ausr\u00fcstung und machen ihre ersten Tauchg\u00e4nge bis zu 12 m &#8211; immer unter dem wachsamen Auge eines Tauchlehrers. Nach Abschluss des Kurses erh\u00e4lt Ihr Kind ein internationales Junior Scuba Diver-Zertifikat.  \r\n<\/p>    <\/div>\r\n  <\/div>\r\n<\/div><!-- block -->\r\n<div id=\"product-details-block_3302fb21f7d3147813a4214345361231\" class=\"product-details-block\">\r\n  <div class=\"row container\">\r\n    <div>\r\n      <h2 class=\"title\">Beschreibung der Attraktionen<\/h2>      <p class=\"desc\">Tr\u00e4umt Ihr Kind davon, zu tauchen und die Unterwasserwelt zu erkunden? Der Junior Scuba Diver Kurs ist der ideale Einstieg in ein sicheres und faszinierendes Abenteuer unter Wasser &#8211; unter der Anleitung eines erfahrenen Tauchlehrers, unter den einzigartigen Bedingungen des tiefsten Pools in Europa.   <br><br>\r\nTauchen Sie in das Angebot vor allem dann ein, wenn:<br>\ud83e\udee7 Sie keine Taucherfahrung haben oder einen Einf\u00fchrungskurs absolviert haben<br>\ud83e\udee7 Sie Ihre F\u00e4higkeiten sicher ausbauen und sich auf die n\u00e4chsten Ausbildungsstufen vorbereiten m\u00f6chten<br>\ud83e\udee7 Sie davon tr\u00e4umen, unter der Anleitung eines Profis in allen Gew\u00e4ssern der Welt Sporttauchen zu k\u00f6nnen<br>\ud83e\udee7 Sie in Ihrem eigenen Tempo zum Junior Indoor Diver\/ Junior OWD Brevet aufsteigen m\u00f6chten &#8211; Scuba Diver wird als erste Stufe angerechnet.<br><br>Was bieten wir an?<br>\ud83e\udee7 Ein zweit\u00e4giger Kurs, der Theorie und Praxis unter den einzigartigen Bedingungen von Deepspot kombiniert<br>\ud83e\udee7 \u00dcbungen im Wasser vom Lernen im flachen Bereich bis zum Tauchen bis zu 12 Metern<br>\ud83e\udee7 Verbesserung der Tarierung, des Auftriebs, der Orientierung unter Wasser und \u00dcben von Notfallsituationen und der Arbeit mit einem Partner<br>\ud83e\udee7 Schulungsmaterial, das auf der Website der SSI-Organisation bereitgestellt wird<br>\ud83e\udee7 Alles, was Sie brauchen, ist im Preis inbegriffen. Die gesamte notwendige Ausr\u00fcstung wird von uns zur Verf\u00fcgung gestellt<br>\ud83e\udee7 Intime Gruppen oder Einzelunterricht. Das Tempo wird immer zu Ihnen passen  <br><br>\r\nDie Kurse finden in kleinen Gruppen statt &#8211; maximal vier Personen pro Lehrer &#8211; und geben Ihnen das Vertrauen, jeden Atemzug in Ruhe zu nehmen und die Antwort auf jede Frage zu finden.<br><br>\r\nEs lohnt sich, denn:<br>\ud83e\udee7 Sie trainieren im tiefsten Pool Europas &#8211; bis zu 45 Meter tief<br>\ud83e\udee7 Sie tauchen unter exotischen Bedingungen &#8211; klares Wasser bei 32\u00b0C<br>\ud83e\udee7 Sie verwenden moderne, regelm\u00e4\u00dfig gewartete Ausr\u00fcstung<br>\ud83e\udee7 Sie werden von erfahrenen, internationalen Tauchlehrern unterst\u00fctzt<br>\ud83e\udee7 Es ist der perfekte Ort, um Selbstvertrauen und eine gute Technik aufzubauen.<br><br>\r\nNach Abschluss des Kurses erhalten Sie das internationale Junior Scuba Diver-Zertifikat der SSI-Organisation, das Sie dazu berechtigt, mit Unterst\u00fctzung eines Tauchlehrers oder Divemasters in begrenzten und offenen Gew\u00e4ssern bis zu einer Tiefe von 12 Metern zu tauchen.<br><br>\r\nVoraussetzungen: Schwimmkenntnisse &#8211; schwimmen Sie 200m Freistil, absolvieren Sie das Online-Trainingsmaterial, das vor dem Kurs auf der SSI-Website zur Verf\u00fcgung gestellt wird, und bestehen Sie die Online-Pr\u00fcfung.<br><br><br>\r\n\r\nWas ist wissenswert?<\/p>      <ul>            <li>\r\n              <p>Dauer  <\/p>\r\n              <strong>2 Tage (ca. 13h, einschlie\u00dflich 4 Poolsitzungen)<\/strong>\r\n            <\/li>\r\n                      <li>\r\n              <p>Mindestalter des Teilnehmers<\/p>\r\n              <strong>10 Jahre<\/strong>\r\n            <\/li>\r\n                      <li>\r\n              <p>Sie werden in Tiefen tauchen<\/p>\r\n              <strong>12m<\/strong>\r\n            <\/li>\r\n                      <li>\r\n              <p>Als Geschenk<\/p>\r\n              <strong>Kurzes Video vom Unterwasser-Fotobooth<\/strong>\r\n            <\/li>\r\n                      <li>\r\n              <p>Wir bieten  <\/p>\r\n              <strong>Die gesamte Tauchausr\u00fcstung. Bringen Sie nur Badehose, Handtuch und Flip-Flops mit <\/strong>\r\n            <\/li>\r\n                      <li>\r\n              <p>Vergessen Sie nicht<\/p>\r\n              <strong>Viel Spa\u00df und wir werden Sie mit all der Energie anstecken<\/strong>\r\n            <\/li>\r\n                      <li>\r\n              <p>Preis<\/p>\r\n              <strong>1599 PLN<\/strong>\r\n            <\/li>\r\n          <\/ul>      <div class=\"button-list-wrap\"><div class=\"button-list button-type-both\"><div><a class=\"alternate_ybb\" href=\"https:\/\/cs.deepspot.com\/offer?steps=deepspot_diving-courses_wait-for-diving-course-list_38_diving-course-people-number-confirm-button\" target=\"_blank\"><img decoding=\"async\" lazy src=\"data:image\/gif;base64,R0lGODlhAQABAAD\/ACwAAAAAAQABAAACADs%3D\" data-src=\"https:\/\/eco3ygde435.exactdn.com\/wp-content\/uploads\/sites\/2\/2020\/08\/calendar-grid-58.png?strip=all\" alt=\"\"><strong>Zarezerwuj<\/strong><\/a><\/div><div><a class=\"css-default\" href=\"https:\/\/www.deepspot.com\/pl\/frequently-asked-questions\/\" target=\"_blank\"><img decoding=\"async\" lazy src=\"data:image\/gif;base64,R0lGODlhAQABAAD\/ACwAAAAAAQABAAACADs%3D\" data-src=\"https:\/\/eco3ygde435.exactdn.com\/wp-content\/uploads\/sites\/2\/2020\/08\/presentation.png?strip=all\" alt=\"\"><strong>Najcz\u0119\u015bciej zadawane pytania<\/strong><\/a><\/div><\/div><\/div>    <\/div>\r\n  <\/div>\r\n<\/div><!-- block -->\r\n<p><strong>GESUNDHEIT<\/strong><br data-rich-text-line-break=\"true\">Tauchen ist ein Freizeitsport, den fast jeder betreiben kann. Wenn dein Gesundheitszustand gut ist, brauchst du h\u00f6chstwahrscheinlich keine Genehmigung von deinem Arzt, aber in bestimmten besonderen F\u00e4llen kann es erforderlich sein. M\u00f6chtest du sichergehen, kannst du dich vorher mit dem medizinischen Standardformular vertraut machen.<br data-rich-text-line-break=\"true\"><a href=\"https:\/\/eco3ygde435.exactdn.com\/wp-content\/uploads\/sites\/2\/2023\/10\/TR-MEDICAL-DIVER_Polish.pdf\" target=\"_blank\" rel=\"noreferrer noopener\">medizinisches Formular<\/a>.<\/p>\n","protected":false},"excerpt":{"rendered":"<p>F\u00dcR JUNGE MENSCHEN IM ALTER VON 10-14 JAHREN GESUNDHEITTauchen ist ein Freizeitsport, den fast jeder betreiben kann. Wenn dein Gesundheitszustand gut ist, brauchst du h\u00f6chstwahrscheinlich keine Genehmigung von deinem Arzt, aber in bestimmten besonderen F\u00e4llen kann es erforderlich sein. M\u00f6chtest du sichergehen, kannst du dich vorher mit dem medizinischen Standardformular vertraut machen.medizinisches Formular.<\/p>\n","protected":false},"author":18,"featured_media":53532,"parent":4761,"menu_order":9,"comment_status":"closed","ping_status":"closed","template":"","meta":{"_acf_changed":false,"footnotes":""},"class_list":["post-29869","page","type-page","status-publish","has-post-thumbnail","hentry"],"acf":[],"yoast_head":"<!-- This site is optimized with the Yoast SEO plugin v27.3 - https:\/\/yoast.com\/product\/yoast-seo-wordpress\/ -->\n<title>Junior Scuba Diver Kurs | Deepspot<\/title>\n<meta name=\"description\" content=\"Junior Scuba Diver Kurs\" \/>\n<meta name=\"robots\" content=\"index, follow, max-snippet:-1, max-image-preview:large, max-video-preview:-1\" \/>\n<link rel=\"canonical\" href=\"https:\/\/www.deepspot.com\/de\/fuer-wen\/geraetetauchen\/junior-geraetetaucher\/\" \/>\n<meta property=\"og:locale\" content=\"de_DE\" \/>\n<meta property=\"og:type\" content=\"article\" \/>\n<meta property=\"og:title\" content=\"Junior Scuba Diver Kurs | Deepspot\" \/>\n<meta property=\"og:description\" content=\"Junior Scuba Diver Kurs\" \/>\n<meta property=\"og:url\" content=\"https:\/\/www.deepspot.com\/de\/fuer-wen\/geraetetauchen\/junior-geraetetaucher\/\" \/>\n<meta property=\"og:site_name\" content=\"Deepspot\" \/>\n<meta property=\"article:modified_time\" content=\"2025-10-15T13:38:01+00:00\" \/>\n<meta property=\"og:image\" content=\"https:\/\/eco3ygde435.exactdn.com\/wp-content\/uploads\/sites\/2\/2025\/06\/fffffffffff.jpg?strip=all\" \/>\n\t<meta property=\"og:image:width\" content=\"1888\" \/>\n\t<meta property=\"og:image:height\" content=\"969\" \/>\n\t<meta property=\"og:image:type\" content=\"image\/jpeg\" \/>\n<meta name=\"twitter:card\" content=\"summary_large_image\" \/>\n<script type=\"application\/ld+json\" class=\"yoast-schema-graph\">{\"@context\":\"https:\\\/\\\/schema.org\",\"@graph\":[{\"@type\":\"WebPage\",\"@id\":\"https:\\\/\\\/www.deepspot.com\\\/de\\\/fuer-wen\\\/geraetetauchen\\\/junior-geraetetaucher\\\/\",\"url\":\"https:\\\/\\\/www.deepspot.com\\\/de\\\/fuer-wen\\\/geraetetauchen\\\/junior-geraetetaucher\\\/\",\"name\":\"Junior Scuba Diver Kurs | Deepspot\",\"isPartOf\":{\"@id\":\"https:\\\/\\\/www.deepspot.com\\\/pl\\\/#website\"},\"primaryImageOfPage\":{\"@id\":\"https:\\\/\\\/www.deepspot.com\\\/de\\\/fuer-wen\\\/geraetetauchen\\\/junior-geraetetaucher\\\/#primaryimage\"},\"image\":{\"@id\":\"https:\\\/\\\/www.deepspot.com\\\/de\\\/fuer-wen\\\/geraetetauchen\\\/junior-geraetetaucher\\\/#primaryimage\"},\"thumbnailUrl\":\"https:\\\/\\\/eco3ygde435.exactdn.com\\\/wp-content\\\/uploads\\\/sites\\\/2\\\/2025\\\/06\\\/fffffffffff.jpg?strip=all\",\"datePublished\":\"2023-02-07T16:04:44+00:00\",\"dateModified\":\"2025-10-15T13:38:01+00:00\",\"description\":\"Junior Scuba Diver Kurs\",\"breadcrumb\":{\"@id\":\"https:\\\/\\\/www.deepspot.com\\\/de\\\/fuer-wen\\\/geraetetauchen\\\/junior-geraetetaucher\\\/#breadcrumb\"},\"inLanguage\":\"de\",\"potentialAction\":[{\"@type\":\"ReadAction\",\"target\":[\"https:\\\/\\\/www.deepspot.com\\\/de\\\/fuer-wen\\\/geraetetauchen\\\/junior-geraetetaucher\\\/\"]}]},{\"@type\":\"ImageObject\",\"inLanguage\":\"de\",\"@id\":\"https:\\\/\\\/www.deepspot.com\\\/de\\\/fuer-wen\\\/geraetetauchen\\\/junior-geraetetaucher\\\/#primaryimage\",\"url\":\"https:\\\/\\\/eco3ygde435.exactdn.com\\\/wp-content\\\/uploads\\\/sites\\\/2\\\/2025\\\/06\\\/fffffffffff.jpg?strip=all\",\"contentUrl\":\"https:\\\/\\\/eco3ygde435.exactdn.com\\\/wp-content\\\/uploads\\\/sites\\\/2\\\/2025\\\/06\\\/fffffffffff.jpg?strip=all\",\"width\":1888,\"height\":969},{\"@type\":\"BreadcrumbList\",\"@id\":\"https:\\\/\\\/www.deepspot.com\\\/de\\\/fuer-wen\\\/geraetetauchen\\\/junior-geraetetaucher\\\/#breadcrumb\",\"itemListElement\":[{\"@type\":\"ListItem\",\"position\":1,\"name\":\"Strona g\u0142\u00f3wna\",\"item\":\"https:\\\/\\\/www.deepspot.com\\\/de\\\/\"},{\"@type\":\"ListItem\",\"position\":2,\"name\":\"F\u00fcr wen\",\"item\":\"https:\\\/\\\/www.deepspot.com\\\/de\\\/fuer-wen\\\/\"},{\"@type\":\"ListItem\",\"position\":3,\"name\":\"Sporttauchen\",\"item\":\"https:\\\/\\\/www.deepspot.com\\\/de\\\/fuer-wen\\\/geraetetauchen\\\/\"},{\"@type\":\"ListItem\",\"position\":4,\"name\":\"Junior Scuba Diver Kurs\"}]},{\"@type\":\"WebSite\",\"@id\":\"https:\\\/\\\/www.deepspot.com\\\/pl\\\/#website\",\"url\":\"https:\\\/\\\/www.deepspot.com\\\/pl\\\/\",\"name\":\"Deepspot\",\"description\":\"Eine neue Dimension im Tauchen\",\"potentialAction\":[{\"@type\":\"SearchAction\",\"target\":{\"@type\":\"EntryPoint\",\"urlTemplate\":\"https:\\\/\\\/www.deepspot.com\\\/pl\\\/?s={search_term_string}\"},\"query-input\":{\"@type\":\"PropertyValueSpecification\",\"valueRequired\":true,\"valueName\":\"search_term_string\"}}],\"inLanguage\":\"de\"}]}<\/script>\n<!-- \/ Yoast SEO plugin. -->","yoast_head_json":{"title":"Junior Scuba Diver Kurs | Deepspot","description":"Junior Scuba Diver Kurs","robots":{"index":"index","follow":"follow","max-snippet":"max-snippet:-1","max-image-preview":"max-image-preview:large","max-video-preview":"max-video-preview:-1"},"canonical":"https:\/\/www.deepspot.com\/de\/fuer-wen\/geraetetauchen\/junior-geraetetaucher\/","og_locale":"de_DE","og_type":"article","og_title":"Junior Scuba Diver Kurs | Deepspot","og_description":"Junior Scuba Diver Kurs","og_url":"https:\/\/www.deepspot.com\/de\/fuer-wen\/geraetetauchen\/junior-geraetetaucher\/","og_site_name":"Deepspot","article_modified_time":"2025-10-15T13:38:01+00:00","og_image":[{"width":1888,"height":969,"url":"https:\/\/eco3ygde435.exactdn.com\/wp-content\/uploads\/sites\/2\/2025\/06\/fffffffffff.jpg?strip=all","type":"image\/jpeg"}],"twitter_card":"summary_large_image","schema":{"@context":"https:\/\/schema.org","@graph":[{"@type":"WebPage","@id":"https:\/\/www.deepspot.com\/de\/fuer-wen\/geraetetauchen\/junior-geraetetaucher\/","url":"https:\/\/www.deepspot.com\/de\/fuer-wen\/geraetetauchen\/junior-geraetetaucher\/","name":"Junior Scuba Diver Kurs | Deepspot","isPartOf":{"@id":"https:\/\/www.deepspot.com\/pl\/#website"},"primaryImageOfPage":{"@id":"https:\/\/www.deepspot.com\/de\/fuer-wen\/geraetetauchen\/junior-geraetetaucher\/#primaryimage"},"image":{"@id":"https:\/\/www.deepspot.com\/de\/fuer-wen\/geraetetauchen\/junior-geraetetaucher\/#primaryimage"},"thumbnailUrl":"https:\/\/eco3ygde435.exactdn.com\/wp-content\/uploads\/sites\/2\/2025\/06\/fffffffffff.jpg?strip=all","datePublished":"2023-02-07T16:04:44+00:00","dateModified":"2025-10-15T13:38:01+00:00","description":"Junior Scuba Diver Kurs","breadcrumb":{"@id":"https:\/\/www.deepspot.com\/de\/fuer-wen\/geraetetauchen\/junior-geraetetaucher\/#breadcrumb"},"inLanguage":"de","potentialAction":[{"@type":"ReadAction","target":["https:\/\/www.deepspot.com\/de\/fuer-wen\/geraetetauchen\/junior-geraetetaucher\/"]}]},{"@type":"ImageObject","inLanguage":"de","@id":"https:\/\/www.deepspot.com\/de\/fuer-wen\/geraetetauchen\/junior-geraetetaucher\/#primaryimage","url":"https:\/\/eco3ygde435.exactdn.com\/wp-content\/uploads\/sites\/2\/2025\/06\/fffffffffff.jpg?strip=all","contentUrl":"https:\/\/eco3ygde435.exactdn.com\/wp-content\/uploads\/sites\/2\/2025\/06\/fffffffffff.jpg?strip=all","width":1888,"height":969},{"@type":"BreadcrumbList","@id":"https:\/\/www.deepspot.com\/de\/fuer-wen\/geraetetauchen\/junior-geraetetaucher\/#breadcrumb","itemListElement":[{"@type":"ListItem","position":1,"name":"Strona g\u0142\u00f3wna","item":"https:\/\/www.deepspot.com\/de\/"},{"@type":"ListItem","position":2,"name":"F\u00fcr wen","item":"https:\/\/www.deepspot.com\/de\/fuer-wen\/"},{"@type":"ListItem","position":3,"name":"Sporttauchen","item":"https:\/\/www.deepspot.com\/de\/fuer-wen\/geraetetauchen\/"},{"@type":"ListItem","position":4,"name":"Junior Scuba Diver Kurs"}]},{"@type":"WebSite","@id":"https:\/\/www.deepspot.com\/pl\/#website","url":"https:\/\/www.deepspot.com\/pl\/","name":"Deepspot","description":"Eine neue Dimension im Tauchen","potentialAction":[{"@type":"SearchAction","target":{"@type":"EntryPoint","urlTemplate":"https:\/\/www.deepspot.com\/pl\/?s={search_term_string}"},"query-input":{"@type":"PropertyValueSpecification","valueRequired":true,"valueName":"search_term_string"}}],"inLanguage":"de"}]}},"_links":{"self":[{"href":"https:\/\/www.deepspot.com\/de\/wp-json\/wp\/v2\/pages\/29869","targetHints":{"allow":["GET"]}}],"collection":[{"href":"https:\/\/www.deepspot.com\/de\/wp-json\/wp\/v2\/pages"}],"about":[{"href":"https:\/\/www.deepspot.com\/de\/wp-json\/wp\/v2\/types\/page"}],"author":[{"embeddable":true,"href":"https:\/\/www.deepspot.com\/de\/wp-json\/wp\/v2\/users\/18"}],"replies":[{"embeddable":true,"href":"https:\/\/www.deepspot.com\/de\/wp-json\/wp\/v2\/comments?post=29869"}],"version-history":[{"count":11,"href":"https:\/\/www.deepspot.com\/de\/wp-json\/wp\/v2\/pages\/29869\/revisions"}],"predecessor-version":[{"id":57512,"href":"https:\/\/www.deepspot.com\/de\/wp-json\/wp\/v2\/pages\/29869\/revisions\/57512"}],"up":[{"embeddable":true,"href":"https:\/\/www.deepspot.com\/de\/wp-json\/wp\/v2\/pages\/4761"}],"wp:featuredmedia":[{"embeddable":true,"href":"https:\/\/www.deepspot.com\/de\/wp-json\/wp\/v2\/media\/53532"}],"wp:attachment":[{"href":"https:\/\/www.deepspot.com\/de\/wp-json\/wp\/v2\/media?parent=29869"}],"curies":[{"name":"wp","href":"https:\/\/api.w.org\/{rel}","templated":true}]}}