{"id":30912,"date":"2023-04-18T15:12:13","date_gmt":"2023-04-18T13:12:13","guid":{"rendered":"https:\/\/www.deepspot.com\/?page_id=30912"},"modified":"2026-02-26T13:56:18","modified_gmt":"2026-02-26T12:56:18","slug":"padi-owd-deepspot-kurs","status":"publish","type":"page","link":"https:\/\/www.deepspot.com\/de\/fuer-wen\/geraetetauchen\/padi-owd-deepspot-kurs\/","title":{"rendered":"OPEN WATER DIVER KURS"},"content":{"rendered":"<div id=\"hero-block_78cb1a83db761716f0a3ebc49315ffb5\" class=\"hero-block\">\r\n  <div class=\"row outer-container\">\r\n    <div>\r\n      <img decoding=\"async\" lazy src=\"data:image\/gif;base64,R0lGODlhAQABAAD\/ACwAAAAAAQABAAACADs%3D\" data-src=\"https:\/\/eco3ygde435.exactdn.com\/wp-content\/uploads\/sites\/2\/2025\/06\/JIJIJI.jpg?strip=all\" alt=\"\">\r\n          <\/div>\r\n    <div>\r\n      <h2>Werden Sie ein unabh\u00e4ngiger Taucher und erkunden Sie die Gew\u00e4sser der Welt<\/h2><p>Der OWD-Kurs ist der erste Schritt zum unabh\u00e4ngigen Tauchen rund um die Welt.  <br>In drei Tagen erwerben Sie eine solide theoretische Grundlage, lernen den Umgang mit der Ausr\u00fcstung und f\u00fchren eine Reihe von Tauchg\u00e4ngen unter Anleitung eines Tauchlehrers durch.  <br>Nach Abschluss des Kurses erhalten Sie ein internationales OWD-Zertifikat, das Sie berechtigt, mit einem Partner bis zu einer Tiefe von 18 Metern zu tauchen &#8211; sowohl in offenen als auch in begrenzten Gew\u00e4ssern.<\/p>    <\/div>\r\n  <\/div>\r\n<\/div><!-- block -->\r\n<div id=\"product-details-block_edb1333e07e999a5dfd1766ba3d759b8\" class=\"product-details-block\">\r\n  <div class=\"row container\">\r\n    <div>\r\n      <h2 class=\"title\">Beschreibung der Attraktionen<\/h2>      <p class=\"desc\">Der Deepspot Open Water Diver Kurs ist der beste Weg, um eine solide Grundlage zu schaffen und sich vollst\u00e4ndig zu qualifizieren, um mit einem Tauchpartner unabh\u00e4ngig um die Welt zu tauchen &#8211; bis zu einer Tiefe von 18 Metern.  <br>Wir bieten den Kurs im Fr\u00fchjahr und Sommer an, in den Monaten Mai bis September.  <br><br>\r\nTauchen Sie in das Angebot ein, besonders wenn: <br>\ud83e\udee7 Sie keine Taucherfahrung haben oder einen Einf\u00fchrungskurs absolviert haben <br>\ud83e\udee7 Sie Ihre F\u00e4higkeiten sicher weiterentwickeln und sich unter au\u00dfergew\u00f6hnlichen Bedingungen auf die n\u00e4chsten Ausbildungsstufen vorbereiten wollen <br>\ud83e\udee7 Sie Tauchreisen, Safaris, Urlaube in den Tropen planen und davon tr\u00e4umen, selbstst\u00e4ndig (ohne Tauchlehrer, mit Hilfe von Buddha) in Tiefen bis zu 18 Metern in Gew\u00e4ssern rund um die Welt zu tauchen.  <br><br>\r\nWas bieten wir?<br>\ud83e\udee7 Dreit\u00e4giges Training, das Theorie und Praxis unter den einzigartigen Bedingungen des Deepspot und des Freiwassers kombiniert (Ort: Honoratka)<br>\ud83e\udee7 \u00dcbungen im Wasser vom Lernen im flachen Bereich bis zum Tauchen bis zu 18 Metern <br>\ud83e\udee7 Verbesserung der Tarierung, des Auftriebs, der Orientierung unter Wasser und \u00dcben von Notfallsituationen und der Arbeit mit einem Partner <br>\ud83e\udee7 Trainingsmaterialien, die auf der Website der SSI-Organisation zur Verf\u00fcgung gestellt werden <br>\ud83e\udee7 Alles, was Sie brauchen, ist im Preis inbegriffen. Die gesamte notwendige Ausr\u00fcstung wird von uns zur Verf\u00fcgung gestellt <br>\ud83e\udee7 Intime Gruppen. Das Tempo wird immer zu Ihnen passen  <br><br>\r\nDie Kurse finden in kleinen Gruppen statt &#8211; maximal vier Personen pro Lehrer &#8211; und geben Ihnen das Vertrauen, jeden Atemzug in Ruhe zu nehmen und die Antwort auf jede Frage zu finden.<br><br>\r\nDas ist es wert, denn: <br>\ud83e\udee7 Sie trainieren im tiefsten Pool Europas &#8211; bis zu 45 Meter tief<br>\ud83e\udee7 Sie tauchen unter exotischen Bedingungen &#8211; klares Wasser bei 32\u00b0C<br>\ud83e\udee7 Sie benutzen moderne, regelm\u00e4\u00dfig gewartete Ausr\u00fcstung<br>\ud83e\udee7 Sie werden von erfahrenen, internationalen Tauchlehrern unterst\u00fctzt<br>\ud83e\udee7 Es ist der perfekte Ort, um Selbstvertrauen und eine gute Technik aufzubauen.<br><br>\r\nNach Abschluss des Kurses erhalten Sie ein internationales Open Water Diver-Zertifikat der SSI-Organisation, das Sie dazu berechtigt, selbstst\u00e4ndig mit Buddy in begrenzten Gew\u00e4ssern bis zu 18 m zu tauchen.<br><br>\r\nVoraussetzungen: Schwimmkenntnisse &#8211; schwimmen Sie 200 m Freistil, vervollst\u00e4ndigen Sie das vor dem Kurs auf der SSI-Website bereitgestellte Schulungsmaterial und bestehen Sie die Online-Pr\u00fcfung.<br><br><br>\r\nWas ist wissenswert?\r\n<\/p>      <ul>            <li>\r\n              <p>Dauer  <\/p>\r\n              <strong>3 Tage (ca. 20h, einschlie\u00dflich 6 Poolsitzungen)<\/strong>\r\n            <\/li>\r\n                      <li>\r\n              <p>Mindestalter des Teilnehmers<\/p>\r\n              <strong>12 JAHRE<\/strong>\r\n            <\/li>\r\n                      <li>\r\n              <p>Sie werden in Tiefen tauchen<\/p>\r\n              <strong>18M<\/strong>\r\n            <\/li>\r\n                      <li>\r\n              <p>Als Geschenk<\/p>\r\n              <strong>Kurzes Video vom Unterwasser-Fotobooth<\/strong>\r\n            <\/li>\r\n                      <li>\r\n              <p>Wir bieten<\/p>\r\n              <strong>Die gesamte Tauchausr\u00fcstung. Bringen Sie nur Badehose, Handtuch und Flip-Flops mit <\/strong>\r\n            <\/li>\r\n                      <li>\r\n              <p>Vergessen Sie nicht<\/p>\r\n              <strong>Viel Spa\u00df und wir werden Sie mit all der Energie anstecken<\/strong>\r\n            <\/li>\r\n                      <li>\r\n              <p>PREIS<\/p>\r\n              <strong>2 999 PLN<\/strong>\r\n            <\/li>\r\n          <\/ul>      <div class=\"button-list-wrap\"><div class=\"button-list button-type-both\"><div><a class=\"alternate_ybb\" href=\"https:\/\/cs.deepspot.com\/offer?steps=deepspot_diving-courses_wait-for-diving-course-list_48\" target=\"_self\"><img decoding=\"async\" lazy src=\"data:image\/gif;base64,R0lGODlhAQABAAD\/ACwAAAAAAQABAAACADs%3D\" data-src=\"https:\/\/eco3ygde435.exactdn.com\/wp-content\/uploads\/sites\/2\/2020\/08\/calendar-grid-58.png?strip=all\" alt=\"\"><strong>Zarezerwuj<\/strong><\/a><\/div><div><a class=\"alternate_ybb\" href=\"https:\/\/sklep.deepspot.com\/vouchery\/kurs-open-water-diver\" target=\"_self\"><img decoding=\"async\" lazy src=\"data:image\/gif;base64,R0lGODlhAQABAAD\/ACwAAAAAAQABAAACADs%3D\" data-src=\"https:\/\/eco3ygde435.exactdn.com\/wp-content\/uploads\/sites\/2\/2020\/08\/paper-diploma.png?strip=all\" alt=\"\"><strong>Zam\u00f3w voucher<\/strong><\/a><\/div><\/div><\/div>    <\/div>\r\n  <\/div>\r\n<\/div><!-- block -->\r\n<p><strong>GESUNDHEIT<\/strong><br data-rich-text-line-break=\"true\">Tauchen ist ein Freizeitsport, den fast jeder betreiben kann. Wenn dein Gesundheitszustand gut ist, brauchst du h\u00f6chstwahrscheinlich keine Genehmigung von deinem Arzt, aber in bestimmten besonderen F\u00e4llen kann es erforderlich sein. M\u00f6chtest du sichergehen, kannst du dich vorher mit dem medizinischen Standardformular vertraut machen.<br data-rich-text-line-break=\"true\"><a href=\"https:\/\/eco3ygde435.exactdn.com\/wp-content\/uploads\/sites\/2\/2023\/10\/TR-MEDICAL-DIVER_Polish.pdf\" target=\"_blank\" rel=\"noreferrer noopener\">medizinisches Formular<\/a>.<\/p>\n<div id=\"download-block_bab94b25d0ab864df6485edb9fc7c7d8\" class=\"download-block\">\r\n  <div class=\"row container\">\r\n    <div>\r\n      <h2 class=\"title\">Dokumente<\/h2>      <ul>            <li>\r\n              <a href=\"https:\/\/www.deepspot.com\/wp-content\/uploads\/sites\/2\/2023\/04\/PADI_OWD_2023_Deepspot.pdf\" download>\r\n                <div>\r\n                  <img decoding=\"async\" lazy src=\"data:image\/gif;base64,R0lGODlhAQABAAD\/ACwAAAAAAQABAAACADs%3D\" data-src=\"https:\/\/www.deepspot.com\/wp-content\/themes\/deepspotflyspotWPML\/images\/dots-download.svg\">\r\n                  <p>Studentenakten<\/p>\r\n                <\/div>\r\n              <\/a>\r\n            <\/li>\r\n                      <li>\r\n              <a href=\"https:\/\/www.deepspot.com\/wp-content\/uploads\/sites\/2\/2023\/04\/10056PL-Dokumentacja-kursanta-PADI-Open-Water-Diver-i-przekazowka.pdf\" download>\r\n                <div>\r\n                  <img decoding=\"async\" lazy src=\"data:image\/gif;base64,R0lGODlhAQABAAD\/ACwAAAAAAQABAAACADs%3D\" data-src=\"https:\/\/www.deepspot.com\/wp-content\/themes\/deepspotflyspotWPML\/images\/dots-download.svg\">\r\n                  <p>Kursunterlagen<\/p>\r\n                <\/div>\r\n              <\/a>\r\n            <\/li>\r\n                      <li>\r\n              <a href=\"https:\/\/www.deepspot.com\/wp-content\/uploads\/sites\/2\/2023\/08\/FomularzMedyczny2023_PL_do_wgladu.pdf\" download>\r\n                <div>\r\n                  <img decoding=\"async\" lazy src=\"data:image\/gif;base64,R0lGODlhAQABAAD\/ACwAAAAAAQABAAACADs%3D\" data-src=\"https:\/\/www.deepspot.com\/wp-content\/themes\/deepspotflyspotWPML\/images\/dots-download.svg\">\r\n                  <p>Medizinisches Formular<\/p>\r\n                <\/div>\r\n              <\/a>\r\n            <\/li>\r\n          <\/ul>    <\/div>\r\n  <\/div>\r\n<\/div><!-- block -->\r\n\n<p><\/p>\n","protected":false},"excerpt":{"rendered":"<p>GESUNDHEITTauchen ist ein Freizeitsport, den fast jeder betreiben kann. Wenn dein Gesundheitszustand gut ist, brauchst du h\u00f6chstwahrscheinlich keine Genehmigung von deinem Arzt, aber in bestimmten besonderen F\u00e4llen kann es erforderlich sein. M\u00f6chtest du sichergehen, kannst du dich vorher mit dem medizinischen Standardformular vertraut machen.medizinisches Formular.<\/p>\n","protected":false},"author":1,"featured_media":53311,"parent":4761,"menu_order":3,"comment_status":"closed","ping_status":"closed","template":"","meta":{"_acf_changed":false,"footnotes":""},"class_list":["post-30912","page","type-page","status-publish","has-post-thumbnail","hentry"],"acf":[],"yoast_head":"<!-- This site is optimized with the Yoast SEO plugin v27.3 - https:\/\/yoast.com\/product\/yoast-seo-wordpress\/ -->\n<title>OPEN WATER DIVER KURS | Deepspot<\/title>\n<meta name=\"description\" content=\"OPEN WATER DIVER KURS\" \/>\n<meta name=\"robots\" content=\"index, follow, max-snippet:-1, max-image-preview:large, max-video-preview:-1\" \/>\n<link rel=\"canonical\" href=\"https:\/\/www.deepspot.com\/de\/fuer-wen\/geraetetauchen\/padi-owd-deepspot-kurs\/\" \/>\n<meta property=\"og:locale\" content=\"de_DE\" \/>\n<meta property=\"og:type\" content=\"article\" \/>\n<meta property=\"og:title\" content=\"OPEN WATER DIVER KURS | Deepspot\" \/>\n<meta property=\"og:description\" content=\"OPEN WATER DIVER KURS\" \/>\n<meta property=\"og:url\" content=\"https:\/\/www.deepspot.com\/de\/fuer-wen\/geraetetauchen\/padi-owd-deepspot-kurs\/\" \/>\n<meta property=\"og:site_name\" content=\"Deepspot\" \/>\n<meta property=\"article:modified_time\" content=\"2026-02-26T12:56:18+00:00\" \/>\n<meta property=\"og:image\" content=\"https:\/\/eco3ygde435.exactdn.com\/wp-content\/uploads\/sites\/2\/2025\/06\/HUHUHU-1.jpg?strip=all\" \/>\n\t<meta property=\"og:image:width\" content=\"1652\" \/>\n\t<meta property=\"og:image:height\" content=\"1096\" \/>\n\t<meta property=\"og:image:type\" content=\"image\/jpeg\" \/>\n<meta name=\"twitter:card\" content=\"summary_large_image\" \/>\n<script type=\"application\/ld+json\" class=\"yoast-schema-graph\">{\"@context\":\"https:\\\/\\\/schema.org\",\"@graph\":[{\"@type\":\"WebPage\",\"@id\":\"https:\\\/\\\/www.deepspot.com\\\/de\\\/fuer-wen\\\/geraetetauchen\\\/padi-owd-deepspot-kurs\\\/\",\"url\":\"https:\\\/\\\/www.deepspot.com\\\/de\\\/fuer-wen\\\/geraetetauchen\\\/padi-owd-deepspot-kurs\\\/\",\"name\":\"OPEN WATER DIVER KURS | Deepspot\",\"isPartOf\":{\"@id\":\"https:\\\/\\\/www.deepspot.com\\\/pl\\\/#website\"},\"primaryImageOfPage\":{\"@id\":\"https:\\\/\\\/www.deepspot.com\\\/de\\\/fuer-wen\\\/geraetetauchen\\\/padi-owd-deepspot-kurs\\\/#primaryimage\"},\"image\":{\"@id\":\"https:\\\/\\\/www.deepspot.com\\\/de\\\/fuer-wen\\\/geraetetauchen\\\/padi-owd-deepspot-kurs\\\/#primaryimage\"},\"thumbnailUrl\":\"https:\\\/\\\/eco3ygde435.exactdn.com\\\/wp-content\\\/uploads\\\/sites\\\/2\\\/2025\\\/06\\\/HUHUHU-1.jpg?strip=all\",\"datePublished\":\"2023-04-18T13:12:13+00:00\",\"dateModified\":\"2026-02-26T12:56:18+00:00\",\"description\":\"OPEN WATER DIVER KURS\",\"breadcrumb\":{\"@id\":\"https:\\\/\\\/www.deepspot.com\\\/de\\\/fuer-wen\\\/geraetetauchen\\\/padi-owd-deepspot-kurs\\\/#breadcrumb\"},\"inLanguage\":\"de\",\"potentialAction\":[{\"@type\":\"ReadAction\",\"target\":[\"https:\\\/\\\/www.deepspot.com\\\/de\\\/fuer-wen\\\/geraetetauchen\\\/padi-owd-deepspot-kurs\\\/\"]}]},{\"@type\":\"ImageObject\",\"inLanguage\":\"de\",\"@id\":\"https:\\\/\\\/www.deepspot.com\\\/de\\\/fuer-wen\\\/geraetetauchen\\\/padi-owd-deepspot-kurs\\\/#primaryimage\",\"url\":\"https:\\\/\\\/eco3ygde435.exactdn.com\\\/wp-content\\\/uploads\\\/sites\\\/2\\\/2025\\\/06\\\/HUHUHU-1.jpg?strip=all\",\"contentUrl\":\"https:\\\/\\\/eco3ygde435.exactdn.com\\\/wp-content\\\/uploads\\\/sites\\\/2\\\/2025\\\/06\\\/HUHUHU-1.jpg?strip=all\",\"width\":1652,\"height\":1096},{\"@type\":\"BreadcrumbList\",\"@id\":\"https:\\\/\\\/www.deepspot.com\\\/de\\\/fuer-wen\\\/geraetetauchen\\\/padi-owd-deepspot-kurs\\\/#breadcrumb\",\"itemListElement\":[{\"@type\":\"ListItem\",\"position\":1,\"name\":\"Strona g\u0142\u00f3wna\",\"item\":\"https:\\\/\\\/www.deepspot.com\\\/de\\\/\"},{\"@type\":\"ListItem\",\"position\":2,\"name\":\"F\u00fcr wen\",\"item\":\"https:\\\/\\\/www.deepspot.com\\\/de\\\/fuer-wen\\\/\"},{\"@type\":\"ListItem\",\"position\":3,\"name\":\"Sporttauchen\",\"item\":\"https:\\\/\\\/www.deepspot.com\\\/de\\\/fuer-wen\\\/geraetetauchen\\\/\"},{\"@type\":\"ListItem\",\"position\":4,\"name\":\"OPEN WATER DIVER KURS\"}]},{\"@type\":\"WebSite\",\"@id\":\"https:\\\/\\\/www.deepspot.com\\\/pl\\\/#website\",\"url\":\"https:\\\/\\\/www.deepspot.com\\\/pl\\\/\",\"name\":\"Deepspot\",\"description\":\"Eine neue Dimension im Tauchen\",\"potentialAction\":[{\"@type\":\"SearchAction\",\"target\":{\"@type\":\"EntryPoint\",\"urlTemplate\":\"https:\\\/\\\/www.deepspot.com\\\/pl\\\/?s={search_term_string}\"},\"query-input\":{\"@type\":\"PropertyValueSpecification\",\"valueRequired\":true,\"valueName\":\"search_term_string\"}}],\"inLanguage\":\"de\"}]}<\/script>\n<!-- \/ Yoast SEO plugin. -->","yoast_head_json":{"title":"OPEN WATER DIVER KURS | Deepspot","description":"OPEN WATER DIVER KURS","robots":{"index":"index","follow":"follow","max-snippet":"max-snippet:-1","max-image-preview":"max-image-preview:large","max-video-preview":"max-video-preview:-1"},"canonical":"https:\/\/www.deepspot.com\/de\/fuer-wen\/geraetetauchen\/padi-owd-deepspot-kurs\/","og_locale":"de_DE","og_type":"article","og_title":"OPEN WATER DIVER KURS | Deepspot","og_description":"OPEN WATER DIVER KURS","og_url":"https:\/\/www.deepspot.com\/de\/fuer-wen\/geraetetauchen\/padi-owd-deepspot-kurs\/","og_site_name":"Deepspot","article_modified_time":"2026-02-26T12:56:18+00:00","og_image":[{"width":1652,"height":1096,"url":"https:\/\/eco3ygde435.exactdn.com\/wp-content\/uploads\/sites\/2\/2025\/06\/HUHUHU-1.jpg?strip=all","type":"image\/jpeg"}],"twitter_card":"summary_large_image","schema":{"@context":"https:\/\/schema.org","@graph":[{"@type":"WebPage","@id":"https:\/\/www.deepspot.com\/de\/fuer-wen\/geraetetauchen\/padi-owd-deepspot-kurs\/","url":"https:\/\/www.deepspot.com\/de\/fuer-wen\/geraetetauchen\/padi-owd-deepspot-kurs\/","name":"OPEN WATER DIVER KURS | Deepspot","isPartOf":{"@id":"https:\/\/www.deepspot.com\/pl\/#website"},"primaryImageOfPage":{"@id":"https:\/\/www.deepspot.com\/de\/fuer-wen\/geraetetauchen\/padi-owd-deepspot-kurs\/#primaryimage"},"image":{"@id":"https:\/\/www.deepspot.com\/de\/fuer-wen\/geraetetauchen\/padi-owd-deepspot-kurs\/#primaryimage"},"thumbnailUrl":"https:\/\/eco3ygde435.exactdn.com\/wp-content\/uploads\/sites\/2\/2025\/06\/HUHUHU-1.jpg?strip=all","datePublished":"2023-04-18T13:12:13+00:00","dateModified":"2026-02-26T12:56:18+00:00","description":"OPEN WATER DIVER KURS","breadcrumb":{"@id":"https:\/\/www.deepspot.com\/de\/fuer-wen\/geraetetauchen\/padi-owd-deepspot-kurs\/#breadcrumb"},"inLanguage":"de","potentialAction":[{"@type":"ReadAction","target":["https:\/\/www.deepspot.com\/de\/fuer-wen\/geraetetauchen\/padi-owd-deepspot-kurs\/"]}]},{"@type":"ImageObject","inLanguage":"de","@id":"https:\/\/www.deepspot.com\/de\/fuer-wen\/geraetetauchen\/padi-owd-deepspot-kurs\/#primaryimage","url":"https:\/\/eco3ygde435.exactdn.com\/wp-content\/uploads\/sites\/2\/2025\/06\/HUHUHU-1.jpg?strip=all","contentUrl":"https:\/\/eco3ygde435.exactdn.com\/wp-content\/uploads\/sites\/2\/2025\/06\/HUHUHU-1.jpg?strip=all","width":1652,"height":1096},{"@type":"BreadcrumbList","@id":"https:\/\/www.deepspot.com\/de\/fuer-wen\/geraetetauchen\/padi-owd-deepspot-kurs\/#breadcrumb","itemListElement":[{"@type":"ListItem","position":1,"name":"Strona g\u0142\u00f3wna","item":"https:\/\/www.deepspot.com\/de\/"},{"@type":"ListItem","position":2,"name":"F\u00fcr wen","item":"https:\/\/www.deepspot.com\/de\/fuer-wen\/"},{"@type":"ListItem","position":3,"name":"Sporttauchen","item":"https:\/\/www.deepspot.com\/de\/fuer-wen\/geraetetauchen\/"},{"@type":"ListItem","position":4,"name":"OPEN WATER DIVER KURS"}]},{"@type":"WebSite","@id":"https:\/\/www.deepspot.com\/pl\/#website","url":"https:\/\/www.deepspot.com\/pl\/","name":"Deepspot","description":"Eine neue Dimension im Tauchen","potentialAction":[{"@type":"SearchAction","target":{"@type":"EntryPoint","urlTemplate":"https:\/\/www.deepspot.com\/pl\/?s={search_term_string}"},"query-input":{"@type":"PropertyValueSpecification","valueRequired":true,"valueName":"search_term_string"}}],"inLanguage":"de"}]}},"_links":{"self":[{"href":"https:\/\/www.deepspot.com\/de\/wp-json\/wp\/v2\/pages\/30912","targetHints":{"allow":["GET"]}}],"collection":[{"href":"https:\/\/www.deepspot.com\/de\/wp-json\/wp\/v2\/pages"}],"about":[{"href":"https:\/\/www.deepspot.com\/de\/wp-json\/wp\/v2\/types\/page"}],"author":[{"embeddable":true,"href":"https:\/\/www.deepspot.com\/de\/wp-json\/wp\/v2\/users\/1"}],"replies":[{"embeddable":true,"href":"https:\/\/www.deepspot.com\/de\/wp-json\/wp\/v2\/comments?post=30912"}],"version-history":[{"count":48,"href":"https:\/\/www.deepspot.com\/de\/wp-json\/wp\/v2\/pages\/30912\/revisions"}],"predecessor-version":[{"id":57778,"href":"https:\/\/www.deepspot.com\/de\/wp-json\/wp\/v2\/pages\/30912\/revisions\/57778"}],"up":[{"embeddable":true,"href":"https:\/\/www.deepspot.com\/de\/wp-json\/wp\/v2\/pages\/4761"}],"wp:featuredmedia":[{"embeddable":true,"href":"https:\/\/www.deepspot.com\/de\/wp-json\/wp\/v2\/media\/53311"}],"wp:attachment":[{"href":"https:\/\/www.deepspot.com\/de\/wp-json\/wp\/v2\/media?parent=30912"}],"curies":[{"name":"wp","href":"https:\/\/api.w.org\/{rel}","templated":true}]}}