{"id":32133,"date":"2023-06-30T15:00:25","date_gmt":"2023-06-30T13:00:25","guid":{"rendered":"https:\/\/www.deepspot.com\/?page_id=32133"},"modified":"2025-10-10T14:14:58","modified_gmt":"2025-10-10T12:14:58","slug":"vorbereitungen-fuer-eine-tauchreise","status":"publish","type":"page","link":"https:\/\/www.deepspot.com\/de\/fuer-wen\/geraetetauchen\/vorbereitungen-fuer-eine-tauchreise\/","title":{"rendered":"Workshop Vorbereitungen f\u00fcr eine Tauchreise"},"content":{"rendered":"<div id=\"hero-block_78aca3c9bf31df7bbcdc6756e1a339be\" class=\"hero-block\">\r\n  <div class=\"row outer-container\">\r\n    <div>\r\n      <img decoding=\"async\" lazy src=\"data:image\/gif;base64,R0lGODlhAQABAAD\/ACwAAAAAAQABAAACADs%3D\" data-src=\"https:\/\/eco3ygde435.exactdn.com\/wp-content\/uploads\/sites\/2\/2025\/03\/Obraz30.jpg?strip=all\" alt=\"\">\r\n          <\/div>\r\n    <div>\r\n      <h2>Starten Sie mit Zuversicht &#8211; stressfrei und mit voller Kontrolle<\/h2><p>Haben Sie einen Tauchausflug geplant?  <br>Machen Sie einen schnellen Reset und springen Sie mit Selbstvertrauen ins Wasser! Dieser Workshop ist der perfekte Weg, um Ihre Kenntnisse aufzufrischen, bevor Sie ins Meer tauchen. Sie werden die Handhabung der Ausr\u00fcstung und die Sicherheitsgrundlagen wiederholen und einen von einem Tauchlehrer geleiteten Tauchgang unter kontrollierten Deepspot-Bedingungen durchf\u00fchren.    \r\n<\/p>    <\/div>\r\n  <\/div>\r\n<\/div><!-- block -->\r\n<div id=\"product-details-block_bb4e873aca5e531bfddd052b341c60ce\" class=\"product-details-block\">\r\n  <div class=\"row container\">\r\n    <div>\r\n      <h2 class=\"title\">Beschreibung der Attraktionen<\/h2>      <p class=\"desc\">M\u00f6chten Sie erfolgreiche Ausw\u00e4rtstauchg\u00e4nge genie\u00dfen, ohne Zeit zu verlieren, um in Erinnerungen zu schwelgen und Ihre Tauchfertigkeiten &#8220;aufzuw\u00e4rmen&#8221;?  <br>Dieser Workshop wird Ihnen helfen, Ihr Wissen zu organisieren, Ihre Ausr\u00fcstung zu \u00fcberpr\u00fcfen und sich auf Ihr Tauchabenteuer vorzubereiten &#8211; ohne Stress und \u00dcberraschungen.  <br><br>\r\nWagen Sie den Sprung, vor allem wenn:<br>\ud83e\udee7 Sie zertifiziert sind (mind. OWD\/Indoor), aber schon eine Weile nicht mehr getaucht haben <br>\ud83e\udee7 Sie eine Reise planen und Ihre Kenntnisse vor dem Freiwassertauchen auffrischen m\u00f6chten<br>\ud83e\udee7 Sie Wert auf ein entspanntes Tempo und volle Konzentration auf Ihre Bed\u00fcrfnisse legen.<br><br>\r\nWas bieten wir an?<br>\ud83e\udee7 Ein Kurs, der Theorie und Tauchen mit \u00dcbungen kombiniert. Ein \u00dcberblick \u00fcber die wichtigsten Prinzipien des Sporttauchens<br>\ud83e\udee7 Eine Diskussion \u00fcber die Ausr\u00fcstung und wie man sie f\u00fcr die Reise vorbereitet<br>\ud83e\udee7 Die h\u00e4ufigsten Fehler, die vor einer Reise gemacht werden &#8211; wie man sie vermeidet<br>\ud83e\udee7 Alles, was Sie brauchen, ist enthalten. Eine komplette Ausr\u00fcstung wird von uns zur Verf\u00fcgung gestellt<br>\ud83e\udee7 Es besteht die M\u00f6glichkeit, einen Garmin Tauchcomputer zu mieten &#8211; \u00a345\/Tauchgang. Wenn Sie Ihren eigenen Computer haben, k\u00f6nnen Sie mit ihm tauchen oder ihn gegen einen Tauchgang eintauschen, um Ihren Garmin-Computer kostenlos zu testen. Dies ist ein Muss f\u00fcr jeden Taucher<br>\ud83e\udee7 Intime Gruppen oder Einzelunterricht. Das Tempo ist immer auf Sie zugeschnitten     <br><br>\r\nDie Workshops werden in kleinen Gruppen durchgef\u00fchrt &#8211; maximal 4 Personen pro Lehrer &#8211; und geben Ihnen das Vertrauen, jeden Atemzug in Ruhe zu nehmen und die Antwort auf jede Frage zu finden.<br><br>\r\nEs lohnt sich, denn:<br>\ud83e\udee7 Sie trainieren im tiefsten Pool Europas &#8211; bis zu 45 Meter tief<br>\ud83e\udee7 Sie tauchen unter exotischen Bedingungen &#8211; klares Wasser bei 32\u00b0C<br>\ud83e\udee7 Sie verwenden moderne, regelm\u00e4\u00dfig gewartete Ausr\u00fcstung<br>\ud83e\udee7 Sie werden von erfahrenen, internationalen Tauchlehrern unterst\u00fctzt<br>\ud83e\udee7 Es ist der perfekte Ort, um Selbstvertrauen und eine gute Technik aufzubauen.<br><br><br>\r\n\r\nWas ist wissenswert?<\/p>      <ul>            <li>\r\n              <p>Dauer<\/p>\r\n              <strong>1 Stunde 45 Minuten Unterricht<\/strong>\r\n            <\/li>\r\n                      <li>\r\n              <p>Mindestalter<\/p>\r\n              <strong>12 Jahre<\/strong>\r\n            <\/li>\r\n                      <li>\r\n              <p>Sie tauchen bis zu einer maximalen Tiefe von<\/p>\r\n              <strong>18m<\/strong>\r\n            <\/li>\r\n                      <li>\r\n              <p>Als Geschenk<\/p>\r\n              <strong>Kurzes Erinnerungsvideo aus dem Unterwasser-Fotoautomaten<\/strong>\r\n            <\/li>\r\n                      <li>\r\n              <p>Wir bieten<\/p>\r\n              <strong>Alle notwendige Tauchausr\u00fcstung<\/strong>\r\n            <\/li>\r\n                      <li>\r\n              <p>Vergessen Sie nicht<\/p>\r\n              <strong>Viel Spa\u00df und wir werden Sie mit all der Energie anstecken<\/strong>\r\n            <\/li>\r\n                      <li>\r\n              <p>Preis<\/p>\r\n              <strong>von 269 PLN auf 279 PLN<\/strong>\r\n            <\/li>\r\n          <\/ul>      <div class=\"button-list-wrap\"><div class=\"button-list button-type-both\"><div><a class=\"alternate_ybb\" href=\"https:\/\/cs.deepspot.com\/offer?steps=deepspot_diving-courses_wait-for-diving-course-list_42\" target=\"_self\"><strong>Zarezerwuj<\/strong><\/a><\/div><\/div><\/div>    <\/div>\r\n  <\/div>\r\n<\/div><!-- block -->\r\n","protected":false},"excerpt":{"rendered":"","protected":false},"author":19,"featured_media":49953,"parent":4761,"menu_order":5,"comment_status":"closed","ping_status":"closed","template":"","meta":{"_acf_changed":false,"footnotes":""},"class_list":["post-32133","page","type-page","status-publish","has-post-thumbnail","hentry"],"acf":[],"yoast_head":"<!-- This site is optimized with the Yoast SEO plugin v27.4 - https:\/\/yoast.com\/product\/yoast-seo-wordpress\/ -->\n<title>Workshop Vorbereitungen f\u00fcr eine Tauchreise | Deepspot<\/title>\n<meta name=\"description\" content=\"Workshop Vorbereitungen f\u00fcr eine Tauchreise\" \/>\n<meta name=\"robots\" content=\"index, follow, max-snippet:-1, max-image-preview:large, max-video-preview:-1\" \/>\n<link rel=\"canonical\" href=\"https:\/\/www.deepspot.com\/de\/fuer-wen\/geraetetauchen\/vorbereitungen-fuer-eine-tauchreise\/\" \/>\n<meta property=\"og:locale\" content=\"de_DE\" \/>\n<meta property=\"og:type\" content=\"article\" \/>\n<meta property=\"og:title\" content=\"Workshop Vorbereitungen f\u00fcr eine Tauchreise | Deepspot\" \/>\n<meta property=\"og:description\" content=\"Workshop Vorbereitungen f\u00fcr eine Tauchreise\" \/>\n<meta property=\"og:url\" content=\"https:\/\/www.deepspot.com\/de\/fuer-wen\/geraetetauchen\/vorbereitungen-fuer-eine-tauchreise\/\" \/>\n<meta property=\"og:site_name\" content=\"Deepspot\" \/>\n<meta property=\"article:modified_time\" content=\"2025-10-10T12:14:58+00:00\" \/>\n<meta property=\"og:image\" content=\"https:\/\/eco3ygde435.exactdn.com\/wp-content\/uploads\/sites\/2\/2025\/04\/Obraz10-2.jpg?strip=all\" \/>\n\t<meta property=\"og:image:width\" content=\"670\" \/>\n\t<meta property=\"og:image:height\" content=\"670\" \/>\n\t<meta property=\"og:image:type\" content=\"image\/jpeg\" \/>\n<meta name=\"twitter:card\" content=\"summary_large_image\" \/>\n<script type=\"application\/ld+json\" class=\"yoast-schema-graph\">{\"@context\":\"https:\\\/\\\/schema.org\",\"@graph\":[{\"@type\":\"WebPage\",\"@id\":\"https:\\\/\\\/www.deepspot.com\\\/de\\\/fuer-wen\\\/geraetetauchen\\\/vorbereitungen-fuer-eine-tauchreise\\\/\",\"url\":\"https:\\\/\\\/www.deepspot.com\\\/de\\\/fuer-wen\\\/geraetetauchen\\\/vorbereitungen-fuer-eine-tauchreise\\\/\",\"name\":\"Workshop Vorbereitungen f\u00fcr eine Tauchreise | Deepspot\",\"isPartOf\":{\"@id\":\"https:\\\/\\\/www.deepspot.com\\\/pl\\\/#website\"},\"primaryImageOfPage\":{\"@id\":\"https:\\\/\\\/www.deepspot.com\\\/de\\\/fuer-wen\\\/geraetetauchen\\\/vorbereitungen-fuer-eine-tauchreise\\\/#primaryimage\"},\"image\":{\"@id\":\"https:\\\/\\\/www.deepspot.com\\\/de\\\/fuer-wen\\\/geraetetauchen\\\/vorbereitungen-fuer-eine-tauchreise\\\/#primaryimage\"},\"thumbnailUrl\":\"https:\\\/\\\/eco3ygde435.exactdn.com\\\/wp-content\\\/uploads\\\/sites\\\/2\\\/2025\\\/04\\\/Obraz10-2.jpg?strip=all\",\"datePublished\":\"2023-06-30T13:00:25+00:00\",\"dateModified\":\"2025-10-10T12:14:58+00:00\",\"description\":\"Workshop Vorbereitungen f\u00fcr eine Tauchreise\",\"breadcrumb\":{\"@id\":\"https:\\\/\\\/www.deepspot.com\\\/de\\\/fuer-wen\\\/geraetetauchen\\\/vorbereitungen-fuer-eine-tauchreise\\\/#breadcrumb\"},\"inLanguage\":\"de\",\"potentialAction\":[{\"@type\":\"ReadAction\",\"target\":[\"https:\\\/\\\/www.deepspot.com\\\/de\\\/fuer-wen\\\/geraetetauchen\\\/vorbereitungen-fuer-eine-tauchreise\\\/\"]}]},{\"@type\":\"ImageObject\",\"inLanguage\":\"de\",\"@id\":\"https:\\\/\\\/www.deepspot.com\\\/de\\\/fuer-wen\\\/geraetetauchen\\\/vorbereitungen-fuer-eine-tauchreise\\\/#primaryimage\",\"url\":\"https:\\\/\\\/eco3ygde435.exactdn.com\\\/wp-content\\\/uploads\\\/sites\\\/2\\\/2025\\\/04\\\/Obraz10-2.jpg?strip=all\",\"contentUrl\":\"https:\\\/\\\/eco3ygde435.exactdn.com\\\/wp-content\\\/uploads\\\/sites\\\/2\\\/2025\\\/04\\\/Obraz10-2.jpg?strip=all\",\"width\":670,\"height\":670},{\"@type\":\"BreadcrumbList\",\"@id\":\"https:\\\/\\\/www.deepspot.com\\\/de\\\/fuer-wen\\\/geraetetauchen\\\/vorbereitungen-fuer-eine-tauchreise\\\/#breadcrumb\",\"itemListElement\":[{\"@type\":\"ListItem\",\"position\":1,\"name\":\"Strona g\u0142\u00f3wna\",\"item\":\"https:\\\/\\\/www.deepspot.com\\\/de\\\/\"},{\"@type\":\"ListItem\",\"position\":2,\"name\":\"F\u00fcr wen\",\"item\":\"https:\\\/\\\/www.deepspot.com\\\/de\\\/fuer-wen\\\/\"},{\"@type\":\"ListItem\",\"position\":3,\"name\":\"Sporttauchen\",\"item\":\"https:\\\/\\\/www.deepspot.com\\\/de\\\/fuer-wen\\\/geraetetauchen\\\/\"},{\"@type\":\"ListItem\",\"position\":4,\"name\":\"Workshop Vorbereitungen f\u00fcr eine Tauchreise\"}]},{\"@type\":\"WebSite\",\"@id\":\"https:\\\/\\\/www.deepspot.com\\\/pl\\\/#website\",\"url\":\"https:\\\/\\\/www.deepspot.com\\\/pl\\\/\",\"name\":\"Deepspot\",\"description\":\"Eine neue Dimension im Tauchen\",\"potentialAction\":[{\"@type\":\"SearchAction\",\"target\":{\"@type\":\"EntryPoint\",\"urlTemplate\":\"https:\\\/\\\/www.deepspot.com\\\/pl\\\/?s={search_term_string}\"},\"query-input\":{\"@type\":\"PropertyValueSpecification\",\"valueRequired\":true,\"valueName\":\"search_term_string\"}}],\"inLanguage\":\"de\"}]}<\/script>\n<!-- \/ Yoast SEO plugin. -->","yoast_head_json":{"title":"Workshop Vorbereitungen f\u00fcr eine Tauchreise | Deepspot","description":"Workshop Vorbereitungen f\u00fcr eine Tauchreise","robots":{"index":"index","follow":"follow","max-snippet":"max-snippet:-1","max-image-preview":"max-image-preview:large","max-video-preview":"max-video-preview:-1"},"canonical":"https:\/\/www.deepspot.com\/de\/fuer-wen\/geraetetauchen\/vorbereitungen-fuer-eine-tauchreise\/","og_locale":"de_DE","og_type":"article","og_title":"Workshop Vorbereitungen f\u00fcr eine Tauchreise | Deepspot","og_description":"Workshop Vorbereitungen f\u00fcr eine Tauchreise","og_url":"https:\/\/www.deepspot.com\/de\/fuer-wen\/geraetetauchen\/vorbereitungen-fuer-eine-tauchreise\/","og_site_name":"Deepspot","article_modified_time":"2025-10-10T12:14:58+00:00","og_image":[{"width":670,"height":670,"url":"https:\/\/eco3ygde435.exactdn.com\/wp-content\/uploads\/sites\/2\/2025\/04\/Obraz10-2.jpg?strip=all","type":"image\/jpeg"}],"twitter_card":"summary_large_image","schema":{"@context":"https:\/\/schema.org","@graph":[{"@type":"WebPage","@id":"https:\/\/www.deepspot.com\/de\/fuer-wen\/geraetetauchen\/vorbereitungen-fuer-eine-tauchreise\/","url":"https:\/\/www.deepspot.com\/de\/fuer-wen\/geraetetauchen\/vorbereitungen-fuer-eine-tauchreise\/","name":"Workshop Vorbereitungen f\u00fcr eine Tauchreise | Deepspot","isPartOf":{"@id":"https:\/\/www.deepspot.com\/pl\/#website"},"primaryImageOfPage":{"@id":"https:\/\/www.deepspot.com\/de\/fuer-wen\/geraetetauchen\/vorbereitungen-fuer-eine-tauchreise\/#primaryimage"},"image":{"@id":"https:\/\/www.deepspot.com\/de\/fuer-wen\/geraetetauchen\/vorbereitungen-fuer-eine-tauchreise\/#primaryimage"},"thumbnailUrl":"https:\/\/eco3ygde435.exactdn.com\/wp-content\/uploads\/sites\/2\/2025\/04\/Obraz10-2.jpg?strip=all","datePublished":"2023-06-30T13:00:25+00:00","dateModified":"2025-10-10T12:14:58+00:00","description":"Workshop Vorbereitungen f\u00fcr eine Tauchreise","breadcrumb":{"@id":"https:\/\/www.deepspot.com\/de\/fuer-wen\/geraetetauchen\/vorbereitungen-fuer-eine-tauchreise\/#breadcrumb"},"inLanguage":"de","potentialAction":[{"@type":"ReadAction","target":["https:\/\/www.deepspot.com\/de\/fuer-wen\/geraetetauchen\/vorbereitungen-fuer-eine-tauchreise\/"]}]},{"@type":"ImageObject","inLanguage":"de","@id":"https:\/\/www.deepspot.com\/de\/fuer-wen\/geraetetauchen\/vorbereitungen-fuer-eine-tauchreise\/#primaryimage","url":"https:\/\/eco3ygde435.exactdn.com\/wp-content\/uploads\/sites\/2\/2025\/04\/Obraz10-2.jpg?strip=all","contentUrl":"https:\/\/eco3ygde435.exactdn.com\/wp-content\/uploads\/sites\/2\/2025\/04\/Obraz10-2.jpg?strip=all","width":670,"height":670},{"@type":"BreadcrumbList","@id":"https:\/\/www.deepspot.com\/de\/fuer-wen\/geraetetauchen\/vorbereitungen-fuer-eine-tauchreise\/#breadcrumb","itemListElement":[{"@type":"ListItem","position":1,"name":"Strona g\u0142\u00f3wna","item":"https:\/\/www.deepspot.com\/de\/"},{"@type":"ListItem","position":2,"name":"F\u00fcr wen","item":"https:\/\/www.deepspot.com\/de\/fuer-wen\/"},{"@type":"ListItem","position":3,"name":"Sporttauchen","item":"https:\/\/www.deepspot.com\/de\/fuer-wen\/geraetetauchen\/"},{"@type":"ListItem","position":4,"name":"Workshop Vorbereitungen f\u00fcr eine Tauchreise"}]},{"@type":"WebSite","@id":"https:\/\/www.deepspot.com\/pl\/#website","url":"https:\/\/www.deepspot.com\/pl\/","name":"Deepspot","description":"Eine neue Dimension im Tauchen","potentialAction":[{"@type":"SearchAction","target":{"@type":"EntryPoint","urlTemplate":"https:\/\/www.deepspot.com\/pl\/?s={search_term_string}"},"query-input":{"@type":"PropertyValueSpecification","valueRequired":true,"valueName":"search_term_string"}}],"inLanguage":"de"}]}},"_links":{"self":[{"href":"https:\/\/www.deepspot.com\/de\/wp-json\/wp\/v2\/pages\/32133","targetHints":{"allow":["GET"]}}],"collection":[{"href":"https:\/\/www.deepspot.com\/de\/wp-json\/wp\/v2\/pages"}],"about":[{"href":"https:\/\/www.deepspot.com\/de\/wp-json\/wp\/v2\/types\/page"}],"author":[{"embeddable":true,"href":"https:\/\/www.deepspot.com\/de\/wp-json\/wp\/v2\/users\/19"}],"replies":[{"embeddable":true,"href":"https:\/\/www.deepspot.com\/de\/wp-json\/wp\/v2\/comments?post=32133"}],"version-history":[{"count":48,"href":"https:\/\/www.deepspot.com\/de\/wp-json\/wp\/v2\/pages\/32133\/revisions"}],"predecessor-version":[{"id":57194,"href":"https:\/\/www.deepspot.com\/de\/wp-json\/wp\/v2\/pages\/32133\/revisions\/57194"}],"up":[{"embeddable":true,"href":"https:\/\/www.deepspot.com\/de\/wp-json\/wp\/v2\/pages\/4761"}],"wp:featuredmedia":[{"embeddable":true,"href":"https:\/\/www.deepspot.com\/de\/wp-json\/wp\/v2\/media\/49953"}],"wp:attachment":[{"href":"https:\/\/www.deepspot.com\/de\/wp-json\/wp\/v2\/media?parent=32133"}],"curies":[{"name":"wp","href":"https:\/\/api.w.org\/{rel}","templated":true}]}}