{"id":37879,"date":"2021-12-30T14:07:17","date_gmt":"2021-12-30T13:07:17","guid":{"rendered":"https:\/\/www.deepspot.com\/tauchlehrer-zone\/kurstag-bei-deepspot\/"},"modified":"2024-05-20T10:55:09","modified_gmt":"2024-05-20T08:55:09","slug":"kurstag-bei-deepspot","status":"publish","type":"page","link":"https:\/\/www.deepspot.com\/de\/tauchlehrer-zone\/kurstag-bei-deepspot\/","title":{"rendered":"Kurstag bei Deepspot"},"content":{"rendered":"<div id=\"hero-block_e7ee1e6d8055e2c425227b0f815bd0e6\" class=\"hero-block\">\r\n  <div class=\"row outer-container\">\r\n    <div>\r\n      <img decoding=\"async\" lazy src=\"data:image\/gif;base64,R0lGODlhAQABAAD\/ACwAAAAAAQABAAACADs%3D\" data-src=\"https:\/\/eco3ygde435.exactdn.com\/wp-content\/uploads\/sites\/2\/2023\/10\/DS-1.jpg?strip=all\" alt=\"\">\r\n          <\/div>\r\n    <div>\r\n      <h2>ODDS DAY<\/h2><p>\n          <h4>Angebot <b>nur<\/b> f\u00fcr <b>Ausbilder<\/b>.  \n<br><\/br>\n<b>F\u00fchren Sie<\/b> eine Reihe von Tauchkursen unter den <b>hervorragenden<\/b> Bedingungen von Deepspot durch. <b>Der Tageskurs<\/b> wurde entwickelt, um Tauchbasen und einzelne Tauchlehrer bei der <b>Ausbildung von<\/b> Ausr\u00fcstungstauchern auf <b>allen<\/b> von Organisationen anerkannten Ausbildungsstufen zu <b>unterst\u00fctzen<\/b> und mit einer <b>Zertifizierung<\/b> abzuschlie\u00dfen.  \n<br><\/br>\n<b>Das warme<\/b>, <b>kristallklare<\/b> Wasser und die <b>Tiefe<\/b> machen das Erlernen der Tauchfertigkeiten viel <b>einfacher<\/b> und <b>effektiver<\/b>!  \n<br><\/br>\nDie <b>aktuelle<\/b> Preisliste und die <b>Eintrittszeiten<\/b> k\u00f6nnen Sie in der <b>B2B-Preisliste<\/b> einsehen.<\/h4>\n        <\/p>    <\/div>\r\n  <\/div>\r\n<\/div><!-- block -->\r\n<div id=\"features-block_7c8ad83a0ee5f4da5715fa21b1f4e43f\" class=\"features-block\">\r\n  <div class=\"row container\">\r\n    <div>\r\n            <h2 class=\"title\">KURSTAG BEI DEEPSPOT IST:<\/h2>\r\n      <div>\r\n                    <div>\r\n              <div class=\"icon-wrap\">\r\n                <img decoding=\"async\" src=\"https:\/\/eco3ygde435.exactdn.com\/wp-content\/uploads\/sites\/2\/2023\/10\/DS_KULKA.png?strip=all\" alt=\"\" src=\"\">\r\n              <\/div>\r\n              <strong>\n          <h2>FLEXIBILIT\u00c4T DER AUSBILDUNG<\/h2>\n        <\/strong>\r\n              <p><br \/>\n          <h4><b>Der Kurstag<\/b> ist <b>montags<\/b> bis <b>freitags<\/b> w\u00e4hrend der \u00d6ffnungszeiten von Deepspot und <b>sonntags<\/b> von <b>15 Uhr<\/b> bis zur Schlie\u00dfung ge\u00f6ffnet.  <br \/>\n<br \/>\nF\u00fcr die Nutzung dieser Stunden haben <b>Sie<\/b> und <b>Ihr Sch\u00fcler<\/b> jeweils <b>drei<\/b> <b>12-<\/b> oder <b>15-Liter-Luftflaschen<\/b>.  <br \/>\n<br \/>\nPlanen Sie die Ausbildung so, wie es f\u00fcr den Auszubildenden <b>am g\u00fcnstigsten ist<\/b>!<\/h4><br \/>\n        <\/p>\r\n            <\/div>\r\n                      <div>\r\n              <div class=\"icon-wrap\">\r\n                <img decoding=\"async\" src=\"https:\/\/eco3ygde435.exactdn.com\/wp-content\/uploads\/sites\/2\/2023\/10\/DS_KULKA.png?strip=all\" alt=\"\" src=\"\">\r\n              <\/div>\r\n              <strong>\n          <h2>AUSR\u00dcSTUNG<\/h2>\n        <\/strong>\r\n              <p><br \/>\n          <h4>Im Eintrittspreis <b>ist<\/b> die gesamte <b>Ausr\u00fcstung<\/b> f\u00fcr <b>Sch\u00fcler<\/b> und <b>Tauchlehrer<\/b> <b>enthalten<\/b>, d.h. <b>Masken<\/b>, <b>Schnorchel<\/b>, <b>Tauchflossen<\/b>, <b>BCD-Jacken<\/b>, <b>Automaten<\/b> und <b>12-<\/b> oder <b>15-Liter-Luftflaschen<\/b>.  <br \/>\n<br \/>\n<b>Denken Sie daran<\/b>, <b>jeden<\/b> Sch\u00fcler mit einem <b>Tauchcomputer<\/b> auszustatten!  <br \/>\n<br \/>\nWenn Sie diese M\u00f6glichkeit nicht haben, k\u00f6nnen Sie vor Ort einen Computer f\u00fcr <b>45 PLN<\/b><b>(+25 PLN<\/b> f\u00fcr jede <b>weitere<\/b> Stunde) <b>mieten<\/b>.<\/h4><br \/>\n        <\/p>\r\n            <\/div>\r\n                      <div>\r\n              <div class=\"icon-wrap\">\r\n                <img decoding=\"async\" src=\"https:\/\/eco3ygde435.exactdn.com\/wp-content\/uploads\/sites\/2\/2023\/10\/DS_KULKA.png?strip=all\" alt=\"\" src=\"\">\r\n              <\/div>\r\n              <strong>\n          <h2>H\u00d6RS\u00c4LE<\/h2>\n        <\/strong>\r\n              <p><h4>Im Rahmen Ihrer <b>Ausbildung<\/b> k\u00f6nnen Sie einen unserer <b>Schulungsr\u00e4ume<\/b> <b>kostenlos<\/b> nutzen.  <br \/>\n<br \/>\n<b>F\u00fcr die<\/b> Nutzung des Raums ist eine <b>Anmeldung<\/b> bei Ihrem <b>Betreuer<\/b> <b>Szymon Wzorek<\/b> erforderlich; E-Mail: <a href=\"mailto:pro@deepspot.com\"><br \/>\n  <b><br \/>\n    <font color=\"#5CB3FF\">pro@deepspot.com<\/font><br \/>\n  <\/b><br \/>\n<\/a>Telefon <b>+48 532-796-299<\/b>.<\/p>\r\n            <\/div>\r\n                <\/div>\r\n          <\/div>\r\n  <\/div>\r\n<\/div><!-- block -->\r\n\n<div class=\"wp-block-group\"><div class=\"wp-block-group__inner-container is-layout-flow wp-block-group-is-layout-flow\"><div id=\"contact-person-block_c845ec6fa6374ba1b1786adf75f3109f\" class=\"contact-person-block\">\r\n  <div class=\"container\">\r\n    <h2 class=\"title\">M\u00d6CHTEN SIE EINEN KURSTAG BUCHEN?<\/h2>  <\/div>\r\n  <div class=\"row outer-container\">\r\n    <div class=\"container\">\r\n      <div class=\"image-wrap\"><img decoding=\"async\" lazy src=\"data:image\/gif;base64,R0lGODlhAQABAAD\/ACwAAAAAAQABAAACADs%3D\" data-src=\"https:\/\/eco3ygde435.exactdn.com\/wp-content\/uploads\/sites\/2\/2023\/10\/Projekt-bez-tytulu-fotor-bg-remover-20231006135219.png?strip=all\" alt=\"\"><\/div>\r\n      <div class=\"text-wrap\">\r\n        <strong>SZYMON WZOREK<\/strong>        <p class=\"role\">\n          <b>IHR PERS\u00d6NLICHER BETREUER<\/b>\n        <\/p>        <div class=\"contact-list\">            <span>E-Mail:<\/span>\r\n            <span>\n          <a href=\"mailto:Pro@deepspot.com\">pro@deepspot.com<\/a>\n        <\/span><br>\r\n                      <span>Telefon:<\/span>\r\n            <span>\n          <a href=\"tel:+48532796299\">+48 532-796-299<\/a>\n        <\/span><br>\r\n          <\/div>        <p class=\"text\"><br \/>\n          <h2>Haben Sie noch <b>Fragen<\/b>? Ansprechpartner <b>Simon<\/b>.<\/h2><br \/>\n        <\/p><a class=\"btn\" href=\"mailto:pro@deepspot.com\" target=\"_self\"><span>EINE NACHRICHT SCHREIBEN<\/span><\/a>      <\/div>\r\n    <\/div>\r\n  <\/div>\r\n<\/div><!-- block -->\r\n<\/div><\/div>\n<div id=\"true-faq-block_27f721aaaf6dd7d71d3706609dc456e3\" class=\"true-faq-block\">\r\n  <div class=\"container\">\r\n    <h2 class=\"title\">H\u00c4UFIG GESTELLTE FRAGEN<\/h2>\r\n    <div class=\"faq\">\r\n          <div data-faqpanel=\"1\" class=\"faq-panel\">\r\n        <strong>\n          <h2>WER KANN VON DEM ANGEBOT PROFITIEREN?<\/h2>\n        <\/strong>\r\n        <div><h3><b>Das Angebot gilt <b>nur<\/b> f\u00fcr <b>B2B-Ausbilder<\/b>, d. h. f\u00fcr diejenigen, die <b>einen Vertrag<\/b> mit uns <b>abgeschlossen haben<\/b>.<\/h3><\/div>\r\n      <\/div>\r\n          <div data-faqpanel=\"2\" class=\"faq-panel\">\r\n        <strong>\n          <h2>WIE VIEL KOSTET EIN KURSTAG?<\/h2>\n        <\/strong>\r\n        <div><br \/>\n          <h3>Die <b>aktuellen<\/b> Kosten f\u00fcr den Kauf eines <b>OWD<\/b> k\u00f6nnen Sie in der <b>B2B-Preisliste<\/b> nachlesen.<\/h3><br \/>\n        <\/div>\r\n      <\/div>\r\n          <div data-faqpanel=\"3\" class=\"faq-panel\">\r\n        <strong>\n          <h2>WAS BEKOMME ICH IM RAHMEN DES ANGEBOTS?<\/h2>\n        <\/strong>\r\n        <div><h3><b>Das gr\u00f6\u00dfte <\/b>Attribut des <b>OWD-Tagesausflugs<\/b> ist sein \u00e4u\u00dferst <b>attraktiver Preis<\/b>!<\/div>\r\n      <\/div>\r\n          <div data-faqpanel=\"4\" class=\"faq-panel\">\r\n        <strong>\n          <h2>WO KANN ICH WEITERE INFORMATIONEN FINDEN?<\/h2>\n        <\/strong>\r\n        <div><br \/>\n          <h3>Sie haben nicht auf alle Ihre Fragen eine Antwort gefunden?  <br \/>\n<br \/>\nSchreiben Sie an Ihren <b>Guardian<\/b> &#8211; <b>Szymon Wzorek<\/b>; E-Mail: <a href=\"mailto:pro@deepspot.com\"><br \/>\n  <b><br \/>\n    <font color=\"#5CB3FF\">pro@deepspot.com<\/font><br \/>\n  <\/b><br \/>\n<\/a>Tel. <b>+48 532-796-299<\/b>.<\/h3><br \/>\n        <\/div>\r\n      <\/div>\r\n        <\/div>\r\n  <\/div>\r\n<\/div><!-- block -->\r\n","protected":false},"excerpt":{"rendered":"","protected":false},"author":18,"featured_media":0,"parent":4796,"menu_order":0,"comment_status":"closed","ping_status":"closed","template":"","meta":{"_acf_changed":false,"footnotes":""},"class_list":["post-37879","page","type-page","status-publish","hentry"],"acf":[],"yoast_head":"<!-- This site is optimized with the Yoast SEO plugin v27.4 - https:\/\/yoast.com\/product\/yoast-seo-wordpress\/ -->\n<title>Kurstag bei Deepspot | Deepspot<\/title>\n<meta name=\"description\" content=\"Kurstag bei Deepspot\" \/>\n<meta name=\"robots\" content=\"index, follow, max-snippet:-1, max-image-preview:large, max-video-preview:-1\" \/>\n<link rel=\"canonical\" href=\"https:\/\/www.deepspot.com\/de\/tauchlehrer-zone\/kurstag-bei-deepspot\/\" \/>\n<meta property=\"og:locale\" content=\"de_DE\" \/>\n<meta property=\"og:type\" content=\"article\" \/>\n<meta property=\"og:title\" content=\"Kurstag bei Deepspot | Deepspot\" \/>\n<meta property=\"og:description\" content=\"Kurstag bei Deepspot\" \/>\n<meta property=\"og:url\" content=\"https:\/\/www.deepspot.com\/de\/tauchlehrer-zone\/kurstag-bei-deepspot\/\" \/>\n<meta property=\"og:site_name\" content=\"Deepspot\" \/>\n<meta property=\"article:modified_time\" content=\"2024-05-20T08:55:09+00:00\" \/>\n<meta name=\"twitter:card\" content=\"summary_large_image\" \/>\n<script type=\"application\/ld+json\" class=\"yoast-schema-graph\">{\"@context\":\"https:\\\/\\\/schema.org\",\"@graph\":[{\"@type\":\"WebPage\",\"@id\":\"https:\\\/\\\/www.deepspot.com\\\/de\\\/tauchlehrer-zone\\\/kurstag-bei-deepspot\\\/\",\"url\":\"https:\\\/\\\/www.deepspot.com\\\/de\\\/tauchlehrer-zone\\\/kurstag-bei-deepspot\\\/\",\"name\":\"Kurstag bei Deepspot | Deepspot\",\"isPartOf\":{\"@id\":\"https:\\\/\\\/www.deepspot.com\\\/pl\\\/#website\"},\"datePublished\":\"2021-12-30T13:07:17+00:00\",\"dateModified\":\"2024-05-20T08:55:09+00:00\",\"description\":\"Kurstag bei Deepspot\",\"breadcrumb\":{\"@id\":\"https:\\\/\\\/www.deepspot.com\\\/de\\\/tauchlehrer-zone\\\/kurstag-bei-deepspot\\\/#breadcrumb\"},\"inLanguage\":\"de\",\"potentialAction\":[{\"@type\":\"ReadAction\",\"target\":[\"https:\\\/\\\/www.deepspot.com\\\/de\\\/tauchlehrer-zone\\\/kurstag-bei-deepspot\\\/\"]}]},{\"@type\":\"BreadcrumbList\",\"@id\":\"https:\\\/\\\/www.deepspot.com\\\/de\\\/tauchlehrer-zone\\\/kurstag-bei-deepspot\\\/#breadcrumb\",\"itemListElement\":[{\"@type\":\"ListItem\",\"position\":1,\"name\":\"Strona g\u0142\u00f3wna\",\"item\":\"https:\\\/\\\/www.deepspot.com\\\/de\\\/\"},{\"@type\":\"ListItem\",\"position\":2,\"name\":\"Bereich f\u00fcr Ausbilder\",\"item\":\"https:\\\/\\\/www.deepspot.com\\\/de\\\/tauchlehrer-zone\\\/\"},{\"@type\":\"ListItem\",\"position\":3,\"name\":\"Kurstag bei Deepspot\"}]},{\"@type\":\"WebSite\",\"@id\":\"https:\\\/\\\/www.deepspot.com\\\/pl\\\/#website\",\"url\":\"https:\\\/\\\/www.deepspot.com\\\/pl\\\/\",\"name\":\"Deepspot\",\"description\":\"Eine neue Dimension im Tauchen\",\"potentialAction\":[{\"@type\":\"SearchAction\",\"target\":{\"@type\":\"EntryPoint\",\"urlTemplate\":\"https:\\\/\\\/www.deepspot.com\\\/pl\\\/?s={search_term_string}\"},\"query-input\":{\"@type\":\"PropertyValueSpecification\",\"valueRequired\":true,\"valueName\":\"search_term_string\"}}],\"inLanguage\":\"de\"}]}<\/script>\n<!-- \/ Yoast SEO plugin. -->","yoast_head_json":{"title":"Kurstag bei Deepspot | Deepspot","description":"Kurstag bei Deepspot","robots":{"index":"index","follow":"follow","max-snippet":"max-snippet:-1","max-image-preview":"max-image-preview:large","max-video-preview":"max-video-preview:-1"},"canonical":"https:\/\/www.deepspot.com\/de\/tauchlehrer-zone\/kurstag-bei-deepspot\/","og_locale":"de_DE","og_type":"article","og_title":"Kurstag bei Deepspot | Deepspot","og_description":"Kurstag bei Deepspot","og_url":"https:\/\/www.deepspot.com\/de\/tauchlehrer-zone\/kurstag-bei-deepspot\/","og_site_name":"Deepspot","article_modified_time":"2024-05-20T08:55:09+00:00","twitter_card":"summary_large_image","schema":{"@context":"https:\/\/schema.org","@graph":[{"@type":"WebPage","@id":"https:\/\/www.deepspot.com\/de\/tauchlehrer-zone\/kurstag-bei-deepspot\/","url":"https:\/\/www.deepspot.com\/de\/tauchlehrer-zone\/kurstag-bei-deepspot\/","name":"Kurstag bei Deepspot | Deepspot","isPartOf":{"@id":"https:\/\/www.deepspot.com\/pl\/#website"},"datePublished":"2021-12-30T13:07:17+00:00","dateModified":"2024-05-20T08:55:09+00:00","description":"Kurstag bei Deepspot","breadcrumb":{"@id":"https:\/\/www.deepspot.com\/de\/tauchlehrer-zone\/kurstag-bei-deepspot\/#breadcrumb"},"inLanguage":"de","potentialAction":[{"@type":"ReadAction","target":["https:\/\/www.deepspot.com\/de\/tauchlehrer-zone\/kurstag-bei-deepspot\/"]}]},{"@type":"BreadcrumbList","@id":"https:\/\/www.deepspot.com\/de\/tauchlehrer-zone\/kurstag-bei-deepspot\/#breadcrumb","itemListElement":[{"@type":"ListItem","position":1,"name":"Strona g\u0142\u00f3wna","item":"https:\/\/www.deepspot.com\/de\/"},{"@type":"ListItem","position":2,"name":"Bereich f\u00fcr Ausbilder","item":"https:\/\/www.deepspot.com\/de\/tauchlehrer-zone\/"},{"@type":"ListItem","position":3,"name":"Kurstag bei Deepspot"}]},{"@type":"WebSite","@id":"https:\/\/www.deepspot.com\/pl\/#website","url":"https:\/\/www.deepspot.com\/pl\/","name":"Deepspot","description":"Eine neue Dimension im Tauchen","potentialAction":[{"@type":"SearchAction","target":{"@type":"EntryPoint","urlTemplate":"https:\/\/www.deepspot.com\/pl\/?s={search_term_string}"},"query-input":{"@type":"PropertyValueSpecification","valueRequired":true,"valueName":"search_term_string"}}],"inLanguage":"de"}]}},"_links":{"self":[{"href":"https:\/\/www.deepspot.com\/de\/wp-json\/wp\/v2\/pages\/37879","targetHints":{"allow":["GET"]}}],"collection":[{"href":"https:\/\/www.deepspot.com\/de\/wp-json\/wp\/v2\/pages"}],"about":[{"href":"https:\/\/www.deepspot.com\/de\/wp-json\/wp\/v2\/types\/page"}],"author":[{"embeddable":true,"href":"https:\/\/www.deepspot.com\/de\/wp-json\/wp\/v2\/users\/18"}],"replies":[{"embeddable":true,"href":"https:\/\/www.deepspot.com\/de\/wp-json\/wp\/v2\/comments?post=37879"}],"version-history":[{"count":3,"href":"https:\/\/www.deepspot.com\/de\/wp-json\/wp\/v2\/pages\/37879\/revisions"}],"predecessor-version":[{"id":44947,"href":"https:\/\/www.deepspot.com\/de\/wp-json\/wp\/v2\/pages\/37879\/revisions\/44947"}],"up":[{"embeddable":true,"href":"https:\/\/www.deepspot.com\/de\/wp-json\/wp\/v2\/pages\/4796"}],"wp:attachment":[{"href":"https:\/\/www.deepspot.com\/de\/wp-json\/wp\/v2\/media?parent=37879"}],"curies":[{"name":"wp","href":"https:\/\/api.w.org\/{rel}","templated":true}]}}