{"id":38192,"date":"2022-05-26T08:51:33","date_gmt":"2022-05-26T06:51:33","guid":{"rendered":"https:\/\/www.deepspot.com\/fuer-wen\/geraetetauchen\/geringerer-luftverbrauch\/"},"modified":"2025-10-10T14:15:24","modified_gmt":"2025-10-10T12:15:24","slug":"geringerer-luftverbrauch","status":"publish","type":"page","link":"https:\/\/www.deepspot.com\/de\/fuer-wen\/geraetetauchen\/geringerer-luftverbrauch\/","title":{"rendered":"Werkstatt Geringerer Luftverbrauch"},"content":{"rendered":"<div id=\"hero-block_453bfb1788da1c84232d651c2747fd7a\" class=\"hero-block\">\r\n  <div class=\"row outer-container\">\r\n    <div>\r\n      <img decoding=\"async\" lazy src=\"data:image\/gif;base64,R0lGODlhAQABAAD\/ACwAAAAAAQABAAACADs%3D\" data-src=\"https:\/\/eco3ygde435.exactdn.com\/wp-content\/uploads\/sites\/2\/2025\/06\/NCIOAE.jpg?strip=all\" alt=\"\">\r\n          <\/div>\r\n    <div>\r\n      <h2>Besserer Atem, l\u00e4ngeres Abenteuer<\/h2><p>Dieser Workshop wird Ihnen helfen, Ihre Technik zu verbessern, Ihre Atmung zu beherrschen und Ihren Auftrieb zu kontrollieren &#8211; der Schl\u00fcssel zu einem geringeren Luftverbrauch unter Wasser.  <br>Ideal f\u00fcr Taucher, die l\u00e4nger auf dem Grund bleiben m\u00f6chten, ohne mit ihrer Ausr\u00fcstung oder ihrer eigenen Atmung zu k\u00e4mpfen.\r\n\r\n<\/p>    <\/div>\r\n  <\/div>\r\n<\/div><!-- block -->\r\n<div id=\"product-details-block_ffb74bc873c5d9de781638ef5e08c252\" class=\"product-details-block\">\r\n  <div class=\"row container\">\r\n    <div>\r\n      <h2 class=\"title\">Beschreibung der Attraktionen<\/h2>      <p class=\"desc\">M\u00f6chten Sie Ihre Tauchzeit verl\u00e4ngern und die sch\u00f6ne Aussicht w\u00e4hrend Ihres Tauchgangs so lange wie m\u00f6glich genie\u00dfen, aber Ihre Flasche schnell &#8220;austrinken&#8221;? M\u00f6chten Sie erfahren, welche Verhaltensweisen &#8220;verschwendete Luft&#8221; verursachen und wie Sie sie vermeiden k\u00f6nnen? Wenn ja, dann ist dieser Workshop genau das Richtige f\u00fcr Sie!<br><br>\r\nWagen Sie den Sprung, wenn:<br>\ud83e\udee7 Sie zertifiziert sind (mind. OWD\/Indoor) und l\u00e4nger tauchen und die Luft effizienter nutzen m\u00f6chten<br>\ud83e\udee7 Sie Ihre Atem- und Bewegungstechnik unter Wasser auffrischen m\u00f6chten<br>\ud83e\udee7 Sie davon tr\u00e4umen, bewusster zu tauchen &#8211; jeder Atemzug ist ein kostbarer Moment der Erkundung<br>\ud83e\udee7 Sie legen Wert auf ein entspanntes Tempo und volle Konzentration auf Ihre Bed\u00fcrfnisse.<br><br>\r\nWas wir bieten<br>\ud83e\udee7 Einf\u00fchrung in die Techniken des Luftsparens &#8211; wie Sie ruhiger und effizienter atmen<br>\ud83e\udee7 Besprechung der h\u00e4ufigsten Fehler, die den Luftverbrauch erh\u00f6hen und wie Sie diese vermeiden<br>\ud83e\udee7 \u00dcbungen im Wasser. Sie arbeiten an Atemrhythmus, Auftriebskontrolle und \u00f6konomischen Bewegungen<br>\ud83e\udee7 Analyse des Verhaltens unter Wasser. Sie lernen, wie Sie die Spannung und den Luftverbrauch reduzieren k\u00f6nnen, ohne an Komfort zu verlieren<br>\ud83e\udee7 Alles, was Sie brauchen, ist dabei. Eine komplette Ausr\u00fcstung wird von uns zur Verf\u00fcgung gestellt<br>\ud83e\udee7 Es besteht die M\u00f6glichkeit, einen Garmin Tauchcomputer zu mieten &#8211; \u00a345\/Tauchgang. Wenn Sie Ihren eigenen Computer haben, k\u00f6nnen Sie mit ihm tauchen oder ihn gegen einen Tauchgang eintauschen, um Ihren Garmin-Computer kostenlos zu testen. Dies ist ein Muss f\u00fcr jeden Taucher<br>\ud83e\udee7 Intime Gruppen oder Einzelunterricht. Das Tempo ist immer auf Sie zugeschnitten      <br><br>\r\nDie Workshops werden in kleinen Gruppen durchgef\u00fchrt &#8211; maximal 4 Personen pro Lehrer &#8211; und geben Ihnen das Vertrauen, jeden Atemzug in Ruhe zu nehmen und die Antwort auf jede Frage zu finden.<br><br>\r\nEs lohnt sich, denn:<br>\ud83e\udee7 Sie trainieren im tiefsten Pool Europas &#8211; bis zu 45 Meter tief<br>\ud83e\udee7 Sie tauchen unter exotischen Bedingungen &#8211; klares Wasser bei 32\u00b0C<br>\ud83e\udee7 Sie verwenden moderne, regelm\u00e4\u00dfig gewartete Ausr\u00fcstung<br>\ud83e\udee7 Sie werden von erfahrenen, internationalen Tauchlehrern unterst\u00fctzt<br>\ud83e\udee7 Es ist der perfekte Ort, um Selbstvertrauen und eine gute Technik aufzubauen.<br><br><br>\r\n\r\nWas ist wissenswert?\r\n<\/p>      <ul>            <li>\r\n              <p>Dauer<\/p>\r\n              <strong>1 Stunde 45 Minuten Unterricht  <\/strong>\r\n            <\/li>\r\n                      <li>\r\n              <p>Mindestalter<\/p>\r\n              <strong>12 JAHRE<\/strong>\r\n            <\/li>\r\n                      <li>\r\n              <p>Sie tauchen bis zu einer maximalen Tiefe von<\/p>\r\n              <strong>18M<\/strong>\r\n            <\/li>\r\n                      <li>\r\n              <p>als Geschenk  <\/p>\r\n              <strong>Kurzes Erinnerungsvideo aus dem Unterwasser-Fotoautomaten<\/strong>\r\n            <\/li>\r\n                      <li>\r\n              <p>wir bieten  <\/p>\r\n              <strong>Alle notwendige Tauchausr\u00fcstung<\/strong>\r\n            <\/li>\r\n                      <li>\r\n              <p>Vergessen Sie nicht  <\/p>\r\n              <strong>Viel Spa\u00df und wir werden Sie mit all der Energie anstecken<\/strong>\r\n            <\/li>\r\n                      <li>\r\n              <p>Preis<\/p>\r\n              <strong>von 269 PLN auf 279 PLN<\/strong>\r\n            <\/li>\r\n          <\/ul>      <div class=\"button-list-wrap\"><div class=\"button-list button-type-both\"><div><a class=\"alternate_ybb\" href=\"https:\/\/cs.deepspot.com\/offer?steps=deepspot_diving-courses_wait-for-diving-course-list_31_diving-course-people-number-confirm-button\" target=\"_self\"><strong>Zarezerwuj<\/strong><\/a><\/div><\/div><\/div>    <\/div>\r\n  <\/div>\r\n<\/div><!-- block -->\r\n<div id=\"form-popup-block_2da2e61fc59285089e84809d32f82e12\" class=\"form-popup-block\" data-timeout=\"\">\r\n  <div class=\"row container\">\r\n    <div>\r\n            <div class=\"wpforms-container wpforms-container-save-resume\" id=\"wpforms-22779\"><form id=\"wpforms-form-22779\" class=\"wpforms-validate wpforms-form\" data-formid=\"22779\" method=\"post\" enctype=\"multipart\/form-data\" action=\"\/de\/wp-json\/wp\/v2\/pages\/38192\" data-token=\"0fc6ed46d0dbab04eb92bcc1e2ed987e\" data-token-time=\"1777513560\"><div class=\"wpforms-head-container\"><div class=\"wpforms-title\">&quot;Weniger Luftverbrauch&quot; &#8211; einen Kontakt hinterlassen<\/div><\/div><noscript class=\"wpforms-error-noscript\">Bitte aktiviere JavaScript in deinem Browser, um dieses Formular fertigzustellen.<\/noscript><div class=\"wpforms-field-container\"><div id=\"wpforms-22779-field_0-container\" class=\"wpforms-field wpforms-field-name\" data-field-id=\"0\"><label class=\"wpforms-field-label wpforms-label-hide\" for=\"wpforms-22779-field_0\">Name <span class=\"wpforms-required-label\">*<\/span><\/label><input type=\"text\" id=\"wpforms-22779-field_0\" class=\"wpforms-field-medium wpforms-field-required\" name=\"wpforms[fields][0]\" placeholder=\"Name\" required><\/div><div id=\"wpforms-22779-field_3-container\" class=\"wpforms-field wpforms-field-phone\" data-field-id=\"3\"><label class=\"wpforms-field-label wpforms-label-hide\" for=\"wpforms-22779-field_3\">Telefon <span class=\"wpforms-required-label\">*<\/span><\/label><input type=\"tel\" id=\"wpforms-22779-field_3\" class=\"wpforms-field-medium wpforms-field-required wpforms-smart-phone-field\" data-rule-smart-phone-field=\"true\" name=\"wpforms[fields][3]\" placeholder=\"Telefon\" aria-label=\"Telefon\" required><\/div><div id=\"wpforms-22779-field_8-container\" class=\"wpforms-field wpforms-field-email\" data-field-id=\"8\"><label class=\"wpforms-field-label wpforms-label-hide\" for=\"wpforms-22779-field_8\">Email <span class=\"wpforms-required-label\">*<\/span><\/label><input type=\"email\" id=\"wpforms-22779-field_8\" class=\"wpforms-field-medium wpforms-field-required\" name=\"wpforms[fields][8]\" placeholder=\"Email\" spellcheck=\"false\" required><\/div><div id=\"wpforms-22779-field_6-container\" class=\"wpforms-field wpforms-field-checkbox\" data-field-id=\"6\"><label class=\"wpforms-field-label wpforms-label-hide\">Kontrollk\u00e4stchen <span class=\"wpforms-required-label\">*<\/span><\/label><ul id=\"wpforms-22779-field_6\" class=\"wpforms-field-required\"><li class=\"choice-1 depth-1\"><input type=\"checkbox\" id=\"wpforms-22779-field_6_1\" name=\"wpforms[fields][6][]\" value=\"Ich stimme der Verarbeitung der im Formular angegebenen Daten gem\u00e4\u00df der &lt;a target=&quot;_blank&quot; href=&quot;https:\/\/www.deepspot.com\/de\/datenschutzrichtlinie\/&quot;&gt;Datenschutzrichtlinie&lt;\/a&gt; zu\" required ><label class=\"wpforms-field-label-inline\" for=\"wpforms-22779-field_6_1\">Ich stimme der Verarbeitung der im Formular angegebenen Daten gem\u00e4\u00df der <a target=\"_blank\" href=\"https:\/\/www.deepspot.com\/de\/datenschutzrichtlinie\/\">Datenschutzrichtlinie<\/a> zu<\/label><\/li><\/ul><\/div><\/div><!-- .wpforms-field-container --><div class=\"wpforms-recaptcha-container wpforms-is-recaptcha wpforms-is-recaptcha-type-invisible\" ><div class=\"g-recaptcha\" data-sitekey=\"6LcMArsZAAAAAIr72bVExYOguqD14Nf2vW8sTDwd\" data-size=\"invisible\"><\/div><\/div><div class=\"wpforms-submit-container\" ><input type=\"hidden\" name=\"wpforms[id]\" value=\"22779\"><input type=\"hidden\" name=\"page_title\" value=\"\"><input type=\"hidden\" name=\"page_url\" value=\"https:\/\/www.deepspot.com\/de\/wp-json\/wp\/v2\/pages\/38192\"><input type=\"hidden\" name=\"url_referer\" value=\"\"><button type=\"submit\" name=\"wpforms[submit]\" id=\"wpforms-submit-22779\" class=\"wpforms-submit\" data-alt-text=\"Ich schicke...\" data-submit-text=\"Senden Sie\" aria-live=\"assertive\" value=\"wpforms-submit\">Senden Sie<\/button><\/div><\/form><\/div>  <!-- .wpforms-container -->      <a class=\"close-form-popup\" href=\"#\">schlie\u00dfen <svg xmlns=\"http:\/\/www.w3.org\/2000\/svg\" width=\"23\" height=\"23\" viewBox=\"0 0 23 23\"><g><g><g><path fill=\"none\" stroke=\"#9ca0a3\" stroke-linejoin=\"round\" stroke-miterlimit=\"50\" stroke-width=\"\" d=\"M22 1L1 22\"><\/path><\/g><g><path fill=\"none\" stroke=\"#9ca0a3\" stroke-linejoin=\"round\" stroke-miterlimit=\"50\" stroke-width=\"\" d=\"M22 22L1 1\"><\/path><\/g><\/g><\/g><\/svg><\/a>\r\n    <\/div>\r\n  <\/div>\r\n<\/div><!-- block -->\r\n<div id=\"download-block_a6a17b30a37d063e0e7b3520b373c30f\" class=\"download-block\">\r\n  <div class=\"row container\">\r\n    <div>\r\n      <h2 class=\"title\">Dokumente und Bedingungen<\/h2>      <ul>            <li>\r\n              <a href=\"https:\/\/www.deepspot.com\/wp-content\/uploads\/sites\/2\/2023\/08\/FomularzMedyczny2023_PL_do_wgladu.pdf\" download>\r\n                <div>\r\n                  <img decoding=\"async\" lazy src=\"data:image\/gif;base64,R0lGODlhAQABAAD\/ACwAAAAAAQABAAACADs%3D\" data-src=\"https:\/\/www.deepspot.com\/wp-content\/themes\/deepspotflyspotWPML\/images\/dots-download.svg\">\r\n                  <p>Medizinisches Formular<\/p>\r\n                <\/div>\r\n              <\/a>\r\n            <\/li>\r\n          <\/ul>    <\/div>\r\n  <\/div>\r\n<\/div><!-- block -->\r\n","protected":false},"excerpt":{"rendered":"","protected":false},"author":1,"featured_media":53720,"parent":4761,"menu_order":0,"comment_status":"closed","ping_status":"closed","template":"","meta":{"_acf_changed":false,"footnotes":""},"class_list":["post-38192","page","type-page","status-publish","has-post-thumbnail","hentry"],"acf":[],"yoast_head":"<!-- This site is optimized with the Yoast SEO plugin v27.4 - https:\/\/yoast.com\/product\/yoast-seo-wordpress\/ -->\n<title>Werkstatt Geringerer Luftverbrauch | Deepspot<\/title>\n<meta name=\"description\" content=\"Werkstatt Geringerer Luftverbrauch\" \/>\n<meta name=\"robots\" content=\"index, follow, max-snippet:-1, max-image-preview:large, max-video-preview:-1\" \/>\n<link rel=\"canonical\" href=\"https:\/\/www.deepspot.com\/de\/fuer-wen\/geraetetauchen\/geringerer-luftverbrauch\/\" \/>\n<meta property=\"og:locale\" content=\"de_DE\" \/>\n<meta property=\"og:type\" content=\"article\" \/>\n<meta property=\"og:title\" content=\"Werkstatt Geringerer Luftverbrauch | Deepspot\" \/>\n<meta property=\"og:description\" content=\"Werkstatt Geringerer Luftverbrauch\" \/>\n<meta property=\"og:url\" content=\"https:\/\/www.deepspot.com\/de\/fuer-wen\/geraetetauchen\/geringerer-luftverbrauch\/\" \/>\n<meta property=\"og:site_name\" content=\"Deepspot\" \/>\n<meta property=\"article:modified_time\" content=\"2025-10-10T12:15:24+00:00\" \/>\n<meta property=\"og:image\" content=\"https:\/\/eco3ygde435.exactdn.com\/wp-content\/uploads\/sites\/2\/2025\/06\/NCIOAE.jpg?strip=all\" \/>\n\t<meta property=\"og:image:width\" content=\"1920\" \/>\n\t<meta property=\"og:image:height\" content=\"1350\" \/>\n\t<meta property=\"og:image:type\" content=\"image\/jpeg\" \/>\n<meta name=\"twitter:card\" content=\"summary_large_image\" \/>\n<script type=\"application\/ld+json\" class=\"yoast-schema-graph\">{\"@context\":\"https:\\\/\\\/schema.org\",\"@graph\":[{\"@type\":\"WebPage\",\"@id\":\"https:\\\/\\\/www.deepspot.com\\\/de\\\/fuer-wen\\\/geraetetauchen\\\/geringerer-luftverbrauch\\\/\",\"url\":\"https:\\\/\\\/www.deepspot.com\\\/de\\\/fuer-wen\\\/geraetetauchen\\\/geringerer-luftverbrauch\\\/\",\"name\":\"Werkstatt Geringerer Luftverbrauch | Deepspot\",\"isPartOf\":{\"@id\":\"https:\\\/\\\/www.deepspot.com\\\/pl\\\/#website\"},\"primaryImageOfPage\":{\"@id\":\"https:\\\/\\\/www.deepspot.com\\\/de\\\/fuer-wen\\\/geraetetauchen\\\/geringerer-luftverbrauch\\\/#primaryimage\"},\"image\":{\"@id\":\"https:\\\/\\\/www.deepspot.com\\\/de\\\/fuer-wen\\\/geraetetauchen\\\/geringerer-luftverbrauch\\\/#primaryimage\"},\"thumbnailUrl\":\"https:\\\/\\\/eco3ygde435.exactdn.com\\\/wp-content\\\/uploads\\\/sites\\\/2\\\/2025\\\/06\\\/NCIOAE.jpg?strip=all\",\"datePublished\":\"2022-05-26T06:51:33+00:00\",\"dateModified\":\"2025-10-10T12:15:24+00:00\",\"description\":\"Werkstatt Geringerer Luftverbrauch\",\"breadcrumb\":{\"@id\":\"https:\\\/\\\/www.deepspot.com\\\/de\\\/fuer-wen\\\/geraetetauchen\\\/geringerer-luftverbrauch\\\/#breadcrumb\"},\"inLanguage\":\"de\",\"potentialAction\":[{\"@type\":\"ReadAction\",\"target\":[\"https:\\\/\\\/www.deepspot.com\\\/de\\\/fuer-wen\\\/geraetetauchen\\\/geringerer-luftverbrauch\\\/\"]}]},{\"@type\":\"ImageObject\",\"inLanguage\":\"de\",\"@id\":\"https:\\\/\\\/www.deepspot.com\\\/de\\\/fuer-wen\\\/geraetetauchen\\\/geringerer-luftverbrauch\\\/#primaryimage\",\"url\":\"https:\\\/\\\/eco3ygde435.exactdn.com\\\/wp-content\\\/uploads\\\/sites\\\/2\\\/2025\\\/06\\\/NCIOAE.jpg?strip=all\",\"contentUrl\":\"https:\\\/\\\/eco3ygde435.exactdn.com\\\/wp-content\\\/uploads\\\/sites\\\/2\\\/2025\\\/06\\\/NCIOAE.jpg?strip=all\",\"width\":1920,\"height\":1350},{\"@type\":\"BreadcrumbList\",\"@id\":\"https:\\\/\\\/www.deepspot.com\\\/de\\\/fuer-wen\\\/geraetetauchen\\\/geringerer-luftverbrauch\\\/#breadcrumb\",\"itemListElement\":[{\"@type\":\"ListItem\",\"position\":1,\"name\":\"Strona g\u0142\u00f3wna\",\"item\":\"https:\\\/\\\/www.deepspot.com\\\/de\\\/\"},{\"@type\":\"ListItem\",\"position\":2,\"name\":\"F\u00fcr wen\",\"item\":\"https:\\\/\\\/www.deepspot.com\\\/de\\\/fuer-wen\\\/\"},{\"@type\":\"ListItem\",\"position\":3,\"name\":\"Sporttauchen\",\"item\":\"https:\\\/\\\/www.deepspot.com\\\/de\\\/fuer-wen\\\/geraetetauchen\\\/\"},{\"@type\":\"ListItem\",\"position\":4,\"name\":\"Werkstatt Geringerer Luftverbrauch\"}]},{\"@type\":\"WebSite\",\"@id\":\"https:\\\/\\\/www.deepspot.com\\\/pl\\\/#website\",\"url\":\"https:\\\/\\\/www.deepspot.com\\\/pl\\\/\",\"name\":\"Deepspot\",\"description\":\"Eine neue Dimension im Tauchen\",\"potentialAction\":[{\"@type\":\"SearchAction\",\"target\":{\"@type\":\"EntryPoint\",\"urlTemplate\":\"https:\\\/\\\/www.deepspot.com\\\/pl\\\/?s={search_term_string}\"},\"query-input\":{\"@type\":\"PropertyValueSpecification\",\"valueRequired\":true,\"valueName\":\"search_term_string\"}}],\"inLanguage\":\"de\"}]}<\/script>\n<!-- \/ Yoast SEO plugin. -->","yoast_head_json":{"title":"Werkstatt Geringerer Luftverbrauch | Deepspot","description":"Werkstatt Geringerer Luftverbrauch","robots":{"index":"index","follow":"follow","max-snippet":"max-snippet:-1","max-image-preview":"max-image-preview:large","max-video-preview":"max-video-preview:-1"},"canonical":"https:\/\/www.deepspot.com\/de\/fuer-wen\/geraetetauchen\/geringerer-luftverbrauch\/","og_locale":"de_DE","og_type":"article","og_title":"Werkstatt Geringerer Luftverbrauch | Deepspot","og_description":"Werkstatt Geringerer Luftverbrauch","og_url":"https:\/\/www.deepspot.com\/de\/fuer-wen\/geraetetauchen\/geringerer-luftverbrauch\/","og_site_name":"Deepspot","article_modified_time":"2025-10-10T12:15:24+00:00","og_image":[{"width":1920,"height":1350,"url":"https:\/\/eco3ygde435.exactdn.com\/wp-content\/uploads\/sites\/2\/2025\/06\/NCIOAE.jpg?strip=all","type":"image\/jpeg"}],"twitter_card":"summary_large_image","schema":{"@context":"https:\/\/schema.org","@graph":[{"@type":"WebPage","@id":"https:\/\/www.deepspot.com\/de\/fuer-wen\/geraetetauchen\/geringerer-luftverbrauch\/","url":"https:\/\/www.deepspot.com\/de\/fuer-wen\/geraetetauchen\/geringerer-luftverbrauch\/","name":"Werkstatt Geringerer Luftverbrauch | Deepspot","isPartOf":{"@id":"https:\/\/www.deepspot.com\/pl\/#website"},"primaryImageOfPage":{"@id":"https:\/\/www.deepspot.com\/de\/fuer-wen\/geraetetauchen\/geringerer-luftverbrauch\/#primaryimage"},"image":{"@id":"https:\/\/www.deepspot.com\/de\/fuer-wen\/geraetetauchen\/geringerer-luftverbrauch\/#primaryimage"},"thumbnailUrl":"https:\/\/eco3ygde435.exactdn.com\/wp-content\/uploads\/sites\/2\/2025\/06\/NCIOAE.jpg?strip=all","datePublished":"2022-05-26T06:51:33+00:00","dateModified":"2025-10-10T12:15:24+00:00","description":"Werkstatt Geringerer Luftverbrauch","breadcrumb":{"@id":"https:\/\/www.deepspot.com\/de\/fuer-wen\/geraetetauchen\/geringerer-luftverbrauch\/#breadcrumb"},"inLanguage":"de","potentialAction":[{"@type":"ReadAction","target":["https:\/\/www.deepspot.com\/de\/fuer-wen\/geraetetauchen\/geringerer-luftverbrauch\/"]}]},{"@type":"ImageObject","inLanguage":"de","@id":"https:\/\/www.deepspot.com\/de\/fuer-wen\/geraetetauchen\/geringerer-luftverbrauch\/#primaryimage","url":"https:\/\/eco3ygde435.exactdn.com\/wp-content\/uploads\/sites\/2\/2025\/06\/NCIOAE.jpg?strip=all","contentUrl":"https:\/\/eco3ygde435.exactdn.com\/wp-content\/uploads\/sites\/2\/2025\/06\/NCIOAE.jpg?strip=all","width":1920,"height":1350},{"@type":"BreadcrumbList","@id":"https:\/\/www.deepspot.com\/de\/fuer-wen\/geraetetauchen\/geringerer-luftverbrauch\/#breadcrumb","itemListElement":[{"@type":"ListItem","position":1,"name":"Strona g\u0142\u00f3wna","item":"https:\/\/www.deepspot.com\/de\/"},{"@type":"ListItem","position":2,"name":"F\u00fcr wen","item":"https:\/\/www.deepspot.com\/de\/fuer-wen\/"},{"@type":"ListItem","position":3,"name":"Sporttauchen","item":"https:\/\/www.deepspot.com\/de\/fuer-wen\/geraetetauchen\/"},{"@type":"ListItem","position":4,"name":"Werkstatt Geringerer Luftverbrauch"}]},{"@type":"WebSite","@id":"https:\/\/www.deepspot.com\/pl\/#website","url":"https:\/\/www.deepspot.com\/pl\/","name":"Deepspot","description":"Eine neue Dimension im Tauchen","potentialAction":[{"@type":"SearchAction","target":{"@type":"EntryPoint","urlTemplate":"https:\/\/www.deepspot.com\/pl\/?s={search_term_string}"},"query-input":{"@type":"PropertyValueSpecification","valueRequired":true,"valueName":"search_term_string"}}],"inLanguage":"de"}]}},"_links":{"self":[{"href":"https:\/\/www.deepspot.com\/de\/wp-json\/wp\/v2\/pages\/38192","targetHints":{"allow":["GET"]}}],"collection":[{"href":"https:\/\/www.deepspot.com\/de\/wp-json\/wp\/v2\/pages"}],"about":[{"href":"https:\/\/www.deepspot.com\/de\/wp-json\/wp\/v2\/types\/page"}],"author":[{"embeddable":true,"href":"https:\/\/www.deepspot.com\/de\/wp-json\/wp\/v2\/users\/1"}],"replies":[{"embeddable":true,"href":"https:\/\/www.deepspot.com\/de\/wp-json\/wp\/v2\/comments?post=38192"}],"version-history":[{"count":14,"href":"https:\/\/www.deepspot.com\/de\/wp-json\/wp\/v2\/pages\/38192\/revisions"}],"predecessor-version":[{"id":57201,"href":"https:\/\/www.deepspot.com\/de\/wp-json\/wp\/v2\/pages\/38192\/revisions\/57201"}],"up":[{"embeddable":true,"href":"https:\/\/www.deepspot.com\/de\/wp-json\/wp\/v2\/pages\/4761"}],"wp:featuredmedia":[{"embeddable":true,"href":"https:\/\/www.deepspot.com\/de\/wp-json\/wp\/v2\/media\/53720"}],"wp:attachment":[{"href":"https:\/\/www.deepspot.com\/de\/wp-json\/wp\/v2\/media?parent=38192"}],"curies":[{"name":"wp","href":"https:\/\/api.w.org\/{rel}","templated":true}]}}