{"id":38244,"date":"2021-09-24T12:01:49","date_gmt":"2021-09-24T10:01:49","guid":{"rendered":"https:\/\/www.deepspot.com\/fuer-wen\/geraetetauchen\/scuba-einstiegspakete\/"},"modified":"2025-09-21T15:24:32","modified_gmt":"2025-09-21T13:24:32","slug":"scuba-einstiegspakete","status":"publish","type":"page","link":"https:\/\/www.deepspot.com\/de\/fuer-wen\/geraetetauchen\/scuba-einstiegspakete\/","title":{"rendered":"Scuba Diver&#8217;s Einstiegspakete"},"content":{"rendered":"<div id=\"hero-block_6a2f4c44f512af2e5b45e41b547a80e6\" class=\"hero-block\">\r\n  <div class=\"row outer-container\">\r\n    <div>\r\n      <img decoding=\"async\" lazy src=\"data:image\/gif;base64,R0lGODlhAQABAAD\/ACwAAAAAAQABAAACADs%3D\" data-src=\"https:\/\/eco3ygde435.exactdn.com\/wp-content\/uploads\/sites\/2\/2025\/06\/lplplplplplplp.jpg?strip=all\" alt=\"\">\r\n          <\/div>\r\n    <div>\r\n      <h2>TAUCHEN EINSTIEGSPAKETE<\/h2><p>Mehr tauchen f\u00fcr weniger Geld. Kaufen Sie ein Einstiegspaket und tauchen Sie wann Sie wollen!<\/p>    <\/div>\r\n  <\/div>\r\n<\/div><!-- block -->\r\n<div id=\"product-details-block_b19b37eed0454a604717406f0c859171\" class=\"product-details-block\">\r\n  <div class=\"row container\">\r\n    <div>\r\n      <h2 class=\"title\">Beschreibung der Attraktionen<\/h2>      <p class=\"desc\">Scuba Diver Einstiegspakete sind die ideale Option f\u00fcr gl\u00fcckliche Zertifikatsinhaber (min. Indoor Diver\/OWD), die \u00f6fter tauchen m\u00f6chten &#8211; zur Ausbildung, zum Testen der Ausr\u00fcstung oder einfach nur zum Vergn\u00fcgen unter einzigartigen Bedingungen.  <br>Je mehr Tauchg\u00e4nge Sie im Voraus planen, desto niedriger ist der Preis pro Einheit. Einfach, flexibel und genau so, wie Sie es m\u00f6gen!   <br><br>\r\nTauchen Sie in das Angebot ein, vor allem wenn Sie:<br>\ud83e\udee7 Ihre Tauchf\u00e4higkeiten unter idealen Bedingungen entwickeln<br>\ud83e\udee7 systematisch trainieren und an Technik und Tarierung arbeiten<br>\ud83e\udee7 neue Ausr\u00fcstung testen, bevor Sie sich ins Freiwasser wagen<br>\ud83e\udee7 sich auf weitere Kurse oder Spezialisierungen vorbereiten<br>\ud83e\udee7 in der Freizeit tauchen, um zu entspannen und Ruhe zu finden.<br><br>\r\nWas bieten wir an?<br>Jeder Eintrag im Paket beinhaltet 75 Minuten auf dem Poolboden. Sie entscheiden, wie Sie diese Zeit nutzen! Wir bieten Ihnen die gesamte notwendige Tauchausr\u00fcstung im Preis und die Flexibilit\u00e4t der Wahl &#8211; ein Paket, das f\u00fcr die von Ihnen gew\u00e4hlte Anzahl von Monaten gilt.  <br>\r\nDenken Sie an Ihren Tauchcomputer, er ist ein Muss f\u00fcr jeden Taucher. Wenn Sie Ihren eigenen haben, nehmen Sie ihn mit, und wenn nicht, k\u00f6nnen Sie vor Ort ein Garmin-Modell f\u00fcr \u00a345\/Tauchgang mieten. <br>\r\nDie Ausbildung findet immer mit einem Tauchpartner statt &#8211; Sie k\u00f6nnen mit Ihrem Buddy tauchen oder sich von unserem Tauchlehrer assistieren lassen.<br><br>\r\nDas ist es wert, denn:<br>\ud83e\udee7 Sie sparen &#8211; je gr\u00f6\u00dfer das Paket, desto niedriger der Preis pro Eintrag<br>\ud83e\udee7 Sie entscheiden &#8211; Sie w\u00e4hlen die G\u00fcltigkeit des Pakets und planen die Termine nach Ihrem eigenen Zeitplan<br>\ud83e\udee7 Sie trainieren im tiefsten Pool Europas &#8211; bis zu 45 Meter tief<br>\ud83e\udee7 Sie tauchen unter exotischen Bedingungen &#8211; klares Wasser bei 32\u00b0C<br>\ud83e\udee7 Sie profitieren von moderner, regelm\u00e4\u00dfig gewartete Ausr\u00fcstung<br>\ud83e\udee7 Sie haben die Unterst\u00fctzung eines erfahrenen, internationalen Teams von Tauchlehrern<br>\ud83e\udee7 Dies ist der perfekte Ort, um Ihr Selbstvertrauen und Ihre Technik zu verbessern<br><br>\r\nInvestieren Sie in Ihre Entwicklung und Ihren Tauchkomfort. W\u00e4hlen Sie ein Paket, das Ihren Bed\u00fcrfnissen entspricht, und nutzen Sie Deepspot h\u00e4ufiger &#8211; zu Ihren eigenen Bedingungen. <br><br><br>\r\nWas ist wissenswert?<\/p>      <ul>            <li>\r\n              <p>Dauer<\/p>\r\n              <strong>60 Minuten + 15 Minuten auf Disc<\/strong>\r\n            <\/li>\r\n                      <li>\r\n              <p>Mindestalter<\/p>\r\n              <strong>10 Jahre<\/strong>\r\n            <\/li>\r\n                      <li>\r\n              <p>Sie werden in Tiefen tauchen<\/p>\r\n              <strong>In \u00dcbereinstimmung mit den Anspr\u00fcchen<\/strong>\r\n            <\/li>\r\n                      <li>\r\n              <p>Als Geschenk  <\/p>\r\n              <strong>Kurzes Erinnerungsvideo aus einem Unterwasser-Fotoautomaten<\/strong>\r\n            <\/li>\r\n                      <li>\r\n              <p>Wir bieten<\/p>\r\n              <strong>Die gesamte notwendige Tauchausr\u00fcstung. Bringen Sie nur Badehose, Handtuch und Flip-Flops mit <\/strong>\r\n            <\/li>\r\n                      <li>\r\n              <p>Vergessen Sie nicht<\/p>\r\n              <strong>Viel Spa\u00df und wir werden Sie mit all der Energie anstecken<\/strong>\r\n            <\/li>\r\n                      <li>\r\n              <p>Preis  <\/p>\r\n              <strong>Je nach Gr\u00f6\u00dfe des Pakets Preis pro Eintrag: von 259 PLN bis 279 PLN<\/strong>\r\n            <\/li>\r\n          <\/ul>      <div class=\"button-list-wrap\"><div class=\"button-list button-type-both\"><div><a class=\"alternate_ybb\" href=\"https:\/\/cs.deepspot.com\/offer?steps=deepspot_pro_type-scuba_deepspot-credit\" target=\"_self\"><img decoding=\"async\" lazy src=\"data:image\/gif;base64,R0lGODlhAQABAAD\/ACwAAAAAAQABAAACADs%3D\" data-src=\"https:\/\/eco3ygde435.exactdn.com\/wp-content\/uploads\/sites\/2\/2020\/08\/calendar-grid-58.png?strip=all\" alt=\"\"><strong>Zam\u00f3w sw\u00f3j pakiet<\/strong><\/a><\/div><div><a class=\"css-default\" href=\"https:\/\/www.deepspot.com\/pl\/frequently-asked-questions\/?tab=2\" target=\"_self\"><img decoding=\"async\" lazy src=\"data:image\/gif;base64,R0lGODlhAQABAAD\/ACwAAAAAAQABAAACADs%3D\" data-src=\"https:\/\/eco3ygde435.exactdn.com\/wp-content\/uploads\/sites\/2\/2020\/08\/presentation.png?strip=all\" alt=\"\"><strong>Najcz\u0119\u015bciej zadawane pytania<\/strong><\/a><\/div><\/div><\/div>    <\/div>\r\n  <\/div>\r\n<\/div><!-- block -->\r\n","protected":false},"excerpt":{"rendered":"","protected":false},"author":1,"featured_media":53479,"parent":4761,"menu_order":4,"comment_status":"closed","ping_status":"closed","template":"","meta":{"_acf_changed":false,"footnotes":""},"class_list":["post-38244","page","type-page","status-publish","has-post-thumbnail","hentry"],"acf":[],"yoast_head":"<!-- This site is optimized with the Yoast SEO plugin v27.3 - https:\/\/yoast.com\/product\/yoast-seo-wordpress\/ -->\n<title>Scuba Diver&#039;s Einstiegspakete | Deepspot<\/title>\n<meta name=\"description\" content=\"Scuba Diver&#039;s Einstiegspakete\" \/>\n<meta name=\"robots\" content=\"index, follow, max-snippet:-1, max-image-preview:large, max-video-preview:-1\" \/>\n<link rel=\"canonical\" href=\"https:\/\/www.deepspot.com\/de\/fuer-wen\/geraetetauchen\/scuba-einstiegspakete\/\" \/>\n<meta property=\"og:locale\" content=\"de_DE\" \/>\n<meta property=\"og:type\" content=\"article\" \/>\n<meta property=\"og:title\" content=\"Scuba Diver&#039;s Einstiegspakete | Deepspot\" \/>\n<meta property=\"og:description\" content=\"Scuba Diver&#039;s Einstiegspakete\" \/>\n<meta property=\"og:url\" content=\"https:\/\/www.deepspot.com\/de\/fuer-wen\/geraetetauchen\/scuba-einstiegspakete\/\" \/>\n<meta property=\"og:site_name\" content=\"Deepspot\" \/>\n<meta property=\"article:modified_time\" content=\"2025-09-21T13:24:32+00:00\" \/>\n<meta property=\"og:image\" content=\"https:\/\/eco3ygde435.exactdn.com\/wp-content\/uploads\/sites\/2\/2025\/06\/xaopqf.jpg?strip=all\" \/>\n\t<meta property=\"og:image:width\" content=\"1890\" \/>\n\t<meta property=\"og:image:height\" content=\"965\" \/>\n\t<meta property=\"og:image:type\" content=\"image\/jpeg\" \/>\n<meta name=\"twitter:card\" content=\"summary_large_image\" \/>\n<script type=\"application\/ld+json\" class=\"yoast-schema-graph\">{\"@context\":\"https:\\\/\\\/schema.org\",\"@graph\":[{\"@type\":\"WebPage\",\"@id\":\"https:\\\/\\\/www.deepspot.com\\\/de\\\/fuer-wen\\\/geraetetauchen\\\/scuba-einstiegspakete\\\/\",\"url\":\"https:\\\/\\\/www.deepspot.com\\\/de\\\/fuer-wen\\\/geraetetauchen\\\/scuba-einstiegspakete\\\/\",\"name\":\"Scuba Diver's Einstiegspakete | Deepspot\",\"isPartOf\":{\"@id\":\"https:\\\/\\\/www.deepspot.com\\\/pl\\\/#website\"},\"primaryImageOfPage\":{\"@id\":\"https:\\\/\\\/www.deepspot.com\\\/de\\\/fuer-wen\\\/geraetetauchen\\\/scuba-einstiegspakete\\\/#primaryimage\"},\"image\":{\"@id\":\"https:\\\/\\\/www.deepspot.com\\\/de\\\/fuer-wen\\\/geraetetauchen\\\/scuba-einstiegspakete\\\/#primaryimage\"},\"thumbnailUrl\":\"https:\\\/\\\/eco3ygde435.exactdn.com\\\/wp-content\\\/uploads\\\/sites\\\/2\\\/2025\\\/06\\\/xaopqf.jpg?strip=all\",\"datePublished\":\"2021-09-24T10:01:49+00:00\",\"dateModified\":\"2025-09-21T13:24:32+00:00\",\"description\":\"Scuba Diver's Einstiegspakete\",\"breadcrumb\":{\"@id\":\"https:\\\/\\\/www.deepspot.com\\\/de\\\/fuer-wen\\\/geraetetauchen\\\/scuba-einstiegspakete\\\/#breadcrumb\"},\"inLanguage\":\"de\",\"potentialAction\":[{\"@type\":\"ReadAction\",\"target\":[\"https:\\\/\\\/www.deepspot.com\\\/de\\\/fuer-wen\\\/geraetetauchen\\\/scuba-einstiegspakete\\\/\"]}]},{\"@type\":\"ImageObject\",\"inLanguage\":\"de\",\"@id\":\"https:\\\/\\\/www.deepspot.com\\\/de\\\/fuer-wen\\\/geraetetauchen\\\/scuba-einstiegspakete\\\/#primaryimage\",\"url\":\"https:\\\/\\\/eco3ygde435.exactdn.com\\\/wp-content\\\/uploads\\\/sites\\\/2\\\/2025\\\/06\\\/xaopqf.jpg?strip=all\",\"contentUrl\":\"https:\\\/\\\/eco3ygde435.exactdn.com\\\/wp-content\\\/uploads\\\/sites\\\/2\\\/2025\\\/06\\\/xaopqf.jpg?strip=all\",\"width\":1890,\"height\":965},{\"@type\":\"BreadcrumbList\",\"@id\":\"https:\\\/\\\/www.deepspot.com\\\/de\\\/fuer-wen\\\/geraetetauchen\\\/scuba-einstiegspakete\\\/#breadcrumb\",\"itemListElement\":[{\"@type\":\"ListItem\",\"position\":1,\"name\":\"Strona g\u0142\u00f3wna\",\"item\":\"https:\\\/\\\/www.deepspot.com\\\/de\\\/\"},{\"@type\":\"ListItem\",\"position\":2,\"name\":\"F\u00fcr wen\",\"item\":\"https:\\\/\\\/www.deepspot.com\\\/de\\\/fuer-wen\\\/\"},{\"@type\":\"ListItem\",\"position\":3,\"name\":\"Sporttauchen\",\"item\":\"https:\\\/\\\/www.deepspot.com\\\/de\\\/fuer-wen\\\/geraetetauchen\\\/\"},{\"@type\":\"ListItem\",\"position\":4,\"name\":\"Scuba Diver&#8217;s Einstiegspakete\"}]},{\"@type\":\"WebSite\",\"@id\":\"https:\\\/\\\/www.deepspot.com\\\/pl\\\/#website\",\"url\":\"https:\\\/\\\/www.deepspot.com\\\/pl\\\/\",\"name\":\"Deepspot\",\"description\":\"Eine neue Dimension im Tauchen\",\"potentialAction\":[{\"@type\":\"SearchAction\",\"target\":{\"@type\":\"EntryPoint\",\"urlTemplate\":\"https:\\\/\\\/www.deepspot.com\\\/pl\\\/?s={search_term_string}\"},\"query-input\":{\"@type\":\"PropertyValueSpecification\",\"valueRequired\":true,\"valueName\":\"search_term_string\"}}],\"inLanguage\":\"de\"}]}<\/script>\n<!-- \/ Yoast SEO plugin. -->","yoast_head_json":{"title":"Scuba Diver's Einstiegspakete | Deepspot","description":"Scuba Diver's Einstiegspakete","robots":{"index":"index","follow":"follow","max-snippet":"max-snippet:-1","max-image-preview":"max-image-preview:large","max-video-preview":"max-video-preview:-1"},"canonical":"https:\/\/www.deepspot.com\/de\/fuer-wen\/geraetetauchen\/scuba-einstiegspakete\/","og_locale":"de_DE","og_type":"article","og_title":"Scuba Diver's Einstiegspakete | Deepspot","og_description":"Scuba Diver's Einstiegspakete","og_url":"https:\/\/www.deepspot.com\/de\/fuer-wen\/geraetetauchen\/scuba-einstiegspakete\/","og_site_name":"Deepspot","article_modified_time":"2025-09-21T13:24:32+00:00","og_image":[{"width":1890,"height":965,"url":"https:\/\/eco3ygde435.exactdn.com\/wp-content\/uploads\/sites\/2\/2025\/06\/xaopqf.jpg?strip=all","type":"image\/jpeg"}],"twitter_card":"summary_large_image","schema":{"@context":"https:\/\/schema.org","@graph":[{"@type":"WebPage","@id":"https:\/\/www.deepspot.com\/de\/fuer-wen\/geraetetauchen\/scuba-einstiegspakete\/","url":"https:\/\/www.deepspot.com\/de\/fuer-wen\/geraetetauchen\/scuba-einstiegspakete\/","name":"Scuba Diver's Einstiegspakete | Deepspot","isPartOf":{"@id":"https:\/\/www.deepspot.com\/pl\/#website"},"primaryImageOfPage":{"@id":"https:\/\/www.deepspot.com\/de\/fuer-wen\/geraetetauchen\/scuba-einstiegspakete\/#primaryimage"},"image":{"@id":"https:\/\/www.deepspot.com\/de\/fuer-wen\/geraetetauchen\/scuba-einstiegspakete\/#primaryimage"},"thumbnailUrl":"https:\/\/eco3ygde435.exactdn.com\/wp-content\/uploads\/sites\/2\/2025\/06\/xaopqf.jpg?strip=all","datePublished":"2021-09-24T10:01:49+00:00","dateModified":"2025-09-21T13:24:32+00:00","description":"Scuba Diver's Einstiegspakete","breadcrumb":{"@id":"https:\/\/www.deepspot.com\/de\/fuer-wen\/geraetetauchen\/scuba-einstiegspakete\/#breadcrumb"},"inLanguage":"de","potentialAction":[{"@type":"ReadAction","target":["https:\/\/www.deepspot.com\/de\/fuer-wen\/geraetetauchen\/scuba-einstiegspakete\/"]}]},{"@type":"ImageObject","inLanguage":"de","@id":"https:\/\/www.deepspot.com\/de\/fuer-wen\/geraetetauchen\/scuba-einstiegspakete\/#primaryimage","url":"https:\/\/eco3ygde435.exactdn.com\/wp-content\/uploads\/sites\/2\/2025\/06\/xaopqf.jpg?strip=all","contentUrl":"https:\/\/eco3ygde435.exactdn.com\/wp-content\/uploads\/sites\/2\/2025\/06\/xaopqf.jpg?strip=all","width":1890,"height":965},{"@type":"BreadcrumbList","@id":"https:\/\/www.deepspot.com\/de\/fuer-wen\/geraetetauchen\/scuba-einstiegspakete\/#breadcrumb","itemListElement":[{"@type":"ListItem","position":1,"name":"Strona g\u0142\u00f3wna","item":"https:\/\/www.deepspot.com\/de\/"},{"@type":"ListItem","position":2,"name":"F\u00fcr wen","item":"https:\/\/www.deepspot.com\/de\/fuer-wen\/"},{"@type":"ListItem","position":3,"name":"Sporttauchen","item":"https:\/\/www.deepspot.com\/de\/fuer-wen\/geraetetauchen\/"},{"@type":"ListItem","position":4,"name":"Scuba Diver&#8217;s Einstiegspakete"}]},{"@type":"WebSite","@id":"https:\/\/www.deepspot.com\/pl\/#website","url":"https:\/\/www.deepspot.com\/pl\/","name":"Deepspot","description":"Eine neue Dimension im Tauchen","potentialAction":[{"@type":"SearchAction","target":{"@type":"EntryPoint","urlTemplate":"https:\/\/www.deepspot.com\/pl\/?s={search_term_string}"},"query-input":{"@type":"PropertyValueSpecification","valueRequired":true,"valueName":"search_term_string"}}],"inLanguage":"de"}]}},"_links":{"self":[{"href":"https:\/\/www.deepspot.com\/de\/wp-json\/wp\/v2\/pages\/38244","targetHints":{"allow":["GET"]}}],"collection":[{"href":"https:\/\/www.deepspot.com\/de\/wp-json\/wp\/v2\/pages"}],"about":[{"href":"https:\/\/www.deepspot.com\/de\/wp-json\/wp\/v2\/types\/page"}],"author":[{"embeddable":true,"href":"https:\/\/www.deepspot.com\/de\/wp-json\/wp\/v2\/users\/1"}],"replies":[{"embeddable":true,"href":"https:\/\/www.deepspot.com\/de\/wp-json\/wp\/v2\/comments?post=38244"}],"version-history":[{"count":11,"href":"https:\/\/www.deepspot.com\/de\/wp-json\/wp\/v2\/pages\/38244\/revisions"}],"predecessor-version":[{"id":56556,"href":"https:\/\/www.deepspot.com\/de\/wp-json\/wp\/v2\/pages\/38244\/revisions\/56556"}],"up":[{"embeddable":true,"href":"https:\/\/www.deepspot.com\/de\/wp-json\/wp\/v2\/pages\/4761"}],"wp:featuredmedia":[{"embeddable":true,"href":"https:\/\/www.deepspot.com\/de\/wp-json\/wp\/v2\/media\/53479"}],"wp:attachment":[{"href":"https:\/\/www.deepspot.com\/de\/wp-json\/wp\/v2\/media?parent=38244"}],"curies":[{"name":"wp","href":"https:\/\/api.w.org\/{rel}","templated":true}]}}