{"id":38524,"date":"2020-08-27T03:03:30","date_gmt":"2020-08-27T01:03:30","guid":{"rendered":"https:\/\/www.deepspot.com\/fuer-wen\/freitauchen\/deepspot-frei-30m\/"},"modified":"2025-10-29T12:22:49","modified_gmt":"2025-10-29T11:22:49","slug":"deepspot-frei-30m","status":"publish","type":"page","link":"https:\/\/www.deepspot.com\/de\/fuer-wen\/freitauchen\/deepspot-frei-30m\/","title":{"rendered":"Kurs f\u00fcr fortgeschrittene Freitaucher"},"content":{"rendered":"<div id=\"hero-block_b16659a3ce943ab0ca800a1af9b9ad2c\" class=\"hero-block\">\r\n  <div class=\"row outer-container\">\r\n    <div>\r\n      <img decoding=\"async\" lazy src=\"data:image\/gif;base64,R0lGODlhAQABAAD\/ACwAAAAAAQABAAACADs%3D\" data-src=\"https:\/\/eco3ygde435.exactdn.com\/wp-content\/uploads\/sites\/2\/2025\/04\/bgbgbgb.jpg?strip=all\" alt=\"\">\r\n          <\/div>\r\n    <div>\r\n      <h2>TIEFER EINTAUCHEN, MEHR BEKOMMEN<\/h2><p>Wenn Sie als Freediver zertifiziert sind und tiefer gehen wollen &#8211; im w\u00f6rtlichen und \u00fcbertragenen Sinne &#8211; ist der Advanced Freediver Kurs der n\u00e4chste Schritt in Ihrem Tauchabenteuer.  <br><br>  Unter der Anleitung eines Tauchlehrers werden Sie einen pr\u00e4zisen Druckausgleich, Tiefenentspannung und bewusste Tauchg\u00e4nge beherrschen und sicher bis zu 30 Meter tief tauchen. Am Ende erhalten Sie ein internationales Advanced Freediver-Zertifikat &#8211; und einen kr\u00e4ftigen Schub an Zufriedenheit. <\/p>    <\/div>\r\n  <\/div>\r\n<\/div><!-- block -->\r\n<div id=\"product-details-block_ecfabf355f5ecf750ca909cfc0e69244\" class=\"product-details-block\">\r\n  <div class=\"row container\">\r\n    <div>\r\n      <h2 class=\"title\">Beschreibung der Attraktionen<\/h2>      <p class=\"desc\">M\u00f6chten Sie einen Schritt weiter gehen und die 20-Meter-Marke \u00fcberschreiten?  <br>Der Kurs f\u00fcr fortgeschrittene Freitaucher erm\u00f6glicht es Ihnen, auf den F\u00e4higkeiten, die Sie bereits erworben haben, aufzubauen und Ihr Freitauchen auf die n\u00e4chste Stufe zu heben &#8211; k\u00f6rperlich und geistig. Sie erhalten neue Werkzeuge, mehr Selbstvertrauen und Qualifikationen.   <br><br>\r\nWagen Sie den Sprung, vor allem wenn: <br>\ud83e\udee7 Sie beim Freitauchen Fortschritte machen und tiefer gehen wollen <br>\ud83e\udee7 Sie Ihre F\u00e4higkeiten sicher weiterentwickeln und sich auf die n\u00e4chsten Stufen Ihrer Ausbildung vorbereiten wollen<br>\ud83e\udee7 Sie davon tr\u00e4umen, selbstst\u00e4ndig (ohne Tauchlehrer, mit Hilfe von Buddha) in Tiefen von bis zu 30 Metern zu tauchen.<br> <br>\r\nWas bieten wir an? <br>\ud83e\udee7 Dreit\u00e4giges theoretisches und praktisches Training unter kontrollierten Deepspot-Bedingungen<br>\ud83e\udee7 Erlernen von fortgeschrittenen Atem-, Entspannungs- und Druckausgleichstechniken<br>\ud83e\udee7 Wasser\u00fcbungen mit Instruktor. Schrittweiser Aufbau der Tiefe auf 30 m<br>\ud83e\udee7 Schulungsmaterialien auf der Website der SSI-Organisation. Machen Sie sich mit ihnen vertraut, bevor Sie den Kurs besuchen<br>\ud83e\udee7 Alles, was Sie brauchen, ist inbegriffen. Die gesamte notwendige Ausr\u00fcstung wird von uns zur Verf\u00fcgung gestellt<br>\ud83e\udee7 Intime Gruppen oder Einzelunterricht. Das Tempo ist immer auf Sie zugeschnitten    <br><br>\r\nDie Kurse finden in kleinen Gruppen statt &#8211; maximal vier Personen pro Lehrer &#8211; und geben Ihnen das Vertrauen, jeden Atemzug in Ruhe zu nehmen und die Antwort auf jede Frage zu finden.<br><br>\r\nEs lohnt sich, denn:<br>\ud83e\udee7 Sie trainieren im tiefsten Pool Europas &#8211; bis zu 45 Meter tief<br>\ud83e\udee7 Sie tauchen unter exotischen Bedingungen &#8211; klares Wasser bei 32\u00b0C<br>\ud83e\udee7 Sie verwenden moderne, regelm\u00e4\u00dfig gewartete Ausr\u00fcstung<br>\ud83e\udee7 Sie werden von erfahrenen, internationalen Tauchlehrern unterst\u00fctzt<br>\ud83e\udee7 Es ist der perfekte Ort, um Selbstvertrauen und eine gute Technik aufzubauen.<br><br>\r\nNach Abschluss des Kurses erhalten Sie ein internationales Zertifikat f\u00fcr fortgeschrittene Freitaucher, das Ihre F\u00e4higkeiten und Qualifikationen zum Tauchen auf 30 m best\u00e4tigt.<br><br>\r\n\r\nVoraussetzungen: mindestens 6 geloggte Tauchg\u00e4nge.\r\n\r\n<br><br><br>Was ist wissenswert?<\/p>      <ul>            <li>\r\n              <p>Dauer  <\/p>\r\n              <strong>  3 Tage (ca. 24 Stunden, einschlie\u00dflich 6 Poolsitzungen)<\/strong>\r\n            <\/li>\r\n                      <li>\r\n              <p>Mindestalter des Teilnehmers<\/p>\r\n              <strong>15 Jahre<\/strong>\r\n            <\/li>\r\n                      <li>\r\n              <p>Sie werden in Tiefen tauchen<\/p>\r\n              <strong>30 METRES (20m ist die Mindesttiefe)<\/strong>\r\n            <\/li>\r\n                      <li>\r\n              <p>Als Geschenk<\/p>\r\n              <strong>Kurzes Video vom Unterwasser-Fotobooth<\/strong>\r\n            <\/li>\r\n                      <li>\r\n              <p>Wir bieten<\/p>\r\n              <strong>Die gesamte Tauchausr\u00fcstung. Bringen Sie nur Badehose, Handtuch und Flip-Flops mit <\/strong>\r\n            <\/li>\r\n                      <li>\r\n              <p>Vergessen Sie nicht<\/p>\r\n              <strong>Viel Spa\u00df und wir werden Sie mit all der Energie anstecken<\/strong>\r\n            <\/li>\r\n                      <li>\r\n              <p>PREIS:<\/p>\r\n              <strong>2 825 PLN<\/strong>\r\n            <\/li>\r\n          <\/ul>      <div class=\"button-list-wrap\"><div class=\"button-list button-type-both\"><div><a class=\"alternate_ybb\" href=\"https:\/\/cs.deepspot.com\/offer?steps=deepspot_diving-courses_wait-for-diving-course-list_7\" target=\"_self\"><img decoding=\"async\" lazy src=\"data:image\/gif;base64,R0lGODlhAQABAAD\/ACwAAAAAAQABAAACADs%3D\" data-src=\"https:\/\/eco3ygde435.exactdn.com\/wp-content\/uploads\/sites\/2\/2020\/08\/calendar-grid-58.png?strip=all\" alt=\"\"><strong>ZAREZERWUJ<\/strong><\/a><\/div><div><a class=\"alternate_ybb\" href=\"https:\/\/sklep.deepspot.com\/vouchery\/kurs-advanced-freediver\" target=\"_self\"><img decoding=\"async\" lazy src=\"data:image\/gif;base64,R0lGODlhAQABAAD\/ACwAAAAAAQABAAACADs%3D\" data-src=\"https:\/\/eco3ygde435.exactdn.com\/wp-content\/uploads\/sites\/2\/2020\/08\/paper-diploma.png?strip=all\" alt=\"\"><strong>Zam\u00f3w voucher<\/strong><\/a><\/div><div><a class=\"css-default\" href=\"https:\/\/www.deepspot.com\/pl\/frequently-asked-questions\/?tab=2\" target=\"_self\"><img decoding=\"async\" lazy src=\"data:image\/gif;base64,R0lGODlhAQABAAD\/ACwAAAAAAQABAAACADs%3D\" data-src=\"https:\/\/eco3ygde435.exactdn.com\/wp-content\/uploads\/sites\/2\/2020\/08\/presentation.png?strip=all\" alt=\"\"><strong>NAJCZ\u0118\u015aCIEJ ZADAWANE PYTANIA<\/strong><\/a><\/div><\/div><\/div>    <\/div>\r\n  <\/div>\r\n<\/div><!-- block -->\r\n\n<p class=\"has-text-align-center\"><br\/>G<strong>ESUNDHEIT<\/strong><strong>Tauchen<\/strong> ist ein <strong>Freizeitsport<\/strong>, den <strong>fast jeder<\/strong> betreiben kann.  <\/p>\n\n<p class=\"has-text-align-center\">Wenn Ihr <strong>Gesundheitszustand<\/strong> <strong>gut<\/strong> ist, <strong>brauchen Sie h\u00f6chstwahrscheinlich keine Genehmigung Ihres Arztes<\/strong>, in einigen <strong>besonderen F\u00e4llen<\/strong> kann sie jedoch <strong>erforderlich sein<\/strong>.  <\/p>\n\n<p class=\"has-text-align-center\">Wenn Sie <strong>sichergehen<\/strong> wollen, k\u00f6nnen Sie die Norm vorher <strong>lesen<\/strong>  <\/p>\n\n<p class=\"has-text-align-center\"><a href=\"https:\/\/eco3ygde435.exactdn.com\/wp-content\/uploads\/sites\/2\/2023\/10\/TR-MEDICAL-DIVER_Polish.pdf\" target=\"_blank\" rel=\"noreferrer noopener\"><strong>medizinisches Formular<\/strong><\/a>.<\/p>\n<div id=\"step-guide-icons-block_4374ec7e30eda797dce31a7b1167bb04\" class=\"step-guide-icons-block\">\r\n  <div class=\"row container\">\r\n    <div>\r\n      <div class=\"title\">Schritt f\u00fcr Schritt<\/div>      <ul>            <li data-count=\"01\">\r\n              <div class=\"icon-wrap\"><img decoding=\"async\" lazy src=\"data:image\/gif;base64,R0lGODlhAQABAAD\/ACwAAAAAAQABAAACADs%3D\" data-src=\"\" alt=\"\"><\/div>\r\n              <p>Sammeln Sie Teilnehmer &#8211; allein, zu zweit oder mit einer Gruppe<br \/>\r\n<br \/>\r\n<\/p>\r\n                          <\/li>\r\n                      <li data-count=\"02\">\r\n              <div class=\"icon-wrap\"><img decoding=\"async\" lazy src=\"data:image\/gif;base64,R0lGODlhAQABAAD\/ACwAAAAAAQABAAACADs%3D\" data-src=\"\" alt=\"\"><\/div>\r\n              <p>Buchen Sie Ihren Termin &#8211; online, schnell und bequem<br \/>\r\n<br \/>\r\n<\/p>\r\n                          <\/li>\r\n                      <li data-count=\"03\">\r\n              <div class=\"icon-wrap\"><img decoding=\"async\" lazy src=\"data:image\/gif;base64,R0lGODlhAQABAAD\/ACwAAAAAAQABAAACADs%3D\" data-src=\"\" alt=\"\"><\/div>\r\n              <p>Geben Sie die Daten der Teilnehmer ein &#8211; \u00fcber Ihr Konto, es dauert nur einen Moment<br \/>\r\n<\/p>\r\n                          <\/li>\r\n                      <li data-count=\"04\">\r\n              <div class=\"icon-wrap\"><img decoding=\"async\" lazy src=\"data:image\/gif;base64,R0lGODlhAQABAAD\/ACwAAAAAAQABAAACADs%3D\" data-src=\"\" alt=\"\"><\/div>\r\n              <p>Kommen Sie 30 Minuten fr\u00fcher &#8211; Sie k\u00f6nnen sich in Ruhe vorbereiten<br \/>\r\n<br \/>\r\n<br \/>\r\n<\/p>\r\n                          <\/li>\r\n                      <li data-count=\"05\">\r\n              <div class=\"icon-wrap\"><img decoding=\"async\" lazy src=\"data:image\/gif;base64,R0lGODlhAQABAAD\/ACwAAAAAAQABAAACADs%3D\" data-src=\"\" alt=\"\"><\/div>\r\n              <p>Tauchen Sie ein &#8211; haben Sie Spa\u00df<br \/>\r\n<br \/>\r\n<\/p>\r\n                          <\/li>\r\n                      <li data-count=\"06\">\r\n              <div class=\"icon-wrap\"><img decoding=\"async\" lazy src=\"data:image\/gif;base64,R0lGODlhAQABAAD\/ACwAAAAAAQABAAACADs%3D\" data-src=\"\" alt=\"\"><\/div>\r\n              <p>Lassen Sie sich anstecken und kommen Sie wieder &#8211; Tauchen macht s\u00fcchtig!<br \/>\r\n<\/p>\r\n                          <\/li>\r\n          <\/ul>    <\/div>\r\n  <\/div>\r\n<\/div><!-- block -->\r\n\n<p class=\"has-text-align-center\"><strong>Vom SSI anerkannte Organisationen. Eignung der Freitauchgrade f\u00fcr den Freizeitbereich:<\/strong><\/p>\n\n<div class=\"wp-block-columns is-layout-flex wp-container-core-columns-is-layout-9d6595d7 wp-block-columns-is-layout-flex\">\n<div class=\"wp-block-column is-layout-flow wp-block-column-is-layout-flow\">\n<figure class=\"wp-block-table is-style-regular has-small-font-size\"><table><thead><tr><th><strong>SSI<\/strong><\/th><th><strong>AIDA<\/strong><\/th><th><strong>Apnoe-Akademie<\/strong><\/th><th><strong>PADI<\/strong><\/th><th><strong>CMAS (variiert je nach Land)<\/strong><\/th><th><strong>Fii<\/strong><\/th><th><strong>PFI<\/strong><\/th><th><strong>RAID<\/strong><\/th><th><strong>Molchanovs<\/strong><\/th><\/tr><\/thead><tbody><tr><td><strong>Basic Freitauchen<\/strong><\/td><td>AIDA *<\/td><td><\/td><td><\/td><td><\/td><td><\/td><td>Intro Freitaucher<\/td><td><\/td><td><\/td><\/tr><tr><td><strong>Pool Freitaucher<\/strong><\/td><td>AIDA ** Pool<\/td><td>Stufe 1<\/td><td><\/td><td>APNOE* oder SK1<\/td><td>Level 1 Pool<\/td><td>Basic Freitaucher<\/td><td>Basic Freitaucher<\/td><td><\/td><\/tr><tr><td><strong>Freitaucher<\/strong><\/td><td>AIDA **<\/td><td>Stufe 2<\/td><td>Freitaucher \/ Fortgeschrittene<\/td><td>APNOE** oder SK1+SK2<\/td><td>Stufe 1 &amp; Junior<\/td><td><\/td><td>Freitaucher<\/td><td>Welle 1<\/td><\/tr><tr><td><strong>Fortgeschrittener Freitaucher<\/strong><\/td><td>AIDA ***<\/td><td>Stufe 3<\/td><td>Meister<\/td><td>APNOE***<\/td><td>Stufe 2<\/td><td>Fortgeschrittener Freitaucher<\/td><td>Fortgeschrittene<\/td><td>Welle 2<\/td><\/tr><tr><td><strong>Leistung Freitaucher<\/strong><\/td><td>AIDA ****<\/td><td><\/td><td><\/td><td>APNOE****<\/td><td>Stufe 3<\/td><td>Fortgeschrittener Freitaucher<\/td><td>Meister<\/td><td>Welle 3\/4<\/td><\/tr><\/tbody><\/table><\/figure>\n<\/div>\n<\/div>\n<div id=\"download-block_949b15190a201a521e7f52803763a94a\" class=\"download-block\">\r\n  <div class=\"row container\">\r\n    <div>\r\n      <h2 class=\"title\">DOKUMENTE UND BEDINGUNGEN<\/h2>      <ul>            <li>\r\n              <a href=\"https:\/\/www.deepspot.com\/wp-content\/uploads\/sites\/2\/2023\/08\/FomularzMedyczny2023_PL_do_wgladu.pdf\" download>\r\n                <div>\r\n                  <img decoding=\"async\" lazy src=\"data:image\/gif;base64,R0lGODlhAQABAAD\/ACwAAAAAAQABAAACADs%3D\" data-src=\"https:\/\/www.deepspot.com\/wp-content\/themes\/deepspotflyspotWPML\/images\/dots-download.svg\">\r\n                  <p>MEDIZINISCHES FORMULAR<\/p>\r\n                <\/div>\r\n              <\/a>\r\n            <\/li>\r\n          <\/ul>    <\/div>\r\n  <\/div>\r\n<\/div><!-- block -->\r\n","protected":false},"excerpt":{"rendered":"<p>GESUNDHEITTauchen ist ein Freizeitsport, den fast jeder betreiben kann. Wenn Ihr Gesundheitszustand gut ist, brauchen Sie h\u00f6chstwahrscheinlich keine Genehmigung Ihres Arztes, in einigen besonderen F\u00e4llen kann sie jedoch erforderlich sein. Wenn Sie sichergehen wollen, k\u00f6nnen Sie die Norm vorher lesen medizinisches Formular. Vom SSI anerkannte Organisationen. Eignung der Freitauchgrade f\u00fcr den Freizeitbereich: SSI AIDA Apnoe-Akademie [&hellip;]<\/p>\n","protected":false},"author":3,"featured_media":51073,"parent":4769,"menu_order":4,"comment_status":"closed","ping_status":"closed","template":"","meta":{"_acf_changed":false,"footnotes":""},"class_list":["post-38524","page","type-page","status-publish","has-post-thumbnail","hentry"],"acf":[],"yoast_head":"<!-- This site is optimized with the Yoast SEO plugin v27.3 - https:\/\/yoast.com\/product\/yoast-seo-wordpress\/ -->\n<title>Kurs f\u00fcr fortgeschrittene Freitaucher | Deepspot<\/title>\n<meta name=\"description\" content=\"Kurs f\u00fcr fortgeschrittene Freitaucher\" \/>\n<meta name=\"robots\" content=\"index, follow, max-snippet:-1, max-image-preview:large, max-video-preview:-1\" \/>\n<link rel=\"canonical\" href=\"https:\/\/www.deepspot.com\/de\/fuer-wen\/freitauchen\/deepspot-frei-30m\/\" \/>\n<meta property=\"og:locale\" content=\"de_DE\" \/>\n<meta property=\"og:type\" content=\"article\" \/>\n<meta property=\"og:title\" content=\"Kurs f\u00fcr fortgeschrittene Freitaucher | Deepspot\" \/>\n<meta property=\"og:description\" content=\"Kurs f\u00fcr fortgeschrittene Freitaucher\" \/>\n<meta property=\"og:url\" content=\"https:\/\/www.deepspot.com\/de\/fuer-wen\/freitauchen\/deepspot-frei-30m\/\" \/>\n<meta property=\"og:site_name\" content=\"Deepspot\" \/>\n<meta property=\"article:modified_time\" content=\"2025-10-29T11:22:49+00:00\" \/>\n<meta property=\"og:image\" content=\"https:\/\/eco3ygde435.exactdn.com\/wp-content\/uploads\/sites\/2\/2025\/04\/bgbgbgb.jpg?strip=all\" \/>\n\t<meta property=\"og:image:width\" content=\"1920\" \/>\n\t<meta property=\"og:image:height\" content=\"1218\" \/>\n\t<meta property=\"og:image:type\" content=\"image\/jpeg\" \/>\n<meta name=\"twitter:card\" content=\"summary_large_image\" \/>\n<script type=\"application\/ld+json\" class=\"yoast-schema-graph\">{\"@context\":\"https:\\\/\\\/schema.org\",\"@graph\":[{\"@type\":\"WebPage\",\"@id\":\"https:\\\/\\\/www.deepspot.com\\\/de\\\/fuer-wen\\\/freitauchen\\\/deepspot-frei-30m\\\/\",\"url\":\"https:\\\/\\\/www.deepspot.com\\\/de\\\/fuer-wen\\\/freitauchen\\\/deepspot-frei-30m\\\/\",\"name\":\"Kurs f\u00fcr fortgeschrittene Freitaucher | Deepspot\",\"isPartOf\":{\"@id\":\"https:\\\/\\\/www.deepspot.com\\\/pl\\\/#website\"},\"primaryImageOfPage\":{\"@id\":\"https:\\\/\\\/www.deepspot.com\\\/de\\\/fuer-wen\\\/freitauchen\\\/deepspot-frei-30m\\\/#primaryimage\"},\"image\":{\"@id\":\"https:\\\/\\\/www.deepspot.com\\\/de\\\/fuer-wen\\\/freitauchen\\\/deepspot-frei-30m\\\/#primaryimage\"},\"thumbnailUrl\":\"https:\\\/\\\/eco3ygde435.exactdn.com\\\/wp-content\\\/uploads\\\/sites\\\/2\\\/2025\\\/04\\\/bgbgbgb.jpg?strip=all\",\"datePublished\":\"2020-08-27T01:03:30+00:00\",\"dateModified\":\"2025-10-29T11:22:49+00:00\",\"description\":\"Kurs f\u00fcr fortgeschrittene Freitaucher\",\"breadcrumb\":{\"@id\":\"https:\\\/\\\/www.deepspot.com\\\/de\\\/fuer-wen\\\/freitauchen\\\/deepspot-frei-30m\\\/#breadcrumb\"},\"inLanguage\":\"de\",\"potentialAction\":[{\"@type\":\"ReadAction\",\"target\":[\"https:\\\/\\\/www.deepspot.com\\\/de\\\/fuer-wen\\\/freitauchen\\\/deepspot-frei-30m\\\/\"]}]},{\"@type\":\"ImageObject\",\"inLanguage\":\"de\",\"@id\":\"https:\\\/\\\/www.deepspot.com\\\/de\\\/fuer-wen\\\/freitauchen\\\/deepspot-frei-30m\\\/#primaryimage\",\"url\":\"https:\\\/\\\/eco3ygde435.exactdn.com\\\/wp-content\\\/uploads\\\/sites\\\/2\\\/2025\\\/04\\\/bgbgbgb.jpg?strip=all\",\"contentUrl\":\"https:\\\/\\\/eco3ygde435.exactdn.com\\\/wp-content\\\/uploads\\\/sites\\\/2\\\/2025\\\/04\\\/bgbgbgb.jpg?strip=all\",\"width\":1920,\"height\":1218},{\"@type\":\"BreadcrumbList\",\"@id\":\"https:\\\/\\\/www.deepspot.com\\\/de\\\/fuer-wen\\\/freitauchen\\\/deepspot-frei-30m\\\/#breadcrumb\",\"itemListElement\":[{\"@type\":\"ListItem\",\"position\":1,\"name\":\"Strona g\u0142\u00f3wna\",\"item\":\"https:\\\/\\\/www.deepspot.com\\\/de\\\/\"},{\"@type\":\"ListItem\",\"position\":2,\"name\":\"F\u00fcr wen\",\"item\":\"https:\\\/\\\/www.deepspot.com\\\/de\\\/fuer-wen\\\/\"},{\"@type\":\"ListItem\",\"position\":3,\"name\":\"Freitauchen\",\"item\":\"https:\\\/\\\/www.deepspot.com\\\/de\\\/fuer-wen\\\/freitauchen\\\/\"},{\"@type\":\"ListItem\",\"position\":4,\"name\":\"Kurs f\u00fcr fortgeschrittene Freitaucher\"}]},{\"@type\":\"WebSite\",\"@id\":\"https:\\\/\\\/www.deepspot.com\\\/pl\\\/#website\",\"url\":\"https:\\\/\\\/www.deepspot.com\\\/pl\\\/\",\"name\":\"Deepspot\",\"description\":\"Eine neue Dimension im Tauchen\",\"potentialAction\":[{\"@type\":\"SearchAction\",\"target\":{\"@type\":\"EntryPoint\",\"urlTemplate\":\"https:\\\/\\\/www.deepspot.com\\\/pl\\\/?s={search_term_string}\"},\"query-input\":{\"@type\":\"PropertyValueSpecification\",\"valueRequired\":true,\"valueName\":\"search_term_string\"}}],\"inLanguage\":\"de\"}]}<\/script>\n<!-- \/ Yoast SEO plugin. -->","yoast_head_json":{"title":"Kurs f\u00fcr fortgeschrittene Freitaucher | Deepspot","description":"Kurs f\u00fcr fortgeschrittene Freitaucher","robots":{"index":"index","follow":"follow","max-snippet":"max-snippet:-1","max-image-preview":"max-image-preview:large","max-video-preview":"max-video-preview:-1"},"canonical":"https:\/\/www.deepspot.com\/de\/fuer-wen\/freitauchen\/deepspot-frei-30m\/","og_locale":"de_DE","og_type":"article","og_title":"Kurs f\u00fcr fortgeschrittene Freitaucher | Deepspot","og_description":"Kurs f\u00fcr fortgeschrittene Freitaucher","og_url":"https:\/\/www.deepspot.com\/de\/fuer-wen\/freitauchen\/deepspot-frei-30m\/","og_site_name":"Deepspot","article_modified_time":"2025-10-29T11:22:49+00:00","og_image":[{"width":1920,"height":1218,"url":"https:\/\/eco3ygde435.exactdn.com\/wp-content\/uploads\/sites\/2\/2025\/04\/bgbgbgb.jpg?strip=all","type":"image\/jpeg"}],"twitter_card":"summary_large_image","schema":{"@context":"https:\/\/schema.org","@graph":[{"@type":"WebPage","@id":"https:\/\/www.deepspot.com\/de\/fuer-wen\/freitauchen\/deepspot-frei-30m\/","url":"https:\/\/www.deepspot.com\/de\/fuer-wen\/freitauchen\/deepspot-frei-30m\/","name":"Kurs f\u00fcr fortgeschrittene Freitaucher | Deepspot","isPartOf":{"@id":"https:\/\/www.deepspot.com\/pl\/#website"},"primaryImageOfPage":{"@id":"https:\/\/www.deepspot.com\/de\/fuer-wen\/freitauchen\/deepspot-frei-30m\/#primaryimage"},"image":{"@id":"https:\/\/www.deepspot.com\/de\/fuer-wen\/freitauchen\/deepspot-frei-30m\/#primaryimage"},"thumbnailUrl":"https:\/\/eco3ygde435.exactdn.com\/wp-content\/uploads\/sites\/2\/2025\/04\/bgbgbgb.jpg?strip=all","datePublished":"2020-08-27T01:03:30+00:00","dateModified":"2025-10-29T11:22:49+00:00","description":"Kurs f\u00fcr fortgeschrittene Freitaucher","breadcrumb":{"@id":"https:\/\/www.deepspot.com\/de\/fuer-wen\/freitauchen\/deepspot-frei-30m\/#breadcrumb"},"inLanguage":"de","potentialAction":[{"@type":"ReadAction","target":["https:\/\/www.deepspot.com\/de\/fuer-wen\/freitauchen\/deepspot-frei-30m\/"]}]},{"@type":"ImageObject","inLanguage":"de","@id":"https:\/\/www.deepspot.com\/de\/fuer-wen\/freitauchen\/deepspot-frei-30m\/#primaryimage","url":"https:\/\/eco3ygde435.exactdn.com\/wp-content\/uploads\/sites\/2\/2025\/04\/bgbgbgb.jpg?strip=all","contentUrl":"https:\/\/eco3ygde435.exactdn.com\/wp-content\/uploads\/sites\/2\/2025\/04\/bgbgbgb.jpg?strip=all","width":1920,"height":1218},{"@type":"BreadcrumbList","@id":"https:\/\/www.deepspot.com\/de\/fuer-wen\/freitauchen\/deepspot-frei-30m\/#breadcrumb","itemListElement":[{"@type":"ListItem","position":1,"name":"Strona g\u0142\u00f3wna","item":"https:\/\/www.deepspot.com\/de\/"},{"@type":"ListItem","position":2,"name":"F\u00fcr wen","item":"https:\/\/www.deepspot.com\/de\/fuer-wen\/"},{"@type":"ListItem","position":3,"name":"Freitauchen","item":"https:\/\/www.deepspot.com\/de\/fuer-wen\/freitauchen\/"},{"@type":"ListItem","position":4,"name":"Kurs f\u00fcr fortgeschrittene Freitaucher"}]},{"@type":"WebSite","@id":"https:\/\/www.deepspot.com\/pl\/#website","url":"https:\/\/www.deepspot.com\/pl\/","name":"Deepspot","description":"Eine neue Dimension im Tauchen","potentialAction":[{"@type":"SearchAction","target":{"@type":"EntryPoint","urlTemplate":"https:\/\/www.deepspot.com\/pl\/?s={search_term_string}"},"query-input":{"@type":"PropertyValueSpecification","valueRequired":true,"valueName":"search_term_string"}}],"inLanguage":"de"}]}},"_links":{"self":[{"href":"https:\/\/www.deepspot.com\/de\/wp-json\/wp\/v2\/pages\/38524","targetHints":{"allow":["GET"]}}],"collection":[{"href":"https:\/\/www.deepspot.com\/de\/wp-json\/wp\/v2\/pages"}],"about":[{"href":"https:\/\/www.deepspot.com\/de\/wp-json\/wp\/v2\/types\/page"}],"author":[{"embeddable":true,"href":"https:\/\/www.deepspot.com\/de\/wp-json\/wp\/v2\/users\/3"}],"replies":[{"embeddable":true,"href":"https:\/\/www.deepspot.com\/de\/wp-json\/wp\/v2\/comments?post=38524"}],"version-history":[{"count":30,"href":"https:\/\/www.deepspot.com\/de\/wp-json\/wp\/v2\/pages\/38524\/revisions"}],"predecessor-version":[{"id":57837,"href":"https:\/\/www.deepspot.com\/de\/wp-json\/wp\/v2\/pages\/38524\/revisions\/57837"}],"up":[{"embeddable":true,"href":"https:\/\/www.deepspot.com\/de\/wp-json\/wp\/v2\/pages\/4769"}],"wp:featuredmedia":[{"embeddable":true,"href":"https:\/\/www.deepspot.com\/de\/wp-json\/wp\/v2\/media\/51073"}],"wp:attachment":[{"href":"https:\/\/www.deepspot.com\/de\/wp-json\/wp\/v2\/media?parent=38524"}],"curies":[{"name":"wp","href":"https:\/\/api.w.org\/{rel}","templated":true}]}}