{"id":39732,"date":"2024-01-05T10:03:57","date_gmt":"2024-01-05T09:03:57","guid":{"rendered":"https:\/\/www.deepspot.com\/?page_id=39732"},"modified":"2024-05-20T10:13:36","modified_gmt":"2024-05-20T08:13:36","slug":"garmin","status":"publish","type":"page","link":"https:\/\/www.deepspot.com\/de\/wie-machen-wir-das\/partner\/garmin\/","title":{"rendered":"GARMIN"},"content":{"rendered":"\n          \n\n          <h2 align=\"center\">GARMIN Tauchcomputer erh\u00e4ltlich bei Deepspot<\/h2>\n          \n\n        \n<div id=\"fancy-display-block_2d76025c68a2fe4bd3a2b152e4179df4\" class=\"fancy-display-block fancy-repeater-block\">\r\n  <div class=\"row container\">\r\n          <div class=\"fancy-repeater-item\">\r\n        <div class=\"text-container with-subtitle\">\r\n          <h2 class=\"title\">Descent\u2122 Mk3i 43mm und 51mm<\/h2>\r\n          <strong class=\"subtitle\">Tauchcomputer kompatibel mit Descent T2 Sender<\/strong>          <p>Diese fortschrittliche Tauchcomputer-Uhr-Kombination ist mit Luftintegration\u00b9 und einer SubWave\u2122-Kommunikationsl\u00f6sung ausgestattet, die Sonar und Taucher\u00fcberwachung nutzt, um das Beste aus jeder Tauchgelegenheit herauszuholen. Dar\u00fcber hinaus bietet sie Funktionen f\u00fcr das Training in verschiedenen Disziplinen und intelligente Aktivit\u00e4tsfunktionen f\u00fcr den Alltag.<\/p>\r\n          <div class=\"buttons\"><a href=\"https:\/\/www8.garmin.com\/manuals\/webhelp\/GUID-9183E86B-2399-4CFC-AB50-EAFC6D6ED326\/PL-PL\/GUID-D9621010-1B03-4518-9047-F5ED1FF3CEEE-homepage.html \" target=\"_blank\">Anleitung<\/a><\/div>        <\/div>\r\n        <div>\r\n          <img decoding=\"async\" lazy src=\"data:image\/gif;base64,R0lGODlhAQABAAD\/ACwAAAAAAQABAAACADs%3D\" data-src=\"https:\/\/eco3ygde435.exactdn.com\/wp-content\/uploads\/sites\/2\/2024\/01\/mk3i.png?strip=all\" alt=\"\">\r\n        <\/div>\r\n      <\/div>\r\n          <div class=\"fancy-repeater-item\">\r\n        <div class=\"text-container\">\r\n          <h2 class=\"title\">Descent\u2122 T2 Sender<\/h2>\r\n                    <p>\u00dcberwachen Sie jeden Atemzug, jede Flasche und jeden Freund beim Tauchen \u00fcber einen kompatiblen Descent\u2122 Tauchcomputer, der mit dem Descent T2 Sender gekoppelt ist.<\/p>\r\n          <div class=\"buttons\"><a href=\"https:\/\/www8.garmin.com\/manuals\/webhelp\/GUID-55C588E7-3BD7-436C-B442-84E4388D43E2\/PL-PL\/GUID-F8C52EE5-39E9-4746-BA57-540BA2B78828-homepage.html  \" target=\"_self\">Anleitung<\/a><\/div>        <\/div>\r\n        <div>\r\n          <img decoding=\"async\" lazy src=\"data:image\/gif;base64,R0lGODlhAQABAAD\/ACwAAAAAAQABAAACADs%3D\" data-src=\"https:\/\/eco3ygde435.exactdn.com\/wp-content\/uploads\/sites\/2\/2024\/01\/garmin_Transmiter1.png?strip=all\" alt=\"\">\r\n        <\/div>\r\n      <\/div>\r\n          <div class=\"fancy-repeater-item\">\r\n        <div class=\"text-container\">\r\n          <h2 class=\"title\">Descent\u2122 Mk3 43mm<\/h2>\r\n                    <p>Ein kleiner Tauchcomputer im Stil einer Armbanduhr mit mehreren Modi und Funktionen, die Sie beim Training f\u00fcr verschiedene Sportarten unterst\u00fctzen, sowie intelligenten Funktionen f\u00fcr den t\u00e4glichen Gebrauch.<\/p>\r\n          <div class=\"buttons\"><a href=\"https:\/\/www8.garmin.com\/manuals\/webhelp\/GUID-9183E86B-2399-4CFC-AB50-EAFC6D6ED326\/PL-PL\/GUID-D9621010-1B03-4518-9047-F5ED1FF3CEEE-homepage.html\" target=\"_blank\">Anleitung<\/a><\/div>        <\/div>\r\n        <div>\r\n          <img decoding=\"async\" lazy src=\"data:image\/gif;base64,R0lGODlhAQABAAD\/ACwAAAAAAQABAAACADs%3D\" data-src=\"https:\/\/eco3ygde435.exactdn.com\/wp-content\/uploads\/sites\/2\/2024\/01\/mk3-2.png?strip=all\" alt=\"\">\r\n        <\/div>\r\n      <\/div>\r\n          <div class=\"fancy-repeater-item\">\r\n        <div class=\"text-container with-subtitle\">\r\n          <h2 class=\"title\">Descent\u2122 G1 Solar<\/h2>\r\n          <strong class=\"subtitle\">Tauchcomputer mit verst\u00e4rkter Konstruktion<\/strong>          <p>Sowohl an Land als auch im Wasser ist es n\u00fctzlich, einen Tauchcomputer zu haben, der auch als Uhr fungieren kann. Die G1-Serie Descent wurde mit Blick auf Sie und die Welt auf beiden Seiten des Wasserspiegels entwickelt<\/p>\r\n          <div class=\"buttons\"><a href=\"https:\/\/www8.garmin.com\/manuals\/webhelp\/GUID-2A58ED2A-14A3-4161-ADB5-259E1781AF1B\/PL-PL\/GUID-D992741C-42AB-49E5-B26D-E153A3869933-homepage.html  \" target=\"_self\">Anleitung<\/a><\/div>        <\/div>\r\n        <div>\r\n          <img decoding=\"async\" lazy src=\"data:image\/gif;base64,R0lGODlhAQABAAD\/ACwAAAAAAQABAAACADs%3D\" data-src=\"https:\/\/eco3ygde435.exactdn.com\/wp-content\/uploads\/sites\/2\/2024\/01\/g1solar-2.png?strip=all\" alt=\"\">\r\n        <\/div>\r\n      <\/div>\r\n      <\/div>\r\n<\/div><!-- block -->\r\n<div id=\"true-faq-block_7267141610284f08fafdce4f0b696690\" class=\"true-faq-block\">\r\n  <div class=\"container\">\r\n    <h2 class=\"title\">H\u00e4ufig gestellte Fragen<\/h2>\r\n    <div class=\"faq\">\r\n          <div data-faqpanel=\"1\" class=\"faq-panel\">\r\n        <strong>Wie kann ich einen GARMIN Computer mieten?<\/strong>\r\n        <div>Garmin-Tauchcomputer k\u00f6nnen an der Deepspot-Rezeption ausgeliehen werden. Voraussetzung ist der Erwerb eines Scuba-Passes f\u00fcr einen zertifizierten Taucher oder einen Free Certified Diver.  <\/div>\r\n      <\/div>\r\n          <div data-faqpanel=\"2\" class=\"faq-panel\">\r\n        <strong>Wie viel kostet die Miete eines GARMIN Computers?<\/strong>\r\n        <div>Die Kosten f\u00fcr das Ausleihen eines Garmin-Tauchcomputers betragen \u00a345 pro Tauchstunde.  <br \/>\nWenn Sie Ihren Tauchcomputer haben, k\u00f6nnen Sie ihn als Pfand abgeben &#8211; dann ist der Garmin-Verleih kostenlos<\/div>\r\n      <\/div>\r\n        <\/div>\r\n  <\/div>\r\n<\/div><!-- block -->\r\n","protected":false},"excerpt":{"rendered":"<p>GARMIN Tauchcomputer erh\u00e4ltlich bei Deepspot<\/p>\n","protected":false},"author":1,"featured_media":0,"parent":38086,"menu_order":0,"comment_status":"closed","ping_status":"closed","template":"template-partner.php","meta":{"_acf_changed":false,"footnotes":""},"class_list":["post-39732","page","type-page","status-publish","hentry"],"acf":[],"_links":{"self":[{"href":"https:\/\/www.deepspot.com\/de\/wp-json\/wp\/v2\/pages\/39732","targetHints":{"allow":["GET"]}}],"collection":[{"href":"https:\/\/www.deepspot.com\/de\/wp-json\/wp\/v2\/pages"}],"about":[{"href":"https:\/\/www.deepspot.com\/de\/wp-json\/wp\/v2\/types\/page"}],"author":[{"embeddable":true,"href":"https:\/\/www.deepspot.com\/de\/wp-json\/wp\/v2\/users\/1"}],"replies":[{"embeddable":true,"href":"https:\/\/www.deepspot.com\/de\/wp-json\/wp\/v2\/comments?post=39732"}],"version-history":[{"count":6,"href":"https:\/\/www.deepspot.com\/de\/wp-json\/wp\/v2\/pages\/39732\/revisions"}],"predecessor-version":[{"id":44507,"href":"https:\/\/www.deepspot.com\/de\/wp-json\/wp\/v2\/pages\/39732\/revisions\/44507"}],"up":[{"embeddable":true,"href":"https:\/\/www.deepspot.com\/de\/wp-json\/wp\/v2\/pages\/38086"}],"wp:attachment":[{"href":"https:\/\/www.deepspot.com\/de\/wp-json\/wp\/v2\/media?parent=39732"}],"curies":[{"name":"wp","href":"https:\/\/api.w.org\/{rel}","templated":true}]}}