{"id":44135,"date":"2024-05-16T10:20:35","date_gmt":"2024-05-16T08:20:35","guid":{"rendered":"https:\/\/www.deepspot.com\/?page_id=44135"},"modified":"2024-05-29T09:32:55","modified_gmt":"2024-05-29T07:32:55","slug":"garmin-2","status":"publish","type":"page","link":"https:\/\/www.deepspot.com\/de\/wie-machen-wir-das\/partner\/garmin-2\/","title":{"rendered":"DAN Europa"},"content":{"rendered":"<div id=\"fancy-display-block_a64fe3582bce6f7d9a743c15681e4665\" class=\"fancy-display-block fancy-repeater-block\">\r\n  <div class=\"row container\">\r\n          <div class=\"fancy-repeater-item\">\r\n        <div class=\"text-container\">\r\n          <h2 class=\"title\">HIRA IN DEEPSPOT<\/h2>\r\n                    <p>Das HIRA-Programm (Hazard Identification and Risk Assessment) von DAN hilft Eigent\u00fcmern, Managern, Mitarbeitern von Tauchbasen und Tauchprofis, Risiken zu erkennen, bevor es zu Personen- oder Sachsch\u00e4den kommt.\n<br><br>\nDer Hauptnutzen der Einf\u00fchrung des von DAN entwickelten HIRA-Programms besteht darin, die Wahrscheinlichkeit eines Unfalls zu verringern und die Folgen und Auswirkungen auf das weitere Leben des Tauchers zu minimieren.\n<br><br>\nDas Programm konzentriert sich auf eine realistische und pragmatische Bewertung von Risiken, die zu schwerwiegenden Folgen f\u00fchren k\u00f6nnten, und bietet Instrumente und Strategien, um die Auswirkungen von Unf\u00e4llen proaktiv zu minimieren.\n<br><br><\/p>\r\n                  <\/div>\r\n        <div>\r\n          <img decoding=\"async\" lazy src=\"data:image\/gif;base64,R0lGODlhAQABAAD\/ACwAAAAAAQABAAACADs%3D\" data-src=\"https:\/\/eco3ygde435.exactdn.com\/wp-content\/uploads\/sites\/2\/2024\/05\/cert-lvl-2-670.png?strip=all\" alt=\"\">\r\n        <\/div>\r\n      <\/div>\r\n          <div class=\"fancy-repeater-item\">\r\n        <div class=\"text-container\">\r\n          <h2 class=\"title\"><\/h2>\r\n                    <p><b><a href=\"https:\/\/www.deepspot.com\/wp-content\/uploads\/sites\/2\/2024\/05\/HIRA1_diploma_Deepspot-2023.pdf\"><u>STUFE 1<\/b><\/u><\/a><br>\nDer Manager oder Tauchprofi muss \u00fcber die grundlegende Ausbildung und Ausr\u00fcstung verf\u00fcgen, um einem Verungl\u00fcckten zu helfen und eine Notfallsituation zu planen und zu bew\u00e4ltigen. Deepspot erhielt diese Zertifizierung im Mai 2023.\n<br><br>\n<b><a href=\"https:\/\/www.deepspot.com\/wp-content\/uploads\/sites\/2\/2024\/05\/HIRA2_diploma_Deepspot-2024.pdf\"><u>STUFE 2<\/u><\/a><\/b><br>\nSie erfordert weitere Schulungen sowie die Umsetzung und Anwendung einer breiteren Palette von Betriebsverfahren und Notfallpl\u00e4nen. Deepspot erhielt diese Zertifizierung im Februar 2024.\n<br><br>\n<b>STUFE 3<\/b><br>\nEs bietet eine umfassende und detaillierte Risikobewertung. Auf dieser Ebene wird praktisch jedes Element des Betriebs des Unternehmens und der Tauchbasis untersucht und je nach Umfang der Aktivit\u00e4ten sind zus\u00e4tzliche Notfallpl\u00e4ne erforderlich. Deepspot ist dabei, die auf dieser Ebene erforderlichen Verfahren zu implementieren und erwartet ein Audit durch Vertreter von DAN Europe im Jahr 2024.\n<br><br>\n\n<\/p>\r\n          <div class=\"buttons\"><a href=\"https:\/\/deepspot.com\" target=\"_self\">Lesen Sie mehr \u00fcber Hira<\/a><\/div>        <\/div>\r\n        <div>\r\n          <img decoding=\"async\" lazy src=\"data:image\/gif;base64,R0lGODlhAQABAAD\/ACwAAAAAAQABAAACADs%3D\" data-src=\"https:\/\/eco3ygde435.exactdn.com\/wp-content\/uploads\/sites\/2\/2024\/05\/cert-lvl-1-670.png?strip=all\" alt=\"\">\r\n        <\/div>\r\n      <\/div>\r\n          <div class=\"fancy-repeater-item\">\r\n        <div class=\"text-container\">\r\n          <h2 class=\"title\">Deepspot Versicherung<\/h2>\r\n                    <p>Deepspot hat als Tauchbasis die <a href=\"https:\/\/www.deepspot.com\/wp-content\/uploads\/sites\/2\/2024\/05\/Ubezpieczenie_DAN_24_10_2023.pdf\"><b><u>DAN Dive Centre Plus Versicherung<\/b><\/u><\/a> abgeschlossen, die gegen Haftpflichtanspr\u00fcche Dritter sch\u00fctzt und die Verteidigung vor Gericht f\u00fcr die erbrachten Tauchdienstleistungen beinhaltet. Sie deckt sowohl die Aktivit\u00e4ten des Tauchcenters als auch alle besch\u00e4ftigten Deepspot-Lehrer ab.  <\/p>\r\n                  <\/div>\r\n        <div>\r\n          <img decoding=\"async\" lazy src=\"data:image\/gif;base64,R0lGODlhAQABAAD\/ACwAAAAAAQABAAACADs%3D\" data-src=\"https:\/\/eco3ygde435.exactdn.com\/wp-content\/uploads\/sites\/2\/2024\/05\/certyfikat-470.png?strip=all\" alt=\"\">\r\n        <\/div>\r\n      <\/div>\r\n          <div class=\"fancy-repeater-item\">\r\n        <div class=\"text-container\">\r\n          <h2 class=\"title\">Versichern Sie sich in Dan<\/h2>\r\n                    <p>DAN bietet Ihnen die Versicherungen, die Sie als Taucher und Reisender im Ausland ben\u00f6tigen. DAN SPORT ist die beliebteste Tauchunfallversicherung f\u00fcr Sporttaucher, Freitaucher, Tauchlehrer und technische Taucher.  <\/p>\r\n          <div class=\"buttons\"><a href=\"https:\/\/www.daneurope.org\/en\/buy-dive-insurance#!\/partnerCode=1069450\" target=\"_self\">Link zur Versicherung<\/a><\/div>        <\/div>\r\n        <div>\r\n          <img decoding=\"async\" lazy src=\"data:image\/gif;base64,R0lGODlhAQABAAD\/ACwAAAAAAQABAAACADs%3D\" data-src=\"https:\/\/eco3ygde435.exactdn.com\/wp-content\/uploads\/sites\/2\/2024\/05\/certyfikat-570.png?strip=all\" alt=\"\">\r\n        <\/div>\r\n      <\/div>\r\n      <\/div>\r\n<\/div><!-- block -->\r\n\n<div class=\"wp-block-columns alignfull has-text-color has-background is-layout-flex wp-container-core-columns-is-layout-9d6595d7 wp-block-columns-is-layout-flex\" style=\"color:#000000;background-color:#ffffff\">\n<div class=\"wp-block-column is-layout-flow wp-block-column-is-layout-flow\">\n<h3 class=\"wp-block-heading\" style=\"font-size:24px;line-height:1.3\">\n          <strong>\u00dcber DAN Europe Insurance<\/strong>\n        <\/h3>\n\n\n\n<p>DAN SPORT Tauchunfallversicherung f\u00fcr Sporttaucher, Freitaucher, Tauchlehrer und technische Taucher. Der Schutz, den Sie als Taucher und Reisender brauchen.  <\/p>\n\n\n\n<p>\n          <br\/>\n        <\/p><p>Warum es eine gute Idee ist, eine Tauchversicherung f\u00fcr eine Tauchreise abzuschlie\u00dfen:  <\/p><br\/>\n\n\n\n<ul class=\"wp-block-list\">\n<li>Der Umgang mit einem Tauchunfall erfordert spezielle Kenntnisse und F\u00e4higkeiten in medizinischen und versicherungstechnischen Fragen.  <\/li>\n\n\n\n<li>Egal, ob Sie vor Ort tauchen oder lieber ins Ausland reisen, stellen Sie sicher, dass Sie den richtigen Versicherungsschutz von einem zuverl\u00e4ssigen Versicherer haben.  <\/li>\n\n\n\n<li>In einigen EU-L\u00e4ndern ist die einzige verf\u00fcgbare Versicherungsoption der Sport Member Plan, der dem Sport Silver Plan entspricht.  <\/li>\n<\/ul>\n<\/div>\n<\/div>\n\n<div class=\"wp-block-columns alignfull has-text-color has-background is-layout-flex wp-container-core-columns-is-layout-9d6595d7 wp-block-columns-is-layout-flex\" style=\"color:#000000;background-color:#ffffff\">\n<div class=\"wp-block-column is-layout-flow wp-block-column-is-layout-flow\">\n<h3 class=\"wp-block-heading\" style=\"font-size:24px;line-height:1.3\">\n          <strong>Was deckt die Versicherung ab?<\/strong>\n        <\/h3>\n\n\n\n<p>Alle Sport-Tarife sind so konzipiert, dass Sie im Falle eines Notfalls beim Sporttauchen oder bei der Arbeit als Tauchprofi (mit Aqualung oder Freitauchen) \u00fcberall auf der Welt versichert sind.  <\/p>\n\n\n\n<p>\n          <br\/>\n        <\/p><p>Zu den Vorteilen geh\u00f6ren:  <\/p><br\/>\n\n\n\n<ul class=\"wp-block-list\">\n<li>Notfallzentrale und Notfallmanagement 24\/7  <\/li>\n\n\n\n<li>Medizinische Notfallversorgung, einschlie\u00dflich Krankenhausaufenthalt und Hyperbarie-Therapie weltweit  <\/li>\n\n\n\n<li>Medizinische Notfallevakuierung, einschlie\u00dflich eines Fluges mit einem Ambulanzflugzeug  <\/li>\n\n\n\n<li>Versicherung gegen Tod oder dauerhafte Invalidit\u00e4t  <\/li>\n\n\n\n<li>Deckung der medizinischen Kosten im Falle eines Nicht-Tauchunfalls oder einer unerwarteten Erkrankung im Ausland  <\/li>\n\n\n\n<li>J\u00e4hrliche Mitgliedschaft bei DAN  <\/li>\n<\/ul>\n\n\n\n<p>Die obige Liste ist unvollst\u00e4ndig und enth\u00e4lt nur einige der vielen verf\u00fcgbaren Vorteile.  <\/p>\n\n\n\n<p>Es k\u00f6nnen auch Ausschl\u00fcsse und andere Bedingungen gelten und der Versicherungsschutz ist m\u00f6glicherweise nicht in allen L\u00e4ndern verf\u00fcgbar.  <\/p>\n<\/div>\n<\/div>\n\n<p><\/p>\n\n<div class=\"wp-block-columns alignfull has-text-color has-background is-layout-flex wp-container-core-columns-is-layout-9d6595d7 wp-block-columns-is-layout-flex\" style=\"color:#000000;background-color:#ffffff\">\n<div class=\"wp-block-column is-layout-flow wp-block-column-is-layout-flow\">\n<h3 class=\"wp-block-heading\" style=\"font-size:24px;line-height:1.3\">\n          <strong>F\u00fcr wen sind die SPORT Pl\u00e4ne gedacht?<\/strong>\n        <\/h3>\n\n\n\n<ul class=\"wp-block-list\">\n<li>Hardware-Taucher &#8211; Sie tauchen gerne mit Freunden oder Familie in Ihrem Heimatland und im Ausland. Entdecken Sie neue Orte und bewahren Sie gleichzeitig Ihren Seelenfrieden mit der richtigen Versicherung.  <\/li>\n\n\n\n<li>Freitaucher &#8211; statischer oder dynamischer Atemstillstand, Tauchen mit festem oder variablem Gewicht &#8211; diese Tarife bieten Ihnen Versicherungsschutz f\u00fcr alle Formen des Tauchens mit angehaltenem Atem, einschlie\u00dflich Wettk\u00e4mpfen.  <\/li>\n\n\n\n<li>Tauchprofis &#8211; sind Sie ein Tauchlehrer, Divemaster oder Tauchguide? Stellen Sie sicher, dass Sie im Falle einer unvorhergesehenen Krankheit oder eines Tauchunfalls gesch\u00fctzt sind. In den Sport-Tarifen ist keine Haftpflichtversicherung enthalten. Wenn Sie es brauchen, sehen Sie sich unsere Pro-Pl\u00e4ne an.  <\/li>\n\n\n\n<li>Technische Taucher &#8211; Die Sport Silver- oder Sport Gold-Tarife sind eine ausgezeichnete Wahl f\u00fcr Sie, da es keine Einschr\u00e4nkungen hinsichtlich der Tiefe oder der Verwendung von Atemgasgemischen und Kreislaufger\u00e4ten gibt.  <\/li>\n<\/ul>\n<\/div>\n<\/div>\n","protected":false},"excerpt":{"rendered":"<p>\u00dcber DAN Europe Insurance DAN SPORT Tauchunfallversicherung f\u00fcr Sporttaucher, Freitaucher, Tauchlehrer und technische Taucher. Der Schutz, den Sie als Taucher und Reisender brauchen. Warum es eine gute Idee ist, eine Tauchversicherung f\u00fcr eine Tauchreise abzuschlie\u00dfen: Was deckt die Versicherung ab? Alle Sport-Tarife sind so konzipiert, dass Sie im Falle eines Notfalls beim Sporttauchen oder bei [&hellip;]<\/p>\n","protected":false},"author":18,"featured_media":0,"parent":38086,"menu_order":0,"comment_status":"closed","ping_status":"closed","template":"template-partner.php","meta":{"_acf_changed":false,"footnotes":""},"class_list":["post-44135","page","type-page","status-publish","hentry"],"acf":[],"yoast_head":"<!-- This site is optimized with the Yoast SEO plugin v27.4 - https:\/\/yoast.com\/product\/yoast-seo-wordpress\/ -->\n<title>DAN Europa | Deepspot<\/title>\n<meta name=\"description\" content=\"DAN Europa\" \/>\n<meta name=\"robots\" content=\"index, follow, max-snippet:-1, max-image-preview:large, max-video-preview:-1\" \/>\n<link rel=\"canonical\" href=\"https:\/\/www.deepspot.com\/de\/wie-machen-wir-das\/partner\/garmin-2\/\" \/>\n<meta property=\"og:locale\" content=\"de_DE\" \/>\n<meta property=\"og:type\" content=\"article\" \/>\n<meta property=\"og:title\" content=\"DAN Europa | Deepspot\" \/>\n<meta property=\"og:description\" content=\"DAN Europa\" \/>\n<meta property=\"og:url\" content=\"https:\/\/www.deepspot.com\/de\/wie-machen-wir-das\/partner\/garmin-2\/\" \/>\n<meta property=\"og:site_name\" content=\"Deepspot\" \/>\n<meta property=\"article:modified_time\" content=\"2024-05-29T07:32:55+00:00\" \/>\n<meta name=\"twitter:card\" content=\"summary_large_image\" \/>\n<meta name=\"twitter:label1\" content=\"Gesch\u00e4tzte Lesezeit\" \/>\n\t<meta name=\"twitter:data1\" content=\"2\u00a0Minuten\" \/>\n<script type=\"application\/ld+json\" class=\"yoast-schema-graph\">{\"@context\":\"https:\\\/\\\/schema.org\",\"@graph\":[{\"@type\":\"WebPage\",\"@id\":\"https:\\\/\\\/www.deepspot.com\\\/de\\\/wie-machen-wir-das\\\/partner\\\/garmin-2\\\/\",\"url\":\"https:\\\/\\\/www.deepspot.com\\\/de\\\/wie-machen-wir-das\\\/partner\\\/garmin-2\\\/\",\"name\":\"DAN Europa | Deepspot\",\"isPartOf\":{\"@id\":\"https:\\\/\\\/www.deepspot.com\\\/pl\\\/#website\"},\"datePublished\":\"2024-05-16T08:20:35+00:00\",\"dateModified\":\"2024-05-29T07:32:55+00:00\",\"description\":\"DAN Europa\",\"breadcrumb\":{\"@id\":\"https:\\\/\\\/www.deepspot.com\\\/de\\\/wie-machen-wir-das\\\/partner\\\/garmin-2\\\/#breadcrumb\"},\"inLanguage\":\"de\",\"potentialAction\":[{\"@type\":\"ReadAction\",\"target\":[\"https:\\\/\\\/www.deepspot.com\\\/de\\\/wie-machen-wir-das\\\/partner\\\/garmin-2\\\/\"]}]},{\"@type\":\"BreadcrumbList\",\"@id\":\"https:\\\/\\\/www.deepspot.com\\\/de\\\/wie-machen-wir-das\\\/partner\\\/garmin-2\\\/#breadcrumb\",\"itemListElement\":[{\"@type\":\"ListItem\",\"position\":1,\"name\":\"Strona g\u0142\u00f3wna\",\"item\":\"https:\\\/\\\/www.deepspot.com\\\/de\\\/\"},{\"@type\":\"ListItem\",\"position\":2,\"name\":\"Wie machen wir das?\",\"item\":\"https:\\\/\\\/www.deepspot.com\\\/de\\\/wie-machen-wir-das\\\/\"},{\"@type\":\"ListItem\",\"position\":3,\"name\":\"UNSERE PARTNER\",\"item\":\"https:\\\/\\\/www.deepspot.com\\\/de\\\/wie-machen-wir-das\\\/partner\\\/\"},{\"@type\":\"ListItem\",\"position\":4,\"name\":\"DAN Europa\"}]},{\"@type\":\"WebSite\",\"@id\":\"https:\\\/\\\/www.deepspot.com\\\/pl\\\/#website\",\"url\":\"https:\\\/\\\/www.deepspot.com\\\/pl\\\/\",\"name\":\"Deepspot\",\"description\":\"Eine neue Dimension im Tauchen\",\"potentialAction\":[{\"@type\":\"SearchAction\",\"target\":{\"@type\":\"EntryPoint\",\"urlTemplate\":\"https:\\\/\\\/www.deepspot.com\\\/pl\\\/?s={search_term_string}\"},\"query-input\":{\"@type\":\"PropertyValueSpecification\",\"valueRequired\":true,\"valueName\":\"search_term_string\"}}],\"inLanguage\":\"de\"}]}<\/script>\n<!-- \/ Yoast SEO plugin. -->","yoast_head_json":{"title":"DAN Europa | Deepspot","description":"DAN Europa","robots":{"index":"index","follow":"follow","max-snippet":"max-snippet:-1","max-image-preview":"max-image-preview:large","max-video-preview":"max-video-preview:-1"},"canonical":"https:\/\/www.deepspot.com\/de\/wie-machen-wir-das\/partner\/garmin-2\/","og_locale":"de_DE","og_type":"article","og_title":"DAN Europa | Deepspot","og_description":"DAN Europa","og_url":"https:\/\/www.deepspot.com\/de\/wie-machen-wir-das\/partner\/garmin-2\/","og_site_name":"Deepspot","article_modified_time":"2024-05-29T07:32:55+00:00","twitter_card":"summary_large_image","twitter_misc":{"Gesch\u00e4tzte Lesezeit":"2\u00a0Minuten"},"schema":{"@context":"https:\/\/schema.org","@graph":[{"@type":"WebPage","@id":"https:\/\/www.deepspot.com\/de\/wie-machen-wir-das\/partner\/garmin-2\/","url":"https:\/\/www.deepspot.com\/de\/wie-machen-wir-das\/partner\/garmin-2\/","name":"DAN Europa | Deepspot","isPartOf":{"@id":"https:\/\/www.deepspot.com\/pl\/#website"},"datePublished":"2024-05-16T08:20:35+00:00","dateModified":"2024-05-29T07:32:55+00:00","description":"DAN Europa","breadcrumb":{"@id":"https:\/\/www.deepspot.com\/de\/wie-machen-wir-das\/partner\/garmin-2\/#breadcrumb"},"inLanguage":"de","potentialAction":[{"@type":"ReadAction","target":["https:\/\/www.deepspot.com\/de\/wie-machen-wir-das\/partner\/garmin-2\/"]}]},{"@type":"BreadcrumbList","@id":"https:\/\/www.deepspot.com\/de\/wie-machen-wir-das\/partner\/garmin-2\/#breadcrumb","itemListElement":[{"@type":"ListItem","position":1,"name":"Strona g\u0142\u00f3wna","item":"https:\/\/www.deepspot.com\/de\/"},{"@type":"ListItem","position":2,"name":"Wie machen wir das?","item":"https:\/\/www.deepspot.com\/de\/wie-machen-wir-das\/"},{"@type":"ListItem","position":3,"name":"UNSERE PARTNER","item":"https:\/\/www.deepspot.com\/de\/wie-machen-wir-das\/partner\/"},{"@type":"ListItem","position":4,"name":"DAN Europa"}]},{"@type":"WebSite","@id":"https:\/\/www.deepspot.com\/pl\/#website","url":"https:\/\/www.deepspot.com\/pl\/","name":"Deepspot","description":"Eine neue Dimension im Tauchen","potentialAction":[{"@type":"SearchAction","target":{"@type":"EntryPoint","urlTemplate":"https:\/\/www.deepspot.com\/pl\/?s={search_term_string}"},"query-input":{"@type":"PropertyValueSpecification","valueRequired":true,"valueName":"search_term_string"}}],"inLanguage":"de"}]}},"_links":{"self":[{"href":"https:\/\/www.deepspot.com\/de\/wp-json\/wp\/v2\/pages\/44135","targetHints":{"allow":["GET"]}}],"collection":[{"href":"https:\/\/www.deepspot.com\/de\/wp-json\/wp\/v2\/pages"}],"about":[{"href":"https:\/\/www.deepspot.com\/de\/wp-json\/wp\/v2\/types\/page"}],"author":[{"embeddable":true,"href":"https:\/\/www.deepspot.com\/de\/wp-json\/wp\/v2\/users\/18"}],"replies":[{"embeddable":true,"href":"https:\/\/www.deepspot.com\/de\/wp-json\/wp\/v2\/comments?post=44135"}],"version-history":[{"count":6,"href":"https:\/\/www.deepspot.com\/de\/wp-json\/wp\/v2\/pages\/44135\/revisions"}],"predecessor-version":[{"id":45170,"href":"https:\/\/www.deepspot.com\/de\/wp-json\/wp\/v2\/pages\/44135\/revisions\/45170"}],"up":[{"embeddable":true,"href":"https:\/\/www.deepspot.com\/de\/wp-json\/wp\/v2\/pages\/38086"}],"wp:attachment":[{"href":"https:\/\/www.deepspot.com\/de\/wp-json\/wp\/v2\/media?parent=44135"}],"curies":[{"name":"wp","href":"https:\/\/api.w.org\/{rel}","templated":true}]}}