{"id":46159,"date":"2024-08-29T09:51:20","date_gmt":"2024-08-29T07:51:20","guid":{"rendered":"https:\/\/www.deepspot.com\/?page_id=46159"},"modified":"2025-10-29T12:16:54","modified_gmt":"2025-10-29T11:16:54","slug":"deepspot-frei-30m-2","status":"publish","type":"page","link":"https:\/\/www.deepspot.com\/de\/fuer-wen\/geraetetauchen\/deepspot-frei-30m-2\/","title":{"rendered":"Kurs f\u00fcr fortgeschrittene Abenteurer"},"content":{"rendered":"<div id=\"hero-block_c092c3d4c124c3f48fdec14427ee0f6e\" class=\"hero-block\">\r\n  <div class=\"row outer-container\">\r\n    <div>\r\n      <img decoding=\"async\" lazy src=\"data:image\/gif;base64,R0lGODlhAQABAAD\/ACwAAAAAAQABAAACADs%3D\" data-src=\"https:\/\/eco3ygde435.exactdn.com\/wp-content\/uploads\/sites\/2\/2024\/08\/DEEPSPOT-ADVANCED-DIVER-30m.jpg?strip=all\" alt=\"\">\r\n          <\/div>\r\n    <div>\r\n      <h2>Tiefer eintauchen, mehr bekommen  <\/h2><p>Sie sind bereits OWD-zertifiziert und m\u00f6chten einen Schritt weiter gehen? Der Kurs Advanced Adventurer erm\u00f6glicht es Ihnen, verschiedene Arten des Tauchens auszuprobieren und Ihre F\u00e4higkeiten weiterzuentwickeln. Im Laufe von 2 Tagen werden Sie eine Reihe von Thementauchg\u00e4ngen machen &#8211; eine gro\u00dfartige Gelegenheit, um Erfahrungen zu sammeln, neue Tauchm\u00f6glichkeiten zu entdecken und sich auf fortgeschrittenere Abenteuer vorzubereiten.  \r\n\r\n<\/p>    <\/div>\r\n  <\/div>\r\n<\/div><!-- block -->\r\n<div id=\"product-details-block_8c3d964cdf2d9347f457ed95bddb75d7\" class=\"product-details-block\">\r\n  <div class=\"row container\">\r\n    <div>\r\n      <h2 class=\"title\">Beschreibung der Attraktion:<\/h2>      <p class=\"desc\">Der Kurs f\u00fcr fortgeschrittene Abenteurer ist die ideale Option f\u00fcr diejenigen, die die n\u00e4chste Stufe erreichen m\u00f6chten. Im Rahmen der Ausbildung machen Sie Thementauchg\u00e4nge, lernen neue Techniken und Szenarien kennen, die Ihren Komfort und Ihre Sicherheit unter Wasser erh\u00f6hen werden.   <br>Wir bieten den Kurs im Fr\u00fchjahr und Sommer an, in den Monaten Mai bis September.\r\n<br><br>\r\nWagen Sie den Sprung, wenn:<br>\ud83e\udee7 Sie Ihre F\u00e4higkeiten sicher weiterentwickeln und sich unter au\u00dfergew\u00f6hnlichen Bedingungen auf die n\u00e4chsten Ausbildungsstufen vorbereiten m\u00f6chten<br>\ud83e\udee7 Sie Ihren Tiefenbereich erweitern und neue F\u00e4higkeiten erlernen m\u00f6chten<br>\ud83e\udee7 Sie Tauchreisen, Safaris oder Urlaube in den Tropen planen und davon tr\u00e4umen, in Gew\u00e4ssern auf der ganzen Welt in Tiefen von bis zu 30 Metern zu tauchen<br>\ud83e\udee7 Sie unter Wasser unabh\u00e4ngiger und bewusster werden m\u00f6chten<br><br>\r\nWas wir bieten<br>\ud83e\udee7 Zwei Tage theoretische und praktische Ausbildung im kontrollierten Deepspot und im Freiwasser (Honoratka)<br>\ud83e\udee7 F\u00fcnf thematische Tauchg\u00e4nge unter Aufsicht eines Tauchlehrers: Unterwassernavigation, Tieftauchen, Nitrox, perfekte Tarierung, Nachttauchen und Tauchen bei eingeschr\u00e4nkter Sicht<br>\ud83e\udee7 Schulungsunterlagen, die auf der Website der SSI-Organisation bereitgestellt werden. Machen Sie sich vor dem Kurs mit ihnen vertraut<br>\ud83e\udee7 Alles, was Sie brauchen, ist im Preis enthalten. Die gesamte notwendige Ausr\u00fcstung wird von uns zur Verf\u00fcgung gestellt<br>\ud83e\udee7 Intime Gruppen. Wir werden das Tempo immer an Sie anpassen   <br><br>\r\nDie Kurse finden in kleinen Gruppen statt &#8211; maximal vier Personen pro Lehrer &#8211; und geben Ihnen das Vertrauen, jeden Atemzug in Ruhe zu nehmen und die Antwort auf jede Frage zu finden.<br><br>\r\nEs lohnt sich, denn:<br>\ud83e\udee7 Sie trainieren im tiefsten Pool Europas &#8211; bis zu 45 Meter tief<br>\ud83e\udee7 Sie tauchen unter exotischen Bedingungen &#8211; klares Wasser bei 32\u00b0C<br>\ud83e\udee7 Sie verwenden moderne, regelm\u00e4\u00dfig gewartete Ausr\u00fcstung<br>\ud83e\udee7 Sie werden von erfahrenen, internationalen Tauchlehrern unterst\u00fctzt<br>\ud83e\udee7 Es ist der perfekte Ort, um Selbstvertrauen und eine gute Technik aufzubauen.<br><br>\r\nNach Abschluss des Kurses erhalten Sie ein internationales Advanced Adventurer-Zertifikat der SSI-Organisation.<br><br>\r\nDurchf\u00fchrung des Kurses im Herbst <br>Bei Deepspot f\u00fchren wir das Programm auch im Herbst durch, aber die Teilnehmer m\u00fcssen die damit verbundenen Herausforderungen verstehen. Die Wassertemperaturen sind dieselben wie im Sommer, aber das Wetter drau\u00dfen kann eine gr\u00f6\u00dfere Herausforderung darstellen. Aus diesem Grund m\u00fcssen sich die Teilnehmer bei der Planung des Kurses auf anspruchsvollere Bedingungen an der Wasseroberfl\u00e4che einstellen.    <br>Diejenigen, die den Trockentauchkurs vor dem AA-Kurs absolvieren, haben die M\u00f6glichkeit, Freiwassersitzungen mit Trockenanz\u00fcgen zu machen. Einzelheiten: kurs@deepspot.com   \r\n<br><br><br>\r\nWas ist wissenswert?<\/p>      <ul>            <li>\r\n              <p>Dauer<\/p>\r\n              <strong>2 Tage (ca. 15h, einschlie\u00dflich 5 Poolsitzungen)<\/strong>\r\n            <\/li>\r\n                      <li>\r\n              <p>MINDESTALTER DER TEILNEHMER<\/p>\r\n              <strong>12 Jahre<\/strong>\r\n            <\/li>\r\n                      <li>\r\n              <p>Sie werden in Tiefen tauchen<\/p>\r\n              <strong>21m<\/strong>\r\n            <\/li>\r\n                      <li>\r\n              <p>Als Geschenk<\/p>\r\n              <strong>Kurzes Video vom Unterwasser-Fotobooth<\/strong>\r\n            <\/li>\r\n                      <li>\r\n              <p>Wir bieten<\/p>\r\n              <strong>Die gesamte Tauchausr\u00fcstung. Bringen Sie nur Badehose, Handtuch und Flip-Flops mit <\/strong>\r\n            <\/li>\r\n                      <li>\r\n              <p>Vergessen Sie nicht<\/p>\r\n              <strong>Viel Spa\u00df und wir werden Sie mit all der Energie anstecken<\/strong>\r\n            <\/li>\r\n                      <li>\r\n              <p>PREIS:<\/p>\r\n              <strong>1 999 PLN<\/strong>\r\n            <\/li>\r\n          <\/ul>      <div class=\"button-list-wrap\"><div class=\"button-list button-type-both\"><div><a class=\"alternate_ybb\" href=\"https:\/\/cs.deepspot.com\/offer?steps=deepspot_diving-courses_wait-for-diving-course-list_46\" target=\"_self\"><img decoding=\"async\" lazy src=\"data:image\/gif;base64,R0lGODlhAQABAAD\/ACwAAAAAAQABAAACADs%3D\" data-src=\"https:\/\/eco3ygde435.exactdn.com\/wp-content\/uploads\/sites\/2\/2020\/08\/calendar-grid-58.png?strip=all\" alt=\"\"><strong>ZAREZERWUJ<\/strong><\/a><\/div><div><a class=\"alternate_ybb\" href=\"https:\/\/sklep.deepspot.com\/vouchery\/kurs-advanced-adventurer\" target=\"_self\"><img decoding=\"async\" lazy src=\"data:image\/gif;base64,R0lGODlhAQABAAD\/ACwAAAAAAQABAAACADs%3D\" data-src=\"https:\/\/eco3ygde435.exactdn.com\/wp-content\/uploads\/sites\/2\/2020\/08\/paper-diploma.png?strip=all\" alt=\"\"><strong>Zam\u00f3w voucher<\/strong><\/a><\/div><div><a class=\"css-default\" href=\"https:\/\/www.deepspot.com\/pl\/frequently-asked-questions\/?tab=2\" target=\"_self\"><img decoding=\"async\" lazy src=\"data:image\/gif;base64,R0lGODlhAQABAAD\/ACwAAAAAAQABAAACADs%3D\" data-src=\"https:\/\/eco3ygde435.exactdn.com\/wp-content\/uploads\/sites\/2\/2020\/08\/presentation.png?strip=all\" alt=\"\"><strong>NAJCZ\u0118\u015aCIEJ ZADAWANE PYTANIA<\/strong><\/a><\/div><\/div><\/div>    <\/div>\r\n  <\/div>\r\n<\/div><!-- block -->\r\n\n<p class=\"has-text-align-center\"><br\/>G<strong>ESUNDHEIT<\/strong><strong>Tauchen<\/strong> ist ein <strong>Freizeitsport<\/strong>, den <strong>fast jeder<\/strong> betreiben kann.  <\/p>\n\n<p class=\"has-text-align-center\">Wenn Ihr <strong>Gesundheitszustand<\/strong> <strong>gut<\/strong> ist, <strong>brauchen Sie h\u00f6chstwahrscheinlich keine Genehmigung Ihres Arztes<\/strong>, in einigen <strong>besonderen F\u00e4llen<\/strong> kann sie jedoch <strong>erforderlich sein<\/strong>.  <\/p>\n\n<p class=\"has-text-align-center\">Wenn Sie <strong>sichergehen<\/strong> wollen, k\u00f6nnen Sie die Norm vorher <strong>lesen<\/strong>  <\/p>\n\n<p class=\"has-text-align-center\"><a href=\"https:\/\/eco3ygde435.exactdn.com\/wp-content\/uploads\/sites\/2\/2023\/10\/TR-MEDICAL-DIVER_Polish.pdf\" target=\"_blank\" rel=\"noreferrer noopener\"><strong>medizinisches Formular<\/strong><\/a>.<\/p>\n<div id=\"step-guide-icons-block_7ca530d5d127c8f9cc1bb8b371f493db\" class=\"step-guide-icons-block\">\r\n  <div class=\"row container\">\r\n    <div>\r\n      <div class=\"title\">Schritt f\u00fcr Schritt<\/div>      <ul>            <li data-count=\"01\">\r\n              <div class=\"icon-wrap\"><img decoding=\"async\" lazy src=\"data:image\/gif;base64,R0lGODlhAQABAAD\/ACwAAAAAAQABAAACADs%3D\" data-src=\"\" alt=\"\"><\/div>\r\n              <p>Sammeln Sie Teilnehmer &#8211; allein, zu zweit oder mit einer Gruppe<br \/>\r\n<\/p>\r\n                          <\/li>\r\n                      <li data-count=\"02\">\r\n              <div class=\"icon-wrap\"><img decoding=\"async\" lazy src=\"data:image\/gif;base64,R0lGODlhAQABAAD\/ACwAAAAAAQABAAACADs%3D\" data-src=\"\" alt=\"\"><\/div>\r\n              <p>Buchen Sie Ihren Termin &#8211; online, schnell und bequem<br \/>\r\n<\/p>\r\n                          <\/li>\r\n                      <li data-count=\"03\">\r\n              <div class=\"icon-wrap\"><img decoding=\"async\" lazy src=\"data:image\/gif;base64,R0lGODlhAQABAAD\/ACwAAAAAAQABAAACADs%3D\" data-src=\"\" alt=\"\"><\/div>\r\n              <p>Geben Sie die Daten der Teilnehmer ein &#8211; \u00fcber Ihr Konto, es dauert nur einen Moment<br \/>\r\n<\/p>\r\n                          <\/li>\r\n                      <li data-count=\"04\">\r\n              <div class=\"icon-wrap\"><img decoding=\"async\" lazy src=\"data:image\/gif;base64,R0lGODlhAQABAAD\/ACwAAAAAAQABAAACADs%3D\" data-src=\"\" alt=\"\"><\/div>\r\n              <p>Kommen Sie 30 Minuten fr\u00fcher &#8211; Sie k\u00f6nnen sich in Ruhe vorbereiten<br \/>\r\n<br \/>\r\n<\/p>\r\n                          <\/li>\r\n                      <li data-count=\"05\">\r\n              <div class=\"icon-wrap\"><img decoding=\"async\" lazy src=\"data:image\/gif;base64,R0lGODlhAQABAAD\/ACwAAAAAAQABAAACADs%3D\" data-src=\"\" alt=\"\"><\/div>\r\n              <p>Tauchen Sie ein &#8211; haben Sie Spa\u00df<br \/>\r\n<\/p>\r\n                          <\/li>\r\n                      <li data-count=\"06\">\r\n              <div class=\"icon-wrap\"><img decoding=\"async\" lazy src=\"data:image\/gif;base64,R0lGODlhAQABAAD\/ACwAAAAAAQABAAACADs%3D\" data-src=\"\" alt=\"\"><\/div>\r\n              <p>Lassen Sie sich anstecken und kommen Sie wieder &#8211; Tauchen macht s\u00fcchtig!<br \/>\r\n<\/p>\r\n                          <\/li>\r\n          <\/ul>    <\/div>\r\n  <\/div>\r\n<\/div><!-- block -->\r\n\n<p class=\"has-text-align-center\"><\/p>\n\n<div class=\"wp-block-columns is-layout-flex wp-container-core-columns-is-layout-9d6595d7 wp-block-columns-is-layout-flex\">\n<div class=\"wp-block-column is-layout-flow wp-block-column-is-layout-flow\">\n<p><\/p>\n<\/div>\n<\/div>\n<div id=\"download-block_b9e857fc4c0a35ff768b9813eba8a62c\" class=\"download-block\">\r\n  <div class=\"row container\">\r\n    <div>\r\n      <h2 class=\"title\">DOKUMENTE UND BEDINGUNGEN<\/h2>      <ul>            <li>\r\n              <a href=\"https:\/\/www.deepspot.com\/wp-content\/uploads\/sites\/2\/2023\/08\/FomularzMedyczny2023_PL_do_wgladu.pdf\" download>\r\n                <div>\r\n                  <img decoding=\"async\" lazy src=\"data:image\/gif;base64,R0lGODlhAQABAAD\/ACwAAAAAAQABAAACADs%3D\" data-src=\"https:\/\/www.deepspot.com\/wp-content\/themes\/deepspotflyspotWPML\/images\/dots-download.svg\">\r\n                  <p>MEDIZINISCHES FORMULAR<\/p>\r\n                <\/div>\r\n              <\/a>\r\n            <\/li>\r\n          <\/ul>    <\/div>\r\n  <\/div>\r\n<\/div><!-- block -->\r\n","protected":false},"excerpt":{"rendered":"<p>GESUNDHEITTauchen ist ein Freizeitsport, den fast jeder betreiben kann. Wenn Ihr Gesundheitszustand gut ist, brauchen Sie h\u00f6chstwahrscheinlich keine Genehmigung Ihres Arztes, in einigen besonderen F\u00e4llen kann sie jedoch erforderlich sein. Wenn Sie sichergehen wollen, k\u00f6nnen Sie die Norm vorher lesen medizinisches Formular.<\/p>\n","protected":false},"author":18,"featured_media":46174,"parent":4761,"menu_order":4,"comment_status":"closed","ping_status":"closed","template":"","meta":{"_acf_changed":false,"footnotes":""},"class_list":["post-46159","page","type-page","status-publish","has-post-thumbnail","hentry"],"acf":[],"yoast_head":"<!-- This site is optimized with the Yoast SEO plugin v27.3 - https:\/\/yoast.com\/product\/yoast-seo-wordpress\/ -->\n<title>Kurs f\u00fcr fortgeschrittene Abenteurer | Deepspot<\/title>\n<meta name=\"description\" content=\"Kurs f\u00fcr fortgeschrittene Abenteurer\" \/>\n<meta name=\"robots\" content=\"index, follow, max-snippet:-1, max-image-preview:large, max-video-preview:-1\" \/>\n<link rel=\"canonical\" href=\"https:\/\/www.deepspot.com\/de\/fuer-wen\/geraetetauchen\/deepspot-frei-30m-2\/\" \/>\n<meta property=\"og:locale\" content=\"de_DE\" \/>\n<meta property=\"og:type\" content=\"article\" \/>\n<meta property=\"og:title\" content=\"Kurs f\u00fcr fortgeschrittene Abenteurer | Deepspot\" \/>\n<meta property=\"og:description\" content=\"Kurs f\u00fcr fortgeschrittene Abenteurer\" \/>\n<meta property=\"og:url\" content=\"https:\/\/www.deepspot.com\/de\/fuer-wen\/geraetetauchen\/deepspot-frei-30m-2\/\" \/>\n<meta property=\"og:site_name\" content=\"Deepspot\" \/>\n<meta property=\"article:modified_time\" content=\"2025-10-29T11:16:54+00:00\" \/>\n<meta property=\"og:image\" content=\"https:\/\/eco3ygde435.exactdn.com\/wp-content\/uploads\/sites\/2\/2024\/08\/DEEPSPOT-ADVANCED-DIVER-30m.jpg?strip=all\" \/>\n\t<meta property=\"og:image:width\" content=\"1310\" \/>\n\t<meta property=\"og:image:height\" content=\"564\" \/>\n\t<meta property=\"og:image:type\" content=\"image\/jpeg\" \/>\n<meta name=\"twitter:card\" content=\"summary_large_image\" \/>\n<script type=\"application\/ld+json\" class=\"yoast-schema-graph\">{\"@context\":\"https:\\\/\\\/schema.org\",\"@graph\":[{\"@type\":\"WebPage\",\"@id\":\"https:\\\/\\\/www.deepspot.com\\\/de\\\/fuer-wen\\\/geraetetauchen\\\/deepspot-frei-30m-2\\\/\",\"url\":\"https:\\\/\\\/www.deepspot.com\\\/de\\\/fuer-wen\\\/geraetetauchen\\\/deepspot-frei-30m-2\\\/\",\"name\":\"Kurs f\u00fcr fortgeschrittene Abenteurer | Deepspot\",\"isPartOf\":{\"@id\":\"https:\\\/\\\/www.deepspot.com\\\/pl\\\/#website\"},\"primaryImageOfPage\":{\"@id\":\"https:\\\/\\\/www.deepspot.com\\\/de\\\/fuer-wen\\\/geraetetauchen\\\/deepspot-frei-30m-2\\\/#primaryimage\"},\"image\":{\"@id\":\"https:\\\/\\\/www.deepspot.com\\\/de\\\/fuer-wen\\\/geraetetauchen\\\/deepspot-frei-30m-2\\\/#primaryimage\"},\"thumbnailUrl\":\"https:\\\/\\\/eco3ygde435.exactdn.com\\\/wp-content\\\/uploads\\\/sites\\\/2\\\/2024\\\/08\\\/DEEPSPOT-ADVANCED-DIVER-30m.jpg?strip=all\",\"datePublished\":\"2024-08-29T07:51:20+00:00\",\"dateModified\":\"2025-10-29T11:16:54+00:00\",\"description\":\"Kurs f\u00fcr fortgeschrittene Abenteurer\",\"breadcrumb\":{\"@id\":\"https:\\\/\\\/www.deepspot.com\\\/de\\\/fuer-wen\\\/geraetetauchen\\\/deepspot-frei-30m-2\\\/#breadcrumb\"},\"inLanguage\":\"de\",\"potentialAction\":[{\"@type\":\"ReadAction\",\"target\":[\"https:\\\/\\\/www.deepspot.com\\\/de\\\/fuer-wen\\\/geraetetauchen\\\/deepspot-frei-30m-2\\\/\"]}]},{\"@type\":\"ImageObject\",\"inLanguage\":\"de\",\"@id\":\"https:\\\/\\\/www.deepspot.com\\\/de\\\/fuer-wen\\\/geraetetauchen\\\/deepspot-frei-30m-2\\\/#primaryimage\",\"url\":\"https:\\\/\\\/eco3ygde435.exactdn.com\\\/wp-content\\\/uploads\\\/sites\\\/2\\\/2024\\\/08\\\/DEEPSPOT-ADVANCED-DIVER-30m.jpg?strip=all\",\"contentUrl\":\"https:\\\/\\\/eco3ygde435.exactdn.com\\\/wp-content\\\/uploads\\\/sites\\\/2\\\/2024\\\/08\\\/DEEPSPOT-ADVANCED-DIVER-30m.jpg?strip=all\",\"width\":1310,\"height\":564},{\"@type\":\"BreadcrumbList\",\"@id\":\"https:\\\/\\\/www.deepspot.com\\\/de\\\/fuer-wen\\\/geraetetauchen\\\/deepspot-frei-30m-2\\\/#breadcrumb\",\"itemListElement\":[{\"@type\":\"ListItem\",\"position\":1,\"name\":\"Strona g\u0142\u00f3wna\",\"item\":\"https:\\\/\\\/www.deepspot.com\\\/de\\\/\"},{\"@type\":\"ListItem\",\"position\":2,\"name\":\"F\u00fcr wen\",\"item\":\"https:\\\/\\\/www.deepspot.com\\\/de\\\/fuer-wen\\\/\"},{\"@type\":\"ListItem\",\"position\":3,\"name\":\"Sporttauchen\",\"item\":\"https:\\\/\\\/www.deepspot.com\\\/de\\\/fuer-wen\\\/geraetetauchen\\\/\"},{\"@type\":\"ListItem\",\"position\":4,\"name\":\"Kurs f\u00fcr fortgeschrittene Abenteurer\"}]},{\"@type\":\"WebSite\",\"@id\":\"https:\\\/\\\/www.deepspot.com\\\/pl\\\/#website\",\"url\":\"https:\\\/\\\/www.deepspot.com\\\/pl\\\/\",\"name\":\"Deepspot\",\"description\":\"Eine neue Dimension im Tauchen\",\"potentialAction\":[{\"@type\":\"SearchAction\",\"target\":{\"@type\":\"EntryPoint\",\"urlTemplate\":\"https:\\\/\\\/www.deepspot.com\\\/pl\\\/?s={search_term_string}\"},\"query-input\":{\"@type\":\"PropertyValueSpecification\",\"valueRequired\":true,\"valueName\":\"search_term_string\"}}],\"inLanguage\":\"de\"}]}<\/script>\n<!-- \/ Yoast SEO plugin. -->","yoast_head_json":{"title":"Kurs f\u00fcr fortgeschrittene Abenteurer | Deepspot","description":"Kurs f\u00fcr fortgeschrittene Abenteurer","robots":{"index":"index","follow":"follow","max-snippet":"max-snippet:-1","max-image-preview":"max-image-preview:large","max-video-preview":"max-video-preview:-1"},"canonical":"https:\/\/www.deepspot.com\/de\/fuer-wen\/geraetetauchen\/deepspot-frei-30m-2\/","og_locale":"de_DE","og_type":"article","og_title":"Kurs f\u00fcr fortgeschrittene Abenteurer | Deepspot","og_description":"Kurs f\u00fcr fortgeschrittene Abenteurer","og_url":"https:\/\/www.deepspot.com\/de\/fuer-wen\/geraetetauchen\/deepspot-frei-30m-2\/","og_site_name":"Deepspot","article_modified_time":"2025-10-29T11:16:54+00:00","og_image":[{"width":1310,"height":564,"url":"https:\/\/eco3ygde435.exactdn.com\/wp-content\/uploads\/sites\/2\/2024\/08\/DEEPSPOT-ADVANCED-DIVER-30m.jpg?strip=all","type":"image\/jpeg"}],"twitter_card":"summary_large_image","schema":{"@context":"https:\/\/schema.org","@graph":[{"@type":"WebPage","@id":"https:\/\/www.deepspot.com\/de\/fuer-wen\/geraetetauchen\/deepspot-frei-30m-2\/","url":"https:\/\/www.deepspot.com\/de\/fuer-wen\/geraetetauchen\/deepspot-frei-30m-2\/","name":"Kurs f\u00fcr fortgeschrittene Abenteurer | Deepspot","isPartOf":{"@id":"https:\/\/www.deepspot.com\/pl\/#website"},"primaryImageOfPage":{"@id":"https:\/\/www.deepspot.com\/de\/fuer-wen\/geraetetauchen\/deepspot-frei-30m-2\/#primaryimage"},"image":{"@id":"https:\/\/www.deepspot.com\/de\/fuer-wen\/geraetetauchen\/deepspot-frei-30m-2\/#primaryimage"},"thumbnailUrl":"https:\/\/eco3ygde435.exactdn.com\/wp-content\/uploads\/sites\/2\/2024\/08\/DEEPSPOT-ADVANCED-DIVER-30m.jpg?strip=all","datePublished":"2024-08-29T07:51:20+00:00","dateModified":"2025-10-29T11:16:54+00:00","description":"Kurs f\u00fcr fortgeschrittene Abenteurer","breadcrumb":{"@id":"https:\/\/www.deepspot.com\/de\/fuer-wen\/geraetetauchen\/deepspot-frei-30m-2\/#breadcrumb"},"inLanguage":"de","potentialAction":[{"@type":"ReadAction","target":["https:\/\/www.deepspot.com\/de\/fuer-wen\/geraetetauchen\/deepspot-frei-30m-2\/"]}]},{"@type":"ImageObject","inLanguage":"de","@id":"https:\/\/www.deepspot.com\/de\/fuer-wen\/geraetetauchen\/deepspot-frei-30m-2\/#primaryimage","url":"https:\/\/eco3ygde435.exactdn.com\/wp-content\/uploads\/sites\/2\/2024\/08\/DEEPSPOT-ADVANCED-DIVER-30m.jpg?strip=all","contentUrl":"https:\/\/eco3ygde435.exactdn.com\/wp-content\/uploads\/sites\/2\/2024\/08\/DEEPSPOT-ADVANCED-DIVER-30m.jpg?strip=all","width":1310,"height":564},{"@type":"BreadcrumbList","@id":"https:\/\/www.deepspot.com\/de\/fuer-wen\/geraetetauchen\/deepspot-frei-30m-2\/#breadcrumb","itemListElement":[{"@type":"ListItem","position":1,"name":"Strona g\u0142\u00f3wna","item":"https:\/\/www.deepspot.com\/de\/"},{"@type":"ListItem","position":2,"name":"F\u00fcr wen","item":"https:\/\/www.deepspot.com\/de\/fuer-wen\/"},{"@type":"ListItem","position":3,"name":"Sporttauchen","item":"https:\/\/www.deepspot.com\/de\/fuer-wen\/geraetetauchen\/"},{"@type":"ListItem","position":4,"name":"Kurs f\u00fcr fortgeschrittene Abenteurer"}]},{"@type":"WebSite","@id":"https:\/\/www.deepspot.com\/pl\/#website","url":"https:\/\/www.deepspot.com\/pl\/","name":"Deepspot","description":"Eine neue Dimension im Tauchen","potentialAction":[{"@type":"SearchAction","target":{"@type":"EntryPoint","urlTemplate":"https:\/\/www.deepspot.com\/pl\/?s={search_term_string}"},"query-input":{"@type":"PropertyValueSpecification","valueRequired":true,"valueName":"search_term_string"}}],"inLanguage":"de"}]}},"_links":{"self":[{"href":"https:\/\/www.deepspot.com\/de\/wp-json\/wp\/v2\/pages\/46159","targetHints":{"allow":["GET"]}}],"collection":[{"href":"https:\/\/www.deepspot.com\/de\/wp-json\/wp\/v2\/pages"}],"about":[{"href":"https:\/\/www.deepspot.com\/de\/wp-json\/wp\/v2\/types\/page"}],"author":[{"embeddable":true,"href":"https:\/\/www.deepspot.com\/de\/wp-json\/wp\/v2\/users\/18"}],"replies":[{"embeddable":true,"href":"https:\/\/www.deepspot.com\/de\/wp-json\/wp\/v2\/comments?post=46159"}],"version-history":[{"count":30,"href":"https:\/\/www.deepspot.com\/de\/wp-json\/wp\/v2\/pages\/46159\/revisions"}],"predecessor-version":[{"id":57818,"href":"https:\/\/www.deepspot.com\/de\/wp-json\/wp\/v2\/pages\/46159\/revisions\/57818"}],"up":[{"embeddable":true,"href":"https:\/\/www.deepspot.com\/de\/wp-json\/wp\/v2\/pages\/4761"}],"wp:featuredmedia":[{"embeddable":true,"href":"https:\/\/www.deepspot.com\/de\/wp-json\/wp\/v2\/media\/46174"}],"wp:attachment":[{"href":"https:\/\/www.deepspot.com\/de\/wp-json\/wp\/v2\/media?parent=46159"}],"curies":[{"name":"wp","href":"https:\/\/api.w.org\/{rel}","templated":true}]}}