{"id":4727,"date":"2020-02-05T13:51:13","date_gmt":"2020-02-05T12:51:13","guid":{"rendered":"https:\/\/www.deepspot.com\/wie-machen-wir-das\/team\/"},"modified":"2025-10-23T09:30:15","modified_gmt":"2025-10-23T07:30:15","slug":"team","status":"publish","type":"page","link":"https:\/\/www.deepspot.com\/de\/wie-machen-wir-das\/team\/","title":{"rendered":"Team"},"content":{"rendered":"<div id=\"internal-links-block_33ff80ce35781dd61b8a05e4464aa233\" class=\"internal-links-block\">\r\n  <div class=\"row container\">\r\n              <\/div>\r\n<\/div><!-- block -->\r\n\n<h1 class=\"wp-block-heading has-text-align-center has-x-large-font-size\" style=\"font-style:normal;font-weight:700;text-transform:uppercase\"><strong>M\u00f6chten Sie unser Team verst\u00e4rken?  <\/strong><\/h1>\n\n<p><\/p>\n\n<h1 class=\"wp-block-heading has-text-align-center has-x-large-font-size\" style=\"text-transform:uppercase\"><strong>F\u00fcllen Sie das Einstellungsformular aus.<\/strong><\/h1>\n\n<p><\/p>\n\n<div class=\"wp-block-buttons is-content-justification-center is-layout-flex wp-container-core-buttons-is-layout-16018d1d wp-block-buttons-is-layout-flex\">\n<div class=\"wp-block-button is-style-fill\"><a class=\"wp-block-button__link wp-element-button\" href=\"https:\/\/form.fillout.com\/t\/x6LQJb2fHVus\">F\u00fcllen Sie das Formular aus<\/a><\/div>\n<\/div>\n<div id=\"form-popup-block_69906c8a98491d0dc632f01276cbbd2d\" class=\"form-popup-block\" data-timeout=\"\">\r\n  <div class=\"row container\">\r\n    <div>\r\n                  <a class=\"close-form-popup\" href=\"#\">schlie\u00dfen <svg xmlns=\"http:\/\/www.w3.org\/2000\/svg\" width=\"23\" height=\"23\" viewBox=\"0 0 23 23\"><g><g><g><path fill=\"none\" stroke=\"#9ca0a3\" stroke-linejoin=\"round\" stroke-miterlimit=\"50\" stroke-width=\"\" d=\"M22 1L1 22\"><\/path><\/g><g><path fill=\"none\" stroke=\"#9ca0a3\" stroke-linejoin=\"round\" stroke-miterlimit=\"50\" stroke-width=\"\" d=\"M22 22L1 1\"><\/path><\/g><\/g><\/g><\/svg><\/a>\r\n    <\/div>\r\n  <\/div>\r\n<\/div><!-- block -->\r\n<div id=\"fancy-display-block_38f396a3dbf740712c802c640a63e311\" class=\"fancy-display-block fancy-repeater-block\">\r\n  <div class=\"row container\">\r\n          <div class=\"fancy-repeater-item\">\r\n        <div class=\"text-container\">\r\n          <h2 class=\"title\">FREITAUCHER-PRAKTIKUM IN DEEPSPOT<\/h2>\r\n                    <p>Sie sind Freitaucher und m\u00f6chten gerne mehr tauchen?\r\nSie wollen schnell umfassende Erfahrungen sammeln und sich auf Ihren Ausbilderkurs vorbereiten?\r\nSie fragen sich, ob die Arbeit in der Tauchbranche etwas f\u00fcr Sie ist?<\/p>\r\n          <div class=\"buttons\"><a class=\"btn\" href=\"https:\/\/www.deepspot.com\/pl\/jak-to-robimy\/zespol\/staz-freediverski\/\" target=\"_self\">Erfahren Sie mehr!<\/a><\/div>        <\/div>\r\n        <div>\r\n          <img decoding=\"async\" lazy src=\"data:image\/gif;base64,R0lGODlhAQABAAD\/ACwAAAAAAQABAAACADs%3D\" data-src=\"https:\/\/eco3ygde435.exactdn.com\/wp-content\/uploads\/sites\/2\/2023\/05\/Staz-free-foto-600600-1.jpg?strip=all\" alt=\"\">\r\n        <\/div>\r\n      <\/div>\r\n          <div class=\"fancy-repeater-item\">\r\n        <div class=\"text-container\">\r\n          <h2 class=\"title\">DIVEMASTER-PRAKTIKUM IN DEEPSPOT<\/h2>\r\n                    <p>Sind Sie ein Divemaster und m\u00f6chten mehr tauchen?\r\nSie wollen schnell umfassende Erfahrungen sammeln und sich auf Ihren Ausbilderkurs vorbereiten?\r\nSie fragen sich, ob die Arbeit in der Tauchbranche etwas f\u00fcr Sie ist?<\/p>\r\n          <div class=\"buttons\"><a class=\"btn\" href=\"https:\/\/www.deepspot.com\/pl\/jak-to-robimy\/zespol\/staz-divemasterski\/\" target=\"_self\">Erfahren Sie mehr!<\/a><\/div>        <\/div>\r\n        <div>\r\n          <img decoding=\"async\" lazy src=\"data:image\/gif;base64,R0lGODlhAQABAAD\/ACwAAAAAAQABAAACADs%3D\" data-src=\"https:\/\/eco3ygde435.exactdn.com\/wp-content\/uploads\/sites\/2\/2023\/05\/TryScubaStyczen-sqr.jpg?strip=all\" alt=\"\">\r\n        <\/div>\r\n      <\/div>\r\n      <\/div>\r\n<\/div><!-- block -->\r\n\n<p><\/p>\n","protected":false},"excerpt":{"rendered":"<p>M\u00f6chten Sie unser Team verst\u00e4rken? F\u00fcllen Sie das Einstellungsformular aus.<\/p>\n","protected":false},"author":1,"featured_media":0,"parent":4711,"menu_order":2,"comment_status":"closed","ping_status":"closed","template":"template-zespol.php","meta":{"_acf_changed":false,"footnotes":""},"class_list":["post-4727","page","type-page","status-publish","hentry"],"acf":[],"yoast_head":"<!-- This site is optimized with the Yoast SEO plugin v27.4 - https:\/\/yoast.com\/product\/yoast-seo-wordpress\/ -->\n<title>Team | Deepspot<\/title>\n<meta name=\"description\" content=\"Team\" \/>\n<meta name=\"robots\" content=\"index, follow, max-snippet:-1, max-image-preview:large, max-video-preview:-1\" \/>\n<link rel=\"canonical\" href=\"https:\/\/www.deepspot.com\/de\/wie-machen-wir-das\/team\/\" \/>\n<meta property=\"og:locale\" content=\"de_DE\" \/>\n<meta property=\"og:type\" content=\"article\" \/>\n<meta property=\"og:title\" content=\"Team | Deepspot\" \/>\n<meta property=\"og:description\" content=\"Team\" \/>\n<meta property=\"og:url\" content=\"https:\/\/www.deepspot.com\/de\/wie-machen-wir-das\/team\/\" \/>\n<meta property=\"og:site_name\" content=\"Deepspot\" \/>\n<meta property=\"article:modified_time\" content=\"2025-10-23T07:30:15+00:00\" \/>\n<meta name=\"twitter:card\" content=\"summary_large_image\" \/>\n<script type=\"application\/ld+json\" class=\"yoast-schema-graph\">{\"@context\":\"https:\\\/\\\/schema.org\",\"@graph\":[{\"@type\":\"WebPage\",\"@id\":\"https:\\\/\\\/www.deepspot.com\\\/de\\\/wie-machen-wir-das\\\/team\\\/\",\"url\":\"https:\\\/\\\/www.deepspot.com\\\/de\\\/wie-machen-wir-das\\\/team\\\/\",\"name\":\"Team | Deepspot\",\"isPartOf\":{\"@id\":\"https:\\\/\\\/www.deepspot.com\\\/pl\\\/#website\"},\"datePublished\":\"2020-02-05T12:51:13+00:00\",\"dateModified\":\"2025-10-23T07:30:15+00:00\",\"description\":\"Team\",\"breadcrumb\":{\"@id\":\"https:\\\/\\\/www.deepspot.com\\\/de\\\/wie-machen-wir-das\\\/team\\\/#breadcrumb\"},\"inLanguage\":\"de\",\"potentialAction\":[{\"@type\":\"ReadAction\",\"target\":[\"https:\\\/\\\/www.deepspot.com\\\/de\\\/wie-machen-wir-das\\\/team\\\/\"]}]},{\"@type\":\"BreadcrumbList\",\"@id\":\"https:\\\/\\\/www.deepspot.com\\\/de\\\/wie-machen-wir-das\\\/team\\\/#breadcrumb\",\"itemListElement\":[{\"@type\":\"ListItem\",\"position\":1,\"name\":\"Strona g\u0142\u00f3wna\",\"item\":\"https:\\\/\\\/www.deepspot.com\\\/de\\\/\"},{\"@type\":\"ListItem\",\"position\":2,\"name\":\"Wie machen wir das?\",\"item\":\"https:\\\/\\\/www.deepspot.com\\\/de\\\/wie-machen-wir-das\\\/\"},{\"@type\":\"ListItem\",\"position\":3,\"name\":\"Team\"}]},{\"@type\":\"WebSite\",\"@id\":\"https:\\\/\\\/www.deepspot.com\\\/pl\\\/#website\",\"url\":\"https:\\\/\\\/www.deepspot.com\\\/pl\\\/\",\"name\":\"Deepspot\",\"description\":\"Eine neue Dimension im Tauchen\",\"potentialAction\":[{\"@type\":\"SearchAction\",\"target\":{\"@type\":\"EntryPoint\",\"urlTemplate\":\"https:\\\/\\\/www.deepspot.com\\\/pl\\\/?s={search_term_string}\"},\"query-input\":{\"@type\":\"PropertyValueSpecification\",\"valueRequired\":true,\"valueName\":\"search_term_string\"}}],\"inLanguage\":\"de\"}]}<\/script>\n<!-- \/ Yoast SEO plugin. -->","yoast_head_json":{"title":"Team | Deepspot","description":"Team","robots":{"index":"index","follow":"follow","max-snippet":"max-snippet:-1","max-image-preview":"max-image-preview:large","max-video-preview":"max-video-preview:-1"},"canonical":"https:\/\/www.deepspot.com\/de\/wie-machen-wir-das\/team\/","og_locale":"de_DE","og_type":"article","og_title":"Team | Deepspot","og_description":"Team","og_url":"https:\/\/www.deepspot.com\/de\/wie-machen-wir-das\/team\/","og_site_name":"Deepspot","article_modified_time":"2025-10-23T07:30:15+00:00","twitter_card":"summary_large_image","schema":{"@context":"https:\/\/schema.org","@graph":[{"@type":"WebPage","@id":"https:\/\/www.deepspot.com\/de\/wie-machen-wir-das\/team\/","url":"https:\/\/www.deepspot.com\/de\/wie-machen-wir-das\/team\/","name":"Team | Deepspot","isPartOf":{"@id":"https:\/\/www.deepspot.com\/pl\/#website"},"datePublished":"2020-02-05T12:51:13+00:00","dateModified":"2025-10-23T07:30:15+00:00","description":"Team","breadcrumb":{"@id":"https:\/\/www.deepspot.com\/de\/wie-machen-wir-das\/team\/#breadcrumb"},"inLanguage":"de","potentialAction":[{"@type":"ReadAction","target":["https:\/\/www.deepspot.com\/de\/wie-machen-wir-das\/team\/"]}]},{"@type":"BreadcrumbList","@id":"https:\/\/www.deepspot.com\/de\/wie-machen-wir-das\/team\/#breadcrumb","itemListElement":[{"@type":"ListItem","position":1,"name":"Strona g\u0142\u00f3wna","item":"https:\/\/www.deepspot.com\/de\/"},{"@type":"ListItem","position":2,"name":"Wie machen wir das?","item":"https:\/\/www.deepspot.com\/de\/wie-machen-wir-das\/"},{"@type":"ListItem","position":3,"name":"Team"}]},{"@type":"WebSite","@id":"https:\/\/www.deepspot.com\/pl\/#website","url":"https:\/\/www.deepspot.com\/pl\/","name":"Deepspot","description":"Eine neue Dimension im Tauchen","potentialAction":[{"@type":"SearchAction","target":{"@type":"EntryPoint","urlTemplate":"https:\/\/www.deepspot.com\/pl\/?s={search_term_string}"},"query-input":{"@type":"PropertyValueSpecification","valueRequired":true,"valueName":"search_term_string"}}],"inLanguage":"de"}]}},"_links":{"self":[{"href":"https:\/\/www.deepspot.com\/de\/wp-json\/wp\/v2\/pages\/4727","targetHints":{"allow":["GET"]}}],"collection":[{"href":"https:\/\/www.deepspot.com\/de\/wp-json\/wp\/v2\/pages"}],"about":[{"href":"https:\/\/www.deepspot.com\/de\/wp-json\/wp\/v2\/types\/page"}],"author":[{"embeddable":true,"href":"https:\/\/www.deepspot.com\/de\/wp-json\/wp\/v2\/users\/1"}],"replies":[{"embeddable":true,"href":"https:\/\/www.deepspot.com\/de\/wp-json\/wp\/v2\/comments?post=4727"}],"version-history":[{"count":213,"href":"https:\/\/www.deepspot.com\/de\/wp-json\/wp\/v2\/pages\/4727\/revisions"}],"predecessor-version":[{"id":56388,"href":"https:\/\/www.deepspot.com\/de\/wp-json\/wp\/v2\/pages\/4727\/revisions\/56388"}],"up":[{"embeddable":true,"href":"https:\/\/www.deepspot.com\/de\/wp-json\/wp\/v2\/pages\/4711"}],"wp:attachment":[{"href":"https:\/\/www.deepspot.com\/de\/wp-json\/wp\/v2\/media?parent=4727"}],"curies":[{"name":"wp","href":"https:\/\/api.w.org\/{rel}","templated":true}]}}