{"id":4754,"date":"2020-07-29T12:04:10","date_gmt":"2020-07-29T10:04:10","guid":{"rendered":"https:\/\/www.deepspot.com\/fuer-wen\/das-erste-mal-unter-wasser\/"},"modified":"2026-03-26T10:24:19","modified_gmt":"2026-03-26T09:24:19","slug":"das-erste-mal-unter-wasser","status":"publish","type":"page","link":"https:\/\/www.deepspot.com\/de\/fuer-wen\/das-erste-mal-unter-wasser\/","title":{"rendered":"Das erste Mal unter Wasser"},"content":{"rendered":"<div id=\"background-person-block_ae784c1e7c0db70dddcd3a237ac88a63\" class=\"background-person-block newsletter-css\">\r\n  <div class=\"container\">\r\n    <span class=\"subtitle\">Tauchen in Deepspot<\/span>\r\n    <h3 class=\"title\">BEREITS ZERTIFIZIERT? TAUCHEN SIE EIN IN DEN BESTEN POOL DER WELT<\/h3>\r\n    <a class=\"bttn\" href=\"https:\/\/cs.deepspot.com\/deepspot\/scuba\/offers\" target=\"_blank\"><span>Buchen Sie<\/span><\/a>  <\/div>\r\n<\/div><!-- block -->\r\n<div id=\"step-guide-block_5e0ed81c94bf3c972e162107f7b7b6dd\" class=\"step-guide-block\">\r\n  <div class=\"row container\">\r\n    <div>\r\n      <h2 class=\"title\">Das ist es wert, denn<\/h2>      <ul>            <li data-count=\"01\">\r\n              <strong><\/strong>\r\n              <p>Sie trainieren im tiefsten Pool Europas &#8211; bis zu 45 Meter tief<\/p>\r\n                          <\/li>\r\n                      <li data-count=\"02\">\r\n              <strong><\/strong>\r\n              <p>Das Tauchen findet unter exotischen Bedingungen statt &#8211; klares Wasser bei 32\u00b0C<\/p>\r\n                          <\/li>\r\n                      <li data-count=\"03\">\r\n              <strong><\/strong>\r\n              <p>Sie verwenden moderne, regelm\u00e4\u00dfig gewartete Ger\u00e4te<\/p>\r\n                          <\/li>\r\n                      <li data-count=\"04\">\r\n              <strong><\/strong>\r\n              <p>Sie haben die Unterst\u00fctzung eines erfahrenen, internationalen Teams von Ausbildern<\/p>\r\n                          <\/li>\r\n                      <li data-count=\"05\">\r\n              <strong><\/strong>\r\n              <p>Es ist der ideale Ort, um Vertrauen und eine gute Technik aufzubauen<\/p>\r\n                          <\/li>\r\n          <\/ul>    <\/div>\r\n  <\/div>\r\n<\/div><!-- block -->\r\n<div id=\"gallery-block_5c5d24ff6265e6b96887373cc868faa8\" class=\"gallery-block\">\r\n  <div class=\"row\">\r\n        <div class=\"outer-container\">\r\n      <img decoding=\"async\" src=\"https:\/\/eco3ygde435.exactdn.com\/wp-content\/uploads\/sites\/2\/2026\/01\/atrakcja-nurkowanie-deepspot.jpg?strip=all\" alt=\"\">\r\n      <div>\r\n        <h2 class=\"title\">Hier beginnt ein spannendes Abenteuer &#8211; Werfen Sie einen Blick auf Deepspot<\/h2>\r\n        <a class=\"open-gallery\" href=\"#gallery-block_5c5d24ff6265e6b96887373cc868faa8\"><span>siehe die Galerie<\/span><\/a>\r\n      <\/div>\r\n    <\/div>\r\n    <div class=\"container\">\r\n      <div lazy class=\"lazy-css\" style=\"background-image: url('https:\/\/eco3ygde435.exactdn.com\/wp-content\/uploads\/sites\/2\/2026\/01\/relaks-pod-woda-deepspot.jpg?strip=all');\"><\/div>\r\n      <div lazy class=\"lazy-css\" style=\"background-image: url('https:\/\/eco3ygde435.exactdn.com\/wp-content\/uploads\/sites\/2\/2026\/01\/najlepszja-atrakcja-nurkowanie-deepspot.jpg?strip=all');\"><\/div>\r\n    <\/div>\r\n\r\n    <div class=\"gallery-popup\" data-state=\"not-loaded\" data-view=\"list\">\r\n            <div class=\"outer-container\">\r\n        <span class=\"gallery-close\">\r\n          schlie\u00dfen          <svg xmlns=\"http:\/\/www.w3.org\/2000\/svg\" width=\"23\" height=\"23\" viewBox=\"0 0 23 23\"><g><g><g><path fill=\"none\" stroke=\"#9ca0a3\" stroke-linejoin=\"round\" stroke-miterlimit=\"50\" stroke-width=\"\" d=\"M22 1L1 22\"\/><\/g><g><path fill=\"none\" stroke=\"#9ca0a3\" stroke-linejoin=\"round\" stroke-miterlimit=\"50\" stroke-width=\"\" d=\"M22 22L1 1\"\/><\/g><\/g><\/g><\/svg>\r\n        <\/span>\r\n        <span class=\"gallery-close-2\">\r\n          <svg xmlns=\"http:\/\/www.w3.org\/2000\/svg\" width=\"14\" height=\"25\" viewBox=\"0 0 14 25\"><g><g><g><path fill=\"none\" stroke=\"#9ca0a3\" stroke-linecap=\"round\" stroke-linejoin=\"round\" stroke-miterlimit=\"50\" stroke-width=\"\" d=\"M12 2L1.5 12.5\"\/><\/g><g><path fill=\"none\" stroke=\"#9ca0a3\" stroke-linecap=\"round\" stroke-linejoin=\"round\" stroke-miterlimit=\"50\" stroke-width=\"\" d=\"M12 23L1.5 12.5\"\/><\/g><\/g><\/g><\/svg>\r\n          R\u00fcckkehr        <\/span>\r\n        <span class=\"gallery-next only-image-visible\">\r\n          N\u00e4chster          <svg xmlns=\"http:\/\/www.w3.org\/2000\/svg\" width=\"21\" height=\"49\" viewBox=\"0 0 21 49\"><g><g transform=\"rotate(90 10.5 24.5)\"><g><path fill=\"none\" stroke=\"#9ca0a3\" stroke-linecap=\"square\" stroke-miterlimit=\"50\" stroke-width=\"\" d=\"M-12 33v0l22.5-17v0L33 33v0\"\/><\/g><\/g><\/g><\/svg>\r\n        <\/span>\r\n        <span class=\"gallery-prev only-image-visible\">\r\n          <svg xmlns=\"http:\/\/www.w3.org\/2000\/svg\" width=\"21\" height=\"49\" viewBox=\"0 0 21 49\"><g><g transform=\"matrix(0 1 1 0 -14 14)\"><g><path fill=\"none\" stroke=\"#9ca0a3\" stroke-linecap=\"square\" stroke-miterlimit=\"50\" stroke-width=\"\" d=\"M-12 33v0l22.5-17v0L33 33v0\"\/><\/g><\/g><\/g><\/svg>\r\n          Bisherige        <\/span>\r\n        <div class=\"container\">\r\n          <span class=\"gallery-to-list only-image-visible\">\r\n            Fotoliste anzeigen            <svg xmlns=\"http:\/\/www.w3.org\/2000\/svg\" width=\"22\" height=\"22\" viewBox=\"0 0 22 22\"><g><g><g><path fill=\"none\" stroke=\"#9ca0a3\" stroke-linecap=\"round\" stroke-miterlimit=\"50\" stroke-width=\"\" d=\"M1 1v0h7v7H1v0z\"\/><\/g><g><path fill=\"none\" stroke=\"#9ca0a3\" stroke-linecap=\"round\" stroke-miterlimit=\"50\" stroke-width=\"\" d=\"M14 1v0h7v7h-7v0z\"\/><\/g><g><path fill=\"none\" stroke=\"#9ca0a3\" stroke-linecap=\"round\" stroke-miterlimit=\"50\" stroke-width=\"\" d=\"M1 14v0h7v7H1v0z\"\/><\/g><g><path fill=\"none\" stroke=\"#9ca0a3\" stroke-linecap=\"round\" stroke-miterlimit=\"50\" stroke-width=\"\" d=\"M14 14v0h7v7h-7v0z\"\/><\/g><\/g><\/g><\/svg>\r\n          <\/span>\r\n          <span class=\"gallery-counter only-image-visible\"><i class=\"js-current-slide\">12<\/i> \/ <i class=\"js-total-slide\">30<\/i><\/span>\r\n          <ul class=\"gallery-list\">\r\n                            <li data-gallery-id=\"1\">\r\n                  <img decoding=\"async\" lazy src=\"data:image\/gif;base64,R0lGODlhAQABAAD\/ACwAAAAAAQABAAACADs%3D\" data-src=\"https:\/\/eco3ygde435.exactdn.com\/wp-content\/uploads\/sites\/2\/2026\/01\/atrakcja-nurkowanie-deepspot.jpg?strip=all\" alt=\"\" \/>\r\n                <\/li>\r\n                              <li data-gallery-id=\"2\">\r\n                  <img decoding=\"async\" lazy src=\"data:image\/gif;base64,R0lGODlhAQABAAD\/ACwAAAAAAQABAAACADs%3D\" data-src=\"https:\/\/eco3ygde435.exactdn.com\/wp-content\/uploads\/sites\/2\/2026\/01\/relaks-pod-woda-deepspot.jpg?strip=all\" alt=\"\" \/>\r\n                <\/li>\r\n                              <li data-gallery-id=\"3\">\r\n                  <img decoding=\"async\" lazy src=\"data:image\/gif;base64,R0lGODlhAQABAAD\/ACwAAAAAAQABAAACADs%3D\" data-src=\"https:\/\/eco3ygde435.exactdn.com\/wp-content\/uploads\/sites\/2\/2026\/01\/najlepszja-atrakcja-nurkowanie-deepspot.jpg?strip=all\" alt=\"\" \/>\r\n                <\/li>\r\n                              <li data-gallery-id=\"4\">\r\n                  <img decoding=\"async\" lazy src=\"data:image\/gif;base64,R0lGODlhAQABAAD\/ACwAAAAAAQABAAACADs%3D\" data-src=\"https:\/\/eco3ygde435.exactdn.com\/wp-content\/uploads\/sites\/2\/2022\/08\/Deepspot02.jpg?strip=all\" alt=\"\" \/>\r\n                <\/li>\r\n                              <li data-gallery-id=\"5\">\r\n                  <img decoding=\"async\" lazy src=\"data:image\/gif;base64,R0lGODlhAQABAAD\/ACwAAAAAAQABAAACADs%3D\" data-src=\"https:\/\/eco3ygde435.exactdn.com\/wp-content\/uploads\/sites\/2\/2026\/01\/nurkowanie-freediving-deepspot.jpg?strip=all\" alt=\"\" \/>\r\n                <\/li>\r\n                              <li data-gallery-id=\"6\">\r\n                  <img decoding=\"async\" lazy src=\"data:image\/gif;base64,R0lGODlhAQABAAD\/ACwAAAAAAQABAAACADs%3D\" data-src=\"https:\/\/eco3ygde435.exactdn.com\/wp-content\/uploads\/sites\/2\/2022\/08\/Deepspot08.jpg?strip=all\" alt=\"\" \/>\r\n                <\/li>\r\n                              <li data-gallery-id=\"7\">\r\n                  <img decoding=\"async\" lazy src=\"data:image\/gif;base64,R0lGODlhAQABAAD\/ACwAAAAAAQABAAACADs%3D\" data-src=\"https:\/\/eco3ygde435.exactdn.com\/wp-content\/uploads\/sites\/2\/2026\/01\/podwodny-pokoj-nurkownie-deepspot.jpg?strip=all\" alt=\"\" \/>\r\n                <\/li>\r\n                              <li data-gallery-id=\"8\">\r\n                  <img decoding=\"async\" lazy src=\"data:image\/gif;base64,R0lGODlhAQABAAD\/ACwAAAAAAQABAAACADs%3D\" data-src=\"https:\/\/eco3ygde435.exactdn.com\/wp-content\/uploads\/sites\/2\/2026\/01\/najlepsza-atrakcja-deepspot.jpg?strip=all\" alt=\"\" \/>\r\n                <\/li>\r\n                              <li data-gallery-id=\"9\">\r\n                  <img decoding=\"async\" lazy src=\"data:image\/gif;base64,R0lGODlhAQABAAD\/ACwAAAAAAQABAAACADs%3D\" data-src=\"https:\/\/eco3ygde435.exactdn.com\/wp-content\/uploads\/sites\/2\/2022\/08\/20210831-163814-DSC_6148-Editar-2.jpg?strip=all\" alt=\"\" \/>\r\n                <\/li>\r\n                              <li data-gallery-id=\"10\">\r\n                  <img decoding=\"async\" lazy src=\"data:image\/gif;base64,R0lGODlhAQABAAD\/ACwAAAAAAQABAAACADs%3D\" data-src=\"https:\/\/eco3ygde435.exactdn.com\/wp-content\/uploads\/sites\/2\/2026\/01\/atrakcja-nurkowanie-deepspot-scuba.jpg?strip=all\" alt=\"\" \/>\r\n                <\/li>\r\n                              <li data-gallery-id=\"11\">\r\n                  <img decoding=\"async\" lazy src=\"data:image\/gif;base64,R0lGODlhAQABAAD\/ACwAAAAAAQABAAACADs%3D\" data-src=\"https:\/\/eco3ygde435.exactdn.com\/wp-content\/uploads\/sites\/2\/2026\/01\/nurkowanie-relaks-deepspot.jpg?strip=all\" alt=\"\" \/>\r\n                <\/li>\r\n                              <li data-gallery-id=\"12\">\r\n                  <img decoding=\"async\" lazy src=\"data:image\/gif;base64,R0lGODlhAQABAAD\/ACwAAAAAAQABAAACADs%3D\" data-src=\"https:\/\/eco3ygde435.exactdn.com\/wp-content\/uploads\/sites\/2\/2022\/08\/Deepspot11.jpg?strip=all\" alt=\"\" \/>\r\n                <\/li>\r\n                        <\/ul>\r\n        <\/div>\r\n      <\/div>\r\n          <\/div>\r\n\r\n  <\/div>\r\n<\/div><!-- block -->\r\n","protected":false},"excerpt":{"rendered":"","protected":false},"author":1,"featured_media":58969,"parent":4717,"menu_order":1,"comment_status":"closed","ping_status":"closed","template":"template-odkryj.php","meta":{"_acf_changed":false,"footnotes":""},"class_list":["post-4754","page","type-page","status-publish","has-post-thumbnail","hentry"],"acf":[],"yoast_head":"<!-- This site is optimized with the Yoast SEO plugin v27.4 - https:\/\/yoast.com\/product\/yoast-seo-wordpress\/ -->\n<title>Das erste Mal unter Wasser | Deepspot<\/title>\n<meta name=\"description\" content=\"Das erste Mal unter Wasser\" \/>\n<meta name=\"robots\" content=\"index, follow, max-snippet:-1, max-image-preview:large, max-video-preview:-1\" \/>\n<link rel=\"canonical\" href=\"https:\/\/www.deepspot.com\/de\/fuer-wen\/das-erste-mal-unter-wasser\/\" \/>\n<meta property=\"og:locale\" content=\"de_DE\" \/>\n<meta property=\"og:type\" content=\"article\" \/>\n<meta property=\"og:title\" content=\"Das erste Mal unter Wasser | Deepspot\" \/>\n<meta property=\"og:description\" content=\"Das erste Mal unter Wasser\" \/>\n<meta property=\"og:url\" content=\"https:\/\/www.deepspot.com\/de\/fuer-wen\/das-erste-mal-unter-wasser\/\" \/>\n<meta property=\"og:site_name\" content=\"Deepspot\" \/>\n<meta property=\"article:modified_time\" content=\"2026-03-26T09:24:19+00:00\" \/>\n<meta property=\"og:image\" content=\"https:\/\/eco3ygde435.exactdn.com\/wp-content\/uploads\/sites\/2\/2026\/01\/relaks-pod-woda-deepspot.jpg?strip=all\" \/>\n\t<meta property=\"og:image:width\" content=\"1070\" \/>\n\t<meta property=\"og:image:height\" content=\"646\" \/>\n\t<meta property=\"og:image:type\" content=\"image\/jpeg\" \/>\n<meta name=\"twitter:card\" content=\"summary_large_image\" \/>\n<script type=\"application\/ld+json\" class=\"yoast-schema-graph\">{\"@context\":\"https:\\\/\\\/schema.org\",\"@graph\":[{\"@type\":\"WebPage\",\"@id\":\"https:\\\/\\\/www.deepspot.com\\\/de\\\/fuer-wen\\\/das-erste-mal-unter-wasser\\\/\",\"url\":\"https:\\\/\\\/www.deepspot.com\\\/de\\\/fuer-wen\\\/das-erste-mal-unter-wasser\\\/\",\"name\":\"Das erste Mal unter Wasser | Deepspot\",\"isPartOf\":{\"@id\":\"https:\\\/\\\/www.deepspot.com\\\/pl\\\/#website\"},\"primaryImageOfPage\":{\"@id\":\"https:\\\/\\\/www.deepspot.com\\\/de\\\/fuer-wen\\\/das-erste-mal-unter-wasser\\\/#primaryimage\"},\"image\":{\"@id\":\"https:\\\/\\\/www.deepspot.com\\\/de\\\/fuer-wen\\\/das-erste-mal-unter-wasser\\\/#primaryimage\"},\"thumbnailUrl\":\"https:\\\/\\\/eco3ygde435.exactdn.com\\\/wp-content\\\/uploads\\\/sites\\\/2\\\/2026\\\/01\\\/relaks-pod-woda-deepspot.jpg?strip=all\",\"datePublished\":\"2020-07-29T10:04:10+00:00\",\"dateModified\":\"2026-03-26T09:24:19+00:00\",\"description\":\"Das erste Mal unter Wasser\",\"breadcrumb\":{\"@id\":\"https:\\\/\\\/www.deepspot.com\\\/de\\\/fuer-wen\\\/das-erste-mal-unter-wasser\\\/#breadcrumb\"},\"inLanguage\":\"de\",\"potentialAction\":[{\"@type\":\"ReadAction\",\"target\":[\"https:\\\/\\\/www.deepspot.com\\\/de\\\/fuer-wen\\\/das-erste-mal-unter-wasser\\\/\"]}]},{\"@type\":\"ImageObject\",\"inLanguage\":\"de\",\"@id\":\"https:\\\/\\\/www.deepspot.com\\\/de\\\/fuer-wen\\\/das-erste-mal-unter-wasser\\\/#primaryimage\",\"url\":\"https:\\\/\\\/eco3ygde435.exactdn.com\\\/wp-content\\\/uploads\\\/sites\\\/2\\\/2026\\\/01\\\/relaks-pod-woda-deepspot.jpg?strip=all\",\"contentUrl\":\"https:\\\/\\\/eco3ygde435.exactdn.com\\\/wp-content\\\/uploads\\\/sites\\\/2\\\/2026\\\/01\\\/relaks-pod-woda-deepspot.jpg?strip=all\",\"width\":1070,\"height\":646},{\"@type\":\"BreadcrumbList\",\"@id\":\"https:\\\/\\\/www.deepspot.com\\\/de\\\/fuer-wen\\\/das-erste-mal-unter-wasser\\\/#breadcrumb\",\"itemListElement\":[{\"@type\":\"ListItem\",\"position\":1,\"name\":\"Strona g\u0142\u00f3wna\",\"item\":\"https:\\\/\\\/www.deepspot.com\\\/de\\\/\"},{\"@type\":\"ListItem\",\"position\":2,\"name\":\"F\u00fcr wen\",\"item\":\"https:\\\/\\\/www.deepspot.com\\\/de\\\/fuer-wen\\\/\"},{\"@type\":\"ListItem\",\"position\":3,\"name\":\"Das erste Mal unter Wasser\"}]},{\"@type\":\"WebSite\",\"@id\":\"https:\\\/\\\/www.deepspot.com\\\/pl\\\/#website\",\"url\":\"https:\\\/\\\/www.deepspot.com\\\/pl\\\/\",\"name\":\"Deepspot\",\"description\":\"Eine neue Dimension im Tauchen\",\"potentialAction\":[{\"@type\":\"SearchAction\",\"target\":{\"@type\":\"EntryPoint\",\"urlTemplate\":\"https:\\\/\\\/www.deepspot.com\\\/pl\\\/?s={search_term_string}\"},\"query-input\":{\"@type\":\"PropertyValueSpecification\",\"valueRequired\":true,\"valueName\":\"search_term_string\"}}],\"inLanguage\":\"de\"}]}<\/script>\n<!-- \/ Yoast SEO plugin. -->","yoast_head_json":{"title":"Das erste Mal unter Wasser | Deepspot","description":"Das erste Mal unter Wasser","robots":{"index":"index","follow":"follow","max-snippet":"max-snippet:-1","max-image-preview":"max-image-preview:large","max-video-preview":"max-video-preview:-1"},"canonical":"https:\/\/www.deepspot.com\/de\/fuer-wen\/das-erste-mal-unter-wasser\/","og_locale":"de_DE","og_type":"article","og_title":"Das erste Mal unter Wasser | Deepspot","og_description":"Das erste Mal unter Wasser","og_url":"https:\/\/www.deepspot.com\/de\/fuer-wen\/das-erste-mal-unter-wasser\/","og_site_name":"Deepspot","article_modified_time":"2026-03-26T09:24:19+00:00","og_image":[{"width":1070,"height":646,"url":"https:\/\/eco3ygde435.exactdn.com\/wp-content\/uploads\/sites\/2\/2026\/01\/relaks-pod-woda-deepspot.jpg?strip=all","type":"image\/jpeg"}],"twitter_card":"summary_large_image","schema":{"@context":"https:\/\/schema.org","@graph":[{"@type":"WebPage","@id":"https:\/\/www.deepspot.com\/de\/fuer-wen\/das-erste-mal-unter-wasser\/","url":"https:\/\/www.deepspot.com\/de\/fuer-wen\/das-erste-mal-unter-wasser\/","name":"Das erste Mal unter Wasser | Deepspot","isPartOf":{"@id":"https:\/\/www.deepspot.com\/pl\/#website"},"primaryImageOfPage":{"@id":"https:\/\/www.deepspot.com\/de\/fuer-wen\/das-erste-mal-unter-wasser\/#primaryimage"},"image":{"@id":"https:\/\/www.deepspot.com\/de\/fuer-wen\/das-erste-mal-unter-wasser\/#primaryimage"},"thumbnailUrl":"https:\/\/eco3ygde435.exactdn.com\/wp-content\/uploads\/sites\/2\/2026\/01\/relaks-pod-woda-deepspot.jpg?strip=all","datePublished":"2020-07-29T10:04:10+00:00","dateModified":"2026-03-26T09:24:19+00:00","description":"Das erste Mal unter Wasser","breadcrumb":{"@id":"https:\/\/www.deepspot.com\/de\/fuer-wen\/das-erste-mal-unter-wasser\/#breadcrumb"},"inLanguage":"de","potentialAction":[{"@type":"ReadAction","target":["https:\/\/www.deepspot.com\/de\/fuer-wen\/das-erste-mal-unter-wasser\/"]}]},{"@type":"ImageObject","inLanguage":"de","@id":"https:\/\/www.deepspot.com\/de\/fuer-wen\/das-erste-mal-unter-wasser\/#primaryimage","url":"https:\/\/eco3ygde435.exactdn.com\/wp-content\/uploads\/sites\/2\/2026\/01\/relaks-pod-woda-deepspot.jpg?strip=all","contentUrl":"https:\/\/eco3ygde435.exactdn.com\/wp-content\/uploads\/sites\/2\/2026\/01\/relaks-pod-woda-deepspot.jpg?strip=all","width":1070,"height":646},{"@type":"BreadcrumbList","@id":"https:\/\/www.deepspot.com\/de\/fuer-wen\/das-erste-mal-unter-wasser\/#breadcrumb","itemListElement":[{"@type":"ListItem","position":1,"name":"Strona g\u0142\u00f3wna","item":"https:\/\/www.deepspot.com\/de\/"},{"@type":"ListItem","position":2,"name":"F\u00fcr wen","item":"https:\/\/www.deepspot.com\/de\/fuer-wen\/"},{"@type":"ListItem","position":3,"name":"Das erste Mal unter Wasser"}]},{"@type":"WebSite","@id":"https:\/\/www.deepspot.com\/pl\/#website","url":"https:\/\/www.deepspot.com\/pl\/","name":"Deepspot","description":"Eine neue Dimension im Tauchen","potentialAction":[{"@type":"SearchAction","target":{"@type":"EntryPoint","urlTemplate":"https:\/\/www.deepspot.com\/pl\/?s={search_term_string}"},"query-input":{"@type":"PropertyValueSpecification","valueRequired":true,"valueName":"search_term_string"}}],"inLanguage":"de"}]}},"_links":{"self":[{"href":"https:\/\/www.deepspot.com\/de\/wp-json\/wp\/v2\/pages\/4754","targetHints":{"allow":["GET"]}}],"collection":[{"href":"https:\/\/www.deepspot.com\/de\/wp-json\/wp\/v2\/pages"}],"about":[{"href":"https:\/\/www.deepspot.com\/de\/wp-json\/wp\/v2\/types\/page"}],"author":[{"embeddable":true,"href":"https:\/\/www.deepspot.com\/de\/wp-json\/wp\/v2\/users\/1"}],"replies":[{"embeddable":true,"href":"https:\/\/www.deepspot.com\/de\/wp-json\/wp\/v2\/comments?post=4754"}],"version-history":[{"count":34,"href":"https:\/\/www.deepspot.com\/de\/wp-json\/wp\/v2\/pages\/4754\/revisions"}],"predecessor-version":[{"id":59106,"href":"https:\/\/www.deepspot.com\/de\/wp-json\/wp\/v2\/pages\/4754\/revisions\/59106"}],"up":[{"embeddable":true,"href":"https:\/\/www.deepspot.com\/de\/wp-json\/wp\/v2\/pages\/4717"}],"wp:featuredmedia":[{"embeddable":true,"href":"https:\/\/www.deepspot.com\/de\/wp-json\/wp\/v2\/media\/58969"}],"wp:attachment":[{"href":"https:\/\/www.deepspot.com\/de\/wp-json\/wp\/v2\/media?parent=4754"}],"curies":[{"name":"wp","href":"https:\/\/api.w.org\/{rel}","templated":true}]}}