{"id":4796,"date":"2020-09-23T09:57:02","date_gmt":"2020-09-23T07:57:02","guid":{"rendered":"https:\/\/www.deepspot.com\/tauchlehrer-zone\/"},"modified":"2025-08-22T12:17:54","modified_gmt":"2025-08-22T10:17:54","slug":"tauchlehrer-zone","status":"publish","type":"page","link":"https:\/\/www.deepspot.com\/de\/tauchlehrer-zone\/","title":{"rendered":"Bereich f\u00fcr Ausbilder"},"content":{"rendered":"<div id=\"fancy-display-block_aa5486edaae2fba38bb389fcc7b51af1\" class=\"fancy-display-block fancy-repeater-block\">\r\n  <div class=\"row container\">\r\n          <div class=\"fancy-repeater-item\">\r\n        <div class=\"text-container with-subtitle\">\r\n          <h2 class=\"title\">TAUCHEN\/FREIKARTE<\/h2>\r\n          <strong class=\"subtitle\">1 AUSBILDUNGSEINTRAG F\u00dcR AUSBILDER UND AUSZUBILDENDE<\/strong>          <p>F\u00fchren Sie noch heute Ihr Training bei DEEPSPOT durch!  \r\n<br><\/br> \r\nDas SCUBA\/FREE TICKET ist das wichtigste und meistgenutzte Produkt f\u00fcr B2B-Tauchlehrer. Mit diesem Angebot k\u00f6nnen Sie Kurse und Workshops in den warmen, kristallklaren Gew\u00e4ssern unserer Anlage durchf\u00fchren. <\/p>\r\n          <div class=\"buttons\"><a class=\"btn\" href=\"https:\/\/cs.deepspot.com\/offer?steps=deepspot_pro_type-scuba_b2b-reservation_b2b-reservation-owd\" target=\"_self\">RESERVIEREN<\/a><a href=\"https:\/\/www.deepspot.com\/pl\/strefa-instruktora\/wejsciowka-szkoleniowa-w-deepspot\/\" target=\"_self\">FINDEN SIE MEHR<\/a><\/div>        <\/div>\r\n        <div>\r\n          <img decoding=\"async\" lazy src=\"data:image\/gif;base64,R0lGODlhAQABAAD\/ACwAAAAAAQABAAACADs%3D\" data-src=\"https:\/\/eco3ygde435.exactdn.com\/wp-content\/uploads\/sites\/2\/2023\/10\/WEJSCIOWKA-SZKOLENIOWA-1.jpg?strip=all\" alt=\"\">\r\n        <\/div>\r\n      <\/div>\r\n          <div class=\"fancy-repeater-item\">\r\n        <div class=\"text-container with-subtitle\">\r\n          <h2 class=\"title\">TAGESKARTE OWD<\/h2>\r\n          <strong class=\"subtitle\">3 TRAININGSEINTR\u00c4GE PRO TAG F\u00dcR DEN KURSLEITER UND DEN KURSTEILNEHMER*<\/strong>          <p>F\u00fchren Sie Ihre Sch\u00fcler in die Welt des Tauchens unter komfortablen, kontrollierten DEEPSPOT-Bedingungen ein.  \r\n<br><\/br> \r\nDas OWD ONE-DAY TICKET wurde entwickelt, um Tauchbasen und einzelne Tauchlehrer bei der Ausbildung von Tauchern zu unterst\u00fctzen, die ihren ersten Tauchschein machen m\u00f6chten.  \r\n<br><\/br> \r\n*Hinweis: Es gibt 3 Varianten des OWD ONE-DAY TICKET &#8211; siehe Produktblatt f\u00fcr weitere Details. <\/p>\r\n          <div class=\"buttons\"><a class=\"btn\" href=\"https:\/\/cs.deepspot.com\/offer?steps=deepspot_pro_type-scuba_b2b-reservation_b2b-reservation-owd_pro-diving-owd-offer-select\" target=\"_self\">RESERVIEREN<\/a><a href=\"https:\/\/www.deepspot.com\/pl\/strefa-instruktora\/dniowka-owd-w-deepspot\/\" target=\"_self\">FINDEN SIE MEHR<\/a><\/div>        <\/div>\r\n        <div>\r\n          <img decoding=\"async\" lazy src=\"data:image\/gif;base64,R0lGODlhAQABAAD\/ACwAAAAAAQABAAACADs%3D\" data-src=\"https:\/\/eco3ygde435.exactdn.com\/wp-content\/uploads\/sites\/2\/2023\/10\/DNIOWKA-OWD-1.jpg?strip=all\" alt=\"\">\r\n        <\/div>\r\n      <\/div>\r\n          <div class=\"fancy-repeater-item\">\r\n        <div class=\"text-container with-subtitle\">\r\n          <h2 class=\"title\">EINZELTAGESKARTE<\/h2>\r\n          <strong class=\"subtitle\">3 TRAININGSEINTR\u00c4GE PRO TAG F\u00dcR DEN KURSLEITER UND DEN KURSTEILNEHMER*<\/strong>          <p>F\u00fchren Sie eine Reihe von Tauchkursen unter hervorragenden DEEPSPOT-Bedingungen durch.  \r\n<br><br> \r\nDas ONE-DAY COURSE TICKET wurde entwickelt, um Tauchbasen und einzelne Tauchlehrer bei der Ausbildung von Ausr\u00fcstungstauchern auf allen von Organisationen anerkannten Ausbildungsstufen zu unterst\u00fctzen und mit einer Zertifizierung abzuschlie\u00dfen.  \r\n<br><\/br> \r\n*Hinweis: Es gibt 3 Varianten des SINGLE-DAY CURSE TICKET &#8211; siehe Produktblatt f\u00fcr weitere Details. <\/p>\r\n          <div class=\"buttons\"><a class=\"btn\" href=\"https:\/\/cs.deepspot.com\/offer?steps=deepspot_pro_type-scuba_b2b-reservation_one-day-training\" target=\"_self\">RESERVIEREN<\/a><a href=\"https:\/\/www.deepspot.com\/pl\/strefa-instruktora\/dniowka-kursowa-w-deepspot\/\" target=\"_self\">FINDEN SIE MEHR<\/a><\/div>        <\/div>\r\n        <div>\r\n          <img decoding=\"async\" lazy src=\"data:image\/gif;base64,R0lGODlhAQABAAD\/ACwAAAAAAQABAAACADs%3D\" data-src=\"https:\/\/eco3ygde435.exactdn.com\/wp-content\/uploads\/sites\/2\/2023\/10\/DNIOWKA-KURSOWA-1.jpg?strip=all\" alt=\"\">\r\n        <\/div>\r\n      <\/div>\r\n      <\/div>\r\n<\/div><!-- block -->\r\n\n<h1 class=\"wp-block-heading has-text-align-center has-x-large-font-size\" style=\"font-style:normal;font-weight:700;text-transform:uppercase\"><strong>M\u00f6chten Sie unser Team verst\u00e4rken?  <\/strong><\/h1>\n\n<p><\/p>\n\n<h1 class=\"wp-block-heading has-text-align-center has-x-large-font-size\" style=\"text-transform:uppercase\"><strong>F\u00fcllen Sie das Einstellungsformular aus.<\/strong><\/h1>\n\n<p><\/p>\n\n<div class=\"wp-block-buttons is-content-justification-center is-layout-flex wp-container-core-buttons-is-layout-16018d1d wp-block-buttons-is-layout-flex\">\n<div class=\"wp-block-button\"><a class=\"wp-block-button__link wp-element-button\" href=\"#26656\">F\u00fcllen Sie das Formular aus<\/a><\/div>\n<\/div>\n<div id=\"form-popup-block_a11529c0dd702d00dfe08097a9d07c6c\" class=\"form-popup-block\" data-timeout=\"\">\r\n  <div class=\"row container\">\r\n    <div>\r\n                  <a class=\"close-form-popup\" href=\"#\">schlie\u00dfen <svg xmlns=\"http:\/\/www.w3.org\/2000\/svg\" width=\"23\" height=\"23\" viewBox=\"0 0 23 23\"><g><g><g><path fill=\"none\" stroke=\"#9ca0a3\" stroke-linejoin=\"round\" stroke-miterlimit=\"50\" stroke-width=\"\" d=\"M22 1L1 22\"><\/path><\/g><g><path fill=\"none\" stroke=\"#9ca0a3\" stroke-linejoin=\"round\" stroke-miterlimit=\"50\" stroke-width=\"\" d=\"M22 22L1 1\"><\/path><\/g><\/g><\/g><\/svg><\/a>\r\n    <\/div>\r\n  <\/div>\r\n<\/div><!-- block -->\r\n<div id=\"fancy-display-block_d8fa4ecc3236f60aefcdeb99e1228804\" class=\"fancy-display-block fancy-repeater-block\">\r\n  <div class=\"row container\">\r\n          <div class=\"fancy-repeater-item\">\r\n        <div class=\"text-container\">\r\n          <h2 class=\"title\">FREITAUCHER-PRAKTIKUM IN DEEPSPOT<\/h2>\r\n                    <p>Sind Sie ein Freitaucher und m\u00f6chten mehr tauchen?\r\nSie wollen schnell umfassende Erfahrungen sammeln und sich auf Ihren Ausbilderkurs vorbereiten?\r\nSie fragen sich, ob die Arbeit in der Tauchbranche etwas f\u00fcr Sie ist?<\/p>\r\n          <div class=\"buttons\"><a class=\"btn\" href=\"https:\/\/www.deepspot.com\/pl\/jak-to-robimy\/zespol\/staz-freediverski\/\" target=\"_self\">Erfahren Sie mehr!<\/a><\/div>        <\/div>\r\n        <div>\r\n          <img decoding=\"async\" lazy src=\"data:image\/gif;base64,R0lGODlhAQABAAD\/ACwAAAAAAQABAAACADs%3D\" data-src=\"https:\/\/eco3ygde435.exactdn.com\/wp-content\/uploads\/sites\/2\/2023\/05\/Staz-free-foto-600600-1.jpg?strip=all\" alt=\"\">\r\n        <\/div>\r\n      <\/div>\r\n          <div class=\"fancy-repeater-item\">\r\n        <div class=\"text-container\">\r\n          <h2 class=\"title\">DIVEMASTER-PRAKTIKUM IN DEEPSPOT<\/h2>\r\n                    <p>Sind Sie ein Divemaster und m\u00f6chten mehr tauchen?\r\nSie wollen schnell umfassende Erfahrungen sammeln und sich auf Ihren Ausbilderkurs vorbereiten?\r\nSie fragen sich, ob die Arbeit in der Tauchbranche etwas f\u00fcr Sie ist?<\/p>\r\n          <div class=\"buttons\"><a class=\"btn\" href=\"https:\/\/www.deepspot.com\/pl\/jak-to-robimy\/zespol\/staz-divemasterski\/\" target=\"_self\">Erfahren Sie mehr!<\/a><\/div>        <\/div>\r\n        <div>\r\n          <img decoding=\"async\" lazy src=\"data:image\/gif;base64,R0lGODlhAQABAAD\/ACwAAAAAAQABAAACADs%3D\" data-src=\"https:\/\/eco3ygde435.exactdn.com\/wp-content\/uploads\/sites\/2\/2023\/05\/TryScubaStyczen-sqr.jpg?strip=all\" alt=\"\">\r\n        <\/div>\r\n      <\/div>\r\n      <\/div>\r\n<\/div><!-- block -->\r\n","protected":false},"excerpt":{"rendered":"<p>M\u00f6chten Sie unser Team verst\u00e4rken? F\u00fcllen Sie das Einstellungsformular aus.<\/p>\n","protected":false},"author":1,"featured_media":4547,"parent":0,"menu_order":8,"comment_status":"closed","ping_status":"closed","template":"template-landing2.php","meta":{"_acf_changed":false,"footnotes":""},"class_list":["post-4796","page","type-page","status-publish","has-post-thumbnail","hentry"],"acf":[],"yoast_head":"<!-- This site is optimized with the Yoast SEO plugin v27.3 - https:\/\/yoast.com\/product\/yoast-seo-wordpress\/ -->\n<title>Bereich f\u00fcr Ausbilder | Deepspot<\/title>\n<meta name=\"description\" content=\"Bereich f\u00fcr Ausbilder\" \/>\n<meta name=\"robots\" content=\"index, follow, max-snippet:-1, max-image-preview:large, max-video-preview:-1\" \/>\n<link rel=\"canonical\" href=\"https:\/\/www.deepspot.com\/de\/tauchlehrer-zone\/\" \/>\n<meta property=\"og:locale\" content=\"de_DE\" \/>\n<meta property=\"og:type\" content=\"article\" \/>\n<meta property=\"og:title\" content=\"Bereich f\u00fcr Ausbilder | Deepspot\" \/>\n<meta property=\"og:description\" content=\"Bereich f\u00fcr Ausbilder\" \/>\n<meta property=\"og:url\" content=\"https:\/\/www.deepspot.com\/de\/tauchlehrer-zone\/\" \/>\n<meta property=\"og:site_name\" content=\"Deepspot\" \/>\n<meta property=\"article:modified_time\" content=\"2025-08-22T10:17:54+00:00\" \/>\n<meta property=\"og:image\" content=\"https:\/\/eco3ygde435.exactdn.com\/wp-content\/uploads\/sites\/2\/2020\/09\/bcglpdeep.jpg?strip=all\" \/>\n\t<meta property=\"og:image:width\" content=\"1409\" \/>\n\t<meta property=\"og:image:height\" content=\"922\" \/>\n\t<meta property=\"og:image:type\" content=\"image\/jpeg\" \/>\n<meta name=\"twitter:card\" content=\"summary_large_image\" \/>\n<script type=\"application\/ld+json\" class=\"yoast-schema-graph\">{\"@context\":\"https:\\\/\\\/schema.org\",\"@graph\":[{\"@type\":\"WebPage\",\"@id\":\"https:\\\/\\\/www.deepspot.com\\\/de\\\/tauchlehrer-zone\\\/\",\"url\":\"https:\\\/\\\/www.deepspot.com\\\/de\\\/tauchlehrer-zone\\\/\",\"name\":\"Bereich f\u00fcr Ausbilder | Deepspot\",\"isPartOf\":{\"@id\":\"https:\\\/\\\/www.deepspot.com\\\/pl\\\/#website\"},\"primaryImageOfPage\":{\"@id\":\"https:\\\/\\\/www.deepspot.com\\\/de\\\/tauchlehrer-zone\\\/#primaryimage\"},\"image\":{\"@id\":\"https:\\\/\\\/www.deepspot.com\\\/de\\\/tauchlehrer-zone\\\/#primaryimage\"},\"thumbnailUrl\":\"https:\\\/\\\/eco3ygde435.exactdn.com\\\/wp-content\\\/uploads\\\/sites\\\/2\\\/2020\\\/09\\\/bcglpdeep.jpg?strip=all\",\"datePublished\":\"2020-09-23T07:57:02+00:00\",\"dateModified\":\"2025-08-22T10:17:54+00:00\",\"description\":\"Bereich f\u00fcr Ausbilder\",\"breadcrumb\":{\"@id\":\"https:\\\/\\\/www.deepspot.com\\\/de\\\/tauchlehrer-zone\\\/#breadcrumb\"},\"inLanguage\":\"de\",\"potentialAction\":[{\"@type\":\"ReadAction\",\"target\":[\"https:\\\/\\\/www.deepspot.com\\\/de\\\/tauchlehrer-zone\\\/\"]}]},{\"@type\":\"ImageObject\",\"inLanguage\":\"de\",\"@id\":\"https:\\\/\\\/www.deepspot.com\\\/de\\\/tauchlehrer-zone\\\/#primaryimage\",\"url\":\"https:\\\/\\\/eco3ygde435.exactdn.com\\\/wp-content\\\/uploads\\\/sites\\\/2\\\/2020\\\/09\\\/bcglpdeep.jpg?strip=all\",\"contentUrl\":\"https:\\\/\\\/eco3ygde435.exactdn.com\\\/wp-content\\\/uploads\\\/sites\\\/2\\\/2020\\\/09\\\/bcglpdeep.jpg?strip=all\",\"width\":1409,\"height\":922},{\"@type\":\"BreadcrumbList\",\"@id\":\"https:\\\/\\\/www.deepspot.com\\\/de\\\/tauchlehrer-zone\\\/#breadcrumb\",\"itemListElement\":[{\"@type\":\"ListItem\",\"position\":1,\"name\":\"Strona g\u0142\u00f3wna\",\"item\":\"https:\\\/\\\/www.deepspot.com\\\/de\\\/\"},{\"@type\":\"ListItem\",\"position\":2,\"name\":\"Bereich f\u00fcr Ausbilder\"}]},{\"@type\":\"WebSite\",\"@id\":\"https:\\\/\\\/www.deepspot.com\\\/pl\\\/#website\",\"url\":\"https:\\\/\\\/www.deepspot.com\\\/pl\\\/\",\"name\":\"Deepspot\",\"description\":\"Eine neue Dimension im Tauchen\",\"potentialAction\":[{\"@type\":\"SearchAction\",\"target\":{\"@type\":\"EntryPoint\",\"urlTemplate\":\"https:\\\/\\\/www.deepspot.com\\\/pl\\\/?s={search_term_string}\"},\"query-input\":{\"@type\":\"PropertyValueSpecification\",\"valueRequired\":true,\"valueName\":\"search_term_string\"}}],\"inLanguage\":\"de\"}]}<\/script>\n<!-- \/ Yoast SEO plugin. -->","yoast_head_json":{"title":"Bereich f\u00fcr Ausbilder | Deepspot","description":"Bereich f\u00fcr Ausbilder","robots":{"index":"index","follow":"follow","max-snippet":"max-snippet:-1","max-image-preview":"max-image-preview:large","max-video-preview":"max-video-preview:-1"},"canonical":"https:\/\/www.deepspot.com\/de\/tauchlehrer-zone\/","og_locale":"de_DE","og_type":"article","og_title":"Bereich f\u00fcr Ausbilder | Deepspot","og_description":"Bereich f\u00fcr Ausbilder","og_url":"https:\/\/www.deepspot.com\/de\/tauchlehrer-zone\/","og_site_name":"Deepspot","article_modified_time":"2025-08-22T10:17:54+00:00","og_image":[{"width":1409,"height":922,"url":"https:\/\/eco3ygde435.exactdn.com\/wp-content\/uploads\/sites\/2\/2020\/09\/bcglpdeep.jpg?strip=all","type":"image\/jpeg"}],"twitter_card":"summary_large_image","schema":{"@context":"https:\/\/schema.org","@graph":[{"@type":"WebPage","@id":"https:\/\/www.deepspot.com\/de\/tauchlehrer-zone\/","url":"https:\/\/www.deepspot.com\/de\/tauchlehrer-zone\/","name":"Bereich f\u00fcr Ausbilder | Deepspot","isPartOf":{"@id":"https:\/\/www.deepspot.com\/pl\/#website"},"primaryImageOfPage":{"@id":"https:\/\/www.deepspot.com\/de\/tauchlehrer-zone\/#primaryimage"},"image":{"@id":"https:\/\/www.deepspot.com\/de\/tauchlehrer-zone\/#primaryimage"},"thumbnailUrl":"https:\/\/eco3ygde435.exactdn.com\/wp-content\/uploads\/sites\/2\/2020\/09\/bcglpdeep.jpg?strip=all","datePublished":"2020-09-23T07:57:02+00:00","dateModified":"2025-08-22T10:17:54+00:00","description":"Bereich f\u00fcr Ausbilder","breadcrumb":{"@id":"https:\/\/www.deepspot.com\/de\/tauchlehrer-zone\/#breadcrumb"},"inLanguage":"de","potentialAction":[{"@type":"ReadAction","target":["https:\/\/www.deepspot.com\/de\/tauchlehrer-zone\/"]}]},{"@type":"ImageObject","inLanguage":"de","@id":"https:\/\/www.deepspot.com\/de\/tauchlehrer-zone\/#primaryimage","url":"https:\/\/eco3ygde435.exactdn.com\/wp-content\/uploads\/sites\/2\/2020\/09\/bcglpdeep.jpg?strip=all","contentUrl":"https:\/\/eco3ygde435.exactdn.com\/wp-content\/uploads\/sites\/2\/2020\/09\/bcglpdeep.jpg?strip=all","width":1409,"height":922},{"@type":"BreadcrumbList","@id":"https:\/\/www.deepspot.com\/de\/tauchlehrer-zone\/#breadcrumb","itemListElement":[{"@type":"ListItem","position":1,"name":"Strona g\u0142\u00f3wna","item":"https:\/\/www.deepspot.com\/de\/"},{"@type":"ListItem","position":2,"name":"Bereich f\u00fcr Ausbilder"}]},{"@type":"WebSite","@id":"https:\/\/www.deepspot.com\/pl\/#website","url":"https:\/\/www.deepspot.com\/pl\/","name":"Deepspot","description":"Eine neue Dimension im Tauchen","potentialAction":[{"@type":"SearchAction","target":{"@type":"EntryPoint","urlTemplate":"https:\/\/www.deepspot.com\/pl\/?s={search_term_string}"},"query-input":{"@type":"PropertyValueSpecification","valueRequired":true,"valueName":"search_term_string"}}],"inLanguage":"de"}]}},"_links":{"self":[{"href":"https:\/\/www.deepspot.com\/de\/wp-json\/wp\/v2\/pages\/4796","targetHints":{"allow":["GET"]}}],"collection":[{"href":"https:\/\/www.deepspot.com\/de\/wp-json\/wp\/v2\/pages"}],"about":[{"href":"https:\/\/www.deepspot.com\/de\/wp-json\/wp\/v2\/types\/page"}],"author":[{"embeddable":true,"href":"https:\/\/www.deepspot.com\/de\/wp-json\/wp\/v2\/users\/1"}],"replies":[{"embeddable":true,"href":"https:\/\/www.deepspot.com\/de\/wp-json\/wp\/v2\/comments?post=4796"}],"version-history":[{"count":109,"href":"https:\/\/www.deepspot.com\/de\/wp-json\/wp\/v2\/pages\/4796\/revisions"}],"predecessor-version":[{"id":50473,"href":"https:\/\/www.deepspot.com\/de\/wp-json\/wp\/v2\/pages\/4796\/revisions\/50473"}],"wp:featuredmedia":[{"embeddable":true,"href":"https:\/\/www.deepspot.com\/de\/wp-json\/wp\/v2\/media\/4547"}],"wp:attachment":[{"href":"https:\/\/www.deepspot.com\/de\/wp-json\/wp\/v2\/media?parent=4796"}],"curies":[{"name":"wp","href":"https:\/\/api.w.org\/{rel}","templated":true}]}}