{"id":51278,"date":"2025-05-05T11:55:34","date_gmt":"2025-05-05T09:55:34","guid":{"rendered":"https:\/\/www.deepspot.com\/?page_id=51278"},"modified":"2025-10-15T15:36:19","modified_gmt":"2025-10-15T13:36:19","slug":"dpv-sicherheit-freitaucher","status":"publish","type":"page","link":"https:\/\/www.deepspot.com\/de\/fuer-wen\/geraetetauchen\/dpv-sicherheit-freitaucher\/","title":{"rendered":"Kurs Stress &amp; Rettung"},"content":{"rendered":"<div id=\"hero-block_f5727b3426feeef9067d3ee8265fc1fb\" class=\"hero-block\">\r\n  <div class=\"row outer-container\">\r\n    <div>\r\n      <img decoding=\"async\" lazy src=\"data:image\/gif;base64,R0lGODlhAQABAAD\/ACwAAAAAAQABAAACADs%3D\" data-src=\"https:\/\/eco3ygde435.exactdn.com\/wp-content\/uploads\/sites\/2\/2025\/06\/rerere.jpg?strip=all\" alt=\"\">\r\n          <\/div>\r\n    <div>\r\n      <h2>Seien Sie bereit, beim Tauchen auf sich und andere aufzupassen<\/h2><p>M\u00f6chten Sie sich unter Wasser sicher f\u00fchlen und wissen, wie Sie in Notsituationen reagieren m\u00fcssen?  <br>Der Kurs Stress &amp; Rescue ist ein Training, das F\u00e4higkeiten entwickelt, das Bewusstsein sch\u00e4rft und verantwortungsvolles Tauchen lehrt. Unter Anleitung eines Tauchlehrers lernen Sie, Stress bei sich und anderen zu erkennen, Rettungsszenarien zu \u00fcben und einem Partner in Not effektiv zu helfen. Dies ist ein Kurs f\u00fcr zertifizierte Taucher, die ihre Sicherheit und Bereitschaft in jeder Situation erh\u00f6hen m\u00f6chten.  \r\n<br><br>Buchen Sie noch heute einen Kurs und sichern Sie sich einen Workshop als Geschenk. W\u00e4hlen Sie zwischen einem niedrigeren Luftverbrauch, der Vorbereitung auf einen Tauchausflug oder Wing Diving. <\/p>    <\/div>\r\n  <\/div>\r\n<\/div><!-- block -->\r\n<div id=\"product-details-block_52c2da8f13c544a8e7ddd3a852a6f072\" class=\"product-details-block\">\r\n  <div class=\"row container\">\r\n    <div>\r\n      <h2 class=\"title\">Beschreibung der Attraktionen<\/h2>      <p class=\"desc\">Stress &amp; Rescue Diver ist ein Kurs f\u00fcr Taucher, die als min. Advanced Adventurer, die ihre F\u00e4higkeiten, ihr Selbstvertrauen und ihre Verantwortung unter Wasser verbessern m\u00f6chten. Der Kurs bereitet Sie darauf vor, in Stress- und Notsituationen effektiv zu reagieren und entwickelt Ihre F\u00e4higkeiten zur Teamarbeit.<br>Der Kurs wird im Fr\u00fchjahr und Sommer, in den Monaten Mai bis September, angeboten.  <br><br>\r\nWagen Sie den Sprung, wenn Sie:<br>\ud83e\udee7 Ihre Rettungsf\u00e4higkeiten ausbauen und sich unter Wasser sicherer f\u00fchlen wollen <br>\ud83e\udee7 bewusster und sicherer tauchen wollen<br>\ud83e\udee7 sich in einer sicheren und einzigartigen Umgebung auf die n\u00e4chsten Stufen Ihrer Ausbildung vorbereiten wollen.<br><br>\r\nWas bieten wir an?<br>\ud83e\udee7 Dreit\u00e4gige theoretische und praktische Ausbildung im kontrollierten Deepspot und im Freiwasser (Honoratka)<br>\ud83e\udee7 Theorie zur Pr\u00e4vention, Erkennung und Bew\u00e4ltigung von Tauchstress<br>\ud83e\udee7 Praktische \u00dcbungen zur Unfallbew\u00e4ltigung, Rettung und Evakuierung<br>\ud83e\udee7 Simulationen realer Szenarien im Wasser &#8211; sowohl an der Oberfl\u00e4che als auch unter Wasser<br>\ud83e\udee7 Teamarbeit und Entwicklung von F\u00e4higkeiten zur Krisenkommunikation<br>\ud83e\udee7 Schulungsmaterialien, die auf der Website der SSI-Organisation zur Verf\u00fcgung gestellt werden. Machen Sie sich vor dem Kurs mit ihnen vertraut<br>\ud83e\udee7 Alles, was Sie brauchen, ist inbegriffen. Die gesamte notwendige Ausr\u00fcstung wird von uns bereitgestellt<br>\ud83e\udee7 Intime Gruppen. Wir werden das Tempo immer an Sie anpassen   <br><br>\r\nDie Kurse finden in kleinen Gruppen statt &#8211; maximal vier Personen pro Lehrer &#8211; und geben Ihnen das Vertrauen, jeden Atemzug in Ruhe zu nehmen und die Antwort auf jede Frage zu finden.<br><br>\r\nEs lohnt sich, denn:<br>\ud83e\udee7 Sie trainieren im tiefsten Pool Europas &#8211; bis zu 45 Meter tief<br>\ud83e\udee7 Sie tauchen unter exotischen Bedingungen &#8211; klares Wasser bei 32\u00b0C<br>\ud83e\udee7 Sie verwenden moderne, regelm\u00e4\u00dfig gewartete Ausr\u00fcstung<br>\ud83e\udee7 Sie werden von erfahrenen, internationalen Tauchlehrern unterst\u00fctzt<br>\ud83e\udee7 Es ist der perfekte Ort, um Selbstvertrauen und eine gute Technik aufzubauen.<br><br>\r\nNach Abschluss des Kurses erhalten Sie ein internationales Diver Stress &amp; Rescue-Zertifikat von der SSI-Organisation.<br><br><br>\r\n\r\nWas ist wissenswert?\r\n<\/p>      <ul>            <li>\r\n              <p>Dauer<\/p>\r\n              <strong>3 Tage (ca. 20h, einschlie\u00dflich 6 Poolsitzungen)<\/strong>\r\n            <\/li>\r\n                      <li>\r\n              <p>Mindestalter des Teilnehmers<\/p>\r\n              <strong>12 Jahre<\/strong>\r\n            <\/li>\r\n                      <li>\r\n              <p>Sie werden in Tiefen tauchen<\/p>\r\n              <strong>18m<\/strong>\r\n            <\/li>\r\n                      <li>\r\n              <p>Als Geschenk<\/p>\r\n              <strong>Kurzes Video vom Unterwasser-Fotobooth<\/strong>\r\n            <\/li>\r\n                      <li>\r\n              <p>Wir bieten<\/p>\r\n              <strong>Die gesamte Tauchausr\u00fcstung. Bringen Sie nur Badehose, Handtuch und Flip-Flops mit <\/strong>\r\n            <\/li>\r\n                      <li>\r\n              <p>Vergessen Sie nicht<\/p>\r\n              <strong>Viel Spa\u00df und wir werden Sie mit all der Energie anstecken<\/strong>\r\n            <\/li>\r\n                      <li>\r\n              <p>Preis<\/p>\r\n              <strong>2.599 PLN  <\/strong>\r\n            <\/li>\r\n          <\/ul>      <div class=\"button-list-wrap\"><div class=\"button-list button-type-both\"><div><a class=\"alternate_ybb\" href=\"https:\/\/cs.deepspot.com\/offer?steps=deepspot_diving-courses_wait-for-diving-course-list_52\" target=\"_self\"><img decoding=\"async\" lazy src=\"data:image\/gif;base64,R0lGODlhAQABAAD\/ACwAAAAAAQABAAACADs%3D\" data-src=\"https:\/\/eco3ygde435.exactdn.com\/wp-content\/uploads\/sites\/2\/2020\/08\/calendar-grid-58.png?strip=all\" alt=\"\"><strong>Zarezerwuj<\/strong><\/a><\/div><\/div><\/div>    <\/div>\r\n  <\/div>\r\n<\/div><!-- block -->\r\n<p><strong>GESUNDHEIT<\/strong><br data-rich-text-line-break=\"true\">Tauchen ist ein Freizeitsport, den fast jeder betreiben kann. Wenn dein Gesundheitszustand gut ist, brauchst du h\u00f6chstwahrscheinlich keine Genehmigung von deinem Arzt, aber in bestimmten besonderen F\u00e4llen kann es erforderlich sein. M\u00f6chtest du sichergehen, kannst du dich vorher mit dem medizinischen Standardformular vertraut machen.<br data-rich-text-line-break=\"true\"><a href=\"https:\/\/eco3ygde435.exactdn.com\/wp-content\/uploads\/sites\/2\/2023\/10\/TR-MEDICAL-DIVER_Polish.pdf\" target=\"_blank\" rel=\"noreferrer noopener\">medizinisches Formular<\/a>.<\/p>\n","protected":false},"excerpt":{"rendered":"<p>GESUNDHEITTauchen ist ein Freizeitsport, den fast jeder betreiben kann. Wenn dein Gesundheitszustand gut ist, brauchst du h\u00f6chstwahrscheinlich keine Genehmigung von deinem Arzt, aber in bestimmten besonderen F\u00e4llen kann es erforderlich sein. M\u00f6chtest du sichergehen, kannst du dich vorher mit dem medizinischen Standardformular vertraut machen.medizinisches Formular.<\/p>\n","protected":false},"author":18,"featured_media":53366,"parent":4761,"menu_order":0,"comment_status":"closed","ping_status":"closed","template":"","meta":{"_acf_changed":false,"footnotes":""},"class_list":["post-51278","page","type-page","status-publish","has-post-thumbnail","hentry"],"acf":[],"yoast_head":"<!-- This site is optimized with the Yoast SEO plugin v27.3 - https:\/\/yoast.com\/product\/yoast-seo-wordpress\/ -->\n<title>Kurs Stress &amp; Rettung | Deepspot<\/title>\n<meta name=\"description\" content=\"Kurs Stress &amp; Rettung\" \/>\n<meta name=\"robots\" content=\"index, follow, max-snippet:-1, max-image-preview:large, max-video-preview:-1\" \/>\n<link rel=\"canonical\" href=\"https:\/\/www.deepspot.com\/de\/fuer-wen\/geraetetauchen\/dpv-sicherheit-freitaucher\/\" \/>\n<meta property=\"og:locale\" content=\"de_DE\" \/>\n<meta property=\"og:type\" content=\"article\" \/>\n<meta property=\"og:title\" content=\"Kurs Stress &amp; Rettung | Deepspot\" \/>\n<meta property=\"og:description\" content=\"Kurs Stress &amp; Rettung\" \/>\n<meta property=\"og:url\" content=\"https:\/\/www.deepspot.com\/de\/fuer-wen\/geraetetauchen\/dpv-sicherheit-freitaucher\/\" \/>\n<meta property=\"og:site_name\" content=\"Deepspot\" \/>\n<meta property=\"article:modified_time\" content=\"2025-10-15T13:36:19+00:00\" \/>\n<meta property=\"og:image\" content=\"https:\/\/eco3ygde435.exactdn.com\/wp-content\/uploads\/sites\/2\/2025\/06\/rerere.jpg?strip=all\" \/>\n\t<meta property=\"og:image:width\" content=\"1658\" \/>\n\t<meta property=\"og:image:height\" content=\"1081\" \/>\n\t<meta property=\"og:image:type\" content=\"image\/jpeg\" \/>\n<meta name=\"twitter:card\" content=\"summary_large_image\" \/>\n<script type=\"application\/ld+json\" class=\"yoast-schema-graph\">{\"@context\":\"https:\\\/\\\/schema.org\",\"@graph\":[{\"@type\":\"WebPage\",\"@id\":\"https:\\\/\\\/www.deepspot.com\\\/de\\\/fuer-wen\\\/geraetetauchen\\\/dpv-sicherheit-freitaucher\\\/\",\"url\":\"https:\\\/\\\/www.deepspot.com\\\/de\\\/fuer-wen\\\/geraetetauchen\\\/dpv-sicherheit-freitaucher\\\/\",\"name\":\"Kurs Stress &amp; Rettung | Deepspot\",\"isPartOf\":{\"@id\":\"https:\\\/\\\/www.deepspot.com\\\/pl\\\/#website\"},\"primaryImageOfPage\":{\"@id\":\"https:\\\/\\\/www.deepspot.com\\\/de\\\/fuer-wen\\\/geraetetauchen\\\/dpv-sicherheit-freitaucher\\\/#primaryimage\"},\"image\":{\"@id\":\"https:\\\/\\\/www.deepspot.com\\\/de\\\/fuer-wen\\\/geraetetauchen\\\/dpv-sicherheit-freitaucher\\\/#primaryimage\"},\"thumbnailUrl\":\"https:\\\/\\\/eco3ygde435.exactdn.com\\\/wp-content\\\/uploads\\\/sites\\\/2\\\/2025\\\/06\\\/rerere.jpg?strip=all\",\"datePublished\":\"2025-05-05T09:55:34+00:00\",\"dateModified\":\"2025-10-15T13:36:19+00:00\",\"description\":\"Kurs Stress &amp; Rettung\",\"breadcrumb\":{\"@id\":\"https:\\\/\\\/www.deepspot.com\\\/de\\\/fuer-wen\\\/geraetetauchen\\\/dpv-sicherheit-freitaucher\\\/#breadcrumb\"},\"inLanguage\":\"de\",\"potentialAction\":[{\"@type\":\"ReadAction\",\"target\":[\"https:\\\/\\\/www.deepspot.com\\\/de\\\/fuer-wen\\\/geraetetauchen\\\/dpv-sicherheit-freitaucher\\\/\"]}]},{\"@type\":\"ImageObject\",\"inLanguage\":\"de\",\"@id\":\"https:\\\/\\\/www.deepspot.com\\\/de\\\/fuer-wen\\\/geraetetauchen\\\/dpv-sicherheit-freitaucher\\\/#primaryimage\",\"url\":\"https:\\\/\\\/eco3ygde435.exactdn.com\\\/wp-content\\\/uploads\\\/sites\\\/2\\\/2025\\\/06\\\/rerere.jpg?strip=all\",\"contentUrl\":\"https:\\\/\\\/eco3ygde435.exactdn.com\\\/wp-content\\\/uploads\\\/sites\\\/2\\\/2025\\\/06\\\/rerere.jpg?strip=all\",\"width\":1658,\"height\":1081},{\"@type\":\"BreadcrumbList\",\"@id\":\"https:\\\/\\\/www.deepspot.com\\\/de\\\/fuer-wen\\\/geraetetauchen\\\/dpv-sicherheit-freitaucher\\\/#breadcrumb\",\"itemListElement\":[{\"@type\":\"ListItem\",\"position\":1,\"name\":\"Strona g\u0142\u00f3wna\",\"item\":\"https:\\\/\\\/www.deepspot.com\\\/de\\\/\"},{\"@type\":\"ListItem\",\"position\":2,\"name\":\"F\u00fcr wen\",\"item\":\"https:\\\/\\\/www.deepspot.com\\\/de\\\/fuer-wen\\\/\"},{\"@type\":\"ListItem\",\"position\":3,\"name\":\"Sporttauchen\",\"item\":\"https:\\\/\\\/www.deepspot.com\\\/de\\\/fuer-wen\\\/geraetetauchen\\\/\"},{\"@type\":\"ListItem\",\"position\":4,\"name\":\"Kurs Stress &amp; Rettung\"}]},{\"@type\":\"WebSite\",\"@id\":\"https:\\\/\\\/www.deepspot.com\\\/pl\\\/#website\",\"url\":\"https:\\\/\\\/www.deepspot.com\\\/pl\\\/\",\"name\":\"Deepspot\",\"description\":\"Eine neue Dimension im Tauchen\",\"potentialAction\":[{\"@type\":\"SearchAction\",\"target\":{\"@type\":\"EntryPoint\",\"urlTemplate\":\"https:\\\/\\\/www.deepspot.com\\\/pl\\\/?s={search_term_string}\"},\"query-input\":{\"@type\":\"PropertyValueSpecification\",\"valueRequired\":true,\"valueName\":\"search_term_string\"}}],\"inLanguage\":\"de\"}]}<\/script>\n<!-- \/ Yoast SEO plugin. -->","yoast_head_json":{"title":"Kurs Stress &amp; Rettung | Deepspot","description":"Kurs Stress &amp; Rettung","robots":{"index":"index","follow":"follow","max-snippet":"max-snippet:-1","max-image-preview":"max-image-preview:large","max-video-preview":"max-video-preview:-1"},"canonical":"https:\/\/www.deepspot.com\/de\/fuer-wen\/geraetetauchen\/dpv-sicherheit-freitaucher\/","og_locale":"de_DE","og_type":"article","og_title":"Kurs Stress &amp; Rettung | Deepspot","og_description":"Kurs Stress &amp; Rettung","og_url":"https:\/\/www.deepspot.com\/de\/fuer-wen\/geraetetauchen\/dpv-sicherheit-freitaucher\/","og_site_name":"Deepspot","article_modified_time":"2025-10-15T13:36:19+00:00","og_image":[{"width":1658,"height":1081,"url":"https:\/\/eco3ygde435.exactdn.com\/wp-content\/uploads\/sites\/2\/2025\/06\/rerere.jpg?strip=all","type":"image\/jpeg"}],"twitter_card":"summary_large_image","schema":{"@context":"https:\/\/schema.org","@graph":[{"@type":"WebPage","@id":"https:\/\/www.deepspot.com\/de\/fuer-wen\/geraetetauchen\/dpv-sicherheit-freitaucher\/","url":"https:\/\/www.deepspot.com\/de\/fuer-wen\/geraetetauchen\/dpv-sicherheit-freitaucher\/","name":"Kurs Stress &amp; Rettung | Deepspot","isPartOf":{"@id":"https:\/\/www.deepspot.com\/pl\/#website"},"primaryImageOfPage":{"@id":"https:\/\/www.deepspot.com\/de\/fuer-wen\/geraetetauchen\/dpv-sicherheit-freitaucher\/#primaryimage"},"image":{"@id":"https:\/\/www.deepspot.com\/de\/fuer-wen\/geraetetauchen\/dpv-sicherheit-freitaucher\/#primaryimage"},"thumbnailUrl":"https:\/\/eco3ygde435.exactdn.com\/wp-content\/uploads\/sites\/2\/2025\/06\/rerere.jpg?strip=all","datePublished":"2025-05-05T09:55:34+00:00","dateModified":"2025-10-15T13:36:19+00:00","description":"Kurs Stress &amp; Rettung","breadcrumb":{"@id":"https:\/\/www.deepspot.com\/de\/fuer-wen\/geraetetauchen\/dpv-sicherheit-freitaucher\/#breadcrumb"},"inLanguage":"de","potentialAction":[{"@type":"ReadAction","target":["https:\/\/www.deepspot.com\/de\/fuer-wen\/geraetetauchen\/dpv-sicherheit-freitaucher\/"]}]},{"@type":"ImageObject","inLanguage":"de","@id":"https:\/\/www.deepspot.com\/de\/fuer-wen\/geraetetauchen\/dpv-sicherheit-freitaucher\/#primaryimage","url":"https:\/\/eco3ygde435.exactdn.com\/wp-content\/uploads\/sites\/2\/2025\/06\/rerere.jpg?strip=all","contentUrl":"https:\/\/eco3ygde435.exactdn.com\/wp-content\/uploads\/sites\/2\/2025\/06\/rerere.jpg?strip=all","width":1658,"height":1081},{"@type":"BreadcrumbList","@id":"https:\/\/www.deepspot.com\/de\/fuer-wen\/geraetetauchen\/dpv-sicherheit-freitaucher\/#breadcrumb","itemListElement":[{"@type":"ListItem","position":1,"name":"Strona g\u0142\u00f3wna","item":"https:\/\/www.deepspot.com\/de\/"},{"@type":"ListItem","position":2,"name":"F\u00fcr wen","item":"https:\/\/www.deepspot.com\/de\/fuer-wen\/"},{"@type":"ListItem","position":3,"name":"Sporttauchen","item":"https:\/\/www.deepspot.com\/de\/fuer-wen\/geraetetauchen\/"},{"@type":"ListItem","position":4,"name":"Kurs Stress &amp; Rettung"}]},{"@type":"WebSite","@id":"https:\/\/www.deepspot.com\/pl\/#website","url":"https:\/\/www.deepspot.com\/pl\/","name":"Deepspot","description":"Eine neue Dimension im Tauchen","potentialAction":[{"@type":"SearchAction","target":{"@type":"EntryPoint","urlTemplate":"https:\/\/www.deepspot.com\/pl\/?s={search_term_string}"},"query-input":{"@type":"PropertyValueSpecification","valueRequired":true,"valueName":"search_term_string"}}],"inLanguage":"de"}]}},"_links":{"self":[{"href":"https:\/\/www.deepspot.com\/de\/wp-json\/wp\/v2\/pages\/51278","targetHints":{"allow":["GET"]}}],"collection":[{"href":"https:\/\/www.deepspot.com\/de\/wp-json\/wp\/v2\/pages"}],"about":[{"href":"https:\/\/www.deepspot.com\/de\/wp-json\/wp\/v2\/types\/page"}],"author":[{"embeddable":true,"href":"https:\/\/www.deepspot.com\/de\/wp-json\/wp\/v2\/users\/18"}],"replies":[{"embeddable":true,"href":"https:\/\/www.deepspot.com\/de\/wp-json\/wp\/v2\/comments?post=51278"}],"version-history":[{"count":15,"href":"https:\/\/www.deepspot.com\/de\/wp-json\/wp\/v2\/pages\/51278\/revisions"}],"predecessor-version":[{"id":57499,"href":"https:\/\/www.deepspot.com\/de\/wp-json\/wp\/v2\/pages\/51278\/revisions\/57499"}],"up":[{"embeddable":true,"href":"https:\/\/www.deepspot.com\/de\/wp-json\/wp\/v2\/pages\/4761"}],"wp:featuredmedia":[{"embeddable":true,"href":"https:\/\/www.deepspot.com\/de\/wp-json\/wp\/v2\/media\/53366"}],"wp:attachment":[{"href":"https:\/\/www.deepspot.com\/de\/wp-json\/wp\/v2\/media?parent=51278"}],"curies":[{"name":"wp","href":"https:\/\/api.w.org\/{rel}","templated":true}]}}