{"id":54009,"date":"2025-06-23T12:45:11","date_gmt":"2025-06-23T10:45:11","guid":{"rendered":"https:\/\/www.deepspot.com\/?page_id=54009"},"modified":"2025-10-29T12:11:35","modified_gmt":"2025-10-29T11:11:35","slug":"indoor-diver-kurs","status":"publish","type":"page","link":"https:\/\/www.deepspot.com\/de\/fuer-wen\/geraetetauchen\/indoor-diver-kurs\/","title":{"rendered":"Computer-Tauchkurs"},"content":{"rendered":"\n<p><\/p>\n\n<p><\/p>\n<div id=\"hero-block_0f5b9c58e4de75d19bf35352837b4e1d\" class=\"hero-block\">\r\n  <div class=\"row outer-container\">\r\n    <div>\r\n      <img decoding=\"async\" lazy src=\"data:image\/gif;base64,R0lGODlhAQABAAD\/ACwAAAAAAQABAAACADs%3D\" data-src=\"https:\/\/eco3ygde435.exactdn.com\/wp-content\/uploads\/sites\/2\/2025\/07\/dobr.jpg?strip=all\" alt=\"\">\r\n          <\/div>\r\n    <div>\r\n      <h2>Tauchcomputer &#8211; Ihr bester Partner!<\/h2><p>Haben Sie einen Tauchcomputer, wissen aber immer noch nicht, was er Ihnen eigentlich anzeigt? Es ist an der Zeit, das zu \u00e4ndern! Lernen Sie, seine F\u00e4higkeiten optimal zu nutzen und tauchen Sie sicherer, selbstbewusster und&#8230; mit technischer Leichtigkeit. Dieser Kurs ist keine trockene Theorie &#8211; es ist Ihre erste ernsthafte Partnerschaft mit der Elektronik unter Wasser.   <\/p>    <\/div>\r\n  <\/div>\r\n<\/div><!-- block -->\r\n<div id=\"product-details-block_96ceb36f5b55255a49a5ee1de873b186\" class=\"product-details-block\">\r\n  <div class=\"row container\">\r\n    <div>\r\n      <h2 class=\"title\">Beschreibung der Attraktionen<\/h2>      <p class=\"desc\">M\u00f6chten Sie verstehen, was Ihr Tauchcomputer Ihnen mitteilt?<br>Der <strong>Computer-Tauchkurs<\/strong> ist die perfekte Gelegenheit, um mit dem &#8220;Klicken nach Gef\u00fchl&#8221; aufzuh\u00f6ren und bewusst zu tauchen. Unter der Anleitung eines erfahrenen Tauchlehrers lernen Sie, alle Funktionen Ihres Tauchcomputers zu nutzen &#8211; von der Gaseinstellung bis zur Analyse des Tauchlogs.  Kein Stress, kein R\u00e4tselraten &#8211; nach diesem Kurs wird der Computer zu Ihrem Tauchpartner und nicht nur zu einem bunten Ger\u00e4t an Ihrem Handgelenk.<br><br>\r\nNutzen Sie das Angebot, wenn:<br>\ud83e\udee7 Sie sicherer und selbstbewusster tauchen und Ihre Entscheidungen auf Wissen und Analyse st\u00fctzen m\u00f6chten. Ihre Tauchg\u00e4nge bewusst planen und die Daten des Tauchcomputers verstehen wollen<br>\ud83e\udee7 Sie es leid sind, zu &#8216;raten&#8217;, was Alarme, letzte Meter und Pakete bedeuten<br>\ud83e\udee7 Sie mindestens ein Indoor Diver\/OWD-Zertifikat mit einer abgeschlossenen Enriched Air Nitrox (EAN) 40 Spezialisierung haben und Ihre F\u00e4higkeiten erweitern wollen.  <br><br>\r\n<b>Was wir bieten<\/b><br>\ud83e\udee7 Mehrst\u00fcndiges Training, das Theorie, Tauchg\u00e4nge und die Diskussion praktischer Szenarien mit der Analyse von Einstellungen und Parametern kombiniert<br>\ud83e\udee7 Gemeinsame Analyse der Daten nach dem Tauchgang &#8211; was der Computer gezeigt hat und wie man ihn in Zukunft nutzen kann, Analyse der Einstellungen und Parameter des Tauchgangs<br>\ud83e\udee7 Schulungsmaterialien, die auf der Website der SSI-Organisation bereitgestellt werden. Machen Sie sich mit ihnen vertraut, bevor Sie den Kurs beginnen<br>\ud83e\udee7 Alles, was Sie brauchen, ist im Preis inbegriffen. Die gesamte notwendige Ausr\u00fcstung wird von uns zur Verf\u00fcgung gestellt<br>\ud83e\udee7 Intime Gruppen oder Einzelunterricht. Das Tempo ist immer auf Sie zugeschnitten   <br><br>\r\nDie Kurse finden in kleinen Gruppen statt &#8211; maximal 8 Personen pro Lehrer &#8211; so k\u00f6nnen Sie sicher sein, dass jeder Atemzug ruhig ist und jede Frage beantwortet wird.\r\n<br><br>\r\nEs lohnt sich, denn:<br>\ud83e\udee7 Sie trainieren im tiefsten Pool Europas &#8211; bis zu 45 Meter tief<br>\ud83e\udee7 Sie tauchen unter exotischen Bedingungen &#8211; klares Wasser bei 32\u00b0C<br>\ud83e\udee7 Sie verwenden moderne, regelm\u00e4\u00dfig gewartete Ausr\u00fcstung<br>\ud83e\udee7 Sie werden von erfahrenen, internationalen Tauchlehrern unterst\u00fctzt<br>\ud83e\udee7 Es ist der perfekte Ort, um Selbstvertrauen und eine gute Technik aufzubauen.<br><br>\r\n<strong>Nach Abschluss des Kurses sind Sie als Computer-Taucher<\/strong> in der SSI-Organisation <strong>zertifiziert<\/strong> und haben eine der vier Spezialisierungen erworben, die f\u00fcr den <strong>SSI-Abschluss Advanced Open Water Diver<\/strong> erforderlich sind.\r\n<br><br><br>\r\nWas ist wissenswert?<\/p>      <ul>            <li>\r\n              <p>Dauer  <\/p>\r\n              <strong>1 Tag (ca. 5,5 Std. einschlie\u00dflich einer Poolsitzung)<\/strong>\r\n            <\/li>\r\n                      <li>\r\n              <p>Mindestalter des Teilnehmers<\/p>\r\n              <strong>15 Jahre<\/strong>\r\n            <\/li>\r\n                      <li>\r\n              <p>Sie werden in Tiefen tauchen<\/p>\r\n              <strong>angegeben durch die Zertifizierung, maximal 30M<\/strong>\r\n            <\/li>\r\n                      <li>\r\n              <p>Als Geschenk<\/p>\r\n              <strong>angegeben durch die Zertifizierung, maximal 30M<\/strong>\r\n            <\/li>\r\n                      <li>\r\n              <p>Wir bieten<\/p>\r\n              <strong>Die gesamte Tauchausr\u00fcstung. Bringen Sie nur Badehose, Handtuch und Flip-Flops mit <\/strong>\r\n            <\/li>\r\n                      <li>\r\n              <p>Vergessen Sie nicht<\/p>\r\n              <strong>Viel Spa\u00df und wir werden Sie mit all der Energie anstecken<\/strong>\r\n            <\/li>\r\n                      <li>\r\n              <p>Preis:<\/p>\r\n              <strong>699 PLN<\/strong>\r\n            <\/li>\r\n          <\/ul>      <div class=\"button-list-wrap\"><div class=\"button-list button-type-both\"><div><a class=\"alternate_ybb\" href=\"https:\/\/cs.deepspot.com\/offer?steps=deepspot_diving-courses_wait-for-diving-course-list_54\" target=\"_self\"><img decoding=\"async\" lazy src=\"data:image\/gif;base64,R0lGODlhAQABAAD\/ACwAAAAAAQABAAACADs%3D\" data-src=\"https:\/\/eco3ygde435.exactdn.com\/wp-content\/uploads\/sites\/2\/2020\/08\/calendar-grid-58.png?strip=all\" alt=\"\"><strong>Zarezerwuj<\/strong><\/a><\/div><div><a class=\"alternate_ybb\" href=\"https:\/\/sklep.deepspot.com\/vouchery\/kurs-computer-diving\" target=\"_self\"><img decoding=\"async\" lazy src=\"data:image\/gif;base64,R0lGODlhAQABAAD\/ACwAAAAAAQABAAACADs%3D\" data-src=\"https:\/\/eco3ygde435.exactdn.com\/wp-content\/uploads\/sites\/2\/2020\/08\/paper-diploma.png?strip=all\" alt=\"\"><strong>Zam\u00f3w voucher<\/strong><\/a><\/div><\/div><\/div>    <\/div>\r\n  <\/div>\r\n<\/div><!-- block -->\r\n<p><strong>GESUNDHEIT<\/strong><br data-rich-text-line-break=\"true\">Tauchen ist ein Freizeitsport, den fast jeder betreiben kann. Wenn dein Gesundheitszustand gut ist, brauchst du h\u00f6chstwahrscheinlich keine Genehmigung von deinem Arzt, aber in bestimmten besonderen F\u00e4llen kann es erforderlich sein. M\u00f6chtest du sichergehen, kannst du dich vorher mit dem medizinischen Standardformular vertraut machen.<br data-rich-text-line-break=\"true\"><a href=\"https:\/\/eco3ygde435.exactdn.com\/wp-content\/uploads\/sites\/2\/2023\/10\/TR-MEDICAL-DIVER_Polish.pdf\" target=\"_blank\" rel=\"noreferrer noopener\">medizinisches Formular<\/a>.<\/p>\n<div id=\"step-guide-icons-block_9bf24821a186b3889f935d397b113382\" class=\"step-guide-icons-block\">\r\n  <div class=\"row container\">\r\n    <div>\r\n      <div class=\"title\">TAGESPLAN<\/div>      <ul>            <li data-count=\"01\">\r\n              <div class=\"icon-wrap\"><img decoding=\"async\" lazy src=\"data:image\/gif;base64,R0lGODlhAQABAAD\/ACwAAAAAAQABAAACADs%3D\" data-src=\"\" alt=\"\"><\/div>\r\n              <p>Viel Spa\u00df und wir werden Sie mit all der Energie anstecken<br \/>\r\n<\/p>\r\n                          <\/li>\r\n                      <li data-count=\"02\">\r\n              <div class=\"icon-wrap\"><img decoding=\"async\" lazy src=\"data:image\/gif;base64,R0lGODlhAQABAAD\/ACwAAAAAAQABAAACADs%3D\" data-src=\"\" alt=\"\"><\/div>\r\n              <p>Buchen Sie Ihren Termin &#8211; online, schnell und bequem<br \/>\r\n<\/p>\r\n                          <\/li>\r\n                      <li data-count=\"03\">\r\n              <div class=\"icon-wrap\"><img decoding=\"async\" lazy src=\"data:image\/gif;base64,R0lGODlhAQABAAD\/ACwAAAAAAQABAAACADs%3D\" data-src=\"\" alt=\"\"><\/div>\r\n              <p>Geben Sie die Daten der Teilnehmer ein &#8211; \u00fcber Ihr Konto, es dauert nur einen Moment<br \/>\r\n<br \/>\r\n<\/p>\r\n                          <\/li>\r\n                      <li data-count=\"04\">\r\n              <div class=\"icon-wrap\"><img decoding=\"async\" lazy src=\"data:image\/gif;base64,R0lGODlhAQABAAD\/ACwAAAAAAQABAAACADs%3D\" data-src=\"\" alt=\"\"><\/div>\r\n              <p>Kommen Sie 30 Minuten fr\u00fcher &#8211; Sie k\u00f6nnen sich in Ruhe vorbereiten<br \/>\r\n<\/p>\r\n                          <\/li>\r\n                      <li data-count=\"05\">\r\n              <div class=\"icon-wrap\"><img decoding=\"async\" lazy src=\"data:image\/gif;base64,R0lGODlhAQABAAD\/ACwAAAAAAQABAAACADs%3D\" data-src=\"\" alt=\"\"><\/div>\r\n              <p>Tauchen Sie ein &#8211; haben Sie Spa\u00df<br \/>\r\n<br \/>\r\n<\/p>\r\n                          <\/li>\r\n                      <li data-count=\"06\">\r\n              <div class=\"icon-wrap\"><img decoding=\"async\" lazy src=\"data:image\/gif;base64,R0lGODlhAQABAAD\/ACwAAAAAAQABAAACADs%3D\" data-src=\"\" alt=\"\"><\/div>\r\n              <p>Lassen Sie sich anstecken und kommen Sie wieder &#8211; Tauchen macht s\u00fcchtig!<br \/>\r\n<\/p>\r\n                          <\/li>\r\n          <\/ul>    <\/div>\r\n  <\/div>\r\n<\/div><!-- block -->\r\n<div id=\"download-block_fcdf806c2eb49eaf3b4cdb18c1522e3d\" class=\"download-block\">\r\n  <div class=\"row container\">\r\n    <div>\r\n      <h2 class=\"title\">Dokumente<\/h2>      <ul>            <li>\r\n              <a href=\"https:\/\/www.deepspot.com\/wp-content\/uploads\/sites\/2\/2022\/09\/Limityglebokosci_DoPodpisywania_PL.pdf\" download>\r\n                <div>\r\n                  <img decoding=\"async\" lazy src=\"data:image\/gif;base64,R0lGODlhAQABAAD\/ACwAAAAAAQABAAACADs%3D\" data-src=\"https:\/\/www.deepspot.com\/wp-content\/themes\/deepspotflyspotWPML\/images\/dots-download.svg\">\r\n                  <p>REGELN UND EMPFEHLUNGEN ZU TIEFENBEGRENZUNGEN BEIM GER\u00c4TETAUCHEN  <\/p>\r\n                <\/div>\r\n              <\/a>\r\n            <\/li>\r\n                      <li>\r\n              <a href=\"https:\/\/www.deepspot.com\/wp-content\/uploads\/sites\/2\/2023\/08\/FomularzMedyczny2023_PL_do_wgladu.pdf\" download>\r\n                <div>\r\n                  <img decoding=\"async\" lazy src=\"data:image\/gif;base64,R0lGODlhAQABAAD\/ACwAAAAAAQABAAACADs%3D\" data-src=\"https:\/\/www.deepspot.com\/wp-content\/themes\/deepspotflyspotWPML\/images\/dots-download.svg\">\r\n                  <p>Medizinisches Formular<\/p>\r\n                <\/div>\r\n              <\/a>\r\n            <\/li>\r\n          <\/ul>    <\/div>\r\n  <\/div>\r\n<\/div><!-- block -->\r\n","protected":false},"excerpt":{"rendered":"<p>GESUNDHEITTauchen ist ein Freizeitsport, den fast jeder betreiben kann. Wenn dein Gesundheitszustand gut ist, brauchst du h\u00f6chstwahrscheinlich keine Genehmigung von deinem Arzt, aber in bestimmten besonderen F\u00e4llen kann es erforderlich sein. M\u00f6chtest du sichergehen, kannst du dich vorher mit dem medizinischen Standardformular vertraut machen.medizinisches Formular.<\/p>\n","protected":false},"author":18,"featured_media":55024,"parent":4761,"menu_order":3,"comment_status":"closed","ping_status":"closed","template":"","meta":{"_acf_changed":false,"footnotes":""},"class_list":["post-54009","page","type-page","status-publish","has-post-thumbnail","hentry"],"acf":[],"yoast_head":"<!-- This site is optimized with the Yoast SEO plugin v27.3 - https:\/\/yoast.com\/product\/yoast-seo-wordpress\/ -->\n<title>Computer-Tauchkurs | Deepspot<\/title>\n<meta name=\"description\" content=\"Computer-Tauchkurs\" \/>\n<meta name=\"robots\" content=\"index, follow, max-snippet:-1, max-image-preview:large, max-video-preview:-1\" \/>\n<link rel=\"canonical\" href=\"https:\/\/www.deepspot.com\/de\/fuer-wen\/geraetetauchen\/indoor-diver-kurs\/\" \/>\n<meta property=\"og:locale\" content=\"de_DE\" \/>\n<meta property=\"og:type\" content=\"article\" \/>\n<meta property=\"og:title\" content=\"Computer-Tauchkurs | Deepspot\" \/>\n<meta property=\"og:description\" content=\"Computer-Tauchkurs\" \/>\n<meta property=\"og:url\" content=\"https:\/\/www.deepspot.com\/de\/fuer-wen\/geraetetauchen\/indoor-diver-kurs\/\" \/>\n<meta property=\"og:site_name\" content=\"Deepspot\" \/>\n<meta property=\"article:modified_time\" content=\"2025-10-29T11:11:35+00:00\" \/>\n<meta property=\"og:image\" content=\"https:\/\/eco3ygde435.exactdn.com\/wp-content\/uploads\/sites\/2\/2025\/07\/copm.jpg?strip=all\" \/>\n\t<meta property=\"og:image:width\" content=\"1674\" \/>\n\t<meta property=\"og:image:height\" content=\"966\" \/>\n\t<meta property=\"og:image:type\" content=\"image\/jpeg\" \/>\n<meta name=\"twitter:card\" content=\"summary_large_image\" \/>\n<script type=\"application\/ld+json\" class=\"yoast-schema-graph\">{\"@context\":\"https:\\\/\\\/schema.org\",\"@graph\":[{\"@type\":\"WebPage\",\"@id\":\"https:\\\/\\\/www.deepspot.com\\\/de\\\/fuer-wen\\\/geraetetauchen\\\/indoor-diver-kurs\\\/\",\"url\":\"https:\\\/\\\/www.deepspot.com\\\/de\\\/fuer-wen\\\/geraetetauchen\\\/indoor-diver-kurs\\\/\",\"name\":\"Computer-Tauchkurs | Deepspot\",\"isPartOf\":{\"@id\":\"https:\\\/\\\/www.deepspot.com\\\/pl\\\/#website\"},\"primaryImageOfPage\":{\"@id\":\"https:\\\/\\\/www.deepspot.com\\\/de\\\/fuer-wen\\\/geraetetauchen\\\/indoor-diver-kurs\\\/#primaryimage\"},\"image\":{\"@id\":\"https:\\\/\\\/www.deepspot.com\\\/de\\\/fuer-wen\\\/geraetetauchen\\\/indoor-diver-kurs\\\/#primaryimage\"},\"thumbnailUrl\":\"https:\\\/\\\/eco3ygde435.exactdn.com\\\/wp-content\\\/uploads\\\/sites\\\/2\\\/2025\\\/07\\\/copm.jpg?strip=all\",\"datePublished\":\"2025-06-23T10:45:11+00:00\",\"dateModified\":\"2025-10-29T11:11:35+00:00\",\"description\":\"Computer-Tauchkurs\",\"breadcrumb\":{\"@id\":\"https:\\\/\\\/www.deepspot.com\\\/de\\\/fuer-wen\\\/geraetetauchen\\\/indoor-diver-kurs\\\/#breadcrumb\"},\"inLanguage\":\"de\",\"potentialAction\":[{\"@type\":\"ReadAction\",\"target\":[\"https:\\\/\\\/www.deepspot.com\\\/de\\\/fuer-wen\\\/geraetetauchen\\\/indoor-diver-kurs\\\/\"]}]},{\"@type\":\"ImageObject\",\"inLanguage\":\"de\",\"@id\":\"https:\\\/\\\/www.deepspot.com\\\/de\\\/fuer-wen\\\/geraetetauchen\\\/indoor-diver-kurs\\\/#primaryimage\",\"url\":\"https:\\\/\\\/eco3ygde435.exactdn.com\\\/wp-content\\\/uploads\\\/sites\\\/2\\\/2025\\\/07\\\/copm.jpg?strip=all\",\"contentUrl\":\"https:\\\/\\\/eco3ygde435.exactdn.com\\\/wp-content\\\/uploads\\\/sites\\\/2\\\/2025\\\/07\\\/copm.jpg?strip=all\",\"width\":1674,\"height\":966},{\"@type\":\"BreadcrumbList\",\"@id\":\"https:\\\/\\\/www.deepspot.com\\\/de\\\/fuer-wen\\\/geraetetauchen\\\/indoor-diver-kurs\\\/#breadcrumb\",\"itemListElement\":[{\"@type\":\"ListItem\",\"position\":1,\"name\":\"Strona g\u0142\u00f3wna\",\"item\":\"https:\\\/\\\/www.deepspot.com\\\/de\\\/\"},{\"@type\":\"ListItem\",\"position\":2,\"name\":\"F\u00fcr wen\",\"item\":\"https:\\\/\\\/www.deepspot.com\\\/de\\\/fuer-wen\\\/\"},{\"@type\":\"ListItem\",\"position\":3,\"name\":\"Sporttauchen\",\"item\":\"https:\\\/\\\/www.deepspot.com\\\/de\\\/fuer-wen\\\/geraetetauchen\\\/\"},{\"@type\":\"ListItem\",\"position\":4,\"name\":\"Computer-Tauchkurs\"}]},{\"@type\":\"WebSite\",\"@id\":\"https:\\\/\\\/www.deepspot.com\\\/pl\\\/#website\",\"url\":\"https:\\\/\\\/www.deepspot.com\\\/pl\\\/\",\"name\":\"Deepspot\",\"description\":\"Eine neue Dimension im Tauchen\",\"potentialAction\":[{\"@type\":\"SearchAction\",\"target\":{\"@type\":\"EntryPoint\",\"urlTemplate\":\"https:\\\/\\\/www.deepspot.com\\\/pl\\\/?s={search_term_string}\"},\"query-input\":{\"@type\":\"PropertyValueSpecification\",\"valueRequired\":true,\"valueName\":\"search_term_string\"}}],\"inLanguage\":\"de\"}]}<\/script>\n<!-- \/ Yoast SEO plugin. -->","yoast_head_json":{"title":"Computer-Tauchkurs | Deepspot","description":"Computer-Tauchkurs","robots":{"index":"index","follow":"follow","max-snippet":"max-snippet:-1","max-image-preview":"max-image-preview:large","max-video-preview":"max-video-preview:-1"},"canonical":"https:\/\/www.deepspot.com\/de\/fuer-wen\/geraetetauchen\/indoor-diver-kurs\/","og_locale":"de_DE","og_type":"article","og_title":"Computer-Tauchkurs | Deepspot","og_description":"Computer-Tauchkurs","og_url":"https:\/\/www.deepspot.com\/de\/fuer-wen\/geraetetauchen\/indoor-diver-kurs\/","og_site_name":"Deepspot","article_modified_time":"2025-10-29T11:11:35+00:00","og_image":[{"width":1674,"height":966,"url":"https:\/\/eco3ygde435.exactdn.com\/wp-content\/uploads\/sites\/2\/2025\/07\/copm.jpg?strip=all","type":"image\/jpeg"}],"twitter_card":"summary_large_image","schema":{"@context":"https:\/\/schema.org","@graph":[{"@type":"WebPage","@id":"https:\/\/www.deepspot.com\/de\/fuer-wen\/geraetetauchen\/indoor-diver-kurs\/","url":"https:\/\/www.deepspot.com\/de\/fuer-wen\/geraetetauchen\/indoor-diver-kurs\/","name":"Computer-Tauchkurs | Deepspot","isPartOf":{"@id":"https:\/\/www.deepspot.com\/pl\/#website"},"primaryImageOfPage":{"@id":"https:\/\/www.deepspot.com\/de\/fuer-wen\/geraetetauchen\/indoor-diver-kurs\/#primaryimage"},"image":{"@id":"https:\/\/www.deepspot.com\/de\/fuer-wen\/geraetetauchen\/indoor-diver-kurs\/#primaryimage"},"thumbnailUrl":"https:\/\/eco3ygde435.exactdn.com\/wp-content\/uploads\/sites\/2\/2025\/07\/copm.jpg?strip=all","datePublished":"2025-06-23T10:45:11+00:00","dateModified":"2025-10-29T11:11:35+00:00","description":"Computer-Tauchkurs","breadcrumb":{"@id":"https:\/\/www.deepspot.com\/de\/fuer-wen\/geraetetauchen\/indoor-diver-kurs\/#breadcrumb"},"inLanguage":"de","potentialAction":[{"@type":"ReadAction","target":["https:\/\/www.deepspot.com\/de\/fuer-wen\/geraetetauchen\/indoor-diver-kurs\/"]}]},{"@type":"ImageObject","inLanguage":"de","@id":"https:\/\/www.deepspot.com\/de\/fuer-wen\/geraetetauchen\/indoor-diver-kurs\/#primaryimage","url":"https:\/\/eco3ygde435.exactdn.com\/wp-content\/uploads\/sites\/2\/2025\/07\/copm.jpg?strip=all","contentUrl":"https:\/\/eco3ygde435.exactdn.com\/wp-content\/uploads\/sites\/2\/2025\/07\/copm.jpg?strip=all","width":1674,"height":966},{"@type":"BreadcrumbList","@id":"https:\/\/www.deepspot.com\/de\/fuer-wen\/geraetetauchen\/indoor-diver-kurs\/#breadcrumb","itemListElement":[{"@type":"ListItem","position":1,"name":"Strona g\u0142\u00f3wna","item":"https:\/\/www.deepspot.com\/de\/"},{"@type":"ListItem","position":2,"name":"F\u00fcr wen","item":"https:\/\/www.deepspot.com\/de\/fuer-wen\/"},{"@type":"ListItem","position":3,"name":"Sporttauchen","item":"https:\/\/www.deepspot.com\/de\/fuer-wen\/geraetetauchen\/"},{"@type":"ListItem","position":4,"name":"Computer-Tauchkurs"}]},{"@type":"WebSite","@id":"https:\/\/www.deepspot.com\/pl\/#website","url":"https:\/\/www.deepspot.com\/pl\/","name":"Deepspot","description":"Eine neue Dimension im Tauchen","potentialAction":[{"@type":"SearchAction","target":{"@type":"EntryPoint","urlTemplate":"https:\/\/www.deepspot.com\/pl\/?s={search_term_string}"},"query-input":{"@type":"PropertyValueSpecification","valueRequired":true,"valueName":"search_term_string"}}],"inLanguage":"de"}]}},"_links":{"self":[{"href":"https:\/\/www.deepspot.com\/de\/wp-json\/wp\/v2\/pages\/54009","targetHints":{"allow":["GET"]}}],"collection":[{"href":"https:\/\/www.deepspot.com\/de\/wp-json\/wp\/v2\/pages"}],"about":[{"href":"https:\/\/www.deepspot.com\/de\/wp-json\/wp\/v2\/types\/page"}],"author":[{"embeddable":true,"href":"https:\/\/www.deepspot.com\/de\/wp-json\/wp\/v2\/users\/18"}],"replies":[{"embeddable":true,"href":"https:\/\/www.deepspot.com\/de\/wp-json\/wp\/v2\/comments?post=54009"}],"version-history":[{"count":23,"href":"https:\/\/www.deepspot.com\/de\/wp-json\/wp\/v2\/pages\/54009\/revisions"}],"predecessor-version":[{"id":57790,"href":"https:\/\/www.deepspot.com\/de\/wp-json\/wp\/v2\/pages\/54009\/revisions\/57790"}],"up":[{"embeddable":true,"href":"https:\/\/www.deepspot.com\/de\/wp-json\/wp\/v2\/pages\/4761"}],"wp:featuredmedia":[{"embeddable":true,"href":"https:\/\/www.deepspot.com\/de\/wp-json\/wp\/v2\/media\/55024"}],"wp:attachment":[{"href":"https:\/\/www.deepspot.com\/de\/wp-json\/wp\/v2\/media?parent=54009"}],"curies":[{"name":"wp","href":"https:\/\/api.w.org\/{rel}","templated":true}]}}