{"id":55701,"date":"2025-08-25T09:46:32","date_gmt":"2025-08-25T07:46:32","guid":{"rendered":"https:\/\/www.deepspot.com\/?page_id=55701"},"modified":"2026-03-12T14:16:33","modified_gmt":"2026-03-12T13:16:33","slug":"versuchen-sie-meerjungfrau","status":"publish","type":"page","link":"https:\/\/www.deepspot.com\/de\/fuer-wen\/freitauchen\/versuchen-sie-meerjungfrau\/","title":{"rendered":"Kurs Meerjungfrau + Ozeanjungfrau"},"content":{"rendered":"<div id=\"hero-block_9baa293b62fe8be3dd3dfdda0a928561\" class=\"hero-block\">\r\n  <div class=\"row outer-container\">\r\n    <div>\r\n      <img decoding=\"async\" lazy src=\"data:image\/gif;base64,R0lGODlhAQABAAD\/ACwAAAAAAQABAAACADs%3D\" data-src=\"https:\/\/eco3ygde435.exactdn.com\/wp-content\/uploads\/sites\/2\/2025\/09\/SYRSYR.jpg?strip=all\" alt=\"\">\r\n          <\/div>\r\n    <div>\r\n      <h2>Tauchen Sie tiefer in die Magie der Meerjungfrauen ein<\/h2><p>Sp\u00fcren Sie die Leichtigkeit und Freiheit der Bewegung unter Wasser, w\u00e4hrend Sie in einer einzigartigen, sicheren Umgebung Meerjungfrauen-Techniken entdecken. Lernen Sie geschmeidige, beeindruckende Bewegungen, Atemarbeit und K\u00f6rperbeherrschung, so dass Sie sich wie eine echte Meerjungfrau f\u00fchlen werden. Gewinnen Sie Selbstvertrauen, neue Erfahrungen und ein Zertifikat, das Ihnen eine Unterwasserwelt voller Magie er\u00f6ffnet.    <\/p>    <\/div>\r\n  <\/div>\r\n<\/div><!-- block -->\r\n<div id=\"product-details-block_201ba6a457caf5f673dc1a42df85163a\" class=\"product-details-block\">\r\n  <div class=\"row container\">\r\n    <div>\r\n      <h2 class=\"title\">Beschreibung der Attraktionen<\/h2>      <p class=\"desc\">Tauchen Sie ein in eine Welt, in der Bewegung zum Tanz und Wasser zu Ihrem nat\u00fcrlichen Element wird. Lernen Sie, sich mit Anmut und Selbstvertrauen als Meerjungfrau fortzubewegen und entdecken Sie Techniken, die es Ihnen erm\u00f6glichen, die volle Freiheit unter der Wasseroberfl\u00e4che zu sp\u00fcren. Dies ist ein einzigartiges Abenteuer, bei dem Sie zertifiziert werden und die Magie sowohl in offenen als auch in geschlossenen Gew\u00e4ssern erleben.  <br><br>\r\nTauchen Sie in das Angebot ein, vor allem, wenn:<br>\ud83e\udee7 Sie in das echte Abenteuer der Meerjungfrauenwelt eintauchen wollen<br>\ud83e\udee7 Sie von einem Zertifikat tr\u00e4umen, das es Ihnen erlaubt, sich auf der ganzen Welt als Meerjungfrau zu bet\u00e4tigen<br>\ud83e\udee7 Sie das Wasser lieben und sich auf einzigartige Weise ausdr\u00fccken wollen <br>\ud83e\udee7 Sie an den regelm\u00e4\u00dfigen und einzigartigen Meerjungfrauen-Rallyes bei Deepspot teilnehmen wollen.<br><br>\r\nWas wir bieten<br>\ud83e\udee7 Zweit\u00e4giges theoretisches und praktisches Training unter den einzigartigen Bedingungen von Deepspot <br>\ud83e\udee7 Erlernen der sicheren und effektiven Fortbewegung im Eindecker und im Meerjungfrauenschwanz<br>\ud83e\udee7 Erlernen der Kontrolle des Auftriebs und der effektiven Fortbewegung unter wechselnden Bedingungen<br>\ud83e\udee7 \u00dcbungen im Wasser. Schritt f\u00fcr Schritt sicher in die Tiefe gehen<br>\ud83e\udee7 Schulungsmaterialien, die auf der Website der SSI-Organisation bereitgestellt werden. Machen Sie sich mit ihnen vertraut, bevor Sie den Kurs besuchen<br>\ud83e\udee7 Alles, was Sie brauchen, ist im Preis inbegriffen. Die gesamte notwendige Ausr\u00fcstung wird von uns zur Verf\u00fcgung gestellt<br>\ud83e\udee7 Intime Gruppen oder Einzelunterricht. Das Tempo ist immer auf Sie zugeschnitten    <br><br>\r\nDie Kurse finden in kleinen Gruppen statt &#8211; maximal vier Personen pro Lehrer &#8211; und geben Ihnen das Vertrauen, jeden Atemzug in Ruhe zu nehmen und die Antwort auf jede Frage zu finden.<br><br>\r\nEs lohnt sich, denn:<br>\ud83e\udee7 Sie trainieren im tiefsten Pool Europas &#8211; bis zu 45 Meter tief<br>\ud83e\udee7 Sie tauchen unter exotischen Bedingungen &#8211; klares Wasser bei 32\u00b0C<br>\ud83e\udee7 Sie verwenden moderne, regelm\u00e4\u00dfig gewartete Ausr\u00fcstung<br>\ud83e\udee7 Sie werden von erfahrenen, internationalen Tauchlehrern unterst\u00fctzt<br>\ud83e\udee7 Es ist der perfekte Ort, um Selbstvertrauen und eine gute Technik aufzubauen.<br><br>\r\nNach Abschluss des Kurses erhalten Sie ein internationales Mermaid- und Ocean Mermaid-Zertifikat der SSI-Organisation, das Sie berechtigt, selbstst\u00e4ndig in begrenztem und offenem Wasser bis zu 5 m zu tauchen.<br><br><br>\r\nWas ist wissenswert?\r\n<\/p>      <ul>            <li>\r\n              <p>Dauer  <\/p>\r\n              <strong>2 Tage (ca. 16 Std., einschlie\u00dflich 5 Tauchg\u00e4nge)<\/strong>\r\n            <\/li>\r\n                      <li>\r\n              <p>Mindestalter des Teilnehmers<\/p>\r\n              <strong>12 Jahre<\/strong>\r\n            <\/li>\r\n                      <li>\r\n              <p>Sie werden in Tiefen tauchen<\/p>\r\n              <strong>5m<\/strong>\r\n            <\/li>\r\n                      <li>\r\n              <p>Als Geschenk<\/p>\r\n              <strong>Kurzes Filmmaterial aus einem Unterwasser-Fotoautomaten<\/strong>\r\n            <\/li>\r\n                      <li>\r\n              <p>Wir bieten  <\/p>\r\n              <strong>Die gesamte Tauchausr\u00fcstung. Bringen Sie nur Badehose, Handtuch und Flip-Flops mit <\/strong>\r\n            <\/li>\r\n                      <li>\r\n              <p>Vergessen Sie nicht<\/p>\r\n              <strong>Viel Spa\u00df und wir werden Sie mit all der Energie anstecken<\/strong>\r\n            <\/li>\r\n                      <li>\r\n              <p>Preis<\/p>\r\n              <strong>von 2259 PLN auf 2489 PLN<\/strong>\r\n            <\/li>\r\n          <\/ul>      <div class=\"button-list-wrap\"><div class=\"button-list button-type-both\"><div><a class=\"alternate_ybb\" href=\"https:\/\/cs.deepspot.com\/offer?steps=deepspot_diving-courses_wait-for-diving-course-list_56\" target=\"_self\"><img decoding=\"async\" lazy src=\"data:image\/gif;base64,R0lGODlhAQABAAD\/ACwAAAAAAQABAAACADs%3D\" data-src=\"https:\/\/eco3ygde435.exactdn.com\/wp-content\/uploads\/sites\/2\/2020\/08\/calendar-grid-58.png?strip=all\" alt=\"\"><strong>Zarezerwuj<\/strong><\/a><\/div><div><a class=\"alternate_ybb\" href=\"https:\/\/www.deepspot.com\/pl\/frequently-asked-questions\/?tab=6\" target=\"_self\"><img decoding=\"async\" lazy src=\"data:image\/gif;base64,R0lGODlhAQABAAD\/ACwAAAAAAQABAAACADs%3D\" data-src=\"https:\/\/eco3ygde435.exactdn.com\/wp-content\/uploads\/sites\/2\/2020\/08\/presentation.png?strip=all\" alt=\"\"><strong>Najcz\u0119\u015bciej zadawane pytania<\/strong><\/a><\/div><\/div><\/div>    <\/div>\r\n  <\/div>\r\n<\/div><!-- block -->\r\n<p>G<strong>ESUNDHEIT<\/strong> Tauchen ist ein Freizeitsport, den fast jeder betreiben kann. Wenn dein Gesundheitszustand gut ist, brauchst du h\u00f6chstwahrscheinlich keine Genehmigung von deinem Arzt, aber in bestimmten besonderen F\u00e4llen kann es erforderlich sein. M\u00f6chtest du sichergehen, kannst du dich vorher mit dem medizinischen Standardformular vertraut machen.<br \/><a href=\"https:\/\/eco3ygde435.exactdn.com\/wp-content\/uploads\/sites\/2\/2023\/10\/TR-MEDICAL-DIVER_Polish.pdf\" target=\"_blank\" rel=\"noreferrer noopener\">medizinisches Formular<\/a>.<\/p>\n<div id=\"step-guide-icons-block_1e1e9262b42217ce73345ef5ab287152\" class=\"step-guide-icons-block\">\r\n  <div class=\"row container\">\r\n    <div>\r\n      <div class=\"title\">TAGESPLAN<\/div>      <ul>            <li data-count=\"01\">\r\n              <div class=\"icon-wrap\"><img decoding=\"async\" lazy src=\"data:image\/gif;base64,R0lGODlhAQABAAD\/ACwAAAAAAQABAAACADs%3D\" data-src=\"\" alt=\"\"><\/div>\r\n              <p>Sammeln Sie Teilnehmer &#8211; allein, zu zweit oder mit einer Gruppe<br \/>\r\n<br \/>\r\n<\/p>\r\n                          <\/li>\r\n                      <li data-count=\"02\">\r\n              <div class=\"icon-wrap\"><img decoding=\"async\" lazy src=\"data:image\/gif;base64,R0lGODlhAQABAAD\/ACwAAAAAAQABAAACADs%3D\" data-src=\"\" alt=\"\"><\/div>\r\n              <p>Buchen Sie Ihren Termin &#8211; online, schnell und bequem<br \/>\r\n<br \/>\r\n<\/p>\r\n                          <\/li>\r\n                      <li data-count=\"03\">\r\n              <div class=\"icon-wrap\"><img decoding=\"async\" lazy src=\"data:image\/gif;base64,R0lGODlhAQABAAD\/ACwAAAAAAQABAAACADs%3D\" data-src=\"\" alt=\"\"><\/div>\r\n              <p>Geben Sie die Daten der Teilnehmer ein &#8211; \u00fcber Ihr Konto, es dauert nur einen Moment<br \/>\r\n<br \/>\r\n<\/p>\r\n                          <\/li>\r\n                      <li data-count=\"04\">\r\n              <div class=\"icon-wrap\"><img decoding=\"async\" lazy src=\"data:image\/gif;base64,R0lGODlhAQABAAD\/ACwAAAAAAQABAAACADs%3D\" data-src=\"\" alt=\"\"><\/div>\r\n              <p>Kommen Sie 30 Minuten fr\u00fcher &#8211; Sie k\u00f6nnen sich in Ruhe vorbereiten<br \/>\r\n<br \/>\r\n<\/p>\r\n                          <\/li>\r\n                      <li data-count=\"05\">\r\n              <div class=\"icon-wrap\"><img decoding=\"async\" lazy src=\"data:image\/gif;base64,R0lGODlhAQABAAD\/ACwAAAAAAQABAAACADs%3D\" data-src=\"\" alt=\"\"><\/div>\r\n              <p>Tauchen Sie ein &#8211; haben Sie Spa\u00df<br \/>\r\n<br \/>\r\n<\/p>\r\n                          <\/li>\r\n                      <li data-count=\"06\">\r\n              <div class=\"icon-wrap\"><img decoding=\"async\" lazy src=\"data:image\/gif;base64,R0lGODlhAQABAAD\/ACwAAAAAAQABAAACADs%3D\" data-src=\"\" alt=\"\"><\/div>\r\n              <p>Lassen Sie sich anstecken und kommen Sie wieder &#8211; Tauchen macht s\u00fcchtig!<br \/>\r\n<br \/>\r\n<\/p>\r\n                          <\/li>\r\n          <\/ul>    <\/div>\r\n  <\/div>\r\n<\/div><!-- block -->\r\n<div id=\"download-block_d93d2b0ee6c62f9aea4f6e5e1a76d8e4\" class=\"download-block\">\r\n  <div class=\"row container\">\r\n    <div>\r\n      <h2 class=\"title\">Dokumente und Bedingungen<\/h2>      <ul>            <li>\r\n              <a href=\"https:\/\/eco3ygde435.exactdn.com\/wp-content\/uploads\/sites\/2\/2020\/08\/pc-play-media.png?strip=all&w=2560\" download>\r\n                <div>\r\n                  <img decoding=\"async\" lazy src=\"data:image\/gif;base64,R0lGODlhAQABAAD\/ACwAAAAAAQABAAACADs%3D\" data-src=\"https:\/\/www.deepspot.com\/wp-content\/themes\/deepspotflyspotWPML\/images\/dots-download.svg\">\r\n                  <p>Dokumente, die vor dem Kurs ausgef\u00fcllt werden m\u00fcssen<\/p>\r\n                <\/div>\r\n              <\/a>\r\n            <\/li>\r\n                      <li>\r\n              <a href=\"https:\/\/eco3ygde435.exactdn.com\/wp-content\/uploads\/sites\/2\/2020\/08\/60min.png?strip=all&w=2560\" download>\r\n                <div>\r\n                  <img decoding=\"async\" lazy src=\"data:image\/gif;base64,R0lGODlhAQABAAD\/ACwAAAAAAQABAAACADs%3D\" data-src=\"https:\/\/www.deepspot.com\/wp-content\/themes\/deepspotflyspotWPML\/images\/dots-download.svg\">\r\n                  <p>bedingungen der kurs-teilnahmevereinbarung<\/p>\r\n                <\/div>\r\n              <\/a>\r\n            <\/li>\r\n          <\/ul>    <\/div>\r\n  <\/div>\r\n<\/div><!-- block -->\r\n","protected":false},"excerpt":{"rendered":"<p>GESUNDHEIT Tauchen ist ein Freizeitsport, den fast jeder betreiben kann. Wenn dein Gesundheitszustand gut ist, brauchst du h\u00f6chstwahrscheinlich keine Genehmigung von deinem Arzt, aber in bestimmten besonderen F\u00e4llen kann es erforderlich sein. M\u00f6chtest du sichergehen, kannst du dich vorher mit dem medizinischen Standardformular vertraut machen.medizinisches Formular.<\/p>\n","protected":false},"author":18,"featured_media":0,"parent":4769,"menu_order":5555,"comment_status":"closed","ping_status":"closed","template":"","meta":{"_acf_changed":false,"footnotes":""},"class_list":["post-55701","page","type-page","status-publish","hentry"],"acf":[],"_links":{"self":[{"href":"https:\/\/www.deepspot.com\/de\/wp-json\/wp\/v2\/pages\/55701","targetHints":{"allow":["GET"]}}],"collection":[{"href":"https:\/\/www.deepspot.com\/de\/wp-json\/wp\/v2\/pages"}],"about":[{"href":"https:\/\/www.deepspot.com\/de\/wp-json\/wp\/v2\/types\/page"}],"author":[{"embeddable":true,"href":"https:\/\/www.deepspot.com\/de\/wp-json\/wp\/v2\/users\/18"}],"replies":[{"embeddable":true,"href":"https:\/\/www.deepspot.com\/de\/wp-json\/wp\/v2\/comments?post=55701"}],"version-history":[{"count":18,"href":"https:\/\/www.deepspot.com\/de\/wp-json\/wp\/v2\/pages\/55701\/revisions"}],"predecessor-version":[{"id":58014,"href":"https:\/\/www.deepspot.com\/de\/wp-json\/wp\/v2\/pages\/55701\/revisions\/58014"}],"up":[{"embeddable":true,"href":"https:\/\/www.deepspot.com\/de\/wp-json\/wp\/v2\/pages\/4769"}],"wp:attachment":[{"href":"https:\/\/www.deepspot.com\/de\/wp-json\/wp\/v2\/media?parent=55701"}],"curies":[{"name":"wp","href":"https:\/\/api.w.org\/{rel}","templated":true}]}}