{"id":55727,"date":"2025-08-25T09:48:34","date_gmt":"2025-08-25T07:48:34","guid":{"rendered":"https:\/\/www.deepspot.com\/?page_id=55727"},"modified":"2025-10-29T12:24:42","modified_gmt":"2025-10-29T11:24:42","slug":"meerjungfrau-ozean","status":"publish","type":"page","link":"https:\/\/www.deepspot.com\/de\/fuer-wen\/freitauchen\/meerjungfrau-ozean\/","title":{"rendered":"MONOFIN-KURS"},"content":{"rendered":"<div id=\"hero-block_dd414d587141f6688e049373e518739c\" class=\"hero-block\">\r\n  <div class=\"row outer-container\">\r\n    <div>\r\n      <img decoding=\"async\" lazy src=\"data:image\/gif;base64,R0lGODlhAQABAAD\/ACwAAAAAAQABAAACADs%3D\" data-src=\"https:\/\/eco3ygde435.exactdn.com\/wp-content\/uploads\/sites\/2\/2025\/10\/popopo.jpg?strip=all\" alt=\"\">\r\n          <\/div>\r\n    <div>\r\n      <h2>MONOFLOSSE &#8211; DIE N\u00c4CHSTE STUFE DES FREITAUCHENS<\/h2><p>Steigen Sie ins Wasser und lernen Sie die Technik, mit der Weltrekorde im Freitauchen aufgestellt werden. Der Eindecker beansprucht Ihren ganzen K\u00f6rper, verleiht Ihnen Fl\u00fcssigkeit und ein v\u00f6llig neues Gef\u00fchl &#8211; anders als bei der klassischen Scherenbewegung. Es ist der n\u00e4chste Schritt in Ihrem Unterwasserabenteuer.   Sp\u00fcren Sie die Kraft der Delfinbewegung und entdecken Sie eine Freiheit, wie Sie sie noch nie zuvor gekannt haben.<\/p>    <\/div>\r\n  <\/div>\r\n<\/div><!-- block -->\r\n<div id=\"product-details-block_b35beff2ee55896860fd9855bc041633\" class=\"product-details-block\">\r\n  <div class=\"row container\">\r\n    <div>\r\n      <h2 class=\"title\">Beschreibung der Attraktionen<\/h2>      <p class=\"desc\">Der MONOFIN-Kurs richtet sich an Personen mit einem Freitauch-Grundschein (mind. Freediver SSI oder gleichwertig), die ihre F\u00e4higkeiten um die Delphinbewegung erweitern m\u00f6chten, eine Technik, die den ganzen K\u00f6rper einbezieht und ein v\u00f6llig neues Gef\u00fchl vermittelt. Es ist eine Bewegungsart, die sich von der klassischen Scherenbewegung unterscheidet, fl\u00fcssiger, dynamischer und effizienter ist.   <br>\r\nMit dem Eindecker werden alle Weltrekorde im Freitauchen aufgestellt, und er wird seit Jahren in den Speed-Disziplinen eingesetzt. Es lohnt sich also, diese Technik zu beherrschen &#8211; ganz gleich, ob Sie sie zum ersten Mal ausprobieren oder sie bereits ganz selbstverst\u00e4ndlich anwenden.   <br><br>\r\nW\u00e4hrend des Kurses lernen Sie die korrekte Ausf\u00fchrung der Bewegung, \u00dcbungen zur Unterst\u00fctzung ihrer Entwicklung und arbeiten an der Beweglichkeit, um die ideale Position im Wasser einzunehmen.  <br><br>\r\nTauchen Sie in das Angebot ein, besonders wenn: <br>\ud83e\udee7 Sie von der Fl\u00fcssigkeit und Kraft der Delphinbewegung tr\u00e4umen<br>\ud83e\udee7 Sie die Technik entdecken m\u00f6chten, mit der Weltrekorde gebrochen werden<br>\ud83e\udee7 Sie eine Herausforderung suchen, die Ihren ganzen K\u00f6rper beansprucht und Ihnen neue Empfindungen vermittelt<br>\ud83e\udee7 Sie etwas lernen m\u00f6chten, das sportliche Leistung mit einem Gef\u00fchl der Leichtigkeit im Wasser verbindet.<br><br>\r\nWas wir anbieten<br>\ud83e\udee7 Einf\u00fchrung mit Theorie, Praxis und individuellem Ansatz<br>\ud83e\udee7 Wasser\u00fcbungen vom Lernen im flachen Wasser bis zum Tauchen in der Tiefe, die durch Ihr Meterzertifikat festgelegt ist<br>\ud83e\udee7 Alles, was Sie brauchen, ist im Preis enthalten. Die gesamte notwendige Ausr\u00fcstung wird von uns gestellt<br>\ud83e\udee7 Intime Gruppen oder Einzelunterricht. Wir werden das Tempo immer an Sie anpassen    <br><br>\r\nDer Unterricht findet in kleinen Gruppen statt &#8211; maximal 4 Personen pro Lehrer &#8211; so dass Sie sicher sein k\u00f6nnen, dass jeder Atemzug ruhig ist und jede Frage beantwortet wird.  <br><br>\r\nEs lohnt sich, denn:<br>\ud83e\udee7 Sie trainieren im tiefsten Pool Europas &#8211; bis zu 45 Meter tief<br>\ud83e\udee7 Sie tauchen unter exotischen Bedingungen &#8211; klares Wasser bei 32\u00b0C<br>\ud83e\udee7 Sie verwenden moderne, regelm\u00e4\u00dfig gewartete Ausr\u00fcstung<br>\ud83e\udee7 Sie werden von erfahrenen, internationalen Tauchlehrern unterst\u00fctzt<br>\ud83e\udee7 Es ist der perfekte Ort, um Selbstvertrauen und eine gute Technik aufzubauen.<br><br>\r\nNach Abschluss des Kurses erhalten Sie ein internationales Monofin-Zertifikat von der SSI-Organisation.\r\n<br><br><br>\r\nWas ist wissenswert?\r\n<\/p>      <ul>            <li>\r\n              <p>Dauer<\/p>\r\n              <strong>2 Tage, (ca. 16h, einschlie\u00dflich 4 Poolsitzungen)<\/strong>\r\n            <\/li>\r\n                      <li>\r\n              <p>Mindestalter des Teilnehmers<\/p>\r\n              <strong>12 Jahre<\/strong>\r\n            <\/li>\r\n                      <li>\r\n              <p>Sie werden in Tiefen tauchen<\/p>\r\n              <strong>bestimmt durch Zertifizierung<\/strong>\r\n            <\/li>\r\n                      <li>\r\n              <p>Als Geschenk<\/p>\r\n              <strong>Kurzes Video vom Unterwasser-Fotobooth<\/strong>\r\n            <\/li>\r\n                      <li>\r\n              <p>Wir bieten<\/p>\r\n              <strong>Die gesamte Tauchausr\u00fcstung. Bringen Sie nur Badehose, Handtuch und Flip-Flops mit <\/strong>\r\n            <\/li>\r\n                      <li>\r\n              <p>Vergessen Sie nicht<\/p>\r\n              <strong>Viel Spa\u00df und wir werden Sie mit all der Energie anstecken<\/strong>\r\n            <\/li>\r\n                      <li>\r\n              <p>Preis<\/p>\r\n              <strong>1 999 PLN<\/strong>\r\n            <\/li>\r\n          <\/ul>      <div class=\"button-list-wrap\"><div class=\"button-list button-type-both\"><div><a class=\"alternate_ybb\" href=\"https:\/\/cs.deepspot.com\/offer?steps=deepspot_diving-courses_wait-for-diving-course-list_57\" target=\"_self\"><img decoding=\"async\" lazy src=\"data:image\/gif;base64,R0lGODlhAQABAAD\/ACwAAAAAAQABAAACADs%3D\" data-src=\"https:\/\/eco3ygde435.exactdn.com\/wp-content\/uploads\/sites\/2\/2020\/08\/calendar-grid-58.png?strip=all\" alt=\"\"><strong>Zarezerwuj<\/strong><\/a><\/div><div><a class=\"alternate_ybb\" href=\"https:\/\/sklep.deepspot.com\/vouchery\/kurs-monofin\" target=\"_self\"><img decoding=\"async\" lazy src=\"data:image\/gif;base64,R0lGODlhAQABAAD\/ACwAAAAAAQABAAACADs%3D\" data-src=\"https:\/\/eco3ygde435.exactdn.com\/wp-content\/uploads\/sites\/2\/2020\/08\/paper-diploma.png?strip=all\" alt=\"\"><strong>Zam\u00f3w voucher<\/strong><\/a><\/div><\/div><\/div>    <\/div>\r\n  <\/div>\r\n<\/div><!-- block -->\r\n<p><strong>GESUNDHEIT<\/strong><br data-rich-text-line-break=\"true\">Tauchen ist ein Freizeitsport, den fast jeder betreiben kann. Wenn dein Gesundheitszustand gut ist, brauchst du h\u00f6chstwahrscheinlich keine Genehmigung von deinem Arzt, aber in bestimmten besonderen F\u00e4llen kann es erforderlich sein. M\u00f6chtest du sichergehen, kannst du dich vorher mit dem medizinischen Standardformular vertraut machen.<br data-rich-text-line-break=\"true\"><a href=\"https:\/\/eco3ygde435.exactdn.com\/wp-content\/uploads\/sites\/2\/2023\/10\/TR-MEDICAL-DIVER_Polish.pdf\" target=\"_blank\" rel=\"noreferrer noopener\">medizinisches Formular<\/a>.<\/p>\n<div id=\"step-guide-icons-block_aa7fd4dc374993c4b23de83ec91c8482\" class=\"step-guide-icons-block\">\r\n  <div class=\"row container\">\r\n    <div>\r\n      <div class=\"title\">Schritt f\u00fcr Schritt<\/div>      <ul>            <li data-count=\"01\">\r\n              <div class=\"icon-wrap\"><img decoding=\"async\" lazy src=\"data:image\/gif;base64,R0lGODlhAQABAAD\/ACwAAAAAAQABAAACADs%3D\" data-src=\"\" alt=\"\"><\/div>\r\n              <p>Sammeln Sie Teilnehmer &#8211; allein, zu zweit oder mit einer Gruppe<br \/>\r\n<br \/>\r\n<\/p>\r\n                          <\/li>\r\n                      <li data-count=\"02\">\r\n              <div class=\"icon-wrap\"><img decoding=\"async\" lazy src=\"data:image\/gif;base64,R0lGODlhAQABAAD\/ACwAAAAAAQABAAACADs%3D\" data-src=\"\" alt=\"\"><\/div>\r\n              <p>Buchen Sie Ihren Termin &#8211; online, schnell und bequem<br \/>\r\n<br \/>\r\n<\/p>\r\n                          <\/li>\r\n                      <li data-count=\"03\">\r\n              <div class=\"icon-wrap\"><img decoding=\"async\" lazy src=\"data:image\/gif;base64,R0lGODlhAQABAAD\/ACwAAAAAAQABAAACADs%3D\" data-src=\"\" alt=\"\"><\/div>\r\n              <p>Geben Sie die Daten der Teilnehmer ein &#8211; \u00fcber Ihr Konto, es dauert nur einen Moment<br \/>\r\n<\/p>\r\n                          <\/li>\r\n                      <li data-count=\"04\">\r\n              <div class=\"icon-wrap\"><img decoding=\"async\" lazy src=\"data:image\/gif;base64,R0lGODlhAQABAAD\/ACwAAAAAAQABAAACADs%3D\" data-src=\"\" alt=\"\"><\/div>\r\n              <p>Kommen Sie 30 Minuten fr\u00fcher &#8211; Sie k\u00f6nnen sich in Ruhe vorbereiten<br \/>\r\n<br \/>\r\n<\/p>\r\n                          <\/li>\r\n                      <li data-count=\"05\">\r\n              <div class=\"icon-wrap\"><img decoding=\"async\" lazy src=\"data:image\/gif;base64,R0lGODlhAQABAAD\/ACwAAAAAAQABAAACADs%3D\" data-src=\"\" alt=\"\"><\/div>\r\n              <p>Tauchen Sie ein &#8211; haben Sie Spa\u00df<br \/>\r\n<br \/>\r\n<\/p>\r\n                          <\/li>\r\n                      <li data-count=\"06\">\r\n              <div class=\"icon-wrap\"><img decoding=\"async\" lazy src=\"data:image\/gif;base64,R0lGODlhAQABAAD\/ACwAAAAAAQABAAACADs%3D\" data-src=\"\" alt=\"\"><\/div>\r\n              <p>Lassen Sie sich anstecken und kommen Sie wieder &#8211; Tauchen macht s\u00fcchtig!<br \/>\r\n<br \/>\r\n<\/p>\r\n                          <\/li>\r\n          <\/ul>    <\/div>\r\n  <\/div>\r\n<\/div><!-- block -->\r\n<div id=\"download-block_7065a301f104df08e492e498ef606f69\" class=\"download-block\">\r\n  <div class=\"row container\">\r\n    <div>\r\n      <h2 class=\"title\">Dokumente und Bedingungen<\/h2>      <ul>            <li>\r\n              <a href=\"https:\/\/eco3ygde435.exactdn.com\/wp-content\/uploads\/sites\/2\/2020\/08\/pc-play-media.png?strip=all&w=2560\" download>\r\n                <div>\r\n                  <img decoding=\"async\" lazy src=\"data:image\/gif;base64,R0lGODlhAQABAAD\/ACwAAAAAAQABAAACADs%3D\" data-src=\"https:\/\/www.deepspot.com\/wp-content\/themes\/deepspotflyspotWPML\/images\/dots-download.svg\">\r\n                  <p>Dokumente, die vor dem Kurs ausgef\u00fcllt werden m\u00fcssen<\/p>\r\n                <\/div>\r\n              <\/a>\r\n            <\/li>\r\n                      <li>\r\n              <a href=\"https:\/\/eco3ygde435.exactdn.com\/wp-content\/uploads\/sites\/2\/2020\/08\/60min.png?strip=all&w=2560\" download>\r\n                <div>\r\n                  <img decoding=\"async\" lazy src=\"data:image\/gif;base64,R0lGODlhAQABAAD\/ACwAAAAAAQABAAACADs%3D\" data-src=\"https:\/\/www.deepspot.com\/wp-content\/themes\/deepspotflyspotWPML\/images\/dots-download.svg\">\r\n                  <p>bedingungen der kurs-teilnahmevereinbarung<\/p>\r\n                <\/div>\r\n              <\/a>\r\n            <\/li>\r\n          <\/ul>    <\/div>\r\n  <\/div>\r\n<\/div><!-- block -->\r\n","protected":false},"excerpt":{"rendered":"<p>GESUNDHEITTauchen ist ein Freizeitsport, den fast jeder betreiben kann. Wenn dein Gesundheitszustand gut ist, brauchst du h\u00f6chstwahrscheinlich keine Genehmigung von deinem Arzt, aber in bestimmten besonderen F\u00e4llen kann es erforderlich sein. M\u00f6chtest du sichergehen, kannst du dich vorher mit dem medizinischen Standardformular vertraut machen.medizinisches Formular.<\/p>\n","protected":false},"author":18,"featured_media":0,"parent":4769,"menu_order":5555,"comment_status":"closed","ping_status":"closed","template":"","meta":{"_acf_changed":false,"footnotes":""},"class_list":["post-55727","page","type-page","status-publish","hentry"],"acf":[],"yoast_head":"<!-- This site is optimized with the Yoast SEO plugin v27.4 - https:\/\/yoast.com\/product\/yoast-seo-wordpress\/ -->\n<title>MONOFIN-KURS | Deepspot<\/title>\n<meta name=\"description\" content=\"MONOFIN-KURS\" \/>\n<meta name=\"robots\" content=\"index, follow, max-snippet:-1, max-image-preview:large, max-video-preview:-1\" \/>\n<link rel=\"canonical\" href=\"https:\/\/www.deepspot.com\/de\/fuer-wen\/freitauchen\/meerjungfrau-ozean\/\" \/>\n<meta property=\"og:locale\" content=\"de_DE\" \/>\n<meta property=\"og:type\" content=\"article\" \/>\n<meta property=\"og:title\" content=\"MONOFIN-KURS | Deepspot\" \/>\n<meta property=\"og:description\" content=\"MONOFIN-KURS\" \/>\n<meta property=\"og:url\" content=\"https:\/\/www.deepspot.com\/de\/fuer-wen\/freitauchen\/meerjungfrau-ozean\/\" \/>\n<meta property=\"og:site_name\" content=\"Deepspot\" \/>\n<meta property=\"article:modified_time\" content=\"2025-10-29T11:24:42+00:00\" \/>\n<meta name=\"twitter:card\" content=\"summary_large_image\" \/>\n<script type=\"application\/ld+json\" class=\"yoast-schema-graph\">{\"@context\":\"https:\\\/\\\/schema.org\",\"@graph\":[{\"@type\":\"WebPage\",\"@id\":\"https:\\\/\\\/www.deepspot.com\\\/de\\\/fuer-wen\\\/freitauchen\\\/meerjungfrau-ozean\\\/\",\"url\":\"https:\\\/\\\/www.deepspot.com\\\/de\\\/fuer-wen\\\/freitauchen\\\/meerjungfrau-ozean\\\/\",\"name\":\"MONOFIN-KURS | Deepspot\",\"isPartOf\":{\"@id\":\"https:\\\/\\\/www.deepspot.com\\\/pl\\\/#website\"},\"datePublished\":\"2025-08-25T07:48:34+00:00\",\"dateModified\":\"2025-10-29T11:24:42+00:00\",\"description\":\"MONOFIN-KURS\",\"breadcrumb\":{\"@id\":\"https:\\\/\\\/www.deepspot.com\\\/de\\\/fuer-wen\\\/freitauchen\\\/meerjungfrau-ozean\\\/#breadcrumb\"},\"inLanguage\":\"de\",\"potentialAction\":[{\"@type\":\"ReadAction\",\"target\":[\"https:\\\/\\\/www.deepspot.com\\\/de\\\/fuer-wen\\\/freitauchen\\\/meerjungfrau-ozean\\\/\"]}]},{\"@type\":\"BreadcrumbList\",\"@id\":\"https:\\\/\\\/www.deepspot.com\\\/de\\\/fuer-wen\\\/freitauchen\\\/meerjungfrau-ozean\\\/#breadcrumb\",\"itemListElement\":[{\"@type\":\"ListItem\",\"position\":1,\"name\":\"Strona g\u0142\u00f3wna\",\"item\":\"https:\\\/\\\/www.deepspot.com\\\/de\\\/\"},{\"@type\":\"ListItem\",\"position\":2,\"name\":\"F\u00fcr wen\",\"item\":\"https:\\\/\\\/www.deepspot.com\\\/de\\\/fuer-wen\\\/\"},{\"@type\":\"ListItem\",\"position\":3,\"name\":\"Freitauchen\",\"item\":\"https:\\\/\\\/www.deepspot.com\\\/de\\\/fuer-wen\\\/freitauchen\\\/\"},{\"@type\":\"ListItem\",\"position\":4,\"name\":\"MONOFIN-KURS\"}]},{\"@type\":\"WebSite\",\"@id\":\"https:\\\/\\\/www.deepspot.com\\\/pl\\\/#website\",\"url\":\"https:\\\/\\\/www.deepspot.com\\\/pl\\\/\",\"name\":\"Deepspot\",\"description\":\"Eine neue Dimension im Tauchen\",\"potentialAction\":[{\"@type\":\"SearchAction\",\"target\":{\"@type\":\"EntryPoint\",\"urlTemplate\":\"https:\\\/\\\/www.deepspot.com\\\/pl\\\/?s={search_term_string}\"},\"query-input\":{\"@type\":\"PropertyValueSpecification\",\"valueRequired\":true,\"valueName\":\"search_term_string\"}}],\"inLanguage\":\"de\"}]}<\/script>\n<!-- \/ Yoast SEO plugin. -->","yoast_head_json":{"title":"MONOFIN-KURS | Deepspot","description":"MONOFIN-KURS","robots":{"index":"index","follow":"follow","max-snippet":"max-snippet:-1","max-image-preview":"max-image-preview:large","max-video-preview":"max-video-preview:-1"},"canonical":"https:\/\/www.deepspot.com\/de\/fuer-wen\/freitauchen\/meerjungfrau-ozean\/","og_locale":"de_DE","og_type":"article","og_title":"MONOFIN-KURS | Deepspot","og_description":"MONOFIN-KURS","og_url":"https:\/\/www.deepspot.com\/de\/fuer-wen\/freitauchen\/meerjungfrau-ozean\/","og_site_name":"Deepspot","article_modified_time":"2025-10-29T11:24:42+00:00","twitter_card":"summary_large_image","schema":{"@context":"https:\/\/schema.org","@graph":[{"@type":"WebPage","@id":"https:\/\/www.deepspot.com\/de\/fuer-wen\/freitauchen\/meerjungfrau-ozean\/","url":"https:\/\/www.deepspot.com\/de\/fuer-wen\/freitauchen\/meerjungfrau-ozean\/","name":"MONOFIN-KURS | Deepspot","isPartOf":{"@id":"https:\/\/www.deepspot.com\/pl\/#website"},"datePublished":"2025-08-25T07:48:34+00:00","dateModified":"2025-10-29T11:24:42+00:00","description":"MONOFIN-KURS","breadcrumb":{"@id":"https:\/\/www.deepspot.com\/de\/fuer-wen\/freitauchen\/meerjungfrau-ozean\/#breadcrumb"},"inLanguage":"de","potentialAction":[{"@type":"ReadAction","target":["https:\/\/www.deepspot.com\/de\/fuer-wen\/freitauchen\/meerjungfrau-ozean\/"]}]},{"@type":"BreadcrumbList","@id":"https:\/\/www.deepspot.com\/de\/fuer-wen\/freitauchen\/meerjungfrau-ozean\/#breadcrumb","itemListElement":[{"@type":"ListItem","position":1,"name":"Strona g\u0142\u00f3wna","item":"https:\/\/www.deepspot.com\/de\/"},{"@type":"ListItem","position":2,"name":"F\u00fcr wen","item":"https:\/\/www.deepspot.com\/de\/fuer-wen\/"},{"@type":"ListItem","position":3,"name":"Freitauchen","item":"https:\/\/www.deepspot.com\/de\/fuer-wen\/freitauchen\/"},{"@type":"ListItem","position":4,"name":"MONOFIN-KURS"}]},{"@type":"WebSite","@id":"https:\/\/www.deepspot.com\/pl\/#website","url":"https:\/\/www.deepspot.com\/pl\/","name":"Deepspot","description":"Eine neue Dimension im Tauchen","potentialAction":[{"@type":"SearchAction","target":{"@type":"EntryPoint","urlTemplate":"https:\/\/www.deepspot.com\/pl\/?s={search_term_string}"},"query-input":{"@type":"PropertyValueSpecification","valueRequired":true,"valueName":"search_term_string"}}],"inLanguage":"de"}]}},"_links":{"self":[{"href":"https:\/\/www.deepspot.com\/de\/wp-json\/wp\/v2\/pages\/55727","targetHints":{"allow":["GET"]}}],"collection":[{"href":"https:\/\/www.deepspot.com\/de\/wp-json\/wp\/v2\/pages"}],"about":[{"href":"https:\/\/www.deepspot.com\/de\/wp-json\/wp\/v2\/types\/page"}],"author":[{"embeddable":true,"href":"https:\/\/www.deepspot.com\/de\/wp-json\/wp\/v2\/users\/18"}],"replies":[{"embeddable":true,"href":"https:\/\/www.deepspot.com\/de\/wp-json\/wp\/v2\/comments?post=55727"}],"version-history":[{"count":23,"href":"https:\/\/www.deepspot.com\/de\/wp-json\/wp\/v2\/pages\/55727\/revisions"}],"predecessor-version":[{"id":57851,"href":"https:\/\/www.deepspot.com\/de\/wp-json\/wp\/v2\/pages\/55727\/revisions\/57851"}],"up":[{"embeddable":true,"href":"https:\/\/www.deepspot.com\/de\/wp-json\/wp\/v2\/pages\/4769"}],"wp:attachment":[{"href":"https:\/\/www.deepspot.com\/de\/wp-json\/wp\/v2\/media?parent=55727"}],"curies":[{"name":"wp","href":"https:\/\/api.w.org\/{rel}","templated":true}]}}