{"id":56319,"date":"2025-09-16T15:53:38","date_gmt":"2025-09-16T13:53:38","guid":{"rendered":"https:\/\/www.deepspot.com\/?page_id=56319"},"modified":"2025-09-16T15:54:28","modified_gmt":"2025-09-16T13:54:28","slug":"meerjungfrau-ozean-2","status":"publish","type":"page","link":"https:\/\/www.deepspot.com\/de\/fuer-wen\/freitauchen\/meerjungfrau-ozean-2\/","title":{"rendered":"Upgrade Meerjungfrau"},"content":{"rendered":"<div id=\"hero-block_2810eae41e9fe4cabaaf62e06e2067dd\" class=\"hero-block\">\r\n  <div class=\"row outer-container\">\r\n    <div>\r\n      <img decoding=\"async\" lazy src=\"data:image\/gif;base64,R0lGODlhAQABAAD\/ACwAAAAAAQABAAACADs%3D\" data-src=\"https:\/\/eco3ygde435.exactdn.com\/wp-content\/uploads\/sites\/2\/2021\/10\/try-mermaid_11-05-Duzy-e1633609484907.jpg?strip=all\" alt=\"\">\r\n          <\/div>\r\n    <div>\r\n      <h2>  Meerjungfrau Ozean<\/h2><p>Sie fragen sich, ob die Welt der Meerjungfrauen etwas f\u00fcr Sie ist? Nehmen Sie an einem &#8220;Try Mermaid&#8221;-Kurs teil und finden Sie es selbst heraus! Unter der Anleitung eines Lehrers lernen Sie die Ausr\u00fcstung f\u00fcr das Schwimmen im Meerjungfrauenschwanz kennen, erlernen die Grundlagen der Atemarbeit und beherrschen die Bewegungen, die f\u00fcr die Fortbewegung erforderlich sind. Die perfekte Option f\u00fcr ein gemeinsames Abenteuer mit einer Freundin oder eine besondere Meerjungfrauen-Geburtstagsparty!   <\/p>    <\/div>\r\n  <\/div>\r\n<\/div><!-- block -->\r\n<div id=\"product-details-block_bb59192248957cbe39b3d185cd7008a2\" class=\"product-details-block\">\r\n  <div class=\"row container\">\r\n    <div>\r\n      <h2 class=\"title\">DETAILS DAZU<\/h2>      <p class=\"desc\">Sie fragen sich, ob die Welt der Meerjungfrauen etwas f\u00fcr Sie ist? Nehmen Sie an einem &#8220;Try Mermaid&#8221;-Kurs teil und finden Sie es selbst heraus! Unter der Anleitung eines Lehrers lernen Sie die Ausr\u00fcstung f\u00fcr das Schwimmen im Meerjungfrauenschwanz kennen, erlernen die Grundlagen der Atemarbeit und beherrschen die Bewegungen, die f\u00fcr die Fortbewegung erforderlich sind. Die perfekte Option f\u00fcr ein gemeinsames Abenteuer mit einer Freundin oder eine besondere Meerjungfrauen-Geburtstagsparty!   <\/p>      <ul>            <li>\r\n              <p>Preis in pln<\/p>\r\n              <strong>PLN 449,00<\/strong>\r\n            <\/li>\r\n                      <li>\r\n              <p>MAXIMALE TIEFE IN METERN<\/p>\r\n              <strong>5<\/strong>\r\n            <\/li>\r\n                      <li>\r\n              <p>Mindestalter &#8211; Jahre:<\/p>\r\n              <strong>8<\/strong>\r\n            <\/li>\r\n                      <li>\r\n              <p>Mitnehmen:<\/p>\r\n              <strong>Badelatschen, Kost\u00fcm, Handtuch, optional: Binsenweste \/ Lycra-T-Shirt<\/strong>\r\n            <\/li>\r\n                      <li>\r\n              <p>Dauer des Unterrichts<\/p>\r\n              <strong>ca. 30min Theorie und ca. 60min Wasseraktivit\u00e4ten<\/strong>\r\n            <\/li>\r\n                      <li>\r\n              <p>H\u00d6CHSTZAHL DER TEILNEHMER PRO EINEN TAUCHLEHRER<\/p>\r\n              <strong>2:1<\/strong>\r\n            <\/li>\r\n          <\/ul>      <div class=\"button-list-wrap\"><div class=\"button-list button-type-both\"><div><a class=\"alternate_ybb\" href=\"https:\/\/cs.deepspot.com\/offer?steps=deepspot_diving-courses_wait-for-diving-course-list_19&#038;language=1\" target=\"_self\"><img decoding=\"async\" lazy src=\"data:image\/gif;base64,R0lGODlhAQABAAD\/ACwAAAAAAQABAAACADs%3D\" data-src=\"https:\/\/eco3ygde435.exactdn.com\/wp-content\/uploads\/sites\/2\/2020\/08\/calendar-grid-58.png?strip=all\" alt=\"\"><strong>Zarezerwuj<\/strong><\/a><\/div><div><a class=\"alternate_ybb\" href=\"https:\/\/www.deepspot.com\/pl\/frequently-asked-questions\/?tab=6\" target=\"_self\"><img decoding=\"async\" lazy src=\"data:image\/gif;base64,R0lGODlhAQABAAD\/ACwAAAAAAQABAAACADs%3D\" data-src=\"https:\/\/eco3ygde435.exactdn.com\/wp-content\/uploads\/sites\/2\/2020\/08\/presentation.png?strip=all\" alt=\"\"><strong>Najcz\u0119\u015bciej zadawane pytania<\/strong><\/a><\/div><\/div><\/div>    <\/div>\r\n  <\/div>\r\n<\/div><!-- block -->\r\n\n<figure class=\"wp-block-embed is-type-video is-provider-youtube wp-block-embed-youtube wp-embed-aspect-16-9 wp-has-aspect-ratio\" style=\"display:flex; justify-content:center; margin:0 auto;\">\n  <div class=\"wp-block-embed__wrapper\" style=\"max-width:100%;\">\n \n<iframe loading=\"lazy\" title=\"Nurkowanie w Deepspot\" width=\"640\" height=\"360\" src=\"https:\/\/www.youtube.com\/embed\/tMjSm4SdeWc?feature=oembed\" frameborder=\"0\" allow=\"accelerometer; autoplay; clipboard-write; encrypted-media; gyroscope; picture-in-picture; web-share\" referrerpolicy=\"strict-origin-when-cross-origin\" allowfullscreen><\/iframe>\n  <\/div>\n<\/figure>\n<div id=\"step-guide-icons-block_88c789943c432106b77722082f95726c\" class=\"step-guide-icons-block\">\r\n  <div class=\"row container\">\r\n    <div>\r\n      <div class=\"title\">TAGESPLAN<\/div>      <ul>            <li data-count=\"01\">\r\n              <div class=\"icon-wrap\"><img decoding=\"async\" lazy src=\"data:image\/gif;base64,R0lGODlhAQABAAD\/ACwAAAAAAQABAAACADs%3D\" data-src=\"https:\/\/eco3ygde435.exactdn.com\/wp-content\/uploads\/sites\/2\/2020\/08\/pc-play-media.png?strip=all\" alt=\"\"><\/div>\r\n              <p>Mache dich mit den Materialien vertraut, die wir dir online zur Verf\u00fcgung stellen. F\u00fcllen Sie die Erkl\u00e4rungen aus, die wir ebenfalls beif\u00fcgen werden. Denken Sie daran, sie mitzunehmen!<\/p>\r\n                          <\/li>\r\n                      <li data-count=\"02\">\r\n              <div class=\"icon-wrap\"><img decoding=\"async\" lazy src=\"data:image\/gif;base64,R0lGODlhAQABAAD\/ACwAAAAAAQABAAACADs%3D\" data-src=\"https:\/\/eco3ygde435.exactdn.com\/wp-content\/uploads\/sites\/2\/2020\/08\/paper-diploma.png?strip=all\" alt=\"\"><\/div>\r\n              <p>F\u00fcllen Sie die Deepspot-Benutzererkl\u00e4rung und das medizinische Formular online aus<\/p>\r\n              <a href=\"https:\/\/cs.deepspot.com\/deepspotwaiver\/DeepspotWaiverFormKiosk?print=true\" target=\"_blank\">zum Formular<\/a>            <\/li>\r\n                      <li data-count=\"03\">\r\n              <div class=\"icon-wrap\"><img decoding=\"async\" lazy src=\"data:image\/gif;base64,R0lGODlhAQABAAD\/ACwAAAAAAQABAAACADs%3D\" data-src=\"https:\/\/eco3ygde435.exactdn.com\/wp-content\/uploads\/sites\/2\/2020\/08\/60min.png?strip=all\" alt=\"\"><\/div>\r\n              <p>Kommen Sie 60 Minuten vor Kursbeginn und melden Sie sich an der Rezeption.  <\/p>\r\n                          <\/li>\r\n                      <li data-count=\"04\">\r\n              <div class=\"icon-wrap\"><img decoding=\"async\" lazy src=\"data:image\/gif;base64,R0lGODlhAQABAAD\/ACwAAAAAAQABAAACADs%3D\" data-src=\"https:\/\/eco3ygde435.exactdn.com\/wp-content\/uploads\/sites\/2\/2020\/08\/shower.png?strip=all\" alt=\"\"><\/div>\r\n              <p>40 Minuten vor dem Betreten des Schwimmbeckens in die Umkleidekabine gehen. Entspannen Sie sich und genie\u00dfen Sie unseren Duschbereich. <br \/>\r\n<\/p>\r\n                          <\/li>\r\n                      <li data-count=\"05\">\r\n              <div class=\"icon-wrap\"><img decoding=\"async\" lazy src=\"data:image\/gif;base64,R0lGODlhAQABAAD\/ACwAAAAAAQABAAACADs%3D\" data-src=\"https:\/\/eco3ygde435.exactdn.com\/wp-content\/uploads\/sites\/2\/2020\/08\/presentation.png?strip=all\" alt=\"\"><\/div>\r\n              <p>Nehmen Sie 20 Minuten vor Betreten des Schwimmbeckens an einer Einweisung teil. W\u00e4hlen Sie die auf der Poolplatte verf\u00fcgbare Ausr\u00fcstung aus. Im Zweifelsfall bitten Sie Ihren Ausbilder um Hilfe. <br \/>\r\n<\/p>\r\n                          <\/li>\r\n                      <li data-count=\"06\">\r\n              <div class=\"icon-wrap\"><img decoding=\"async\" lazy src=\"data:image\/gif;base64,R0lGODlhAQABAAD\/ACwAAAAAAQABAAACADs%3D\" data-src=\"https:\/\/eco3ygde435.exactdn.com\/wp-content\/uploads\/sites\/2\/2020\/08\/pool_exit.png?strip=all\" alt=\"\"><\/div>\r\n              <p>Verlassen Sie sp\u00e4testens 90 Minuten nach Beginn des Tauchgangs das Wasser und geben Sie Ihre Ausr\u00fcstung zur\u00fcck. <\/p>\r\n                          <\/li>\r\n                      <li data-count=\"07\">\r\n              <div class=\"icon-wrap\"><img decoding=\"async\" lazy src=\"data:image\/gif;base64,R0lGODlhAQABAAD\/ACwAAAAAAQABAAACADs%3D\" data-src=\"https:\/\/eco3ygde435.exactdn.com\/wp-content\/uploads\/sites\/2\/2020\/08\/cutlery.png?strip=all\" alt=\"\"><\/div>\r\n              <p>Entspanne dich nach dem Tauchgang in unserem Restaurant!<br \/>\r\n<\/p>\r\n                          <\/li>\r\n          <\/ul>    <\/div>\r\n  <\/div>\r\n<\/div><!-- block -->\r\n<div id=\"download-block_6227c4ba3c689cb682a794f68839403a\" class=\"download-block\">\r\n  <div class=\"row container\">\r\n    <div>\r\n      <h2 class=\"title\">Dokumente und Bedingungen<\/h2>      <ul>            <li>\r\n              <a href=\"https:\/\/eco3ygde435.exactdn.com\/wp-content\/uploads\/sites\/2\/2020\/08\/pc-play-media.png?strip=all&w=2560\" download>\r\n                <div>\r\n                  <img decoding=\"async\" lazy src=\"data:image\/gif;base64,R0lGODlhAQABAAD\/ACwAAAAAAQABAAACADs%3D\" data-src=\"https:\/\/www.deepspot.com\/wp-content\/themes\/deepspotflyspotWPML\/images\/dots-download.svg\">\r\n                  <p>Dokumente, die vor dem Kurs ausgef\u00fcllt werden m\u00fcssen<\/p>\r\n                <\/div>\r\n              <\/a>\r\n            <\/li>\r\n                      <li>\r\n              <a href=\"https:\/\/eco3ygde435.exactdn.com\/wp-content\/uploads\/sites\/2\/2020\/08\/60min.png?strip=all&w=2560\" download>\r\n                <div>\r\n                  <img decoding=\"async\" lazy src=\"data:image\/gif;base64,R0lGODlhAQABAAD\/ACwAAAAAAQABAAACADs%3D\" data-src=\"https:\/\/www.deepspot.com\/wp-content\/themes\/deepspotflyspotWPML\/images\/dots-download.svg\">\r\n                  <p>bedingungen der kurs-teilnahmevereinbarung<\/p>\r\n                <\/div>\r\n              <\/a>\r\n            <\/li>\r\n                      <li>\r\n              <a href=\"\" download>\r\n                <div>\r\n                  <img decoding=\"async\" lazy src=\"data:image\/gif;base64,R0lGODlhAQABAAD\/ACwAAAAAAQABAAACADs%3D\" data-src=\"https:\/\/www.deepspot.com\/wp-content\/themes\/deepspotflyspotWPML\/images\/dots-download.svg\">\r\n                  <p>REGELN UND EMPFEHLUNGEN ZU TIEFENBEGRENZUNGEN BEIM GER\u00c4TETAUCHEN  <\/p>\r\n                <\/div>\r\n              <\/a>\r\n            <\/li>\r\n          <\/ul>    <\/div>\r\n  <\/div>\r\n<\/div><!-- block -->\r\n","protected":false},"excerpt":{"rendered":"","protected":false},"author":18,"featured_media":0,"parent":4769,"menu_order":5555,"comment_status":"closed","ping_status":"closed","template":"","meta":{"_acf_changed":false,"footnotes":""},"class_list":["post-56319","page","type-page","status-publish","hentry"],"acf":[],"_links":{"self":[{"href":"https:\/\/www.deepspot.com\/de\/wp-json\/wp\/v2\/pages\/56319","targetHints":{"allow":["GET"]}}],"collection":[{"href":"https:\/\/www.deepspot.com\/de\/wp-json\/wp\/v2\/pages"}],"about":[{"href":"https:\/\/www.deepspot.com\/de\/wp-json\/wp\/v2\/types\/page"}],"author":[{"embeddable":true,"href":"https:\/\/www.deepspot.com\/de\/wp-json\/wp\/v2\/users\/18"}],"replies":[{"embeddable":true,"href":"https:\/\/www.deepspot.com\/de\/wp-json\/wp\/v2\/comments?post=56319"}],"version-history":[{"count":2,"href":"https:\/\/www.deepspot.com\/de\/wp-json\/wp\/v2\/pages\/56319\/revisions"}],"predecessor-version":[{"id":56349,"href":"https:\/\/www.deepspot.com\/de\/wp-json\/wp\/v2\/pages\/56319\/revisions\/56349"}],"up":[{"embeddable":true,"href":"https:\/\/www.deepspot.com\/de\/wp-json\/wp\/v2\/pages\/4769"}],"wp:attachment":[{"href":"https:\/\/www.deepspot.com\/de\/wp-json\/wp\/v2\/media?parent=56319"}],"curies":[{"name":"wp","href":"https:\/\/api.w.org\/{rel}","templated":true}]}}