{"id":56333,"date":"2025-09-16T15:59:27","date_gmt":"2025-09-16T13:59:27","guid":{"rendered":"https:\/\/www.deepspot.com\/?page_id=56333"},"modified":"2025-09-16T15:59:44","modified_gmt":"2025-09-16T13:59:44","slug":"versuchen-sie-meerjungfrau-2","status":"publish","type":"page","link":"https:\/\/www.deepspot.com\/de\/fuer-wen\/freitauchen\/versuchen-sie-meerjungfrau-2\/","title":{"rendered":"Meerjungfrau"},"content":{"rendered":"<div id=\"hero-block_5f0e206b3cbf922b58504935a9098153\" class=\"hero-block\">\r\n  <div class=\"row outer-container\">\r\n    <div>\r\n      <img decoding=\"async\" lazy src=\"data:image\/gif;base64,R0lGODlhAQABAAD\/ACwAAAAAAQABAAACADs%3D\" data-src=\"https:\/\/eco3ygde435.exactdn.com\/wp-content\/uploads\/sites\/2\/2025\/08\/Obraz1syrsyrenka.jpg?strip=all\" alt=\"\">\r\n          <\/div>\r\n    <div>\r\n      <h2>Erf\u00fcllen Sie sich einen Traum &#8211; werden Sie eine Meerjungfrau<\/h2><p>Betreten Sie das Wasser und f\u00fchlen Sie, wie der Traum, eine Meerjungfrau zu sein, wahr wird. Mit einem farbenfrohen Schwanz, einzigartigen Bedingungen und der Magie des Augenblicks werden Sie eine ganz neue Art entdecken, Spa\u00df zu haben und sich unter Wasser zu bewegen. Try Mermaid ist ein Kurs, bei dem Sie etwas Au\u00dfergew\u00f6hnliches erleben k\u00f6nnen &#8211; denn wer von uns hat nicht schon einmal davon getr\u00e4umt, ein M\u00e4rchenheld zu werden?  <\/p>    <\/div>\r\n  <\/div>\r\n<\/div><!-- block -->\r\n<div id=\"product-details-block_1e8f9366698d7f5f0ee09eed783c2e7f\" class=\"product-details-block\">\r\n  <div class=\"row container\">\r\n    <div>\r\n      <h2 class=\"title\">Beschreibung der Attraktionen<\/h2>      <p class=\"desc\">Tauchen Sie ein und erf\u00fcllen Sie sich Ihren Traum, eine Meerjungfrau zu sein. Mit einem bunten Schwanz und der Magie des Augenblicks entdecken Sie eine neue Art, Spa\u00df zu haben und sich unter Wasser zu bewegen. Try Mermaid ist ein Kurs, in dem Sie etwas Au\u00dfergew\u00f6hnliches erleben k\u00f6nnen &#8211; denn wer von uns hat nicht schon einmal davon getr\u00e4umt, ein M\u00e4rchenheld zu werden?    <br><br>\r\nLassen Sie sich auf das Angebot ein, besonders wenn:<br>\r\n\ud83e\udee7 Sie m\u00f6chten die Magie des Schwanztauchens entdecken<br>\ud83e\udee7 Sie denken \u00fcber Meerjungfrauen nach, sind aber noch nicht bereit f\u00fcr einen vollst\u00e4ndigen Kurs<br>\ud83e\udee7 Sie m\u00f6gen das Wasser und m\u00f6chten eine neue, magische Art entdecken, sich unter der Wasseroberfl\u00e4che zu bewegen<br><br>\r\nWas bieten wir an?\r\n<br>\ud83e\udee7 Einf\u00fchrung in das Ger\u00e4tetauchen mit Theorie, Praxis und individueller Herangehensweise<br>\ud83e\udee7 Wasser\u00fcbungen vom Lernen im flachen Bereich bis zum Tauchen bis zu 5 Metern<br>\ud83e\udee7 Alles, was Sie brauchen, ist im Preis inbegriffen. Die gesamte notwendige Ausr\u00fcstung wird von uns gestellt<br>\ud83e\udee7 Intime Gruppen oder Einzelunterricht. Wir werden das Tempo immer an Sie anpassen  <br><br>Der Unterricht findet in kleinen Gruppen statt &#8211; maximal 4 Personen pro Lehrer &#8211; so dass Sie sicher sein k\u00f6nnen, dass jeder Atemzug ruhig ist und jede Frage beantwortet wird.\r\n<br><br>\r\nDas ist es wert, denn:<br>\r\n\ud83e\udee7 Sie trainieren im tiefsten Pool Europas &#8211; bis zu 45 Meter tief<br>\ud83e\udee7 Sie tauchen unter exotischen Bedingungen &#8211; klares Wasser bei 32\u00b0C<br>\ud83e\udee7 Sie benutzen moderne, regelm\u00e4\u00dfig gewartete Ausr\u00fcstung<br>\ud83e\udee7 Sie werden von erfahrenen, internationalen Tauchlehrern unterst\u00fctzt<br>\ud83e\udee7 Es ist der perfekte Ort, um Selbstvertrauen und eine gute Technik aufzubauen.<br><br>Machen Sie den ersten Schritt und entdecken Sie, wie einzigartig die Unterwasserwelt ist! Wagen Sie noch heute den Sprung. \r\n<br><br><br>WAS IST WISSENSWERT?\r\n\r\n<\/p>      <ul>            <li>\r\n              <p>Dauer<\/p>\r\n              <strong>1h 40 Minuten Unterricht<\/strong>\r\n            <\/li>\r\n                      <li>\r\n              <p>Mindestalter des Teilnehmers<\/p>\r\n              <strong>6 Jahre<\/strong>\r\n            <\/li>\r\n                      <li>\r\n              <p>Sie werden in Tiefen tauchen<\/p>\r\n              <strong>5m (3m f\u00fcr Kinder unter 12 Jahren)<\/strong>\r\n            <\/li>\r\n                      <li>\r\n              <p>Als Geschenk<\/p>\r\n              <strong>Erinnerungszertifikat, Diplom und kurzes Video aus dem Unterwasser-Fotobooth<\/strong>\r\n            <\/li>\r\n                      <li>\r\n              <p>Wir bieten<\/p>\r\n              <strong>Die gesamte Tauchausr\u00fcstung. Bringen Sie nur Badehose, Handtuch und Flip-Flops mit <\/strong>\r\n            <\/li>\r\n                      <li>\r\n              <p>Vergessen Sie nicht<\/p>\r\n              <strong>Viel Spa\u00df und wir werden Sie mit all der Energie anstecken<\/strong>\r\n            <\/li>\r\n          <\/ul>      <div class=\"button-list-wrap\"><div class=\"button-list button-type-both\"><div><a class=\"alternate_ybb\" href=\"https:\/\/cs.deepspot.com\/offer?steps=deepspot_diving-courses_wait-for-diving-course-list_55\" target=\"_self\"><img decoding=\"async\" lazy src=\"data:image\/gif;base64,R0lGODlhAQABAAD\/ACwAAAAAAQABAAACADs%3D\" data-src=\"https:\/\/eco3ygde435.exactdn.com\/wp-content\/uploads\/sites\/2\/2020\/08\/calendar-grid-58.png?strip=all\" alt=\"\"><strong>Zarezerwuj<\/strong><\/a><\/div><div><a class=\"alternate_ybb\" href=\"https:\/\/www.deepspot.com\/pl\/frequently-asked-questions\/?tab=6\" target=\"_self\"><img decoding=\"async\" lazy src=\"data:image\/gif;base64,R0lGODlhAQABAAD\/ACwAAAAAAQABAAACADs%3D\" data-src=\"https:\/\/eco3ygde435.exactdn.com\/wp-content\/uploads\/sites\/2\/2020\/08\/presentation.png?strip=all\" alt=\"\"><strong>Najcz\u0119\u015bciej zadawane pytania<\/strong><\/a><\/div><\/div><\/div>    <\/div>\r\n  <\/div>\r\n<\/div><!-- block -->\r\n<div id=\"step-guide-icons-block_19223844c356f5a051b62798427fe86d\" class=\"step-guide-icons-block\">\r\n  <div class=\"row container\">\r\n    <div>\r\n      <div class=\"title\">Schritt f\u00fcr Schritt<\/div>      <ul>            <li data-count=\"01\">\r\n              <div class=\"icon-wrap\"><img decoding=\"async\" lazy src=\"data:image\/gif;base64,R0lGODlhAQABAAD\/ACwAAAAAAQABAAACADs%3D\" data-src=\"\" alt=\"\"><\/div>\r\n              <p>Sammeln Sie Teilnehmer &#8211; allein, zu zweit oder mit einer Gruppe<\/p>\r\n                          <\/li>\r\n                      <li data-count=\"02\">\r\n              <div class=\"icon-wrap\"><img decoding=\"async\" lazy src=\"data:image\/gif;base64,R0lGODlhAQABAAD\/ACwAAAAAAQABAAACADs%3D\" data-src=\"\" alt=\"\"><\/div>\r\n              <p>Buchen Sie Ihren Termin &#8211; online, schnell und bequem<\/p>\r\n                          <\/li>\r\n                      <li data-count=\"03\">\r\n              <div class=\"icon-wrap\"><img decoding=\"async\" lazy src=\"data:image\/gif;base64,R0lGODlhAQABAAD\/ACwAAAAAAQABAAACADs%3D\" data-src=\"\" alt=\"\"><\/div>\r\n              <p>Geben Sie die Daten der Teilnehmer ein &#8211; \u00fcber Ihr Konto, es dauert nur einen Moment<br \/>\r\n<\/p>\r\n                          <\/li>\r\n                      <li data-count=\"04\">\r\n              <div class=\"icon-wrap\"><img decoding=\"async\" lazy src=\"data:image\/gif;base64,R0lGODlhAQABAAD\/ACwAAAAAAQABAAACADs%3D\" data-src=\"\" alt=\"\"><\/div>\r\n              <p>Kommen Sie 30 Minuten fr\u00fcher &#8211; Sie k\u00f6nnen sich in Ruhe vorbereiten<br \/>\r\n<\/p>\r\n                          <\/li>\r\n                      <li data-count=\"05\">\r\n              <div class=\"icon-wrap\"><img decoding=\"async\" lazy src=\"data:image\/gif;base64,R0lGODlhAQABAAD\/ACwAAAAAAQABAAACADs%3D\" data-src=\"\" alt=\"\"><\/div>\r\n              <p>Tauchen Sie ein &#8211; haben Sie Spa\u00df<br \/>\r\n<\/p>\r\n                          <\/li>\r\n                      <li data-count=\"06\">\r\n              <div class=\"icon-wrap\"><img decoding=\"async\" lazy src=\"data:image\/gif;base64,R0lGODlhAQABAAD\/ACwAAAAAAQABAAACADs%3D\" data-src=\"\" alt=\"\"><\/div>\r\n              <p>Lassen Sie sich anstecken und kommen Sie wieder &#8211; Tauchen macht s\u00fcchtig!<br \/>\r\n<\/p>\r\n                          <\/li>\r\n          <\/ul>    <\/div>\r\n  <\/div>\r\n<\/div><!-- block -->\r\n<div id=\"download-block_ba46f71f838258852dcefbd6987633e8\" class=\"download-block\">\r\n  <div class=\"row container\">\r\n    <div>\r\n      <h2 class=\"title\">Dokumente und Bedingungen<\/h2>      <ul>            <li>\r\n              <a href=\"https:\/\/eco3ygde435.exactdn.com\/wp-content\/uploads\/sites\/2\/2020\/08\/pc-play-media.png?strip=all&w=2560\" download>\r\n                <div>\r\n                  <img decoding=\"async\" lazy src=\"data:image\/gif;base64,R0lGODlhAQABAAD\/ACwAAAAAAQABAAACADs%3D\" data-src=\"https:\/\/www.deepspot.com\/wp-content\/themes\/deepspotflyspotWPML\/images\/dots-download.svg\">\r\n                  <p>Dokumente, die vor dem Kurs ausgef\u00fcllt werden m\u00fcssen<\/p>\r\n                <\/div>\r\n              <\/a>\r\n            <\/li>\r\n                      <li>\r\n              <a href=\"https:\/\/eco3ygde435.exactdn.com\/wp-content\/uploads\/sites\/2\/2020\/08\/60min.png?strip=all&w=2560\" download>\r\n                <div>\r\n                  <img decoding=\"async\" lazy src=\"data:image\/gif;base64,R0lGODlhAQABAAD\/ACwAAAAAAQABAAACADs%3D\" data-src=\"https:\/\/www.deepspot.com\/wp-content\/themes\/deepspotflyspotWPML\/images\/dots-download.svg\">\r\n                  <p>bedingungen der kurs-teilnahmevereinbarung<\/p>\r\n                <\/div>\r\n              <\/a>\r\n            <\/li>\r\n                      <li>\r\n              <a href=\"\" download>\r\n                <div>\r\n                  <img decoding=\"async\" lazy src=\"data:image\/gif;base64,R0lGODlhAQABAAD\/ACwAAAAAAQABAAACADs%3D\" data-src=\"https:\/\/www.deepspot.com\/wp-content\/themes\/deepspotflyspotWPML\/images\/dots-download.svg\">\r\n                  <p>REGELN UND EMPFEHLUNGEN ZU TIEFENBEGRENZUNGEN BEIM GER\u00c4TETAUCHEN  <\/p>\r\n                <\/div>\r\n              <\/a>\r\n            <\/li>\r\n          <\/ul>    <\/div>\r\n  <\/div>\r\n<\/div><!-- block -->\r\n\n<p><\/p>\n","protected":false},"excerpt":{"rendered":"","protected":false},"author":18,"featured_media":0,"parent":4769,"menu_order":5555,"comment_status":"closed","ping_status":"closed","template":"","meta":{"_acf_changed":false,"footnotes":""},"class_list":["post-56333","page","type-page","status-publish","hentry"],"acf":[],"_links":{"self":[{"href":"https:\/\/www.deepspot.com\/de\/wp-json\/wp\/v2\/pages\/56333","targetHints":{"allow":["GET"]}}],"collection":[{"href":"https:\/\/www.deepspot.com\/de\/wp-json\/wp\/v2\/pages"}],"about":[{"href":"https:\/\/www.deepspot.com\/de\/wp-json\/wp\/v2\/types\/page"}],"author":[{"embeddable":true,"href":"https:\/\/www.deepspot.com\/de\/wp-json\/wp\/v2\/users\/18"}],"replies":[{"embeddable":true,"href":"https:\/\/www.deepspot.com\/de\/wp-json\/wp\/v2\/comments?post=56333"}],"version-history":[{"count":2,"href":"https:\/\/www.deepspot.com\/de\/wp-json\/wp\/v2\/pages\/56333\/revisions"}],"predecessor-version":[{"id":56352,"href":"https:\/\/www.deepspot.com\/de\/wp-json\/wp\/v2\/pages\/56333\/revisions\/56352"}],"up":[{"embeddable":true,"href":"https:\/\/www.deepspot.com\/de\/wp-json\/wp\/v2\/pages\/4769"}],"wp:attachment":[{"href":"https:\/\/www.deepspot.com\/de\/wp-json\/wp\/v2\/media?parent=56333"}],"curies":[{"name":"wp","href":"https:\/\/api.w.org\/{rel}","templated":true}]}}