{"id":8200,"date":"2021-04-20T13:56:38","date_gmt":"2021-04-20T11:56:38","guid":{"rendered":"https:\/\/www.deepspot.com\/?page_id=8200"},"modified":"2024-05-20T10:07:19","modified_gmt":"2024-05-20T08:07:19","slug":"union-europa","status":"publish","type":"page","link":"https:\/\/www.deepspot.com\/de\/union-europa\/","title":{"rendered":"Union-Europa"},"content":{"rendered":"\n<div class=\"wp-block-image\"><figure class=\"aligncenter size-large\"><img decoding=\"async\" width=\"1024\" height=\"141\" src=\"https:\/\/eco3ygde435.exactdn.com\/wp-content\/uploads\/sites\/2\/2021\/04\/unia_program-1024x141.jpg?strip=all\" alt=\"\" class=\"wp-image-8208\" srcset=\"https:\/\/eco3ygde435.exactdn.com\/wp-content\/uploads\/sites\/2\/2021\/04\/unia_program-1024x141.jpg?strip=all 1024w, https:\/\/eco3ygde435.exactdn.com\/wp-content\/uploads\/sites\/2\/2021\/04\/unia_program-300x41.jpg?strip=all 300w, https:\/\/eco3ygde435.exactdn.com\/wp-content\/uploads\/sites\/2\/2021\/04\/unia_program-768x106.jpg?strip=all 768w, https:\/\/eco3ygde435.exactdn.com\/wp-content\/uploads\/sites\/2\/2021\/04\/unia_program-1536x211.jpg?strip=all 1536w, https:\/\/eco3ygde435.exactdn.com\/wp-content\/uploads\/sites\/2\/2021\/04\/unia_program.jpg?strip=all 1599w, https:\/\/eco3ygde435.exactdn.com\/wp-content\/uploads\/sites\/2\/2021\/04\/unia_program.jpg?strip=all&amp;w=639 639w, https:\/\/eco3ygde435.exactdn.com\/wp-content\/uploads\/sites\/2\/2021\/04\/unia_program.jpg?strip=all&amp;w=959 959w, https:\/\/eco3ygde435.exactdn.com\/wp-content\/uploads\/sites\/2\/2021\/04\/unia_program.jpg?strip=all&amp;w=1279 1279w, https:\/\/eco3ygde435.exactdn.com\/wp-content\/uploads\/sites\/2\/2021\/04\/unia_program.jpg?strip=all&amp;w=450 450w\" sizes=\"(max-width: 640px) 100vw, 640px\" \/><\/figure><\/div>\n\n<p>AEROTUNEL Sp\u00f3\u0142ka z ograniczon\u0105 odpowiedzialno\u015bci\u0105 f\u00fchrt das Projekt mit dem Titel &#8220;Umsetzung von FuE-Ergebnissen und Bau einer Prototypanlage f\u00fcr die Multizonen-Simulation von Tauchbedingungen&#8221; durch.<\/p>\n\n<p><strong>Zielsetzungen und geplante Ergebnisse des Projekts:<\/strong><\/p>\n\n<p>Ziel des Projekts ist die Einf\u00fchrung eines innovativen Dienstes zur Simulation von Tauchbedingungen dank eines Prototyps, der weltweit tiefsten Anlage mit einer Tiefe von 45 m, die ein gr\u00f6\u00dferes Volumen und eine gr\u00f6\u00dfere \u00dcbungsfl\u00e4che, eine bessere Klarheit des Wassers und isolierte Zonen mit variabler Str\u00f6mungsgeschwindigkeit aufweist.<\/p>\n\n<p>Das Ergebnis der Investition ist die weltweit tiefste Anlage ihrer Art mit einer Tiefe von 45 Metern, die Tauchtraining und Tauchen unter vollst\u00e4ndig kontrollierten Bedingungen erm\u00f6glicht. Der innovative Service garantiert ein hohes Ma\u00df an Sicherheit und Komfort beim Tauchsport, da er die M\u00f6glichkeit bietet, Wasser von hoher Qualit\u00e4t (Klarheit) zur Verf\u00fcgung zu stellen und L\u00f6sungen anzubieten, die die nat\u00fcrlichen Tauchbedingungen in einer noch nie dagewesenen Weise simulieren.<\/p>\n\n<p><strong>Projektwert:<\/strong> 24 321 282,00 PLN<\/p>\n\n<p><strong>Beitrag der Europ\u00e4ischen Fonds:<\/strong> 3 865 950,00 PLN<\/p>\n","protected":false},"excerpt":{"rendered":"<p>AEROTUNEL Sp\u00f3\u0142ka z ograniczon\u0105 odpowiedzialno\u015bci\u0105 f\u00fchrt das Projekt mit dem Titel &#8220;Umsetzung von FuE-Ergebnissen und Bau einer Prototypanlage f\u00fcr die Multizonen-Simulation von Tauchbedingungen&#8221; durch. Zielsetzungen und geplante Ergebnisse des Projekts: Ziel des Projekts ist die Einf\u00fchrung eines innovativen Dienstes zur Simulation von Tauchbedingungen dank eines Prototyps, der weltweit tiefsten Anlage mit einer Tiefe von 45 [&hellip;]<\/p>\n","protected":false},"author":1,"featured_media":0,"parent":0,"menu_order":32,"comment_status":"closed","ping_status":"closed","template":"","meta":{"_acf_changed":false,"footnotes":""},"class_list":["post-8200","page","type-page","status-publish","hentry"],"acf":[],"_links":{"self":[{"href":"https:\/\/www.deepspot.com\/de\/wp-json\/wp\/v2\/pages\/8200","targetHints":{"allow":["GET"]}}],"collection":[{"href":"https:\/\/www.deepspot.com\/de\/wp-json\/wp\/v2\/pages"}],"about":[{"href":"https:\/\/www.deepspot.com\/de\/wp-json\/wp\/v2\/types\/page"}],"author":[{"embeddable":true,"href":"https:\/\/www.deepspot.com\/de\/wp-json\/wp\/v2\/users\/1"}],"replies":[{"embeddable":true,"href":"https:\/\/www.deepspot.com\/de\/wp-json\/wp\/v2\/comments?post=8200"}],"version-history":[{"count":2,"href":"https:\/\/www.deepspot.com\/de\/wp-json\/wp\/v2\/pages\/8200\/revisions"}],"predecessor-version":[{"id":38041,"href":"https:\/\/www.deepspot.com\/de\/wp-json\/wp\/v2\/pages\/8200\/revisions\/38041"}],"wp:attachment":[{"href":"https:\/\/www.deepspot.com\/de\/wp-json\/wp\/v2\/media?parent=8200"}],"curies":[{"name":"wp","href":"https:\/\/api.w.org\/{rel}","templated":true}]}}