{"id":9610,"date":"2021-05-12T12:29:57","date_gmt":"2021-05-12T10:29:57","guid":{"rendered":"https:\/\/www.deepspot.com\/?page_id=9610"},"modified":"2025-10-15T15:35:39","modified_gmt":"2025-10-15T13:35:39","slug":"erweiterter-bereich-fundamente","status":"publish","type":"page","link":"https:\/\/www.deepspot.com\/de\/fuer-wen\/geraetetauchen\/erweiterter-bereich-fundamente\/","title":{"rendered":"Kurs &#8220;Erweiterte Reichweite &#8211; Grundlagen"},"content":{"rendered":"<div id=\"hero-block_7ec5685ab5aa3f67079d6d3a01be658d\" class=\"hero-block\">\r\n  <div class=\"row outer-container\">\r\n    <div>\r\n      <img decoding=\"async\" lazy src=\"data:image\/gif;base64,R0lGODlhAQABAAD\/ACwAAAAAAQABAAACADs%3D\" data-src=\"https:\/\/eco3ygde435.exactdn.com\/wp-content\/uploads\/sites\/2\/2021\/05\/xr_fundations.png?strip=all\" alt=\"\">\r\n          <\/div>\r\n    <div>\r\n      <h2>Erster Schritt zum technischen Tauchen<\/h2><p>Der XR-Grundlagenkurs ist der erste Schritt zum technischen Tauchen. Sie lernen perfekte Tarierung, Trimmung und Teamwork sowie das Meistern von Twinset- und\/oder Sidemount-Konfigurationen. Er ist eine solide Basis f\u00fcr die weitere XR-Ausbildung, aber auch eine gute Wahl f\u00fcr Freizeittaucher, die ihre F\u00e4higkeiten verbessern und wie ein Profi tauchen m\u00f6chten.    <br>Wenn Sie eine Herausforderung m\u00f6gen und mit Pr\u00e4zision, Sicherheit und Klasse tauchen m\u00f6chten, dann ist dieser Kurs genau das Richtige f\u00fcr Sie.\r\n<\/p>    <\/div>\r\n  <\/div>\r\n<\/div><!-- block -->\r\n<div id=\"product-details-block_7dcc409735547dee1d835f4578e8cd11\" class=\"product-details-block\">\r\n  <div class=\"row container\">\r\n    <div>\r\n      <h2 class=\"title\">Beschreibung der Attraktionen<\/h2>      <p class=\"desc\">XR Foundations ist ein Kurs f\u00fcr zertifizierte Taucher, die ihre F\u00e4higkeiten verbessern und die technischen Grundlagen des Twinset- oder Sidemount-Tauchens erlernen m\u00f6chten.  <br>Der Kurs findet in einer sicheren Deepspot-Umgebung statt und konzentriert sich auf die Entwicklung von Schl\u00fcsselkompetenzen wie Trimm, Tarierung, Kommunikation und Konfiguration der Ausr\u00fcstung.<br><br>\r\nWagen Sie den Sprung, wenn:<br>\ud83e\udee7 Sie ein zertifizierter Taucher sind und Ihre technischen F\u00e4higkeiten verbessern m\u00f6chten<br>\ud83e\udee7 Sie weitere XR-, Dekompressions- oder Tieftauchkurse planen<br>\ud83e\udee7 Sie lernen m\u00f6chten, wie ein Twinset oder Sidemount funktioniert<br>\ud83e\udee7 Sie davon tr\u00e4umen, Ihre Ausr\u00fcstungskontrolle, Trimmung und Tarierung auf ein fortgeschrittenes Niveau zu bringen<br><br>\r\nWas wir bieten<br>\ud83e\udee7 Theoretische Ausbildung in technischer Konfiguration (Twinset, Sidemount, lange Schl\u00e4uche, Gasredundanz)<br>\ud83e\udee7 Praktische \u00dcbungen zu Trimm, Tarierung, Teamwork und Kommunikation in einer XR-Umgebung<br>\ud83e\udee7 Arbeiten in technischer Konfiguration mit kompletter Ausr\u00fcstung<br>\ud83e\udee7 Schulungsmaterialien werden auf der Website der SSI-Organisation bereitgestellt. Machen Sie sich vor dem Kurs mit ihnen vertraut<br>\ud83e\udee7 Alles, was Sie brauchen, ist enthalten. Die gesamte notwendige Ausr\u00fcstung wird von uns bereitgestellt<br>\ud83e\udee7 Intime Gruppen. Wir werden das Tempo immer an Sie anpassen   <br><br>\r\nDie Kurse finden in kleinen Gruppen statt &#8211; maximal vier Personen pro Lehrer &#8211; und geben Ihnen das Vertrauen, jeden Atemzug in Ruhe zu nehmen und die Antwort auf jede Frage zu finden.<br><br>\r\nEs lohnt sich, denn:<br>\ud83e\udee7 Sie trainieren im tiefsten Pool Europas &#8211; bis zu 45 Meter tief<br>\ud83e\udee7 Sie tauchen unter exotischen Bedingungen &#8211; klares Wasser bei 32\u00b0C<br>\ud83e\udee7 Sie verwenden moderne, regelm\u00e4\u00dfig gewartete Ausr\u00fcstung<br>\ud83e\udee7 Sie werden von erfahrenen, internationalen Tauchlehrern unterst\u00fctzt<br>\ud83e\udee7 Es ist der perfekte Ort, um Selbstvertrauen und eine gute Technik aufzubauen.<br>\r\nNach Abschluss des Kurses erhalten Sie das internationale Zertifikat SSI XR Foundations, das die Beherrschung der wichtigsten technischen F\u00e4higkeiten best\u00e4tigt und Sie auf weitere XR-Schulungen vorbereitet.<br><br>\r\nAnforderungen: <br>In \u00dcbereinstimmung mit den Standards: F\u00fcr alle XR-Programme muss jeder Sch\u00fcler eine Bewertung der Schwimmf\u00e4higkeit absolvieren, die Folgendes umfasst: <br>\ud83e\udee7 Schwimmen mit zus\u00e4tzlicher Ausr\u00fcstung <br>\ud83e\udee7 Schwimmen von 400 Metern an der Oberfl\u00e4che im Full Dive System und mit der\/den f\u00fcr das Programm geeigneten Stufenflasche(n).  <br>Schwimmen Sie unter Wasser in einer von zwei Optionen: Schwimmen Sie 25 Meter unter Wasser mit Maske und Flossen oder schwimmen Sie 15 Meter horizontal ohne Atmung in einer konstanten Tiefe in einem Volltauchsystem und mit Stufenflasche(n) entsprechend dem Programm.  <br>Anmerkungen: Die Unterwasserbewegung muss in einem Schwimmbecken\/begrenzten Gew\u00e4sser durchgef\u00fchrt werden, es muss eine horizontale Referenzlinie verwendet werden, das Atemger\u00e4t muss jederzeit im Mund verbleiben, der verantwortliche Tauchlehrer muss den Sch\u00fcler direkt beaufsichtigen und bereit sein, bei Bedarf zu helfen <br>\ud83e\udee7 Taucherrettung: F\u00fchren Sie eine vollst\u00e4ndige Rettung mit einem bewusstlosen Taucher an der Oberfl\u00e4che \u00fcber eine Gesamtstrecke von 100 Metern in acht (8) Minuten durch. Beide Teilnehmer m\u00fcssen ein Volltauchsystem tragen.   <br><br>\r\n\r\nWas ist wissenswert?\r\n\r\n<\/p>      <ul>            <li>\r\n              <p>Dauer  <\/p>\r\n              <strong>2 Tage (ca. 18h, einschlie\u00dflich 5 Poolsitzungen)<\/strong>\r\n            <\/li>\r\n                      <li>\r\n              <p>Mindestalter des Teilnehmers  <\/p>\r\n              <strong>16 Jahre<\/strong>\r\n            <\/li>\r\n                      <li>\r\n              <p>Sie werden in Tiefen tauchen<\/p>\r\n              <strong>12m<\/strong>\r\n            <\/li>\r\n                      <li>\r\n              <p>Als Geschenk<\/p>\r\n              <strong>Kurzes Video vom Unterwasser-Fotobooth<\/strong>\r\n            <\/li>\r\n                      <li>\r\n              <p>Wir bieten<\/p>\r\n              <strong>Die gesamte Tauchausr\u00fcstung. Bringen Sie nur Badehose, Handtuch und Flip-Flops mit <\/strong>\r\n            <\/li>\r\n                      <li>\r\n              <p>Vergessen Sie nicht<\/p>\r\n              <strong>Viel Spa\u00df und wir werden Sie mit all der Energie anstecken<\/strong>\r\n            <\/li>\r\n                      <li>\r\n              <p>Preis<\/p>\r\n              <strong>2259 PLN  <\/strong>\r\n            <\/li>\r\n          <\/ul>      <div class=\"button-list-wrap\"><div class=\"button-list button-type-both\"><div><a class=\"alternate_ybb\" href=\"https:\/\/cs.deepspot.com\/offer?steps=deepspot_diving-courses_wait-for-diving-course-list_9&amp;language=1\" target=\"_self\"><img decoding=\"async\" lazy src=\"data:image\/gif;base64,R0lGODlhAQABAAD\/ACwAAAAAAQABAAACADs%3D\" data-src=\"https:\/\/eco3ygde435.exactdn.com\/wp-content\/uploads\/sites\/2\/2020\/08\/calendar-grid-58.png?strip=all\" alt=\"\"><strong>Zarezerwuj<\/strong><\/a><\/div><\/div><\/div>    <\/div>\r\n  <\/div>\r\n<\/div><!-- block -->\r\n<p><strong>GESUNDHEIT<\/strong><br data-rich-text-line-break=\"true\">Tauchen ist ein Freizeitsport, den fast jeder betreiben kann. Wenn dein Gesundheitszustand gut ist, brauchst du h\u00f6chstwahrscheinlich keine Genehmigung von deinem Arzt, aber in bestimmten besonderen F\u00e4llen kann es erforderlich sein. M\u00f6chtest du sichergehen, kannst du dich vorher mit dem medizinischen Standardformular vertraut machen.<br data-rich-text-line-break=\"true\"><a href=\"https:\/\/eco3ygde435.exactdn.com\/wp-content\/uploads\/sites\/2\/2023\/10\/TR-MEDICAL-DIVER_Polish.pdf\" target=\"_blank\" rel=\"noreferrer noopener\">medizinisches Formular<\/a>.<\/p>\n<div id=\"download-block_bdb205cd82cd5cfa11260a6d64d009e9\" class=\"download-block\">\r\n  <div class=\"row container\">\r\n    <div>\r\n      <h2 class=\"title\">Dokumente und Bedingungen<\/h2>      <ul>            <li>\r\n              <a href=\"https:\/\/www.deepspot.com\/wp-content\/uploads\/sites\/2\/2023\/08\/FomularzMedyczny2023_PL_do_wgladu.pdf\" download>\r\n                <div>\r\n                  <img decoding=\"async\" lazy src=\"data:image\/gif;base64,R0lGODlhAQABAAD\/ACwAAAAAAQABAAACADs%3D\" data-src=\"https:\/\/www.deepspot.com\/wp-content\/themes\/deepspotflyspotWPML\/images\/dots-download.svg\">\r\n                  <p>Medizinisches Formular<\/p>\r\n                <\/div>\r\n              <\/a>\r\n            <\/li>\r\n          <\/ul>    <\/div>\r\n  <\/div>\r\n<\/div><!-- block -->\r\n","protected":false},"excerpt":{"rendered":"<p>GESUNDHEITTauchen ist ein Freizeitsport, den fast jeder betreiben kann. Wenn dein Gesundheitszustand gut ist, brauchst du h\u00f6chstwahrscheinlich keine Genehmigung von deinem Arzt, aber in bestimmten besonderen F\u00e4llen kann es erforderlich sein. M\u00f6chtest du sichergehen, kannst du dich vorher mit dem medizinischen Standardformular vertraut machen.medizinisches Formular.<\/p>\n","protected":false},"author":1,"featured_media":9706,"parent":4761,"menu_order":6,"comment_status":"closed","ping_status":"closed","template":"","meta":{"_acf_changed":false,"footnotes":""},"class_list":["post-9610","page","type-page","status-publish","has-post-thumbnail","hentry"],"acf":[],"yoast_head":"<!-- This site is optimized with the Yoast SEO plugin v27.3 - https:\/\/yoast.com\/product\/yoast-seo-wordpress\/ -->\n<title>Kurs &quot;Erweiterte Reichweite - Grundlagen | Deepspot<\/title>\n<meta name=\"description\" content=\"Kurs &quot;Erweiterte Reichweite - Grundlagen\" \/>\n<meta name=\"robots\" content=\"index, follow, max-snippet:-1, max-image-preview:large, max-video-preview:-1\" \/>\n<link rel=\"canonical\" href=\"https:\/\/www.deepspot.com\/de\/fuer-wen\/geraetetauchen\/erweiterter-bereich-fundamente\/\" \/>\n<meta property=\"og:locale\" content=\"de_DE\" \/>\n<meta property=\"og:type\" content=\"article\" \/>\n<meta property=\"og:title\" content=\"Kurs &quot;Erweiterte Reichweite - Grundlagen | Deepspot\" \/>\n<meta property=\"og:description\" content=\"Kurs &quot;Erweiterte Reichweite - Grundlagen\" \/>\n<meta property=\"og:url\" content=\"https:\/\/www.deepspot.com\/de\/fuer-wen\/geraetetauchen\/erweiterter-bereich-fundamente\/\" \/>\n<meta property=\"og:site_name\" content=\"Deepspot\" \/>\n<meta property=\"article:modified_time\" content=\"2025-10-15T13:35:39+00:00\" \/>\n<meta property=\"og:image\" content=\"https:\/\/eco3ygde435.exactdn.com\/wp-content\/uploads\/sites\/2\/2021\/05\/xr_678.jpg?strip=all\" \/>\n\t<meta property=\"og:image:width\" content=\"677\" \/>\n\t<meta property=\"og:image:height\" content=\"452\" \/>\n\t<meta property=\"og:image:type\" content=\"image\/jpeg\" \/>\n<meta name=\"twitter:card\" content=\"summary_large_image\" \/>\n<script type=\"application\/ld+json\" class=\"yoast-schema-graph\">{\"@context\":\"https:\\\/\\\/schema.org\",\"@graph\":[{\"@type\":\"WebPage\",\"@id\":\"https:\\\/\\\/www.deepspot.com\\\/de\\\/fuer-wen\\\/geraetetauchen\\\/erweiterter-bereich-fundamente\\\/\",\"url\":\"https:\\\/\\\/www.deepspot.com\\\/de\\\/fuer-wen\\\/geraetetauchen\\\/erweiterter-bereich-fundamente\\\/\",\"name\":\"Kurs \\\"Erweiterte Reichweite - Grundlagen | Deepspot\",\"isPartOf\":{\"@id\":\"https:\\\/\\\/www.deepspot.com\\\/pl\\\/#website\"},\"primaryImageOfPage\":{\"@id\":\"https:\\\/\\\/www.deepspot.com\\\/de\\\/fuer-wen\\\/geraetetauchen\\\/erweiterter-bereich-fundamente\\\/#primaryimage\"},\"image\":{\"@id\":\"https:\\\/\\\/www.deepspot.com\\\/de\\\/fuer-wen\\\/geraetetauchen\\\/erweiterter-bereich-fundamente\\\/#primaryimage\"},\"thumbnailUrl\":\"https:\\\/\\\/eco3ygde435.exactdn.com\\\/wp-content\\\/uploads\\\/sites\\\/2\\\/2021\\\/05\\\/xr_678.jpg?strip=all\",\"datePublished\":\"2021-05-12T10:29:57+00:00\",\"dateModified\":\"2025-10-15T13:35:39+00:00\",\"description\":\"Kurs \\\"Erweiterte Reichweite - Grundlagen\",\"breadcrumb\":{\"@id\":\"https:\\\/\\\/www.deepspot.com\\\/de\\\/fuer-wen\\\/geraetetauchen\\\/erweiterter-bereich-fundamente\\\/#breadcrumb\"},\"inLanguage\":\"de\",\"potentialAction\":[{\"@type\":\"ReadAction\",\"target\":[\"https:\\\/\\\/www.deepspot.com\\\/de\\\/fuer-wen\\\/geraetetauchen\\\/erweiterter-bereich-fundamente\\\/\"]}]},{\"@type\":\"ImageObject\",\"inLanguage\":\"de\",\"@id\":\"https:\\\/\\\/www.deepspot.com\\\/de\\\/fuer-wen\\\/geraetetauchen\\\/erweiterter-bereich-fundamente\\\/#primaryimage\",\"url\":\"https:\\\/\\\/eco3ygde435.exactdn.com\\\/wp-content\\\/uploads\\\/sites\\\/2\\\/2021\\\/05\\\/xr_678.jpg?strip=all\",\"contentUrl\":\"https:\\\/\\\/eco3ygde435.exactdn.com\\\/wp-content\\\/uploads\\\/sites\\\/2\\\/2021\\\/05\\\/xr_678.jpg?strip=all\",\"width\":677,\"height\":452},{\"@type\":\"BreadcrumbList\",\"@id\":\"https:\\\/\\\/www.deepspot.com\\\/de\\\/fuer-wen\\\/geraetetauchen\\\/erweiterter-bereich-fundamente\\\/#breadcrumb\",\"itemListElement\":[{\"@type\":\"ListItem\",\"position\":1,\"name\":\"Strona g\u0142\u00f3wna\",\"item\":\"https:\\\/\\\/www.deepspot.com\\\/de\\\/\"},{\"@type\":\"ListItem\",\"position\":2,\"name\":\"F\u00fcr wen\",\"item\":\"https:\\\/\\\/www.deepspot.com\\\/de\\\/fuer-wen\\\/\"},{\"@type\":\"ListItem\",\"position\":3,\"name\":\"Sporttauchen\",\"item\":\"https:\\\/\\\/www.deepspot.com\\\/de\\\/fuer-wen\\\/geraetetauchen\\\/\"},{\"@type\":\"ListItem\",\"position\":4,\"name\":\"Kurs &#8220;Erweiterte Reichweite &#8211; Grundlagen\"}]},{\"@type\":\"WebSite\",\"@id\":\"https:\\\/\\\/www.deepspot.com\\\/pl\\\/#website\",\"url\":\"https:\\\/\\\/www.deepspot.com\\\/pl\\\/\",\"name\":\"Deepspot\",\"description\":\"Eine neue Dimension im Tauchen\",\"potentialAction\":[{\"@type\":\"SearchAction\",\"target\":{\"@type\":\"EntryPoint\",\"urlTemplate\":\"https:\\\/\\\/www.deepspot.com\\\/pl\\\/?s={search_term_string}\"},\"query-input\":{\"@type\":\"PropertyValueSpecification\",\"valueRequired\":true,\"valueName\":\"search_term_string\"}}],\"inLanguage\":\"de\"}]}<\/script>\n<!-- \/ Yoast SEO plugin. -->","yoast_head_json":{"title":"Kurs \"Erweiterte Reichweite - Grundlagen | Deepspot","description":"Kurs \"Erweiterte Reichweite - Grundlagen","robots":{"index":"index","follow":"follow","max-snippet":"max-snippet:-1","max-image-preview":"max-image-preview:large","max-video-preview":"max-video-preview:-1"},"canonical":"https:\/\/www.deepspot.com\/de\/fuer-wen\/geraetetauchen\/erweiterter-bereich-fundamente\/","og_locale":"de_DE","og_type":"article","og_title":"Kurs \"Erweiterte Reichweite - Grundlagen | Deepspot","og_description":"Kurs \"Erweiterte Reichweite - Grundlagen","og_url":"https:\/\/www.deepspot.com\/de\/fuer-wen\/geraetetauchen\/erweiterter-bereich-fundamente\/","og_site_name":"Deepspot","article_modified_time":"2025-10-15T13:35:39+00:00","og_image":[{"width":677,"height":452,"url":"https:\/\/eco3ygde435.exactdn.com\/wp-content\/uploads\/sites\/2\/2021\/05\/xr_678.jpg?strip=all","type":"image\/jpeg"}],"twitter_card":"summary_large_image","schema":{"@context":"https:\/\/schema.org","@graph":[{"@type":"WebPage","@id":"https:\/\/www.deepspot.com\/de\/fuer-wen\/geraetetauchen\/erweiterter-bereich-fundamente\/","url":"https:\/\/www.deepspot.com\/de\/fuer-wen\/geraetetauchen\/erweiterter-bereich-fundamente\/","name":"Kurs \"Erweiterte Reichweite - Grundlagen | Deepspot","isPartOf":{"@id":"https:\/\/www.deepspot.com\/pl\/#website"},"primaryImageOfPage":{"@id":"https:\/\/www.deepspot.com\/de\/fuer-wen\/geraetetauchen\/erweiterter-bereich-fundamente\/#primaryimage"},"image":{"@id":"https:\/\/www.deepspot.com\/de\/fuer-wen\/geraetetauchen\/erweiterter-bereich-fundamente\/#primaryimage"},"thumbnailUrl":"https:\/\/eco3ygde435.exactdn.com\/wp-content\/uploads\/sites\/2\/2021\/05\/xr_678.jpg?strip=all","datePublished":"2021-05-12T10:29:57+00:00","dateModified":"2025-10-15T13:35:39+00:00","description":"Kurs \"Erweiterte Reichweite - Grundlagen","breadcrumb":{"@id":"https:\/\/www.deepspot.com\/de\/fuer-wen\/geraetetauchen\/erweiterter-bereich-fundamente\/#breadcrumb"},"inLanguage":"de","potentialAction":[{"@type":"ReadAction","target":["https:\/\/www.deepspot.com\/de\/fuer-wen\/geraetetauchen\/erweiterter-bereich-fundamente\/"]}]},{"@type":"ImageObject","inLanguage":"de","@id":"https:\/\/www.deepspot.com\/de\/fuer-wen\/geraetetauchen\/erweiterter-bereich-fundamente\/#primaryimage","url":"https:\/\/eco3ygde435.exactdn.com\/wp-content\/uploads\/sites\/2\/2021\/05\/xr_678.jpg?strip=all","contentUrl":"https:\/\/eco3ygde435.exactdn.com\/wp-content\/uploads\/sites\/2\/2021\/05\/xr_678.jpg?strip=all","width":677,"height":452},{"@type":"BreadcrumbList","@id":"https:\/\/www.deepspot.com\/de\/fuer-wen\/geraetetauchen\/erweiterter-bereich-fundamente\/#breadcrumb","itemListElement":[{"@type":"ListItem","position":1,"name":"Strona g\u0142\u00f3wna","item":"https:\/\/www.deepspot.com\/de\/"},{"@type":"ListItem","position":2,"name":"F\u00fcr wen","item":"https:\/\/www.deepspot.com\/de\/fuer-wen\/"},{"@type":"ListItem","position":3,"name":"Sporttauchen","item":"https:\/\/www.deepspot.com\/de\/fuer-wen\/geraetetauchen\/"},{"@type":"ListItem","position":4,"name":"Kurs &#8220;Erweiterte Reichweite &#8211; Grundlagen"}]},{"@type":"WebSite","@id":"https:\/\/www.deepspot.com\/pl\/#website","url":"https:\/\/www.deepspot.com\/pl\/","name":"Deepspot","description":"Eine neue Dimension im Tauchen","potentialAction":[{"@type":"SearchAction","target":{"@type":"EntryPoint","urlTemplate":"https:\/\/www.deepspot.com\/pl\/?s={search_term_string}"},"query-input":{"@type":"PropertyValueSpecification","valueRequired":true,"valueName":"search_term_string"}}],"inLanguage":"de"}]}},"_links":{"self":[{"href":"https:\/\/www.deepspot.com\/de\/wp-json\/wp\/v2\/pages\/9610","targetHints":{"allow":["GET"]}}],"collection":[{"href":"https:\/\/www.deepspot.com\/de\/wp-json\/wp\/v2\/pages"}],"about":[{"href":"https:\/\/www.deepspot.com\/de\/wp-json\/wp\/v2\/types\/page"}],"author":[{"embeddable":true,"href":"https:\/\/www.deepspot.com\/de\/wp-json\/wp\/v2\/users\/1"}],"replies":[{"embeddable":true,"href":"https:\/\/www.deepspot.com\/de\/wp-json\/wp\/v2\/comments?post=9610"}],"version-history":[{"count":19,"href":"https:\/\/www.deepspot.com\/de\/wp-json\/wp\/v2\/pages\/9610\/revisions"}],"predecessor-version":[{"id":57491,"href":"https:\/\/www.deepspot.com\/de\/wp-json\/wp\/v2\/pages\/9610\/revisions\/57491"}],"up":[{"embeddable":true,"href":"https:\/\/www.deepspot.com\/de\/wp-json\/wp\/v2\/pages\/4761"}],"wp:featuredmedia":[{"embeddable":true,"href":"https:\/\/www.deepspot.com\/de\/wp-json\/wp\/v2\/media\/9706"}],"wp:attachment":[{"href":"https:\/\/www.deepspot.com\/de\/wp-json\/wp\/v2\/media?parent=9610"}],"curies":[{"name":"wp","href":"https:\/\/api.w.org\/{rel}","templated":true}]}}