{"id":2409,"date":"2020-08-26T21:32:34","date_gmt":"2020-08-26T19:32:34","guid":{"rendered":"https:\/\/www.deepspot.com\/for-whom\/scuba-diving\/scuba-diving-training\/"},"modified":"2025-09-21T15:09:32","modified_gmt":"2025-09-21T13:09:32","slug":"scuba-diving-training","status":"publish","type":"page","link":"https:\/\/www.deepspot.com\/en\/for-whom\/scuba-diving\/scuba-diving-training\/","title":{"rendered":"SCUBA DIVER&#8217;S INPUT"},"content":{"rendered":"<div id=\"hero-block_4a72d5cfa7aa8ea7603b13a587c8b95e\" class=\"hero-block\">\r\n  <div class=\"row outer-container\">\r\n    <div>\r\n      <img decoding=\"async\" lazy src=\"data:image\/gif;base64,R0lGODlhAQABAAD\/ACwAAAAAAQABAAACADs%3D\" data-src=\"https:\/\/eco3ygde435.exactdn.com\/wp-content\/uploads\/sites\/2\/2025\/06\/dehbdfz.jpg?strip=all\" alt=\"\">\r\n          <\/div>\r\n    <div>\r\n      <h2>Time to train, time to relax  <\/h2><p>Relax, train, push your own limits &#8211; a scuba diver&#8217;s entrance pass at Deepspot gives you the space to do whatever you need at the moment. Enjoy the unique conditions and develop on your own \r\nterms. <br>The offer is aimed at certified scuba divers who want to train with their Buddy or the assistance of our instructor in a safe and comfortable environment \r\n\r\n<\/p>    <\/div>\r\n  <\/div>\r\n<\/div><!-- block -->\r\n<div id=\"product-details-block_941fbe15750253da9bed509da0ad3f84\" class=\"product-details-block\">\r\n  <div class=\"row container\">\r\n    <div>\r\n      <h2 class=\"title\">Description of attractions<\/h2>      <p class=\"desc\">The Scuba Diver&#8217;s Entry is an ideal option for certified divers who want to hone their skills in a comfortable and safe environment.  <br>Exceptionally warm water, excellent visibility and impressive depths allow you to train at your own pace with full focus on exploring the beauty of the underwater world. It&#8217;s not just training, it&#8217;s an investment in your diving experience.   <br><br>\r\nWhat do we offer?<br>\ud83e\udee7 75 minutes of access to the pool area (calculated from the entrance to the plate). Single-bottle diving. Remember to finish the dive with a reserve of min. 50 Bar &#8211; safety first<br>\ud83e\udee7 Complete set of dive equipment &#8211; mask, snorkel, fins, jacket, air cylinder and breathing machine<br>\ud83e\udee7 Possibility of additional paid options such as nitrox cylinders, dry suit, stage and more.    Interested? Get back to us: info@deepspot.com<br>\ud83e\udee7 Possibility to rent a Garmin dive computer &#8211; \u00a345\/dive. If you have your computer, you can dive with it or exchange it for a dive to test your Garmin computer for free. This is a must-have piece of equipment for every diver  <br><br>\r\nWant to test your own equipment? You can do so at no charge!<br>Go ahead and bring your mask, snorkel, squid fins, automatic, rash vest or dive computer.<br>For safety reasons, items such as your cylinder, jacket, diving shoes, wetsuit or dry suit must be brand new.  Interested? Contact us before your visit!<br><br>\r\nDiving with Buddy or Guiding?<br>Training always takes place with a dive partner &#8211; you can give a dive with your Buddy or use the assistance of a Deepspot instructor.<br>The cost of assistance is 170 PLN. Up to 4 divers of different levels and certifications can be accompanied by one instructor. <br><br>\r\nIt&#8217;s worth it because:<br>\ud83e\udee7 You train in the deepest pool in Europe &#8211; as much as 45 meters deep<br>\ud83e\udee7 You dive in exotic conditions &#8211; clear water at 32\u00b0C<br>\ud83e\udee7 You use modern, regularly serviced equipment<br>\ud83e\udee7 You have the support of an experienced, international staff of instructors<br>\ud83e\udee7 It&#8217;s the perfect place to build confidence and technique.<br><br>\r\nBook an entrance pass and dive in on your own terms &#8211; everything at Deepspot is conducive to your development.<br><br><br>\r\nWhat is worth knowing?<\/p>      <ul>            <li>\r\n              <p>Duration<\/p>\r\n              <strong>60 minutes + 15 minutes on disc<\/strong>\r\n            <\/li>\r\n                      <li>\r\n              <p>Minimum age<\/p>\r\n              <strong>10 years<\/strong>\r\n            <\/li>\r\n                      <li>\r\n              <p>You will dive to a maximum depth of<\/p>\r\n              <strong>Compliant with the entitlements<\/strong>\r\n            <\/li>\r\n                      <li>\r\n              <p>As a gift<\/p>\r\n              <strong>Short souvenir video from underwater photobooth<\/strong>\r\n            <\/li>\r\n                      <li>\r\n              <p>We provide<\/p>\r\n              <strong>All the necessary diving equipment. Bring with you only swimming trunks, towel and flip-flops <\/strong>\r\n            <\/li>\r\n                      <li>\r\n              <p>Don&#8217;t forget<\/p>\r\n              <strong>Have fun and all the energy will infect you with us<\/strong>\r\n            <\/li>\r\n                      <li>\r\n              <p>Price<\/p>\r\n              <strong>from 239 PLN to 279 PLN<\/strong>\r\n            <\/li>\r\n          <\/ul>      <div class=\"button-list-wrap\"><div class=\"button-list button-type-both\"><div><a class=\"alternate_ybb\" href=\"https:\/\/cs.deepspot.com\/offer?steps=deepspot_pro_type-scuba_ticket&amp;language=1\" target=\"_self\"><img decoding=\"async\" lazy src=\"data:image\/gif;base64,R0lGODlhAQABAAD\/ACwAAAAAAQABAAACADs%3D\" data-src=\"https:\/\/eco3ygde435.exactdn.com\/wp-content\/uploads\/sites\/2\/2020\/08\/calendar-grid-58.png?strip=all\" alt=\"\"><strong>Zarezerwuj<\/strong><\/a><\/div><div><a class=\"alternate_ybb\" href=\"https:\/\/www.deepspot.com\/pl\/dla-kogo\/scuba-diving\/pakiety-wejsc-scuba\/\" target=\"_self\"><img decoding=\"async\" lazy src=\"data:image\/gif;base64,R0lGODlhAQABAAD\/ACwAAAAAAQABAAACADs%3D\" data-src=\"https:\/\/eco3ygde435.exactdn.com\/wp-content\/uploads\/sites\/2\/2020\/08\/paper-diploma.png?strip=all\" alt=\"\"><strong>pakiety wej\u015b\u0107<\/strong><\/a><\/div><div><a class=\"alternate_ybb\" href=\"https:\/\/sklep.deepspot.com\/vouchery\/scuba-diving\/dla-zaawansowanych\/Scuba-diving-wejsciowka\" target=\"_self\"><img decoding=\"async\" lazy src=\"data:image\/gif;base64,R0lGODlhAQABAAD\/ACwAAAAAAQABAAACADs%3D\" data-src=\"https:\/\/eco3ygde435.exactdn.com\/wp-content\/uploads\/sites\/2\/2020\/08\/paper-diploma.png?strip=all\" alt=\"\"><strong>kup voucher<\/strong><\/a><\/div><div><a class=\"alternate_tbb\" href=\"https:\/\/www.deepspot.com\/pl\/frequently-asked-questions\/?tab=5\" target=\"_self\"><img decoding=\"async\" lazy src=\"data:image\/gif;base64,R0lGODlhAQABAAD\/ACwAAAAAAQABAAACADs%3D\" data-src=\"https:\/\/eco3ygde435.exactdn.com\/wp-content\/uploads\/sites\/2\/2020\/08\/presentation.png?strip=all\" alt=\"\"><strong>faq<\/strong><\/a><\/div><div><a class=\"alternate_tbb\" href=\"https:\/\/www.deepspot.com\/wp-content\/uploads\/sites\/2\/2022\/09\/Limityglebokosci_DoPodpisywania_PL.pdf\" target=\"_blank\"><img decoding=\"async\" lazy src=\"data:image\/gif;base64,R0lGODlhAQABAAD\/ACwAAAAAAQABAAACADs%3D\" data-src=\"https:\/\/eco3ygde435.exactdn.com\/wp-content\/uploads\/sites\/2\/2020\/08\/presentation.png?strip=all\" alt=\"\"><strong>Limit g\u0142\u0119boko\u015bci<\/strong><\/a><\/div><\/div><\/div>    <\/div>\r\n  <\/div>\r\n<\/div><!-- block -->\r\n\n<div class=\"wp-block-columns is-layout-flex wp-container-core-columns-is-layout-9d6595d7 wp-block-columns-is-layout-flex\">\n<div class=\"wp-block-column is-layout-flow wp-block-column-is-layout-flow\">\n<figure class=\"wp-block-embed is-type-video is-provider-youtube wp-block-embed-youtube wp-embed-aspect-16-9 wp-has-aspect-ratio\"><div class=\"wp-block-embed__wrapper\">\n<iframe loading=\"lazy\" title=\"Deepspot  - jak porusza\u0107 si\u0119 po Deepspot :)\" width=\"640\" height=\"360\" src=\"https:\/\/www.youtube.com\/embed\/v3Wc_gFglEU?feature=oembed\" frameborder=\"0\" allow=\"accelerometer; autoplay; clipboard-write; encrypted-media; gyroscope; picture-in-picture; web-share\" referrerpolicy=\"strict-origin-when-cross-origin\" allowfullscreen><\/iframe>\n<\/div><figcaption class=\"wp-element-caption\">Customer path &#8211; how to navigate Deepspot?<\/figcaption><\/figure>\n\n\n\n<figure class=\"wp-block-embed is-type-video is-provider-youtube wp-block-embed-youtube wp-embed-aspect-16-9 wp-has-aspect-ratio\"><div class=\"wp-block-embed__wrapper\">\n<iframe loading=\"lazy\" title=\"Nurkowanie w Deepspot\" width=\"640\" height=\"360\" src=\"https:\/\/www.youtube.com\/embed\/tMjSm4SdeWc?feature=oembed\" frameborder=\"0\" allow=\"accelerometer; autoplay; clipboard-write; encrypted-media; gyroscope; picture-in-picture; web-share\" referrerpolicy=\"strict-origin-when-cross-origin\" allowfullscreen><\/iframe>\n<\/div><figcaption class=\"wp-element-caption\">Diving in Deepspot<\/figcaption><\/figure>\n<\/div>\n\n\n\n<div class=\"wp-block-column is-layout-flow wp-block-column-is-layout-flow\">\n<figure class=\"wp-block-embed is-type-video is-provider-youtube wp-block-embed-youtube wp-embed-aspect-16-9 wp-has-aspect-ratio\"><div class=\"wp-block-embed__wrapper\">\n<iframe loading=\"lazy\" title=\"Deepspot  Jak przygotowa\u0107 mask\u0119 do nurkowania\" width=\"640\" height=\"360\" src=\"https:\/\/www.youtube.com\/embed\/XZ1ScNsi_Gc?feature=oembed\" frameborder=\"0\" allow=\"accelerometer; autoplay; clipboard-write; encrypted-media; gyroscope; picture-in-picture; web-share\" referrerpolicy=\"strict-origin-when-cross-origin\" allowfullscreen><\/iframe>\n<\/div><figcaption class=\"wp-element-caption\">How to prepare the mask before diving?<\/figcaption><\/figure>\n\n\n\n<figure class=\"wp-block-embed is-type-video is-provider-youtube wp-block-embed-youtube wp-embed-aspect-16-9 wp-has-aspect-ratio\"><div class=\"wp-block-embed__wrapper\">\n<iframe loading=\"lazy\" title=\"Deepspot dla SCUBA diver\u00f3w\" width=\"640\" height=\"360\" src=\"https:\/\/www.youtube.com\/embed\/uy_BUmLLnR8?start=153&#038;feature=oembed\" frameborder=\"0\" allow=\"accelerometer; autoplay; clipboard-write; encrypted-media; gyroscope; picture-in-picture; web-share\" referrerpolicy=\"strict-origin-when-cross-origin\" allowfullscreen><\/iframe>\n<\/div><figcaption class=\"wp-element-caption\">Deepspot for Scuba Divers<\/figcaption><\/figure>\n<\/div>\n<\/div>\n<div id=\"step-guide-icons-block_d3088b5750ccaa091f52c776c422421d\" class=\"step-guide-icons-block\">\r\n  <div class=\"row container\">\r\n    <div>\r\n      <div class=\"title\">Step by step<\/div>      <ul>            <li data-count=\"01\">\r\n              <div class=\"icon-wrap\"><img decoding=\"async\" lazy src=\"data:image\/gif;base64,R0lGODlhAQABAAD\/ACwAAAAAAQABAAACADs%3D\" data-src=\"\" alt=\"\"><\/div>\r\n              <p>Gather participants &#8211; solo, for two or with a pack<br \/>\r\n<\/p>\r\n                          <\/li>\r\n                      <li data-count=\"02\">\r\n              <div class=\"icon-wrap\"><img decoding=\"async\" lazy src=\"data:image\/gif;base64,R0lGODlhAQABAAD\/ACwAAAAAAQABAAACADs%3D\" data-src=\"\" alt=\"\"><\/div>\r\n              <p>Book an appointment &#8211; online, quickly and conveniently<br \/>\r\n<\/p>\r\n                          <\/li>\r\n                      <li data-count=\"03\">\r\n              <div class=\"icon-wrap\"><img decoding=\"async\" lazy src=\"data:image\/gif;base64,R0lGODlhAQABAAD\/ACwAAAAAAQABAAACADs%3D\" data-src=\"\" alt=\"\"><\/div>\r\n              <p>Fill in the data of the participants &#8211; through your account, it will only take a moment<br \/>\r\n<br \/>\r\n<\/p>\r\n                          <\/li>\r\n                      <li data-count=\"04\">\r\n              <div class=\"icon-wrap\"><img decoding=\"async\" lazy src=\"data:image\/gif;base64,R0lGODlhAQABAAD\/ACwAAAAAAQABAAACADs%3D\" data-src=\"\" alt=\"\"><\/div>\r\n              <p>Come 30 min earlier &#8211; you can prepare in peace<br \/>\r\n<br \/>\r\n<br \/>\r\n<\/p>\r\n                          <\/li>\r\n                      <li data-count=\"05\">\r\n              <div class=\"icon-wrap\"><img decoding=\"async\" lazy src=\"data:image\/gif;base64,R0lGODlhAQABAAD\/ACwAAAAAAQABAAACADs%3D\" data-src=\"\" alt=\"\"><\/div>\r\n              <p>Dive in &#8211; have fun<br \/>\r\n<\/p>\r\n                          <\/li>\r\n                      <li data-count=\"06\">\r\n              <div class=\"icon-wrap\"><img decoding=\"async\" lazy src=\"data:image\/gif;base64,R0lGODlhAQABAAD\/ACwAAAAAAQABAAACADs%3D\" data-src=\"\" alt=\"\"><\/div>\r\n              <p>Catch the bug and come back for more &#8211; diving is addictive!<br \/>\r\n<\/p>\r\n                          <\/li>\r\n          <\/ul>    <\/div>\r\n  <\/div>\r\n<\/div><!-- block -->\r\n","protected":false},"excerpt":{"rendered":"","protected":false},"author":18,"featured_media":52684,"parent":2373,"menu_order":5,"comment_status":"closed","ping_status":"closed","template":"","meta":{"_acf_changed":false,"footnotes":""},"class_list":["post-2409","page","type-page","status-publish","has-post-thumbnail","hentry"],"acf":[],"yoast_head":"<!-- This site is optimized with the Yoast SEO plugin v27.4 - https:\/\/yoast.com\/product\/yoast-seo-wordpress\/ -->\n<title>SCUBA DIVER&#039;S INPUT | Deepspot<\/title>\n<meta name=\"description\" content=\"SCUBA DIVER&#039;S INPUT\" \/>\n<meta name=\"robots\" content=\"index, follow, max-snippet:-1, max-image-preview:large, max-video-preview:-1\" \/>\n<link rel=\"canonical\" href=\"https:\/\/www.deepspot.com\/en\/for-whom\/scuba-diving\/scuba-diving-training\/\" \/>\n<meta property=\"og:locale\" content=\"en_US\" \/>\n<meta property=\"og:type\" content=\"article\" \/>\n<meta property=\"og:title\" content=\"SCUBA DIVER&#039;S INPUT | Deepspot\" \/>\n<meta property=\"og:description\" content=\"SCUBA DIVER&#039;S INPUT\" \/>\n<meta property=\"og:url\" content=\"https:\/\/www.deepspot.com\/en\/for-whom\/scuba-diving\/scuba-diving-training\/\" \/>\n<meta property=\"og:site_name\" content=\"Deepspot\" \/>\n<meta property=\"article:modified_time\" content=\"2025-09-21T13:09:32+00:00\" \/>\n<meta property=\"og:image\" content=\"https:\/\/eco3ygde435.exactdn.com\/wp-content\/uploads\/sites\/2\/2025\/06\/dehbdfz.jpg?strip=all\" \/>\n\t<meta property=\"og:image:width\" content=\"1613\" \/>\n\t<meta property=\"og:image:height\" content=\"910\" \/>\n\t<meta property=\"og:image:type\" content=\"image\/jpeg\" \/>\n<meta name=\"twitter:card\" content=\"summary_large_image\" \/>\n<script type=\"application\/ld+json\" class=\"yoast-schema-graph\">{\"@context\":\"https:\\\/\\\/schema.org\",\"@graph\":[{\"@type\":\"WebPage\",\"@id\":\"https:\\\/\\\/www.deepspot.com\\\/en\\\/for-whom\\\/scuba-diving\\\/scuba-diving-training\\\/\",\"url\":\"https:\\\/\\\/www.deepspot.com\\\/en\\\/for-whom\\\/scuba-diving\\\/scuba-diving-training\\\/\",\"name\":\"SCUBA DIVER'S INPUT | Deepspot\",\"isPartOf\":{\"@id\":\"https:\\\/\\\/www.deepspot.com\\\/pl\\\/#website\"},\"primaryImageOfPage\":{\"@id\":\"https:\\\/\\\/www.deepspot.com\\\/en\\\/for-whom\\\/scuba-diving\\\/scuba-diving-training\\\/#primaryimage\"},\"image\":{\"@id\":\"https:\\\/\\\/www.deepspot.com\\\/en\\\/for-whom\\\/scuba-diving\\\/scuba-diving-training\\\/#primaryimage\"},\"thumbnailUrl\":\"https:\\\/\\\/eco3ygde435.exactdn.com\\\/wp-content\\\/uploads\\\/sites\\\/2\\\/2025\\\/06\\\/dehbdfz.jpg?strip=all\",\"datePublished\":\"2020-08-26T19:32:34+00:00\",\"dateModified\":\"2025-09-21T13:09:32+00:00\",\"description\":\"SCUBA DIVER'S INPUT\",\"breadcrumb\":{\"@id\":\"https:\\\/\\\/www.deepspot.com\\\/en\\\/for-whom\\\/scuba-diving\\\/scuba-diving-training\\\/#breadcrumb\"},\"inLanguage\":\"en-US\",\"potentialAction\":[{\"@type\":\"ReadAction\",\"target\":[\"https:\\\/\\\/www.deepspot.com\\\/en\\\/for-whom\\\/scuba-diving\\\/scuba-diving-training\\\/\"]}]},{\"@type\":\"ImageObject\",\"inLanguage\":\"en-US\",\"@id\":\"https:\\\/\\\/www.deepspot.com\\\/en\\\/for-whom\\\/scuba-diving\\\/scuba-diving-training\\\/#primaryimage\",\"url\":\"https:\\\/\\\/eco3ygde435.exactdn.com\\\/wp-content\\\/uploads\\\/sites\\\/2\\\/2025\\\/06\\\/dehbdfz.jpg?strip=all\",\"contentUrl\":\"https:\\\/\\\/eco3ygde435.exactdn.com\\\/wp-content\\\/uploads\\\/sites\\\/2\\\/2025\\\/06\\\/dehbdfz.jpg?strip=all\",\"width\":1613,\"height\":910},{\"@type\":\"BreadcrumbList\",\"@id\":\"https:\\\/\\\/www.deepspot.com\\\/en\\\/for-whom\\\/scuba-diving\\\/scuba-diving-training\\\/#breadcrumb\",\"itemListElement\":[{\"@type\":\"ListItem\",\"position\":1,\"name\":\"Strona g\u0142\u00f3wna\",\"item\":\"https:\\\/\\\/www.deepspot.com\\\/en\\\/\"},{\"@type\":\"ListItem\",\"position\":2,\"name\":\"For whom\",\"item\":\"https:\\\/\\\/www.deepspot.com\\\/en\\\/for-whom\\\/\"},{\"@type\":\"ListItem\",\"position\":3,\"name\":\"Scuba diving\",\"item\":\"https:\\\/\\\/www.deepspot.com\\\/en\\\/for-whom\\\/scuba-diving\\\/\"},{\"@type\":\"ListItem\",\"position\":4,\"name\":\"SCUBA DIVER&#8217;S INPUT\"}]},{\"@type\":\"WebSite\",\"@id\":\"https:\\\/\\\/www.deepspot.com\\\/pl\\\/#website\",\"url\":\"https:\\\/\\\/www.deepspot.com\\\/pl\\\/\",\"name\":\"Deepspot\",\"description\":\"A new dimension in diving\",\"potentialAction\":[{\"@type\":\"SearchAction\",\"target\":{\"@type\":\"EntryPoint\",\"urlTemplate\":\"https:\\\/\\\/www.deepspot.com\\\/pl\\\/?s={search_term_string}\"},\"query-input\":{\"@type\":\"PropertyValueSpecification\",\"valueRequired\":true,\"valueName\":\"search_term_string\"}}],\"inLanguage\":\"en-US\"}]}<\/script>\n<!-- \/ Yoast SEO plugin. -->","yoast_head_json":{"title":"SCUBA DIVER'S INPUT | Deepspot","description":"SCUBA DIVER'S INPUT","robots":{"index":"index","follow":"follow","max-snippet":"max-snippet:-1","max-image-preview":"max-image-preview:large","max-video-preview":"max-video-preview:-1"},"canonical":"https:\/\/www.deepspot.com\/en\/for-whom\/scuba-diving\/scuba-diving-training\/","og_locale":"en_US","og_type":"article","og_title":"SCUBA DIVER'S INPUT | Deepspot","og_description":"SCUBA DIVER'S INPUT","og_url":"https:\/\/www.deepspot.com\/en\/for-whom\/scuba-diving\/scuba-diving-training\/","og_site_name":"Deepspot","article_modified_time":"2025-09-21T13:09:32+00:00","og_image":[{"width":1613,"height":910,"url":"https:\/\/eco3ygde435.exactdn.com\/wp-content\/uploads\/sites\/2\/2025\/06\/dehbdfz.jpg?strip=all","type":"image\/jpeg"}],"twitter_card":"summary_large_image","schema":{"@context":"https:\/\/schema.org","@graph":[{"@type":"WebPage","@id":"https:\/\/www.deepspot.com\/en\/for-whom\/scuba-diving\/scuba-diving-training\/","url":"https:\/\/www.deepspot.com\/en\/for-whom\/scuba-diving\/scuba-diving-training\/","name":"SCUBA DIVER'S INPUT | Deepspot","isPartOf":{"@id":"https:\/\/www.deepspot.com\/pl\/#website"},"primaryImageOfPage":{"@id":"https:\/\/www.deepspot.com\/en\/for-whom\/scuba-diving\/scuba-diving-training\/#primaryimage"},"image":{"@id":"https:\/\/www.deepspot.com\/en\/for-whom\/scuba-diving\/scuba-diving-training\/#primaryimage"},"thumbnailUrl":"https:\/\/eco3ygde435.exactdn.com\/wp-content\/uploads\/sites\/2\/2025\/06\/dehbdfz.jpg?strip=all","datePublished":"2020-08-26T19:32:34+00:00","dateModified":"2025-09-21T13:09:32+00:00","description":"SCUBA DIVER'S INPUT","breadcrumb":{"@id":"https:\/\/www.deepspot.com\/en\/for-whom\/scuba-diving\/scuba-diving-training\/#breadcrumb"},"inLanguage":"en-US","potentialAction":[{"@type":"ReadAction","target":["https:\/\/www.deepspot.com\/en\/for-whom\/scuba-diving\/scuba-diving-training\/"]}]},{"@type":"ImageObject","inLanguage":"en-US","@id":"https:\/\/www.deepspot.com\/en\/for-whom\/scuba-diving\/scuba-diving-training\/#primaryimage","url":"https:\/\/eco3ygde435.exactdn.com\/wp-content\/uploads\/sites\/2\/2025\/06\/dehbdfz.jpg?strip=all","contentUrl":"https:\/\/eco3ygde435.exactdn.com\/wp-content\/uploads\/sites\/2\/2025\/06\/dehbdfz.jpg?strip=all","width":1613,"height":910},{"@type":"BreadcrumbList","@id":"https:\/\/www.deepspot.com\/en\/for-whom\/scuba-diving\/scuba-diving-training\/#breadcrumb","itemListElement":[{"@type":"ListItem","position":1,"name":"Strona g\u0142\u00f3wna","item":"https:\/\/www.deepspot.com\/en\/"},{"@type":"ListItem","position":2,"name":"For whom","item":"https:\/\/www.deepspot.com\/en\/for-whom\/"},{"@type":"ListItem","position":3,"name":"Scuba diving","item":"https:\/\/www.deepspot.com\/en\/for-whom\/scuba-diving\/"},{"@type":"ListItem","position":4,"name":"SCUBA DIVER&#8217;S INPUT"}]},{"@type":"WebSite","@id":"https:\/\/www.deepspot.com\/pl\/#website","url":"https:\/\/www.deepspot.com\/pl\/","name":"Deepspot","description":"A new dimension in diving","potentialAction":[{"@type":"SearchAction","target":{"@type":"EntryPoint","urlTemplate":"https:\/\/www.deepspot.com\/pl\/?s={search_term_string}"},"query-input":{"@type":"PropertyValueSpecification","valueRequired":true,"valueName":"search_term_string"}}],"inLanguage":"en-US"}]}},"_links":{"self":[{"href":"https:\/\/www.deepspot.com\/en\/wp-json\/wp\/v2\/pages\/2409","targetHints":{"allow":["GET"]}}],"collection":[{"href":"https:\/\/www.deepspot.com\/en\/wp-json\/wp\/v2\/pages"}],"about":[{"href":"https:\/\/www.deepspot.com\/en\/wp-json\/wp\/v2\/types\/page"}],"author":[{"embeddable":true,"href":"https:\/\/www.deepspot.com\/en\/wp-json\/wp\/v2\/users\/18"}],"replies":[{"embeddable":true,"href":"https:\/\/www.deepspot.com\/en\/wp-json\/wp\/v2\/comments?post=2409"}],"version-history":[{"count":86,"href":"https:\/\/www.deepspot.com\/en\/wp-json\/wp\/v2\/pages\/2409\/revisions"}],"predecessor-version":[{"id":56537,"href":"https:\/\/www.deepspot.com\/en\/wp-json\/wp\/v2\/pages\/2409\/revisions\/56537"}],"up":[{"embeddable":true,"href":"https:\/\/www.deepspot.com\/en\/wp-json\/wp\/v2\/pages\/2373"}],"wp:featuredmedia":[{"embeddable":true,"href":"https:\/\/www.deepspot.com\/en\/wp-json\/wp\/v2\/media\/52684"}],"wp:attachment":[{"href":"https:\/\/www.deepspot.com\/en\/wp-json\/wp\/v2\/media?parent=2409"}],"curies":[{"name":"wp","href":"https:\/\/api.w.org\/{rel}","templated":true}]}}