{"id":10488,"date":"2021-07-02T12:50:08","date_gmt":"2021-07-02T10:50:08","guid":{"rendered":"https:\/\/www.deepspot.com\/?page_id=10488"},"modified":"2024-05-20T10:13:29","modified_gmt":"2024-05-20T08:13:29","slug":"atlas-socio-probado-de-deepspot","status":"publish","type":"page","link":"https:\/\/www.deepspot.com\/es\/como-lo-hacemos\/socios\/atlas-socio-probado-de-deepspot\/","title":{"rendered":"ATLAS &#8211; socio acreditado de Deepspot"},"content":{"rendered":"<div id=\"hero-block_5f32490b77998\" class=\"hero-block\">\r\n  <div class=\"row outer-container\">\r\n    <div>\r\n      <img decoding=\"async\" lazy src=\"data:image\/gif;base64,R0lGODlhAQABAAD\/ACwAAAAAAQABAAACADs%3D\" data-src=\"https:\/\/eco3ygde435.exactdn.com\/wp-content\/uploads\/sites\/2\/2021\/07\/Atlas1305x570.jpg?strip=all\" alt=\"\">\r\n          <\/div>\r\n    <div>\r\n      <h2>Juntos batimos r\u00e9cords<\/h2><p><b>El m\u00e1s moderno, el m\u00e1s grande, el m\u00e1s profundo. La piscina Deepspot se ha convertido en la poseedora indiscutible del r\u00e9cord mundial. <\/b><br>\nPara construir una instalaci\u00f3n tan exigente como Deepspot, se necesitan productos de la mejor calidad y expertos que supervisen su correcto uso. \n<a href=\"https:\/\/www.atlas.com.pl\/\"><\/A><br>\n<br>\n<\/a><\/A> Esto se consigui\u00f3 gracias al apoyo de la empresa polaca <a href=\"https:\/\/www.atlas.com.pl\/\"><b>ATLAS<\/b>. Durante m\u00e1s de un a\u00f1o <\/a>,<a href=\"https:\/\/www.atlas.com.pl\/\"><b>ATLAS<\/b> suministr\u00f3 decenas de toneladas de productos para garantizar la durabilidad y seguridad de la construcci\u00f3n y supervis\u00f3 todas las fases de la obra. <\/a><\/p>    <\/div>\r\n  <\/div>\r\n<\/div><!-- block -->\r\n<div id=\"hero-block_60e4225f739f9\" class=\"hero-block\">\r\n  <div class=\"row outer-container\">\r\n    <div>\r\n      <img decoding=\"async\" lazy src=\"data:image\/gif;base64,R0lGODlhAQABAAD\/ACwAAAAAAQABAAACADs%3D\" data-src=\"https:\/\/eco3ygde435.exactdn.com\/wp-content\/uploads\/sites\/2\/2021\/07\/atlas1305x570_2.png?strip=all\" alt=\"\">\r\n              <span class=\"youtube-play\" data-youtube=\"https:\/\/www.youtube.com\/watch?v=xlCrOzv6toI\">\r\n          <img decoding=\"async\" lazy src=\"data:image\/gif;base64,R0lGODlhAQABAAD\/ACwAAAAAAQABAAACADs%3D\" data-src=\"https:\/\/www.flyspot.com\/wp-content\/themes\/deepspotflyspotWPML\/images\/youtube-play.svg\" alt=\"play\">\r\n          <strong>ver el v\u00eddeo<\/strong>\r\n        <\/span>\r\n          <\/div>\r\n    <div>\r\n      <h2 class=\"full-width\"><table><tr><td><h2>\u00bfC\u00f3mo se cre\u00f3 la piscina m\u00e1s profunda del mundo?<\/h2><\/td><\/tr><tr><td><h5>ver informe de construcci\u00f3n<\/h5><\/td><\/tr><\/table><\/center><\/h2>    <\/div>\r\n  <\/div>\r\n<\/div><!-- block -->\r\n<div id=\"product-details-block_5f325b7d0e130\" class=\"product-details-block\">\r\n  <div class=\"row container\">\r\n    <div>\r\n      <h2 class=\"title\">lee tambi\u00e9n:<\/h2>                  <div class=\"button-list-wrap\"><div class=\"button-list button-type-basic\"><div><a class=\"css-default\" href=\"https:\/\/www.atlas.com.pl\/aktualnosc\/egzamin-z-jakosci-na-megaglebokosci\/\" target=\"_blank\"><img decoding=\"async\" lazy src=\"data:image\/gif;base64,R0lGODlhAQABAAD\/ACwAAAAAAQABAAACADs%3D\" data-src=\"https:\/\/eco3ygde435.exactdn.com\/wp-content\/uploads\/sites\/2\/2021\/07\/atlas-49.png?strip=all\" alt=\"\"><strong>Examen de calidad a gran profundidad<\/strong><\/a><\/div><div><a class=\"css-default\" href=\"https:\/\/www.atlas.com.pl\/aktualnosc\/prawo-martini-w-najglebszym-basenie-na-swiecie\/\" target=\"_blank\"><img decoding=\"async\" lazy src=\"data:image\/gif;base64,R0lGODlhAQABAAD\/ACwAAAAAAQABAAACADs%3D\" data-src=\"https:\/\/eco3ygde435.exactdn.com\/wp-content\/uploads\/sites\/2\/2021\/07\/atlas-49.png?strip=all\" alt=\"\"><strong>La &#8220;Ley de Martini&#8221; en la piscina m\u00e1s profunda del mundo<\/strong><\/a><\/div><\/div><\/div>    <\/div>\r\n  <\/div>\r\n<\/div><!-- block -->\r\n","protected":false},"excerpt":{"rendered":"","protected":false},"author":1,"featured_media":10508,"parent":27432,"menu_order":3,"comment_status":"closed","ping_status":"closed","template":"","meta":{"_acf_changed":false,"footnotes":""},"class_list":["post-10488","page","type-page","status-publish","has-post-thumbnail","hentry"],"acf":[],"_links":{"self":[{"href":"https:\/\/www.deepspot.com\/es\/wp-json\/wp\/v2\/pages\/10488","targetHints":{"allow":["GET"]}}],"collection":[{"href":"https:\/\/www.deepspot.com\/es\/wp-json\/wp\/v2\/pages"}],"about":[{"href":"https:\/\/www.deepspot.com\/es\/wp-json\/wp\/v2\/types\/page"}],"author":[{"embeddable":true,"href":"https:\/\/www.deepspot.com\/es\/wp-json\/wp\/v2\/users\/1"}],"replies":[{"embeddable":true,"href":"https:\/\/www.deepspot.com\/es\/wp-json\/wp\/v2\/comments?post=10488"}],"version-history":[{"count":28,"href":"https:\/\/www.deepspot.com\/es\/wp-json\/wp\/v2\/pages\/10488\/revisions"}],"predecessor-version":[{"id":44676,"href":"https:\/\/www.deepspot.com\/es\/wp-json\/wp\/v2\/pages\/10488\/revisions\/44676"}],"up":[{"embeddable":true,"href":"https:\/\/www.deepspot.com\/es\/wp-json\/wp\/v2\/pages\/27432"}],"wp:featuredmedia":[{"embeddable":true,"href":"https:\/\/www.deepspot.com\/es\/wp-json\/wp\/v2\/media\/10508"}],"wp:attachment":[{"href":"https:\/\/www.deepspot.com\/es\/wp-json\/wp\/v2\/media?parent=10488"}],"curies":[{"name":"wp","href":"https:\/\/api.w.org\/{rel}","templated":true}]}}