{"id":12563,"date":"2021-09-24T12:01:49","date_gmt":"2021-09-24T10:01:49","guid":{"rendered":"https:\/\/www.deepspot.com\/?page_id=12563"},"modified":"2025-09-21T15:24:44","modified_gmt":"2025-09-21T13:24:44","slug":"paquetes-de-entrada-a-scuba","status":"publish","type":"page","link":"https:\/\/www.deepspot.com\/es\/para-quien\/buceo-con-botella\/paquetes-de-entrada-a-scuba\/","title":{"rendered":"Paquetes de entrada para buceadores"},"content":{"rendered":"<div id=\"hero-block_350a4b6bb852fa5137512c2af58938ae\" class=\"hero-block\">\r\n  <div class=\"row outer-container\">\r\n    <div>\r\n      <img decoding=\"async\" lazy src=\"data:image\/gif;base64,R0lGODlhAQABAAD\/ACwAAAAAAQABAAACADs%3D\" data-src=\"https:\/\/eco3ygde435.exactdn.com\/wp-content\/uploads\/sites\/2\/2025\/06\/lplplplplplplp.jpg?strip=all\" alt=\"\">\r\n          <\/div>\r\n    <div>\r\n      <h2>PAQUETES DE ENTRADA AL BUCEO<\/h2><p>Bucee m\u00e1s por menos. Compre un paquete de entrada y bucee cuando quiera.<\/p>    <\/div>\r\n  <\/div>\r\n<\/div><!-- block -->\r\n<div id=\"product-details-block_9d2f4fc29331ebecc49bd3f2559ac6f5\" class=\"product-details-block\">\r\n  <div class=\"row container\">\r\n    <div>\r\n      <h2 class=\"title\">Descripci\u00f3n de las atracciones<\/h2>      <p class=\"desc\">Los paquetes de entrada Scuba Diver son la opci\u00f3n ideal para los afortunados poseedores de un certificado (m\u00edn. Buceador Indoor\/OWD) que desean bucear m\u00e1s a menudo: para formarse, probar el equipo o por puro placer en condiciones \u00fanicas.  <br>Cuantas m\u00e1s inmersiones planifiques con antelaci\u00f3n, menor ser\u00e1 el precio unitario. Sencillo, flexible y \u00a1exactamente como a ti te gusta!   <br><br>\r\nSum\u00e9rgete en la oferta, sobre todo si quieres:<br>\ud83e\udee7 Desarrollar habilidades de buceo en condiciones ideales<br>\ud83e\udee7 Entrenar y trabajar sistem\u00e1ticamente la t\u00e9cnica y la flotabilidad<br>\ud83e\udee7 Probar nuevos equipos antes de aventurarte en aguas abiertas<br>\ud83e\udee7 Prepararte para otros cursos o especializaciones<br>\ud83e\udee7 Bucear de forma recreativa para relajarte y estar tranquilo.<br><br>\r\n\u00bfQu\u00e9 ofrecemos?<br>Cada entrada del paquete incluye 75 minutos en el suelo de la piscina. \u00a1T\u00fa decides c\u00f3mo utilizas este tiempo! Te ofrecemos todo el equipo de buceo necesario en el precio y la flexibilidad de elegir: un paquete v\u00e1lido para el n\u00famero de meses que elijas.  <br>\r\nAcu\u00e9rdate de tu ordenador de buceo, es imprescindible para todo buceador. Si tienes uno propio, ll\u00e9valo contigo, y si no lo tienes, tranquilo, puedes alquilar un modelo Garmin in situ por 45 \u00a3\/inmersi\u00f3n. <br>\r\nEl entrenamiento se realiza siempre con un compa\u00f1ero de buceo: puedes bucear con tu compa\u00f1ero o ser asistido por nuestro instructor.<br><br>\r\nMerece la pena porque<br>\ud83e\udee7 Ahorras &#8211; cuanto mayor es el paquete, menor es el precio por entrada<br>\ud83e\udee7 T\u00fa decides &#8211; eliges la validez del paquete y planificas las fechas seg\u00fan tu propio horario<br>\ud83e\udee7 Te entrenas en la piscina m\u00e1s profunda de Europa &#8211; hasta 45 metros de profundidad<br>\ud83e\udee7 Te sumerges en condiciones ex\u00f3ticas &#8211; agua clara a 32\u00b0C<br>\ud83e\udee7 Te beneficias de un equipo moderno, y revisado regularmente<br>\ud83e\udee7 Tienes el apoyo de un experimentado equipo internacional de instructores<br>\ud83e\udee7 Es el lugar perfecto para desarrollar tu confianza y tu t\u00e9cnica.<br><br>\r\nInvierte en tu desarrollo y comodidad de buceo. Elige un paquete que se adapte a tus necesidades y utiliza Deepspot m\u00e1s a menudo, en tus propios t\u00e9rminos. <br><br><br>\r\n\u00bfQu\u00e9 merece la pena saber?<\/p>      <ul>            <li>\r\n              <p>Duraci\u00f3n<\/p>\r\n              <strong>60 minutos + 15 minutos en disco<\/strong>\r\n            <\/li>\r\n                      <li>\r\n              <p>Edad m\u00ednima<\/p>\r\n              <strong>10 a\u00f1os<\/strong>\r\n            <\/li>\r\n                      <li>\r\n              <p>Te sumergir\u00e1s hasta profundidades<\/p>\r\n              <strong>De acuerdo con los derechos<\/strong>\r\n            <\/li>\r\n                      <li>\r\n              <p>Como regalo  <\/p>\r\n              <strong>Breve v\u00eddeo de recuerdo del fotomat\u00f3n submarino<\/strong>\r\n            <\/li>\r\n                      <li>\r\n              <p>Proporcionamos<\/p>\r\n              <strong>Todo el equipo de buceo necesario. Lleva contigo s\u00f3lo ba\u00f1ador, toalla y chanclas. <\/strong>\r\n            <\/li>\r\n                      <li>\r\n              <p>No olvides<\/p>\r\n              <strong>Divi\u00e9rtete y te infundiremos toda la energ\u00eda<\/strong>\r\n            <\/li>\r\n                      <li>\r\n              <p>Precio  <\/p>\r\n              <strong>Seg\u00fan el tama\u00f1o del paquete precio por entrada: de 259 PLN a 279 PLN<\/strong>\r\n            <\/li>\r\n          <\/ul>      <div class=\"button-list-wrap\"><div class=\"button-list button-type-both\"><div><a class=\"alternate_ybb\" href=\"https:\/\/cs.deepspot.com\/offer?steps=deepspot_pro_type-scuba_deepspot-credit\" target=\"_self\"><img decoding=\"async\" lazy src=\"data:image\/gif;base64,R0lGODlhAQABAAD\/ACwAAAAAAQABAAACADs%3D\" data-src=\"https:\/\/eco3ygde435.exactdn.com\/wp-content\/uploads\/sites\/2\/2020\/08\/calendar-grid-58.png?strip=all\" alt=\"\"><strong>Zam\u00f3w sw\u00f3j pakiet<\/strong><\/a><\/div><div><a class=\"css-default\" href=\"https:\/\/www.deepspot.com\/pl\/frequently-asked-questions\/?tab=2\" target=\"_self\"><img decoding=\"async\" lazy src=\"data:image\/gif;base64,R0lGODlhAQABAAD\/ACwAAAAAAQABAAACADs%3D\" data-src=\"https:\/\/eco3ygde435.exactdn.com\/wp-content\/uploads\/sites\/2\/2020\/08\/presentation.png?strip=all\" alt=\"\"><strong>Najcz\u0119\u015bciej zadawane pytania<\/strong><\/a><\/div><\/div><\/div>    <\/div>\r\n  <\/div>\r\n<\/div><!-- block -->\r\n","protected":false},"excerpt":{"rendered":"","protected":false},"author":1,"featured_media":53480,"parent":4597,"menu_order":4,"comment_status":"closed","ping_status":"closed","template":"","meta":{"_acf_changed":false,"footnotes":""},"class_list":["post-12563","page","type-page","status-publish","has-post-thumbnail","hentry"],"acf":[],"yoast_head":"<!-- This site is optimized with the Yoast SEO plugin v27.3 - https:\/\/yoast.com\/product\/yoast-seo-wordpress\/ -->\n<title>Paquetes de entrada para buceadores | Deepspot<\/title>\n<meta name=\"description\" content=\"Paquetes de entrada para buceadores\" \/>\n<meta name=\"robots\" content=\"index, follow, max-snippet:-1, max-image-preview:large, max-video-preview:-1\" \/>\n<link rel=\"canonical\" href=\"https:\/\/www.deepspot.com\/es\/para-quien\/buceo-con-botella\/paquetes-de-entrada-a-scuba\/\" \/>\n<meta property=\"og:locale\" content=\"es_ES\" \/>\n<meta property=\"og:type\" content=\"article\" \/>\n<meta property=\"og:title\" content=\"Paquetes de entrada para buceadores | Deepspot\" \/>\n<meta property=\"og:description\" content=\"Paquetes de entrada para buceadores\" \/>\n<meta property=\"og:url\" content=\"https:\/\/www.deepspot.com\/es\/para-quien\/buceo-con-botella\/paquetes-de-entrada-a-scuba\/\" \/>\n<meta property=\"og:site_name\" content=\"Deepspot\" \/>\n<meta property=\"article:modified_time\" content=\"2025-09-21T13:24:44+00:00\" \/>\n<meta property=\"og:image\" content=\"https:\/\/eco3ygde435.exactdn.com\/wp-content\/uploads\/sites\/2\/2025\/06\/xaopqf.jpg?strip=all\" \/>\n\t<meta property=\"og:image:width\" content=\"1890\" \/>\n\t<meta property=\"og:image:height\" content=\"965\" \/>\n\t<meta property=\"og:image:type\" content=\"image\/jpeg\" \/>\n<meta name=\"twitter:card\" content=\"summary_large_image\" \/>\n<script type=\"application\/ld+json\" class=\"yoast-schema-graph\">{\"@context\":\"https:\\\/\\\/schema.org\",\"@graph\":[{\"@type\":\"WebPage\",\"@id\":\"https:\\\/\\\/www.deepspot.com\\\/es\\\/para-quien\\\/buceo-con-botella\\\/paquetes-de-entrada-a-scuba\\\/\",\"url\":\"https:\\\/\\\/www.deepspot.com\\\/es\\\/para-quien\\\/buceo-con-botella\\\/paquetes-de-entrada-a-scuba\\\/\",\"name\":\"Paquetes de entrada para buceadores | Deepspot\",\"isPartOf\":{\"@id\":\"https:\\\/\\\/www.deepspot.com\\\/pl\\\/#website\"},\"primaryImageOfPage\":{\"@id\":\"https:\\\/\\\/www.deepspot.com\\\/es\\\/para-quien\\\/buceo-con-botella\\\/paquetes-de-entrada-a-scuba\\\/#primaryimage\"},\"image\":{\"@id\":\"https:\\\/\\\/www.deepspot.com\\\/es\\\/para-quien\\\/buceo-con-botella\\\/paquetes-de-entrada-a-scuba\\\/#primaryimage\"},\"thumbnailUrl\":\"https:\\\/\\\/eco3ygde435.exactdn.com\\\/wp-content\\\/uploads\\\/sites\\\/2\\\/2025\\\/06\\\/xaopqf.jpg?strip=all\",\"datePublished\":\"2021-09-24T10:01:49+00:00\",\"dateModified\":\"2025-09-21T13:24:44+00:00\",\"description\":\"Paquetes de entrada para buceadores\",\"breadcrumb\":{\"@id\":\"https:\\\/\\\/www.deepspot.com\\\/es\\\/para-quien\\\/buceo-con-botella\\\/paquetes-de-entrada-a-scuba\\\/#breadcrumb\"},\"inLanguage\":\"es\",\"potentialAction\":[{\"@type\":\"ReadAction\",\"target\":[\"https:\\\/\\\/www.deepspot.com\\\/es\\\/para-quien\\\/buceo-con-botella\\\/paquetes-de-entrada-a-scuba\\\/\"]}]},{\"@type\":\"ImageObject\",\"inLanguage\":\"es\",\"@id\":\"https:\\\/\\\/www.deepspot.com\\\/es\\\/para-quien\\\/buceo-con-botella\\\/paquetes-de-entrada-a-scuba\\\/#primaryimage\",\"url\":\"https:\\\/\\\/eco3ygde435.exactdn.com\\\/wp-content\\\/uploads\\\/sites\\\/2\\\/2025\\\/06\\\/xaopqf.jpg?strip=all\",\"contentUrl\":\"https:\\\/\\\/eco3ygde435.exactdn.com\\\/wp-content\\\/uploads\\\/sites\\\/2\\\/2025\\\/06\\\/xaopqf.jpg?strip=all\",\"width\":1890,\"height\":965},{\"@type\":\"BreadcrumbList\",\"@id\":\"https:\\\/\\\/www.deepspot.com\\\/es\\\/para-quien\\\/buceo-con-botella\\\/paquetes-de-entrada-a-scuba\\\/#breadcrumb\",\"itemListElement\":[{\"@type\":\"ListItem\",\"position\":1,\"name\":\"Strona g\u0142\u00f3wna\",\"item\":\"https:\\\/\\\/www.deepspot.com\\\/es\\\/\"},{\"@type\":\"ListItem\",\"position\":2,\"name\":\"Para qui\u00e9n\",\"item\":\"https:\\\/\\\/www.deepspot.com\\\/es\\\/para-quien\\\/\"},{\"@type\":\"ListItem\",\"position\":3,\"name\":\"Buceo\",\"item\":\"https:\\\/\\\/www.deepspot.com\\\/es\\\/para-quien\\\/buceo-con-botella\\\/\"},{\"@type\":\"ListItem\",\"position\":4,\"name\":\"Paquetes de entrada para buceadores\"}]},{\"@type\":\"WebSite\",\"@id\":\"https:\\\/\\\/www.deepspot.com\\\/pl\\\/#website\",\"url\":\"https:\\\/\\\/www.deepspot.com\\\/pl\\\/\",\"name\":\"Deepspot\",\"description\":\"Una nueva dimensi\u00f3n en el buceo\",\"potentialAction\":[{\"@type\":\"SearchAction\",\"target\":{\"@type\":\"EntryPoint\",\"urlTemplate\":\"https:\\\/\\\/www.deepspot.com\\\/pl\\\/?s={search_term_string}\"},\"query-input\":{\"@type\":\"PropertyValueSpecification\",\"valueRequired\":true,\"valueName\":\"search_term_string\"}}],\"inLanguage\":\"es\"}]}<\/script>\n<!-- \/ Yoast SEO plugin. -->","yoast_head_json":{"title":"Paquetes de entrada para buceadores | Deepspot","description":"Paquetes de entrada para buceadores","robots":{"index":"index","follow":"follow","max-snippet":"max-snippet:-1","max-image-preview":"max-image-preview:large","max-video-preview":"max-video-preview:-1"},"canonical":"https:\/\/www.deepspot.com\/es\/para-quien\/buceo-con-botella\/paquetes-de-entrada-a-scuba\/","og_locale":"es_ES","og_type":"article","og_title":"Paquetes de entrada para buceadores | Deepspot","og_description":"Paquetes de entrada para buceadores","og_url":"https:\/\/www.deepspot.com\/es\/para-quien\/buceo-con-botella\/paquetes-de-entrada-a-scuba\/","og_site_name":"Deepspot","article_modified_time":"2025-09-21T13:24:44+00:00","og_image":[{"width":1890,"height":965,"url":"https:\/\/eco3ygde435.exactdn.com\/wp-content\/uploads\/sites\/2\/2025\/06\/xaopqf.jpg?strip=all","type":"image\/jpeg"}],"twitter_card":"summary_large_image","schema":{"@context":"https:\/\/schema.org","@graph":[{"@type":"WebPage","@id":"https:\/\/www.deepspot.com\/es\/para-quien\/buceo-con-botella\/paquetes-de-entrada-a-scuba\/","url":"https:\/\/www.deepspot.com\/es\/para-quien\/buceo-con-botella\/paquetes-de-entrada-a-scuba\/","name":"Paquetes de entrada para buceadores | Deepspot","isPartOf":{"@id":"https:\/\/www.deepspot.com\/pl\/#website"},"primaryImageOfPage":{"@id":"https:\/\/www.deepspot.com\/es\/para-quien\/buceo-con-botella\/paquetes-de-entrada-a-scuba\/#primaryimage"},"image":{"@id":"https:\/\/www.deepspot.com\/es\/para-quien\/buceo-con-botella\/paquetes-de-entrada-a-scuba\/#primaryimage"},"thumbnailUrl":"https:\/\/eco3ygde435.exactdn.com\/wp-content\/uploads\/sites\/2\/2025\/06\/xaopqf.jpg?strip=all","datePublished":"2021-09-24T10:01:49+00:00","dateModified":"2025-09-21T13:24:44+00:00","description":"Paquetes de entrada para buceadores","breadcrumb":{"@id":"https:\/\/www.deepspot.com\/es\/para-quien\/buceo-con-botella\/paquetes-de-entrada-a-scuba\/#breadcrumb"},"inLanguage":"es","potentialAction":[{"@type":"ReadAction","target":["https:\/\/www.deepspot.com\/es\/para-quien\/buceo-con-botella\/paquetes-de-entrada-a-scuba\/"]}]},{"@type":"ImageObject","inLanguage":"es","@id":"https:\/\/www.deepspot.com\/es\/para-quien\/buceo-con-botella\/paquetes-de-entrada-a-scuba\/#primaryimage","url":"https:\/\/eco3ygde435.exactdn.com\/wp-content\/uploads\/sites\/2\/2025\/06\/xaopqf.jpg?strip=all","contentUrl":"https:\/\/eco3ygde435.exactdn.com\/wp-content\/uploads\/sites\/2\/2025\/06\/xaopqf.jpg?strip=all","width":1890,"height":965},{"@type":"BreadcrumbList","@id":"https:\/\/www.deepspot.com\/es\/para-quien\/buceo-con-botella\/paquetes-de-entrada-a-scuba\/#breadcrumb","itemListElement":[{"@type":"ListItem","position":1,"name":"Strona g\u0142\u00f3wna","item":"https:\/\/www.deepspot.com\/es\/"},{"@type":"ListItem","position":2,"name":"Para qui\u00e9n","item":"https:\/\/www.deepspot.com\/es\/para-quien\/"},{"@type":"ListItem","position":3,"name":"Buceo","item":"https:\/\/www.deepspot.com\/es\/para-quien\/buceo-con-botella\/"},{"@type":"ListItem","position":4,"name":"Paquetes de entrada para buceadores"}]},{"@type":"WebSite","@id":"https:\/\/www.deepspot.com\/pl\/#website","url":"https:\/\/www.deepspot.com\/pl\/","name":"Deepspot","description":"Una nueva dimensi\u00f3n en el buceo","potentialAction":[{"@type":"SearchAction","target":{"@type":"EntryPoint","urlTemplate":"https:\/\/www.deepspot.com\/pl\/?s={search_term_string}"},"query-input":{"@type":"PropertyValueSpecification","valueRequired":true,"valueName":"search_term_string"}}],"inLanguage":"es"}]}},"_links":{"self":[{"href":"https:\/\/www.deepspot.com\/es\/wp-json\/wp\/v2\/pages\/12563","targetHints":{"allow":["GET"]}}],"collection":[{"href":"https:\/\/www.deepspot.com\/es\/wp-json\/wp\/v2\/pages"}],"about":[{"href":"https:\/\/www.deepspot.com\/es\/wp-json\/wp\/v2\/types\/page"}],"author":[{"embeddable":true,"href":"https:\/\/www.deepspot.com\/es\/wp-json\/wp\/v2\/users\/1"}],"replies":[{"embeddable":true,"href":"https:\/\/www.deepspot.com\/es\/wp-json\/wp\/v2\/comments?post=12563"}],"version-history":[{"count":23,"href":"https:\/\/www.deepspot.com\/es\/wp-json\/wp\/v2\/pages\/12563\/revisions"}],"predecessor-version":[{"id":56564,"href":"https:\/\/www.deepspot.com\/es\/wp-json\/wp\/v2\/pages\/12563\/revisions\/56564"}],"up":[{"embeddable":true,"href":"https:\/\/www.deepspot.com\/es\/wp-json\/wp\/v2\/pages\/4597"}],"wp:featuredmedia":[{"embeddable":true,"href":"https:\/\/www.deepspot.com\/es\/wp-json\/wp\/v2\/media\/53480"}],"wp:attachment":[{"href":"https:\/\/www.deepspot.com\/es\/wp-json\/wp\/v2\/media?parent=12563"}],"curies":[{"name":"wp","href":"https:\/\/api.w.org\/{rel}","templated":true}]}}